{"id":114409,"date":"2021-12-01T13:16:48","date_gmt":"2021-12-01T12:17:00","guid":{"rendered":"https:\/\/tourtravelandmore.com\/?post_type=product&#038;p=114409"},"modified":"2023-08-21T14:40:06","modified_gmt":"2023-08-21T12:40:06","slug":"visite-privee-de-la-ville-damsterdam","status":"publish","type":"product","link":"https:\/\/tourtravelandmore.com\/fr\/tours\/les-pays-bas-fr\/amsterdam-fr\/visite-privee-de-la-ville-damsterdam\/","title":{"rendered":"Visite priv\u00e9e de la ville d&#8217;Amsterdam"},"content":{"rendered":"<h2><strong>Description Tour de Ville Priv\u00e9 d&#8217;Amsterdam\u00a0<\/strong><\/h2>\n<p><span style=\"font-weight: 400;\">Vous voulez voir Amsterdam en 4 heures, accompagn\u00e9 d&#8217;un guide expert et dans le confort d&#8217;une voiture priv\u00e9e ? Cette visite est faite pour vous.\u00a0 <\/span><span style=\"font-weight: 400;\">Au cours de cette visite, vous aurez l&#8217;occasion de visiter diff\u00e9rents sites d&#8217;int\u00e9r\u00eat culturel et les points les plus historiques de cette belle ville.\u00a0<\/span><\/p>\n<p><b>D\u00e9couvrez Amsterdam \u00e0 votre propre rythme<\/b><span style=\"font-weight: 400;\">. Il suffit de convenir avec votre guide de l&#8217;heure et du lieu de ramassage pour commencer une aventure unique qui vous fera d\u00e9couvrir les 4 c\u00f4t\u00e9s d&#8217;Amsterdam.\u00a0<\/span><\/p>\n<p><span style=\"font-weight: 400;\">Vous partagerez les histoires int\u00e9ressantes des sites les plus importants, comme la maison d&#8217;Anna Frank, le quartier du canal, le quartier juif, le palais royal, la nouvelle \u00e9glise, le monument national, le couvent de Begijnhof et bien d&#8217;autres lieux de la ville.\u00a0 <\/span><span style=\"font-weight: 400;\">Notre guide priv\u00e9 vous racontera les faits les plus pertinents de chaque point, dans une <\/span><b>visite personnalis\u00e9e <\/b><span style=\"font-weight: 400;\">qui vous permettra de d\u00e9couvrir les coins les plus insolites de la Venise du Nord.\u00a0 <\/span><span style=\"font-weight: 400;\">La visite vous emm\u00e8nera par la main \u00e0 travers l&#8217;histoire pour tout apprendre sur la ville, depuis ses d\u00e9buts en tant qu&#8217;ancien village de p\u00eacheurs sur les rives de la rivi\u00e8re Amstel jusqu&#8217;\u00e0 l&#8217;Amsterdam moderne et imposante d&#8217;aujourd&#8217;hui.\u00a0<\/span><\/p>\n<p><span style=\"font-weight: 400;\">De plus, \u00e0 tout moment, le guide priv\u00e9 sera \u00e0 l&#8217;\u00e9coute de vos pr\u00e9occupations pour adapter le circuit aux lieux que vous souhaitez visiter.\u00a0 <\/span><span style=\"font-weight: 400;\">Promenez-vous dans les rues pittoresques d&#8217;Amsterdam et admirez de pr\u00e8s ses magnifiques canaux. Vous cr\u00e9erez des souvenirs in\u00e9gal\u00e9s en visitant le quartier rouge ou les \u00e9glises catholiques cach\u00e9es.\u00a0<\/span><\/p>\n<p><span style=\"font-weight: 400;\">Tout ceci et bien plus encore est inclus dans notre visite priv\u00e9e de la ville d&#8217;Amsterdam.\u00a0<\/span><\/p>\n<h2><strong>Points d&#8217;int\u00e9r\u00eat de notre Visite Priv\u00e9e<\/strong><\/h2>\n<p><span style=\"font-weight: 400;\">S&#8217;il y a une chose qui fait qu&#8217;Amsterdam se distingue, c&#8217;est qu&#8217;elle est pleine d&#8217;histoire et de culture. C&#8217;est pourquoi <\/span><b>notre visite priv\u00e9e est faite sur mesure afin d&#8217;<\/b><span style=\"font-weight: 400;\">adapter l&#8217;excursion \u00e0 vos pr\u00e9f\u00e9rences.\u00a0 <\/span><span style=\"font-weight: 400;\">L&#8217;id\u00e9e est que vous fassiez une premi\u00e8re rencontre avec la ville, de sorte que plus tard vous puissiez prolonger la visite et explorer en profondeur tous les coins d&#8217;Amsterdam.\u00a0<\/span><\/p>\n<p><span style=\"font-weight: 400;\">L&#8217;excursion en voiture priv\u00e9e comprend la visite de nombreux sites d&#8217;int\u00e9r\u00eat, comme par exemple :\u00a0<\/span><\/p>\n<p>&nbsp;<\/p>\n<h3><span style=\"font-weight: 400; color: #d3af37;\">Dam Square<\/span><\/h3>\n<p><span style=\"font-weight: 400;\">La place du Dam est l&#8217;endroit o\u00f9 se trouvait le premier barrage d&#8217;Amsterdam. C&#8217;est donc un arr\u00eat obligatoire pour conna\u00eetre le site autour duquel la ville a \u00e9t\u00e9 cr\u00e9\u00e9e.\u00a0<\/span><\/p>\n<p><span style=\"font-weight: 400;\">En outre, certains des principaux b\u00e2timents de la ville sont situ\u00e9s autour d&#8217;elle, comme le Monument national et le Palais royal.\u00a0<\/span><\/p>\n<h3><span style=\"font-weight: 400; color: #d3af37;\">Palais Royal<\/span><\/h3>\n<p><span style=\"font-weight: 400;\">Au cours de la visite, vous passerez devant le majestueux palais royal, qui a \u00e9t\u00e9 construit pendant l&#8217;\u00e2ge d&#8217;or n\u00e9erlandais.\u00a0<\/span><\/p>\n<p><span style=\"font-weight: 400;\">Tout au long de l&#8217;histoire, ce b\u00e2timent a accueilli de nombreuses familles royales n\u00e9erlandaises, qui y s\u00e9journent toujours.\u00a0<\/span><\/p>\n<p><span style=\"font-weight: 400;\">Il est situ\u00e9 en face du monument aux morts. Et la caract\u00e9ristique la plus frappante du Palais Royal est son imposante architecture classiciste, qui surprend tous les visiteurs.\u00a0\u00a0<\/span><\/p>\n<h3><span style=\"font-weight: 400; color: #d3af37;\">Monument National<\/span><\/h3>\n<p><span style=\"font-weight: 400;\">Sur la place du Dam se trouve \u00e9galement le magnifique monument national qui a \u00e9t\u00e9 \u00e9rig\u00e9 en hommage aux victimes de la Seconde Guerre mondiale.\u00a0<\/span><\/p>\n<p><span style=\"font-weight: 400;\">Vous verrez l&#8217;embl\u00e8me repr\u00e9sentant la r\u00e9sistance d&#8217;Amsterdam \u00e0 la destruction et \u00e0 l&#8217;occupation de l&#8217;Allemagne nazie. C&#8217;est un arr\u00eat un peu \u00e9mouvant pour beaucoup, mais tr\u00e8s significatif.\u00a0<\/span><\/p>\n<p>&nbsp;<\/p>\n<h3><span style=\"font-weight: 400; color: #d3af37;\">March\u00e9 Aux Fleurs<\/span><\/h3>\n<p><span style=\"font-weight: 400;\">Aucune visite d&#8217;Amsterdam ne serait compl\u00e8te sans une visite du magnifique march\u00e9 aux fleurs.\u00a0<\/span><\/p>\n<p><span style=\"font-weight: 400;\">Le go\u00fbt n\u00e9erlandais pour les fleurs se refl\u00e8te dans ce magnifique march\u00e9, qui vous captivera par la magie de ses ar\u00f4mes exquis et de ses couleurs spectaculaires.\u00a0<\/span><\/p>\n<p><span style=\"font-weight: 400;\">Dans ce march\u00e9 flottant historique sur les rives de l&#8217;Amstel, vous pouvez acheter de belles tulipes qui sont un symbole de la ville et font partie de la culture n\u00e9erlandaise. Ainsi, vous aurez un beau souvenir de votre promenade dans la ville.\u00a0<\/span><\/p>\n<p><span style=\"font-weight: 400;\">En dehors de ces points d&#8217;int\u00e9r\u00eat, vous verrez au cours de la visite d&#8217;autres sites qui sont une partie essentielle de toute visite touristique \u00e0 Amsterdam :\u00a0<\/span><\/p>\n<ul>\n<li style=\"font-weight: 400;\" aria-level=\"1\"><strong>Le couvent de Begijnhof.<\/strong><\/li>\n<li style=\"font-weight: 400;\" aria-level=\"1\"><strong>La maison d&#8217;Anna Frank.<\/strong><\/li>\n<li style=\"font-weight: 400;\" aria-level=\"1\"><strong>L&#8217;Homomonument.<\/strong><\/li>\n<li style=\"font-weight: 400;\" aria-level=\"1\"><strong>Le Red Light District.<\/strong><\/li>\n<li style=\"font-weight: 400;\" aria-level=\"1\"><strong>Nouvelle \u00e9glise.<\/strong><\/li>\n<li style=\"font-weight: 400;\" aria-level=\"1\"><strong>Et bien d&#8217;autres encore.\u00a0<\/strong><\/li>\n<\/ul>\n<p><span style=\"font-weight: 400;\">Sans aucun doute, visiter Amsterdam avec notre circuit priv\u00e9 avec guide et voiture inclus est le moyen le plus facile et le plus agr\u00e9able de conna\u00eetre ses rues pour prendre des photos, se promener et apprendre toute l&#8217;histoire qui entoure la ville.\u00a0<\/span><\/p>\n<p><span style=\"font-weight: 400;\">Il serait parfait de compl\u00e9ter votre journ\u00e9e par une <\/span><a href=\"https:\/\/tourtravelandmore.com\/fr\/tours\/les-pays-bas-fr\/amsterdam-fr\/visite-privee-du-rijksmuseum\/\"><i><span style=\"font-weight: 400;\">visite priv\u00e9e du Rijksmuseum<\/span><\/i><\/a><span style=\"font-weight: 400;\">.\u00a0 De cette fa\u00e7on, vous verrez une partie de l&#8217;h\u00e9ritage artistique et culturel de la ville.<\/span><\/p>\n","protected":false},"excerpt":{"rendered":"<p><span style=\"font-weight: 400;\">Apprenez \u00e0 conna\u00eetre <strong>Amsterdam<\/strong> \u00e0 votre propre rythme gr\u00e2ce \u00e0 une visite priv\u00e9e des diff\u00e9rentes attractions de la ville. Lors de cette visite, vous serez accompagn\u00e9 d&#8217;un guide priv\u00e9 pour d\u00e9couvrir les sites les plus uniques de la ville, comme le quartier juif, le couvent Begijnhof, la maison d&#8217;Anne Frank et bien d&#8217;autres lieux importants. Il s&#8217;agit d&#8217;une visite enti\u00e8rement personnalis\u00e9e pour que vous ne manquiez rien.<\/span><\/p>\n","protected":false},"featured_media":114428,"comment_status":"open","ping_status":"closed","template":"","meta":{"_acf_changed":false},"product_brand":[],"product_cat":[3668,3633,4003,4004],"product_tag":[],"class_list":{"0":"post-114409","1":"product","2":"type-product","3":"status-publish","4":"has-post-thumbnail","6":"product_cat-les-pays-bas-fr","7":"product_cat-amsterdam-fr","8":"product_cat-all-private-tours-activities-fr-2","9":"product_cat-private-sightseeing-tours-fr-2","11":"first","12":"instock","13":"shipping-taxable","14":"purchasable","15":"product-type-simple"},"acf":[],"yoast_head":"<!-- This site is optimized with the Yoast SEO Premium plugin v25.3.1 (Yoast SEO v25.3.1) - https:\/\/yoast.com\/wordpress\/plugins\/seo\/ -->\n<title>Tour de ville priv\u00e9 d&#039;Amsterdam avec guide et voiture priv\u00e9e<\/title>\n<meta name=\"description\" content=\"D\u00e9couvrez les lieux les plus embl\u00e9matiques et les plus int\u00e9ressants sur le plan culturel d&#039;Amsterdam lors d&#039;une visite priv\u00e9e avec voiture priv\u00e9e et guide inclus, id\u00e9ale pour vous, votre famille ou vos amis.\" \/>\n<meta name=\"robots\" content=\"index, follow, max-snippet:-1, max-image-preview:large, max-video-preview:-1\" \/>\n<link rel=\"canonical\" href=\"https:\/\/tourtravelandmore.com\/fr\/tours\/les-pays-bas-fr\/amsterdam-fr\/visite-privee-de-la-ville-damsterdam\/\" \/>\n<meta property=\"og:locale\" content=\"fr_FR\" \/>\n<meta property=\"og:type\" content=\"article\" \/>\n<meta property=\"og:title\" content=\"Visite priv\u00e9e de la ville d&#039;Amsterdam\" \/>\n<meta property=\"og:description\" content=\"D\u00e9couvrez les lieux les plus embl\u00e9matiques et les plus int\u00e9ressants sur le plan culturel d&#039;Amsterdam lors d&#039;une visite priv\u00e9e avec voiture priv\u00e9e et guide inclus, id\u00e9ale pour vous, votre famille ou vos amis.\" \/>\n<meta property=\"og:url\" content=\"https:\/\/tourtravelandmore.com\/fr\/tours\/les-pays-bas-fr\/amsterdam-fr\/visite-privee-de-la-ville-damsterdam\/\" \/>\n<meta property=\"og:site_name\" content=\"Tour Travel And More\" \/>\n<meta property=\"article:publisher\" content=\"https:\/\/www.facebook.com\/tourtravelandmore\/\" \/>\n<meta property=\"article:modified_time\" content=\"2023-08-21T12:40:06+00:00\" \/>\n<meta property=\"og:image\" content=\"https:\/\/tourtravelandmore.com\/wp-content\/uploads\/2021\/12\/image12.jpg\" \/>\n\t<meta property=\"og:image:width\" content=\"910\" \/>\n\t<meta property=\"og:image:height\" content=\"607\" \/>\n\t<meta property=\"og:image:type\" content=\"image\/jpeg\" \/>\n<meta name=\"twitter:card\" content=\"summary_large_image\" \/>\n<meta name=\"twitter:site\" content=\"@TourTravel_More\" \/>\n<meta name=\"twitter:label1\" content=\"Dur\u00e9e de lecture estim\u00e9e\" \/>\n\t<meta name=\"twitter:data1\" content=\"4 minutes\" \/>\n<script type=\"application\/ld+json\" class=\"yoast-schema-graph\">{\"@context\":\"https:\/\/schema.org\",\"@graph\":[{\"@type\":\"WebPage\",\"@id\":\"https:\/\/tourtravelandmore.com\/fr\/tours\/les-pays-bas-fr\/amsterdam-fr\/visite-privee-de-la-ville-damsterdam\/\",\"url\":\"https:\/\/tourtravelandmore.com\/fr\/tours\/les-pays-bas-fr\/amsterdam-fr\/visite-privee-de-la-ville-damsterdam\/\",\"name\":\"Tour de ville priv\u00e9 d'Amsterdam avec guide et voiture priv\u00e9e\",\"isPartOf\":{\"@id\":\"https:\/\/tourtravelandmore.com\/fr\/#website\"},\"primaryImageOfPage\":{\"@id\":\"https:\/\/tourtravelandmore.com\/fr\/tours\/les-pays-bas-fr\/amsterdam-fr\/visite-privee-de-la-ville-damsterdam\/#primaryimage\"},\"image\":{\"@id\":\"https:\/\/tourtravelandmore.com\/fr\/tours\/les-pays-bas-fr\/amsterdam-fr\/visite-privee-de-la-ville-damsterdam\/#primaryimage\"},\"thumbnailUrl\":\"https:\/\/tourtravelandmore.com\/wp-content\/uploads\/2021\/12\/image12.jpg\",\"datePublished\":\"2021-12-01T12:17:00+00:00\",\"dateModified\":\"2023-08-21T12:40:06+00:00\",\"description\":\"D\u00e9couvrez les lieux les plus embl\u00e9matiques et les plus int\u00e9ressants sur le plan culturel d'Amsterdam lors d'une visite priv\u00e9e avec voiture priv\u00e9e et guide inclus, id\u00e9ale pour vous, votre famille ou vos amis.\",\"breadcrumb\":{\"@id\":\"https:\/\/tourtravelandmore.com\/fr\/tours\/les-pays-bas-fr\/amsterdam-fr\/visite-privee-de-la-ville-damsterdam\/#breadcrumb\"},\"inLanguage\":\"fr-FR\",\"potentialAction\":[{\"@type\":\"ReadAction\",\"target\":[\"https:\/\/tourtravelandmore.com\/fr\/tours\/les-pays-bas-fr\/amsterdam-fr\/visite-privee-de-la-ville-damsterdam\/\"]}]},{\"@type\":\"ImageObject\",\"inLanguage\":\"fr-FR\",\"@id\":\"https:\/\/tourtravelandmore.com\/fr\/tours\/les-pays-bas-fr\/amsterdam-fr\/visite-privee-de-la-ville-damsterdam\/#primaryimage\",\"url\":\"https:\/\/tourtravelandmore.com\/wp-content\/uploads\/2021\/12\/image12.jpg\",\"contentUrl\":\"https:\/\/tourtravelandmore.com\/wp-content\/uploads\/2021\/12\/image12.jpg\",\"width\":910,\"height\":607},{\"@type\":\"BreadcrumbList\",\"@id\":\"https:\/\/tourtravelandmore.com\/fr\/tours\/les-pays-bas-fr\/amsterdam-fr\/visite-privee-de-la-ville-damsterdam\/#breadcrumb\",\"itemListElement\":[{\"@type\":\"ListItem\",\"position\":1,\"name\":\"Home\",\"item\":\"https:\/\/tourtravelandmore.com\/fr\/\"},{\"@type\":\"ListItem\",\"position\":2,\"name\":\"Tours\",\"item\":\"https:\/\/tourtravelandmore.com\/fr\/tours\/\"},{\"@type\":\"ListItem\",\"position\":3,\"name\":\"Visite priv\u00e9e de la ville d&rsquo;Amsterdam\"}]},{\"@type\":\"WebSite\",\"@id\":\"https:\/\/tourtravelandmore.com\/fr\/#website\",\"url\":\"https:\/\/tourtravelandmore.com\/fr\/\",\"name\":\"Tour Travel And More\",\"description\":\"Private sightseeing tours and luxury transfers in Spain\",\"publisher\":{\"@id\":\"https:\/\/tourtravelandmore.com\/fr\/#organization\"},\"potentialAction\":[{\"@type\":\"SearchAction\",\"target\":{\"@type\":\"EntryPoint\",\"urlTemplate\":\"https:\/\/tourtravelandmore.com\/fr\/?s={search_term_string}\"},\"query-input\":{\"@type\":\"PropertyValueSpecification\",\"valueRequired\":true,\"valueName\":\"search_term_string\"}}],\"inLanguage\":\"fr-FR\"},{\"@type\":\"Organization\",\"@id\":\"https:\/\/tourtravelandmore.com\/fr\/#organization\",\"name\":\"Tour Travel And More\",\"url\":\"https:\/\/tourtravelandmore.com\/fr\/\",\"logo\":{\"@type\":\"ImageObject\",\"inLanguage\":\"fr-FR\",\"@id\":\"https:\/\/tourtravelandmore.com\/fr\/#\/schema\/logo\/image\/\",\"url\":\"https:\/\/tourtravelandmore.com\/wp-content\/uploads\/2022\/12\/cropped-logo-cabecera-new.png\",\"contentUrl\":\"https:\/\/tourtravelandmore.com\/wp-content\/uploads\/2022\/12\/cropped-logo-cabecera-new.png\",\"width\":430,\"height\":61,\"caption\":\"Tour Travel And More\"},\"image\":{\"@id\":\"https:\/\/tourtravelandmore.com\/fr\/#\/schema\/logo\/image\/\"},\"sameAs\":[\"https:\/\/www.facebook.com\/tourtravelandmore\/\",\"https:\/\/x.com\/TourTravel_More\"]}]}<\/script>\n<!-- \/ Yoast SEO Premium plugin. -->","yoast_head_json":{"title":"Tour de ville priv\u00e9 d'Amsterdam avec guide et voiture priv\u00e9e","description":"D\u00e9couvrez les lieux les plus embl\u00e9matiques et les plus int\u00e9ressants sur le plan culturel d'Amsterdam lors d'une visite priv\u00e9e avec voiture priv\u00e9e et guide inclus, id\u00e9ale pour vous, votre famille ou vos amis.","robots":{"index":"index","follow":"follow","max-snippet":"max-snippet:-1","max-image-preview":"max-image-preview:large","max-video-preview":"max-video-preview:-1"},"canonical":"https:\/\/tourtravelandmore.com\/fr\/tours\/les-pays-bas-fr\/amsterdam-fr\/visite-privee-de-la-ville-damsterdam\/","og_locale":"fr_FR","og_type":"article","og_title":"Visite priv\u00e9e de la ville d'Amsterdam","og_description":"D\u00e9couvrez les lieux les plus embl\u00e9matiques et les plus int\u00e9ressants sur le plan culturel d'Amsterdam lors d'une visite priv\u00e9e avec voiture priv\u00e9e et guide inclus, id\u00e9ale pour vous, votre famille ou vos amis.","og_url":"https:\/\/tourtravelandmore.com\/fr\/tours\/les-pays-bas-fr\/amsterdam-fr\/visite-privee-de-la-ville-damsterdam\/","og_site_name":"Tour Travel And More","article_publisher":"https:\/\/www.facebook.com\/tourtravelandmore\/","article_modified_time":"2023-08-21T12:40:06+00:00","og_image":[{"width":910,"height":607,"url":"https:\/\/tourtravelandmore.com\/wp-content\/uploads\/2021\/12\/image12.jpg","type":"image\/jpeg"}],"twitter_card":"summary_large_image","twitter_site":"@TourTravel_More","twitter_misc":{"Dur\u00e9e de lecture estim\u00e9e":"4 minutes"},"schema":{"@context":"https:\/\/schema.org","@graph":[{"@type":"WebPage","@id":"https:\/\/tourtravelandmore.com\/fr\/tours\/les-pays-bas-fr\/amsterdam-fr\/visite-privee-de-la-ville-damsterdam\/","url":"https:\/\/tourtravelandmore.com\/fr\/tours\/les-pays-bas-fr\/amsterdam-fr\/visite-privee-de-la-ville-damsterdam\/","name":"Tour de ville priv\u00e9 d'Amsterdam avec guide et voiture priv\u00e9e","isPartOf":{"@id":"https:\/\/tourtravelandmore.com\/fr\/#website"},"primaryImageOfPage":{"@id":"https:\/\/tourtravelandmore.com\/fr\/tours\/les-pays-bas-fr\/amsterdam-fr\/visite-privee-de-la-ville-damsterdam\/#primaryimage"},"image":{"@id":"https:\/\/tourtravelandmore.com\/fr\/tours\/les-pays-bas-fr\/amsterdam-fr\/visite-privee-de-la-ville-damsterdam\/#primaryimage"},"thumbnailUrl":"https:\/\/tourtravelandmore.com\/wp-content\/uploads\/2021\/12\/image12.jpg","datePublished":"2021-12-01T12:17:00+00:00","dateModified":"2023-08-21T12:40:06+00:00","description":"D\u00e9couvrez les lieux les plus embl\u00e9matiques et les plus int\u00e9ressants sur le plan culturel d'Amsterdam lors d'une visite priv\u00e9e avec voiture priv\u00e9e et guide inclus, id\u00e9ale pour vous, votre famille ou vos amis.","breadcrumb":{"@id":"https:\/\/tourtravelandmore.com\/fr\/tours\/les-pays-bas-fr\/amsterdam-fr\/visite-privee-de-la-ville-damsterdam\/#breadcrumb"},"inLanguage":"fr-FR","potentialAction":[{"@type":"ReadAction","target":["https:\/\/tourtravelandmore.com\/fr\/tours\/les-pays-bas-fr\/amsterdam-fr\/visite-privee-de-la-ville-damsterdam\/"]}]},{"@type":"ImageObject","inLanguage":"fr-FR","@id":"https:\/\/tourtravelandmore.com\/fr\/tours\/les-pays-bas-fr\/amsterdam-fr\/visite-privee-de-la-ville-damsterdam\/#primaryimage","url":"https:\/\/tourtravelandmore.com\/wp-content\/uploads\/2021\/12\/image12.jpg","contentUrl":"https:\/\/tourtravelandmore.com\/wp-content\/uploads\/2021\/12\/image12.jpg","width":910,"height":607},{"@type":"BreadcrumbList","@id":"https:\/\/tourtravelandmore.com\/fr\/tours\/les-pays-bas-fr\/amsterdam-fr\/visite-privee-de-la-ville-damsterdam\/#breadcrumb","itemListElement":[{"@type":"ListItem","position":1,"name":"Home","item":"https:\/\/tourtravelandmore.com\/fr\/"},{"@type":"ListItem","position":2,"name":"Tours","item":"https:\/\/tourtravelandmore.com\/fr\/tours\/"},{"@type":"ListItem","position":3,"name":"Visite priv\u00e9e de la ville d&rsquo;Amsterdam"}]},{"@type":"WebSite","@id":"https:\/\/tourtravelandmore.com\/fr\/#website","url":"https:\/\/tourtravelandmore.com\/fr\/","name":"Tour Travel And More","description":"Private sightseeing tours and luxury transfers in Spain","publisher":{"@id":"https:\/\/tourtravelandmore.com\/fr\/#organization"},"potentialAction":[{"@type":"SearchAction","target":{"@type":"EntryPoint","urlTemplate":"https:\/\/tourtravelandmore.com\/fr\/?s={search_term_string}"},"query-input":{"@type":"PropertyValueSpecification","valueRequired":true,"valueName":"search_term_string"}}],"inLanguage":"fr-FR"},{"@type":"Organization","@id":"https:\/\/tourtravelandmore.com\/fr\/#organization","name":"Tour Travel And More","url":"https:\/\/tourtravelandmore.com\/fr\/","logo":{"@type":"ImageObject","inLanguage":"fr-FR","@id":"https:\/\/tourtravelandmore.com\/fr\/#\/schema\/logo\/image\/","url":"https:\/\/tourtravelandmore.com\/wp-content\/uploads\/2022\/12\/cropped-logo-cabecera-new.png","contentUrl":"https:\/\/tourtravelandmore.com\/wp-content\/uploads\/2022\/12\/cropped-logo-cabecera-new.png","width":430,"height":61,"caption":"Tour Travel And More"},"image":{"@id":"https:\/\/tourtravelandmore.com\/fr\/#\/schema\/logo\/image\/"},"sameAs":["https:\/\/www.facebook.com\/tourtravelandmore\/","https:\/\/x.com\/TourTravel_More"]}]}},"_links":{"self":[{"href":"https:\/\/tourtravelandmore.com\/fr\/wp-json\/wp\/v2\/product\/114409","targetHints":{"allow":["GET"]}}],"collection":[{"href":"https:\/\/tourtravelandmore.com\/fr\/wp-json\/wp\/v2\/product"}],"about":[{"href":"https:\/\/tourtravelandmore.com\/fr\/wp-json\/wp\/v2\/types\/product"}],"replies":[{"embeddable":true,"href":"https:\/\/tourtravelandmore.com\/fr\/wp-json\/wp\/v2\/comments?post=114409"}],"wp:featuredmedia":[{"embeddable":true,"href":"https:\/\/tourtravelandmore.com\/fr\/wp-json\/wp\/v2\/media\/114428"}],"wp:attachment":[{"href":"https:\/\/tourtravelandmore.com\/fr\/wp-json\/wp\/v2\/media?parent=114409"}],"wp:term":[{"taxonomy":"product_brand","embeddable":true,"href":"https:\/\/tourtravelandmore.com\/fr\/wp-json\/wp\/v2\/product_brand?post=114409"},{"taxonomy":"product_cat","embeddable":true,"href":"https:\/\/tourtravelandmore.com\/fr\/wp-json\/wp\/v2\/product_cat?post=114409"},{"taxonomy":"product_tag","embeddable":true,"href":"https:\/\/tourtravelandmore.com\/fr\/wp-json\/wp\/v2\/product_tag?post=114409"}],"curies":[{"name":"wp","href":"https:\/\/api.w.org\/{rel}","templated":true}]}}