{"id":114258,"date":"2021-11-29T13:25:57","date_gmt":"2021-11-29T12:26:08","guid":{"rendered":"https:\/\/tourtravelandmore.com\/?post_type=product&#038;p=114258"},"modified":"2021-12-06T17:07:45","modified_gmt":"2021-12-06T16:07:45","slug":"visite-privee-de-la-haye-et-de-rotterdam","status":"publish","type":"product","link":"https:\/\/tourtravelandmore.com\/fr\/tours\/les-pays-bas-fr\/amsterdam-fr\/visite-privee-de-la-haye-et-de-rotterdam\/","title":{"rendered":"Visite priv\u00e9e de La Haye et de Rotterdam"},"content":{"rendered":"<h2><strong>Description de la visite priv\u00e9e de La Haye et de Rotterdam<\/strong><\/h2>\n<h2><\/h2>\n<p><span style=\"font-weight: 400;\">S&#8217;il y a quelque chose d&#8217;admirable aux Pays-Bas, c&#8217;est qu&#8217;ils regorgent des quatre c\u00f4t\u00e9s d&#8217;une beaut\u00e9 sans pareille et de sites d&#8217;int\u00e9r\u00eat divers.\u00a0<\/span><\/p>\n<p><span style=\"font-weight: 400;\">C&#8217;est pourquoi, dans cette visite priv\u00e9e, nous vous emm\u00e8nerons d\u00e9couvrir 2 villes de grande importance en Hollande : Rotterdam et La Haye.\u00a0<\/span><\/p>\n<p><span style=\"font-weight: 400;\">Il s&#8217;agit d&#8217;<\/span><b>une visite enti\u00e8rement personnalis\u00e9e<\/b><span style=\"font-weight: 400;\">, dans laquelle vous pouvez convenir avec le guide du lieu et de l&#8217;heure de prise en charge pour commencer une aventure qui sera inoubliable.\u00a0<\/span><\/p>\n<p><span style=\"font-weight: 400;\">La visite de La Haye et de Rotterdam sera une combinaison parfaite pour vous permettre d&#8217;appr\u00e9cier comment l&#8217;architecture moderne et dynamique de Rotterdam se m\u00eale aux b\u00e2timents \u00e9l\u00e9gants et anciens de La Haye, qui vous transporteront directement au XVIIe si\u00e8cle.\u00a0<\/span><\/p>\n<p><b>La visite dure 8 heures<\/b><span style=\"font-weight: 400;\">, pendant lesquelles vous serez accompagn\u00e9 d&#8217;un guide expert qui vous fournira \u00e0 tout moment des informations d&#8217;int\u00e9r\u00eat, ainsi que les donn\u00e9es historiques les plus importantes de chaque point que vous verrez le long de l&#8217;itin\u00e9raire.\u00a0<\/span><\/p>\n<p><span style=\"font-weight: 400;\">Pendant ces 8 heures, vous serez \u00e0 bord d&#8217;une voiture confortable et exclusive. Vous b\u00e9n\u00e9ficierez \u00e9galement de diff\u00e9rentes visites \u00e0 pied afin de ne rien laisser de c\u00f4t\u00e9.\u00a0<\/span><\/p>\n<p><span style=\"font-weight: 400;\">Vous visiterez en une journ\u00e9e deux des villes n\u00e9erlandaises les plus c\u00e9l\u00e8bres au monde. Et tout cela dans le confort d&#8217;une visite priv\u00e9e avec guide et voiture priv\u00e9e inclus.\u00a0<\/span><\/p>\n<h2><\/h2>\n<h3><span style=\"font-weight: 400; color: #d3af37;\">Points d&#8217;int\u00e9r\u00eat de la Visite Priv\u00e9e<\/span><\/h3>\n<p><span style=\"font-weight: 400;\">Profitez de cette occasion unique de <\/span><b>d\u00e9couvrir le meilleur de la Hollande m\u00e9ridionale <\/b><span style=\"font-weight: 400;\">en participant \u00e0 notre visite priv\u00e9e de La Haye et de Rotterdam.\u00a0<\/span><\/p>\n<p><span style=\"font-weight: 400;\">Vous d\u00e9couvrirez ainsi l&#8217;impressionnante transformation que la ville de Rotterdam a subie au fil du temps et, dans le m\u00eame temps, vous pourrez vous rapprocher de la majest\u00e9 de La Haye, connue comme la grande ville de la justice et du droit.\u00a0<\/span><\/p>\n<h3><span style=\"font-weight: 400; color: #d3af37;\">Rotterdam<\/span><\/h3>\n<p><span style=\"font-weight: 400;\">Rotterdam sera la premi\u00e8re \u00e9tape de cette visite priv\u00e9e. Il faut savoir tout de suite que cette ville a d\u00fb \u00eatre enti\u00e8rement reconstruite apr\u00e8s la Seconde Guerre mondiale.\u00a0<\/span><\/p>\n<p><span style=\"font-weight: 400;\">C&#8217;est pourquoi son architecture est tr\u00e8s diff\u00e9rente de celle de presque toutes les villes europ\u00e9ennes, car elle pr\u00e9sente des b\u00e2timents contemporains et modernes qui brisent le moule de l&#8217;architecture europ\u00e9enne traditionnelle.\u00a0<\/span><\/p>\n<p><span style=\"font-weight: 400;\">Le guide vous emm\u00e8nera en voiture dans les rues de la ville pour admirer ses magnifiques b\u00e2timents d&#8217;avant-garde.\u00a0<\/span><\/p>\n<p><span style=\"font-weight: 400;\">Au cours de cette visite, vous comprendrez pourquoi Rootterdam est consid\u00e9r\u00e9 comme le berceau de l&#8217;architecture moderne dans toute la Hollande.\u00a0<\/span><\/p>\n<p><span style=\"font-weight: 400;\">Vous apprendrez \u00e9galement \u00e0 conna\u00eetre les points embl\u00e9matiques suivants :\u00a0<\/span><\/p>\n<ul>\n<li style=\"font-weight: 400;\" aria-level=\"1\"><strong>Les Maisons Cube<\/strong><\/li>\n<li style=\"font-weight: 400;\" aria-level=\"1\"><strong>Le port<\/strong><\/li>\n<li style=\"font-weight: 400;\" aria-level=\"1\"><strong>Le pont Erasmus de Rotterdam<\/strong><\/li>\n<li style=\"font-weight: 400;\" aria-level=\"1\"><strong>Euromast<\/strong><\/li>\n<li style=\"font-weight: 400;\" aria-level=\"1\"><strong>Le Mus\u00e9e Maurithuis<\/strong><\/li>\n<\/ul>\n<p><span style=\"font-weight: 400;\">Toute cette visite se fera en compagnie du guide et dans une voiture priv\u00e9e confortable qui sera enti\u00e8rement \u00e0 votre disposition.\u00a0<\/span><\/p>\n<h2><\/h2>\n<h3><span style=\"font-weight: 400; color: #d3af37;\">La Haye\u00a0<\/span><\/h3>\n<p><span style=\"font-weight: 400;\">La Haye est connue, entre autres, comme la capitale administrative des Pays-Bas. Elle abrite la c\u00e9l\u00e8bre Cour internationale de La Haye.\u00a0<\/span><\/p>\n<p><span style=\"font-weight: 400;\">Lors de notre visite priv\u00e9e, vous verrez les b\u00e2timents qui sont le si\u00e8ge du Parlement et qui sont consid\u00e9r\u00e9s comme le plus ancien complexe parlementaire du monde.\u00a0<\/span><\/p>\n<p><span style=\"font-weight: 400;\">La voiture vous emm\u00e8nera pour une promenade exclusive \u00e0 travers de grandes avenues, d&#8217;impressionnantes ambassades et divers b\u00e2timents qui \u00e9blouissent par leur majest\u00e9.\u00a0<\/span><\/p>\n<p><span style=\"font-weight: 400;\">Parall\u00e8lement \u00e0 toutes ces constructions, vous appr\u00e9cierez \u00e9galement un nombre infini d&#8217;espaces verts d&#8217;une beaut\u00e9 exquise qui vous invitent \u00e0 la d\u00e9tente.\u00a0<\/span><\/p>\n<p><span style=\"font-weight: 400;\">Le pass\u00e9 historique de La Haye est fascinant. Le guide vous fera donc d\u00e9couvrir l&#8217;histoire de la ville, qui comprend une partie de la vie de grands artistes tels que le grand Vincent Van Gogh.<\/span><\/p>\n<p><span style=\"font-weight: 400;\">Vous aurez l&#8217;occasion de visiter le Palais royal et le Parlement n\u00e9erlandais, qui sont situ\u00e9s dans le prestigieux quartier de Binnenhof.\u00a0<\/span><\/p>\n<p><span style=\"font-weight: 400;\">En outre, vous verrez d&#8217;autres sites d&#8217;int\u00e9r\u00eat tels que :\u00a0<\/span><\/p>\n<ul>\n<li style=\"font-weight: 400;\" aria-level=\"1\"><strong>Le mus\u00e9e Escher<\/strong><\/li>\n<li style=\"font-weight: 400;\" aria-level=\"1\"><strong>Palais Noordeinde<\/strong><\/li>\n<li style=\"font-weight: 400;\" aria-level=\"1\"><strong>Les cours cach\u00e9es<\/strong><\/li>\n<li style=\"font-weight: 400;\" aria-level=\"1\"><strong>Les \u00e9curies royales<\/strong><\/li>\n<li style=\"font-weight: 400;\" aria-level=\"1\"><strong>La vieille ville de La Haye<\/strong><\/li>\n<li style=\"font-weight: 400;\" aria-level=\"1\"><strong>Parmi beaucoup d&#8217;autres.\u00a0<\/strong><\/li>\n<\/ul>\n<p><span style=\"font-weight: 400;\">Votre visite \u00e0 La Haye culminera de mani\u00e8re majestueuse, puisque nous vous emm\u00e8nerons au si\u00e8ge du magnifique b\u00e2timent qui abrite la Cour p\u00e9nale internationale. L\u00e0, vous pourrez prendre certaines des photos les plus marquantes de tout le voyage.\u00a0<\/span><\/p>\n<p><span style=\"font-weight: 400;\">Il serait \u00e9galement int\u00e9ressant que, pendant vos vacances, vous louiez une <\/span><a href=\"https:\/\/tourtravelandmore.com\/fr\/tours\/les-pays-bas-fr\/amsterdam-fr\/visite-privee-de-delft-et-leyde-au-depart-damsterdam\/\"><span style=\"font-weight: 400;\">excursion priv\u00e9e \u00e0 Delft au d\u00e9part d&#8217;Amsterdam<\/span><\/a><span style=\"font-weight: 400;\">, afin que vous puissiez finir de visiter les villes les plus importantes des Pays-Bas dans leur int\u00e9gralit\u00e9.\u00a0<\/span><\/p>\n","protected":false},"excerpt":{"rendered":"<p><span style=\"font-weight: 400;\">Profitez de votre s\u00e9jour \u00e0 Amsterdam pour faire connaissance avec deux belles villes europ\u00e9ennes gr\u00e2ce \u00e0 notre visite priv\u00e9e de La Haye et Rotterdam. Visitez l&#8217;imposante ville de La Haye pour voir le mus\u00e9e Escher, le palais Noordeinde, entre autres monuments. Ensuite, nous visiterons Rotterdam pour voir son port et ses embl\u00e9matiques maisons cubiques. Le tout dans le cadre d&#8217;une visite personnalis\u00e9e de 8 heures avec guide et voiture priv\u00e9e inclus. <\/span><\/p>\n","protected":false},"featured_media":114280,"comment_status":"open","ping_status":"closed","template":"","meta":{"_acf_changed":false},"product_brand":[],"product_cat":[3668,3633,4003,4004],"product_tag":[],"class_list":{"0":"post-114258","1":"product","2":"type-product","3":"status-publish","4":"has-post-thumbnail","6":"product_cat-les-pays-bas-fr","7":"product_cat-amsterdam-fr","8":"product_cat-all-private-tours-activities-fr-2","9":"product_cat-private-sightseeing-tours-fr-2","11":"first","12":"instock","13":"shipping-taxable","14":"purchasable","15":"product-type-simple"},"acf":[],"yoast_head":"<!-- This site is optimized with the Yoast SEO Premium plugin v25.3.1 (Yoast SEO v25.3.1) - https:\/\/yoast.com\/wordpress\/plugins\/seo\/ -->\n<title>Visite priv\u00e9e avec guide et voiture priv\u00e9e \u00e0 La Haye et Rotterdam<\/title>\n<meta name=\"description\" content=\"Apprenez \u00e0 conna\u00eetre deux des plus importantes villes de Hollande lors d&#039;une visite priv\u00e9e avec guide et voiture priv\u00e9e \u00e0 La Haye et Rotterdam. Une visite o\u00f9 se m\u00ealent tradition et modernit\u00e9.\" \/>\n<meta name=\"robots\" content=\"index, follow, max-snippet:-1, max-image-preview:large, max-video-preview:-1\" \/>\n<link rel=\"canonical\" href=\"https:\/\/tourtravelandmore.com\/fr\/tours\/les-pays-bas-fr\/amsterdam-fr\/visite-privee-de-la-haye-et-de-rotterdam\/\" \/>\n<meta property=\"og:locale\" content=\"fr_FR\" \/>\n<meta property=\"og:type\" content=\"article\" \/>\n<meta property=\"og:title\" content=\"Visite priv\u00e9e de La Haye et de Rotterdam\" \/>\n<meta property=\"og:description\" content=\"Apprenez \u00e0 conna\u00eetre deux des plus importantes villes de Hollande lors d&#039;une visite priv\u00e9e avec guide et voiture priv\u00e9e \u00e0 La Haye et Rotterdam. Une visite o\u00f9 se m\u00ealent tradition et modernit\u00e9.\" \/>\n<meta property=\"og:url\" content=\"https:\/\/tourtravelandmore.com\/fr\/tours\/les-pays-bas-fr\/amsterdam-fr\/visite-privee-de-la-haye-et-de-rotterdam\/\" \/>\n<meta property=\"og:site_name\" content=\"Tour Travel And More\" \/>\n<meta property=\"article:publisher\" content=\"https:\/\/www.facebook.com\/tourtravelandmore\/\" \/>\n<meta property=\"article:modified_time\" content=\"2021-12-06T16:07:45+00:00\" \/>\n<meta property=\"og:image\" content=\"https:\/\/tourtravelandmore.com\/wp-content\/uploads\/2021\/11\/image49.jpg\" \/>\n\t<meta property=\"og:image:width\" content=\"910\" \/>\n\t<meta property=\"og:image:height\" content=\"607\" \/>\n\t<meta property=\"og:image:type\" content=\"image\/jpeg\" \/>\n<meta name=\"twitter:card\" content=\"summary_large_image\" \/>\n<meta name=\"twitter:site\" content=\"@TourTravel_More\" \/>\n<meta name=\"twitter:label1\" content=\"Dur\u00e9e de lecture estim\u00e9e\" \/>\n\t<meta name=\"twitter:data1\" content=\"4 minutes\" \/>\n<script type=\"application\/ld+json\" class=\"yoast-schema-graph\">{\"@context\":\"https:\/\/schema.org\",\"@graph\":[{\"@type\":\"WebPage\",\"@id\":\"https:\/\/tourtravelandmore.com\/fr\/tours\/les-pays-bas-fr\/amsterdam-fr\/visite-privee-de-la-haye-et-de-rotterdam\/\",\"url\":\"https:\/\/tourtravelandmore.com\/fr\/tours\/les-pays-bas-fr\/amsterdam-fr\/visite-privee-de-la-haye-et-de-rotterdam\/\",\"name\":\"Visite priv\u00e9e avec guide et voiture priv\u00e9e \u00e0 La Haye et Rotterdam\",\"isPartOf\":{\"@id\":\"https:\/\/tourtravelandmore.com\/fr\/#website\"},\"primaryImageOfPage\":{\"@id\":\"https:\/\/tourtravelandmore.com\/fr\/tours\/les-pays-bas-fr\/amsterdam-fr\/visite-privee-de-la-haye-et-de-rotterdam\/#primaryimage\"},\"image\":{\"@id\":\"https:\/\/tourtravelandmore.com\/fr\/tours\/les-pays-bas-fr\/amsterdam-fr\/visite-privee-de-la-haye-et-de-rotterdam\/#primaryimage\"},\"thumbnailUrl\":\"https:\/\/tourtravelandmore.com\/wp-content\/uploads\/2021\/11\/image49.jpg\",\"datePublished\":\"2021-11-29T12:26:08+00:00\",\"dateModified\":\"2021-12-06T16:07:45+00:00\",\"description\":\"Apprenez \u00e0 conna\u00eetre deux des plus importantes villes de Hollande lors d'une visite priv\u00e9e avec guide et voiture priv\u00e9e \u00e0 La Haye et Rotterdam. Une visite o\u00f9 se m\u00ealent tradition et modernit\u00e9.\",\"breadcrumb\":{\"@id\":\"https:\/\/tourtravelandmore.com\/fr\/tours\/les-pays-bas-fr\/amsterdam-fr\/visite-privee-de-la-haye-et-de-rotterdam\/#breadcrumb\"},\"inLanguage\":\"fr-FR\",\"potentialAction\":[{\"@type\":\"ReadAction\",\"target\":[\"https:\/\/tourtravelandmore.com\/fr\/tours\/les-pays-bas-fr\/amsterdam-fr\/visite-privee-de-la-haye-et-de-rotterdam\/\"]}]},{\"@type\":\"ImageObject\",\"inLanguage\":\"fr-FR\",\"@id\":\"https:\/\/tourtravelandmore.com\/fr\/tours\/les-pays-bas-fr\/amsterdam-fr\/visite-privee-de-la-haye-et-de-rotterdam\/#primaryimage\",\"url\":\"https:\/\/tourtravelandmore.com\/wp-content\/uploads\/2021\/11\/image49.jpg\",\"contentUrl\":\"https:\/\/tourtravelandmore.com\/wp-content\/uploads\/2021\/11\/image49.jpg\",\"width\":910,\"height\":607},{\"@type\":\"BreadcrumbList\",\"@id\":\"https:\/\/tourtravelandmore.com\/fr\/tours\/les-pays-bas-fr\/amsterdam-fr\/visite-privee-de-la-haye-et-de-rotterdam\/#breadcrumb\",\"itemListElement\":[{\"@type\":\"ListItem\",\"position\":1,\"name\":\"Home\",\"item\":\"https:\/\/tourtravelandmore.com\/fr\/\"},{\"@type\":\"ListItem\",\"position\":2,\"name\":\"Tours\",\"item\":\"https:\/\/tourtravelandmore.com\/fr\/tours\/\"},{\"@type\":\"ListItem\",\"position\":3,\"name\":\"Visite priv\u00e9e de La Haye et de Rotterdam\"}]},{\"@type\":\"WebSite\",\"@id\":\"https:\/\/tourtravelandmore.com\/fr\/#website\",\"url\":\"https:\/\/tourtravelandmore.com\/fr\/\",\"name\":\"Tour Travel And More\",\"description\":\"Private sightseeing tours and luxury transfers in Spain\",\"publisher\":{\"@id\":\"https:\/\/tourtravelandmore.com\/fr\/#organization\"},\"potentialAction\":[{\"@type\":\"SearchAction\",\"target\":{\"@type\":\"EntryPoint\",\"urlTemplate\":\"https:\/\/tourtravelandmore.com\/fr\/?s={search_term_string}\"},\"query-input\":{\"@type\":\"PropertyValueSpecification\",\"valueRequired\":true,\"valueName\":\"search_term_string\"}}],\"inLanguage\":\"fr-FR\"},{\"@type\":\"Organization\",\"@id\":\"https:\/\/tourtravelandmore.com\/fr\/#organization\",\"name\":\"Tour Travel And More\",\"url\":\"https:\/\/tourtravelandmore.com\/fr\/\",\"logo\":{\"@type\":\"ImageObject\",\"inLanguage\":\"fr-FR\",\"@id\":\"https:\/\/tourtravelandmore.com\/fr\/#\/schema\/logo\/image\/\",\"url\":\"https:\/\/tourtravelandmore.com\/wp-content\/uploads\/2022\/12\/cropped-logo-cabecera-new.png\",\"contentUrl\":\"https:\/\/tourtravelandmore.com\/wp-content\/uploads\/2022\/12\/cropped-logo-cabecera-new.png\",\"width\":430,\"height\":61,\"caption\":\"Tour Travel And More\"},\"image\":{\"@id\":\"https:\/\/tourtravelandmore.com\/fr\/#\/schema\/logo\/image\/\"},\"sameAs\":[\"https:\/\/www.facebook.com\/tourtravelandmore\/\",\"https:\/\/x.com\/TourTravel_More\"]}]}<\/script>\n<!-- \/ Yoast SEO Premium plugin. -->","yoast_head_json":{"title":"Visite priv\u00e9e avec guide et voiture priv\u00e9e \u00e0 La Haye et Rotterdam","description":"Apprenez \u00e0 conna\u00eetre deux des plus importantes villes de Hollande lors d'une visite priv\u00e9e avec guide et voiture priv\u00e9e \u00e0 La Haye et Rotterdam. Une visite o\u00f9 se m\u00ealent tradition et modernit\u00e9.","robots":{"index":"index","follow":"follow","max-snippet":"max-snippet:-1","max-image-preview":"max-image-preview:large","max-video-preview":"max-video-preview:-1"},"canonical":"https:\/\/tourtravelandmore.com\/fr\/tours\/les-pays-bas-fr\/amsterdam-fr\/visite-privee-de-la-haye-et-de-rotterdam\/","og_locale":"fr_FR","og_type":"article","og_title":"Visite priv\u00e9e de La Haye et de Rotterdam","og_description":"Apprenez \u00e0 conna\u00eetre deux des plus importantes villes de Hollande lors d'une visite priv\u00e9e avec guide et voiture priv\u00e9e \u00e0 La Haye et Rotterdam. Une visite o\u00f9 se m\u00ealent tradition et modernit\u00e9.","og_url":"https:\/\/tourtravelandmore.com\/fr\/tours\/les-pays-bas-fr\/amsterdam-fr\/visite-privee-de-la-haye-et-de-rotterdam\/","og_site_name":"Tour Travel And More","article_publisher":"https:\/\/www.facebook.com\/tourtravelandmore\/","article_modified_time":"2021-12-06T16:07:45+00:00","og_image":[{"width":910,"height":607,"url":"https:\/\/tourtravelandmore.com\/wp-content\/uploads\/2021\/11\/image49.jpg","type":"image\/jpeg"}],"twitter_card":"summary_large_image","twitter_site":"@TourTravel_More","twitter_misc":{"Dur\u00e9e de lecture estim\u00e9e":"4 minutes"},"schema":{"@context":"https:\/\/schema.org","@graph":[{"@type":"WebPage","@id":"https:\/\/tourtravelandmore.com\/fr\/tours\/les-pays-bas-fr\/amsterdam-fr\/visite-privee-de-la-haye-et-de-rotterdam\/","url":"https:\/\/tourtravelandmore.com\/fr\/tours\/les-pays-bas-fr\/amsterdam-fr\/visite-privee-de-la-haye-et-de-rotterdam\/","name":"Visite priv\u00e9e avec guide et voiture priv\u00e9e \u00e0 La Haye et Rotterdam","isPartOf":{"@id":"https:\/\/tourtravelandmore.com\/fr\/#website"},"primaryImageOfPage":{"@id":"https:\/\/tourtravelandmore.com\/fr\/tours\/les-pays-bas-fr\/amsterdam-fr\/visite-privee-de-la-haye-et-de-rotterdam\/#primaryimage"},"image":{"@id":"https:\/\/tourtravelandmore.com\/fr\/tours\/les-pays-bas-fr\/amsterdam-fr\/visite-privee-de-la-haye-et-de-rotterdam\/#primaryimage"},"thumbnailUrl":"https:\/\/tourtravelandmore.com\/wp-content\/uploads\/2021\/11\/image49.jpg","datePublished":"2021-11-29T12:26:08+00:00","dateModified":"2021-12-06T16:07:45+00:00","description":"Apprenez \u00e0 conna\u00eetre deux des plus importantes villes de Hollande lors d'une visite priv\u00e9e avec guide et voiture priv\u00e9e \u00e0 La Haye et Rotterdam. Une visite o\u00f9 se m\u00ealent tradition et modernit\u00e9.","breadcrumb":{"@id":"https:\/\/tourtravelandmore.com\/fr\/tours\/les-pays-bas-fr\/amsterdam-fr\/visite-privee-de-la-haye-et-de-rotterdam\/#breadcrumb"},"inLanguage":"fr-FR","potentialAction":[{"@type":"ReadAction","target":["https:\/\/tourtravelandmore.com\/fr\/tours\/les-pays-bas-fr\/amsterdam-fr\/visite-privee-de-la-haye-et-de-rotterdam\/"]}]},{"@type":"ImageObject","inLanguage":"fr-FR","@id":"https:\/\/tourtravelandmore.com\/fr\/tours\/les-pays-bas-fr\/amsterdam-fr\/visite-privee-de-la-haye-et-de-rotterdam\/#primaryimage","url":"https:\/\/tourtravelandmore.com\/wp-content\/uploads\/2021\/11\/image49.jpg","contentUrl":"https:\/\/tourtravelandmore.com\/wp-content\/uploads\/2021\/11\/image49.jpg","width":910,"height":607},{"@type":"BreadcrumbList","@id":"https:\/\/tourtravelandmore.com\/fr\/tours\/les-pays-bas-fr\/amsterdam-fr\/visite-privee-de-la-haye-et-de-rotterdam\/#breadcrumb","itemListElement":[{"@type":"ListItem","position":1,"name":"Home","item":"https:\/\/tourtravelandmore.com\/fr\/"},{"@type":"ListItem","position":2,"name":"Tours","item":"https:\/\/tourtravelandmore.com\/fr\/tours\/"},{"@type":"ListItem","position":3,"name":"Visite priv\u00e9e de La Haye et de Rotterdam"}]},{"@type":"WebSite","@id":"https:\/\/tourtravelandmore.com\/fr\/#website","url":"https:\/\/tourtravelandmore.com\/fr\/","name":"Tour Travel And More","description":"Private sightseeing tours and luxury transfers in Spain","publisher":{"@id":"https:\/\/tourtravelandmore.com\/fr\/#organization"},"potentialAction":[{"@type":"SearchAction","target":{"@type":"EntryPoint","urlTemplate":"https:\/\/tourtravelandmore.com\/fr\/?s={search_term_string}"},"query-input":{"@type":"PropertyValueSpecification","valueRequired":true,"valueName":"search_term_string"}}],"inLanguage":"fr-FR"},{"@type":"Organization","@id":"https:\/\/tourtravelandmore.com\/fr\/#organization","name":"Tour Travel And More","url":"https:\/\/tourtravelandmore.com\/fr\/","logo":{"@type":"ImageObject","inLanguage":"fr-FR","@id":"https:\/\/tourtravelandmore.com\/fr\/#\/schema\/logo\/image\/","url":"https:\/\/tourtravelandmore.com\/wp-content\/uploads\/2022\/12\/cropped-logo-cabecera-new.png","contentUrl":"https:\/\/tourtravelandmore.com\/wp-content\/uploads\/2022\/12\/cropped-logo-cabecera-new.png","width":430,"height":61,"caption":"Tour Travel And More"},"image":{"@id":"https:\/\/tourtravelandmore.com\/fr\/#\/schema\/logo\/image\/"},"sameAs":["https:\/\/www.facebook.com\/tourtravelandmore\/","https:\/\/x.com\/TourTravel_More"]}]}},"_links":{"self":[{"href":"https:\/\/tourtravelandmore.com\/fr\/wp-json\/wp\/v2\/product\/114258","targetHints":{"allow":["GET"]}}],"collection":[{"href":"https:\/\/tourtravelandmore.com\/fr\/wp-json\/wp\/v2\/product"}],"about":[{"href":"https:\/\/tourtravelandmore.com\/fr\/wp-json\/wp\/v2\/types\/product"}],"replies":[{"embeddable":true,"href":"https:\/\/tourtravelandmore.com\/fr\/wp-json\/wp\/v2\/comments?post=114258"}],"wp:featuredmedia":[{"embeddable":true,"href":"https:\/\/tourtravelandmore.com\/fr\/wp-json\/wp\/v2\/media\/114280"}],"wp:attachment":[{"href":"https:\/\/tourtravelandmore.com\/fr\/wp-json\/wp\/v2\/media?parent=114258"}],"wp:term":[{"taxonomy":"product_brand","embeddable":true,"href":"https:\/\/tourtravelandmore.com\/fr\/wp-json\/wp\/v2\/product_brand?post=114258"},{"taxonomy":"product_cat","embeddable":true,"href":"https:\/\/tourtravelandmore.com\/fr\/wp-json\/wp\/v2\/product_cat?post=114258"},{"taxonomy":"product_tag","embeddable":true,"href":"https:\/\/tourtravelandmore.com\/fr\/wp-json\/wp\/v2\/product_tag?post=114258"}],"curies":[{"name":"wp","href":"https:\/\/api.w.org\/{rel}","templated":true}]}}