{"id":114068,"date":"2021-11-25T16:20:38","date_gmt":"2021-11-25T15:20:48","guid":{"rendered":"https:\/\/tourtravelandmore.com\/?post_type=product&#038;p=114068"},"modified":"2021-12-06T15:58:14","modified_gmt":"2021-12-06T14:58:14","slug":"visite-privee-de-keukenhof-au-depart-damsterdam-copy-2","status":"publish","type":"product","link":"https:\/\/tourtravelandmore.com\/fr\/tours\/les-pays-bas-fr\/amsterdam-fr\/visite-privee-de-keukenhof-au-depart-damsterdam-copy-2\/","title":{"rendered":"Visite priv\u00e9e des mus\u00e9es : Van Gogh et Rijksmuseum"},"content":{"rendered":"<h2><strong>Description Visite priv\u00e9e des mus\u00e9es : Van Gogh et Rijksmuseum<\/strong><\/h2>\n<p><span style=\"font-weight: 400;\">Si vous vous promenez \u00e0 Amsterdam, <\/span><b>le Rijksmuseum et le mus\u00e9e Van Gogh sont des <\/b><span style=\"font-weight: 400;\">lieux incontournables pour d\u00e9couvrir l&#8217;art n\u00e9erlandais exquis.<\/span><\/p>\n<p><span style=\"font-weight: 400;\">Cette visite guid\u00e9e est con\u00e7ue pour vous aider \u00e0 tirer le meilleur parti de votre visite de ces mus\u00e9es embl\u00e9matiques.<\/span><\/p>\n<p><span style=\"font-weight: 400;\">Vous n&#8217;aurez pas \u00e0 faire la queue pour entrer et appr\u00e9cier l&#8217;art, car <\/span><b>notre visite comprend des billets exclusifs pour chaque galerie.\u00a0<\/b><\/p>\n<p><span style=\"font-weight: 400;\">En outre, toute la visite est planifi\u00e9e en petits groupes. Ainsi, vous ne manquerez aucun d\u00e9tail des expositions<\/span><b>.<\/b><\/p>\n<p><span style=\"font-weight: 400;\">\u00c0 tout moment, vous serez accompagn\u00e9 d&#8217;un guide artistique expert pour explorer et apprendre tout sur les \u0153uvres les plus c\u00e9l\u00e8bres de l&#8217;\u00e2ge d&#8217;or n\u00e9erlandais.<\/span><\/p>\n<p><b>La visite dure 4 heures, <\/b><span style=\"font-weight: 400;\">et vous pouvez convenir avec nous de l&#8217;heure de d\u00e9part. Une fois \u00e0 l&#8217;int\u00e9rieur de chaque mus\u00e9e, le guide vous emm\u00e8nera dans un voyage passionnant \u00e0 travers l&#8217;histoire de l&#8217;art, o\u00f9 vous apprendrez tout sur la culture n\u00e9erlandaise.\u00a0<\/span><\/p>\n<p><span style=\"font-weight: 400;\">L&#8217;itin\u00e9raire se fera toujours \u00e0 votre rythme et en fonction de votre temps.<\/span><\/p>\n<p><span style=\"font-weight: 400;\">Vous pourrez admirer de pr\u00e8s certains des chefs-d&#8217;\u0153uvre les plus importants de l&#8217;histoire, en d\u00e9couvrant les diff\u00e9rentes techniques utilis\u00e9es par les artistes les plus c\u00e9l\u00e8bres de l&#8217;humanit\u00e9.<\/span><\/p>\n<p><span style=\"font-weight: 400;\">Pendant la visite, <\/span><b>vous aurez du temps libre pour faire votre propre tour <\/b><span style=\"font-weight: 400;\">\u00e0 l&#8217;int\u00e9rieur de chaque salle d&#8217;art.\u00a0<\/span><\/p>\n<p><span style=\"font-weight: 400;\">Nous vous assurons que vous serez \u00e9merveill\u00e9 par tous les d\u00e9tails de ces mus\u00e9es \u00e9tonnants.<\/span><\/p>\n<p><span style=\"color: #d3af37;\"><b>Points d&#8217;int\u00e9r\u00eat<\/b><\/span><\/p>\n<p><span style=\"font-weight: 400;\">La visite du mus\u00e9e commence sans avoir \u00e0 attendre les billets. La raison en est que <\/span><span style=\"font-weight: 400;\">nous vous offrons des billets prioritaires pour chaque mus\u00e9e, ainsi qu&#8217;un guide expert qui parle de l&#8217;art.\u00a0<\/span><\/p>\n<p><span style=\"font-weight: 400;\">Avec ces avantages \u00e0 vos c\u00f4t\u00e9s, commencez votre aventure \u00e0 travers les mus\u00e9es les plus importants de Hollande :<\/span><\/p>\n<h3><span style=\"color: #d3af37;\"><b>Mus\u00e9e Van Gogh<\/b><\/span><\/h3>\n<p><span style=\"font-weight: 400;\">Vincent Van Gogh \u00e9tait l&#8217;un des grands repr\u00e9sentants du post-impressionnisme. Au cours de sa vie, il a peint pr\u00e8s de 900 tableaux et quelque 1600 dessins. De toute sa production artistique, plus de 90% correspond aux trois derni\u00e8res ann\u00e9es de sa vie.<\/span><\/p>\n<p><span style=\"font-weight: 400;\">On dit que ces trois ann\u00e9es de la vie de Van Gogh ont \u00e9t\u00e9 marqu\u00e9es par des obsessions et des \u00e9checs. Mais, en m\u00eame temps, ils ont servi d&#8217;inspiration pour ses \u0153uvres les plus symboliques.<\/span><\/p>\n<p><span style=\"font-weight: 400;\">De son vivant, Van Gogh n&#8217;a pu vendre qu&#8217;un seul de ses tableaux. N\u00e9anmoins, le peintre est devenu une r\u00e9f\u00e9rence artistique mondiale au cours du 20e si\u00e8cle.<\/span><\/p>\n<p><span style=\"font-weight: 400;\">Toute leur histoire, leur passion et leur souffrance seront racont\u00e9es par <\/span><b>le guide qui vous accompagnera dans un examen d\u00e9taill\u00e9 de chaque tableau.<\/b><\/p>\n<p><span style=\"font-weight: 400;\">Au cours de l&#8217;excursion, vous d\u00e9couvrirez l&#8217;influence que les diff\u00e9rents personnages ont eue sur la vie de ce g\u00e9nie \u00e0 travers un r\u00e9cit historique.\u00a0<\/span><\/p>\n<p><span style=\"font-weight: 400;\">Vous verrez \u00e9galement les techniques utilis\u00e9es par Van Gogh dans chaque \u0153uvre, ainsi que ses tableaux les plus remarquables.<\/span><\/p>\n<p><span style=\"font-weight: 400;\">Vous pourrez, par exemple, appr\u00e9cier de pr\u00e8s les grandes peintures de l&#8217;artiste :<\/span><\/p>\n<ul>\n<li><strong>Les autoportraits de Van Gogh.<\/strong><\/li>\n<li><strong>Des tournesols.<\/strong><\/li>\n<li><strong>La chambre \u00e0 Arles.<\/strong><\/li>\n<li><strong>Les mangeurs de pommes de terre.<\/strong><\/li>\n<\/ul>\n<p><span style=\"font-weight: 400;\">Au cours de la promenade, vous aurez l&#8217;occasion d&#8217;admirer diverses \u0153uvres li\u00e9es \u00e0 la vie de Van Gogh. Vous verrez \u00e9galement des tableaux de nombreux autres peintres qui se sont li\u00e9s d&#8217;amiti\u00e9 avec lui tout au long de sa vie.<\/span><\/p>\n<h3><span style=\"color: #d3af37;\"><b>Rijksmuseum<\/b><\/span><\/h3>\n<p><span style=\"font-weight: 400;\">L&#8217;arr\u00eat suivant est le mus\u00e9e historique Rijksmuseum, qui se trouve au centre d&#8217;Amsterdam. Ce mus\u00e9e est consid\u00e9r\u00e9 comme le plus grand et le plus important de toute la Hollande.<\/span><\/p>\n<p><span style=\"font-weight: 400;\">Chacune de ses salles est remplie des \u0153uvres les plus repr\u00e9sentatives de l&#8217;\u00e2ge d&#8217;or n\u00e9erlandais.<\/span><\/p>\n<p><span style=\"font-weight: 400;\">Par cons\u00e9quent, notre guide priv\u00e9 vous emm\u00e8nera aux expositions de certains des plus grands repr\u00e9sentants de l&#8217;\u00e2ge d&#8217;or, comme.. :<\/span><\/p>\n<ul>\n<li><strong>Willem Claeszoon<\/strong><\/li>\n<li><strong>Jan Steen<\/strong><\/li>\n<li><strong>Jacob Ruysdael<\/strong><\/li>\n<li><strong>Frans Hals, parmi beaucoup d&#8217;autres.<\/strong><\/li>\n<\/ul>\n<p><span style=\"font-weight: 400;\">Le mieux, c&#8217;est que vous vous plongerez dans l&#8217;histoire de chaque tableau avec l&#8217;aide de votre guide, qui vous expliquera en d\u00e9tail la valeur et les techniques utilis\u00e9es par ces ma\u00eetres.<\/span><\/p>\n<p><span style=\"font-weight: 400;\">Au cours de la visite, nous vous emm\u00e8nerons \u00e0 l&#8217;une des principales attractions du mus\u00e9e : les \u0153uvres de Rembrandt.<\/span><\/p>\n<p><span style=\"font-weight: 400;\">Ainsi, vous serez proche de ses tableaux les plus historiques, tels que La fianc\u00e9e juive, L&#8217;arbre de Jess\u00e9, La mort des innocents et certains de ses ing\u00e9nieux paysages des Pays-Bas &#8211; <\/span><i><span style=\"font-weight: 400;\">tout un spectacle visuel !<\/span><\/i><\/p>\n<p><span style=\"font-weight: 400;\">Pour compl\u00e9ter la visite, vous pourrez \u00e9galement voir une pr\u00e9cieuse collection d&#8217;art \u00e9gyptien et asiatique conserv\u00e9e au Rijksmuseum.<\/span><\/p>\n<p><span style=\"font-weight: 400;\">En bref, chacune de ses pi\u00e8ces cache des tr\u00e9sors diff\u00e9rents \u00e0 admirer et \u00e0 appr\u00e9cier.<\/span><\/p>\n<p><span style=\"font-weight: 400;\">Si vous voulez terminer une journ\u00e9e de r\u00eave, rien de tel qu&#8217;une <\/span><a href=\"https:\/\/amsterdamguias.com\/tours-privados-amsterdam\/\"><span style=\"font-weight: 400;\">visite priv\u00e9e en bateau sur les canaux d&#8217;Amsterdam<\/span><\/a><span style=\"font-weight: 400;\">. Il s&#8217;agit d&#8217;une course exaltante qui restera dans la m\u00e9moire de tous ceux qui osent y aller. <\/span><\/p>\n","protected":false},"excerpt":{"rendered":"<p><span style=\"font-weight: 400;\">\u00catre \u00e0 Amsterdam est parfait pour conna\u00eetre certains des mus\u00e9es les plus importants du continent europ\u00e9en. Lors de la visite du Van Gogh et du Rijksmuseum, vous visiterez ces impressionnantes galeries d&#8217;art en une seule journ\u00e9e, de mani\u00e8re exclusive et avec un guide priv\u00e9, qui vous racontera l&#8217;histoire de chaque tableau et des artistes les plus repr\u00e9sentatifs des Pays-Bas. <\/span><\/p>\n","protected":false},"featured_media":114122,"comment_status":"open","ping_status":"closed","template":"","meta":{"_acf_changed":false},"product_brand":[],"product_cat":[3668,3633,4003,4011],"product_tag":[],"class_list":{"0":"post-114068","1":"product","2":"type-product","3":"status-publish","4":"has-post-thumbnail","6":"product_cat-les-pays-bas-fr","7":"product_cat-amsterdam-fr","8":"product_cat-all-private-tours-activities-fr-2","9":"product_cat-private-walking-tours-fr-2","11":"first","12":"instock","13":"shipping-taxable","14":"purchasable","15":"product-type-simple"},"acf":[],"yoast_head":"<!-- This site is optimized with the Yoast SEO Premium plugin v25.3.1 (Yoast SEO v25.3.1) - https:\/\/yoast.com\/wordpress\/plugins\/seo\/ -->\n<title>Visite priv\u00e9e du Van Gogh et du Rijksmuseum avec guide priv\u00e9 inclus<\/title>\n<meta name=\"description\" content=\"D\u00e9couvrez la meilleure fa\u00e7on de visiter le mus\u00e9e Van Gogh et le Rijksmuseum en une seule journ\u00e9e, toujours accompagn\u00e9 d&#039;un guide artistique expert.\" \/>\n<meta name=\"robots\" content=\"index, follow, max-snippet:-1, max-image-preview:large, max-video-preview:-1\" \/>\n<link rel=\"canonical\" href=\"https:\/\/tourtravelandmore.com\/fr\/tours\/les-pays-bas-fr\/amsterdam-fr\/visite-privee-de-keukenhof-au-depart-damsterdam-copy-2\/\" \/>\n<meta property=\"og:locale\" content=\"fr_FR\" \/>\n<meta property=\"og:type\" content=\"article\" \/>\n<meta property=\"og:title\" content=\"Visite priv\u00e9e des mus\u00e9es : Van Gogh et Rijksmuseum\" \/>\n<meta property=\"og:description\" content=\"D\u00e9couvrez la meilleure fa\u00e7on de visiter le mus\u00e9e Van Gogh et le Rijksmuseum en une seule journ\u00e9e, toujours accompagn\u00e9 d&#039;un guide artistique expert.\" \/>\n<meta property=\"og:url\" content=\"https:\/\/tourtravelandmore.com\/fr\/tours\/les-pays-bas-fr\/amsterdam-fr\/visite-privee-de-keukenhof-au-depart-damsterdam-copy-2\/\" \/>\n<meta property=\"og:site_name\" content=\"Tour Travel And More\" \/>\n<meta property=\"article:publisher\" content=\"https:\/\/www.facebook.com\/tourtravelandmore\/\" \/>\n<meta property=\"article:modified_time\" content=\"2021-12-06T14:58:14+00:00\" \/>\n<meta property=\"og:image\" content=\"https:\/\/tourtravelandmore.com\/wp-content\/uploads\/2021\/11\/image3.jpg\" \/>\n\t<meta property=\"og:image:width\" content=\"1280\" \/>\n\t<meta property=\"og:image:height\" content=\"803\" \/>\n\t<meta property=\"og:image:type\" content=\"image\/jpeg\" \/>\n<meta name=\"twitter:card\" content=\"summary_large_image\" \/>\n<meta name=\"twitter:site\" content=\"@TourTravel_More\" \/>\n<meta name=\"twitter:label1\" content=\"Dur\u00e9e de lecture estim\u00e9e\" \/>\n\t<meta name=\"twitter:data1\" content=\"4 minutes\" \/>\n<script type=\"application\/ld+json\" class=\"yoast-schema-graph\">{\"@context\":\"https:\/\/schema.org\",\"@graph\":[{\"@type\":\"WebPage\",\"@id\":\"https:\/\/tourtravelandmore.com\/fr\/tours\/les-pays-bas-fr\/amsterdam-fr\/visite-privee-de-keukenhof-au-depart-damsterdam-copy-2\/\",\"url\":\"https:\/\/tourtravelandmore.com\/fr\/tours\/les-pays-bas-fr\/amsterdam-fr\/visite-privee-de-keukenhof-au-depart-damsterdam-copy-2\/\",\"name\":\"Visite priv\u00e9e du Van Gogh et du Rijksmuseum avec guide priv\u00e9 inclus\",\"isPartOf\":{\"@id\":\"https:\/\/tourtravelandmore.com\/fr\/#website\"},\"primaryImageOfPage\":{\"@id\":\"https:\/\/tourtravelandmore.com\/fr\/tours\/les-pays-bas-fr\/amsterdam-fr\/visite-privee-de-keukenhof-au-depart-damsterdam-copy-2\/#primaryimage\"},\"image\":{\"@id\":\"https:\/\/tourtravelandmore.com\/fr\/tours\/les-pays-bas-fr\/amsterdam-fr\/visite-privee-de-keukenhof-au-depart-damsterdam-copy-2\/#primaryimage\"},\"thumbnailUrl\":\"https:\/\/tourtravelandmore.com\/wp-content\/uploads\/2021\/11\/image3.jpg\",\"datePublished\":\"2021-11-25T15:20:48+00:00\",\"dateModified\":\"2021-12-06T14:58:14+00:00\",\"description\":\"D\u00e9couvrez la meilleure fa\u00e7on de visiter le mus\u00e9e Van Gogh et le Rijksmuseum en une seule journ\u00e9e, toujours accompagn\u00e9 d'un guide artistique expert.\",\"breadcrumb\":{\"@id\":\"https:\/\/tourtravelandmore.com\/fr\/tours\/les-pays-bas-fr\/amsterdam-fr\/visite-privee-de-keukenhof-au-depart-damsterdam-copy-2\/#breadcrumb\"},\"inLanguage\":\"fr-FR\",\"potentialAction\":[{\"@type\":\"ReadAction\",\"target\":[\"https:\/\/tourtravelandmore.com\/fr\/tours\/les-pays-bas-fr\/amsterdam-fr\/visite-privee-de-keukenhof-au-depart-damsterdam-copy-2\/\"]}]},{\"@type\":\"ImageObject\",\"inLanguage\":\"fr-FR\",\"@id\":\"https:\/\/tourtravelandmore.com\/fr\/tours\/les-pays-bas-fr\/amsterdam-fr\/visite-privee-de-keukenhof-au-depart-damsterdam-copy-2\/#primaryimage\",\"url\":\"https:\/\/tourtravelandmore.com\/wp-content\/uploads\/2021\/11\/image3.jpg\",\"contentUrl\":\"https:\/\/tourtravelandmore.com\/wp-content\/uploads\/2021\/11\/image3.jpg\",\"width\":1280,\"height\":803},{\"@type\":\"BreadcrumbList\",\"@id\":\"https:\/\/tourtravelandmore.com\/fr\/tours\/les-pays-bas-fr\/amsterdam-fr\/visite-privee-de-keukenhof-au-depart-damsterdam-copy-2\/#breadcrumb\",\"itemListElement\":[{\"@type\":\"ListItem\",\"position\":1,\"name\":\"Home\",\"item\":\"https:\/\/tourtravelandmore.com\/fr\/\"},{\"@type\":\"ListItem\",\"position\":2,\"name\":\"Tours\",\"item\":\"https:\/\/tourtravelandmore.com\/fr\/tours\/\"},{\"@type\":\"ListItem\",\"position\":3,\"name\":\"Visite priv\u00e9e des mus\u00e9es : Van Gogh et Rijksmuseum\"}]},{\"@type\":\"WebSite\",\"@id\":\"https:\/\/tourtravelandmore.com\/fr\/#website\",\"url\":\"https:\/\/tourtravelandmore.com\/fr\/\",\"name\":\"Tour Travel And More\",\"description\":\"Private sightseeing tours and luxury transfers in Spain\",\"publisher\":{\"@id\":\"https:\/\/tourtravelandmore.com\/fr\/#organization\"},\"potentialAction\":[{\"@type\":\"SearchAction\",\"target\":{\"@type\":\"EntryPoint\",\"urlTemplate\":\"https:\/\/tourtravelandmore.com\/fr\/?s={search_term_string}\"},\"query-input\":{\"@type\":\"PropertyValueSpecification\",\"valueRequired\":true,\"valueName\":\"search_term_string\"}}],\"inLanguage\":\"fr-FR\"},{\"@type\":\"Organization\",\"@id\":\"https:\/\/tourtravelandmore.com\/fr\/#organization\",\"name\":\"Tour Travel And More\",\"url\":\"https:\/\/tourtravelandmore.com\/fr\/\",\"logo\":{\"@type\":\"ImageObject\",\"inLanguage\":\"fr-FR\",\"@id\":\"https:\/\/tourtravelandmore.com\/fr\/#\/schema\/logo\/image\/\",\"url\":\"https:\/\/tourtravelandmore.com\/wp-content\/uploads\/2022\/12\/cropped-logo-cabecera-new.png\",\"contentUrl\":\"https:\/\/tourtravelandmore.com\/wp-content\/uploads\/2022\/12\/cropped-logo-cabecera-new.png\",\"width\":430,\"height\":61,\"caption\":\"Tour Travel And More\"},\"image\":{\"@id\":\"https:\/\/tourtravelandmore.com\/fr\/#\/schema\/logo\/image\/\"},\"sameAs\":[\"https:\/\/www.facebook.com\/tourtravelandmore\/\",\"https:\/\/x.com\/TourTravel_More\"]}]}<\/script>\n<!-- \/ Yoast SEO Premium plugin. -->","yoast_head_json":{"title":"Visite priv\u00e9e du Van Gogh et du Rijksmuseum avec guide priv\u00e9 inclus","description":"D\u00e9couvrez la meilleure fa\u00e7on de visiter le mus\u00e9e Van Gogh et le Rijksmuseum en une seule journ\u00e9e, toujours accompagn\u00e9 d'un guide artistique expert.","robots":{"index":"index","follow":"follow","max-snippet":"max-snippet:-1","max-image-preview":"max-image-preview:large","max-video-preview":"max-video-preview:-1"},"canonical":"https:\/\/tourtravelandmore.com\/fr\/tours\/les-pays-bas-fr\/amsterdam-fr\/visite-privee-de-keukenhof-au-depart-damsterdam-copy-2\/","og_locale":"fr_FR","og_type":"article","og_title":"Visite priv\u00e9e des mus\u00e9es : Van Gogh et Rijksmuseum","og_description":"D\u00e9couvrez la meilleure fa\u00e7on de visiter le mus\u00e9e Van Gogh et le Rijksmuseum en une seule journ\u00e9e, toujours accompagn\u00e9 d'un guide artistique expert.","og_url":"https:\/\/tourtravelandmore.com\/fr\/tours\/les-pays-bas-fr\/amsterdam-fr\/visite-privee-de-keukenhof-au-depart-damsterdam-copy-2\/","og_site_name":"Tour Travel And More","article_publisher":"https:\/\/www.facebook.com\/tourtravelandmore\/","article_modified_time":"2021-12-06T14:58:14+00:00","og_image":[{"width":1280,"height":803,"url":"https:\/\/tourtravelandmore.com\/wp-content\/uploads\/2021\/11\/image3.jpg","type":"image\/jpeg"}],"twitter_card":"summary_large_image","twitter_site":"@TourTravel_More","twitter_misc":{"Dur\u00e9e de lecture estim\u00e9e":"4 minutes"},"schema":{"@context":"https:\/\/schema.org","@graph":[{"@type":"WebPage","@id":"https:\/\/tourtravelandmore.com\/fr\/tours\/les-pays-bas-fr\/amsterdam-fr\/visite-privee-de-keukenhof-au-depart-damsterdam-copy-2\/","url":"https:\/\/tourtravelandmore.com\/fr\/tours\/les-pays-bas-fr\/amsterdam-fr\/visite-privee-de-keukenhof-au-depart-damsterdam-copy-2\/","name":"Visite priv\u00e9e du Van Gogh et du Rijksmuseum avec guide priv\u00e9 inclus","isPartOf":{"@id":"https:\/\/tourtravelandmore.com\/fr\/#website"},"primaryImageOfPage":{"@id":"https:\/\/tourtravelandmore.com\/fr\/tours\/les-pays-bas-fr\/amsterdam-fr\/visite-privee-de-keukenhof-au-depart-damsterdam-copy-2\/#primaryimage"},"image":{"@id":"https:\/\/tourtravelandmore.com\/fr\/tours\/les-pays-bas-fr\/amsterdam-fr\/visite-privee-de-keukenhof-au-depart-damsterdam-copy-2\/#primaryimage"},"thumbnailUrl":"https:\/\/tourtravelandmore.com\/wp-content\/uploads\/2021\/11\/image3.jpg","datePublished":"2021-11-25T15:20:48+00:00","dateModified":"2021-12-06T14:58:14+00:00","description":"D\u00e9couvrez la meilleure fa\u00e7on de visiter le mus\u00e9e Van Gogh et le Rijksmuseum en une seule journ\u00e9e, toujours accompagn\u00e9 d'un guide artistique expert.","breadcrumb":{"@id":"https:\/\/tourtravelandmore.com\/fr\/tours\/les-pays-bas-fr\/amsterdam-fr\/visite-privee-de-keukenhof-au-depart-damsterdam-copy-2\/#breadcrumb"},"inLanguage":"fr-FR","potentialAction":[{"@type":"ReadAction","target":["https:\/\/tourtravelandmore.com\/fr\/tours\/les-pays-bas-fr\/amsterdam-fr\/visite-privee-de-keukenhof-au-depart-damsterdam-copy-2\/"]}]},{"@type":"ImageObject","inLanguage":"fr-FR","@id":"https:\/\/tourtravelandmore.com\/fr\/tours\/les-pays-bas-fr\/amsterdam-fr\/visite-privee-de-keukenhof-au-depart-damsterdam-copy-2\/#primaryimage","url":"https:\/\/tourtravelandmore.com\/wp-content\/uploads\/2021\/11\/image3.jpg","contentUrl":"https:\/\/tourtravelandmore.com\/wp-content\/uploads\/2021\/11\/image3.jpg","width":1280,"height":803},{"@type":"BreadcrumbList","@id":"https:\/\/tourtravelandmore.com\/fr\/tours\/les-pays-bas-fr\/amsterdam-fr\/visite-privee-de-keukenhof-au-depart-damsterdam-copy-2\/#breadcrumb","itemListElement":[{"@type":"ListItem","position":1,"name":"Home","item":"https:\/\/tourtravelandmore.com\/fr\/"},{"@type":"ListItem","position":2,"name":"Tours","item":"https:\/\/tourtravelandmore.com\/fr\/tours\/"},{"@type":"ListItem","position":3,"name":"Visite priv\u00e9e des mus\u00e9es : Van Gogh et Rijksmuseum"}]},{"@type":"WebSite","@id":"https:\/\/tourtravelandmore.com\/fr\/#website","url":"https:\/\/tourtravelandmore.com\/fr\/","name":"Tour Travel And More","description":"Private sightseeing tours and luxury transfers in Spain","publisher":{"@id":"https:\/\/tourtravelandmore.com\/fr\/#organization"},"potentialAction":[{"@type":"SearchAction","target":{"@type":"EntryPoint","urlTemplate":"https:\/\/tourtravelandmore.com\/fr\/?s={search_term_string}"},"query-input":{"@type":"PropertyValueSpecification","valueRequired":true,"valueName":"search_term_string"}}],"inLanguage":"fr-FR"},{"@type":"Organization","@id":"https:\/\/tourtravelandmore.com\/fr\/#organization","name":"Tour Travel And More","url":"https:\/\/tourtravelandmore.com\/fr\/","logo":{"@type":"ImageObject","inLanguage":"fr-FR","@id":"https:\/\/tourtravelandmore.com\/fr\/#\/schema\/logo\/image\/","url":"https:\/\/tourtravelandmore.com\/wp-content\/uploads\/2022\/12\/cropped-logo-cabecera-new.png","contentUrl":"https:\/\/tourtravelandmore.com\/wp-content\/uploads\/2022\/12\/cropped-logo-cabecera-new.png","width":430,"height":61,"caption":"Tour Travel And More"},"image":{"@id":"https:\/\/tourtravelandmore.com\/fr\/#\/schema\/logo\/image\/"},"sameAs":["https:\/\/www.facebook.com\/tourtravelandmore\/","https:\/\/x.com\/TourTravel_More"]}]}},"_links":{"self":[{"href":"https:\/\/tourtravelandmore.com\/fr\/wp-json\/wp\/v2\/product\/114068","targetHints":{"allow":["GET"]}}],"collection":[{"href":"https:\/\/tourtravelandmore.com\/fr\/wp-json\/wp\/v2\/product"}],"about":[{"href":"https:\/\/tourtravelandmore.com\/fr\/wp-json\/wp\/v2\/types\/product"}],"replies":[{"embeddable":true,"href":"https:\/\/tourtravelandmore.com\/fr\/wp-json\/wp\/v2\/comments?post=114068"}],"wp:featuredmedia":[{"embeddable":true,"href":"https:\/\/tourtravelandmore.com\/fr\/wp-json\/wp\/v2\/media\/114122"}],"wp:attachment":[{"href":"https:\/\/tourtravelandmore.com\/fr\/wp-json\/wp\/v2\/media?parent=114068"}],"wp:term":[{"taxonomy":"product_brand","embeddable":true,"href":"https:\/\/tourtravelandmore.com\/fr\/wp-json\/wp\/v2\/product_brand?post=114068"},{"taxonomy":"product_cat","embeddable":true,"href":"https:\/\/tourtravelandmore.com\/fr\/wp-json\/wp\/v2\/product_cat?post=114068"},{"taxonomy":"product_tag","embeddable":true,"href":"https:\/\/tourtravelandmore.com\/fr\/wp-json\/wp\/v2\/product_tag?post=114068"}],"curies":[{"name":"wp","href":"https:\/\/api.w.org\/{rel}","templated":true}]}}