{"id":114057,"date":"2021-11-25T15:52:28","date_gmt":"2021-11-25T14:52:28","guid":{"rendered":"https:\/\/tourtravelandmore.com\/tours\/non%20class\u00e9\/visite-privee-de-keukenhof-au-depart-damsterdam\/"},"modified":"2021-12-06T16:53:55","modified_gmt":"2021-12-06T15:53:55","slug":"visite-privee-de-keukenhof-au-depart-damsterdam","status":"publish","type":"product","link":"https:\/\/tourtravelandmore.com\/fr\/tours\/les-pays-bas-fr\/amsterdam-fr\/visite-privee-de-keukenhof-au-depart-damsterdam\/","title":{"rendered":"Visite priv\u00e9e de Keukenhof au d\u00e9part d&#8217;Amsterdam"},"content":{"rendered":"<h2><strong>Description Visite priv\u00e9e de Keukenhof au d\u00e9part d&#8217;Amsterdam<\/strong><\/h2>\n<p><span style=\"font-weight: 400;\">Entre les villes de Hillegom et de Lisse se trouve le <\/span><b>majestueux champ de fleurs de Keukenhof<\/b><span style=\"font-weight: 400;\">, connu comme le plus grand d&#8217;Europe.\u00a0<\/span><\/p>\n<p><span style=\"font-weight: 400;\">Le parc Keukenhof s&#8217;\u00e9tend sur 32 hectares remplis d&#8217;immenses jardins de tulipes, jonquilles, jacinthes, roses, \u0153illets, lys et bien d&#8217;autres fleurs.\u00a0<\/span><\/p>\n<p><span style=\"font-weight: 400;\">Mais, sans aucun doute, celles qui attirent toute l&#8217;attention sont les embl\u00e9matiques tulipes, la fleur qui repr\u00e9sente la Hollande.<\/span><\/p>\n<p><span style=\"font-weight: 400;\">Lors de notre visite priv\u00e9e de Keukenhof au d\u00e9part d&#8217;Amsterdam, vous serez \u00e9merveill\u00e9 par ce magnifique complexe.\u00a0<\/span><\/p>\n<p><span style=\"font-weight: 400;\">Vous verrez des lacs, de vieux moulins et de nombreux couloirs traversant une vari\u00e9t\u00e9 de champs pleins de couleurs et d&#8217;ar\u00f4mes dont vous tomberez amoureux.\u00a0<\/span><\/p>\n<p><span style=\"font-weight: 400;\">Nous partirons en voiture priv\u00e9e du lieu et \u00e0 l&#8217;heure que vous indiquerez, pour rejoindre le champ de Keukenhof, qui se trouve tout pr\u00e8s d&#8217;Amsterdam.\u00a0<\/span><\/p>\n<p><span style=\"font-weight: 400;\">Pendant la visite, <\/span><b>vous serez accompagn\u00e9 d&#8217;un guide expert afin de <\/b><span style=\"font-weight: 400;\">ne manquer aucun d\u00e9tail de chaque recoin de ce fantastique paradis.\u00a0<\/span><\/p>\n<p><span style=\"font-weight: 400;\">Tout <\/span><b>se fera \u00e0 votre rythme et en tenant compte de vos besoins et de vos int\u00e9r\u00eats<\/b><span style=\"font-weight: 400;\">.\u00a0<\/span><\/p>\n<p><span style=\"font-weight: 400;\">Vous d\u00e9couvrirez ainsi l&#8217;histoire de ce parc qui, depuis 1949, accueille les plus belles et les plus incroyables expositions th\u00e9matiques mettant en sc\u00e8ne les cultivateurs et les producteurs de la r\u00e9gion.\u00a0<\/span><\/p>\n<p><span style=\"font-weight: 400;\">Cela signifie que chaque ann\u00e9e, un th\u00e8me sp\u00e9cifique est choisi pour \u00e9laborer une grande mosa\u00efque all\u00e9gorique, et vous saurez lequel sera la repr\u00e9sentation centrale.\u00a0<\/span><\/p>\n<p><span style=\"font-weight: 400;\">Il s&#8217;agit d&#8217;une magnifique visite guid\u00e9e de 5 heures, au cours de laquelle vous disposerez \u00e9galement de temps libre pour vous promener \u00e0 votre guise dans les pavillons, si vous le souhaitez.\u00a0<\/span><\/p>\n<p><span style=\"font-weight: 400;\">Nous savons que vous serez s\u00e9duit par le spectacle inoubliable de parfums et de couleurs que vous trouverez dans chacun de ses recoins.<\/span><\/p>\n<h2><strong><span style=\"color: #d3af37;\">Points forts de notre Visite Priv\u00e9e<\/span><\/strong><\/h2>\n<p><span style=\"font-weight: 400;\">Le <\/span><b>parc Keukenhof est divis\u00e9 en diff\u00e9rents pavillons <\/b><span style=\"font-weight: 400;\">qui correspondent aux noms de la famille royale n\u00e9erlandaise. En cons\u00e9quence, le terrain est subdivis\u00e9 en 4 grandes zones.\u00a0\u00a0<\/span><\/p>\n<p><span style=\"font-weight: 400;\">Avec notre visite priv\u00e9e de Keukenhof au d\u00e9part d&#8217;Amsterdam, vous aurez la merveilleuse occasion de conna\u00eetre chacun d&#8217;entre eux, d&#8217;admirer de pr\u00e8s les impressionnantes collections de tulipes et de fleurs diverses qui ornent chaque partie du parc.\u00a0<\/span><\/p>\n<p><span style=\"font-weight: 400;\">La <\/span><b>visite commence \u00e0 Amsterdam<\/b><span style=\"font-weight: 400;\">. Il ne s&#8217;agira pas d&#8217;une simple promenade, mais vous serez accompagn\u00e9 d&#8217;un guide expert qui vous racontera l&#8217;histoire de Keukenhof, ses impressionnantes collections annuelles de tulipes et comment ce site est devenu le jardin le plus important d&#8217;Europe.\u00a0<\/span><\/p>\n<p><span style=\"font-weight: 400;\">Nous ferons \u00e9galement une promenade dans les champs de tulipes autour de Keukenhof.\u00a0<\/span><\/p>\n<p><span style=\"font-weight: 400;\">Vous pourrez prendre autant de photos que vous le souhaitez, afin de ne jamais oublier votre excursion dans l&#8217;un des plus grands jardins du monde.\u00a0\u00a0<\/span><\/p>\n<p><span style=\"font-weight: 400;\">Les tulipes sont la pi\u00e8ce ma\u00eetresse rayonnante de la visite guid\u00e9e. En fait, plus de 7 000 bulbes sont plant\u00e9s \u00e0 la main chaque ann\u00e9e dans ce parc pour maintenir la couleur permanente des champs.\u00a0<\/span><\/p>\n<p><span style=\"font-weight: 400;\">En raison de l&#8217;\u00e9norme beaut\u00e9 qui rayonne du Keukenhof, il est visit\u00e9 chaque ann\u00e9e par des millions de touristes, qui s&#8217;extasient devant ce paradis terrestre.\u00a0 Ne manquez pas l&#8217;occasion de faire partie de ce groupe et de d\u00e9couvrir l&#8217;une des plus belles attractions des Pays-Bas.\u00a0<\/span><\/p>\n<p><span style=\"font-weight: 400;\">\u00c0 votre retour \u00e0 Amsterdam, nous vous recommandons de compl\u00e9ter votre visite touristique par une <\/span><a href=\"https:\/\/tourtravelandmore.com\/es\/ciudad\/paises-bajos-es\/\"><span style=\"font-weight: 400;\">visite priv\u00e9e d&#8217;Amsterdam \u00e0 v\u00e9lo<\/span><\/a><span style=\"font-weight: 400;\">. De cette fa\u00e7on, vous apprendrez \u00e0 conna\u00eetre la ville d&#8217;une mani\u00e8re amusante et divertissante.\u00a0<\/span><\/p>\n","protected":false},"excerpt":{"rendered":"<p>Aventurez-vous dans le plus grand champ fleuri d&#8217;Europe lors de notre visite priv\u00e9e de Keukenhof au d\u00e9part d&#8217;Amsterdam. R\u00e9servez une journ\u00e9e dans votre calendrier pour d\u00e9couvrir la magie de la nature en visitant ces magnifiques paysages de tulipes, jonquilles, roses, \u0153illets et bien d&#8217;autres fleurs. La visite se fera en voiture priv\u00e9e tandis que vous \u00eates accompagn\u00e9 d&#8217;un guide pour vous faire d\u00e9couvrir tous les recoins de ce paradis.<\/p>\n","protected":false},"featured_media":114033,"comment_status":"open","ping_status":"closed","template":"","meta":{"_acf_changed":false},"product_brand":[],"product_cat":[3668,3633,4003,4004],"product_tag":[],"class_list":{"0":"post-114057","1":"product","2":"type-product","3":"status-publish","4":"has-post-thumbnail","6":"product_cat-les-pays-bas-fr","7":"product_cat-amsterdam-fr","8":"product_cat-all-private-tours-activities-fr-2","9":"product_cat-private-sightseeing-tours-fr-2","11":"first","12":"instock","13":"shipping-taxable","14":"purchasable","15":"product-type-simple"},"acf":[],"yoast_head":"<!-- This site is optimized with the Yoast SEO Premium plugin v25.3.1 (Yoast SEO v25.3.1) - https:\/\/yoast.com\/wordpress\/plugins\/seo\/ -->\n<title>Visite priv\u00e9e d&#039;Amsterdam \u00e0 Keukenhof avec guide priv\u00e9 et voiture inclus<\/title>\n<meta name=\"description\" content=\"Visitez le plus grand champ de fleurs d&#039;Europe lors d&#039;une visite priv\u00e9e au d\u00e9part d&#039;Amsterdam avec guide priv\u00e9 et voiture incluse pour d\u00e9couvrir chaque recoin du Keukenhof color\u00e9.\" \/>\n<meta name=\"robots\" content=\"index, follow, max-snippet:-1, max-image-preview:large, max-video-preview:-1\" \/>\n<link rel=\"canonical\" href=\"https:\/\/tourtravelandmore.com\/fr\/tours\/les-pays-bas-fr\/amsterdam-fr\/visite-privee-de-keukenhof-au-depart-damsterdam\/\" \/>\n<meta property=\"og:locale\" content=\"fr_FR\" \/>\n<meta property=\"og:type\" content=\"article\" \/>\n<meta property=\"og:title\" content=\"Visite priv\u00e9e de Keukenhof au d\u00e9part d&#039;Amsterdam\" \/>\n<meta property=\"og:description\" content=\"Visitez le plus grand champ de fleurs d&#039;Europe lors d&#039;une visite priv\u00e9e au d\u00e9part d&#039;Amsterdam avec guide priv\u00e9 et voiture incluse pour d\u00e9couvrir chaque recoin du Keukenhof color\u00e9.\" \/>\n<meta property=\"og:url\" content=\"https:\/\/tourtravelandmore.com\/fr\/tours\/les-pays-bas-fr\/amsterdam-fr\/visite-privee-de-keukenhof-au-depart-damsterdam\/\" \/>\n<meta property=\"og:site_name\" content=\"Tour Travel And More\" \/>\n<meta property=\"article:publisher\" content=\"https:\/\/www.facebook.com\/tourtravelandmore\/\" \/>\n<meta property=\"article:modified_time\" content=\"2021-12-06T15:53:55+00:00\" \/>\n<meta property=\"og:image\" content=\"https:\/\/tourtravelandmore.com\/wp-content\/uploads\/2021\/11\/image35.jpg\" \/>\n\t<meta property=\"og:image:width\" content=\"960\" \/>\n\t<meta property=\"og:image:height\" content=\"640\" \/>\n\t<meta property=\"og:image:type\" content=\"image\/jpeg\" \/>\n<meta name=\"twitter:card\" content=\"summary_large_image\" \/>\n<meta name=\"twitter:site\" content=\"@TourTravel_More\" \/>\n<meta name=\"twitter:label1\" content=\"Dur\u00e9e de lecture estim\u00e9e\" \/>\n\t<meta name=\"twitter:data1\" content=\"3 minutes\" \/>\n<script type=\"application\/ld+json\" class=\"yoast-schema-graph\">{\"@context\":\"https:\/\/schema.org\",\"@graph\":[{\"@type\":\"WebPage\",\"@id\":\"https:\/\/tourtravelandmore.com\/fr\/tours\/les-pays-bas-fr\/amsterdam-fr\/visite-privee-de-keukenhof-au-depart-damsterdam\/\",\"url\":\"https:\/\/tourtravelandmore.com\/fr\/tours\/les-pays-bas-fr\/amsterdam-fr\/visite-privee-de-keukenhof-au-depart-damsterdam\/\",\"name\":\"Visite priv\u00e9e d'Amsterdam \u00e0 Keukenhof avec guide priv\u00e9 et voiture inclus\",\"isPartOf\":{\"@id\":\"https:\/\/tourtravelandmore.com\/fr\/#website\"},\"primaryImageOfPage\":{\"@id\":\"https:\/\/tourtravelandmore.com\/fr\/tours\/les-pays-bas-fr\/amsterdam-fr\/visite-privee-de-keukenhof-au-depart-damsterdam\/#primaryimage\"},\"image\":{\"@id\":\"https:\/\/tourtravelandmore.com\/fr\/tours\/les-pays-bas-fr\/amsterdam-fr\/visite-privee-de-keukenhof-au-depart-damsterdam\/#primaryimage\"},\"thumbnailUrl\":\"https:\/\/tourtravelandmore.com\/wp-content\/uploads\/2021\/11\/image35.jpg\",\"datePublished\":\"2021-11-25T14:52:28+00:00\",\"dateModified\":\"2021-12-06T15:53:55+00:00\",\"description\":\"Visitez le plus grand champ de fleurs d'Europe lors d'une visite priv\u00e9e au d\u00e9part d'Amsterdam avec guide priv\u00e9 et voiture incluse pour d\u00e9couvrir chaque recoin du Keukenhof color\u00e9.\",\"breadcrumb\":{\"@id\":\"https:\/\/tourtravelandmore.com\/fr\/tours\/les-pays-bas-fr\/amsterdam-fr\/visite-privee-de-keukenhof-au-depart-damsterdam\/#breadcrumb\"},\"inLanguage\":\"fr-FR\",\"potentialAction\":[{\"@type\":\"ReadAction\",\"target\":[\"https:\/\/tourtravelandmore.com\/fr\/tours\/les-pays-bas-fr\/amsterdam-fr\/visite-privee-de-keukenhof-au-depart-damsterdam\/\"]}]},{\"@type\":\"ImageObject\",\"inLanguage\":\"fr-FR\",\"@id\":\"https:\/\/tourtravelandmore.com\/fr\/tours\/les-pays-bas-fr\/amsterdam-fr\/visite-privee-de-keukenhof-au-depart-damsterdam\/#primaryimage\",\"url\":\"https:\/\/tourtravelandmore.com\/wp-content\/uploads\/2021\/11\/image35.jpg\",\"contentUrl\":\"https:\/\/tourtravelandmore.com\/wp-content\/uploads\/2021\/11\/image35.jpg\",\"width\":960,\"height\":640},{\"@type\":\"BreadcrumbList\",\"@id\":\"https:\/\/tourtravelandmore.com\/fr\/tours\/les-pays-bas-fr\/amsterdam-fr\/visite-privee-de-keukenhof-au-depart-damsterdam\/#breadcrumb\",\"itemListElement\":[{\"@type\":\"ListItem\",\"position\":1,\"name\":\"Home\",\"item\":\"https:\/\/tourtravelandmore.com\/fr\/\"},{\"@type\":\"ListItem\",\"position\":2,\"name\":\"Tours\",\"item\":\"https:\/\/tourtravelandmore.com\/fr\/tours\/\"},{\"@type\":\"ListItem\",\"position\":3,\"name\":\"Visite priv\u00e9e de Keukenhof au d\u00e9part d&#8217;Amsterdam\"}]},{\"@type\":\"WebSite\",\"@id\":\"https:\/\/tourtravelandmore.com\/fr\/#website\",\"url\":\"https:\/\/tourtravelandmore.com\/fr\/\",\"name\":\"Tour Travel And More\",\"description\":\"Private sightseeing tours and luxury transfers in Spain\",\"publisher\":{\"@id\":\"https:\/\/tourtravelandmore.com\/fr\/#organization\"},\"potentialAction\":[{\"@type\":\"SearchAction\",\"target\":{\"@type\":\"EntryPoint\",\"urlTemplate\":\"https:\/\/tourtravelandmore.com\/fr\/?s={search_term_string}\"},\"query-input\":{\"@type\":\"PropertyValueSpecification\",\"valueRequired\":true,\"valueName\":\"search_term_string\"}}],\"inLanguage\":\"fr-FR\"},{\"@type\":\"Organization\",\"@id\":\"https:\/\/tourtravelandmore.com\/fr\/#organization\",\"name\":\"Tour Travel And More\",\"url\":\"https:\/\/tourtravelandmore.com\/fr\/\",\"logo\":{\"@type\":\"ImageObject\",\"inLanguage\":\"fr-FR\",\"@id\":\"https:\/\/tourtravelandmore.com\/fr\/#\/schema\/logo\/image\/\",\"url\":\"https:\/\/tourtravelandmore.com\/wp-content\/uploads\/2022\/12\/cropped-logo-cabecera-new.png\",\"contentUrl\":\"https:\/\/tourtravelandmore.com\/wp-content\/uploads\/2022\/12\/cropped-logo-cabecera-new.png\",\"width\":430,\"height\":61,\"caption\":\"Tour Travel And More\"},\"image\":{\"@id\":\"https:\/\/tourtravelandmore.com\/fr\/#\/schema\/logo\/image\/\"},\"sameAs\":[\"https:\/\/www.facebook.com\/tourtravelandmore\/\",\"https:\/\/x.com\/TourTravel_More\"]}]}<\/script>\n<!-- \/ Yoast SEO Premium plugin. -->","yoast_head_json":{"title":"Visite priv\u00e9e d'Amsterdam \u00e0 Keukenhof avec guide priv\u00e9 et voiture inclus","description":"Visitez le plus grand champ de fleurs d'Europe lors d'une visite priv\u00e9e au d\u00e9part d'Amsterdam avec guide priv\u00e9 et voiture incluse pour d\u00e9couvrir chaque recoin du Keukenhof color\u00e9.","robots":{"index":"index","follow":"follow","max-snippet":"max-snippet:-1","max-image-preview":"max-image-preview:large","max-video-preview":"max-video-preview:-1"},"canonical":"https:\/\/tourtravelandmore.com\/fr\/tours\/les-pays-bas-fr\/amsterdam-fr\/visite-privee-de-keukenhof-au-depart-damsterdam\/","og_locale":"fr_FR","og_type":"article","og_title":"Visite priv\u00e9e de Keukenhof au d\u00e9part d'Amsterdam","og_description":"Visitez le plus grand champ de fleurs d'Europe lors d'une visite priv\u00e9e au d\u00e9part d'Amsterdam avec guide priv\u00e9 et voiture incluse pour d\u00e9couvrir chaque recoin du Keukenhof color\u00e9.","og_url":"https:\/\/tourtravelandmore.com\/fr\/tours\/les-pays-bas-fr\/amsterdam-fr\/visite-privee-de-keukenhof-au-depart-damsterdam\/","og_site_name":"Tour Travel And More","article_publisher":"https:\/\/www.facebook.com\/tourtravelandmore\/","article_modified_time":"2021-12-06T15:53:55+00:00","og_image":[{"width":960,"height":640,"url":"https:\/\/tourtravelandmore.com\/wp-content\/uploads\/2021\/11\/image35.jpg","type":"image\/jpeg"}],"twitter_card":"summary_large_image","twitter_site":"@TourTravel_More","twitter_misc":{"Dur\u00e9e de lecture estim\u00e9e":"3 minutes"},"schema":{"@context":"https:\/\/schema.org","@graph":[{"@type":"WebPage","@id":"https:\/\/tourtravelandmore.com\/fr\/tours\/les-pays-bas-fr\/amsterdam-fr\/visite-privee-de-keukenhof-au-depart-damsterdam\/","url":"https:\/\/tourtravelandmore.com\/fr\/tours\/les-pays-bas-fr\/amsterdam-fr\/visite-privee-de-keukenhof-au-depart-damsterdam\/","name":"Visite priv\u00e9e d'Amsterdam \u00e0 Keukenhof avec guide priv\u00e9 et voiture inclus","isPartOf":{"@id":"https:\/\/tourtravelandmore.com\/fr\/#website"},"primaryImageOfPage":{"@id":"https:\/\/tourtravelandmore.com\/fr\/tours\/les-pays-bas-fr\/amsterdam-fr\/visite-privee-de-keukenhof-au-depart-damsterdam\/#primaryimage"},"image":{"@id":"https:\/\/tourtravelandmore.com\/fr\/tours\/les-pays-bas-fr\/amsterdam-fr\/visite-privee-de-keukenhof-au-depart-damsterdam\/#primaryimage"},"thumbnailUrl":"https:\/\/tourtravelandmore.com\/wp-content\/uploads\/2021\/11\/image35.jpg","datePublished":"2021-11-25T14:52:28+00:00","dateModified":"2021-12-06T15:53:55+00:00","description":"Visitez le plus grand champ de fleurs d'Europe lors d'une visite priv\u00e9e au d\u00e9part d'Amsterdam avec guide priv\u00e9 et voiture incluse pour d\u00e9couvrir chaque recoin du Keukenhof color\u00e9.","breadcrumb":{"@id":"https:\/\/tourtravelandmore.com\/fr\/tours\/les-pays-bas-fr\/amsterdam-fr\/visite-privee-de-keukenhof-au-depart-damsterdam\/#breadcrumb"},"inLanguage":"fr-FR","potentialAction":[{"@type":"ReadAction","target":["https:\/\/tourtravelandmore.com\/fr\/tours\/les-pays-bas-fr\/amsterdam-fr\/visite-privee-de-keukenhof-au-depart-damsterdam\/"]}]},{"@type":"ImageObject","inLanguage":"fr-FR","@id":"https:\/\/tourtravelandmore.com\/fr\/tours\/les-pays-bas-fr\/amsterdam-fr\/visite-privee-de-keukenhof-au-depart-damsterdam\/#primaryimage","url":"https:\/\/tourtravelandmore.com\/wp-content\/uploads\/2021\/11\/image35.jpg","contentUrl":"https:\/\/tourtravelandmore.com\/wp-content\/uploads\/2021\/11\/image35.jpg","width":960,"height":640},{"@type":"BreadcrumbList","@id":"https:\/\/tourtravelandmore.com\/fr\/tours\/les-pays-bas-fr\/amsterdam-fr\/visite-privee-de-keukenhof-au-depart-damsterdam\/#breadcrumb","itemListElement":[{"@type":"ListItem","position":1,"name":"Home","item":"https:\/\/tourtravelandmore.com\/fr\/"},{"@type":"ListItem","position":2,"name":"Tours","item":"https:\/\/tourtravelandmore.com\/fr\/tours\/"},{"@type":"ListItem","position":3,"name":"Visite priv\u00e9e de Keukenhof au d\u00e9part d&#8217;Amsterdam"}]},{"@type":"WebSite","@id":"https:\/\/tourtravelandmore.com\/fr\/#website","url":"https:\/\/tourtravelandmore.com\/fr\/","name":"Tour Travel And More","description":"Private sightseeing tours and luxury transfers in Spain","publisher":{"@id":"https:\/\/tourtravelandmore.com\/fr\/#organization"},"potentialAction":[{"@type":"SearchAction","target":{"@type":"EntryPoint","urlTemplate":"https:\/\/tourtravelandmore.com\/fr\/?s={search_term_string}"},"query-input":{"@type":"PropertyValueSpecification","valueRequired":true,"valueName":"search_term_string"}}],"inLanguage":"fr-FR"},{"@type":"Organization","@id":"https:\/\/tourtravelandmore.com\/fr\/#organization","name":"Tour Travel And More","url":"https:\/\/tourtravelandmore.com\/fr\/","logo":{"@type":"ImageObject","inLanguage":"fr-FR","@id":"https:\/\/tourtravelandmore.com\/fr\/#\/schema\/logo\/image\/","url":"https:\/\/tourtravelandmore.com\/wp-content\/uploads\/2022\/12\/cropped-logo-cabecera-new.png","contentUrl":"https:\/\/tourtravelandmore.com\/wp-content\/uploads\/2022\/12\/cropped-logo-cabecera-new.png","width":430,"height":61,"caption":"Tour Travel And More"},"image":{"@id":"https:\/\/tourtravelandmore.com\/fr\/#\/schema\/logo\/image\/"},"sameAs":["https:\/\/www.facebook.com\/tourtravelandmore\/","https:\/\/x.com\/TourTravel_More"]}]}},"_links":{"self":[{"href":"https:\/\/tourtravelandmore.com\/fr\/wp-json\/wp\/v2\/product\/114057","targetHints":{"allow":["GET"]}}],"collection":[{"href":"https:\/\/tourtravelandmore.com\/fr\/wp-json\/wp\/v2\/product"}],"about":[{"href":"https:\/\/tourtravelandmore.com\/fr\/wp-json\/wp\/v2\/types\/product"}],"replies":[{"embeddable":true,"href":"https:\/\/tourtravelandmore.com\/fr\/wp-json\/wp\/v2\/comments?post=114057"}],"wp:featuredmedia":[{"embeddable":true,"href":"https:\/\/tourtravelandmore.com\/fr\/wp-json\/wp\/v2\/media\/114033"}],"wp:attachment":[{"href":"https:\/\/tourtravelandmore.com\/fr\/wp-json\/wp\/v2\/media?parent=114057"}],"wp:term":[{"taxonomy":"product_brand","embeddable":true,"href":"https:\/\/tourtravelandmore.com\/fr\/wp-json\/wp\/v2\/product_brand?post=114057"},{"taxonomy":"product_cat","embeddable":true,"href":"https:\/\/tourtravelandmore.com\/fr\/wp-json\/wp\/v2\/product_cat?post=114057"},{"taxonomy":"product_tag","embeddable":true,"href":"https:\/\/tourtravelandmore.com\/fr\/wp-json\/wp\/v2\/product_tag?post=114057"}],"curies":[{"name":"wp","href":"https:\/\/api.w.org\/{rel}","templated":true}]}}