{"id":114000,"date":"2021-11-22T16:56:47","date_gmt":"2021-11-22T15:56:47","guid":{"rendered":"https:\/\/tourtravelandmore.com\/tours\/non%20class\u00e9\/visite-privee-du-quartier-juif-damsterdam\/"},"modified":"2021-12-06T16:12:48","modified_gmt":"2021-12-06T15:12:48","slug":"visite-privee-du-quartier-juif-damsterdam","status":"publish","type":"product","link":"https:\/\/tourtravelandmore.com\/fr\/tours\/les-pays-bas-fr\/amsterdam-fr\/visite-privee-du-quartier-juif-damsterdam\/","title":{"rendered":"Visite priv\u00e9e du quartier juif d&#8217;Amsterdam"},"content":{"rendered":"<h2><strong>Description de la visite priv\u00e9e du quartier juif<\/strong><\/h2>\n<p><span style=\"font-weight: 400;\">Amsterdam est une ville qui a toujours \u00e9t\u00e9 consid\u00e9r\u00e9e comme la J\u00e9rusalem europ\u00e9enne. Depuis l&#8217;Antiquit\u00e9, elle a permis \u00e0 ses habitants d&#8217;exprimer leur affinit\u00e9 pour le culte.<\/span><\/p>\n<p><span style=\"font-weight: 400;\">Par cons\u00e9quent, \u00e0 partir du milieu du XVIe si\u00e8cle, une grande partie de la population juive s&#8217;est install\u00e9e dans cette m\u00e9tropole, formant ainsi ce que l&#8217;on appelle aujourd&#8217;hui le quartier culturel juif d&#8217;Amsterdam.<\/span><\/p>\n<p><span style=\"font-weight: 400;\">Ce quartier historique a \u00e9galement servi de foyer \u00e0 de nombreux Juifs fuyant les nazis pendant la Seconde Guerre mondiale.\u00a0<\/span><\/p>\n<p><span style=\"font-weight: 400;\">Ainsi, avec notre <\/span><b>visite priv\u00e9e, <\/b><span style=\"font-weight: 400;\">vous profiterez d&#8217;une visite guid\u00e9e de l&#8217;embl\u00e9matique <\/span><b>quartier juif d&#8217;Amsterdam<\/b><span style=\"font-weight: 400;\">. En m\u00eame temps, vous aurez un guide expert (parlant anglais ou espagnol) qui vous montrera les endroits les plus repr\u00e9sentatifs et historiques du quartier.\u00a0<\/span><\/p>\n<p><span style=\"font-weight: 400;\">Vous d\u00e9couvrirez ainsi son histoire et la grande influence que la communaut\u00e9 juive a eue sur la vie de la ville.<\/span><\/p>\n<p><span style=\"font-weight: 400;\">La visite a une dur\u00e9e de 2 heures. <\/span><b>Vous serez accompagn\u00e9 d&#8217;un guide qui s&#8217;adaptera \u00e0 votre rythme, \u00e0 vos besoins et \u00e0 vos int\u00e9r\u00eats.<\/b><\/p>\n<p><span style=\"font-weight: 400;\">L&#8217;id\u00e9e est que vous ne manquiez aucun d\u00e9tail de tous les sites historiques de ce quartier, qui est une r\u00e9f\u00e9rence historique de la communaut\u00e9 juive dans le monde.<\/span><\/p>\n<p><span style=\"font-weight: 400;\">Le guide priv\u00e9 expliquera l&#8217;arriv\u00e9e de la <\/span><b>communaut\u00e9 juive, ainsi que <\/b><span style=\"font-weight: 400;\">le sujet de la r\u00e9sistance et de la d\u00e9portation vers les camps de concentration pendant la <\/span><b>Seconde Guerre mondiale<\/b><span style=\"font-weight: 400;\">, parmi de nombreux autres faits historiques.<\/span><\/p>\n<p><span style=\"font-weight: 400;\">En vous promenant dans le vieux quartier juif, vous pourrez voir de pr\u00e8s l&#8217;h\u00e9ritage des communaut\u00e9s ashk\u00e9naze et s\u00e9pharade.<\/span><\/p>\n<p><span style=\"font-weight: 400;\">De plus, au cours de la <\/span><b>visite \u00e0 pied, <\/b><span style=\"font-weight: 400;\">vous aurez l&#8217;occasion de prendre autant de photos que vous le souhaitez pour garder des souvenirs de votre voyage. Vous verrez qu&#8217;il s&#8217;agit d&#8217;une visite pleine d&#8217;histoire et de moments inoubliables.<\/span><\/p>\n<h2><span style=\"color: #d3af37;\"><b>Points d&#8217;int\u00e9r\u00eat de notre Visite Priv\u00e9e<\/b><\/span><\/h2>\n<p><span style=\"font-weight: 400;\">Aujourd&#8217;hui, le quartier juif d&#8217;Amsterdam est un point de rep\u00e8re culturel tr\u00e8s important dans toute l&#8217;Europe, facilement accessible depuis les diff\u00e9rents quartiers de la ville, notamment par les transports publics.<\/span><\/p>\n<p><span style=\"font-weight: 400;\">Au cours de notre visite, vous traverserez l&#8217;un des <\/span><b>plus beaux quartiers de la ville <\/b><span style=\"font-weight: 400;\">et, en outre, vous visiterez les principales attractions touristiques du quartier juif :<\/span><\/p>\n<p><span style=\"font-weight: 400;\">&#8211; <\/span><b>Place Waterlooplein : <\/b><span style=\"font-weight: 400;\">sur cette place, vous verrez l&#8217;ancien march\u00e9 juif qui a disparu en 1942 sur ordre des nazis, et qui a \u00e9t\u00e9 repris \u00e0 la fin du XXe si\u00e8cle. En outre, vous pourrez interagir avec la vie quotidienne d&#8217;Amsterdam et, en m\u00eame temps, vous serez tout pr\u00e8s de la rivi\u00e8re <\/span><i><span style=\"font-weight: 400;\">Amstel<\/span><\/i><span style=\"font-weight: 400;\">, o\u00f9 vous pourrez capturer de bons moments avec votre appareil photo.\u00a0<\/span><\/p>\n<p><span style=\"font-weight: 400;\">&#8211; <\/span><b>Monument Spinoza <\/b><span style=\"font-weight: 400;\">: vous verrez le monument qui sert d&#8217;hommage au grand philosophe juif Baruch Spinoza, qui se trouve pr\u00e8s du b\u00e2timent de l&#8217;h\u00f4tel de ville.<\/span><\/p>\n<p><span style=\"font-weight: 400;\">&#8211; <\/span><b>M\u00e9morial national de l&#8217;Holocauste <\/b><span style=\"font-weight: 400;\">: au cours de la visite, le guide vous accompagnera au m\u00e9morial qui rend hommage aux milliers de Juifs assassin\u00e9s par les nazis pendant la Seconde Guerre mondiale.<\/span><\/p>\n<p><span style=\"font-weight: 400;\">&#8211; <\/span><b>The Jewish High Street <\/b><span style=\"font-weight: 400;\">: est l&#8217;une des rues les plus visit\u00e9es et les plus touristiques d&#8217;Amsterdam. Elle est situ\u00e9e entre Sint Antoniesluis et le p\u00e9riph\u00e9rique M. Visserplein. Elle a \u00e9t\u00e9 habit\u00e9e par de nombreuses communaut\u00e9s juives. Et dans cette rue se trouve la maison o\u00f9 le c\u00e9l\u00e8bre artiste Rembrandt a v\u00e9cu entre 1631 et 1635.<\/span><\/p>\n<p><span style=\"font-weight: 400;\">&#8211; <\/span><b>La maison d&#8217;Anna Frank : <\/b><span style=\"font-weight: 400;\">dans cette c\u00e9l\u00e8bre maison, vous d\u00e9couvrirez l&#8217;histoire bouleversante de la petite fille juive qui s&#8217;est cach\u00e9e pendant 2 longues ann\u00e9es pour fuir l&#8217;occupation nazie. C&#8217;est l\u00e0, sous les ruines de sa propre maison, qu&#8217;elle a \u00e9crit le c\u00e9l\u00e8bre ouvrage intitul\u00e9 <\/span><i><span style=\"font-weight: 400;\">&#8220;Le journal d&#8217;Anna Frank&#8221;.\u00a0\u00a0<\/span><\/i><\/p>\n<p><span style=\"font-weight: 400;\">&#8211; <\/span><b>Le quartier rouge <\/b><span style=\"font-weight: 400;\">: ce quartier abrite de nombreux mus\u00e9es, dont le mus\u00e9e historique juif et le mus\u00e9e de la maison Rembrandt.<\/span><\/p>\n<p><span style=\"font-weight: 400;\">En plus de ces attractions, vous aurez l&#8217;occasion d&#8217;explorer le canal de l&#8217;Ombre, la grandiose synagogue portugaise et <\/span><b>plus de 45 autres points d&#8217;int\u00e9r\u00eat <\/b><span style=\"font-weight: 400;\">o\u00f9 vous serez en contact avec toute la culture de la communaut\u00e9 juive d&#8217;Amsterdam.<\/span><\/p>\n<p><span style=\"font-weight: 400;\">Si vous disposez d&#8217;un peu plus de temps, nous vous recommandons de compl\u00e9ter cette visite par le <\/span><i><span style=\"font-weight: 400;\"><a href=\"https:\/\/tourtravelandmore.com\/es\/tours\/paises-bajos-es\/amsterdam-es\/tour-a-pie-de-anna-frank-por-el-barrio-judio\/\">circuit p\u00e9destre Anna Frank dans le quartier juif<\/a>. <\/span><\/i><span style=\"font-weight: 400;\">Ainsi, vous aurez une visite compl\u00e8te de la vie d&#8217;Anna Frank et de son r\u00f4le courageux dans l&#8217;histoire de la r\u00e9sistance juive.<\/span><\/p>\n","protected":false},"excerpt":{"rendered":"<p>D\u00e9couvrez toute l&#8217;histoire et l&#8217;influence de la communaut\u00e9 juive lors de notre visite priv\u00e9e du quartier juif d&#8217;Amsterdam. Votre guide priv\u00e9 vous fera d\u00e9couvrir de nombreux lieux embl\u00e9matiques tels que la place Waterlooplein, le monument Spinoza, la rue principale juive, la maison d&#8217;Anne Frank, entre autres. De m\u00eame, vous conna\u00eetrez les donn\u00e9es historiques du plus grand int\u00e9r\u00eat dans une excursion personnalis\u00e9e et exclusive.<\/p>\n","protected":false},"featured_media":113930,"comment_status":"open","ping_status":"closed","template":"","meta":{"_acf_changed":false},"product_brand":[],"product_cat":[3668,3633,4003,4011],"product_tag":[],"class_list":{"0":"post-114000","1":"product","2":"type-product","3":"status-publish","4":"has-post-thumbnail","6":"product_cat-les-pays-bas-fr","7":"product_cat-amsterdam-fr","8":"product_cat-all-private-tours-activities-fr-2","9":"product_cat-private-walking-tours-fr-2","11":"first","12":"instock","13":"shipping-taxable","14":"purchasable","15":"product-type-simple"},"acf":[],"yoast_head":"<!-- This site is optimized with the Yoast SEO Premium plugin v25.3.1 (Yoast SEO v25.3.1) - https:\/\/yoast.com\/wordpress\/plugins\/seo\/ -->\n<title>Visite priv\u00e9e du quartier juif d&#039;Amsterdam avec guide priv\u00e9 inclus<\/title>\n<meta name=\"description\" content=\"Vous voulez conna\u00eetre le c\u00e9l\u00e8bre quartier juif d&#039;Amsterdam ? Prenez 2 heures pour profiter d&#039;une visite priv\u00e9e du quartier qui a accueilli les Juifs depuis le 16\u00e8me si\u00e8cle.\" \/>\n<meta name=\"robots\" content=\"index, follow, max-snippet:-1, max-image-preview:large, max-video-preview:-1\" \/>\n<link rel=\"canonical\" href=\"https:\/\/tourtravelandmore.com\/fr\/tours\/les-pays-bas-fr\/amsterdam-fr\/visite-privee-du-quartier-juif-damsterdam\/\" \/>\n<meta property=\"og:locale\" content=\"fr_FR\" \/>\n<meta property=\"og:type\" content=\"article\" \/>\n<meta property=\"og:title\" content=\"Visite priv\u00e9e du quartier juif d&#039;Amsterdam\" \/>\n<meta property=\"og:description\" content=\"Vous voulez conna\u00eetre le c\u00e9l\u00e8bre quartier juif d&#039;Amsterdam ? Prenez 2 heures pour profiter d&#039;une visite priv\u00e9e du quartier qui a accueilli les Juifs depuis le 16\u00e8me si\u00e8cle.\" \/>\n<meta property=\"og:url\" content=\"https:\/\/tourtravelandmore.com\/fr\/tours\/les-pays-bas-fr\/amsterdam-fr\/visite-privee-du-quartier-juif-damsterdam\/\" \/>\n<meta property=\"og:site_name\" content=\"Tour Travel And More\" \/>\n<meta property=\"article:publisher\" content=\"https:\/\/www.facebook.com\/tourtravelandmore\/\" \/>\n<meta property=\"article:modified_time\" content=\"2021-12-06T15:12:48+00:00\" \/>\n<meta property=\"og:image\" content=\"https:\/\/tourtravelandmore.com\/wp-content\/uploads\/2021\/11\/image65.jpg\" \/>\n\t<meta property=\"og:image:width\" content=\"910\" \/>\n\t<meta property=\"og:image:height\" content=\"607\" \/>\n\t<meta property=\"og:image:type\" content=\"image\/jpeg\" \/>\n<meta name=\"twitter:card\" content=\"summary_large_image\" \/>\n<meta name=\"twitter:site\" content=\"@TourTravel_More\" \/>\n<meta name=\"twitter:label1\" content=\"Dur\u00e9e de lecture estim\u00e9e\" \/>\n\t<meta name=\"twitter:data1\" content=\"4 minutes\" \/>\n<script type=\"application\/ld+json\" class=\"yoast-schema-graph\">{\"@context\":\"https:\/\/schema.org\",\"@graph\":[{\"@type\":\"WebPage\",\"@id\":\"https:\/\/tourtravelandmore.com\/fr\/tours\/les-pays-bas-fr\/amsterdam-fr\/visite-privee-du-quartier-juif-damsterdam\/\",\"url\":\"https:\/\/tourtravelandmore.com\/fr\/tours\/les-pays-bas-fr\/amsterdam-fr\/visite-privee-du-quartier-juif-damsterdam\/\",\"name\":\"Visite priv\u00e9e du quartier juif d'Amsterdam avec guide priv\u00e9 inclus\",\"isPartOf\":{\"@id\":\"https:\/\/tourtravelandmore.com\/fr\/#website\"},\"primaryImageOfPage\":{\"@id\":\"https:\/\/tourtravelandmore.com\/fr\/tours\/les-pays-bas-fr\/amsterdam-fr\/visite-privee-du-quartier-juif-damsterdam\/#primaryimage\"},\"image\":{\"@id\":\"https:\/\/tourtravelandmore.com\/fr\/tours\/les-pays-bas-fr\/amsterdam-fr\/visite-privee-du-quartier-juif-damsterdam\/#primaryimage\"},\"thumbnailUrl\":\"https:\/\/tourtravelandmore.com\/wp-content\/uploads\/2021\/11\/image65.jpg\",\"datePublished\":\"2021-11-22T15:56:47+00:00\",\"dateModified\":\"2021-12-06T15:12:48+00:00\",\"description\":\"Vous voulez conna\u00eetre le c\u00e9l\u00e8bre quartier juif d'Amsterdam ? Prenez 2 heures pour profiter d'une visite priv\u00e9e du quartier qui a accueilli les Juifs depuis le 16\u00e8me si\u00e8cle.\",\"breadcrumb\":{\"@id\":\"https:\/\/tourtravelandmore.com\/fr\/tours\/les-pays-bas-fr\/amsterdam-fr\/visite-privee-du-quartier-juif-damsterdam\/#breadcrumb\"},\"inLanguage\":\"fr-FR\",\"potentialAction\":[{\"@type\":\"ReadAction\",\"target\":[\"https:\/\/tourtravelandmore.com\/fr\/tours\/les-pays-bas-fr\/amsterdam-fr\/visite-privee-du-quartier-juif-damsterdam\/\"]}]},{\"@type\":\"ImageObject\",\"inLanguage\":\"fr-FR\",\"@id\":\"https:\/\/tourtravelandmore.com\/fr\/tours\/les-pays-bas-fr\/amsterdam-fr\/visite-privee-du-quartier-juif-damsterdam\/#primaryimage\",\"url\":\"https:\/\/tourtravelandmore.com\/wp-content\/uploads\/2021\/11\/image65.jpg\",\"contentUrl\":\"https:\/\/tourtravelandmore.com\/wp-content\/uploads\/2021\/11\/image65.jpg\",\"width\":910,\"height\":607},{\"@type\":\"BreadcrumbList\",\"@id\":\"https:\/\/tourtravelandmore.com\/fr\/tours\/les-pays-bas-fr\/amsterdam-fr\/visite-privee-du-quartier-juif-damsterdam\/#breadcrumb\",\"itemListElement\":[{\"@type\":\"ListItem\",\"position\":1,\"name\":\"Home\",\"item\":\"https:\/\/tourtravelandmore.com\/fr\/\"},{\"@type\":\"ListItem\",\"position\":2,\"name\":\"Tours\",\"item\":\"https:\/\/tourtravelandmore.com\/fr\/tours\/\"},{\"@type\":\"ListItem\",\"position\":3,\"name\":\"Visite priv\u00e9e du quartier juif d&#8217;Amsterdam\"}]},{\"@type\":\"WebSite\",\"@id\":\"https:\/\/tourtravelandmore.com\/fr\/#website\",\"url\":\"https:\/\/tourtravelandmore.com\/fr\/\",\"name\":\"Tour Travel And More\",\"description\":\"Private sightseeing tours and luxury transfers in Spain\",\"publisher\":{\"@id\":\"https:\/\/tourtravelandmore.com\/fr\/#organization\"},\"potentialAction\":[{\"@type\":\"SearchAction\",\"target\":{\"@type\":\"EntryPoint\",\"urlTemplate\":\"https:\/\/tourtravelandmore.com\/fr\/?s={search_term_string}\"},\"query-input\":{\"@type\":\"PropertyValueSpecification\",\"valueRequired\":true,\"valueName\":\"search_term_string\"}}],\"inLanguage\":\"fr-FR\"},{\"@type\":\"Organization\",\"@id\":\"https:\/\/tourtravelandmore.com\/fr\/#organization\",\"name\":\"Tour Travel And More\",\"url\":\"https:\/\/tourtravelandmore.com\/fr\/\",\"logo\":{\"@type\":\"ImageObject\",\"inLanguage\":\"fr-FR\",\"@id\":\"https:\/\/tourtravelandmore.com\/fr\/#\/schema\/logo\/image\/\",\"url\":\"https:\/\/tourtravelandmore.com\/wp-content\/uploads\/2022\/12\/cropped-logo-cabecera-new.png\",\"contentUrl\":\"https:\/\/tourtravelandmore.com\/wp-content\/uploads\/2022\/12\/cropped-logo-cabecera-new.png\",\"width\":430,\"height\":61,\"caption\":\"Tour Travel And More\"},\"image\":{\"@id\":\"https:\/\/tourtravelandmore.com\/fr\/#\/schema\/logo\/image\/\"},\"sameAs\":[\"https:\/\/www.facebook.com\/tourtravelandmore\/\",\"https:\/\/x.com\/TourTravel_More\"]}]}<\/script>\n<!-- \/ Yoast SEO Premium plugin. -->","yoast_head_json":{"title":"Visite priv\u00e9e du quartier juif d'Amsterdam avec guide priv\u00e9 inclus","description":"Vous voulez conna\u00eetre le c\u00e9l\u00e8bre quartier juif d'Amsterdam ? Prenez 2 heures pour profiter d'une visite priv\u00e9e du quartier qui a accueilli les Juifs depuis le 16\u00e8me si\u00e8cle.","robots":{"index":"index","follow":"follow","max-snippet":"max-snippet:-1","max-image-preview":"max-image-preview:large","max-video-preview":"max-video-preview:-1"},"canonical":"https:\/\/tourtravelandmore.com\/fr\/tours\/les-pays-bas-fr\/amsterdam-fr\/visite-privee-du-quartier-juif-damsterdam\/","og_locale":"fr_FR","og_type":"article","og_title":"Visite priv\u00e9e du quartier juif d'Amsterdam","og_description":"Vous voulez conna\u00eetre le c\u00e9l\u00e8bre quartier juif d'Amsterdam ? Prenez 2 heures pour profiter d'une visite priv\u00e9e du quartier qui a accueilli les Juifs depuis le 16\u00e8me si\u00e8cle.","og_url":"https:\/\/tourtravelandmore.com\/fr\/tours\/les-pays-bas-fr\/amsterdam-fr\/visite-privee-du-quartier-juif-damsterdam\/","og_site_name":"Tour Travel And More","article_publisher":"https:\/\/www.facebook.com\/tourtravelandmore\/","article_modified_time":"2021-12-06T15:12:48+00:00","og_image":[{"width":910,"height":607,"url":"https:\/\/tourtravelandmore.com\/wp-content\/uploads\/2021\/11\/image65.jpg","type":"image\/jpeg"}],"twitter_card":"summary_large_image","twitter_site":"@TourTravel_More","twitter_misc":{"Dur\u00e9e de lecture estim\u00e9e":"4 minutes"},"schema":{"@context":"https:\/\/schema.org","@graph":[{"@type":"WebPage","@id":"https:\/\/tourtravelandmore.com\/fr\/tours\/les-pays-bas-fr\/amsterdam-fr\/visite-privee-du-quartier-juif-damsterdam\/","url":"https:\/\/tourtravelandmore.com\/fr\/tours\/les-pays-bas-fr\/amsterdam-fr\/visite-privee-du-quartier-juif-damsterdam\/","name":"Visite priv\u00e9e du quartier juif d'Amsterdam avec guide priv\u00e9 inclus","isPartOf":{"@id":"https:\/\/tourtravelandmore.com\/fr\/#website"},"primaryImageOfPage":{"@id":"https:\/\/tourtravelandmore.com\/fr\/tours\/les-pays-bas-fr\/amsterdam-fr\/visite-privee-du-quartier-juif-damsterdam\/#primaryimage"},"image":{"@id":"https:\/\/tourtravelandmore.com\/fr\/tours\/les-pays-bas-fr\/amsterdam-fr\/visite-privee-du-quartier-juif-damsterdam\/#primaryimage"},"thumbnailUrl":"https:\/\/tourtravelandmore.com\/wp-content\/uploads\/2021\/11\/image65.jpg","datePublished":"2021-11-22T15:56:47+00:00","dateModified":"2021-12-06T15:12:48+00:00","description":"Vous voulez conna\u00eetre le c\u00e9l\u00e8bre quartier juif d'Amsterdam ? Prenez 2 heures pour profiter d'une visite priv\u00e9e du quartier qui a accueilli les Juifs depuis le 16\u00e8me si\u00e8cle.","breadcrumb":{"@id":"https:\/\/tourtravelandmore.com\/fr\/tours\/les-pays-bas-fr\/amsterdam-fr\/visite-privee-du-quartier-juif-damsterdam\/#breadcrumb"},"inLanguage":"fr-FR","potentialAction":[{"@type":"ReadAction","target":["https:\/\/tourtravelandmore.com\/fr\/tours\/les-pays-bas-fr\/amsterdam-fr\/visite-privee-du-quartier-juif-damsterdam\/"]}]},{"@type":"ImageObject","inLanguage":"fr-FR","@id":"https:\/\/tourtravelandmore.com\/fr\/tours\/les-pays-bas-fr\/amsterdam-fr\/visite-privee-du-quartier-juif-damsterdam\/#primaryimage","url":"https:\/\/tourtravelandmore.com\/wp-content\/uploads\/2021\/11\/image65.jpg","contentUrl":"https:\/\/tourtravelandmore.com\/wp-content\/uploads\/2021\/11\/image65.jpg","width":910,"height":607},{"@type":"BreadcrumbList","@id":"https:\/\/tourtravelandmore.com\/fr\/tours\/les-pays-bas-fr\/amsterdam-fr\/visite-privee-du-quartier-juif-damsterdam\/#breadcrumb","itemListElement":[{"@type":"ListItem","position":1,"name":"Home","item":"https:\/\/tourtravelandmore.com\/fr\/"},{"@type":"ListItem","position":2,"name":"Tours","item":"https:\/\/tourtravelandmore.com\/fr\/tours\/"},{"@type":"ListItem","position":3,"name":"Visite priv\u00e9e du quartier juif d&#8217;Amsterdam"}]},{"@type":"WebSite","@id":"https:\/\/tourtravelandmore.com\/fr\/#website","url":"https:\/\/tourtravelandmore.com\/fr\/","name":"Tour Travel And More","description":"Private sightseeing tours and luxury transfers in Spain","publisher":{"@id":"https:\/\/tourtravelandmore.com\/fr\/#organization"},"potentialAction":[{"@type":"SearchAction","target":{"@type":"EntryPoint","urlTemplate":"https:\/\/tourtravelandmore.com\/fr\/?s={search_term_string}"},"query-input":{"@type":"PropertyValueSpecification","valueRequired":true,"valueName":"search_term_string"}}],"inLanguage":"fr-FR"},{"@type":"Organization","@id":"https:\/\/tourtravelandmore.com\/fr\/#organization","name":"Tour Travel And More","url":"https:\/\/tourtravelandmore.com\/fr\/","logo":{"@type":"ImageObject","inLanguage":"fr-FR","@id":"https:\/\/tourtravelandmore.com\/fr\/#\/schema\/logo\/image\/","url":"https:\/\/tourtravelandmore.com\/wp-content\/uploads\/2022\/12\/cropped-logo-cabecera-new.png","contentUrl":"https:\/\/tourtravelandmore.com\/wp-content\/uploads\/2022\/12\/cropped-logo-cabecera-new.png","width":430,"height":61,"caption":"Tour Travel And More"},"image":{"@id":"https:\/\/tourtravelandmore.com\/fr\/#\/schema\/logo\/image\/"},"sameAs":["https:\/\/www.facebook.com\/tourtravelandmore\/","https:\/\/x.com\/TourTravel_More"]}]}},"_links":{"self":[{"href":"https:\/\/tourtravelandmore.com\/fr\/wp-json\/wp\/v2\/product\/114000","targetHints":{"allow":["GET"]}}],"collection":[{"href":"https:\/\/tourtravelandmore.com\/fr\/wp-json\/wp\/v2\/product"}],"about":[{"href":"https:\/\/tourtravelandmore.com\/fr\/wp-json\/wp\/v2\/types\/product"}],"replies":[{"embeddable":true,"href":"https:\/\/tourtravelandmore.com\/fr\/wp-json\/wp\/v2\/comments?post=114000"}],"wp:featuredmedia":[{"embeddable":true,"href":"https:\/\/tourtravelandmore.com\/fr\/wp-json\/wp\/v2\/media\/113930"}],"wp:attachment":[{"href":"https:\/\/tourtravelandmore.com\/fr\/wp-json\/wp\/v2\/media?parent=114000"}],"wp:term":[{"taxonomy":"product_brand","embeddable":true,"href":"https:\/\/tourtravelandmore.com\/fr\/wp-json\/wp\/v2\/product_brand?post=114000"},{"taxonomy":"product_cat","embeddable":true,"href":"https:\/\/tourtravelandmore.com\/fr\/wp-json\/wp\/v2\/product_cat?post=114000"},{"taxonomy":"product_tag","embeddable":true,"href":"https:\/\/tourtravelandmore.com\/fr\/wp-json\/wp\/v2\/product_tag?post=114000"}],"curies":[{"name":"wp","href":"https:\/\/api.w.org\/{rel}","templated":true}]}}