{"id":111128,"date":"2021-09-17T11:39:52","date_gmt":"2021-09-17T09:40:07","guid":{"rendered":"https:\/\/tourtravelandmore.com\/?post_type=product&#038;p=111128"},"modified":"2022-01-31T12:29:06","modified_gmt":"2022-01-31T11:29:06","slug":"visite-privee-de-marthas-vineyard-island-au-depart-de-boston","status":"publish","type":"product","link":"https:\/\/tourtravelandmore.com\/fr\/tours\/etats-unis-fr\/boston-fr\/visite-privee-de-marthas-vineyard-island-au-depart-de-boston\/","title":{"rendered":"Visite priv\u00e9e de Martha&#8217;s Vineyard Island au d\u00e9part de Boston"},"content":{"rendered":"<p><b>Aper\u00e7u de notre visite priv\u00e9e de Martha&#8217;s Vineyard Island<\/b><\/p>\n<p>Voulez-vous explorer pleinement l&#8217;\u00eele de Martha&#8217;s Vineyard? Lors de cette visite priv\u00e9e au d\u00e9part de Boston, vous d\u00e9couvrirez en profondeur les plus belles choses de la ville. Lorsque le soleil se l\u00e8ve \u00e0 cet endroit, rien ne peut battre cette exp\u00e9rience dans l&#8217;oc\u00e9an, ainsi que de sentir le sable sur vos pieds.<\/p>\n<p>Vous aurez l&#8217;occasion d&#8217;admirer certaines des maisons les plus remarquables d&#8217;Oak Bluffs Village, des boutiques, des falaises uniques et plus encore. Tout cela, lors d&#8217;une visite de 3 heures directement sur l&#8217;\u00eele de Martha avec votre guide local.<\/p>\n<p><b>Que peut-on voir lors de la visite priv\u00e9e de Martha&#8217;s Vineyard Island au d\u00e9part de Boston?<\/b><\/p>\n<p>Lors de cette excursion au d\u00e9part de Boston, vous pourrez d\u00e9couvrir la beaut\u00e9 de l&#8217;\u00eele sans avoir \u00e0 vous soucier d&#8217;un billet de ferry. De plus, vous pourrez vous d\u00e9placer confortablement avec un chauffeur priv\u00e9, votre guide vous attendra sur l&#8217;\u00eele pour commencer votre visite de 3 heures. Comme il s&#8217;agit d&#8217;une visite qui vient de Boston, la dur\u00e9e de la visite peut durer environ 10 heures.<\/p>\n<p>Vous pouvez profiter de tout, de la prise en charge \u00e0 l&#8217;h\u00f4tel au retour, avec les billets de ferry aller-retour inclus. Cette visite priv\u00e9e a \u00e9t\u00e9 con\u00e7ue dans le but de tirer le meilleur parti du temps disponible, avec la possibilit\u00e9 d&#8217;explorer les villes qui composent l&#8217;\u00eele. Parmi les principaux sites de la ville, citons :<\/p>\n<p><b>Les maisons en pain d&#8217;\u00e9pice \u00e0 Oak Bluff<\/b><\/p>\n<p>Oak Bluff est sans doute une zone qui ressemble \u00e0 quelque chose d&#8217;un conte de f\u00e9es. C&#8217;est un groupe de maisons peintes de couleurs qui donnent l&#8217;impression qu&#8217;elles \u00e9taient en sucre. Ils sont entrelac\u00e9s de quelques d\u00e9tails et vari\u00e9t\u00e9s de formes qui font de la ville c\u00f4ti\u00e8re un joyau unique ; C&#8217;est pourquoi on l&#8217;appelle les maisons en pain d&#8217;\u00e9pice ou les maisons en pain d&#8217;\u00e9pice.<\/p>\n<p><b>Le Carrousel du Cheval Volant<\/b><\/p>\n<p>Il s&#8217;agit d&#8217;un monument historique construit en 1876, et c&#8217;est le plus ancien carrousel en fonctionnement continu du pays. C&#8217;est une activit\u00e9 tr\u00e8s divertissante pour les enfants et les adultes qui souhaitent participer \u00e0 l&#8217;une des actions les plus nostalgiques de Martha&#8217;s Vineyard.<\/p>\n<p><b>Le pique-nique de Martha&#8217;s Vineyard<\/b><\/p>\n<p>S&#8217;il y a une chose qui est capable de laisser sa marque dans l&#8217;esprit des visiteurs, c&#8217;est de regarder le magnifique coucher de soleil sur la plage de Menemsha tout en d\u00e9gustant des homards cuits \u00e0 la vapeur. Vous pouvez \u00e9galement manger une chaudr\u00e9e de palourdes et vous installer confortablement sur les rives sablonneuses de la ville.<\/p>\n<p><b>Les falaises d&#8217;Aquinnah<\/b><\/p>\n<p>C&#8217;est un incontournable lors du passage dans la ville d&#8217;Aquinnah. C&#8217;est une s\u00e9rie de falaises d&#8217;argile qui ont des couleurs diff\u00e9rentes. Vous pouvez parcourir les sentiers jusqu&#8217;au sommet des falaises ou visiter les sentiers inf\u00e9rieurs de la plage, parfaits pour s&#8217;asseoir et regarder le coucher du soleil.<\/p>\n<p><b>Rencontrez les alpagas de l&#8217;\u00eele<\/b><\/p>\n<p>C&#8217;est un endroit plein de cr\u00e9atures fascinantes, dans lequel il y a plus de 50 alpagas. The Island Alpaca Company est un lieu d\u00e9di\u00e9 \u00e0 l&#8217;\u00e9levage de ces cr\u00e9atures avec de la laine de la plus haute qualit\u00e9. C&#8217;est une visite o\u00f9 toute la famille peut s&#8217;amuser.<\/p>\n<p><b>Le phare du port d&#8217;Edgartown<\/b><\/p>\n<p>Ce phare est un point qui marque l&#8217;entr\u00e9e du port entre la r\u00e9gion de Martha&#8217;s Vineyard et Chappaquiddick. L\u00e0, vous pourrez profiter de l&#8217;air frais et de belles vues sur l&#8217;eau.<\/p>\n<p><b>O\u00f9 commence la visite priv\u00e9e de Martha&#8217;s Vineyard Island au d\u00e9part de Boston ?<\/b><\/p>\n<p>Toute l&#8217;exp\u00e9rience commencera \u00e0 partir du moment o\u00f9 le chauffeur viendra vous chercher \u00e0 votre h\u00f4tel. Certains des lieux de prise en charge \u00e0 l&#8217;h\u00f4tel \u00e0 Boston incluent :<\/p>\n<ul>\n<li aria-level=\"1\">L&#8217;h\u00f4tel Ames<\/li>\n<li aria-level=\"1\">H\u00f4tel Boston Common<\/li>\n<li aria-level=\"1\">H\u00f4tel Boston Harbor<\/li>\n<li aria-level=\"1\">auberge de Chandler<\/li>\n<li aria-level=\"1\">Colonnade<\/li>\n<li aria-level=\"1\">Douane<\/li>\n<li aria-level=\"1\">DoubleTree par Hilton Boston<\/li>\n<li aria-level=\"1\">Fairmont Copley Plaza<\/li>\n<li aria-level=\"1\">H\u00f4tel Quinze Balise<\/li>\n<li aria-level=\"1\">H\u00f4tel Four Seasons Boston<\/li>\n<li aria-level=\"1\">Hampton Inn &amp; Suites Boston Crosstown Center<\/li>\n<\/ul>\n<p>En plus de ceux-ci, il existe \u00e9galement de nombreux autres h\u00f4tels, il vous suffit de nous contacter pour plus de d\u00e9tails. De cette fa\u00e7on, lorsque vous commencez le tour, vous et ceux qui vous accompagnent pouvez profiter au maximum d&#8217;une exp\u00e9rience inoubliable avec ce tour dans une voiture de luxe.<\/p>\n<p><b>\u00c0 quoi s&#8217;attendre pendant le voyage?<\/b><\/p>\n<p>Tout d&#8217;abord, vous pouvez commencer par une prise en charge tr\u00e8s agr\u00e9able \u00e0 l&#8217;h\u00f4tel le matin. Apr\u00e8s cela, il faudra quelques heures en voiture de Boston \u00e0 Falmouth, et \u00e0 votre arriv\u00e9e \u00e0 destination, vous serez transf\u00e9r\u00e9 \u00e0 l&#8217;Island Queen Pier pour embarquer sur le ferry. Le billet pour cela est inclus, vous n&#8217;aurez donc pas \u00e0 faire la queue \u00e0 l&#8217;embarcad\u00e8re. Ainsi, vous pouvez profiter d&#8217;une petite croisi\u00e8re lors d&#8217;un trajet jusqu&#8217;\u00e0 Martha&#8217;s Vineyard qui dure 35 minutes.<\/p>\n<p>A partir de ce moment, les passagers auront plusieurs heures pour explorer les lieux \u00e0 leur guise. Gr\u00e2ce \u00e0 l&#8217;excursion priv\u00e9e de 3 heures, vous pourrez profiter au maximum de la pr\u00e9sentation de l&#8217;\u00eele. Votre guide sera en mesure de vous apprendre de nombreux faits int\u00e9ressants concernant l&#8217;histoire locale.<\/p>\n<p>Apr\u00e8s l&#8217;excursion, il reste encore un peu de temps pour explorer l&#8217;\u00eele par eux-m\u00eames. Si vous souhaitez plus d&#8217;informations ou des cartes de la r\u00e9gion pour r\u00e9server des activit\u00e9s suppl\u00e9mentaires, vous pouvez contacter le chauffeur ou le guide touristique, qui pourra vous donner plus d&#8217;informations \u00e0 ce sujet.<\/p>\n<p>Enfin, vous devrez monter \u00e0 bord du ferry pour retourner au port de Falmouth et compl\u00e9ter l&#8217;exp\u00e9rience v\u00e9cue sur l&#8217;\u00eele. De plus, de l&#8217;eau et une petite collation vous seront fournies lors du voyage de retour \u00e0 Boston. Ensuite, le chauffeur peut vous d\u00e9poser \u00e0 votre h\u00f4tel en ville.<\/p>\n","protected":false},"excerpt":{"rendered":"<p>Gr\u00e2ce \u00e0 cette visite priv\u00e9e de Martha&#8217;s Vineyard Island au d\u00e9part de Boston, vous et votre famille profiterez d&#8217;un voyage qu&#8217;ils n&#8217;oublieront jamais. D\u00e9couvrez quelques caract\u00e9ristiques de ce voyage passionnant.<\/p>\n","protected":false},"featured_media":111147,"comment_status":"open","ping_status":"closed","template":"","meta":{"_acf_changed":false},"product_brand":[],"product_cat":[3547,3771],"product_tag":[],"class_list":{"0":"post-111128","1":"product","2":"type-product","3":"status-publish","4":"has-post-thumbnail","6":"product_cat-etats-unis-fr","7":"product_cat-boston-fr","9":"first","10":"instock","11":"shipping-taxable","12":"purchasable","13":"product-type-simple"},"acf":[],"yoast_head":"<!-- This site is optimized with the Yoast SEO Premium plugin v25.3.1 (Yoast SEO v25.3.1) - https:\/\/yoast.com\/wordpress\/plugins\/seo\/ -->\n<title>Visite priv\u00e9e de Martha&#039;s Vineyard Island au d\u00e9part de Boston - Tour Travel &amp; More<\/title>\n<meta name=\"description\" content=\"\u2705 Si vous souhaitez tirer le meilleur parti de votre visite priv\u00e9e de Martha&#039;s Vineyard Island au d\u00e9part de Boston, d\u00e9couvrez comment le faire au mieux.\" \/>\n<meta name=\"robots\" content=\"index, follow, max-snippet:-1, max-image-preview:large, max-video-preview:-1\" \/>\n<link rel=\"canonical\" href=\"https:\/\/tourtravelandmore.com\/fr\/tours\/etats-unis-fr\/boston-fr\/visite-privee-de-marthas-vineyard-island-au-depart-de-boston\/\" \/>\n<meta property=\"og:locale\" content=\"fr_FR\" \/>\n<meta property=\"og:type\" content=\"article\" \/>\n<meta property=\"og:title\" content=\"Visite priv\u00e9e de Martha&#039;s Vineyard Island au d\u00e9part de Boston\" \/>\n<meta property=\"og:description\" content=\"\u2705 Si vous souhaitez tirer le meilleur parti de votre visite priv\u00e9e de Martha&#039;s Vineyard Island au d\u00e9part de Boston, d\u00e9couvrez comment le faire au mieux.\" \/>\n<meta property=\"og:url\" content=\"https:\/\/tourtravelandmore.com\/fr\/tours\/etats-unis-fr\/boston-fr\/visite-privee-de-marthas-vineyard-island-au-depart-de-boston\/\" \/>\n<meta property=\"og:site_name\" content=\"Tour Travel And More\" \/>\n<meta property=\"article:publisher\" content=\"https:\/\/www.facebook.com\/tourtravelandmore\/\" \/>\n<meta property=\"article:modified_time\" content=\"2022-01-31T11:29:06+00:00\" \/>\n<meta property=\"og:image\" content=\"https:\/\/tourtravelandmore.com\/wp-content\/uploads\/2021\/09\/Marthas-vineyard-5-scaled.jpg\" \/>\n\t<meta property=\"og:image:width\" content=\"2560\" \/>\n\t<meta property=\"og:image:height\" content=\"1707\" \/>\n\t<meta property=\"og:image:type\" content=\"image\/jpeg\" \/>\n<meta name=\"twitter:card\" content=\"summary_large_image\" \/>\n<meta name=\"twitter:site\" content=\"@TourTravel_More\" \/>\n<meta name=\"twitter:label1\" content=\"Dur\u00e9e de lecture estim\u00e9e\" \/>\n\t<meta name=\"twitter:data1\" content=\"5 minutes\" \/>\n<script type=\"application\/ld+json\" class=\"yoast-schema-graph\">{\"@context\":\"https:\/\/schema.org\",\"@graph\":[{\"@type\":\"WebPage\",\"@id\":\"https:\/\/tourtravelandmore.com\/fr\/tours\/etats-unis-fr\/boston-fr\/visite-privee-de-marthas-vineyard-island-au-depart-de-boston\/\",\"url\":\"https:\/\/tourtravelandmore.com\/fr\/tours\/etats-unis-fr\/boston-fr\/visite-privee-de-marthas-vineyard-island-au-depart-de-boston\/\",\"name\":\"Visite priv\u00e9e de Martha's Vineyard Island au d\u00e9part de Boston - Tour Travel & More\",\"isPartOf\":{\"@id\":\"https:\/\/tourtravelandmore.com\/fr\/#website\"},\"primaryImageOfPage\":{\"@id\":\"https:\/\/tourtravelandmore.com\/fr\/tours\/etats-unis-fr\/boston-fr\/visite-privee-de-marthas-vineyard-island-au-depart-de-boston\/#primaryimage\"},\"image\":{\"@id\":\"https:\/\/tourtravelandmore.com\/fr\/tours\/etats-unis-fr\/boston-fr\/visite-privee-de-marthas-vineyard-island-au-depart-de-boston\/#primaryimage\"},\"thumbnailUrl\":\"https:\/\/tourtravelandmore.com\/wp-content\/uploads\/2021\/09\/Marthas-vineyard-5-scaled.jpg\",\"datePublished\":\"2021-09-17T09:40:07+00:00\",\"dateModified\":\"2022-01-31T11:29:06+00:00\",\"description\":\"\u2705 Si vous souhaitez tirer le meilleur parti de votre visite priv\u00e9e de Martha's Vineyard Island au d\u00e9part de Boston, d\u00e9couvrez comment le faire au mieux.\",\"breadcrumb\":{\"@id\":\"https:\/\/tourtravelandmore.com\/fr\/tours\/etats-unis-fr\/boston-fr\/visite-privee-de-marthas-vineyard-island-au-depart-de-boston\/#breadcrumb\"},\"inLanguage\":\"fr-FR\",\"potentialAction\":[{\"@type\":\"ReadAction\",\"target\":[\"https:\/\/tourtravelandmore.com\/fr\/tours\/etats-unis-fr\/boston-fr\/visite-privee-de-marthas-vineyard-island-au-depart-de-boston\/\"]}]},{\"@type\":\"ImageObject\",\"inLanguage\":\"fr-FR\",\"@id\":\"https:\/\/tourtravelandmore.com\/fr\/tours\/etats-unis-fr\/boston-fr\/visite-privee-de-marthas-vineyard-island-au-depart-de-boston\/#primaryimage\",\"url\":\"https:\/\/tourtravelandmore.com\/wp-content\/uploads\/2021\/09\/Marthas-vineyard-5-scaled.jpg\",\"contentUrl\":\"https:\/\/tourtravelandmore.com\/wp-content\/uploads\/2021\/09\/Marthas-vineyard-5-scaled.jpg\",\"width\":2560,\"height\":1707},{\"@type\":\"BreadcrumbList\",\"@id\":\"https:\/\/tourtravelandmore.com\/fr\/tours\/etats-unis-fr\/boston-fr\/visite-privee-de-marthas-vineyard-island-au-depart-de-boston\/#breadcrumb\",\"itemListElement\":[{\"@type\":\"ListItem\",\"position\":1,\"name\":\"Home\",\"item\":\"https:\/\/tourtravelandmore.com\/fr\/\"},{\"@type\":\"ListItem\",\"position\":2,\"name\":\"Tours\",\"item\":\"https:\/\/tourtravelandmore.com\/fr\/tours\/\"},{\"@type\":\"ListItem\",\"position\":3,\"name\":\"Visite priv\u00e9e de Martha&rsquo;s Vineyard Island au d\u00e9part de Boston\"}]},{\"@type\":\"WebSite\",\"@id\":\"https:\/\/tourtravelandmore.com\/fr\/#website\",\"url\":\"https:\/\/tourtravelandmore.com\/fr\/\",\"name\":\"Tour Travel And More\",\"description\":\"Private sightseeing tours and luxury transfers in Spain\",\"publisher\":{\"@id\":\"https:\/\/tourtravelandmore.com\/fr\/#organization\"},\"potentialAction\":[{\"@type\":\"SearchAction\",\"target\":{\"@type\":\"EntryPoint\",\"urlTemplate\":\"https:\/\/tourtravelandmore.com\/fr\/?s={search_term_string}\"},\"query-input\":{\"@type\":\"PropertyValueSpecification\",\"valueRequired\":true,\"valueName\":\"search_term_string\"}}],\"inLanguage\":\"fr-FR\"},{\"@type\":\"Organization\",\"@id\":\"https:\/\/tourtravelandmore.com\/fr\/#organization\",\"name\":\"Tour Travel And More\",\"url\":\"https:\/\/tourtravelandmore.com\/fr\/\",\"logo\":{\"@type\":\"ImageObject\",\"inLanguage\":\"fr-FR\",\"@id\":\"https:\/\/tourtravelandmore.com\/fr\/#\/schema\/logo\/image\/\",\"url\":\"https:\/\/tourtravelandmore.com\/wp-content\/uploads\/2022\/12\/cropped-logo-cabecera-new.png\",\"contentUrl\":\"https:\/\/tourtravelandmore.com\/wp-content\/uploads\/2022\/12\/cropped-logo-cabecera-new.png\",\"width\":430,\"height\":61,\"caption\":\"Tour Travel And More\"},\"image\":{\"@id\":\"https:\/\/tourtravelandmore.com\/fr\/#\/schema\/logo\/image\/\"},\"sameAs\":[\"https:\/\/www.facebook.com\/tourtravelandmore\/\",\"https:\/\/x.com\/TourTravel_More\"]}]}<\/script>\n<!-- \/ Yoast SEO Premium plugin. -->","yoast_head_json":{"title":"Visite priv\u00e9e de Martha's Vineyard Island au d\u00e9part de Boston - Tour Travel & More","description":"\u2705 Si vous souhaitez tirer le meilleur parti de votre visite priv\u00e9e de Martha's Vineyard Island au d\u00e9part de Boston, d\u00e9couvrez comment le faire au mieux.","robots":{"index":"index","follow":"follow","max-snippet":"max-snippet:-1","max-image-preview":"max-image-preview:large","max-video-preview":"max-video-preview:-1"},"canonical":"https:\/\/tourtravelandmore.com\/fr\/tours\/etats-unis-fr\/boston-fr\/visite-privee-de-marthas-vineyard-island-au-depart-de-boston\/","og_locale":"fr_FR","og_type":"article","og_title":"Visite priv\u00e9e de Martha's Vineyard Island au d\u00e9part de Boston","og_description":"\u2705 Si vous souhaitez tirer le meilleur parti de votre visite priv\u00e9e de Martha's Vineyard Island au d\u00e9part de Boston, d\u00e9couvrez comment le faire au mieux.","og_url":"https:\/\/tourtravelandmore.com\/fr\/tours\/etats-unis-fr\/boston-fr\/visite-privee-de-marthas-vineyard-island-au-depart-de-boston\/","og_site_name":"Tour Travel And More","article_publisher":"https:\/\/www.facebook.com\/tourtravelandmore\/","article_modified_time":"2022-01-31T11:29:06+00:00","og_image":[{"width":2560,"height":1707,"url":"https:\/\/tourtravelandmore.com\/wp-content\/uploads\/2021\/09\/Marthas-vineyard-5-scaled.jpg","type":"image\/jpeg"}],"twitter_card":"summary_large_image","twitter_site":"@TourTravel_More","twitter_misc":{"Dur\u00e9e de lecture estim\u00e9e":"5 minutes"},"schema":{"@context":"https:\/\/schema.org","@graph":[{"@type":"WebPage","@id":"https:\/\/tourtravelandmore.com\/fr\/tours\/etats-unis-fr\/boston-fr\/visite-privee-de-marthas-vineyard-island-au-depart-de-boston\/","url":"https:\/\/tourtravelandmore.com\/fr\/tours\/etats-unis-fr\/boston-fr\/visite-privee-de-marthas-vineyard-island-au-depart-de-boston\/","name":"Visite priv\u00e9e de Martha's Vineyard Island au d\u00e9part de Boston - Tour Travel & More","isPartOf":{"@id":"https:\/\/tourtravelandmore.com\/fr\/#website"},"primaryImageOfPage":{"@id":"https:\/\/tourtravelandmore.com\/fr\/tours\/etats-unis-fr\/boston-fr\/visite-privee-de-marthas-vineyard-island-au-depart-de-boston\/#primaryimage"},"image":{"@id":"https:\/\/tourtravelandmore.com\/fr\/tours\/etats-unis-fr\/boston-fr\/visite-privee-de-marthas-vineyard-island-au-depart-de-boston\/#primaryimage"},"thumbnailUrl":"https:\/\/tourtravelandmore.com\/wp-content\/uploads\/2021\/09\/Marthas-vineyard-5-scaled.jpg","datePublished":"2021-09-17T09:40:07+00:00","dateModified":"2022-01-31T11:29:06+00:00","description":"\u2705 Si vous souhaitez tirer le meilleur parti de votre visite priv\u00e9e de Martha's Vineyard Island au d\u00e9part de Boston, d\u00e9couvrez comment le faire au mieux.","breadcrumb":{"@id":"https:\/\/tourtravelandmore.com\/fr\/tours\/etats-unis-fr\/boston-fr\/visite-privee-de-marthas-vineyard-island-au-depart-de-boston\/#breadcrumb"},"inLanguage":"fr-FR","potentialAction":[{"@type":"ReadAction","target":["https:\/\/tourtravelandmore.com\/fr\/tours\/etats-unis-fr\/boston-fr\/visite-privee-de-marthas-vineyard-island-au-depart-de-boston\/"]}]},{"@type":"ImageObject","inLanguage":"fr-FR","@id":"https:\/\/tourtravelandmore.com\/fr\/tours\/etats-unis-fr\/boston-fr\/visite-privee-de-marthas-vineyard-island-au-depart-de-boston\/#primaryimage","url":"https:\/\/tourtravelandmore.com\/wp-content\/uploads\/2021\/09\/Marthas-vineyard-5-scaled.jpg","contentUrl":"https:\/\/tourtravelandmore.com\/wp-content\/uploads\/2021\/09\/Marthas-vineyard-5-scaled.jpg","width":2560,"height":1707},{"@type":"BreadcrumbList","@id":"https:\/\/tourtravelandmore.com\/fr\/tours\/etats-unis-fr\/boston-fr\/visite-privee-de-marthas-vineyard-island-au-depart-de-boston\/#breadcrumb","itemListElement":[{"@type":"ListItem","position":1,"name":"Home","item":"https:\/\/tourtravelandmore.com\/fr\/"},{"@type":"ListItem","position":2,"name":"Tours","item":"https:\/\/tourtravelandmore.com\/fr\/tours\/"},{"@type":"ListItem","position":3,"name":"Visite priv\u00e9e de Martha&rsquo;s Vineyard Island au d\u00e9part de Boston"}]},{"@type":"WebSite","@id":"https:\/\/tourtravelandmore.com\/fr\/#website","url":"https:\/\/tourtravelandmore.com\/fr\/","name":"Tour Travel And More","description":"Private sightseeing tours and luxury transfers in Spain","publisher":{"@id":"https:\/\/tourtravelandmore.com\/fr\/#organization"},"potentialAction":[{"@type":"SearchAction","target":{"@type":"EntryPoint","urlTemplate":"https:\/\/tourtravelandmore.com\/fr\/?s={search_term_string}"},"query-input":{"@type":"PropertyValueSpecification","valueRequired":true,"valueName":"search_term_string"}}],"inLanguage":"fr-FR"},{"@type":"Organization","@id":"https:\/\/tourtravelandmore.com\/fr\/#organization","name":"Tour Travel And More","url":"https:\/\/tourtravelandmore.com\/fr\/","logo":{"@type":"ImageObject","inLanguage":"fr-FR","@id":"https:\/\/tourtravelandmore.com\/fr\/#\/schema\/logo\/image\/","url":"https:\/\/tourtravelandmore.com\/wp-content\/uploads\/2022\/12\/cropped-logo-cabecera-new.png","contentUrl":"https:\/\/tourtravelandmore.com\/wp-content\/uploads\/2022\/12\/cropped-logo-cabecera-new.png","width":430,"height":61,"caption":"Tour Travel And More"},"image":{"@id":"https:\/\/tourtravelandmore.com\/fr\/#\/schema\/logo\/image\/"},"sameAs":["https:\/\/www.facebook.com\/tourtravelandmore\/","https:\/\/x.com\/TourTravel_More"]}]}},"_links":{"self":[{"href":"https:\/\/tourtravelandmore.com\/fr\/wp-json\/wp\/v2\/product\/111128","targetHints":{"allow":["GET"]}}],"collection":[{"href":"https:\/\/tourtravelandmore.com\/fr\/wp-json\/wp\/v2\/product"}],"about":[{"href":"https:\/\/tourtravelandmore.com\/fr\/wp-json\/wp\/v2\/types\/product"}],"replies":[{"embeddable":true,"href":"https:\/\/tourtravelandmore.com\/fr\/wp-json\/wp\/v2\/comments?post=111128"}],"wp:featuredmedia":[{"embeddable":true,"href":"https:\/\/tourtravelandmore.com\/fr\/wp-json\/wp\/v2\/media\/111147"}],"wp:attachment":[{"href":"https:\/\/tourtravelandmore.com\/fr\/wp-json\/wp\/v2\/media?parent=111128"}],"wp:term":[{"taxonomy":"product_brand","embeddable":true,"href":"https:\/\/tourtravelandmore.com\/fr\/wp-json\/wp\/v2\/product_brand?post=111128"},{"taxonomy":"product_cat","embeddable":true,"href":"https:\/\/tourtravelandmore.com\/fr\/wp-json\/wp\/v2\/product_cat?post=111128"},{"taxonomy":"product_tag","embeddable":true,"href":"https:\/\/tourtravelandmore.com\/fr\/wp-json\/wp\/v2\/product_tag?post=111128"}],"curies":[{"name":"wp","href":"https:\/\/api.w.org\/{rel}","templated":true}]}}