{"id":110066,"date":"2021-08-13T11:04:32","date_gmt":"2021-08-13T09:04:43","guid":{"rendered":"https:\/\/tourtravelandmore.com\/?post_type=product&#038;p=110066"},"modified":"2022-04-01T12:35:08","modified_gmt":"2022-04-01T10:35:08","slug":"visite-privee-du-quartier-de-brera-et-de-la-galerie-dart-de-brera","status":"publish","type":"product","link":"https:\/\/tourtravelandmore.com\/fr\/tours\/italie-fr\/milan-fr\/visite-privee-du-quartier-de-brera-et-de-la-galerie-dart-de-brera\/","title":{"rendered":"Visite priv\u00e9e du quartier de Brera et de la galerie d&#8217;art de Brera"},"content":{"rendered":"<h2><b>Description de la visite priv\u00e9e du quartier de Brera et de la galerie d&#8217;art de Brera.\u00a0<\/b><\/h2>\n<p><span style=\"font-weight: 400;\">Le quartier de Brera \u00e0 Milan, situ\u00e9 sur l&#8217;\u00e9l\u00e9gante Via Montenapoleone au c\u0153ur de la ville, est une enclave artistique de grande importance en Europe depuis plus de 250 ans.<\/span><\/p>\n<p><span style=\"font-weight: 400;\">Outre ses boutiques et magasins de cr\u00e9ateurs caract\u00e9ristiques, le quartier de Brera abrite l&#8217;une des plus importantes galeries d&#8217;art de la ville : la magnifique Pinacoteca di Brera.<\/span><\/p>\n<p><span style=\"font-weight: 400;\">Notre <\/span><b>visite priv\u00e9e du quartier de Brera <\/b><span style=\"font-weight: 400;\">est l&#8217;occasion id\u00e9ale pour vous d&#8217;explorer l&#8217;un des quartiers les plus charmants et \u00e9l\u00e9gants de Milan.<\/span><\/p>\n<p><b>Une promenade guid\u00e9e de 3 heures <\/b><span style=\"font-weight: 400;\">avec un guide priv\u00e9 vous permettra de d\u00e9couvrir tranquillement ce quartier boh\u00e8me et \u00e9l\u00e9gant qui attire des millions de touristes chaque ann\u00e9e.\u00a0<\/span><\/p>\n<p><span style=\"font-weight: 400;\">En outre, nous vous emm\u00e8nerons \u00e0 la galerie d&#8217;art de Brera, plus connue sous le nom de Pinacoteca di Brera. Vous aurez l&#8217;occasion de voir de pr\u00e8s de nombreux chefs-d&#8217;\u0153uvre de Rapha\u00ebl, du Caravage, du Corr\u00e8ge et d&#8217;autres artistes de renomm\u00e9e mondiale.\u00a0<\/span><\/p>\n<p><b>La visite guid\u00e9e comprend les billets d&#8217;entr\u00e9e \u00e0 la Pinacoth\u00e8que et la compagnie exclusive d&#8217;un guide priv\u00e9, <\/b><span style=\"font-weight: 400;\">afin que vous puissiez d\u00e9couvrir tous les d\u00e9tails de chaque coin de ce quartier embl\u00e9matique.\u00a0<\/span><\/p>\n<p><span style=\"font-weight: 400;\">\u00c0 la fin de la visite, vous serez conduit \u00e0 un endroit central de Milan pour poursuivre votre itin\u00e9raire de visite de la ville.\u00a0<\/span><\/p>\n<h2><span style=\"color: #d3af37;\"><b>Visite priv\u00e9e du quartier de Brera et de la galerie d&#8217;art de Brera.\u00a0<\/b><\/span><\/h2>\n<p><span style=\"font-weight: 400;\">Au c\u0153ur de Milan se trouve Brera, un quartier consid\u00e9r\u00e9 comme le &#8220;Montmartre milanais&#8221;, en raison de sa richesse culturelle et artistique.<\/span><\/p>\n<p><span style=\"font-weight: 400;\">Notre visite guid\u00e9e du quartier de Brera commence par la rencontre avec votre guide priv\u00e9 \u00e0 un endroit central de Milan ou \u00e0 votre h\u00f4tel (s&#8217;il est situ\u00e9 dans le centre-ville). De l\u00e0, vous pourrez explorer les points d&#8217;int\u00e9r\u00eat suivants :\u00a0<\/span><\/p>\n<h3><span style=\"color: #d3af37;\">Visite du quartier magique de Brera\u00a0<\/span><\/h3>\n<p><span style=\"font-weight: 400;\">Ce quartier milanais respire l&#8217;<\/span><b>art, la mode et l&#8217;\u00e9l\u00e9gance<\/b><span style=\"font-weight: 400;\">. C&#8217;est pourquoi cette visite \u00e0 pied vous emm\u00e8nera dans ses c\u00e9l\u00e8bres caf\u00e9s litt\u00e9raires et dans certaines des boutiques de cr\u00e9ateurs les plus c\u00e9l\u00e8bres, comme Versace, Dior et Gucci.<\/span><\/p>\n<p><span style=\"font-weight: 400;\">Vous pourrez \u00e9galement admirer ses rues d&#8217;une grande valeur architecturale, dans lesquelles se m\u00ealent diff\u00e9rents styles tels que la Renaissance, le gothique et le baroque.\u00a0<\/span><\/p>\n<h3><span style=\"color: #d3af37;\">La Pinacoth\u00e8que ou galerie d&#8217;art de Brera<\/span><\/h3>\n<p><span style=\"font-weight: 400;\">L&#8217;un des points forts de Brera est sa Pinacoteca d&#8217;Arte. Inaugur\u00e9e en 1803, cette galerie contient certaines des collections d&#8217;art les plus remarquables d&#8217;Europe. En fait, cette galerie est comparable aux grands mus\u00e9es europ\u00e9ens.\u00a0<\/span><\/p>\n<p><span style=\"font-weight: 400;\">Cette visite guid\u00e9e <\/span><b>comprend des billets d&#8217;entr\u00e9e \u00e0 la Pinacoteca di Brera<\/b><span style=\"font-weight: 400;\">. Ainsi, vous pourrez voir les \u0153uvres les plus embl\u00e9matiques des artistes suivants :\u00a0<\/span><\/p>\n<ul>\n<li><b>Rafael<\/b><\/li>\n<li><b>Caravaggio<\/b><\/li>\n<li><b>Francesco del Cossa<\/b><\/li>\n<li><b>Luca Signorelli<\/b><\/li>\n<li><b>Tiziano<\/b><\/li>\n<li><b>Andrea Mantegna<\/b><\/li>\n<li><b>Gentile Bellini\u00a0<\/b><\/li>\n<li><b>Giovanni Bellini<\/b><\/li>\n<li><b>Bramante, parmi de nombreux autres artistes.\u00a0<\/b><\/li>\n<\/ul>\n<p><span style=\"font-weight: 400;\">Tout au long de la visite, notre guide priv\u00e9 vous racontera l&#8217;histoire et la culture du quartier de Brera et la raison pour laquelle il est devenu une zone artistique de r\u00e9f\u00e9rence mondiale.\u00a0<\/span><\/p>\n<p><span style=\"font-weight: 400;\">\u00c0 la fin de la visite priv\u00e9e, votre guide vous accompagnera \u00e0 un endroit central de Milan.\u00a0<\/span><\/p>\n<p><span style=\"font-weight: 400;\">Vous pouvez profiter au maximum de votre s\u00e9jour en Italie avec notre <\/span><a href=\"https:\/\/tourtravelandmore.com\/fr\/tours\/italie-fr\/milan-fr\/visite-privee-de-venise-au-depart-de-milan\/\"><b>circuit priv\u00e9 \u00e0 Venise au d\u00e9part de Milan pour <\/b><\/a><span style=\"font-weight: 400;\">d\u00e9couvrir l&#8217;une des villes les plus attrayantes d&#8217;Europe. <\/span><\/p>\n","protected":false},"excerpt":{"rendered":"<p><span style=\"font-weight: 400;\">D\u00e9couvrez les tr\u00e9sors architecturaux, artistiques et culturels cach\u00e9s dans le quartier de Brera \u00e0 Milan. Explorez ses magnifiques rues et visitez la galerie d&#8217;art Brera pour admirer certaines des \u0153uvres d&#8217;art les plus c\u00e9l\u00e8bres du monde. De plus, vous serez accompagn\u00e9 d&#8217;un guide priv\u00e9 pour obtenir tous les d\u00e9tails dont vous avez besoin.<\/span><\/p>\n","protected":false},"featured_media":120769,"comment_status":"open","ping_status":"closed","template":"","meta":{"_acf_changed":false},"product_brand":[],"product_cat":[3700],"product_tag":[],"class_list":{"0":"post-110066","1":"product","2":"type-product","3":"status-publish","4":"has-post-thumbnail","6":"product_cat-milan-fr","8":"first","9":"instock","10":"shipping-taxable","11":"purchasable","12":"product-type-simple"},"acf":[],"yoast_head":"<!-- This site is optimized with the Yoast SEO Premium plugin v25.3.1 (Yoast SEO v25.3.1) - https:\/\/yoast.com\/wordpress\/plugins\/seo\/ -->\n<title>Visite priv\u00e9e du quartier de Brera et de la pinacoth\u00e8que de Brera avec un guide officiel priv\u00e9<\/title>\n<meta name=\"description\" content=\"Visite priv\u00e9e \u00e0 pied de Milan avec un guide officiel \u00e0 votre enti\u00e8re disposition. D\u00e9couvrez cette belle ville, son monument et ses principales attractions.\" \/>\n<meta name=\"robots\" content=\"index, follow, max-snippet:-1, max-image-preview:large, max-video-preview:-1\" \/>\n<link rel=\"canonical\" href=\"https:\/\/tourtravelandmore.com\/fr\/tours\/italie-fr\/milan-fr\/visite-privee-du-quartier-de-brera-et-de-la-galerie-dart-de-brera\/\" \/>\n<meta property=\"og:locale\" content=\"fr_FR\" \/>\n<meta property=\"og:type\" content=\"article\" \/>\n<meta property=\"og:title\" content=\"Visite priv\u00e9e du quartier de Brera et de la galerie d&#039;art de Brera\" \/>\n<meta property=\"og:description\" content=\"Visite priv\u00e9e \u00e0 pied de Milan avec un guide officiel \u00e0 votre enti\u00e8re disposition. D\u00e9couvrez cette belle ville, son monument et ses principales attractions.\" \/>\n<meta property=\"og:url\" content=\"https:\/\/tourtravelandmore.com\/fr\/tours\/italie-fr\/milan-fr\/visite-privee-du-quartier-de-brera-et-de-la-galerie-dart-de-brera\/\" \/>\n<meta property=\"og:site_name\" content=\"Tour Travel And More\" \/>\n<meta property=\"article:publisher\" content=\"https:\/\/www.facebook.com\/tourtravelandmore\/\" \/>\n<meta property=\"article:modified_time\" content=\"2022-04-01T10:35:08+00:00\" \/>\n<meta property=\"og:image\" content=\"https:\/\/tourtravelandmore.com\/wp-content\/uploads\/2021\/08\/image2-1.jpg\" \/>\n\t<meta property=\"og:image:width\" content=\"900\" \/>\n\t<meta property=\"og:image:height\" content=\"680\" \/>\n\t<meta property=\"og:image:type\" content=\"image\/jpeg\" \/>\n<meta name=\"twitter:card\" content=\"summary_large_image\" \/>\n<meta name=\"twitter:site\" content=\"@TourTravel_More\" \/>\n<meta name=\"twitter:label1\" content=\"Dur\u00e9e de lecture estim\u00e9e\" \/>\n\t<meta name=\"twitter:data1\" content=\"3 minutes\" \/>\n<script type=\"application\/ld+json\" class=\"yoast-schema-graph\">{\"@context\":\"https:\/\/schema.org\",\"@graph\":[{\"@type\":\"WebPage\",\"@id\":\"https:\/\/tourtravelandmore.com\/fr\/tours\/italie-fr\/milan-fr\/visite-privee-du-quartier-de-brera-et-de-la-galerie-dart-de-brera\/\",\"url\":\"https:\/\/tourtravelandmore.com\/fr\/tours\/italie-fr\/milan-fr\/visite-privee-du-quartier-de-brera-et-de-la-galerie-dart-de-brera\/\",\"name\":\"Visite priv\u00e9e du quartier de Brera et de la pinacoth\u00e8que de Brera avec un guide officiel priv\u00e9\",\"isPartOf\":{\"@id\":\"https:\/\/tourtravelandmore.com\/fr\/#website\"},\"primaryImageOfPage\":{\"@id\":\"https:\/\/tourtravelandmore.com\/fr\/tours\/italie-fr\/milan-fr\/visite-privee-du-quartier-de-brera-et-de-la-galerie-dart-de-brera\/#primaryimage\"},\"image\":{\"@id\":\"https:\/\/tourtravelandmore.com\/fr\/tours\/italie-fr\/milan-fr\/visite-privee-du-quartier-de-brera-et-de-la-galerie-dart-de-brera\/#primaryimage\"},\"thumbnailUrl\":\"https:\/\/tourtravelandmore.com\/wp-content\/uploads\/2021\/08\/image2-1.jpg\",\"datePublished\":\"2021-08-13T09:04:43+00:00\",\"dateModified\":\"2022-04-01T10:35:08+00:00\",\"description\":\"Visite priv\u00e9e \u00e0 pied de Milan avec un guide officiel \u00e0 votre enti\u00e8re disposition. D\u00e9couvrez cette belle ville, son monument et ses principales attractions.\",\"breadcrumb\":{\"@id\":\"https:\/\/tourtravelandmore.com\/fr\/tours\/italie-fr\/milan-fr\/visite-privee-du-quartier-de-brera-et-de-la-galerie-dart-de-brera\/#breadcrumb\"},\"inLanguage\":\"fr-FR\",\"potentialAction\":[{\"@type\":\"ReadAction\",\"target\":[\"https:\/\/tourtravelandmore.com\/fr\/tours\/italie-fr\/milan-fr\/visite-privee-du-quartier-de-brera-et-de-la-galerie-dart-de-brera\/\"]}]},{\"@type\":\"ImageObject\",\"inLanguage\":\"fr-FR\",\"@id\":\"https:\/\/tourtravelandmore.com\/fr\/tours\/italie-fr\/milan-fr\/visite-privee-du-quartier-de-brera-et-de-la-galerie-dart-de-brera\/#primaryimage\",\"url\":\"https:\/\/tourtravelandmore.com\/wp-content\/uploads\/2021\/08\/image2-1.jpg\",\"contentUrl\":\"https:\/\/tourtravelandmore.com\/wp-content\/uploads\/2021\/08\/image2-1.jpg\",\"width\":900,\"height\":680},{\"@type\":\"BreadcrumbList\",\"@id\":\"https:\/\/tourtravelandmore.com\/fr\/tours\/italie-fr\/milan-fr\/visite-privee-du-quartier-de-brera-et-de-la-galerie-dart-de-brera\/#breadcrumb\",\"itemListElement\":[{\"@type\":\"ListItem\",\"position\":1,\"name\":\"Home\",\"item\":\"https:\/\/tourtravelandmore.com\/fr\/\"},{\"@type\":\"ListItem\",\"position\":2,\"name\":\"Tours\",\"item\":\"https:\/\/tourtravelandmore.com\/fr\/tours\/\"},{\"@type\":\"ListItem\",\"position\":3,\"name\":\"Visite priv\u00e9e du quartier de Brera et de la galerie d&rsquo;art de Brera\"}]},{\"@type\":\"WebSite\",\"@id\":\"https:\/\/tourtravelandmore.com\/fr\/#website\",\"url\":\"https:\/\/tourtravelandmore.com\/fr\/\",\"name\":\"Tour Travel And More\",\"description\":\"Private sightseeing tours and luxury transfers in Spain\",\"publisher\":{\"@id\":\"https:\/\/tourtravelandmore.com\/fr\/#organization\"},\"potentialAction\":[{\"@type\":\"SearchAction\",\"target\":{\"@type\":\"EntryPoint\",\"urlTemplate\":\"https:\/\/tourtravelandmore.com\/fr\/?s={search_term_string}\"},\"query-input\":{\"@type\":\"PropertyValueSpecification\",\"valueRequired\":true,\"valueName\":\"search_term_string\"}}],\"inLanguage\":\"fr-FR\"},{\"@type\":\"Organization\",\"@id\":\"https:\/\/tourtravelandmore.com\/fr\/#organization\",\"name\":\"Tour Travel And More\",\"url\":\"https:\/\/tourtravelandmore.com\/fr\/\",\"logo\":{\"@type\":\"ImageObject\",\"inLanguage\":\"fr-FR\",\"@id\":\"https:\/\/tourtravelandmore.com\/fr\/#\/schema\/logo\/image\/\",\"url\":\"https:\/\/tourtravelandmore.com\/wp-content\/uploads\/2022\/12\/cropped-logo-cabecera-new.png\",\"contentUrl\":\"https:\/\/tourtravelandmore.com\/wp-content\/uploads\/2022\/12\/cropped-logo-cabecera-new.png\",\"width\":430,\"height\":61,\"caption\":\"Tour Travel And More\"},\"image\":{\"@id\":\"https:\/\/tourtravelandmore.com\/fr\/#\/schema\/logo\/image\/\"},\"sameAs\":[\"https:\/\/www.facebook.com\/tourtravelandmore\/\",\"https:\/\/x.com\/TourTravel_More\"]}]}<\/script>\n<!-- \/ Yoast SEO Premium plugin. -->","yoast_head_json":{"title":"Visite priv\u00e9e du quartier de Brera et de la pinacoth\u00e8que de Brera avec un guide officiel priv\u00e9","description":"Visite priv\u00e9e \u00e0 pied de Milan avec un guide officiel \u00e0 votre enti\u00e8re disposition. D\u00e9couvrez cette belle ville, son monument et ses principales attractions.","robots":{"index":"index","follow":"follow","max-snippet":"max-snippet:-1","max-image-preview":"max-image-preview:large","max-video-preview":"max-video-preview:-1"},"canonical":"https:\/\/tourtravelandmore.com\/fr\/tours\/italie-fr\/milan-fr\/visite-privee-du-quartier-de-brera-et-de-la-galerie-dart-de-brera\/","og_locale":"fr_FR","og_type":"article","og_title":"Visite priv\u00e9e du quartier de Brera et de la galerie d'art de Brera","og_description":"Visite priv\u00e9e \u00e0 pied de Milan avec un guide officiel \u00e0 votre enti\u00e8re disposition. D\u00e9couvrez cette belle ville, son monument et ses principales attractions.","og_url":"https:\/\/tourtravelandmore.com\/fr\/tours\/italie-fr\/milan-fr\/visite-privee-du-quartier-de-brera-et-de-la-galerie-dart-de-brera\/","og_site_name":"Tour Travel And More","article_publisher":"https:\/\/www.facebook.com\/tourtravelandmore\/","article_modified_time":"2022-04-01T10:35:08+00:00","og_image":[{"width":900,"height":680,"url":"https:\/\/tourtravelandmore.com\/wp-content\/uploads\/2021\/08\/image2-1.jpg","type":"image\/jpeg"}],"twitter_card":"summary_large_image","twitter_site":"@TourTravel_More","twitter_misc":{"Dur\u00e9e de lecture estim\u00e9e":"3 minutes"},"schema":{"@context":"https:\/\/schema.org","@graph":[{"@type":"WebPage","@id":"https:\/\/tourtravelandmore.com\/fr\/tours\/italie-fr\/milan-fr\/visite-privee-du-quartier-de-brera-et-de-la-galerie-dart-de-brera\/","url":"https:\/\/tourtravelandmore.com\/fr\/tours\/italie-fr\/milan-fr\/visite-privee-du-quartier-de-brera-et-de-la-galerie-dart-de-brera\/","name":"Visite priv\u00e9e du quartier de Brera et de la pinacoth\u00e8que de Brera avec un guide officiel priv\u00e9","isPartOf":{"@id":"https:\/\/tourtravelandmore.com\/fr\/#website"},"primaryImageOfPage":{"@id":"https:\/\/tourtravelandmore.com\/fr\/tours\/italie-fr\/milan-fr\/visite-privee-du-quartier-de-brera-et-de-la-galerie-dart-de-brera\/#primaryimage"},"image":{"@id":"https:\/\/tourtravelandmore.com\/fr\/tours\/italie-fr\/milan-fr\/visite-privee-du-quartier-de-brera-et-de-la-galerie-dart-de-brera\/#primaryimage"},"thumbnailUrl":"https:\/\/tourtravelandmore.com\/wp-content\/uploads\/2021\/08\/image2-1.jpg","datePublished":"2021-08-13T09:04:43+00:00","dateModified":"2022-04-01T10:35:08+00:00","description":"Visite priv\u00e9e \u00e0 pied de Milan avec un guide officiel \u00e0 votre enti\u00e8re disposition. D\u00e9couvrez cette belle ville, son monument et ses principales attractions.","breadcrumb":{"@id":"https:\/\/tourtravelandmore.com\/fr\/tours\/italie-fr\/milan-fr\/visite-privee-du-quartier-de-brera-et-de-la-galerie-dart-de-brera\/#breadcrumb"},"inLanguage":"fr-FR","potentialAction":[{"@type":"ReadAction","target":["https:\/\/tourtravelandmore.com\/fr\/tours\/italie-fr\/milan-fr\/visite-privee-du-quartier-de-brera-et-de-la-galerie-dart-de-brera\/"]}]},{"@type":"ImageObject","inLanguage":"fr-FR","@id":"https:\/\/tourtravelandmore.com\/fr\/tours\/italie-fr\/milan-fr\/visite-privee-du-quartier-de-brera-et-de-la-galerie-dart-de-brera\/#primaryimage","url":"https:\/\/tourtravelandmore.com\/wp-content\/uploads\/2021\/08\/image2-1.jpg","contentUrl":"https:\/\/tourtravelandmore.com\/wp-content\/uploads\/2021\/08\/image2-1.jpg","width":900,"height":680},{"@type":"BreadcrumbList","@id":"https:\/\/tourtravelandmore.com\/fr\/tours\/italie-fr\/milan-fr\/visite-privee-du-quartier-de-brera-et-de-la-galerie-dart-de-brera\/#breadcrumb","itemListElement":[{"@type":"ListItem","position":1,"name":"Home","item":"https:\/\/tourtravelandmore.com\/fr\/"},{"@type":"ListItem","position":2,"name":"Tours","item":"https:\/\/tourtravelandmore.com\/fr\/tours\/"},{"@type":"ListItem","position":3,"name":"Visite priv\u00e9e du quartier de Brera et de la galerie d&rsquo;art de Brera"}]},{"@type":"WebSite","@id":"https:\/\/tourtravelandmore.com\/fr\/#website","url":"https:\/\/tourtravelandmore.com\/fr\/","name":"Tour Travel And More","description":"Private sightseeing tours and luxury transfers in Spain","publisher":{"@id":"https:\/\/tourtravelandmore.com\/fr\/#organization"},"potentialAction":[{"@type":"SearchAction","target":{"@type":"EntryPoint","urlTemplate":"https:\/\/tourtravelandmore.com\/fr\/?s={search_term_string}"},"query-input":{"@type":"PropertyValueSpecification","valueRequired":true,"valueName":"search_term_string"}}],"inLanguage":"fr-FR"},{"@type":"Organization","@id":"https:\/\/tourtravelandmore.com\/fr\/#organization","name":"Tour Travel And More","url":"https:\/\/tourtravelandmore.com\/fr\/","logo":{"@type":"ImageObject","inLanguage":"fr-FR","@id":"https:\/\/tourtravelandmore.com\/fr\/#\/schema\/logo\/image\/","url":"https:\/\/tourtravelandmore.com\/wp-content\/uploads\/2022\/12\/cropped-logo-cabecera-new.png","contentUrl":"https:\/\/tourtravelandmore.com\/wp-content\/uploads\/2022\/12\/cropped-logo-cabecera-new.png","width":430,"height":61,"caption":"Tour Travel And More"},"image":{"@id":"https:\/\/tourtravelandmore.com\/fr\/#\/schema\/logo\/image\/"},"sameAs":["https:\/\/www.facebook.com\/tourtravelandmore\/","https:\/\/x.com\/TourTravel_More"]}]}},"_links":{"self":[{"href":"https:\/\/tourtravelandmore.com\/fr\/wp-json\/wp\/v2\/product\/110066","targetHints":{"allow":["GET"]}}],"collection":[{"href":"https:\/\/tourtravelandmore.com\/fr\/wp-json\/wp\/v2\/product"}],"about":[{"href":"https:\/\/tourtravelandmore.com\/fr\/wp-json\/wp\/v2\/types\/product"}],"replies":[{"embeddable":true,"href":"https:\/\/tourtravelandmore.com\/fr\/wp-json\/wp\/v2\/comments?post=110066"}],"wp:featuredmedia":[{"embeddable":true,"href":"https:\/\/tourtravelandmore.com\/fr\/wp-json\/wp\/v2\/media\/120769"}],"wp:attachment":[{"href":"https:\/\/tourtravelandmore.com\/fr\/wp-json\/wp\/v2\/media?parent=110066"}],"wp:term":[{"taxonomy":"product_brand","embeddable":true,"href":"https:\/\/tourtravelandmore.com\/fr\/wp-json\/wp\/v2\/product_brand?post=110066"},{"taxonomy":"product_cat","embeddable":true,"href":"https:\/\/tourtravelandmore.com\/fr\/wp-json\/wp\/v2\/product_cat?post=110066"},{"taxonomy":"product_tag","embeddable":true,"href":"https:\/\/tourtravelandmore.com\/fr\/wp-json\/wp\/v2\/product_tag?post=110066"}],"curies":[{"name":"wp","href":"https:\/\/api.w.org\/{rel}","templated":true}]}}