{"id":110026,"date":"2021-08-12T13:23:01","date_gmt":"2021-08-12T11:23:14","guid":{"rendered":"https:\/\/tourtravelandmore.com\/?post_type=product&#038;p=110026"},"modified":"2022-04-01T12:32:57","modified_gmt":"2022-04-01T10:32:57","slug":"visite-privee-de-milan-a-pied-les-sites-les-plus-importants","status":"publish","type":"product","link":"https:\/\/tourtravelandmore.com\/fr\/tours\/italie-fr\/milan-fr\/visite-privee-de-milan-a-pied-les-sites-les-plus-importants\/","title":{"rendered":"Visite Priv\u00e9e de Milan \u00e0 Pied &#8220;Les Sites Les Plus Importants&#8221;"},"content":{"rendered":"<h2><span style=\"font-weight: 400;\">Description de la visite priv\u00e9e \u00e0 pied de Milan de 3 heures &#8220;les sites les plus importants&#8221;<\/span><\/h2>\n<p><span style=\"font-weight: 400;\">Explorez la ville de la mode et le plus grand centre financier d&#8217;Italie lors de notre <\/span><b>visite priv\u00e9e \u00e0 pied de Milan pour <\/b><span style=\"font-weight: 400;\">conna\u00eetre les monuments les plus embl\u00e9matiques et historiques de la capitale de la Lombardie.\u00a0<\/span><\/p>\n<p><span style=\"font-weight: 400;\">D\u00e9couvrez l&#8217;<\/span><b>architecture imposante <\/b><span style=\"font-weight: 400;\">de cette ville, qui est consid\u00e9r\u00e9e comme le centre de la mode et du design dans le monde entier.\u00a0<\/span><\/p>\n<p><span style=\"font-weight: 400;\">Il s&#8217;agira d&#8217;une <\/span><b>visite \u00e0 pied de 3 heures <\/b><span style=\"font-weight: 400;\">pour d\u00e9couvrir les endroits les plus attrayants, comme la place du D\u00f4me, la Galleria Vittorio Emanuele, le monument \u00e0 L\u00e9onard de Vinci, le Teatro della Scala, parmi de nombreux autres lieux int\u00e9ressants.\u00a0<\/span><\/p>\n<p><b>Vous aurez <\/b><span style=\"font-weight: 400;\">\u00e9galement <\/span><b>des billets exclusifs pour la cath\u00e9drale Duomo<\/b><span style=\"font-weight: 400;\">, un impressionnant \u00e9difice gothique consid\u00e9r\u00e9 comme l&#8217;un des symboles de Milan, et dont la beaut\u00e9 architecturale vous laissera sans voix.\u00a0<\/span><\/p>\n<p><span style=\"font-weight: 400;\">Pendant la visite, <\/span><b>vous serez accompagn\u00e9 d&#8217;un guide officiel priv\u00e9<\/b><span style=\"font-weight: 400;\">, qui vous donnera les d\u00e9tails les plus int\u00e9ressants des principaux sites touristiques de la ville et vous emm\u00e8nera \u00e9galement voir les joyaux cach\u00e9s de Milan.\u00a0<\/span><\/p>\n<p><span style=\"font-weight: 400;\">Vous pouvez convenir avec le guide du point de rencontre afin de rendre l&#8217;ensemble de la visite aussi confortable que possible pour vous.\u00a0<\/span><\/p>\n<h2><span style=\"font-weight: 400;\">Points d&#8217;int\u00e9r\u00eat de la <\/span><span style=\"font-weight: 400;\">visite priv\u00e9e \u00e0 pied de 3 heures de Milan &#8220;les sites les plus importants&#8221;<\/span><\/h2>\n<p><span style=\"font-weight: 400;\">Milan est <\/span><b>la capitale financi\u00e8re de l&#8217;Italie <\/b><span style=\"font-weight: 400;\">et une ville dans laquelle se m\u00e9langent diff\u00e9rents styles architecturaux, tels que le moderne, la Renaissance, le gothique, parmi beaucoup d&#8217;autres. Cela en fait une destination privil\u00e9gi\u00e9e pour des millions de touristes, ann\u00e9e apr\u00e8s ann\u00e9e.\u00a0<\/span><\/p>\n<p><span style=\"font-weight: 400;\">Au cours de cette visite \u00e0 pied priv\u00e9e de 3 heures de Milan, vous pouvez convenir avec le guide d&#8217;un rendez-vous \u00e0 votre h\u00f4tel (s&#8217;il se trouve dans le centre), ou \u00e0 un point central de la ville.\u00a0<\/span><\/p>\n<p><span style=\"font-weight: 400;\">De l\u00e0, commencez cette visite priv\u00e9e, qui vous permettra de d\u00e9couvrir tout ce que cette ville \u00e9tonnante a \u00e0 offrir :<\/span><\/p>\n<h3><strong><span style=\"color: #d3af37;\">Piazza del Duomo<\/span><\/strong><\/h3>\n<p><span style=\"font-weight: 400;\">C&#8217;est l&#8217;un des lieux les plus impressionnants de Milan. En fait, c&#8217;est le <\/span><b>centre g\u00e9ographique<\/b><span style=\"font-weight: 400;\">, culturel et historique <\/span><b>de la <\/b><span style=\"font-weight: 400;\">ville.\u00a0<\/span><\/p>\n<p><span style=\"font-weight: 400;\">Autour d&#8217;elle se trouvent les b\u00e2timents les plus importants de la ville. C&#8217;est pourquoi, lorsque vous serez sur la Piazza del Duomo, vous prendrez les photos les plus \u00e9tonnantes de votre voyage en Italie.\u00a0<\/span><\/p>\n<h3><strong><span style=\"color: #d3af37;\">Cath\u00e9drale ou Duomo de Milan<\/span><\/strong><\/h3>\n<p><span style=\"font-weight: 400;\">C&#8217;est un monument incontournable de cette visite priv\u00e9e. En outre, <\/span><b>vous disposerez de billets exclusifs pour visiter les installations de la cath\u00e9drale.\u00a0<\/b><\/p>\n<p><span style=\"font-weight: 400;\">C&#8217;est un b\u00e2timent qui impressionne depuis sa fa\u00e7ade principale jusqu&#8217;\u00e0 chacun de ses \u00e9l\u00e9ments internes.\u00a0<\/span><\/p>\n<p><span style=\"font-weight: 400;\">Sa construction a dur\u00e9 pr\u00e8s de 500 ans et les d\u00e9tails de ce b\u00e2timent sont tout simplement merveilleux. Par exemple, il contient plus de 2 000 statues de marbre et quelque 52 colonnes au total.\u00a0<\/span><\/p>\n<p><span style=\"font-weight: 400;\">C&#8217;est aussi <\/span><b>l&#8217;une des plus grandes cath\u00e9drales d&#8217;Europe <\/b><span style=\"font-weight: 400;\">et la troisi\u00e8me plus grande du monde, \u00e0 l&#8217;int\u00e9rieur de laquelle est conserv\u00e9 l&#8217;un des clous avec lesquels J\u00e9sus-Christ a \u00e9t\u00e9 crucifi\u00e9.\u00a0<\/span><\/p>\n<h3><strong><span style=\"color: #d3af37;\">Galerie Vittorio Emanuele<\/span><\/strong><\/h3>\n<p><span style=\"font-weight: 400;\">Tout pr\u00e8s de la cath\u00e9drale de Milan se trouve la Galerie Victor Emmanuel II. Ce lieu est magnifique \u00e0 parcourir \u00e0 travers ses fa\u00e7ades et ses couloirs. Sa coupole en verre est l&#8217;un des d\u00e9tails les plus repr\u00e9sentatifs de cette \u0153uvre architecturale.\u00a0<\/span><\/p>\n<p><span style=\"font-weight: 400;\">En outre, \u00e0 l&#8217;int\u00e9rieur de ce b\u00e2timent se trouvent certains des magasins de cr\u00e9ateurs les plus c\u00e9l\u00e8bres du monde, tels que Prada et Louis Vuitton.<\/span><\/p>\n<p><span style=\"font-weight: 400;\">Outre les lieux mentionn\u00e9s ci-dessus, vous pourrez d\u00e9couvrir d&#8217;autres points d&#8217;int\u00e9r\u00eat lors de cette visite guid\u00e9e, tels que :\u00a0\u00a0<\/span><\/p>\n<ul>\n<li><b>Op\u00e9ra de La Scala.<\/b><\/li>\n<li><b>Cordusio et via Dante.<\/b><\/li>\n<li><b>Ch\u00e2teau Sforza.<\/b><\/li>\n<\/ul>\n<p><span style=\"font-weight: 400;\">Le mieux, c&#8217;est que toute la visite sera accompagn\u00e9e d&#8217;un guide priv\u00e9 pour que vous ne manquiez rien.<\/span><\/p>\n<p><span style=\"font-weight: 400;\">Si vous souhaitez d\u00e9couvrir d&#8217;autres villes importantes d&#8217;Italie, vous pouvez louer notre <\/span><a href=\"https:\/\/tourtravelandmore.com\/fr\/tours\/italie-fr\/milan-fr\/visite-privee-de-venise-au-depart-de-milan\/\"><b>circuit priv\u00e9 \u00e0 Venise depuis Milan pour <\/b><\/a><span style=\"font-weight: 400;\">profiter de l&#8217;une des villes les plus touristiques et les plus attrayantes du monde.\u00a0<\/span><\/p>\n","protected":false},"excerpt":{"rendered":"<p><span style=\"font-weight: 400;\">Visitez la merveilleuse ville de Milan \u00e0 votre propre rythme, lors d&#8217;une visite priv\u00e9e \u00e0 pied au cours de laquelle vous aurez l&#8217;occasion de visiter la cath\u00e9drale Duomo et vous pourrez \u00e9galement visiter l&#8217;op\u00e9ra La Scala, la Piazza del Duomo, entre autres lieux de grand int\u00e9r\u00eat historique. En outre, vous serez accompagn\u00e9 d&#8217;un guide officiel priv\u00e9<\/span><\/p>\n","protected":false},"featured_media":119921,"comment_status":"open","ping_status":"closed","template":"","meta":{"_acf_changed":false},"product_brand":[],"product_cat":[3700],"product_tag":[],"class_list":{"0":"post-110026","1":"product","2":"type-product","3":"status-publish","4":"has-post-thumbnail","6":"product_cat-milan-fr","8":"first","9":"instock","10":"shipping-taxable","11":"purchasable","12":"product-type-simple"},"acf":[],"yoast_head":"<!-- This site is optimized with the Yoast SEO Premium plugin v25.3.1 (Yoast SEO v25.3.1) - https:\/\/yoast.com\/wordpress\/plugins\/seo\/ -->\n<title>Visite priv\u00e9e \u00e0 pied de Milan (3 heures) avec guide priv\u00e9 inclus<\/title>\n<meta name=\"description\" content=\"Visite priv\u00e9e \u00e0 pied de Milan avec un guide officiel \u00e0 votre enti\u00e8re disposition. D\u00e9couvrez cette belle ville, son monument et ses principales attractions.\" \/>\n<meta name=\"robots\" content=\"index, follow, max-snippet:-1, max-image-preview:large, max-video-preview:-1\" \/>\n<link rel=\"canonical\" href=\"https:\/\/tourtravelandmore.com\/fr\/tours\/italie-fr\/milan-fr\/visite-privee-de-milan-a-pied-les-sites-les-plus-importants\/\" \/>\n<meta property=\"og:locale\" content=\"fr_FR\" \/>\n<meta property=\"og:type\" content=\"article\" \/>\n<meta property=\"og:title\" content=\"Visite Priv\u00e9e de Milan \u00e0 Pied &quot;Les Sites Les Plus Importants&quot;\" \/>\n<meta property=\"og:description\" content=\"Visite priv\u00e9e \u00e0 pied de Milan avec un guide officiel \u00e0 votre enti\u00e8re disposition. D\u00e9couvrez cette belle ville, son monument et ses principales attractions.\" \/>\n<meta property=\"og:url\" content=\"https:\/\/tourtravelandmore.com\/fr\/tours\/italie-fr\/milan-fr\/visite-privee-de-milan-a-pied-les-sites-les-plus-importants\/\" \/>\n<meta property=\"og:site_name\" content=\"Tour Travel And More\" \/>\n<meta property=\"article:publisher\" content=\"https:\/\/www.facebook.com\/tourtravelandmore\/\" \/>\n<meta property=\"article:modified_time\" content=\"2022-04-01T10:32:57+00:00\" \/>\n<meta property=\"og:image\" content=\"https:\/\/tourtravelandmore.com\/wp-content\/uploads\/2021\/08\/image7.jpg\" \/>\n\t<meta property=\"og:image:width\" content=\"822\" \/>\n\t<meta property=\"og:image:height\" content=\"545\" \/>\n\t<meta property=\"og:image:type\" content=\"image\/jpeg\" \/>\n<meta name=\"twitter:card\" content=\"summary_large_image\" \/>\n<meta name=\"twitter:site\" content=\"@TourTravel_More\" \/>\n<meta name=\"twitter:label1\" content=\"Dur\u00e9e de lecture estim\u00e9e\" \/>\n\t<meta name=\"twitter:data1\" content=\"3 minutes\" \/>\n<script type=\"application\/ld+json\" class=\"yoast-schema-graph\">{\"@context\":\"https:\/\/schema.org\",\"@graph\":[{\"@type\":\"WebPage\",\"@id\":\"https:\/\/tourtravelandmore.com\/fr\/tours\/italie-fr\/milan-fr\/visite-privee-de-milan-a-pied-les-sites-les-plus-importants\/\",\"url\":\"https:\/\/tourtravelandmore.com\/fr\/tours\/italie-fr\/milan-fr\/visite-privee-de-milan-a-pied-les-sites-les-plus-importants\/\",\"name\":\"Visite priv\u00e9e \u00e0 pied de Milan (3 heures) avec guide priv\u00e9 inclus\",\"isPartOf\":{\"@id\":\"https:\/\/tourtravelandmore.com\/fr\/#website\"},\"primaryImageOfPage\":{\"@id\":\"https:\/\/tourtravelandmore.com\/fr\/tours\/italie-fr\/milan-fr\/visite-privee-de-milan-a-pied-les-sites-les-plus-importants\/#primaryimage\"},\"image\":{\"@id\":\"https:\/\/tourtravelandmore.com\/fr\/tours\/italie-fr\/milan-fr\/visite-privee-de-milan-a-pied-les-sites-les-plus-importants\/#primaryimage\"},\"thumbnailUrl\":\"https:\/\/tourtravelandmore.com\/wp-content\/uploads\/2021\/08\/image7.jpg\",\"datePublished\":\"2021-08-12T11:23:14+00:00\",\"dateModified\":\"2022-04-01T10:32:57+00:00\",\"description\":\"Visite priv\u00e9e \u00e0 pied de Milan avec un guide officiel \u00e0 votre enti\u00e8re disposition. D\u00e9couvrez cette belle ville, son monument et ses principales attractions.\",\"breadcrumb\":{\"@id\":\"https:\/\/tourtravelandmore.com\/fr\/tours\/italie-fr\/milan-fr\/visite-privee-de-milan-a-pied-les-sites-les-plus-importants\/#breadcrumb\"},\"inLanguage\":\"fr-FR\",\"potentialAction\":[{\"@type\":\"ReadAction\",\"target\":[\"https:\/\/tourtravelandmore.com\/fr\/tours\/italie-fr\/milan-fr\/visite-privee-de-milan-a-pied-les-sites-les-plus-importants\/\"]}]},{\"@type\":\"ImageObject\",\"inLanguage\":\"fr-FR\",\"@id\":\"https:\/\/tourtravelandmore.com\/fr\/tours\/italie-fr\/milan-fr\/visite-privee-de-milan-a-pied-les-sites-les-plus-importants\/#primaryimage\",\"url\":\"https:\/\/tourtravelandmore.com\/wp-content\/uploads\/2021\/08\/image7.jpg\",\"contentUrl\":\"https:\/\/tourtravelandmore.com\/wp-content\/uploads\/2021\/08\/image7.jpg\",\"width\":822,\"height\":545},{\"@type\":\"BreadcrumbList\",\"@id\":\"https:\/\/tourtravelandmore.com\/fr\/tours\/italie-fr\/milan-fr\/visite-privee-de-milan-a-pied-les-sites-les-plus-importants\/#breadcrumb\",\"itemListElement\":[{\"@type\":\"ListItem\",\"position\":1,\"name\":\"Home\",\"item\":\"https:\/\/tourtravelandmore.com\/fr\/\"},{\"@type\":\"ListItem\",\"position\":2,\"name\":\"Tours\",\"item\":\"https:\/\/tourtravelandmore.com\/fr\/tours\/\"},{\"@type\":\"ListItem\",\"position\":3,\"name\":\"Visite Priv\u00e9e de Milan \u00e0 Pied &#8220;Les Sites Les Plus Importants&#8221;\"}]},{\"@type\":\"WebSite\",\"@id\":\"https:\/\/tourtravelandmore.com\/fr\/#website\",\"url\":\"https:\/\/tourtravelandmore.com\/fr\/\",\"name\":\"Tour Travel And More\",\"description\":\"Private sightseeing tours and luxury transfers in Spain\",\"publisher\":{\"@id\":\"https:\/\/tourtravelandmore.com\/fr\/#organization\"},\"potentialAction\":[{\"@type\":\"SearchAction\",\"target\":{\"@type\":\"EntryPoint\",\"urlTemplate\":\"https:\/\/tourtravelandmore.com\/fr\/?s={search_term_string}\"},\"query-input\":{\"@type\":\"PropertyValueSpecification\",\"valueRequired\":true,\"valueName\":\"search_term_string\"}}],\"inLanguage\":\"fr-FR\"},{\"@type\":\"Organization\",\"@id\":\"https:\/\/tourtravelandmore.com\/fr\/#organization\",\"name\":\"Tour Travel And More\",\"url\":\"https:\/\/tourtravelandmore.com\/fr\/\",\"logo\":{\"@type\":\"ImageObject\",\"inLanguage\":\"fr-FR\",\"@id\":\"https:\/\/tourtravelandmore.com\/fr\/#\/schema\/logo\/image\/\",\"url\":\"https:\/\/tourtravelandmore.com\/wp-content\/uploads\/2022\/12\/cropped-logo-cabecera-new.png\",\"contentUrl\":\"https:\/\/tourtravelandmore.com\/wp-content\/uploads\/2022\/12\/cropped-logo-cabecera-new.png\",\"width\":430,\"height\":61,\"caption\":\"Tour Travel And More\"},\"image\":{\"@id\":\"https:\/\/tourtravelandmore.com\/fr\/#\/schema\/logo\/image\/\"},\"sameAs\":[\"https:\/\/www.facebook.com\/tourtravelandmore\/\",\"https:\/\/x.com\/TourTravel_More\"]}]}<\/script>\n<!-- \/ Yoast SEO Premium plugin. -->","yoast_head_json":{"title":"Visite priv\u00e9e \u00e0 pied de Milan (3 heures) avec guide priv\u00e9 inclus","description":"Visite priv\u00e9e \u00e0 pied de Milan avec un guide officiel \u00e0 votre enti\u00e8re disposition. D\u00e9couvrez cette belle ville, son monument et ses principales attractions.","robots":{"index":"index","follow":"follow","max-snippet":"max-snippet:-1","max-image-preview":"max-image-preview:large","max-video-preview":"max-video-preview:-1"},"canonical":"https:\/\/tourtravelandmore.com\/fr\/tours\/italie-fr\/milan-fr\/visite-privee-de-milan-a-pied-les-sites-les-plus-importants\/","og_locale":"fr_FR","og_type":"article","og_title":"Visite Priv\u00e9e de Milan \u00e0 Pied \"Les Sites Les Plus Importants\"","og_description":"Visite priv\u00e9e \u00e0 pied de Milan avec un guide officiel \u00e0 votre enti\u00e8re disposition. D\u00e9couvrez cette belle ville, son monument et ses principales attractions.","og_url":"https:\/\/tourtravelandmore.com\/fr\/tours\/italie-fr\/milan-fr\/visite-privee-de-milan-a-pied-les-sites-les-plus-importants\/","og_site_name":"Tour Travel And More","article_publisher":"https:\/\/www.facebook.com\/tourtravelandmore\/","article_modified_time":"2022-04-01T10:32:57+00:00","og_image":[{"width":822,"height":545,"url":"https:\/\/tourtravelandmore.com\/wp-content\/uploads\/2021\/08\/image7.jpg","type":"image\/jpeg"}],"twitter_card":"summary_large_image","twitter_site":"@TourTravel_More","twitter_misc":{"Dur\u00e9e de lecture estim\u00e9e":"3 minutes"},"schema":{"@context":"https:\/\/schema.org","@graph":[{"@type":"WebPage","@id":"https:\/\/tourtravelandmore.com\/fr\/tours\/italie-fr\/milan-fr\/visite-privee-de-milan-a-pied-les-sites-les-plus-importants\/","url":"https:\/\/tourtravelandmore.com\/fr\/tours\/italie-fr\/milan-fr\/visite-privee-de-milan-a-pied-les-sites-les-plus-importants\/","name":"Visite priv\u00e9e \u00e0 pied de Milan (3 heures) avec guide priv\u00e9 inclus","isPartOf":{"@id":"https:\/\/tourtravelandmore.com\/fr\/#website"},"primaryImageOfPage":{"@id":"https:\/\/tourtravelandmore.com\/fr\/tours\/italie-fr\/milan-fr\/visite-privee-de-milan-a-pied-les-sites-les-plus-importants\/#primaryimage"},"image":{"@id":"https:\/\/tourtravelandmore.com\/fr\/tours\/italie-fr\/milan-fr\/visite-privee-de-milan-a-pied-les-sites-les-plus-importants\/#primaryimage"},"thumbnailUrl":"https:\/\/tourtravelandmore.com\/wp-content\/uploads\/2021\/08\/image7.jpg","datePublished":"2021-08-12T11:23:14+00:00","dateModified":"2022-04-01T10:32:57+00:00","description":"Visite priv\u00e9e \u00e0 pied de Milan avec un guide officiel \u00e0 votre enti\u00e8re disposition. D\u00e9couvrez cette belle ville, son monument et ses principales attractions.","breadcrumb":{"@id":"https:\/\/tourtravelandmore.com\/fr\/tours\/italie-fr\/milan-fr\/visite-privee-de-milan-a-pied-les-sites-les-plus-importants\/#breadcrumb"},"inLanguage":"fr-FR","potentialAction":[{"@type":"ReadAction","target":["https:\/\/tourtravelandmore.com\/fr\/tours\/italie-fr\/milan-fr\/visite-privee-de-milan-a-pied-les-sites-les-plus-importants\/"]}]},{"@type":"ImageObject","inLanguage":"fr-FR","@id":"https:\/\/tourtravelandmore.com\/fr\/tours\/italie-fr\/milan-fr\/visite-privee-de-milan-a-pied-les-sites-les-plus-importants\/#primaryimage","url":"https:\/\/tourtravelandmore.com\/wp-content\/uploads\/2021\/08\/image7.jpg","contentUrl":"https:\/\/tourtravelandmore.com\/wp-content\/uploads\/2021\/08\/image7.jpg","width":822,"height":545},{"@type":"BreadcrumbList","@id":"https:\/\/tourtravelandmore.com\/fr\/tours\/italie-fr\/milan-fr\/visite-privee-de-milan-a-pied-les-sites-les-plus-importants\/#breadcrumb","itemListElement":[{"@type":"ListItem","position":1,"name":"Home","item":"https:\/\/tourtravelandmore.com\/fr\/"},{"@type":"ListItem","position":2,"name":"Tours","item":"https:\/\/tourtravelandmore.com\/fr\/tours\/"},{"@type":"ListItem","position":3,"name":"Visite Priv\u00e9e de Milan \u00e0 Pied &#8220;Les Sites Les Plus Importants&#8221;"}]},{"@type":"WebSite","@id":"https:\/\/tourtravelandmore.com\/fr\/#website","url":"https:\/\/tourtravelandmore.com\/fr\/","name":"Tour Travel And More","description":"Private sightseeing tours and luxury transfers in Spain","publisher":{"@id":"https:\/\/tourtravelandmore.com\/fr\/#organization"},"potentialAction":[{"@type":"SearchAction","target":{"@type":"EntryPoint","urlTemplate":"https:\/\/tourtravelandmore.com\/fr\/?s={search_term_string}"},"query-input":{"@type":"PropertyValueSpecification","valueRequired":true,"valueName":"search_term_string"}}],"inLanguage":"fr-FR"},{"@type":"Organization","@id":"https:\/\/tourtravelandmore.com\/fr\/#organization","name":"Tour Travel And More","url":"https:\/\/tourtravelandmore.com\/fr\/","logo":{"@type":"ImageObject","inLanguage":"fr-FR","@id":"https:\/\/tourtravelandmore.com\/fr\/#\/schema\/logo\/image\/","url":"https:\/\/tourtravelandmore.com\/wp-content\/uploads\/2022\/12\/cropped-logo-cabecera-new.png","contentUrl":"https:\/\/tourtravelandmore.com\/wp-content\/uploads\/2022\/12\/cropped-logo-cabecera-new.png","width":430,"height":61,"caption":"Tour Travel And More"},"image":{"@id":"https:\/\/tourtravelandmore.com\/fr\/#\/schema\/logo\/image\/"},"sameAs":["https:\/\/www.facebook.com\/tourtravelandmore\/","https:\/\/x.com\/TourTravel_More"]}]}},"_links":{"self":[{"href":"https:\/\/tourtravelandmore.com\/fr\/wp-json\/wp\/v2\/product\/110026","targetHints":{"allow":["GET"]}}],"collection":[{"href":"https:\/\/tourtravelandmore.com\/fr\/wp-json\/wp\/v2\/product"}],"about":[{"href":"https:\/\/tourtravelandmore.com\/fr\/wp-json\/wp\/v2\/types\/product"}],"replies":[{"embeddable":true,"href":"https:\/\/tourtravelandmore.com\/fr\/wp-json\/wp\/v2\/comments?post=110026"}],"wp:featuredmedia":[{"embeddable":true,"href":"https:\/\/tourtravelandmore.com\/fr\/wp-json\/wp\/v2\/media\/119921"}],"wp:attachment":[{"href":"https:\/\/tourtravelandmore.com\/fr\/wp-json\/wp\/v2\/media?parent=110026"}],"wp:term":[{"taxonomy":"product_brand","embeddable":true,"href":"https:\/\/tourtravelandmore.com\/fr\/wp-json\/wp\/v2\/product_brand?post=110026"},{"taxonomy":"product_cat","embeddable":true,"href":"https:\/\/tourtravelandmore.com\/fr\/wp-json\/wp\/v2\/product_cat?post=110026"},{"taxonomy":"product_tag","embeddable":true,"href":"https:\/\/tourtravelandmore.com\/fr\/wp-json\/wp\/v2\/product_tag?post=110026"}],"curies":[{"name":"wp","href":"https:\/\/api.w.org\/{rel}","templated":true}]}}