{"id":109692,"date":"2021-08-03T12:45:14","date_gmt":"2021-08-03T10:45:26","guid":{"rendered":"https:\/\/tourtravelandmore.com\/?post_type=product&#038;p=109692"},"modified":"2022-03-11T09:27:17","modified_gmt":"2022-03-11T08:27:17","slug":"visite-privee-a-pied-de-milan-experience-complete","status":"publish","type":"product","link":"https:\/\/tourtravelandmore.com\/fr\/tours\/italie-fr\/milan-fr\/visite-privee-a-pied-de-milan-experience-complete\/","title":{"rendered":"Visite Priv\u00e9e \u00e0 pied de Milan &#8220;Exp\u00e9rience compl\u00e8te&#8221;"},"content":{"rendered":"<h2><strong>Description de la visite priv\u00e9e \u00e0 pied de Milan de 4 heures &#8220;Exp\u00e9rience compl\u00e8te&#8221;<\/strong><\/h2>\n<p><span style=\"font-weight: 400;\">Milan est la capitale de la Lombardie, la r\u00e9gion la plus prosp\u00e8re d&#8217;Italie. Il n&#8217;est donc pas \u00e9tonnant qu&#8217;elle soit l&#8217;une des principales attractions touristiques du pays.<\/span><\/p>\n<p><span style=\"font-weight: 400;\">Lors de cette <\/span><b>visite \u00e0 pied de 4 heures de Milan, <\/b><span style=\"font-weight: 400;\">vous vivrez une exp\u00e9rience compl\u00e8te qui vous permettra de conna\u00eetre tous les points d&#8217;int\u00e9r\u00eat de cette ville \u00e9tonnante.\u00a0<\/span><\/p>\n<p><span style=\"font-weight: 400;\">Nous partirons d&#8217;un endroit central de Milan ou nous pourrons venir vous chercher \u00e0 votre h\u00f4tel, pour autant qu&#8217;il se trouve dans le centre-ville.\u00a0<\/span><\/p>\n<p><span style=\"font-weight: 400;\">Ensuite, vous visiterez \u00e0 votre rythme la Piazza del Duomo, l&#8217;imposante cath\u00e9drale de Milan, le mus\u00e9e de la Scala, le ch\u00e2teau de Sforza, entre autres points int\u00e9ressants de la ville.\u00a0<\/span><\/p>\n<p><span style=\"font-weight: 400;\">Il s&#8217;agit d&#8217;une visite \u00e0 pied avec un guide priv\u00e9, qui vous donnera tous les faits historiques et culturels sur les diff\u00e9rents b\u00e2timents et monuments que vous visiterez.\u00a0<\/span><\/p>\n<p><span style=\"font-weight: 400;\">\u00c0 la fin de l&#8217;excursion, nous vous d\u00e9poserons \u00e0 l&#8217;endroit que vous aurez indiqu\u00e9 et qui vous conviendra le mieux.\u00a0<\/span><\/p>\n<p><span style=\"font-weight: 400;\">Il s&#8217;agira d&#8217;une <\/span><b>visite personnalis\u00e9e <\/b><span style=\"font-weight: 400;\">pour d\u00e9couvrir de mani\u00e8re exclusive l&#8217;une des plus importantes villes industrielles et commerciales d&#8217;Italie.<\/span><\/p>\n<h2><span style=\"font-weight: 400; color: #d3af37;\">Points d&#8217;int\u00e9r\u00eat de la visite priv\u00e9e<\/span><\/h2>\n<p><span style=\"font-weight: 400;\">Milan est connue dans le monde entier pour \u00eatre la capitale mondiale de la mode et pour son architecture impressionnante.\u00a0<\/span><\/p>\n<p><span style=\"font-weight: 400;\">Dans cette visite \u00e0 pied, nous vous montrerons les meilleurs endroits et les choses les plus int\u00e9ressantes \u00e0 faire \u00e0 Milan. Il s&#8217;agit d&#8217;une <\/span><b>promenade de 4 heures <\/b><span style=\"font-weight: 400;\">\u00e0 travers la deuxi\u00e8me plus grande r\u00e9gion m\u00e9tropolitaine d&#8217;Italie pour d\u00e9couvrir les points d&#8217;int\u00e9r\u00eat suivants :\u00a0<\/span><\/p>\n<h3><span style=\"font-weight: 400;\">Duomo di Milano ou cath\u00e9drale de Milan<\/span><\/h3>\n<p><span style=\"font-weight: 400;\">Cette splendide construction gothique est <\/span><b>la troisi\u00e8me plus grande cath\u00e9drale du monde<\/b><span style=\"font-weight: 400;\">, apr\u00e8s la cath\u00e9drale Saint-Pierre et la cath\u00e9drale de S\u00e9ville.\u00a0<\/span><\/p>\n<p><span style=\"font-weight: 400;\">Gr\u00e2ce \u00e0 notre visite priv\u00e9e \u00e0 pied, vous aurez l&#8217;occasion de visiter ses installations et de voir sa magnifique fa\u00e7ade sculpt\u00e9e en marbre, reconnue dans le monde entier pour ses d\u00e9tails impressionnants.\u00a0<\/span><\/p>\n<p><span style=\"font-weight: 400;\">C&#8217;est aussi un b\u00e2timent qui a beaucoup d&#8217;histoire, puisqu&#8217;\u00e0 l&#8217;int\u00e9rieur se trouvent plusieurs reliques chr\u00e9tiennes, comme l&#8217;un des clous avec lesquels J\u00e9sus de Nazareth a \u00e9t\u00e9 crucifi\u00e9 et les sarcophages des archev\u00eaques Giovanni et Ottone Visconti.\u00a0<\/span><\/p>\n<h3><span style=\"font-weight: 400; color: #d3af37;\">Mus\u00e9e de la Scala<\/span><\/h3>\n<p><span style=\"font-weight: 400;\">Notre visite priv\u00e9e se poursuit par une promenade dans le mus\u00e9e de la Scala pour admirer son incroyable fa\u00e7ade principale.\u00a0<\/span><\/p>\n<p><span style=\"font-weight: 400;\">\u00c0 c\u00f4t\u00e9 du mus\u00e9e se trouve le th\u00e9\u00e2tre o\u00f9 se trouve le c\u00e9l\u00e8bre Op\u00e9ra de Milan, l&#8217;un des op\u00e9ras les plus prestigieux d&#8217;Italie.\u00a0<\/span><\/p>\n<p><span style=\"font-weight: 400;\">Il a \u00e9t\u00e9 le th\u00e9\u00e2tre d&#8217;innombrables concerts de renomm\u00e9e internationale, o\u00f9 des chanteurs tels que Pavarotti et Maria Callas se sont produits dans sa salle.\u00a0<\/span><\/p>\n<p><span style=\"font-weight: 400;\">Le mus\u00e9e abrite \u00e9galement une grande collection de costumes d&#8217;op\u00e9ra, de documents et d&#8217;instruments de musique d&#8217;une grande valeur historique.\u00a0<\/span><\/p>\n<h3><span style=\"font-weight: 400; color: #d3af37;\">Ch\u00e2teau Sforza<\/span><\/h3>\n<p><span style=\"font-weight: 400;\">Nous poursuivrons notre visite au ch\u00e2teau de Sforza, un autre des monuments les plus embl\u00e9matiques de Milan.\u00a0<\/span><\/p>\n<p><span style=\"font-weight: 400;\">Cette forteresse a \u00e9t\u00e9 construite en 1368 par la famille Visconti, mais les Sforza ont ensuite ordonn\u00e9 sa reconstruction. En outre, le ch\u00e2teau a subi plusieurs transformations.<\/span><\/p>\n<p><span style=\"font-weight: 400;\">Elle abrite aujourd&#8217;hui certains des mus\u00e9es les plus embl\u00e9matiques d&#8217;Italie, parmi lesquels : Le mus\u00e9e d&#8217;art antique, le mus\u00e9e des instruments de musique, le mus\u00e9e des arts d\u00e9coratifs, le mus\u00e9e \u00e9gyptien, la Pinacoth\u00e8que du Castello Sforzesco et le mus\u00e9e des meubles anciens.\u00a0<\/span><\/p>\n<p><span style=\"font-weight: 400;\">En outre, ses cours et ses galeries constituent, \u00e0 elles seules, un paysage digne d&#8217;admiration.\u00a0<\/span><\/p>\n<h3><span style=\"font-weight: 400; color: #d3af37;\">Galerie de Vittorio Emanuele II<\/span><\/h3>\n<p><span style=\"font-weight: 400;\">Dans cette galerie construite au XIXe si\u00e8cle se trouvent les magasins les plus c\u00e9l\u00e8bres de Milan, tels que Gucci ou Prada.\u00a0<\/span><\/p>\n<p><span style=\"font-weight: 400;\">Le b\u00e2timent abrite \u00e9galement certains des restaurants les plus anciens et les plus prestigieux de la ville. Mais sa principale attraction est le d\u00f4me central qui est con\u00e7u avec diff\u00e9rentes mosa\u00efques, qui repr\u00e9sentent les cartes des continents du monde.\u00a0<\/span><\/p>\n<h3><span style=\"font-weight: 400; color: #d3af37;\">Parc du Sempione<\/span><\/h3>\n<p><span style=\"font-weight: 400;\">Le Sempione, situ\u00e9 juste derri\u00e8re le ch\u00e2teau Sforza, est le plus grand parc public de la ville.\u00a0<\/span><\/p>\n<p><span style=\"font-weight: 400;\">C&#8217;est aussi un endroit o\u00f9 les touristes ont l&#8217;habitude de se reposer et d&#8217;en profiter pour prendre des photos des b\u00e2timents environnants, comme l&#8217;Arco della Pace, la Triennale, entre autres.\u00a0\u00a0<\/span><\/p>\n<p><span style=\"font-weight: 400;\">La visite priv\u00e9e est enti\u00e8rement personnalis\u00e9e, vous avez donc \u00e9galement la possibilit\u00e9 de vous rencontrer :\u00a0<\/span><\/p>\n<ul>\n<li><b>\u00c9glise Santa Maria della Grazie<\/b><\/li>\n<li><b>La Pinacoth\u00e8que de Brera<\/b><\/li>\n<li><b>La basilique de Saint-Ambroise et bien plus encore.\u00a0<\/b><\/li>\n<\/ul>\n<p><span style=\"font-weight: 400;\">\u00c0 la fin de la visite, notre guide peut vous accompagner \u00e0 un point central pour continuer votre visite de la splendide ville de Milan.\u00a0<\/span><\/p>\n<p><span style=\"font-weight: 400;\">Si vous disposez d&#8217;un peu plus de temps lors de votre visite en Italie, vous pouvez profiter de notre <\/span><a href=\"https:\/\/tourtravelandmore.com\/fr\/tours\/italie-fr\/milan-fr\/visite-privee-de-bologne-au-depart-de-milan\/\"><b>circuit priv\u00e9 de Milan \u00e0 Bologne <\/b><\/a><span style=\"font-weight: 400;\">pour explorer l&#8217;une des villes les plus historiques du nord de l&#8217;Italie.\u00a0<\/span><\/p>\n","protected":false},"excerpt":{"rendered":"<p><span style=\"font-weight: 400;\">Aventurez-vous dans la deuxi\u00e8me plus grande ville d&#8217;Italie lors de notre visite \u00e0 pied de Milan. Au cours de cette visite personnalis\u00e9e, vous d\u00e9couvrirez la c\u00e9l\u00e8bre cath\u00e9drale Duomo, le ch\u00e2teau Sforza, le mus\u00e9e de la Scala et bien d&#8217;autres curiosit\u00e9s. Et tout cela en compagnie d&#8217;un guide priv\u00e9, expert en histoire et en culture locale. <\/span><\/p>\n","protected":false},"featured_media":120062,"comment_status":"open","ping_status":"closed","template":"","meta":{"_acf_changed":false},"product_brand":[],"product_cat":[3700],"product_tag":[],"class_list":{"0":"post-109692","1":"product","2":"type-product","3":"status-publish","4":"has-post-thumbnail","6":"product_cat-milan-fr","8":"first","9":"instock","10":"shipping-taxable","11":"purchasable","12":"product-type-simple"},"acf":[],"yoast_head":"<!-- This site is optimized with the Yoast SEO Premium plugin v25.3.1 (Yoast SEO v25.3.1) - https:\/\/yoast.com\/wordpress\/plugins\/seo\/ -->\n<title>Visite priv\u00e9e \u00e0 pied de Milan de 4 heures &quot;Full Experience&quot; avec guide officiel inclus<\/title>\n<meta name=\"description\" content=\"Apprenez \u00e0 conna\u00eetre la ville de Milan lors d&#039;une visite priv\u00e9e \u00e0 pied avec un guide officiel pour d\u00e9couvrir tout le charme de la capitale de la Lombardie\" \/>\n<meta name=\"robots\" content=\"index, follow, max-snippet:-1, max-image-preview:large, max-video-preview:-1\" \/>\n<link rel=\"canonical\" href=\"https:\/\/tourtravelandmore.com\/fr\/tours\/italie-fr\/milan-fr\/visite-privee-a-pied-de-milan-experience-complete\/\" \/>\n<meta property=\"og:locale\" content=\"fr_FR\" \/>\n<meta property=\"og:type\" content=\"article\" \/>\n<meta property=\"og:title\" content=\"Visite Priv\u00e9e \u00e0 pied de Milan &quot;Exp\u00e9rience compl\u00e8te&quot;\" \/>\n<meta property=\"og:description\" content=\"Apprenez \u00e0 conna\u00eetre la ville de Milan lors d&#039;une visite priv\u00e9e \u00e0 pied avec un guide officiel pour d\u00e9couvrir tout le charme de la capitale de la Lombardie\" \/>\n<meta property=\"og:url\" content=\"https:\/\/tourtravelandmore.com\/fr\/tours\/italie-fr\/milan-fr\/visite-privee-a-pied-de-milan-experience-complete\/\" \/>\n<meta property=\"og:site_name\" content=\"Tour Travel And More\" \/>\n<meta property=\"article:publisher\" content=\"https:\/\/www.facebook.com\/tourtravelandmore\/\" \/>\n<meta property=\"article:modified_time\" content=\"2022-03-11T08:27:17+00:00\" \/>\n<meta property=\"og:image\" content=\"https:\/\/tourtravelandmore.com\/wp-content\/uploads\/2021\/08\/image8.jpg\" \/>\n\t<meta property=\"og:image:width\" content=\"789\" \/>\n\t<meta property=\"og:image:height\" content=\"526\" \/>\n\t<meta property=\"og:image:type\" content=\"image\/jpeg\" \/>\n<meta name=\"twitter:card\" content=\"summary_large_image\" \/>\n<meta name=\"twitter:site\" content=\"@TourTravel_More\" \/>\n<meta name=\"twitter:label1\" content=\"Dur\u00e9e de lecture estim\u00e9e\" \/>\n\t<meta name=\"twitter:data1\" content=\"4 minutes\" \/>\n<script type=\"application\/ld+json\" class=\"yoast-schema-graph\">{\"@context\":\"https:\/\/schema.org\",\"@graph\":[{\"@type\":\"WebPage\",\"@id\":\"https:\/\/tourtravelandmore.com\/fr\/tours\/italie-fr\/milan-fr\/visite-privee-a-pied-de-milan-experience-complete\/\",\"url\":\"https:\/\/tourtravelandmore.com\/fr\/tours\/italie-fr\/milan-fr\/visite-privee-a-pied-de-milan-experience-complete\/\",\"name\":\"Visite priv\u00e9e \u00e0 pied de Milan de 4 heures \\\"Full Experience\\\" avec guide officiel inclus\",\"isPartOf\":{\"@id\":\"https:\/\/tourtravelandmore.com\/fr\/#website\"},\"primaryImageOfPage\":{\"@id\":\"https:\/\/tourtravelandmore.com\/fr\/tours\/italie-fr\/milan-fr\/visite-privee-a-pied-de-milan-experience-complete\/#primaryimage\"},\"image\":{\"@id\":\"https:\/\/tourtravelandmore.com\/fr\/tours\/italie-fr\/milan-fr\/visite-privee-a-pied-de-milan-experience-complete\/#primaryimage\"},\"thumbnailUrl\":\"https:\/\/tourtravelandmore.com\/wp-content\/uploads\/2021\/08\/image8.jpg\",\"datePublished\":\"2021-08-03T10:45:26+00:00\",\"dateModified\":\"2022-03-11T08:27:17+00:00\",\"description\":\"Apprenez \u00e0 conna\u00eetre la ville de Milan lors d'une visite priv\u00e9e \u00e0 pied avec un guide officiel pour d\u00e9couvrir tout le charme de la capitale de la Lombardie\",\"breadcrumb\":{\"@id\":\"https:\/\/tourtravelandmore.com\/fr\/tours\/italie-fr\/milan-fr\/visite-privee-a-pied-de-milan-experience-complete\/#breadcrumb\"},\"inLanguage\":\"fr-FR\",\"potentialAction\":[{\"@type\":\"ReadAction\",\"target\":[\"https:\/\/tourtravelandmore.com\/fr\/tours\/italie-fr\/milan-fr\/visite-privee-a-pied-de-milan-experience-complete\/\"]}]},{\"@type\":\"ImageObject\",\"inLanguage\":\"fr-FR\",\"@id\":\"https:\/\/tourtravelandmore.com\/fr\/tours\/italie-fr\/milan-fr\/visite-privee-a-pied-de-milan-experience-complete\/#primaryimage\",\"url\":\"https:\/\/tourtravelandmore.com\/wp-content\/uploads\/2021\/08\/image8.jpg\",\"contentUrl\":\"https:\/\/tourtravelandmore.com\/wp-content\/uploads\/2021\/08\/image8.jpg\",\"width\":789,\"height\":526},{\"@type\":\"BreadcrumbList\",\"@id\":\"https:\/\/tourtravelandmore.com\/fr\/tours\/italie-fr\/milan-fr\/visite-privee-a-pied-de-milan-experience-complete\/#breadcrumb\",\"itemListElement\":[{\"@type\":\"ListItem\",\"position\":1,\"name\":\"Home\",\"item\":\"https:\/\/tourtravelandmore.com\/fr\/\"},{\"@type\":\"ListItem\",\"position\":2,\"name\":\"Tours\",\"item\":\"https:\/\/tourtravelandmore.com\/fr\/tours\/\"},{\"@type\":\"ListItem\",\"position\":3,\"name\":\"Visite Priv\u00e9e \u00e0 pied de Milan &#8220;Exp\u00e9rience compl\u00e8te&#8221;\"}]},{\"@type\":\"WebSite\",\"@id\":\"https:\/\/tourtravelandmore.com\/fr\/#website\",\"url\":\"https:\/\/tourtravelandmore.com\/fr\/\",\"name\":\"Tour Travel And More\",\"description\":\"Private sightseeing tours and luxury transfers in Spain\",\"publisher\":{\"@id\":\"https:\/\/tourtravelandmore.com\/fr\/#organization\"},\"potentialAction\":[{\"@type\":\"SearchAction\",\"target\":{\"@type\":\"EntryPoint\",\"urlTemplate\":\"https:\/\/tourtravelandmore.com\/fr\/?s={search_term_string}\"},\"query-input\":{\"@type\":\"PropertyValueSpecification\",\"valueRequired\":true,\"valueName\":\"search_term_string\"}}],\"inLanguage\":\"fr-FR\"},{\"@type\":\"Organization\",\"@id\":\"https:\/\/tourtravelandmore.com\/fr\/#organization\",\"name\":\"Tour Travel And More\",\"url\":\"https:\/\/tourtravelandmore.com\/fr\/\",\"logo\":{\"@type\":\"ImageObject\",\"inLanguage\":\"fr-FR\",\"@id\":\"https:\/\/tourtravelandmore.com\/fr\/#\/schema\/logo\/image\/\",\"url\":\"https:\/\/tourtravelandmore.com\/wp-content\/uploads\/2022\/12\/cropped-logo-cabecera-new.png\",\"contentUrl\":\"https:\/\/tourtravelandmore.com\/wp-content\/uploads\/2022\/12\/cropped-logo-cabecera-new.png\",\"width\":430,\"height\":61,\"caption\":\"Tour Travel And More\"},\"image\":{\"@id\":\"https:\/\/tourtravelandmore.com\/fr\/#\/schema\/logo\/image\/\"},\"sameAs\":[\"https:\/\/www.facebook.com\/tourtravelandmore\/\",\"https:\/\/x.com\/TourTravel_More\"]}]}<\/script>\n<!-- \/ Yoast SEO Premium plugin. -->","yoast_head_json":{"title":"Visite priv\u00e9e \u00e0 pied de Milan de 4 heures \"Full Experience\" avec guide officiel inclus","description":"Apprenez \u00e0 conna\u00eetre la ville de Milan lors d'une visite priv\u00e9e \u00e0 pied avec un guide officiel pour d\u00e9couvrir tout le charme de la capitale de la Lombardie","robots":{"index":"index","follow":"follow","max-snippet":"max-snippet:-1","max-image-preview":"max-image-preview:large","max-video-preview":"max-video-preview:-1"},"canonical":"https:\/\/tourtravelandmore.com\/fr\/tours\/italie-fr\/milan-fr\/visite-privee-a-pied-de-milan-experience-complete\/","og_locale":"fr_FR","og_type":"article","og_title":"Visite Priv\u00e9e \u00e0 pied de Milan \"Exp\u00e9rience compl\u00e8te\"","og_description":"Apprenez \u00e0 conna\u00eetre la ville de Milan lors d'une visite priv\u00e9e \u00e0 pied avec un guide officiel pour d\u00e9couvrir tout le charme de la capitale de la Lombardie","og_url":"https:\/\/tourtravelandmore.com\/fr\/tours\/italie-fr\/milan-fr\/visite-privee-a-pied-de-milan-experience-complete\/","og_site_name":"Tour Travel And More","article_publisher":"https:\/\/www.facebook.com\/tourtravelandmore\/","article_modified_time":"2022-03-11T08:27:17+00:00","og_image":[{"width":789,"height":526,"url":"https:\/\/tourtravelandmore.com\/wp-content\/uploads\/2021\/08\/image8.jpg","type":"image\/jpeg"}],"twitter_card":"summary_large_image","twitter_site":"@TourTravel_More","twitter_misc":{"Dur\u00e9e de lecture estim\u00e9e":"4 minutes"},"schema":{"@context":"https:\/\/schema.org","@graph":[{"@type":"WebPage","@id":"https:\/\/tourtravelandmore.com\/fr\/tours\/italie-fr\/milan-fr\/visite-privee-a-pied-de-milan-experience-complete\/","url":"https:\/\/tourtravelandmore.com\/fr\/tours\/italie-fr\/milan-fr\/visite-privee-a-pied-de-milan-experience-complete\/","name":"Visite priv\u00e9e \u00e0 pied de Milan de 4 heures \"Full Experience\" avec guide officiel inclus","isPartOf":{"@id":"https:\/\/tourtravelandmore.com\/fr\/#website"},"primaryImageOfPage":{"@id":"https:\/\/tourtravelandmore.com\/fr\/tours\/italie-fr\/milan-fr\/visite-privee-a-pied-de-milan-experience-complete\/#primaryimage"},"image":{"@id":"https:\/\/tourtravelandmore.com\/fr\/tours\/italie-fr\/milan-fr\/visite-privee-a-pied-de-milan-experience-complete\/#primaryimage"},"thumbnailUrl":"https:\/\/tourtravelandmore.com\/wp-content\/uploads\/2021\/08\/image8.jpg","datePublished":"2021-08-03T10:45:26+00:00","dateModified":"2022-03-11T08:27:17+00:00","description":"Apprenez \u00e0 conna\u00eetre la ville de Milan lors d'une visite priv\u00e9e \u00e0 pied avec un guide officiel pour d\u00e9couvrir tout le charme de la capitale de la Lombardie","breadcrumb":{"@id":"https:\/\/tourtravelandmore.com\/fr\/tours\/italie-fr\/milan-fr\/visite-privee-a-pied-de-milan-experience-complete\/#breadcrumb"},"inLanguage":"fr-FR","potentialAction":[{"@type":"ReadAction","target":["https:\/\/tourtravelandmore.com\/fr\/tours\/italie-fr\/milan-fr\/visite-privee-a-pied-de-milan-experience-complete\/"]}]},{"@type":"ImageObject","inLanguage":"fr-FR","@id":"https:\/\/tourtravelandmore.com\/fr\/tours\/italie-fr\/milan-fr\/visite-privee-a-pied-de-milan-experience-complete\/#primaryimage","url":"https:\/\/tourtravelandmore.com\/wp-content\/uploads\/2021\/08\/image8.jpg","contentUrl":"https:\/\/tourtravelandmore.com\/wp-content\/uploads\/2021\/08\/image8.jpg","width":789,"height":526},{"@type":"BreadcrumbList","@id":"https:\/\/tourtravelandmore.com\/fr\/tours\/italie-fr\/milan-fr\/visite-privee-a-pied-de-milan-experience-complete\/#breadcrumb","itemListElement":[{"@type":"ListItem","position":1,"name":"Home","item":"https:\/\/tourtravelandmore.com\/fr\/"},{"@type":"ListItem","position":2,"name":"Tours","item":"https:\/\/tourtravelandmore.com\/fr\/tours\/"},{"@type":"ListItem","position":3,"name":"Visite Priv\u00e9e \u00e0 pied de Milan &#8220;Exp\u00e9rience compl\u00e8te&#8221;"}]},{"@type":"WebSite","@id":"https:\/\/tourtravelandmore.com\/fr\/#website","url":"https:\/\/tourtravelandmore.com\/fr\/","name":"Tour Travel And More","description":"Private sightseeing tours and luxury transfers in Spain","publisher":{"@id":"https:\/\/tourtravelandmore.com\/fr\/#organization"},"potentialAction":[{"@type":"SearchAction","target":{"@type":"EntryPoint","urlTemplate":"https:\/\/tourtravelandmore.com\/fr\/?s={search_term_string}"},"query-input":{"@type":"PropertyValueSpecification","valueRequired":true,"valueName":"search_term_string"}}],"inLanguage":"fr-FR"},{"@type":"Organization","@id":"https:\/\/tourtravelandmore.com\/fr\/#organization","name":"Tour Travel And More","url":"https:\/\/tourtravelandmore.com\/fr\/","logo":{"@type":"ImageObject","inLanguage":"fr-FR","@id":"https:\/\/tourtravelandmore.com\/fr\/#\/schema\/logo\/image\/","url":"https:\/\/tourtravelandmore.com\/wp-content\/uploads\/2022\/12\/cropped-logo-cabecera-new.png","contentUrl":"https:\/\/tourtravelandmore.com\/wp-content\/uploads\/2022\/12\/cropped-logo-cabecera-new.png","width":430,"height":61,"caption":"Tour Travel And More"},"image":{"@id":"https:\/\/tourtravelandmore.com\/fr\/#\/schema\/logo\/image\/"},"sameAs":["https:\/\/www.facebook.com\/tourtravelandmore\/","https:\/\/x.com\/TourTravel_More"]}]}},"_links":{"self":[{"href":"https:\/\/tourtravelandmore.com\/fr\/wp-json\/wp\/v2\/product\/109692","targetHints":{"allow":["GET"]}}],"collection":[{"href":"https:\/\/tourtravelandmore.com\/fr\/wp-json\/wp\/v2\/product"}],"about":[{"href":"https:\/\/tourtravelandmore.com\/fr\/wp-json\/wp\/v2\/types\/product"}],"replies":[{"embeddable":true,"href":"https:\/\/tourtravelandmore.com\/fr\/wp-json\/wp\/v2\/comments?post=109692"}],"wp:featuredmedia":[{"embeddable":true,"href":"https:\/\/tourtravelandmore.com\/fr\/wp-json\/wp\/v2\/media\/120062"}],"wp:attachment":[{"href":"https:\/\/tourtravelandmore.com\/fr\/wp-json\/wp\/v2\/media?parent=109692"}],"wp:term":[{"taxonomy":"product_brand","embeddable":true,"href":"https:\/\/tourtravelandmore.com\/fr\/wp-json\/wp\/v2\/product_brand?post=109692"},{"taxonomy":"product_cat","embeddable":true,"href":"https:\/\/tourtravelandmore.com\/fr\/wp-json\/wp\/v2\/product_cat?post=109692"},{"taxonomy":"product_tag","embeddable":true,"href":"https:\/\/tourtravelandmore.com\/fr\/wp-json\/wp\/v2\/product_tag?post=109692"}],"curies":[{"name":"wp","href":"https:\/\/api.w.org\/{rel}","templated":true}]}}