{"id":109286,"date":"2021-07-21T11:29:25","date_gmt":"2021-07-21T09:29:40","guid":{"rendered":"https:\/\/tourtravelandmore.com\/?post_type=product&#038;p=109286"},"modified":"2023-01-18T17:12:35","modified_gmt":"2023-01-18T16:12:35","slug":"excursion-privee-a-edfu-et-kom-ombo-depuis-louxor","status":"publish","type":"product","link":"https:\/\/tourtravelandmore.com\/fr\/tours\/egypte-fr\/aswan-luxor-fr\/private-sightseeing-tours-fr-15-aswan-luxor-fr\/excursion-privee-a-edfu-et-kom-ombo-depuis-louxor\/","title":{"rendered":"Excursion priv\u00e9e \u00e0 Edfu et Kom Ombo depuis Louxor"},"content":{"rendered":"<h2>Description de l&#8217;excursion \u00e0 Edfu et Kom Ombo depuis Louxor<\/h2>\n<p>D\u00e9couvrez deux des plus beaux temples anciens d&#8217;\u00c9gypte lors d&#8217;une visite priv\u00e9e au d\u00e9part de Louxor, avec chauffeur et guide officiel. Profitez de cette visite priv\u00e9e de Louxor \u00e0 Edfu et Kom Ombo. Vous pourrez visiter plusieurs sites embl\u00e9matiques de l&#8217;une des civilisations les plus int\u00e9ressantes de notre histoire.<\/p>\n<p>Votre chauffeur priv\u00e9 et votre guide officiel viendront vous chercher \u00e0 l&#8217;endroit souhait\u00e9 \u00e0 Louxor. Vous commencerez ensuite votre excursion au temple d&#8217;Edfu. Vous visiterez ensuite le temple de Kom Ombo, situ\u00e9 dans une r\u00e9gion \u00e9lev\u00e9e surplombant le Nil.<\/p>\n<p>Le circuit est 100% adaptable \u00e0 vos propres souhaits et int\u00e9r\u00eats. Nos guides et chauffeurs sont \u00e0 votre disposition. Nous coordonnerons vos billets \u00e0 l&#8217;avance. Si vous visitez l&#8217;\u00c9gypte pendant plusieurs jours, vous pouvez consulter nos itin\u00e9raires priv\u00e9s.<\/p>\n<h2>Points d&#8217;int\u00e9r\u00eat<\/h2>\n<p>Visitez deux des plus beaux sites d&#8217;\u00c9gypte lors de cette excursion priv\u00e9e \u00e0 Edfu et Kom Ombo au d\u00e9part de Louxor. Nous traverserons la vall\u00e9e du Nil jusqu&#8217;au temple d&#8217;Horus, l&#8217;un des temples les mieux conserv\u00e9s d&#8217;\u00c9gypte. Vous visiterez ensuite Kom Ombo, un double temple d\u00e9di\u00e9 \u00e0 Sobek, le dieu crocodile, et \u00e0 Horus, le dieu \u00e0 la t\u00eate d&#8217;aigle.<\/p>\n<p>Edfu \u00e9tait d\u00e9di\u00e9 \u00e0 Horus. C&#8217;est le deuxi\u00e8me plus grand temple d&#8217;\u00c9gypte. Il a \u00e9t\u00e9 construit par les Gr\u00e9co-Romains, quelques ann\u00e9es apr\u00e8s l&#8217;\u00e9poque des Pharaons. Le site a \u00e9t\u00e9 red\u00e9couvert dans les ann\u00e9es 1860 par des arch\u00e9ologues fran\u00e7ais.<\/p>\n<p>Vous visiterez ensuite le temple de Kom Ombo. Sa principale particularit\u00e9 est qu&#8217;elle poss\u00e8de une double entr\u00e9e, et que ses murs contiennent des \u00e9crits de liturgies coptes de l&#8217;\u00e9poque. Le nom de cette magnifique cit\u00e9 signifie &#8220;la colline de l&#8217;or&#8221;, en r\u00e9f\u00e9rence \u00e0 l&#8217;importance de cette ville pour l&#8217;\u00e9conomie de l&#8217;\u00c9gypte de l&#8217;\u00e9poque.<\/p>\n<p>\u00c0 la fin de votre visite, votre chauffeur et votre guide vous ram\u00e8neront \u00e0 votre h\u00f4tel ou \u00e0 l&#8217;endroit souhait\u00e9 \u00e0 Louxor.<\/p>\n<p><button style=\"width: auto; height: auto; background-image: url('data:image\/png;base64,iVBORw0KGgoAAAANSUhEUgAAADAAAAAwCAYAAABXAvmHAAABS2lUWHRYTUw6Y29tLmFkb2JlLnhtcAAAAAAAPD94cGFja2V0IGJlZ2luPSLvu78iIGlkPSJXNU0wTXBDZWhpSHpyZVN6TlRjemtjOWQiPz4KPHg6eG1wbWV0YSB4bWxuczp4PSJhZG9iZTpuczptZXRhLyIgeDp4bXB0az0iQWRvYmUgWE1QIENvcmUgNS42LWMxMzggNzkuMTU5ODI0LCAyMDE2LzA5LzE0LTAxOjA5OjAxICAgICAgICAiPgogPHJkZjpSREYgeG1sbnM6cmRmPSJodHRwOi8vd3d3LnczLm9yZy8xOTk5LzAyLzIyLXJkZi1zeW50YXgtbnMjIj4KICA8cmRmOkRlc2NyaXB0aW9uIHJkZjphYm91dD0iIi8+CiA8L3JkZjpSREY+CjwveDp4bXBtZXRhPgo8P3hwYWNrZXQgZW5kPSJyIj8+IEmuOgAAAx5JREFUaIHtmj1L81wYx39JI75AbYtgBTFTRdQGXV2cxMlPICjiakHE0cVJB5FO4uLgN1AnZ\/0EgoLQtd6tL6hJIwia9DzDg6Wxpcb7hMTe+INCz+t1\/TnJuU7OOYoQ4g8Qpz2xFSGEiNoLGVTAjtoJCWw1ag9k0eoTQgg2NzcplUp0dHRE5VNTHMdB0zTy+TydnZ21fI8Ay7K4vr4ml8uRSqVCd7IVQgjW19cpFAoYhlHLbxiBTCbD9PR06A76YXx8HNd1PXmed0BRFBzHwTTNUB3zy\/v7O7FYzJPX9i\/xr4Co0b6u0prj42Pu7u5a1unp6UHXdSYmJkgmk7ImPUgLWFlZoVQq+aqbSCSYn59ne3ubRCIhaxoI4BHSdd13Xcuy2N\/fxzCML0fNL9IjoChK7f\/p6Smjo6MNdWzb5vz8nI2NDUzTpFgsMjMzw+Xlpax5eQH1TE5OMjAw0LQsm80yNzdHNpvFtm2urq44PDxkaWlJymags9D9\/X3Lcl3X2dnZqaX39vakbYY+jS4uLtLV1QXAxcUFlUpFqr\/QBXR3d9Pf3w\/8v8J8fn6W6i90Aa7r8vT0BEAsFpOeTkMXcHJywsvLCwAjIyPSgS1QAb29vS3LHx4eyOVytfTy8rK0zUAFPD4+8vb25vm9vr5SLBY5ODjAMAzK5TIAQ0NDrK6uStsMNA7Mzs42rNfrn\/kP0uk0Z2dnaJq8+UAFfHb0M6qqsrCwwO7uLn19fYHYDFTA2tpa00isaRqDg4NMTU19a+3kh0AFbG1t1YJUWAT6EhcKhSC780Xbf5H9CoiaXwFRIy2gPng5jiPb3beRjgPDw8NYlgUQegyAAAQcHR3xccgTxNrmu0hbjMJpj32ZxkIITNOkWq16tlf8tlVVlWQy+e229UgLKJfLuK77VwI+PikjE6CqKmNjYzJdSPPvxQFVVT2HaD8JVVX5fKzdcEZWLpe5vb39cYd8ADc3Nw1nZB4B8XicdDpNPp+PJCi1wnEcUqkUmUzGk68IISp8uitRqVSoVqth+ueLJntIdtNZ6Kv9nZ9E21\/20IASbXzd5j\/MIQu2KoJrJwAAAABJRU5ErkJggg=='); background-size: 14px 14px; background-color: #000000; position: absolute; opacity: 1; z-index: 86753099; display: none; cursor: pointer; border: none; border-top-left-radius: 3px; border-top-right-radius: 3px; border-bottom-right-radius: 3px; border-bottom-left-radius: 3px; text-indent: 20px; padding: 0px 4px 0px 0px; text-align: center; font-style: normal; font-variant-caps: normal; font-weight: bold; font-stretch: normal; font-size: 11px; line-height: 20px; font-family: 'Helvetica Neue', Helvetica, sans-serif; color: #ffffff; text-transform: capitalize; -webkit-font-smoothing: antialiased; top: 1397px; left: 563px; background-position: 3px 50%; background-repeat: no-repeat no-repeat;\">plan it<\/button><\/p>\n","protected":false},"excerpt":{"rendered":"<p>D\u00e9couvrez deux des plus beaux temples anciens d&#8217;\u00c9gypte lors d&#8217;une visite priv\u00e9e au d\u00e9part de Louxor, avec chauffeur et guide officiel. Profitez de cette visite priv\u00e9e de Louxor \u00e0 Edfu et Kom Ombo. Vous pourrez visiter plusieurs sites embl\u00e9matiques de l&#8217;une des civilisations les plus int\u00e9ressantes de notre histoire.<\/p>\n","protected":false},"featured_media":109326,"comment_status":"open","ping_status":"closed","template":"","meta":{"_acf_changed":false},"product_brand":[],"product_cat":[3747,4056,4234],"product_tag":[],"class_list":{"0":"post-109286","1":"product","2":"type-product","3":"status-publish","4":"has-post-thumbnail","6":"product_cat-egypte-fr","7":"product_cat-aswan-luxor-fr","8":"product_cat-private-sightseeing-tours-fr-15-aswan-luxor-fr","10":"first","11":"instock","12":"shipping-taxable","13":"purchasable","14":"product-type-simple"},"acf":[],"yoast_head":"<!-- This site is optimized with the Yoast SEO Premium plugin v25.3.1 (Yoast SEO v25.3.1) - https:\/\/yoast.com\/wordpress\/plugins\/seo\/ -->\n<title>Visite priv\u00e9e des temples d&#039;Edfu et de Kom Ombo au d\u00e9part de Louxor | TTM<\/title>\n<meta name=\"description\" content=\"Profitez de notre visite priv\u00e9e des temples d&#039;Edfou et de Kom Ombo au d\u00e9part de Louxor et visitez deux des principaux temples d&#039;\u00c9gypte aux c\u00f4t\u00e9s d&#039;un guide \u00e9gyptologue agr\u00e9\u00e9 \u2705.\" \/>\n<meta name=\"robots\" content=\"index, follow, max-snippet:-1, max-image-preview:large, max-video-preview:-1\" \/>\n<link rel=\"canonical\" href=\"https:\/\/tourtravelandmore.com\/fr\/tours\/egypte-fr\/aswan-luxor-fr\/private-sightseeing-tours-fr-15-aswan-luxor-fr\/excursion-privee-a-edfu-et-kom-ombo-depuis-louxor\/\" \/>\n<meta property=\"og:locale\" content=\"fr_FR\" \/>\n<meta property=\"og:type\" content=\"article\" \/>\n<meta property=\"og:title\" content=\"Excursion priv\u00e9e \u00e0 Edfu et Kom Ombo depuis Louxor\" \/>\n<meta property=\"og:description\" content=\"Profitez de notre visite priv\u00e9e des temples d&#039;Edfou et de Kom Ombo au d\u00e9part de Louxor et visitez deux des principaux temples d&#039;\u00c9gypte aux c\u00f4t\u00e9s d&#039;un guide \u00e9gyptologue agr\u00e9\u00e9 \u2705.\" \/>\n<meta property=\"og:url\" content=\"https:\/\/tourtravelandmore.com\/fr\/tours\/egypte-fr\/aswan-luxor-fr\/private-sightseeing-tours-fr-15-aswan-luxor-fr\/excursion-privee-a-edfu-et-kom-ombo-depuis-louxor\/\" \/>\n<meta property=\"og:site_name\" content=\"Tour Travel And More\" \/>\n<meta property=\"article:publisher\" content=\"https:\/\/www.facebook.com\/tourtravelandmore\/\" \/>\n<meta property=\"article:modified_time\" content=\"2023-01-18T16:12:35+00:00\" \/>\n<meta property=\"og:image\" content=\"https:\/\/tourtravelandmore.com\/wp-content\/uploads\/2021\/07\/ko5.jpeg\" \/>\n\t<meta property=\"og:image:width\" content=\"1050\" \/>\n\t<meta property=\"og:image:height\" content=\"700\" \/>\n\t<meta property=\"og:image:type\" content=\"image\/jpeg\" \/>\n<meta name=\"twitter:card\" content=\"summary_large_image\" \/>\n<meta name=\"twitter:site\" content=\"@TourTravel_More\" \/>\n<meta name=\"twitter:label1\" content=\"Dur\u00e9e de lecture estim\u00e9e\" \/>\n\t<meta name=\"twitter:data1\" content=\"2 minutes\" \/>\n<script type=\"application\/ld+json\" class=\"yoast-schema-graph\">{\"@context\":\"https:\/\/schema.org\",\"@graph\":[{\"@type\":\"WebPage\",\"@id\":\"https:\/\/tourtravelandmore.com\/fr\/tours\/egypte-fr\/aswan-luxor-fr\/private-sightseeing-tours-fr-15-aswan-luxor-fr\/excursion-privee-a-edfu-et-kom-ombo-depuis-louxor\/\",\"url\":\"https:\/\/tourtravelandmore.com\/fr\/tours\/egypte-fr\/aswan-luxor-fr\/private-sightseeing-tours-fr-15-aswan-luxor-fr\/excursion-privee-a-edfu-et-kom-ombo-depuis-louxor\/\",\"name\":\"Visite priv\u00e9e des temples d'Edfu et de Kom Ombo au d\u00e9part de Louxor | TTM\",\"isPartOf\":{\"@id\":\"https:\/\/tourtravelandmore.com\/fr\/#website\"},\"primaryImageOfPage\":{\"@id\":\"https:\/\/tourtravelandmore.com\/fr\/tours\/egypte-fr\/aswan-luxor-fr\/private-sightseeing-tours-fr-15-aswan-luxor-fr\/excursion-privee-a-edfu-et-kom-ombo-depuis-louxor\/#primaryimage\"},\"image\":{\"@id\":\"https:\/\/tourtravelandmore.com\/fr\/tours\/egypte-fr\/aswan-luxor-fr\/private-sightseeing-tours-fr-15-aswan-luxor-fr\/excursion-privee-a-edfu-et-kom-ombo-depuis-louxor\/#primaryimage\"},\"thumbnailUrl\":\"https:\/\/tourtravelandmore.com\/wp-content\/uploads\/2021\/07\/ko5.jpeg\",\"datePublished\":\"2021-07-21T09:29:40+00:00\",\"dateModified\":\"2023-01-18T16:12:35+00:00\",\"description\":\"Profitez de notre visite priv\u00e9e des temples d'Edfou et de Kom Ombo au d\u00e9part de Louxor et visitez deux des principaux temples d'\u00c9gypte aux c\u00f4t\u00e9s d'un guide \u00e9gyptologue agr\u00e9\u00e9 \u2705.\",\"breadcrumb\":{\"@id\":\"https:\/\/tourtravelandmore.com\/fr\/tours\/egypte-fr\/aswan-luxor-fr\/private-sightseeing-tours-fr-15-aswan-luxor-fr\/excursion-privee-a-edfu-et-kom-ombo-depuis-louxor\/#breadcrumb\"},\"inLanguage\":\"fr-FR\",\"potentialAction\":[{\"@type\":\"ReadAction\",\"target\":[\"https:\/\/tourtravelandmore.com\/fr\/tours\/egypte-fr\/aswan-luxor-fr\/private-sightseeing-tours-fr-15-aswan-luxor-fr\/excursion-privee-a-edfu-et-kom-ombo-depuis-louxor\/\"]}]},{\"@type\":\"ImageObject\",\"inLanguage\":\"fr-FR\",\"@id\":\"https:\/\/tourtravelandmore.com\/fr\/tours\/egypte-fr\/aswan-luxor-fr\/private-sightseeing-tours-fr-15-aswan-luxor-fr\/excursion-privee-a-edfu-et-kom-ombo-depuis-louxor\/#primaryimage\",\"url\":\"https:\/\/tourtravelandmore.com\/wp-content\/uploads\/2021\/07\/ko5.jpeg\",\"contentUrl\":\"https:\/\/tourtravelandmore.com\/wp-content\/uploads\/2021\/07\/ko5.jpeg\",\"width\":1050,\"height\":700,\"caption\":\"Kom Ombo 4\"},{\"@type\":\"BreadcrumbList\",\"@id\":\"https:\/\/tourtravelandmore.com\/fr\/tours\/egypte-fr\/aswan-luxor-fr\/private-sightseeing-tours-fr-15-aswan-luxor-fr\/excursion-privee-a-edfu-et-kom-ombo-depuis-louxor\/#breadcrumb\",\"itemListElement\":[{\"@type\":\"ListItem\",\"position\":1,\"name\":\"Home\",\"item\":\"https:\/\/tourtravelandmore.com\/fr\/\"},{\"@type\":\"ListItem\",\"position\":2,\"name\":\"Tours\",\"item\":\"https:\/\/tourtravelandmore.com\/fr\/tours\/\"},{\"@type\":\"ListItem\",\"position\":3,\"name\":\"Excursion priv\u00e9e \u00e0 Edfu et Kom Ombo depuis Louxor\"}]},{\"@type\":\"WebSite\",\"@id\":\"https:\/\/tourtravelandmore.com\/fr\/#website\",\"url\":\"https:\/\/tourtravelandmore.com\/fr\/\",\"name\":\"Tour Travel And More\",\"description\":\"Private sightseeing tours and luxury transfers in Spain\",\"publisher\":{\"@id\":\"https:\/\/tourtravelandmore.com\/fr\/#organization\"},\"potentialAction\":[{\"@type\":\"SearchAction\",\"target\":{\"@type\":\"EntryPoint\",\"urlTemplate\":\"https:\/\/tourtravelandmore.com\/fr\/?s={search_term_string}\"},\"query-input\":{\"@type\":\"PropertyValueSpecification\",\"valueRequired\":true,\"valueName\":\"search_term_string\"}}],\"inLanguage\":\"fr-FR\"},{\"@type\":\"Organization\",\"@id\":\"https:\/\/tourtravelandmore.com\/fr\/#organization\",\"name\":\"Tour Travel And More\",\"url\":\"https:\/\/tourtravelandmore.com\/fr\/\",\"logo\":{\"@type\":\"ImageObject\",\"inLanguage\":\"fr-FR\",\"@id\":\"https:\/\/tourtravelandmore.com\/fr\/#\/schema\/logo\/image\/\",\"url\":\"https:\/\/tourtravelandmore.com\/wp-content\/uploads\/2022\/12\/cropped-logo-cabecera-new.png\",\"contentUrl\":\"https:\/\/tourtravelandmore.com\/wp-content\/uploads\/2022\/12\/cropped-logo-cabecera-new.png\",\"width\":430,\"height\":61,\"caption\":\"Tour Travel And More\"},\"image\":{\"@id\":\"https:\/\/tourtravelandmore.com\/fr\/#\/schema\/logo\/image\/\"},\"sameAs\":[\"https:\/\/www.facebook.com\/tourtravelandmore\/\",\"https:\/\/x.com\/TourTravel_More\"]}]}<\/script>\n<!-- \/ Yoast SEO Premium plugin. -->","yoast_head_json":{"title":"Visite priv\u00e9e des temples d'Edfu et de Kom Ombo au d\u00e9part de Louxor | TTM","description":"Profitez de notre visite priv\u00e9e des temples d'Edfou et de Kom Ombo au d\u00e9part de Louxor et visitez deux des principaux temples d'\u00c9gypte aux c\u00f4t\u00e9s d'un guide \u00e9gyptologue agr\u00e9\u00e9 \u2705.","robots":{"index":"index","follow":"follow","max-snippet":"max-snippet:-1","max-image-preview":"max-image-preview:large","max-video-preview":"max-video-preview:-1"},"canonical":"https:\/\/tourtravelandmore.com\/fr\/tours\/egypte-fr\/aswan-luxor-fr\/private-sightseeing-tours-fr-15-aswan-luxor-fr\/excursion-privee-a-edfu-et-kom-ombo-depuis-louxor\/","og_locale":"fr_FR","og_type":"article","og_title":"Excursion priv\u00e9e \u00e0 Edfu et Kom Ombo depuis Louxor","og_description":"Profitez de notre visite priv\u00e9e des temples d'Edfou et de Kom Ombo au d\u00e9part de Louxor et visitez deux des principaux temples d'\u00c9gypte aux c\u00f4t\u00e9s d'un guide \u00e9gyptologue agr\u00e9\u00e9 \u2705.","og_url":"https:\/\/tourtravelandmore.com\/fr\/tours\/egypte-fr\/aswan-luxor-fr\/private-sightseeing-tours-fr-15-aswan-luxor-fr\/excursion-privee-a-edfu-et-kom-ombo-depuis-louxor\/","og_site_name":"Tour Travel And More","article_publisher":"https:\/\/www.facebook.com\/tourtravelandmore\/","article_modified_time":"2023-01-18T16:12:35+00:00","og_image":[{"width":1050,"height":700,"url":"https:\/\/tourtravelandmore.com\/wp-content\/uploads\/2021\/07\/ko5.jpeg","type":"image\/jpeg"}],"twitter_card":"summary_large_image","twitter_site":"@TourTravel_More","twitter_misc":{"Dur\u00e9e de lecture estim\u00e9e":"2 minutes"},"schema":{"@context":"https:\/\/schema.org","@graph":[{"@type":"WebPage","@id":"https:\/\/tourtravelandmore.com\/fr\/tours\/egypte-fr\/aswan-luxor-fr\/private-sightseeing-tours-fr-15-aswan-luxor-fr\/excursion-privee-a-edfu-et-kom-ombo-depuis-louxor\/","url":"https:\/\/tourtravelandmore.com\/fr\/tours\/egypte-fr\/aswan-luxor-fr\/private-sightseeing-tours-fr-15-aswan-luxor-fr\/excursion-privee-a-edfu-et-kom-ombo-depuis-louxor\/","name":"Visite priv\u00e9e des temples d'Edfu et de Kom Ombo au d\u00e9part de Louxor | TTM","isPartOf":{"@id":"https:\/\/tourtravelandmore.com\/fr\/#website"},"primaryImageOfPage":{"@id":"https:\/\/tourtravelandmore.com\/fr\/tours\/egypte-fr\/aswan-luxor-fr\/private-sightseeing-tours-fr-15-aswan-luxor-fr\/excursion-privee-a-edfu-et-kom-ombo-depuis-louxor\/#primaryimage"},"image":{"@id":"https:\/\/tourtravelandmore.com\/fr\/tours\/egypte-fr\/aswan-luxor-fr\/private-sightseeing-tours-fr-15-aswan-luxor-fr\/excursion-privee-a-edfu-et-kom-ombo-depuis-louxor\/#primaryimage"},"thumbnailUrl":"https:\/\/tourtravelandmore.com\/wp-content\/uploads\/2021\/07\/ko5.jpeg","datePublished":"2021-07-21T09:29:40+00:00","dateModified":"2023-01-18T16:12:35+00:00","description":"Profitez de notre visite priv\u00e9e des temples d'Edfou et de Kom Ombo au d\u00e9part de Louxor et visitez deux des principaux temples d'\u00c9gypte aux c\u00f4t\u00e9s d'un guide \u00e9gyptologue agr\u00e9\u00e9 \u2705.","breadcrumb":{"@id":"https:\/\/tourtravelandmore.com\/fr\/tours\/egypte-fr\/aswan-luxor-fr\/private-sightseeing-tours-fr-15-aswan-luxor-fr\/excursion-privee-a-edfu-et-kom-ombo-depuis-louxor\/#breadcrumb"},"inLanguage":"fr-FR","potentialAction":[{"@type":"ReadAction","target":["https:\/\/tourtravelandmore.com\/fr\/tours\/egypte-fr\/aswan-luxor-fr\/private-sightseeing-tours-fr-15-aswan-luxor-fr\/excursion-privee-a-edfu-et-kom-ombo-depuis-louxor\/"]}]},{"@type":"ImageObject","inLanguage":"fr-FR","@id":"https:\/\/tourtravelandmore.com\/fr\/tours\/egypte-fr\/aswan-luxor-fr\/private-sightseeing-tours-fr-15-aswan-luxor-fr\/excursion-privee-a-edfu-et-kom-ombo-depuis-louxor\/#primaryimage","url":"https:\/\/tourtravelandmore.com\/wp-content\/uploads\/2021\/07\/ko5.jpeg","contentUrl":"https:\/\/tourtravelandmore.com\/wp-content\/uploads\/2021\/07\/ko5.jpeg","width":1050,"height":700,"caption":"Kom Ombo 4"},{"@type":"BreadcrumbList","@id":"https:\/\/tourtravelandmore.com\/fr\/tours\/egypte-fr\/aswan-luxor-fr\/private-sightseeing-tours-fr-15-aswan-luxor-fr\/excursion-privee-a-edfu-et-kom-ombo-depuis-louxor\/#breadcrumb","itemListElement":[{"@type":"ListItem","position":1,"name":"Home","item":"https:\/\/tourtravelandmore.com\/fr\/"},{"@type":"ListItem","position":2,"name":"Tours","item":"https:\/\/tourtravelandmore.com\/fr\/tours\/"},{"@type":"ListItem","position":3,"name":"Excursion priv\u00e9e \u00e0 Edfu et Kom Ombo depuis Louxor"}]},{"@type":"WebSite","@id":"https:\/\/tourtravelandmore.com\/fr\/#website","url":"https:\/\/tourtravelandmore.com\/fr\/","name":"Tour Travel And More","description":"Private sightseeing tours and luxury transfers in Spain","publisher":{"@id":"https:\/\/tourtravelandmore.com\/fr\/#organization"},"potentialAction":[{"@type":"SearchAction","target":{"@type":"EntryPoint","urlTemplate":"https:\/\/tourtravelandmore.com\/fr\/?s={search_term_string}"},"query-input":{"@type":"PropertyValueSpecification","valueRequired":true,"valueName":"search_term_string"}}],"inLanguage":"fr-FR"},{"@type":"Organization","@id":"https:\/\/tourtravelandmore.com\/fr\/#organization","name":"Tour Travel And More","url":"https:\/\/tourtravelandmore.com\/fr\/","logo":{"@type":"ImageObject","inLanguage":"fr-FR","@id":"https:\/\/tourtravelandmore.com\/fr\/#\/schema\/logo\/image\/","url":"https:\/\/tourtravelandmore.com\/wp-content\/uploads\/2022\/12\/cropped-logo-cabecera-new.png","contentUrl":"https:\/\/tourtravelandmore.com\/wp-content\/uploads\/2022\/12\/cropped-logo-cabecera-new.png","width":430,"height":61,"caption":"Tour Travel And More"},"image":{"@id":"https:\/\/tourtravelandmore.com\/fr\/#\/schema\/logo\/image\/"},"sameAs":["https:\/\/www.facebook.com\/tourtravelandmore\/","https:\/\/x.com\/TourTravel_More"]}]}},"_links":{"self":[{"href":"https:\/\/tourtravelandmore.com\/fr\/wp-json\/wp\/v2\/product\/109286","targetHints":{"allow":["GET"]}}],"collection":[{"href":"https:\/\/tourtravelandmore.com\/fr\/wp-json\/wp\/v2\/product"}],"about":[{"href":"https:\/\/tourtravelandmore.com\/fr\/wp-json\/wp\/v2\/types\/product"}],"replies":[{"embeddable":true,"href":"https:\/\/tourtravelandmore.com\/fr\/wp-json\/wp\/v2\/comments?post=109286"}],"wp:featuredmedia":[{"embeddable":true,"href":"https:\/\/tourtravelandmore.com\/fr\/wp-json\/wp\/v2\/media\/109326"}],"wp:attachment":[{"href":"https:\/\/tourtravelandmore.com\/fr\/wp-json\/wp\/v2\/media?parent=109286"}],"wp:term":[{"taxonomy":"product_brand","embeddable":true,"href":"https:\/\/tourtravelandmore.com\/fr\/wp-json\/wp\/v2\/product_brand?post=109286"},{"taxonomy":"product_cat","embeddable":true,"href":"https:\/\/tourtravelandmore.com\/fr\/wp-json\/wp\/v2\/product_cat?post=109286"},{"taxonomy":"product_tag","embeddable":true,"href":"https:\/\/tourtravelandmore.com\/fr\/wp-json\/wp\/v2\/product_tag?post=109286"}],"curies":[{"name":"wp","href":"https:\/\/api.w.org\/{rel}","templated":true}]}}