{"id":108143,"date":"2021-06-15T13:26:16","date_gmt":"2021-06-15T11:26:28","guid":{"rendered":"https:\/\/tourtravelandmore.com\/?post_type=product&#038;p=108143"},"modified":"2023-01-18T20:36:20","modified_gmt":"2023-01-18T19:36:20","slug":"visite-privee-du-caire-musee-egyptien-le-caire-islamique-et-copte","status":"publish","type":"product","link":"https:\/\/tourtravelandmore.com\/fr\/tours\/egypte-fr\/alexandria-fr\/private-tours-fr\/visite-privee-du-caire-musee-egyptien-le-caire-islamique-et-copte\/","title":{"rendered":"Visite priv\u00e9e du Caire: mus\u00e9e \u00e9gyptien, le Caire islamique et copte"},"content":{"rendered":"<h2>Description:<\/h2>\n<p>Visitez l&#8217;un des meilleurs mus\u00e9es du monde et le vieux <strong>Caire<\/strong> \u00e0 c\u00f4t\u00e9 d&#8217;un expert \u00e9gyptologue local. Profitez de notre <strong>visite priv\u00e9e du Caire<\/strong> et explorez cette merveilleuse ville au cours d&#8217;une journ\u00e9e compl\u00e8te sur mesure.<\/p>\n<p>Votre chauffeur priv\u00e9 et votre guide agr\u00e9\u00e9 viendront vous chercher \u00e0 votre h\u00f4tel \u00e0 l&#8217;heure souhait\u00e9e. Apr\u00e8s cela, vous profiterez d&#8217;une visite guid\u00e9e du merveilleux <strong>mus\u00e9e \u00e9gyptien et des deux principaux quartiers anciens de la ville: le Caire islamique et copte.<\/strong><\/p>\n<p>La visite est 100% ajustable \u00e0 vos propres int\u00e9r\u00eats et d\u00e9sirs personnels. Nos guides et chauffeurs sont \u00e0 votre enti\u00e8re disposition. Nous organisons \u00e9galement tous les frais d&#8217;entr\u00e9e \u00e0 l&#8217;avance. Si vous visitez l&#8217;\u00c9gypte pendant plus de jours, vous pouvez consulter nos itin\u00e9raires priv\u00e9s.<\/p>\n<h2>Sites d&#8217;int\u00e9r\u00eat et monuments<\/h2>\n<p>Le premier arr\u00eat de votre visite priv\u00e9e est le merveilleux mus\u00e9e \u00e9gyptien. Vous explorerez la collection du mus\u00e9e et verrez les impressionnantes collections d&#8217;antiquit\u00e9s \u00e9gyptiennes anciennes qu&#8217;aucun autre mus\u00e9e au monde n&#8217;h\u00e9berge. Le mus\u00e9e est enti\u00e8rement consacr\u00e9 \u00e0 l&#8217;h\u00e9ritage des pharaons, avec plus de 120 000 objets expos\u00e9s. Votre guide priv\u00e9 est un expert de l&#8217;histoire \u00e9gyptienne.<\/p>\n<p>Apr\u00e8s cela, vous d\u00e9couvrirez le Caire islamique. Vous explorerez et visiterez les principaux monuments islamiques m\u00e9di\u00e9vaux \u00e0 travers la rue <strong>El Darb<\/strong>\u00a0<strong>Al<\/strong> <strong>Ahmar.<\/strong> Votre guide vous parlera du Sabil islamique, de la madrasa, de la <strong>Wekala,<\/strong> du <strong>Khan,<\/strong> de <strong>Bayts<\/strong> et de nombreux autres monuments \u00e0 visiter. De plus, vous traverserez \u00e9galement la rue El Moez, class\u00e9e au patrimoine mondial de <strong>l&#8217;UNESCO.<\/strong> L\u00e0, vous visiterez la mosqu\u00e9e Al <strong>Hakem,<\/strong> la mosqu\u00e9e Al <strong>Aqmar, Sabil Mohamed Ali<\/strong> et <strong>Al Azhar,<\/strong> la principale mosqu\u00e9e d&#8217;Egypte. Lors de votre visite dans la zone islamique, vous aurez bien s\u00fbr du temps libre pour go\u00fbter \u00e0 la merveilleuse gastronomie. Nos guides vous recommanderont les meilleurs endroits pour d\u00e9guster la cuisine locale.<\/p>\n<p>Enfin, vous vous dirigerez vers la zone copte du <strong>Vieux Caire.<\/strong> Ce quartier merveilleux abrite l&#8217;une des plus anciennes collections chr\u00e9tiennes du monde entier. Ici, vous apprendrez que ce ne sont pas seulement les anciens \u00c9gyptiens qui ont laiss\u00e9 leur empreinte sur cette terre, mais aussi les coptes, les premiers chr\u00e9tiens juste apr\u00e8s l&#8217;\u00e9poque du Christ. Vous pouvez visiter le mus\u00e9e copte et les six \u00e9glises qui remontent au d\u00e9but de l&#8217;\u00e8re chr\u00e9tienne. Les principaux d&#8217;entre eux sont l&#8217;\u00e9glise suspendue, construite au 9\u00e8me si\u00e8cle, Saint-Serge, construite au 5\u00e8me si\u00e8cle, et la synagogue Ben Ezra, la plus ancienne du <strong>Caire.<\/strong><\/p>\n<p>Une fois notre visite priv\u00e9e du <strong>Caire<\/strong> termin\u00e9e, vous aurez profit\u00e9 d&#8217;une journ\u00e9e charg\u00e9e d&#8217;histoire, de secrets, de l\u00e9gendes et de culture. Enfin, votre chauffeur priv\u00e9 et votre guide \u00e9gyptologue agr\u00e9\u00e9 vous ram\u00e8neront \u00e0 votre h\u00f4tel au <strong>Caire.<\/strong><\/p>\n<p><button style=\"width: auto; height: auto; background-image: url('data:image\/png;base64,iVBORw0KGgoAAAANSUhEUgAAADAAAAAwCAYAAABXAvmHAAABS2lUWHRYTUw6Y29tLmFkb2JlLnhtcAAAAAAAPD94cGFja2V0IGJlZ2luPSLvu78iIGlkPSJXNU0wTXBDZWhpSHpyZVN6TlRjemtjOWQiPz4KPHg6eG1wbWV0YSB4bWxuczp4PSJhZG9iZTpuczptZXRhLyIgeDp4bXB0az0iQWRvYmUgWE1QIENvcmUgNS42LWMxMzggNzkuMTU5ODI0LCAyMDE2LzA5LzE0LTAxOjA5OjAxICAgICAgICAiPgogPHJkZjpSREYgeG1sbnM6cmRmPSJodHRwOi8vd3d3LnczLm9yZy8xOTk5LzAyLzIyLXJkZi1zeW50YXgtbnMjIj4KICA8cmRmOkRlc2NyaXB0aW9uIHJkZjphYm91dD0iIi8+CiA8L3JkZjpSREY+CjwveDp4bXBtZXRhPgo8P3hwYWNrZXQgZW5kPSJyIj8+IEmuOgAAAx5JREFUaIHtmj1L81wYx39JI75AbYtgBTFTRdQGXV2cxMlPICjiakHE0cVJB5FO4uLgN1AnZ\/0EgoLQtd6tL6hJIwia9DzDg6Wxpcb7hMTe+INCz+t1\/TnJuU7OOYoQ4g8Qpz2xFSGEiNoLGVTAjtoJCWw1ag9k0eoTQgg2NzcplUp0dHRE5VNTHMdB0zTy+TydnZ21fI8Ay7K4vr4ml8uRSqVCd7IVQgjW19cpFAoYhlHLbxiBTCbD9PR06A76YXx8HNd1PXmed0BRFBzHwTTNUB3zy\/v7O7FYzJPX9i\/xr4Co0b6u0prj42Pu7u5a1unp6UHXdSYmJkgmk7ImPUgLWFlZoVQq+aqbSCSYn59ne3ubRCIhaxoI4BHSdd13Xcuy2N\/fxzCML0fNL9IjoChK7f\/p6Smjo6MNdWzb5vz8nI2NDUzTpFgsMjMzw+Xlpax5eQH1TE5OMjAw0LQsm80yNzdHNpvFtm2urq44PDxkaWlJymags9D9\/X3Lcl3X2dnZqaX39vakbYY+jS4uLtLV1QXAxcUFlUpFqr\/QBXR3d9Pf3w\/8v8J8fn6W6i90Aa7r8vT0BEAsFpOeTkMXcHJywsvLCwAjIyPSgS1QAb29vS3LHx4eyOVytfTy8rK0zUAFPD4+8vb25vm9vr5SLBY5ODjAMAzK5TIAQ0NDrK6uStsMNA7Mzs42rNfrn\/kP0uk0Z2dnaJq8+UAFfHb0M6qqsrCwwO7uLn19fYHYDFTA2tpa00isaRqDg4NMTU19a+3kh0AFbG1t1YJUWAT6EhcKhSC780Xbf5H9CoiaXwFRIy2gPng5jiPb3beRjgPDw8NYlgUQegyAAAQcHR3xccgTxNrmu0hbjMJpj32ZxkIITNOkWq16tlf8tlVVlWQy+e229UgLKJfLuK77VwI+PikjE6CqKmNjYzJdSPPvxQFVVT2HaD8JVVX5fKzdcEZWLpe5vb39cYd8ADc3Nw1nZB4B8XicdDpNPp+PJCi1wnEcUqkUmUzGk68IISp8uitRqVSoVqth+ueLJntIdtNZ6Kv9nZ9E21\/20IASbXzd5j\/MIQu2KoJrJwAAAABJRU5ErkJggg=='); background-size: 14px 14px; background-color: #000000; position: absolute; opacity: 1; z-index: 86753099; display: none; cursor: pointer; border: none; border-top-left-radius: 3px; border-top-right-radius: 3px; border-bottom-right-radius: 3px; border-bottom-left-radius: 3px; text-indent: 20px; padding: 0px 4px 0px 0px; text-align: center; font-style: normal; font-variant-caps: normal; font-weight: bold; font-stretch: normal; font-size: 11px; line-height: 20px; font-family: 'Helvetica Neue', Helvetica, sans-serif; color: #ffffff; text-transform: capitalize; -webkit-font-smoothing: antialiased; top: 1397px; left: 563px; background-position: 3px 50%; background-repeat: no-repeat no-repeat;\">plan it<\/button><\/p>\n","protected":false},"excerpt":{"rendered":"<p style=\"text-align: left;\">Profitez de notre <strong>visite priv\u00e9e du Caire et visitez le mus\u00e9e \u00e9gyptien, le Caire islamique et copte.<\/strong> Le chauffeur priv\u00e9, le guide \u00e9gyptologue agr\u00e9\u00e9 et les frais d&#8217;entr\u00e9e sont inclus.<\/p>\n","protected":false},"featured_media":87419,"comment_status":"open","ping_status":"closed","template":"","meta":{"_acf_changed":false},"product_brand":[],"product_cat":[3747,4054,4233],"product_tag":[],"class_list":{"0":"post-108143","1":"product","2":"type-product","3":"status-publish","4":"has-post-thumbnail","6":"product_cat-egypte-fr","7":"product_cat-alexandria-fr","8":"product_cat-private-tours-fr","10":"first","11":"instock","12":"shipping-taxable","13":"purchasable","14":"product-type-simple"},"acf":[],"yoast_head":"<!-- This site is optimized with the Yoast SEO Premium plugin v25.3.1 (Yoast SEO v25.3.1) - https:\/\/yoast.com\/wordpress\/plugins\/seo\/ -->\n<title>Visite priv\u00e9e du Caire avec chauffeur et guide \u00e9gyptologue agr\u00e9\u00e9<\/title>\n<meta name=\"description\" content=\"Profitez de notre visite priv\u00e9e du Caire et visitez le mus\u00e9e \u00e9gyptien, le Caire islamique et copte \u00e0 c\u00f4t\u00e9 d&#039;un guide local agr\u00e9\u00e9\" \/>\n<meta name=\"robots\" content=\"index, follow, max-snippet:-1, max-image-preview:large, max-video-preview:-1\" \/>\n<link rel=\"canonical\" href=\"https:\/\/tourtravelandmore.com\/fr\/tours\/egypte-fr\/alexandria-fr\/private-tours-fr\/visite-privee-du-caire-musee-egyptien-le-caire-islamique-et-copte\/\" \/>\n<meta property=\"og:locale\" content=\"fr_FR\" \/>\n<meta property=\"og:type\" content=\"article\" \/>\n<meta property=\"og:title\" content=\"Visite priv\u00e9e du Caire: mus\u00e9e \u00e9gyptien, le Caire islamique et copte\" \/>\n<meta property=\"og:description\" content=\"Profitez de notre visite priv\u00e9e du Caire et visitez le mus\u00e9e \u00e9gyptien, le Caire islamique et copte \u00e0 c\u00f4t\u00e9 d&#039;un guide local agr\u00e9\u00e9\" \/>\n<meta property=\"og:url\" content=\"https:\/\/tourtravelandmore.com\/fr\/tours\/egypte-fr\/alexandria-fr\/private-tours-fr\/visite-privee-du-caire-musee-egyptien-le-caire-islamique-et-copte\/\" \/>\n<meta property=\"og:site_name\" content=\"Tour Travel And More\" \/>\n<meta property=\"article:publisher\" content=\"https:\/\/www.facebook.com\/tourtravelandmore\/\" \/>\n<meta property=\"article:modified_time\" content=\"2023-01-18T19:36:20+00:00\" \/>\n<meta property=\"og:image\" content=\"https:\/\/tourtravelandmore.com\/wp-content\/uploads\/2020\/11\/Giza-3.jpeg\" \/>\n\t<meta property=\"og:image:width\" content=\"1350\" \/>\n\t<meta property=\"og:image:height\" content=\"900\" \/>\n\t<meta property=\"og:image:type\" content=\"image\/jpeg\" \/>\n<meta name=\"twitter:card\" content=\"summary_large_image\" \/>\n<meta name=\"twitter:site\" content=\"@TourTravel_More\" \/>\n<meta name=\"twitter:label1\" content=\"Dur\u00e9e de lecture estim\u00e9e\" \/>\n\t<meta name=\"twitter:data1\" content=\"2 minutes\" \/>\n<script type=\"application\/ld+json\" class=\"yoast-schema-graph\">{\"@context\":\"https:\/\/schema.org\",\"@graph\":[{\"@type\":\"WebPage\",\"@id\":\"https:\/\/tourtravelandmore.com\/fr\/tours\/egypte-fr\/alexandria-fr\/private-tours-fr\/visite-privee-du-caire-musee-egyptien-le-caire-islamique-et-copte\/\",\"url\":\"https:\/\/tourtravelandmore.com\/fr\/tours\/egypte-fr\/alexandria-fr\/private-tours-fr\/visite-privee-du-caire-musee-egyptien-le-caire-islamique-et-copte\/\",\"name\":\"Visite priv\u00e9e du Caire avec chauffeur et guide \u00e9gyptologue agr\u00e9\u00e9\",\"isPartOf\":{\"@id\":\"https:\/\/tourtravelandmore.com\/fr\/#website\"},\"primaryImageOfPage\":{\"@id\":\"https:\/\/tourtravelandmore.com\/fr\/tours\/egypte-fr\/alexandria-fr\/private-tours-fr\/visite-privee-du-caire-musee-egyptien-le-caire-islamique-et-copte\/#primaryimage\"},\"image\":{\"@id\":\"https:\/\/tourtravelandmore.com\/fr\/tours\/egypte-fr\/alexandria-fr\/private-tours-fr\/visite-privee-du-caire-musee-egyptien-le-caire-islamique-et-copte\/#primaryimage\"},\"thumbnailUrl\":\"https:\/\/tourtravelandmore.com\/wp-content\/uploads\/2020\/11\/Giza-3.jpeg\",\"datePublished\":\"2021-06-15T11:26:28+00:00\",\"dateModified\":\"2023-01-18T19:36:20+00:00\",\"description\":\"Profitez de notre visite priv\u00e9e du Caire et visitez le mus\u00e9e \u00e9gyptien, le Caire islamique et copte \u00e0 c\u00f4t\u00e9 d'un guide local agr\u00e9\u00e9\",\"breadcrumb\":{\"@id\":\"https:\/\/tourtravelandmore.com\/fr\/tours\/egypte-fr\/alexandria-fr\/private-tours-fr\/visite-privee-du-caire-musee-egyptien-le-caire-islamique-et-copte\/#breadcrumb\"},\"inLanguage\":\"fr-FR\",\"potentialAction\":[{\"@type\":\"ReadAction\",\"target\":[\"https:\/\/tourtravelandmore.com\/fr\/tours\/egypte-fr\/alexandria-fr\/private-tours-fr\/visite-privee-du-caire-musee-egyptien-le-caire-islamique-et-copte\/\"]}]},{\"@type\":\"ImageObject\",\"inLanguage\":\"fr-FR\",\"@id\":\"https:\/\/tourtravelandmore.com\/fr\/tours\/egypte-fr\/alexandria-fr\/private-tours-fr\/visite-privee-du-caire-musee-egyptien-le-caire-islamique-et-copte\/#primaryimage\",\"url\":\"https:\/\/tourtravelandmore.com\/wp-content\/uploads\/2020\/11\/Giza-3.jpeg\",\"contentUrl\":\"https:\/\/tourtravelandmore.com\/wp-content\/uploads\/2020\/11\/Giza-3.jpeg\",\"width\":1350,\"height\":900,\"caption\":\"Giza 3\"},{\"@type\":\"BreadcrumbList\",\"@id\":\"https:\/\/tourtravelandmore.com\/fr\/tours\/egypte-fr\/alexandria-fr\/private-tours-fr\/visite-privee-du-caire-musee-egyptien-le-caire-islamique-et-copte\/#breadcrumb\",\"itemListElement\":[{\"@type\":\"ListItem\",\"position\":1,\"name\":\"Home\",\"item\":\"https:\/\/tourtravelandmore.com\/fr\/\"},{\"@type\":\"ListItem\",\"position\":2,\"name\":\"Tours\",\"item\":\"https:\/\/tourtravelandmore.com\/fr\/tours\/\"},{\"@type\":\"ListItem\",\"position\":3,\"name\":\"Visite priv\u00e9e du Caire: mus\u00e9e \u00e9gyptien, le Caire islamique et copte\"}]},{\"@type\":\"WebSite\",\"@id\":\"https:\/\/tourtravelandmore.com\/fr\/#website\",\"url\":\"https:\/\/tourtravelandmore.com\/fr\/\",\"name\":\"Tour Travel And More\",\"description\":\"Private sightseeing tours and luxury transfers in Spain\",\"publisher\":{\"@id\":\"https:\/\/tourtravelandmore.com\/fr\/#organization\"},\"potentialAction\":[{\"@type\":\"SearchAction\",\"target\":{\"@type\":\"EntryPoint\",\"urlTemplate\":\"https:\/\/tourtravelandmore.com\/fr\/?s={search_term_string}\"},\"query-input\":{\"@type\":\"PropertyValueSpecification\",\"valueRequired\":true,\"valueName\":\"search_term_string\"}}],\"inLanguage\":\"fr-FR\"},{\"@type\":\"Organization\",\"@id\":\"https:\/\/tourtravelandmore.com\/fr\/#organization\",\"name\":\"Tour Travel And More\",\"url\":\"https:\/\/tourtravelandmore.com\/fr\/\",\"logo\":{\"@type\":\"ImageObject\",\"inLanguage\":\"fr-FR\",\"@id\":\"https:\/\/tourtravelandmore.com\/fr\/#\/schema\/logo\/image\/\",\"url\":\"https:\/\/tourtravelandmore.com\/wp-content\/uploads\/2022\/12\/cropped-logo-cabecera-new.png\",\"contentUrl\":\"https:\/\/tourtravelandmore.com\/wp-content\/uploads\/2022\/12\/cropped-logo-cabecera-new.png\",\"width\":430,\"height\":61,\"caption\":\"Tour Travel And More\"},\"image\":{\"@id\":\"https:\/\/tourtravelandmore.com\/fr\/#\/schema\/logo\/image\/\"},\"sameAs\":[\"https:\/\/www.facebook.com\/tourtravelandmore\/\",\"https:\/\/x.com\/TourTravel_More\"]}]}<\/script>\n<!-- \/ Yoast SEO Premium plugin. -->","yoast_head_json":{"title":"Visite priv\u00e9e du Caire avec chauffeur et guide \u00e9gyptologue agr\u00e9\u00e9","description":"Profitez de notre visite priv\u00e9e du Caire et visitez le mus\u00e9e \u00e9gyptien, le Caire islamique et copte \u00e0 c\u00f4t\u00e9 d'un guide local agr\u00e9\u00e9","robots":{"index":"index","follow":"follow","max-snippet":"max-snippet:-1","max-image-preview":"max-image-preview:large","max-video-preview":"max-video-preview:-1"},"canonical":"https:\/\/tourtravelandmore.com\/fr\/tours\/egypte-fr\/alexandria-fr\/private-tours-fr\/visite-privee-du-caire-musee-egyptien-le-caire-islamique-et-copte\/","og_locale":"fr_FR","og_type":"article","og_title":"Visite priv\u00e9e du Caire: mus\u00e9e \u00e9gyptien, le Caire islamique et copte","og_description":"Profitez de notre visite priv\u00e9e du Caire et visitez le mus\u00e9e \u00e9gyptien, le Caire islamique et copte \u00e0 c\u00f4t\u00e9 d'un guide local agr\u00e9\u00e9","og_url":"https:\/\/tourtravelandmore.com\/fr\/tours\/egypte-fr\/alexandria-fr\/private-tours-fr\/visite-privee-du-caire-musee-egyptien-le-caire-islamique-et-copte\/","og_site_name":"Tour Travel And More","article_publisher":"https:\/\/www.facebook.com\/tourtravelandmore\/","article_modified_time":"2023-01-18T19:36:20+00:00","og_image":[{"width":1350,"height":900,"url":"https:\/\/tourtravelandmore.com\/wp-content\/uploads\/2020\/11\/Giza-3.jpeg","type":"image\/jpeg"}],"twitter_card":"summary_large_image","twitter_site":"@TourTravel_More","twitter_misc":{"Dur\u00e9e de lecture estim\u00e9e":"2 minutes"},"schema":{"@context":"https:\/\/schema.org","@graph":[{"@type":"WebPage","@id":"https:\/\/tourtravelandmore.com\/fr\/tours\/egypte-fr\/alexandria-fr\/private-tours-fr\/visite-privee-du-caire-musee-egyptien-le-caire-islamique-et-copte\/","url":"https:\/\/tourtravelandmore.com\/fr\/tours\/egypte-fr\/alexandria-fr\/private-tours-fr\/visite-privee-du-caire-musee-egyptien-le-caire-islamique-et-copte\/","name":"Visite priv\u00e9e du Caire avec chauffeur et guide \u00e9gyptologue agr\u00e9\u00e9","isPartOf":{"@id":"https:\/\/tourtravelandmore.com\/fr\/#website"},"primaryImageOfPage":{"@id":"https:\/\/tourtravelandmore.com\/fr\/tours\/egypte-fr\/alexandria-fr\/private-tours-fr\/visite-privee-du-caire-musee-egyptien-le-caire-islamique-et-copte\/#primaryimage"},"image":{"@id":"https:\/\/tourtravelandmore.com\/fr\/tours\/egypte-fr\/alexandria-fr\/private-tours-fr\/visite-privee-du-caire-musee-egyptien-le-caire-islamique-et-copte\/#primaryimage"},"thumbnailUrl":"https:\/\/tourtravelandmore.com\/wp-content\/uploads\/2020\/11\/Giza-3.jpeg","datePublished":"2021-06-15T11:26:28+00:00","dateModified":"2023-01-18T19:36:20+00:00","description":"Profitez de notre visite priv\u00e9e du Caire et visitez le mus\u00e9e \u00e9gyptien, le Caire islamique et copte \u00e0 c\u00f4t\u00e9 d'un guide local agr\u00e9\u00e9","breadcrumb":{"@id":"https:\/\/tourtravelandmore.com\/fr\/tours\/egypte-fr\/alexandria-fr\/private-tours-fr\/visite-privee-du-caire-musee-egyptien-le-caire-islamique-et-copte\/#breadcrumb"},"inLanguage":"fr-FR","potentialAction":[{"@type":"ReadAction","target":["https:\/\/tourtravelandmore.com\/fr\/tours\/egypte-fr\/alexandria-fr\/private-tours-fr\/visite-privee-du-caire-musee-egyptien-le-caire-islamique-et-copte\/"]}]},{"@type":"ImageObject","inLanguage":"fr-FR","@id":"https:\/\/tourtravelandmore.com\/fr\/tours\/egypte-fr\/alexandria-fr\/private-tours-fr\/visite-privee-du-caire-musee-egyptien-le-caire-islamique-et-copte\/#primaryimage","url":"https:\/\/tourtravelandmore.com\/wp-content\/uploads\/2020\/11\/Giza-3.jpeg","contentUrl":"https:\/\/tourtravelandmore.com\/wp-content\/uploads\/2020\/11\/Giza-3.jpeg","width":1350,"height":900,"caption":"Giza 3"},{"@type":"BreadcrumbList","@id":"https:\/\/tourtravelandmore.com\/fr\/tours\/egypte-fr\/alexandria-fr\/private-tours-fr\/visite-privee-du-caire-musee-egyptien-le-caire-islamique-et-copte\/#breadcrumb","itemListElement":[{"@type":"ListItem","position":1,"name":"Home","item":"https:\/\/tourtravelandmore.com\/fr\/"},{"@type":"ListItem","position":2,"name":"Tours","item":"https:\/\/tourtravelandmore.com\/fr\/tours\/"},{"@type":"ListItem","position":3,"name":"Visite priv\u00e9e du Caire: mus\u00e9e \u00e9gyptien, le Caire islamique et copte"}]},{"@type":"WebSite","@id":"https:\/\/tourtravelandmore.com\/fr\/#website","url":"https:\/\/tourtravelandmore.com\/fr\/","name":"Tour Travel And More","description":"Private sightseeing tours and luxury transfers in Spain","publisher":{"@id":"https:\/\/tourtravelandmore.com\/fr\/#organization"},"potentialAction":[{"@type":"SearchAction","target":{"@type":"EntryPoint","urlTemplate":"https:\/\/tourtravelandmore.com\/fr\/?s={search_term_string}"},"query-input":{"@type":"PropertyValueSpecification","valueRequired":true,"valueName":"search_term_string"}}],"inLanguage":"fr-FR"},{"@type":"Organization","@id":"https:\/\/tourtravelandmore.com\/fr\/#organization","name":"Tour Travel And More","url":"https:\/\/tourtravelandmore.com\/fr\/","logo":{"@type":"ImageObject","inLanguage":"fr-FR","@id":"https:\/\/tourtravelandmore.com\/fr\/#\/schema\/logo\/image\/","url":"https:\/\/tourtravelandmore.com\/wp-content\/uploads\/2022\/12\/cropped-logo-cabecera-new.png","contentUrl":"https:\/\/tourtravelandmore.com\/wp-content\/uploads\/2022\/12\/cropped-logo-cabecera-new.png","width":430,"height":61,"caption":"Tour Travel And More"},"image":{"@id":"https:\/\/tourtravelandmore.com\/fr\/#\/schema\/logo\/image\/"},"sameAs":["https:\/\/www.facebook.com\/tourtravelandmore\/","https:\/\/x.com\/TourTravel_More"]}]}},"_links":{"self":[{"href":"https:\/\/tourtravelandmore.com\/fr\/wp-json\/wp\/v2\/product\/108143","targetHints":{"allow":["GET"]}}],"collection":[{"href":"https:\/\/tourtravelandmore.com\/fr\/wp-json\/wp\/v2\/product"}],"about":[{"href":"https:\/\/tourtravelandmore.com\/fr\/wp-json\/wp\/v2\/types\/product"}],"replies":[{"embeddable":true,"href":"https:\/\/tourtravelandmore.com\/fr\/wp-json\/wp\/v2\/comments?post=108143"}],"wp:featuredmedia":[{"embeddable":true,"href":"https:\/\/tourtravelandmore.com\/fr\/wp-json\/wp\/v2\/media\/87419"}],"wp:attachment":[{"href":"https:\/\/tourtravelandmore.com\/fr\/wp-json\/wp\/v2\/media?parent=108143"}],"wp:term":[{"taxonomy":"product_brand","embeddable":true,"href":"https:\/\/tourtravelandmore.com\/fr\/wp-json\/wp\/v2\/product_brand?post=108143"},{"taxonomy":"product_cat","embeddable":true,"href":"https:\/\/tourtravelandmore.com\/fr\/wp-json\/wp\/v2\/product_cat?post=108143"},{"taxonomy":"product_tag","embeddable":true,"href":"https:\/\/tourtravelandmore.com\/fr\/wp-json\/wp\/v2\/product_tag?post=108143"}],"curies":[{"name":"wp","href":"https:\/\/api.w.org\/{rel}","templated":true}]}}