{"id":108115,"date":"2021-06-15T11:17:37","date_gmt":"2021-06-15T09:17:49","guid":{"rendered":"https:\/\/tourtravelandmore.com\/?post_type=product&#038;p=108115"},"modified":"2023-10-05T20:32:52","modified_gmt":"2023-10-05T18:32:52","slug":"excursion-privee-a-terre-aux-pyramides-de-gizeh-et-a-saqqara","status":"publish","type":"product","link":"https:\/\/tourtravelandmore.com\/fr\/tours\/egypte-fr\/alexandria-fr\/excursion-privee-a-terre-aux-pyramides-de-gizeh-et-a-saqqara\/","title":{"rendered":"Excursion priv\u00e9e \u00e0 terre aux pyramides de Gizeh et \u00e0 Saqqara"},"content":{"rendered":"<h2>Description:<\/h2>\n<p>Assistez au plus grand de l&#8217;\u00c9gypte ancienne pr\u00e8s du Caire en une journ\u00e9e aux c\u00f4t\u00e9s d&#8217;un guide touristique local agr\u00e9\u00e9 et de votre chauffeur priv\u00e9. Profitez de notre visite priv\u00e9e des pyramides de Gizeh et visitez l&#8217;une des sept merveilles du monde. Apprenez \u00e0 conna\u00eetre plusieurs monuments de l&#8217;une des plus grandes civilisations de notre plan\u00e8te.<\/p>\n<p>Votre chauffeur priv\u00e9 et votre guide \u00e9gyptologue agr\u00e9\u00e9 viendront vous chercher \u00e0 votre h\u00f4tel. Apr\u00e8s cela, vous vous dirigerez vers le plateau de Gizeh et visiterez les 3 pyramides et le Sphinx. Suivi d&#8217;une visite \u00e0 Saqqarah et Memphis.<\/p>\n<p>La visite est 100% ajustable \u00e0 vos propres int\u00e9r\u00eats et d\u00e9sirs personnels. Nos guides et chauffeurs sont \u00e0 votre enti\u00e8re disposition. Nous organisons \u00e9galement tous les frais d&#8217;entr\u00e9e \u00e0 l&#8217;avance. Si vous visitez l&#8217;\u00c9gypte pendant plus de jours, vous pouvez consulter nos itin\u00e9raires priv\u00e9s.<\/p>\n<h2>Sites d&#8217;int\u00e9r\u00eat et monuments<\/h2>\n<p>Construit il y a plus de 4500 ans, la fa\u00e7on dont les 3 pyramides ont \u00e9t\u00e9 construites est l&#8217;un des plus grands myst\u00e8res du monde. Vous apprendrez l&#8217;histoire des pyramides et du Sphinx avec votre guide local agr\u00e9\u00e9, qui vous \u00e9clairera avec l&#8217;histoire, les l\u00e9gendes et les secrets de ce lieu spectaculaire. L&#8217;entr\u00e9e aux pyramides et au Sphinx est incluse dans la visite. Si vous le souhaitez, nous pouvons \u00e9galement organiser l&#8217;entr\u00e9e pour visiter l&#8217;int\u00e9rieur des pyramides.<\/p>\n<p>Apr\u00e8s cela, vous aurez du temps libre pour le d\u00e9jeuner et deuxi\u00e8mement, vous vous rendrez \u00e0 Saqqara et \u00e0 Memphis. Une fois sur place, vous explorerez les l\u00e9gendaires pyramides de Saqqara, y compris l&#8217;embl\u00e9matique pyramide \u00e0 degr\u00e9s. Saqqara tire son nom du dieu Memphite des morts, Sokar, et c&#8217;est le plus grand site arch\u00e9ologique d&#8217;\u00c9gypte. De plus, vous visiterez \u00e9galement Memphis. \u00c9galement connue sous le nom d&#8217;Inebu-Hedj, c&#8217;\u00e9tait l&#8217;ancienne capitale de la Basse-\u00c9gypte et de l&#8217;ancien Kindgdom d&#8217;\u00c9gypte. Memphis et sa n\u00e9cropole ont \u00e9t\u00e9 ajout\u00e9es, en 1979, \u00e0 la liste des sites du patrimoine mondial de l&#8217;UNESCO.<\/p>\n<p>Une fois que vous avez termin\u00e9 votre visite des pyramides de Gizeh et apr\u00e8s une journ\u00e9e d&#8217;histoire pure, vous serez reconduit au Caire!<\/p>\n<p>Vous pouvez d\u00eener dans l&#8217;un des nombreux restaurants impressionnants de la ville. La ville se caract\u00e9rise par l&#8217;hospitalit\u00e9 et la gastronomie de ses habitants. Nous pouvons vous recommander les meilleurs endroits!<\/p>\n<p><button style=\"width: auto; height: auto; background-image: url('data:image\/png;base64,iVBORw0KGgoAAAANSUhEUgAAADAAAAAwCAYAAABXAvmHAAABS2lUWHRYTUw6Y29tLmFkb2JlLnhtcAAAAAAAPD94cGFja2V0IGJlZ2luPSLvu78iIGlkPSJXNU0wTXBDZWhpSHpyZVN6TlRjemtjOWQiPz4KPHg6eG1wbWV0YSB4bWxuczp4PSJhZG9iZTpuczptZXRhLyIgeDp4bXB0az0iQWRvYmUgWE1QIENvcmUgNS42LWMxMzggNzkuMTU5ODI0LCAyMDE2LzA5LzE0LTAxOjA5OjAxICAgICAgICAiPgogPHJkZjpSREYgeG1sbnM6cmRmPSJodHRwOi8vd3d3LnczLm9yZy8xOTk5LzAyLzIyLXJkZi1zeW50YXgtbnMjIj4KICA8cmRmOkRlc2NyaXB0aW9uIHJkZjphYm91dD0iIi8+CiA8L3JkZjpSREY+CjwveDp4bXBtZXRhPgo8P3hwYWNrZXQgZW5kPSJyIj8+IEmuOgAAAx5JREFUaIHtmj1L81wYx39JI75AbYtgBTFTRdQGXV2cxMlPICjiakHE0cVJB5FO4uLgN1AnZ\/0EgoLQtd6tL6hJIwia9DzDg6Wxpcb7hMTe+INCz+t1\/TnJuU7OOYoQ4g8Qpz2xFSGEiNoLGVTAjtoJCWw1ag9k0eoTQgg2NzcplUp0dHRE5VNTHMdB0zTy+TydnZ21fI8Ay7K4vr4ml8uRSqVCd7IVQgjW19cpFAoYhlHLbxiBTCbD9PR06A76YXx8HNd1PXmed0BRFBzHwTTNUB3zy\/v7O7FYzJPX9i\/xr4Co0b6u0prj42Pu7u5a1unp6UHXdSYmJkgmk7ImPUgLWFlZoVQq+aqbSCSYn59ne3ubRCIhaxoI4BHSdd13Xcuy2N\/fxzCML0fNL9IjoChK7f\/p6Smjo6MNdWzb5vz8nI2NDUzTpFgsMjMzw+Xlpax5eQH1TE5OMjAw0LQsm80yNzdHNpvFtm2urq44PDxkaWlJymags9D9\/X3Lcl3X2dnZqaX39vakbYY+jS4uLtLV1QXAxcUFlUpFqr\/QBXR3d9Pf3w\/8v8J8fn6W6i90Aa7r8vT0BEAsFpOeTkMXcHJywsvLCwAjIyPSgS1QAb29vS3LHx4eyOVytfTy8rK0zUAFPD4+8vb25vm9vr5SLBY5ODjAMAzK5TIAQ0NDrK6uStsMNA7Mzs42rNfrn\/kP0uk0Z2dnaJq8+UAFfHb0M6qqsrCwwO7uLn19fYHYDFTA2tpa00isaRqDg4NMTU19a+3kh0AFbG1t1YJUWAT6EhcKhSC780Xbf5H9CoiaXwFRIy2gPng5jiPb3beRjgPDw8NYlgUQegyAAAQcHR3xccgTxNrmu0hbjMJpj32ZxkIITNOkWq16tlf8tlVVlWQy+e229UgLKJfLuK77VwI+PikjE6CqKmNjYzJdSPPvxQFVVT2HaD8JVVX5fKzdcEZWLpe5vb39cYd8ADc3Nw1nZB4B8XicdDpNPp+PJCi1wnEcUqkUmUzGk68IISp8uitRqVSoVqth+ueLJntIdtNZ6Kv9nZ9E21\/20IASbXzd5j\/MIQu2KoJrJwAAAABJRU5ErkJggg=='); background-size: 14px 14px; background-color: #000000; position: absolute; opacity: 1; z-index: 86753099; display: none; cursor: pointer; border: none; border-top-left-radius: 3px; border-top-right-radius: 3px; border-bottom-right-radius: 3px; border-bottom-left-radius: 3px; text-indent: 20px; padding: 0px 4px 0px 0px; text-align: center; font-style: normal; font-variant-caps: normal; font-weight: bold; font-stretch: normal; font-size: 11px; line-height: 20px; font-family: 'Helvetica Neue', Helvetica, sans-serif; color: #ffffff; text-transform: capitalize; -webkit-font-smoothing: antialiased; top: 1397px; left: 563px; background-position: 3px 50%; background-repeat: no-repeat no-repeat;\">plan it<\/button><\/p>\n","protected":false},"excerpt":{"rendered":"<p>Profitez d&#8217;une visite priv\u00e9e du Caire et visitez l&#8217;une des sept merveilles du monde \u00e0 c\u00f4t\u00e9 d&#8217;un guide touristique \u00e9gyptien agr\u00e9\u00e9 et \u00e0 l&#8217;aise dans votre v\u00e9hicule priv\u00e9.<\/p>\n","protected":false},"featured_media":169889,"comment_status":"open","ping_status":"closed","template":"","meta":{"_acf_changed":false},"product_brand":[],"product_cat":[4466,3747,4054],"product_tag":[],"class_list":{"0":"post-108115","1":"product","2":"type-product","3":"status-publish","4":"has-post-thumbnail","6":"product_cat-private-shore-excursions-fr-9","7":"product_cat-egypte-fr","8":"product_cat-alexandria-fr","10":"first","11":"instock","12":"shipping-taxable","13":"purchasable","14":"product-type-simple"},"acf":[],"yoast_head":"<!-- This site is optimized with the Yoast SEO Premium plugin v25.3.1 (Yoast SEO v25.3.1) - https:\/\/yoast.com\/wordpress\/plugins\/seo\/ -->\n<title>Visite priv\u00e9e des pyramides de Gizeh avec chauffeur et guide \u00e9gyptologue agr\u00e9\u00e9<\/title>\n<meta name=\"description\" content=\"Profitez de notre visite priv\u00e9e des pyramides de Gizeh et visitez les pyramides, le Sphinx, Saqqara et Memphis \u00e0 c\u00f4t\u00e9 d&#039;un guide \u00e9gyptologue agr\u00e9\u00e9.\" \/>\n<meta name=\"robots\" content=\"index, follow, max-snippet:-1, max-image-preview:large, max-video-preview:-1\" \/>\n<link rel=\"canonical\" href=\"https:\/\/tourtravelandmore.com\/fr\/tours\/egypte-fr\/alexandria-fr\/excursion-privee-a-terre-aux-pyramides-de-gizeh-et-a-saqqara\/\" \/>\n<meta property=\"og:locale\" content=\"fr_FR\" \/>\n<meta property=\"og:type\" content=\"article\" \/>\n<meta property=\"og:title\" content=\"Excursion priv\u00e9e \u00e0 terre aux pyramides de Gizeh et \u00e0 Saqqara\" \/>\n<meta property=\"og:description\" content=\"Profitez de notre visite priv\u00e9e des pyramides de Gizeh et visitez les pyramides, le Sphinx, Saqqara et Memphis \u00e0 c\u00f4t\u00e9 d&#039;un guide \u00e9gyptologue agr\u00e9\u00e9.\" \/>\n<meta property=\"og:url\" content=\"https:\/\/tourtravelandmore.com\/fr\/tours\/egypte-fr\/alexandria-fr\/excursion-privee-a-terre-aux-pyramides-de-gizeh-et-a-saqqara\/\" \/>\n<meta property=\"og:site_name\" content=\"Tour Travel And More\" \/>\n<meta property=\"article:publisher\" content=\"https:\/\/www.facebook.com\/tourtravelandmore\/\" \/>\n<meta property=\"article:modified_time\" content=\"2023-10-05T18:32:52+00:00\" \/>\n<meta property=\"og:image\" content=\"https:\/\/tourtravelandmore.com\/wp-content\/uploads\/2021\/06\/pexels-fadi-ramzy-11701925-scaled.jpg\" \/>\n\t<meta property=\"og:image:width\" content=\"2560\" \/>\n\t<meta property=\"og:image:height\" content=\"1707\" \/>\n\t<meta property=\"og:image:type\" content=\"image\/jpeg\" \/>\n<meta name=\"twitter:card\" content=\"summary_large_image\" \/>\n<meta name=\"twitter:site\" content=\"@TourTravel_More\" \/>\n<meta name=\"twitter:label1\" content=\"Dur\u00e9e de lecture estim\u00e9e\" \/>\n\t<meta name=\"twitter:data1\" content=\"2 minutes\" \/>\n<script type=\"application\/ld+json\" class=\"yoast-schema-graph\">{\"@context\":\"https:\/\/schema.org\",\"@graph\":[{\"@type\":\"WebPage\",\"@id\":\"https:\/\/tourtravelandmore.com\/fr\/tours\/egypte-fr\/alexandria-fr\/excursion-privee-a-terre-aux-pyramides-de-gizeh-et-a-saqqara\/\",\"url\":\"https:\/\/tourtravelandmore.com\/fr\/tours\/egypte-fr\/alexandria-fr\/excursion-privee-a-terre-aux-pyramides-de-gizeh-et-a-saqqara\/\",\"name\":\"Visite priv\u00e9e des pyramides de Gizeh avec chauffeur et guide \u00e9gyptologue agr\u00e9\u00e9\",\"isPartOf\":{\"@id\":\"https:\/\/tourtravelandmore.com\/fr\/#website\"},\"primaryImageOfPage\":{\"@id\":\"https:\/\/tourtravelandmore.com\/fr\/tours\/egypte-fr\/alexandria-fr\/excursion-privee-a-terre-aux-pyramides-de-gizeh-et-a-saqqara\/#primaryimage\"},\"image\":{\"@id\":\"https:\/\/tourtravelandmore.com\/fr\/tours\/egypte-fr\/alexandria-fr\/excursion-privee-a-terre-aux-pyramides-de-gizeh-et-a-saqqara\/#primaryimage\"},\"thumbnailUrl\":\"https:\/\/tourtravelandmore.com\/wp-content\/uploads\/2021\/06\/pexels-fadi-ramzy-11701925-scaled.jpg\",\"datePublished\":\"2021-06-15T09:17:49+00:00\",\"dateModified\":\"2023-10-05T18:32:52+00:00\",\"description\":\"Profitez de notre visite priv\u00e9e des pyramides de Gizeh et visitez les pyramides, le Sphinx, Saqqara et Memphis \u00e0 c\u00f4t\u00e9 d'un guide \u00e9gyptologue agr\u00e9\u00e9.\",\"breadcrumb\":{\"@id\":\"https:\/\/tourtravelandmore.com\/fr\/tours\/egypte-fr\/alexandria-fr\/excursion-privee-a-terre-aux-pyramides-de-gizeh-et-a-saqqara\/#breadcrumb\"},\"inLanguage\":\"fr-FR\",\"potentialAction\":[{\"@type\":\"ReadAction\",\"target\":[\"https:\/\/tourtravelandmore.com\/fr\/tours\/egypte-fr\/alexandria-fr\/excursion-privee-a-terre-aux-pyramides-de-gizeh-et-a-saqqara\/\"]}]},{\"@type\":\"ImageObject\",\"inLanguage\":\"fr-FR\",\"@id\":\"https:\/\/tourtravelandmore.com\/fr\/tours\/egypte-fr\/alexandria-fr\/excursion-privee-a-terre-aux-pyramides-de-gizeh-et-a-saqqara\/#primaryimage\",\"url\":\"https:\/\/tourtravelandmore.com\/wp-content\/uploads\/2021\/06\/pexels-fadi-ramzy-11701925-scaled.jpg\",\"contentUrl\":\"https:\/\/tourtravelandmore.com\/wp-content\/uploads\/2021\/06\/pexels-fadi-ramzy-11701925-scaled.jpg\",\"width\":2560,\"height\":1707},{\"@type\":\"BreadcrumbList\",\"@id\":\"https:\/\/tourtravelandmore.com\/fr\/tours\/egypte-fr\/alexandria-fr\/excursion-privee-a-terre-aux-pyramides-de-gizeh-et-a-saqqara\/#breadcrumb\",\"itemListElement\":[{\"@type\":\"ListItem\",\"position\":1,\"name\":\"Home\",\"item\":\"https:\/\/tourtravelandmore.com\/fr\/\"},{\"@type\":\"ListItem\",\"position\":2,\"name\":\"Tours\",\"item\":\"https:\/\/tourtravelandmore.com\/fr\/tours\/\"},{\"@type\":\"ListItem\",\"position\":3,\"name\":\"Excursion priv\u00e9e \u00e0 terre aux pyramides de Gizeh et \u00e0 Saqqara\"}]},{\"@type\":\"WebSite\",\"@id\":\"https:\/\/tourtravelandmore.com\/fr\/#website\",\"url\":\"https:\/\/tourtravelandmore.com\/fr\/\",\"name\":\"Tour Travel And More\",\"description\":\"Private sightseeing tours and luxury transfers in Spain\",\"publisher\":{\"@id\":\"https:\/\/tourtravelandmore.com\/fr\/#organization\"},\"potentialAction\":[{\"@type\":\"SearchAction\",\"target\":{\"@type\":\"EntryPoint\",\"urlTemplate\":\"https:\/\/tourtravelandmore.com\/fr\/?s={search_term_string}\"},\"query-input\":{\"@type\":\"PropertyValueSpecification\",\"valueRequired\":true,\"valueName\":\"search_term_string\"}}],\"inLanguage\":\"fr-FR\"},{\"@type\":\"Organization\",\"@id\":\"https:\/\/tourtravelandmore.com\/fr\/#organization\",\"name\":\"Tour Travel And More\",\"url\":\"https:\/\/tourtravelandmore.com\/fr\/\",\"logo\":{\"@type\":\"ImageObject\",\"inLanguage\":\"fr-FR\",\"@id\":\"https:\/\/tourtravelandmore.com\/fr\/#\/schema\/logo\/image\/\",\"url\":\"https:\/\/tourtravelandmore.com\/wp-content\/uploads\/2022\/12\/cropped-logo-cabecera-new.png\",\"contentUrl\":\"https:\/\/tourtravelandmore.com\/wp-content\/uploads\/2022\/12\/cropped-logo-cabecera-new.png\",\"width\":430,\"height\":61,\"caption\":\"Tour Travel And More\"},\"image\":{\"@id\":\"https:\/\/tourtravelandmore.com\/fr\/#\/schema\/logo\/image\/\"},\"sameAs\":[\"https:\/\/www.facebook.com\/tourtravelandmore\/\",\"https:\/\/x.com\/TourTravel_More\"]}]}<\/script>\n<!-- \/ Yoast SEO Premium plugin. -->","yoast_head_json":{"title":"Visite priv\u00e9e des pyramides de Gizeh avec chauffeur et guide \u00e9gyptologue agr\u00e9\u00e9","description":"Profitez de notre visite priv\u00e9e des pyramides de Gizeh et visitez les pyramides, le Sphinx, Saqqara et Memphis \u00e0 c\u00f4t\u00e9 d'un guide \u00e9gyptologue agr\u00e9\u00e9.","robots":{"index":"index","follow":"follow","max-snippet":"max-snippet:-1","max-image-preview":"max-image-preview:large","max-video-preview":"max-video-preview:-1"},"canonical":"https:\/\/tourtravelandmore.com\/fr\/tours\/egypte-fr\/alexandria-fr\/excursion-privee-a-terre-aux-pyramides-de-gizeh-et-a-saqqara\/","og_locale":"fr_FR","og_type":"article","og_title":"Excursion priv\u00e9e \u00e0 terre aux pyramides de Gizeh et \u00e0 Saqqara","og_description":"Profitez de notre visite priv\u00e9e des pyramides de Gizeh et visitez les pyramides, le Sphinx, Saqqara et Memphis \u00e0 c\u00f4t\u00e9 d'un guide \u00e9gyptologue agr\u00e9\u00e9.","og_url":"https:\/\/tourtravelandmore.com\/fr\/tours\/egypte-fr\/alexandria-fr\/excursion-privee-a-terre-aux-pyramides-de-gizeh-et-a-saqqara\/","og_site_name":"Tour Travel And More","article_publisher":"https:\/\/www.facebook.com\/tourtravelandmore\/","article_modified_time":"2023-10-05T18:32:52+00:00","og_image":[{"width":2560,"height":1707,"url":"https:\/\/tourtravelandmore.com\/wp-content\/uploads\/2021\/06\/pexels-fadi-ramzy-11701925-scaled.jpg","type":"image\/jpeg"}],"twitter_card":"summary_large_image","twitter_site":"@TourTravel_More","twitter_misc":{"Dur\u00e9e de lecture estim\u00e9e":"2 minutes"},"schema":{"@context":"https:\/\/schema.org","@graph":[{"@type":"WebPage","@id":"https:\/\/tourtravelandmore.com\/fr\/tours\/egypte-fr\/alexandria-fr\/excursion-privee-a-terre-aux-pyramides-de-gizeh-et-a-saqqara\/","url":"https:\/\/tourtravelandmore.com\/fr\/tours\/egypte-fr\/alexandria-fr\/excursion-privee-a-terre-aux-pyramides-de-gizeh-et-a-saqqara\/","name":"Visite priv\u00e9e des pyramides de Gizeh avec chauffeur et guide \u00e9gyptologue agr\u00e9\u00e9","isPartOf":{"@id":"https:\/\/tourtravelandmore.com\/fr\/#website"},"primaryImageOfPage":{"@id":"https:\/\/tourtravelandmore.com\/fr\/tours\/egypte-fr\/alexandria-fr\/excursion-privee-a-terre-aux-pyramides-de-gizeh-et-a-saqqara\/#primaryimage"},"image":{"@id":"https:\/\/tourtravelandmore.com\/fr\/tours\/egypte-fr\/alexandria-fr\/excursion-privee-a-terre-aux-pyramides-de-gizeh-et-a-saqqara\/#primaryimage"},"thumbnailUrl":"https:\/\/tourtravelandmore.com\/wp-content\/uploads\/2021\/06\/pexels-fadi-ramzy-11701925-scaled.jpg","datePublished":"2021-06-15T09:17:49+00:00","dateModified":"2023-10-05T18:32:52+00:00","description":"Profitez de notre visite priv\u00e9e des pyramides de Gizeh et visitez les pyramides, le Sphinx, Saqqara et Memphis \u00e0 c\u00f4t\u00e9 d'un guide \u00e9gyptologue agr\u00e9\u00e9.","breadcrumb":{"@id":"https:\/\/tourtravelandmore.com\/fr\/tours\/egypte-fr\/alexandria-fr\/excursion-privee-a-terre-aux-pyramides-de-gizeh-et-a-saqqara\/#breadcrumb"},"inLanguage":"fr-FR","potentialAction":[{"@type":"ReadAction","target":["https:\/\/tourtravelandmore.com\/fr\/tours\/egypte-fr\/alexandria-fr\/excursion-privee-a-terre-aux-pyramides-de-gizeh-et-a-saqqara\/"]}]},{"@type":"ImageObject","inLanguage":"fr-FR","@id":"https:\/\/tourtravelandmore.com\/fr\/tours\/egypte-fr\/alexandria-fr\/excursion-privee-a-terre-aux-pyramides-de-gizeh-et-a-saqqara\/#primaryimage","url":"https:\/\/tourtravelandmore.com\/wp-content\/uploads\/2021\/06\/pexels-fadi-ramzy-11701925-scaled.jpg","contentUrl":"https:\/\/tourtravelandmore.com\/wp-content\/uploads\/2021\/06\/pexels-fadi-ramzy-11701925-scaled.jpg","width":2560,"height":1707},{"@type":"BreadcrumbList","@id":"https:\/\/tourtravelandmore.com\/fr\/tours\/egypte-fr\/alexandria-fr\/excursion-privee-a-terre-aux-pyramides-de-gizeh-et-a-saqqara\/#breadcrumb","itemListElement":[{"@type":"ListItem","position":1,"name":"Home","item":"https:\/\/tourtravelandmore.com\/fr\/"},{"@type":"ListItem","position":2,"name":"Tours","item":"https:\/\/tourtravelandmore.com\/fr\/tours\/"},{"@type":"ListItem","position":3,"name":"Excursion priv\u00e9e \u00e0 terre aux pyramides de Gizeh et \u00e0 Saqqara"}]},{"@type":"WebSite","@id":"https:\/\/tourtravelandmore.com\/fr\/#website","url":"https:\/\/tourtravelandmore.com\/fr\/","name":"Tour Travel And More","description":"Private sightseeing tours and luxury transfers in Spain","publisher":{"@id":"https:\/\/tourtravelandmore.com\/fr\/#organization"},"potentialAction":[{"@type":"SearchAction","target":{"@type":"EntryPoint","urlTemplate":"https:\/\/tourtravelandmore.com\/fr\/?s={search_term_string}"},"query-input":{"@type":"PropertyValueSpecification","valueRequired":true,"valueName":"search_term_string"}}],"inLanguage":"fr-FR"},{"@type":"Organization","@id":"https:\/\/tourtravelandmore.com\/fr\/#organization","name":"Tour Travel And More","url":"https:\/\/tourtravelandmore.com\/fr\/","logo":{"@type":"ImageObject","inLanguage":"fr-FR","@id":"https:\/\/tourtravelandmore.com\/fr\/#\/schema\/logo\/image\/","url":"https:\/\/tourtravelandmore.com\/wp-content\/uploads\/2022\/12\/cropped-logo-cabecera-new.png","contentUrl":"https:\/\/tourtravelandmore.com\/wp-content\/uploads\/2022\/12\/cropped-logo-cabecera-new.png","width":430,"height":61,"caption":"Tour Travel And More"},"image":{"@id":"https:\/\/tourtravelandmore.com\/fr\/#\/schema\/logo\/image\/"},"sameAs":["https:\/\/www.facebook.com\/tourtravelandmore\/","https:\/\/x.com\/TourTravel_More"]}]}},"_links":{"self":[{"href":"https:\/\/tourtravelandmore.com\/fr\/wp-json\/wp\/v2\/product\/108115","targetHints":{"allow":["GET"]}}],"collection":[{"href":"https:\/\/tourtravelandmore.com\/fr\/wp-json\/wp\/v2\/product"}],"about":[{"href":"https:\/\/tourtravelandmore.com\/fr\/wp-json\/wp\/v2\/types\/product"}],"replies":[{"embeddable":true,"href":"https:\/\/tourtravelandmore.com\/fr\/wp-json\/wp\/v2\/comments?post=108115"}],"wp:featuredmedia":[{"embeddable":true,"href":"https:\/\/tourtravelandmore.com\/fr\/wp-json\/wp\/v2\/media\/169889"}],"wp:attachment":[{"href":"https:\/\/tourtravelandmore.com\/fr\/wp-json\/wp\/v2\/media?parent=108115"}],"wp:term":[{"taxonomy":"product_brand","embeddable":true,"href":"https:\/\/tourtravelandmore.com\/fr\/wp-json\/wp\/v2\/product_brand?post=108115"},{"taxonomy":"product_cat","embeddable":true,"href":"https:\/\/tourtravelandmore.com\/fr\/wp-json\/wp\/v2\/product_cat?post=108115"},{"taxonomy":"product_tag","embeddable":true,"href":"https:\/\/tourtravelandmore.com\/fr\/wp-json\/wp\/v2\/product_tag?post=108115"}],"curies":[{"name":"wp","href":"https:\/\/api.w.org\/{rel}","templated":true}]}}