{"id":107835,"date":"2021-06-10T10:34:02","date_gmt":"2021-06-10T08:34:15","guid":{"rendered":"https:\/\/tourtravelandmore.com\/?post_type=product&#038;p=107835"},"modified":"2024-08-27T22:17:56","modified_gmt":"2024-08-27T20:17:56","slug":"visite-privee-dune-demi-journee-au-palais-de-topkapi-et-au-grand-bazar-distanbul-turquie","status":"publish","type":"product","link":"https:\/\/tourtravelandmore.com\/fr\/tours\/turquie-fr\/istanbul-fr\/visite-privee-dune-demi-journee-au-palais-de-topkapi-et-au-grand-bazar-distanbul-turquie\/","title":{"rendered":"Visite priv\u00e9e d&#8217;Istanbul depuis le terminal de croisi\u00e8re"},"content":{"rendered":"<h2>Visite priv\u00e9e d&#8217;Istanbul depuis le terminal de croisi\u00e8re Description<\/h2>\n<p>D\u00e9couvrez la magie d&#8217;Istanbul gr\u00e2ce \u00e0 notre visite priv\u00e9e exclusive de 6 heures, sp\u00e9cialement con\u00e7ue pour les passagers de croisi\u00e8re. D\u00e8s votre descente du navire, vous serez accueilli par votre chauffeur personnel et votre guide expert, qui vous accompagnera \u00e0 chaque \u00e9tape de votre d\u00e9couverte des merveilles de cette ville historique.<\/p>\n<p>Vous pourrez profiter d&#8217;une visite priv\u00e9e et personnalis\u00e9e de 6 heures de la ville d&#8217;Istanbul, pleine d&#8217;histoire et de splendeur. En outre, vous b\u00e9n\u00e9ficiez des services d&#8217;un guide bilingue et d&#8217;un v\u00e9hicule de luxe climatis\u00e9, qui viendra vous chercher et vous ram\u00e8nera \u00e0 votre h\u00f4tel.<\/p>\n<h2>Points d&#8217;int\u00e9r\u00eat<\/h2>\n<p>Votre voyage commence par un trajet confortable dans les rues anim\u00e9es d&#8217;Istanbul, o\u00f9 les mondes ancien et moderne se rencontrent. Votre premier arr\u00eat est l&#8217;embl\u00e9matique Sainte-Sophie, l&#8217;un des monuments les plus importants au monde. Gr\u00e2ce aux billets inclus, vous \u00e9viterez les files d&#8217;attente et plongerez directement dans l&#8217;histoire et la beaut\u00e9 de ce site class\u00e9 au patrimoine mondial de l&#8217;UNESCO, qui a servi d&#8217;\u00e9glise, de mosqu\u00e9e et, aujourd&#8217;hui, de mus\u00e9e. \u00c9merveillez-vous devant les \u00e9tonnantes mosa\u00efques byzantines, les d\u00f4mes vertigineux et les d\u00e9tails complexes qui font de Sainte-Sophie un v\u00e9ritable chef-d&#8217;\u0153uvre.<\/p>\n<p>Ensuite, votre guide vous conduira au c\u0153ur d&#8217;Istanbul, \u00e0 la d\u00e9couverte de son riche patrimoine culturel et de ses march\u00e9s anim\u00e9s. Vous aurez l&#8217;occasion de d\u00e9couvrir les couleurs vibrantes, les sons et les saveurs de la ville, en visitant des sites cl\u00e9s et des joyaux cach\u00e9s. Qu&#8217;il s&#8217;agisse de la grandeur de la Mosqu\u00e9e bleue, de l&#8217;opulence du palais de Topkapi vu de l&#8217;ext\u00e9rieur ou de l&#8217;atmosph\u00e8re anim\u00e9e du Grand Bazar, cette visite offre un \u00e9quilibre parfait entre l&#8217;histoire, la culture et la vie locale.<\/p>\n<p>Tout au long de la visite, votre guide vous donnera un aper\u00e7u fascinant du pass\u00e9 et du pr\u00e9sent d&#8217;Istanbul, en faisant revivre chaque site avec des histoires et des l\u00e9gendes. Votre chauffeur veillera \u00e0 ce que le voyage se d\u00e9roule sans encombre, ce qui vous permettra de vous d\u00e9tendre et d&#8217;appr\u00e9cier les sites \u00e0 votre propre rythme.<\/p>\n<p>Cette visite priv\u00e9e est con\u00e7ue pour maximiser votre temps \u00e0 Istanbul, offrant une exp\u00e9rience compl\u00e8te des points forts de la ville tout en vous assurant de retourner \u00e0 votre bateau de croisi\u00e8re avec du temps libre.<\/p>\n<p><a href=\"https:\/\/tourtravelandmore.com\/fr\/city\/turquie-fr\/istanbul-en\/\">Ne manquez pas nos visites priv\u00e9es d&#8217;Istanbul.<\/a><\/p>\n","protected":false},"excerpt":{"rendered":"<p>D\u00e9couvrez la magie d&#8217;Istanbul gr\u00e2ce \u00e0 notre visite priv\u00e9e exclusive de 6 heures, sp\u00e9cialement con\u00e7ue pour les passagers de croisi\u00e8re. D\u00e8s votre descente du navire, vous serez accueilli par votre chauffeur personnel et votre guide expert, qui vous accompagnera \u00e0 chaque \u00e9tape de votre d\u00e9couverte des merveilles de cette ville historique.<\/p>\n","protected":false},"featured_media":107569,"comment_status":"open","ping_status":"closed","template":"","meta":{"_acf_changed":false},"product_brand":[],"product_cat":[5431,5434,3734,3830],"product_tag":[],"class_list":{"0":"post-107835","1":"product","2":"type-product","3":"status-publish","4":"has-post-thumbnail","6":"product_cat-all-private-tours-activities-fr-33","7":"product_cat-private-tours-fr-2","8":"product_cat-turquie-fr","9":"product_cat-istanbul-fr","11":"first","12":"instock","13":"shipping-taxable","14":"purchasable","15":"product-type-simple"},"acf":[],"yoast_head":"<!-- This site is optimized with the Yoast SEO Premium plugin v25.3.1 (Yoast SEO v25.3.1) - https:\/\/yoast.com\/wordpress\/plugins\/seo\/ -->\n<title>Visite priv\u00e9e d&#039;Istanbul depuis le terminal de croisi\u00e8re<\/title>\n<meta name=\"description\" content=\"Visite priv\u00e9e o\u00f9 vous appr\u00e9cierez la promenade \u00e0 travers les b\u00e2timents et les cours du palais de Topkapi et du Grand Bazar d&#039;Istanbul\" \/>\n<meta name=\"robots\" content=\"index, follow, max-snippet:-1, max-image-preview:large, max-video-preview:-1\" \/>\n<link rel=\"canonical\" href=\"https:\/\/tourtravelandmore.com\/fr\/tours\/turquie-fr\/istanbul-fr\/visite-privee-dune-demi-journee-au-palais-de-topkapi-et-au-grand-bazar-distanbul-turquie\/\" \/>\n<meta property=\"og:locale\" content=\"fr_FR\" \/>\n<meta property=\"og:type\" content=\"article\" \/>\n<meta property=\"og:title\" content=\"Visite priv\u00e9e d&#039;Istanbul depuis le terminal de croisi\u00e8re\" \/>\n<meta property=\"og:description\" content=\"Visite priv\u00e9e o\u00f9 vous appr\u00e9cierez la promenade \u00e0 travers les b\u00e2timents et les cours du palais de Topkapi et du Grand Bazar d&#039;Istanbul\" \/>\n<meta property=\"og:url\" content=\"https:\/\/tourtravelandmore.com\/fr\/tours\/turquie-fr\/istanbul-fr\/visite-privee-dune-demi-journee-au-palais-de-topkapi-et-au-grand-bazar-distanbul-turquie\/\" \/>\n<meta property=\"og:site_name\" content=\"Tour Travel And More\" \/>\n<meta property=\"article:publisher\" content=\"https:\/\/www.facebook.com\/tourtravelandmore\/\" \/>\n<meta property=\"article:modified_time\" content=\"2024-08-27T20:17:56+00:00\" \/>\n<meta property=\"og:image\" content=\"https:\/\/tourtravelandmore.com\/wp-content\/uploads\/2021\/06\/istanbul-5-scaled.jpg\" \/>\n\t<meta property=\"og:image:width\" content=\"1829\" \/>\n\t<meta property=\"og:image:height\" content=\"2560\" \/>\n\t<meta property=\"og:image:type\" content=\"image\/jpeg\" \/>\n<meta name=\"twitter:card\" content=\"summary_large_image\" \/>\n<meta name=\"twitter:site\" content=\"@TourTravel_More\" \/>\n<meta name=\"twitter:label1\" content=\"Dur\u00e9e de lecture estim\u00e9e\" \/>\n\t<meta name=\"twitter:data1\" content=\"2 minutes\" \/>\n<script type=\"application\/ld+json\" class=\"yoast-schema-graph\">{\"@context\":\"https:\/\/schema.org\",\"@graph\":[{\"@type\":\"WebPage\",\"@id\":\"https:\/\/tourtravelandmore.com\/fr\/tours\/turquie-fr\/istanbul-fr\/visite-privee-dune-demi-journee-au-palais-de-topkapi-et-au-grand-bazar-distanbul-turquie\/\",\"url\":\"https:\/\/tourtravelandmore.com\/fr\/tours\/turquie-fr\/istanbul-fr\/visite-privee-dune-demi-journee-au-palais-de-topkapi-et-au-grand-bazar-distanbul-turquie\/\",\"name\":\"Visite priv\u00e9e d'Istanbul depuis le terminal de croisi\u00e8re\",\"isPartOf\":{\"@id\":\"https:\/\/tourtravelandmore.com\/fr\/#website\"},\"primaryImageOfPage\":{\"@id\":\"https:\/\/tourtravelandmore.com\/fr\/tours\/turquie-fr\/istanbul-fr\/visite-privee-dune-demi-journee-au-palais-de-topkapi-et-au-grand-bazar-distanbul-turquie\/#primaryimage\"},\"image\":{\"@id\":\"https:\/\/tourtravelandmore.com\/fr\/tours\/turquie-fr\/istanbul-fr\/visite-privee-dune-demi-journee-au-palais-de-topkapi-et-au-grand-bazar-distanbul-turquie\/#primaryimage\"},\"thumbnailUrl\":\"https:\/\/tourtravelandmore.com\/wp-content\/uploads\/2021\/06\/istanbul-5-scaled.jpg\",\"datePublished\":\"2021-06-10T08:34:15+00:00\",\"dateModified\":\"2024-08-27T20:17:56+00:00\",\"description\":\"Visite priv\u00e9e o\u00f9 vous appr\u00e9cierez la promenade \u00e0 travers les b\u00e2timents et les cours du palais de Topkapi et du Grand Bazar d'Istanbul\",\"breadcrumb\":{\"@id\":\"https:\/\/tourtravelandmore.com\/fr\/tours\/turquie-fr\/istanbul-fr\/visite-privee-dune-demi-journee-au-palais-de-topkapi-et-au-grand-bazar-distanbul-turquie\/#breadcrumb\"},\"inLanguage\":\"fr-FR\",\"potentialAction\":[{\"@type\":\"ReadAction\",\"target\":[\"https:\/\/tourtravelandmore.com\/fr\/tours\/turquie-fr\/istanbul-fr\/visite-privee-dune-demi-journee-au-palais-de-topkapi-et-au-grand-bazar-distanbul-turquie\/\"]}]},{\"@type\":\"ImageObject\",\"inLanguage\":\"fr-FR\",\"@id\":\"https:\/\/tourtravelandmore.com\/fr\/tours\/turquie-fr\/istanbul-fr\/visite-privee-dune-demi-journee-au-palais-de-topkapi-et-au-grand-bazar-distanbul-turquie\/#primaryimage\",\"url\":\"https:\/\/tourtravelandmore.com\/wp-content\/uploads\/2021\/06\/istanbul-5-scaled.jpg\",\"contentUrl\":\"https:\/\/tourtravelandmore.com\/wp-content\/uploads\/2021\/06\/istanbul-5-scaled.jpg\",\"width\":1829,\"height\":2560},{\"@type\":\"BreadcrumbList\",\"@id\":\"https:\/\/tourtravelandmore.com\/fr\/tours\/turquie-fr\/istanbul-fr\/visite-privee-dune-demi-journee-au-palais-de-topkapi-et-au-grand-bazar-distanbul-turquie\/#breadcrumb\",\"itemListElement\":[{\"@type\":\"ListItem\",\"position\":1,\"name\":\"Home\",\"item\":\"https:\/\/tourtravelandmore.com\/fr\/\"},{\"@type\":\"ListItem\",\"position\":2,\"name\":\"Tours\",\"item\":\"https:\/\/tourtravelandmore.com\/fr\/tours\/\"},{\"@type\":\"ListItem\",\"position\":3,\"name\":\"Visite priv\u00e9e d&#8217;Istanbul depuis le terminal de croisi\u00e8re\"}]},{\"@type\":\"WebSite\",\"@id\":\"https:\/\/tourtravelandmore.com\/fr\/#website\",\"url\":\"https:\/\/tourtravelandmore.com\/fr\/\",\"name\":\"Tour Travel And More\",\"description\":\"Private sightseeing tours and luxury transfers in Spain\",\"publisher\":{\"@id\":\"https:\/\/tourtravelandmore.com\/fr\/#organization\"},\"potentialAction\":[{\"@type\":\"SearchAction\",\"target\":{\"@type\":\"EntryPoint\",\"urlTemplate\":\"https:\/\/tourtravelandmore.com\/fr\/?s={search_term_string}\"},\"query-input\":{\"@type\":\"PropertyValueSpecification\",\"valueRequired\":true,\"valueName\":\"search_term_string\"}}],\"inLanguage\":\"fr-FR\"},{\"@type\":\"Organization\",\"@id\":\"https:\/\/tourtravelandmore.com\/fr\/#organization\",\"name\":\"Tour Travel And More\",\"url\":\"https:\/\/tourtravelandmore.com\/fr\/\",\"logo\":{\"@type\":\"ImageObject\",\"inLanguage\":\"fr-FR\",\"@id\":\"https:\/\/tourtravelandmore.com\/fr\/#\/schema\/logo\/image\/\",\"url\":\"https:\/\/tourtravelandmore.com\/wp-content\/uploads\/2022\/12\/cropped-logo-cabecera-new.png\",\"contentUrl\":\"https:\/\/tourtravelandmore.com\/wp-content\/uploads\/2022\/12\/cropped-logo-cabecera-new.png\",\"width\":430,\"height\":61,\"caption\":\"Tour Travel And More\"},\"image\":{\"@id\":\"https:\/\/tourtravelandmore.com\/fr\/#\/schema\/logo\/image\/\"},\"sameAs\":[\"https:\/\/www.facebook.com\/tourtravelandmore\/\",\"https:\/\/x.com\/TourTravel_More\"]}]}<\/script>\n<!-- \/ Yoast SEO Premium plugin. -->","yoast_head_json":{"title":"Visite priv\u00e9e d'Istanbul depuis le terminal de croisi\u00e8re","description":"Visite priv\u00e9e o\u00f9 vous appr\u00e9cierez la promenade \u00e0 travers les b\u00e2timents et les cours du palais de Topkapi et du Grand Bazar d'Istanbul","robots":{"index":"index","follow":"follow","max-snippet":"max-snippet:-1","max-image-preview":"max-image-preview:large","max-video-preview":"max-video-preview:-1"},"canonical":"https:\/\/tourtravelandmore.com\/fr\/tours\/turquie-fr\/istanbul-fr\/visite-privee-dune-demi-journee-au-palais-de-topkapi-et-au-grand-bazar-distanbul-turquie\/","og_locale":"fr_FR","og_type":"article","og_title":"Visite priv\u00e9e d'Istanbul depuis le terminal de croisi\u00e8re","og_description":"Visite priv\u00e9e o\u00f9 vous appr\u00e9cierez la promenade \u00e0 travers les b\u00e2timents et les cours du palais de Topkapi et du Grand Bazar d'Istanbul","og_url":"https:\/\/tourtravelandmore.com\/fr\/tours\/turquie-fr\/istanbul-fr\/visite-privee-dune-demi-journee-au-palais-de-topkapi-et-au-grand-bazar-distanbul-turquie\/","og_site_name":"Tour Travel And More","article_publisher":"https:\/\/www.facebook.com\/tourtravelandmore\/","article_modified_time":"2024-08-27T20:17:56+00:00","og_image":[{"width":1829,"height":2560,"url":"https:\/\/tourtravelandmore.com\/wp-content\/uploads\/2021\/06\/istanbul-5-scaled.jpg","type":"image\/jpeg"}],"twitter_card":"summary_large_image","twitter_site":"@TourTravel_More","twitter_misc":{"Dur\u00e9e de lecture estim\u00e9e":"2 minutes"},"schema":{"@context":"https:\/\/schema.org","@graph":[{"@type":"WebPage","@id":"https:\/\/tourtravelandmore.com\/fr\/tours\/turquie-fr\/istanbul-fr\/visite-privee-dune-demi-journee-au-palais-de-topkapi-et-au-grand-bazar-distanbul-turquie\/","url":"https:\/\/tourtravelandmore.com\/fr\/tours\/turquie-fr\/istanbul-fr\/visite-privee-dune-demi-journee-au-palais-de-topkapi-et-au-grand-bazar-distanbul-turquie\/","name":"Visite priv\u00e9e d'Istanbul depuis le terminal de croisi\u00e8re","isPartOf":{"@id":"https:\/\/tourtravelandmore.com\/fr\/#website"},"primaryImageOfPage":{"@id":"https:\/\/tourtravelandmore.com\/fr\/tours\/turquie-fr\/istanbul-fr\/visite-privee-dune-demi-journee-au-palais-de-topkapi-et-au-grand-bazar-distanbul-turquie\/#primaryimage"},"image":{"@id":"https:\/\/tourtravelandmore.com\/fr\/tours\/turquie-fr\/istanbul-fr\/visite-privee-dune-demi-journee-au-palais-de-topkapi-et-au-grand-bazar-distanbul-turquie\/#primaryimage"},"thumbnailUrl":"https:\/\/tourtravelandmore.com\/wp-content\/uploads\/2021\/06\/istanbul-5-scaled.jpg","datePublished":"2021-06-10T08:34:15+00:00","dateModified":"2024-08-27T20:17:56+00:00","description":"Visite priv\u00e9e o\u00f9 vous appr\u00e9cierez la promenade \u00e0 travers les b\u00e2timents et les cours du palais de Topkapi et du Grand Bazar d'Istanbul","breadcrumb":{"@id":"https:\/\/tourtravelandmore.com\/fr\/tours\/turquie-fr\/istanbul-fr\/visite-privee-dune-demi-journee-au-palais-de-topkapi-et-au-grand-bazar-distanbul-turquie\/#breadcrumb"},"inLanguage":"fr-FR","potentialAction":[{"@type":"ReadAction","target":["https:\/\/tourtravelandmore.com\/fr\/tours\/turquie-fr\/istanbul-fr\/visite-privee-dune-demi-journee-au-palais-de-topkapi-et-au-grand-bazar-distanbul-turquie\/"]}]},{"@type":"ImageObject","inLanguage":"fr-FR","@id":"https:\/\/tourtravelandmore.com\/fr\/tours\/turquie-fr\/istanbul-fr\/visite-privee-dune-demi-journee-au-palais-de-topkapi-et-au-grand-bazar-distanbul-turquie\/#primaryimage","url":"https:\/\/tourtravelandmore.com\/wp-content\/uploads\/2021\/06\/istanbul-5-scaled.jpg","contentUrl":"https:\/\/tourtravelandmore.com\/wp-content\/uploads\/2021\/06\/istanbul-5-scaled.jpg","width":1829,"height":2560},{"@type":"BreadcrumbList","@id":"https:\/\/tourtravelandmore.com\/fr\/tours\/turquie-fr\/istanbul-fr\/visite-privee-dune-demi-journee-au-palais-de-topkapi-et-au-grand-bazar-distanbul-turquie\/#breadcrumb","itemListElement":[{"@type":"ListItem","position":1,"name":"Home","item":"https:\/\/tourtravelandmore.com\/fr\/"},{"@type":"ListItem","position":2,"name":"Tours","item":"https:\/\/tourtravelandmore.com\/fr\/tours\/"},{"@type":"ListItem","position":3,"name":"Visite priv\u00e9e d&#8217;Istanbul depuis le terminal de croisi\u00e8re"}]},{"@type":"WebSite","@id":"https:\/\/tourtravelandmore.com\/fr\/#website","url":"https:\/\/tourtravelandmore.com\/fr\/","name":"Tour Travel And More","description":"Private sightseeing tours and luxury transfers in Spain","publisher":{"@id":"https:\/\/tourtravelandmore.com\/fr\/#organization"},"potentialAction":[{"@type":"SearchAction","target":{"@type":"EntryPoint","urlTemplate":"https:\/\/tourtravelandmore.com\/fr\/?s={search_term_string}"},"query-input":{"@type":"PropertyValueSpecification","valueRequired":true,"valueName":"search_term_string"}}],"inLanguage":"fr-FR"},{"@type":"Organization","@id":"https:\/\/tourtravelandmore.com\/fr\/#organization","name":"Tour Travel And More","url":"https:\/\/tourtravelandmore.com\/fr\/","logo":{"@type":"ImageObject","inLanguage":"fr-FR","@id":"https:\/\/tourtravelandmore.com\/fr\/#\/schema\/logo\/image\/","url":"https:\/\/tourtravelandmore.com\/wp-content\/uploads\/2022\/12\/cropped-logo-cabecera-new.png","contentUrl":"https:\/\/tourtravelandmore.com\/wp-content\/uploads\/2022\/12\/cropped-logo-cabecera-new.png","width":430,"height":61,"caption":"Tour Travel And More"},"image":{"@id":"https:\/\/tourtravelandmore.com\/fr\/#\/schema\/logo\/image\/"},"sameAs":["https:\/\/www.facebook.com\/tourtravelandmore\/","https:\/\/x.com\/TourTravel_More"]}]}},"_links":{"self":[{"href":"https:\/\/tourtravelandmore.com\/fr\/wp-json\/wp\/v2\/product\/107835","targetHints":{"allow":["GET"]}}],"collection":[{"href":"https:\/\/tourtravelandmore.com\/fr\/wp-json\/wp\/v2\/product"}],"about":[{"href":"https:\/\/tourtravelandmore.com\/fr\/wp-json\/wp\/v2\/types\/product"}],"replies":[{"embeddable":true,"href":"https:\/\/tourtravelandmore.com\/fr\/wp-json\/wp\/v2\/comments?post=107835"}],"wp:featuredmedia":[{"embeddable":true,"href":"https:\/\/tourtravelandmore.com\/fr\/wp-json\/wp\/v2\/media\/107569"}],"wp:attachment":[{"href":"https:\/\/tourtravelandmore.com\/fr\/wp-json\/wp\/v2\/media?parent=107835"}],"wp:term":[{"taxonomy":"product_brand","embeddable":true,"href":"https:\/\/tourtravelandmore.com\/fr\/wp-json\/wp\/v2\/product_brand?post=107835"},{"taxonomy":"product_cat","embeddable":true,"href":"https:\/\/tourtravelandmore.com\/fr\/wp-json\/wp\/v2\/product_cat?post=107835"},{"taxonomy":"product_tag","embeddable":true,"href":"https:\/\/tourtravelandmore.com\/fr\/wp-json\/wp\/v2\/product_tag?post=107835"}],"curies":[{"name":"wp","href":"https:\/\/api.w.org\/{rel}","templated":true}]}}