{"id":107208,"date":"2021-05-20T13:29:23","date_gmt":"2021-05-20T11:29:33","guid":{"rendered":"https:\/\/tourtravelandmore.com\/?post_type=product&#038;p=107208"},"modified":"2023-10-06T13:06:49","modified_gmt":"2023-10-06T11:06:49","slug":"visite-privee-des-chevaliers-templiers-de-lisbonne-copy-copy","status":"publish","type":"product","link":"https:\/\/tourtravelandmore.com\/fr\/tours\/portugal-fr\/lisbon-fr\/visite-privee-des-chevaliers-templiers-de-lisbonne-copy-copy\/","title":{"rendered":"Visite priv\u00e9e de Coimbra au d\u00e9part de Lisbonne"},"content":{"rendered":"<h2><b>Visite priv\u00e9e de Coimbra au d\u00e9part de Lisbonne Description<\/b><\/h2>\n<p><span style=\"font-weight: 400;\">Embarquez pour un voyage transcendant avec notre visite priv\u00e9e de Coimbra, un phare illustre dans les annales du pass\u00e9 historique du Portugal. Autrefois capitale m\u00e9di\u00e9vale du Portugal, Coimbra, anciennement connue sous le nom de Conimbriga, incarne une \u00e9poque o\u00f9 la grandeur de l&#8217;esth\u00e9tique et de l&#8217;\u00e9thique romaines impr\u00e9gnait toutes les facettes de la p\u00e9ninsule ib\u00e9rique. Lorsque vous quittez la tapisserie urbaine anim\u00e9e de Lisbonne, un chauffeur d\u00e9vou\u00e9 se tient pr\u00eat \u00e0 vous transporter \u00e0 travers des paysages pittoresques, assurant une transition confortable vers l&#8217;\u00e9treinte intemporelle de Coimbra. D\u00e8s que vous posez le pied dans cette ville ancienne, un guide local \u00e9rudit vous attend pour vous guider dans les couloirs labyrinthiques de l&#8217;histoire. Ici, les r\u00e9cits des empereurs romains s&#8217;entrem\u00ealent harmonieusement avec les r\u00e9cits des \u00e9rudits, cr\u00e9ant une mosa\u00efque vibrante de pass\u00e9 et de pr\u00e9sent. En traversant les rues pav\u00e9es et les quartiers historiques, chaque coin de rue ouvre un nouveau chapitre, chaque pierre murmure une histoire oubli\u00e9e. Gr\u00e2ce au r\u00e9cit perspicace de votre guide personnel, les joyaux cach\u00e9s et les sites incontournables de la ville prennent vie dans une symphonie d&#8217;histoire, d&#8217;architecture et de culture. Chez Tour Travel and More, nous sommes fiers de cr\u00e9er des exp\u00e9riences qui ne sont pas de simples visites, mais des tapisseries complexes de souvenirs et de compr\u00e9hension. Confiez-nous votre voyage, et nous vous promettons une odyss\u00e9e qui r\u00e9sonnera avec votre sensibilit\u00e9 unique, r\u00e9v\u00e9lant l&#8217;essence m\u00eame de Coimbra dans toute sa gloire aux multiples facettes.<\/span><\/p>\n<h2><b>Visite priv\u00e9e de Coimbra au d\u00e9part de Lisbonne Points forts<\/b><\/h2>\n<p><span style=\"font-weight: 400;\">Le charme de Coimbra r\u00e9side dans son m\u00e9lange d&#8217;ambiance savante et d&#8217;essence m\u00e9di\u00e9vale. Admirez les sites suivants<\/span><b><\/b><\/p>\n<ul>\n<li aria-level=\"1\"><b>L&#8217;illustre universit\u00e9 de Coimbra, class\u00e9e au patrimoine mondial de l&#8217;UNESCO, qui raconte les histoires universitaires des si\u00e8cles pass\u00e9s. La biblioth\u00e8que Joanine et la chapelle de S\u00e3o Miguel, avec son \u00e9tonnant orgue baroque, sont \u00e0 ne pas manquer.<\/b><\/li>\n<\/ul>\n<ul>\n<li aria-level=\"1\"><b>Le monast\u00e8re de Santa Cruz et le monast\u00e8re de Santa Clara-a-Velha sont des exemples d&#8217;architecture eccl\u00e9siastique.<\/b><\/li>\n<\/ul>\n<ul>\n<li aria-level=\"1\"><b>S\u00e9 Velha, la vieille cath\u00e9drale, qui se dresse r\u00e9solument comme un phare de la ferveur religieuse.<\/b><\/li>\n<\/ul>\n<ul>\n<li aria-level=\"1\"><b>Le mus\u00e9e national Machado de Castro, qui conserve le Cryptoportique romain et une vaste collection refl\u00e9tant le pass\u00e9 de Coimbra.<\/b><\/li>\n<\/ul>\n<ul>\n<li aria-level=\"1\"><b>La Quinta das L\u00e1grimas, impr\u00e9gn\u00e9e d&#8217;histoires d&#8217;amour et de trag\u00e9die.<\/b><\/li>\n<\/ul>\n<ul>\n<li aria-level=\"1\"><b>Les jardins botaniques verdoyants, une retraite paisible.<\/b><\/li>\n<\/ul>\n<ul>\n<li aria-level=\"1\"><b>Le fado traditionnel, dont l&#8217;\u00e9cho r\u00e9sonne dans les anciennes ruelles de la ville.<\/b><\/li>\n<\/ul>\n<h3><span style=\"font-weight: 400;\">Coimbra : Points d&#8217;int\u00e9r\u00eat et sites touristiques<\/span><\/h3>\n<p><span style=\"font-weight: 400;\">M\u00e9lange de tradition intemporelle et de recherche scientifique, Coimbra r\u00e9sonne d&#8217;un esprit imp\u00e9rissable qui transcende les simples couloirs universitaires. Le sol m\u00eame de cette ville a \u00e9t\u00e9 le t\u00e9moin de profonds r\u00e9cits historiques, dont aucun n&#8217;est plus \u00e9vocateur que la romance tragique d&#8217;In\u00eas de Castro et du roi Pedro, dont les histoires sont chuchot\u00e9es par les vents et inscrites dans chaque pav\u00e9. La double identit\u00e9 de Coimbra, ancienne colonie romaine et phare de l&#8217;excellence \u00e9ducative, en fait une mine de merveilles culturelles et historiques.<\/span><\/p>\n<p><span style=\"font-weight: 400;\">L&#8217;illustre biblioth\u00e8que Joanine est un bastion du savoir, dont les \u00e9tag\u00e8res sont orn\u00e9es de manuscrits remontant \u00e0 l&#8217;antiquit\u00e9 et racontant silencieusement des histoires d&#8217;antan. Le monast\u00e8re de Santa Clara-a-Velha, avec son ambiance r\u00e9fl\u00e9chie, invite \u00e0 l&#8217;introspection, t\u00e9moignant d&#8217;une \u00e9poque de d\u00e9votion religieuse et de finesse architecturale. Au fil de la promenade, l&#8217;imposante fa\u00e7ade de la S\u00e9 Velha, ou vieille cath\u00e9drale, s&#8217;\u00e9l\u00e8ve dans une splendeur gothique, faisant \u00e9cho aux r\u00e9verb\u00e9rations du temps dans ses arches et ses fl\u00e8ches. Plongez dans le pass\u00e9 de Coimbra au mus\u00e9e national Machado de Castro, o\u00f9 des artefacts de la lign\u00e9e romaine de la ville attendent des yeux avertis. Au milieu de cette tapisserie historique, les m\u00e9lodies \u00e9vocatrices du fado impr\u00e8gnent l&#8217;air, tissant un paysage sonore qui capture l&#8217;essence poignante de la psych\u00e9 portugaise. Chaque ruelle, chaque monument de Coimbra vous invite \u00e0 vous immerger, \u00e0 \u00e9couter et \u00e0 vous souvenir.<\/span><\/p>\n<p><span style=\"font-weight: 400;\">Pour ceux qui souhaitent explorer davantage la diversit\u00e9 du Portugal, <\/span><a href=\"https:\/\/tourtravelandmore.com\/fr\/city\/portugal-fr\/lisbon-fr\/\"><span style=\"font-weight: 400;\">Tour Travel and More est fier de pr\u00e9senter une s\u00e9lection de circuits priv\u00e9s au d\u00e9part de Lisbonne. <\/span><\/a><span style=\"font-weight: 400;\">Avec nous, vivez le Portugal comme jamais auparavant.<\/span><\/p>\n","protected":false},"excerpt":{"rendered":"<p><span style=\"font-weight: 400;\">D\u00e9couvrez l&#8217;allure intemporelle de Coimbra lors de cette visite priv\u00e9e. De ses racines romaines aux traditions \u00e9rudites, plongez dans le c\u0153ur m\u00e9di\u00e9val du Portugal, organis\u00e9 par Tour Travel and More.<\/span><\/p>\n","protected":false},"featured_media":107218,"comment_status":"open","ping_status":"closed","template":"","meta":{"_acf_changed":false},"product_brand":[],"product_cat":[4468,4467,4469,3665],"product_tag":[],"class_list":{"0":"post-107208","1":"product","2":"type-product","3":"status-publish","4":"has-post-thumbnail","6":"product_cat-excursions-privees-dune-journee-fr-3","7":"product_cat-toutes-les-visites-et-activites-privees-fr-5","8":"product_cat-visites-guidees-privees-fr-6","9":"product_cat-lisbon-fr","11":"first","12":"instock","13":"shipping-taxable","14":"purchasable","15":"product-type-simple"},"acf":[],"yoast_head":"<!-- This site is optimized with the Yoast SEO Premium plugin v25.3.1 (Yoast SEO v25.3.1) - https:\/\/yoast.com\/wordpress\/plugins\/seo\/ -->\n<title>\u27a1\ufe0f Visite priv\u00e9e de Coimbra depuis Lisbonne : Plongez dans le pass\u00e9 m\u00e9di\u00e9val du Portugal<\/title>\n<meta name=\"description\" content=\"Explorez l&#039;h\u00e9ritage romain de Coimbra, son ancienne universit\u00e9 et son fado plein d&#039;\u00e2me lors de cette visite priv\u00e9e au d\u00e9part de Lisbonne. Organis\u00e9 par Tour Travel and More.\u2705\" \/>\n<meta name=\"robots\" content=\"index, follow, max-snippet:-1, max-image-preview:large, max-video-preview:-1\" \/>\n<link rel=\"canonical\" href=\"https:\/\/tourtravelandmore.com\/fr\/tours\/portugal-fr\/lisbon-fr\/visite-privee-des-chevaliers-templiers-de-lisbonne-copy-copy\/\" \/>\n<meta property=\"og:locale\" content=\"fr_FR\" \/>\n<meta property=\"og:type\" content=\"article\" \/>\n<meta property=\"og:title\" content=\"Visite priv\u00e9e de Coimbra au d\u00e9part de Lisbonne\" \/>\n<meta property=\"og:description\" content=\"Explorez l&#039;h\u00e9ritage romain de Coimbra, son ancienne universit\u00e9 et son fado plein d&#039;\u00e2me lors de cette visite priv\u00e9e au d\u00e9part de Lisbonne. Organis\u00e9 par Tour Travel and More.\u2705\" \/>\n<meta property=\"og:url\" content=\"https:\/\/tourtravelandmore.com\/fr\/tours\/portugal-fr\/lisbon-fr\/visite-privee-des-chevaliers-templiers-de-lisbonne-copy-copy\/\" \/>\n<meta property=\"og:site_name\" content=\"Tour Travel And More\" \/>\n<meta property=\"article:publisher\" content=\"https:\/\/www.facebook.com\/tourtravelandmore\/\" \/>\n<meta property=\"article:modified_time\" content=\"2023-10-06T11:06:49+00:00\" \/>\n<meta property=\"og:image\" content=\"https:\/\/tourtravelandmore.com\/wp-content\/uploads\/2021\/05\/coimbra-uni.jpeg\" \/>\n\t<meta property=\"og:image:width\" content=\"967\" \/>\n\t<meta property=\"og:image:height\" content=\"726\" \/>\n\t<meta property=\"og:image:type\" content=\"image\/jpeg\" \/>\n<meta name=\"twitter:card\" content=\"summary_large_image\" \/>\n<meta name=\"twitter:site\" content=\"@TourTravel_More\" \/>\n<meta name=\"twitter:label1\" content=\"Dur\u00e9e de lecture estim\u00e9e\" \/>\n\t<meta name=\"twitter:data1\" content=\"4 minutes\" \/>\n<script type=\"application\/ld+json\" class=\"yoast-schema-graph\">{\"@context\":\"https:\/\/schema.org\",\"@graph\":[{\"@type\":\"WebPage\",\"@id\":\"https:\/\/tourtravelandmore.com\/fr\/tours\/portugal-fr\/lisbon-fr\/visite-privee-des-chevaliers-templiers-de-lisbonne-copy-copy\/\",\"url\":\"https:\/\/tourtravelandmore.com\/fr\/tours\/portugal-fr\/lisbon-fr\/visite-privee-des-chevaliers-templiers-de-lisbonne-copy-copy\/\",\"name\":\"\u27a1\ufe0f Visite priv\u00e9e de Coimbra depuis Lisbonne : Plongez dans le pass\u00e9 m\u00e9di\u00e9val du Portugal\",\"isPartOf\":{\"@id\":\"https:\/\/tourtravelandmore.com\/fr\/#website\"},\"primaryImageOfPage\":{\"@id\":\"https:\/\/tourtravelandmore.com\/fr\/tours\/portugal-fr\/lisbon-fr\/visite-privee-des-chevaliers-templiers-de-lisbonne-copy-copy\/#primaryimage\"},\"image\":{\"@id\":\"https:\/\/tourtravelandmore.com\/fr\/tours\/portugal-fr\/lisbon-fr\/visite-privee-des-chevaliers-templiers-de-lisbonne-copy-copy\/#primaryimage\"},\"thumbnailUrl\":\"https:\/\/tourtravelandmore.com\/wp-content\/uploads\/2021\/05\/coimbra-uni.jpeg\",\"datePublished\":\"2021-05-20T11:29:33+00:00\",\"dateModified\":\"2023-10-06T11:06:49+00:00\",\"description\":\"Explorez l'h\u00e9ritage romain de Coimbra, son ancienne universit\u00e9 et son fado plein d'\u00e2me lors de cette visite priv\u00e9e au d\u00e9part de Lisbonne. Organis\u00e9 par Tour Travel and More.\u2705\",\"breadcrumb\":{\"@id\":\"https:\/\/tourtravelandmore.com\/fr\/tours\/portugal-fr\/lisbon-fr\/visite-privee-des-chevaliers-templiers-de-lisbonne-copy-copy\/#breadcrumb\"},\"inLanguage\":\"fr-FR\",\"potentialAction\":[{\"@type\":\"ReadAction\",\"target\":[\"https:\/\/tourtravelandmore.com\/fr\/tours\/portugal-fr\/lisbon-fr\/visite-privee-des-chevaliers-templiers-de-lisbonne-copy-copy\/\"]}]},{\"@type\":\"ImageObject\",\"inLanguage\":\"fr-FR\",\"@id\":\"https:\/\/tourtravelandmore.com\/fr\/tours\/portugal-fr\/lisbon-fr\/visite-privee-des-chevaliers-templiers-de-lisbonne-copy-copy\/#primaryimage\",\"url\":\"https:\/\/tourtravelandmore.com\/wp-content\/uploads\/2021\/05\/coimbra-uni.jpeg\",\"contentUrl\":\"https:\/\/tourtravelandmore.com\/wp-content\/uploads\/2021\/05\/coimbra-uni.jpeg\",\"width\":967,\"height\":726,\"caption\":\"Coimbra\"},{\"@type\":\"BreadcrumbList\",\"@id\":\"https:\/\/tourtravelandmore.com\/fr\/tours\/portugal-fr\/lisbon-fr\/visite-privee-des-chevaliers-templiers-de-lisbonne-copy-copy\/#breadcrumb\",\"itemListElement\":[{\"@type\":\"ListItem\",\"position\":1,\"name\":\"Home\",\"item\":\"https:\/\/tourtravelandmore.com\/fr\/\"},{\"@type\":\"ListItem\",\"position\":2,\"name\":\"Tours\",\"item\":\"https:\/\/tourtravelandmore.com\/fr\/tours\/\"},{\"@type\":\"ListItem\",\"position\":3,\"name\":\"Visite priv\u00e9e de Coimbra au d\u00e9part de Lisbonne\"}]},{\"@type\":\"WebSite\",\"@id\":\"https:\/\/tourtravelandmore.com\/fr\/#website\",\"url\":\"https:\/\/tourtravelandmore.com\/fr\/\",\"name\":\"Tour Travel And More\",\"description\":\"Private sightseeing tours and luxury transfers in Spain\",\"publisher\":{\"@id\":\"https:\/\/tourtravelandmore.com\/fr\/#organization\"},\"potentialAction\":[{\"@type\":\"SearchAction\",\"target\":{\"@type\":\"EntryPoint\",\"urlTemplate\":\"https:\/\/tourtravelandmore.com\/fr\/?s={search_term_string}\"},\"query-input\":{\"@type\":\"PropertyValueSpecification\",\"valueRequired\":true,\"valueName\":\"search_term_string\"}}],\"inLanguage\":\"fr-FR\"},{\"@type\":\"Organization\",\"@id\":\"https:\/\/tourtravelandmore.com\/fr\/#organization\",\"name\":\"Tour Travel And More\",\"url\":\"https:\/\/tourtravelandmore.com\/fr\/\",\"logo\":{\"@type\":\"ImageObject\",\"inLanguage\":\"fr-FR\",\"@id\":\"https:\/\/tourtravelandmore.com\/fr\/#\/schema\/logo\/image\/\",\"url\":\"https:\/\/tourtravelandmore.com\/wp-content\/uploads\/2022\/12\/cropped-logo-cabecera-new.png\",\"contentUrl\":\"https:\/\/tourtravelandmore.com\/wp-content\/uploads\/2022\/12\/cropped-logo-cabecera-new.png\",\"width\":430,\"height\":61,\"caption\":\"Tour Travel And More\"},\"image\":{\"@id\":\"https:\/\/tourtravelandmore.com\/fr\/#\/schema\/logo\/image\/\"},\"sameAs\":[\"https:\/\/www.facebook.com\/tourtravelandmore\/\",\"https:\/\/x.com\/TourTravel_More\"]}]}<\/script>\n<!-- \/ Yoast SEO Premium plugin. -->","yoast_head_json":{"title":"\u27a1\ufe0f Visite priv\u00e9e de Coimbra depuis Lisbonne : Plongez dans le pass\u00e9 m\u00e9di\u00e9val du Portugal","description":"Explorez l'h\u00e9ritage romain de Coimbra, son ancienne universit\u00e9 et son fado plein d'\u00e2me lors de cette visite priv\u00e9e au d\u00e9part de Lisbonne. Organis\u00e9 par Tour Travel and More.\u2705","robots":{"index":"index","follow":"follow","max-snippet":"max-snippet:-1","max-image-preview":"max-image-preview:large","max-video-preview":"max-video-preview:-1"},"canonical":"https:\/\/tourtravelandmore.com\/fr\/tours\/portugal-fr\/lisbon-fr\/visite-privee-des-chevaliers-templiers-de-lisbonne-copy-copy\/","og_locale":"fr_FR","og_type":"article","og_title":"Visite priv\u00e9e de Coimbra au d\u00e9part de Lisbonne","og_description":"Explorez l'h\u00e9ritage romain de Coimbra, son ancienne universit\u00e9 et son fado plein d'\u00e2me lors de cette visite priv\u00e9e au d\u00e9part de Lisbonne. Organis\u00e9 par Tour Travel and More.\u2705","og_url":"https:\/\/tourtravelandmore.com\/fr\/tours\/portugal-fr\/lisbon-fr\/visite-privee-des-chevaliers-templiers-de-lisbonne-copy-copy\/","og_site_name":"Tour Travel And More","article_publisher":"https:\/\/www.facebook.com\/tourtravelandmore\/","article_modified_time":"2023-10-06T11:06:49+00:00","og_image":[{"width":967,"height":726,"url":"https:\/\/tourtravelandmore.com\/wp-content\/uploads\/2021\/05\/coimbra-uni.jpeg","type":"image\/jpeg"}],"twitter_card":"summary_large_image","twitter_site":"@TourTravel_More","twitter_misc":{"Dur\u00e9e de lecture estim\u00e9e":"4 minutes"},"schema":{"@context":"https:\/\/schema.org","@graph":[{"@type":"WebPage","@id":"https:\/\/tourtravelandmore.com\/fr\/tours\/portugal-fr\/lisbon-fr\/visite-privee-des-chevaliers-templiers-de-lisbonne-copy-copy\/","url":"https:\/\/tourtravelandmore.com\/fr\/tours\/portugal-fr\/lisbon-fr\/visite-privee-des-chevaliers-templiers-de-lisbonne-copy-copy\/","name":"\u27a1\ufe0f Visite priv\u00e9e de Coimbra depuis Lisbonne : Plongez dans le pass\u00e9 m\u00e9di\u00e9val du Portugal","isPartOf":{"@id":"https:\/\/tourtravelandmore.com\/fr\/#website"},"primaryImageOfPage":{"@id":"https:\/\/tourtravelandmore.com\/fr\/tours\/portugal-fr\/lisbon-fr\/visite-privee-des-chevaliers-templiers-de-lisbonne-copy-copy\/#primaryimage"},"image":{"@id":"https:\/\/tourtravelandmore.com\/fr\/tours\/portugal-fr\/lisbon-fr\/visite-privee-des-chevaliers-templiers-de-lisbonne-copy-copy\/#primaryimage"},"thumbnailUrl":"https:\/\/tourtravelandmore.com\/wp-content\/uploads\/2021\/05\/coimbra-uni.jpeg","datePublished":"2021-05-20T11:29:33+00:00","dateModified":"2023-10-06T11:06:49+00:00","description":"Explorez l'h\u00e9ritage romain de Coimbra, son ancienne universit\u00e9 et son fado plein d'\u00e2me lors de cette visite priv\u00e9e au d\u00e9part de Lisbonne. Organis\u00e9 par Tour Travel and More.\u2705","breadcrumb":{"@id":"https:\/\/tourtravelandmore.com\/fr\/tours\/portugal-fr\/lisbon-fr\/visite-privee-des-chevaliers-templiers-de-lisbonne-copy-copy\/#breadcrumb"},"inLanguage":"fr-FR","potentialAction":[{"@type":"ReadAction","target":["https:\/\/tourtravelandmore.com\/fr\/tours\/portugal-fr\/lisbon-fr\/visite-privee-des-chevaliers-templiers-de-lisbonne-copy-copy\/"]}]},{"@type":"ImageObject","inLanguage":"fr-FR","@id":"https:\/\/tourtravelandmore.com\/fr\/tours\/portugal-fr\/lisbon-fr\/visite-privee-des-chevaliers-templiers-de-lisbonne-copy-copy\/#primaryimage","url":"https:\/\/tourtravelandmore.com\/wp-content\/uploads\/2021\/05\/coimbra-uni.jpeg","contentUrl":"https:\/\/tourtravelandmore.com\/wp-content\/uploads\/2021\/05\/coimbra-uni.jpeg","width":967,"height":726,"caption":"Coimbra"},{"@type":"BreadcrumbList","@id":"https:\/\/tourtravelandmore.com\/fr\/tours\/portugal-fr\/lisbon-fr\/visite-privee-des-chevaliers-templiers-de-lisbonne-copy-copy\/#breadcrumb","itemListElement":[{"@type":"ListItem","position":1,"name":"Home","item":"https:\/\/tourtravelandmore.com\/fr\/"},{"@type":"ListItem","position":2,"name":"Tours","item":"https:\/\/tourtravelandmore.com\/fr\/tours\/"},{"@type":"ListItem","position":3,"name":"Visite priv\u00e9e de Coimbra au d\u00e9part de Lisbonne"}]},{"@type":"WebSite","@id":"https:\/\/tourtravelandmore.com\/fr\/#website","url":"https:\/\/tourtravelandmore.com\/fr\/","name":"Tour Travel And More","description":"Private sightseeing tours and luxury transfers in Spain","publisher":{"@id":"https:\/\/tourtravelandmore.com\/fr\/#organization"},"potentialAction":[{"@type":"SearchAction","target":{"@type":"EntryPoint","urlTemplate":"https:\/\/tourtravelandmore.com\/fr\/?s={search_term_string}"},"query-input":{"@type":"PropertyValueSpecification","valueRequired":true,"valueName":"search_term_string"}}],"inLanguage":"fr-FR"},{"@type":"Organization","@id":"https:\/\/tourtravelandmore.com\/fr\/#organization","name":"Tour Travel And More","url":"https:\/\/tourtravelandmore.com\/fr\/","logo":{"@type":"ImageObject","inLanguage":"fr-FR","@id":"https:\/\/tourtravelandmore.com\/fr\/#\/schema\/logo\/image\/","url":"https:\/\/tourtravelandmore.com\/wp-content\/uploads\/2022\/12\/cropped-logo-cabecera-new.png","contentUrl":"https:\/\/tourtravelandmore.com\/wp-content\/uploads\/2022\/12\/cropped-logo-cabecera-new.png","width":430,"height":61,"caption":"Tour Travel And More"},"image":{"@id":"https:\/\/tourtravelandmore.com\/fr\/#\/schema\/logo\/image\/"},"sameAs":["https:\/\/www.facebook.com\/tourtravelandmore\/","https:\/\/x.com\/TourTravel_More"]}]}},"_links":{"self":[{"href":"https:\/\/tourtravelandmore.com\/fr\/wp-json\/wp\/v2\/product\/107208","targetHints":{"allow":["GET"]}}],"collection":[{"href":"https:\/\/tourtravelandmore.com\/fr\/wp-json\/wp\/v2\/product"}],"about":[{"href":"https:\/\/tourtravelandmore.com\/fr\/wp-json\/wp\/v2\/types\/product"}],"replies":[{"embeddable":true,"href":"https:\/\/tourtravelandmore.com\/fr\/wp-json\/wp\/v2\/comments?post=107208"}],"wp:featuredmedia":[{"embeddable":true,"href":"https:\/\/tourtravelandmore.com\/fr\/wp-json\/wp\/v2\/media\/107218"}],"wp:attachment":[{"href":"https:\/\/tourtravelandmore.com\/fr\/wp-json\/wp\/v2\/media?parent=107208"}],"wp:term":[{"taxonomy":"product_brand","embeddable":true,"href":"https:\/\/tourtravelandmore.com\/fr\/wp-json\/wp\/v2\/product_brand?post=107208"},{"taxonomy":"product_cat","embeddable":true,"href":"https:\/\/tourtravelandmore.com\/fr\/wp-json\/wp\/v2\/product_cat?post=107208"},{"taxonomy":"product_tag","embeddable":true,"href":"https:\/\/tourtravelandmore.com\/fr\/wp-json\/wp\/v2\/product_tag?post=107208"}],"curies":[{"name":"wp","href":"https:\/\/api.w.org\/{rel}","templated":true}]}}