{"id":107169,"date":"2021-05-20T10:53:27","date_gmt":"2021-05-20T08:53:37","guid":{"rendered":"https:\/\/tourtravelandmore.com\/?post_type=product&#038;p=107169"},"modified":"2023-09-29T11:54:56","modified_gmt":"2023-09-29T09:54:56","slug":"visite-privee-des-chevaliers-templiers-de-lisbonne-copy","status":"publish","type":"product","link":"https:\/\/tourtravelandmore.com\/fr\/tours\/portugal-fr\/lisbon-fr\/visite-privee-des-chevaliers-templiers-de-lisbonne-copy\/","title":{"rendered":"Visite priv\u00e9e d&#8217;une journ\u00e9e \u00e0 Porto"},"content":{"rendered":"<h2><b>Visite priv\u00e9e d&#8217;une journ\u00e9e \u00e0 Porto Description<\/b><\/h2>\n<p><span style=\"font-weight: 400;\">Au d\u00e9part de la capitale Lisbonne, plongez dans la riche histoire et la tapisserie culturelle de la deuxi\u00e8me ville du Portugal, Porto. Lors de cette excursion priv\u00e9e sur mesure, nous vous garantissons une exp\u00e9rience in\u00e9gal\u00e9e de la ville de Porto, class\u00e9e au patrimoine mondial de l&#8217;UNESCO. Au d\u00e9part de Lisbonne, notre chauffeur d\u00e9vou\u00e9 veille \u00e0 ce que le voyage se d\u00e9roule sans encombre, tandis qu&#8217;\u00e0 Porto, notre guide local bien inform\u00e9 vous attend pour vous donner un aper\u00e7u intime des sites l\u00e9gendaires de la ville.<\/span><\/p>\n<p><span style=\"font-weight: 400;\">Votre excursion commence par une prise en charge courtoise \u00e0 votre emplacement d\u00e9sign\u00e9 \u00e0 Lisbonne, en direction de Porto. D\u00e8s votre arriv\u00e9e, l&#8217;expertise locale de votre guide priv\u00e9 devient votre boussole, vous guidant \u00e0 travers les avenues historiques de Porto et au c\u0153ur de son histoire captivante. Bien que nous veillions toujours \u00e0 ce que la visite soit compl\u00e8te, sachez que l&#8217;itin\u00e9raire de la journ\u00e9e reste flexible et permet de prendre en compte tout site ou exp\u00e9rience sp\u00e9cifique que vous souhaiteriez explorer davantage.<\/span><\/p>\n<p><span style=\"font-weight: 400;\">Pour ceux qui recherchent d&#8217;autres exp\u00e9riences \u00e0 partir de Lisbonne ou d&#8217;autres lieux embl\u00e9matiques, Tour Travel and More est fier d&#8217;offrir une gamme vari\u00e9e d&#8217;excursions priv\u00e9es. Nous vous invitons \u00e0 parcourir nos offres, con\u00e7ues pour les voyageurs exigeants tels que vous.<\/span><\/p>\n<h2><b>Excursion priv\u00e9e d&#8217;une journ\u00e9e \u00e0 Porto &#8211; Points d&#8217;int\u00e9r\u00eat et sites touristiques<\/b><\/h2>\n<p><span style=\"font-weight: 400;\">Apr\u00e8s le d\u00e9part de Lisbonne, attendez-vous \u00e0 une route pittoresque culminant dans l&#8217;\u00e9treinte de Porto. Ce joyau du nord, baptis\u00e9 site du patrimoine mondial par l&#8217;UNESCO en 1996, promet une tapisserie historique couvrant plus de deux mill\u00e9naires. En particulier, son nom &#8220;Porto&#8221; trouve ses racines dans l&#8217;antiquit\u00e9 romaine, symbolisant son importance maritime ancienne.<\/span><\/p>\n<h3><span style=\"font-weight: 400;\">Pour organiser votre journ\u00e9e, nous vous recommandons les sites suivants :<\/span><\/h3>\n<ul>\n<li style=\"font-weight: 400;\" aria-level=\"1\"><b>Caf\u00e9 Majestic :<\/b><span style=\"font-weight: 400;\"> entrez dans une \u00e9poque r\u00e9volue et laissez-vous guider par les prouesses litt\u00e9raires de J.K. Rowling, qui fr\u00e9quentait ce caf\u00e9 historique lorsqu&#8217;elle \u00e9crivait la s\u00e9rie embl\u00e9matique Harry Potter.<\/span><\/li>\n<li style=\"font-weight: 400;\" aria-level=\"1\"><b>March\u00e9 de Bolhao : <\/b><span style=\"font-weight: 400;\">\u00c9picentre culinaire et culturel depuis le XIXe si\u00e8cle, ce march\u00e9 incarne l&#8217;esprit vibrant de Porto. Vous y trouverez des produits frais, en particulier la c\u00e9l\u00e8bre morue, qui t\u00e9moigne de l&#8217;h\u00e9ritage maritime du Portugal.<\/span><\/li>\n<li style=\"font-weight: 400;\" aria-level=\"1\"><b>Les havres sacr\u00e9s de Porto :<\/b><span style=\"font-weight: 400;\"> Traversez les couloirs spirituels de Capela das almas, do carmo y dos carmelitas, chacun faisant \u00e9cho aux hymnes des traditions religieuses de Porto.<\/span><\/li>\n<li style=\"font-weight: 400;\" aria-level=\"1\"><b>Miradouro da Vit\u00f3ria : <\/b><span style=\"font-weight: 400;\">Laissez les vues panoramiques de ce point de vue vous raconter les merveilles architecturales de Porto, de l&#8217;effervescente Ribeira \u00e0 la solennelle enceinte de la cath\u00e9drale.<\/span><\/li>\n<li style=\"font-weight: 400;\" aria-level=\"1\"><b>Biblioth\u00e8que de Lello &amp; Irmao :<\/b><span style=\"font-weight: 400;\"> Depuis 1906, cette biblioth\u00e8que fascine les bibliophiles. Reconnue par Lonely Planet comme la troisi\u00e8me plus belle biblioth\u00e8que du monde, son charme reste intact.<\/span><\/li>\n<li style=\"font-weight: 400;\" aria-level=\"1\"><b>Promenade dans la Ribeira :<\/b><span style=\"font-weight: 400;\"> Promenez-vous le long du fleuve Douro, en vous laissant guider par ses chuchotements. Terminez cette promenade par l&#8217;or liquide de Porto, son c\u00e9l\u00e8bre vin.<\/span><\/li>\n<\/ul>\n<p><span style=\"font-weight: 400;\">En fin de journ\u00e9e, savourez les d\u00e9lices culinaires de Porto dans un restaurant local. Ensuite, notre chauffeur d\u00e9vou\u00e9 assure votre retour confortable \u00e0 Lisbonne, concluant ainsi une journ\u00e9e inoubliable.<\/span><\/p>\n<p><span style=\"font-weight: 400;\">Si Porto est un joyau \u00e0 part enti\u00e8re, Lisbonne regorge elle aussi de tr\u00e9sors qui n&#8217;attendent que d&#8217;\u00eatre d\u00e9voil\u00e9s. La riche histoire maritime de la tour de Bel\u00e9m, la splendeur panoramique du ch\u00e2teau de Saint-Georges ou les \u00e9chos anciens de l&#8217;Alfama ne sont que quelques-unes des exp\u00e9riences qui vous attendent dans la capitale. Plongez au c\u0153ur de l&#8217;histoire de Lisbonne et comprenez pourquoi elle se dresse comme un phare du patrimoine europ\u00e9en.<\/span><a href=\"https:\/\/tourtravelandmore.com\/fr\/city\/portugal-fr\/lisbon-fr\/\"><span style=\"font-weight: 400;\">Pour un voyage approfondi \u00e0 travers les avenues de Lisbonne, Tour Travel and More propose une pl\u00e9thore de visites priv\u00e9es con\u00e7ues pour les voyageurs exigeants<\/span><\/a><span style=\"font-weight: 400;\">.<\/span><span style=\"font-weight: 400;\"> Plongez avec nous dans l&#8217;histoire de Lisbonne et comprenez pourquoi cette ville est le symbole de l&#8217;h\u00e9ritage europ\u00e9en.<\/span><\/p>\n","protected":false},"excerpt":{"rendered":"<p><span style=\"font-weight: 400;\">D\u00e9couvrez l&#8217;attrait de Porto lors de cette visite priv\u00e9e d&#8217;une journ\u00e9e au d\u00e9part de Lisbonne. Des caf\u00e9s historiques aux sites de l&#8217;UNESCO, voyagez au c\u0153ur du patrimoine culturel du Portugal avec l&#8217;aide d&#8217;un expert.<\/span><\/p>\n","protected":false},"featured_media":107191,"comment_status":"open","ping_status":"closed","template":"","meta":{"_acf_changed":false},"product_brand":[],"product_cat":[3665],"product_tag":[],"class_list":{"0":"post-107169","1":"product","2":"type-product","3":"status-publish","4":"has-post-thumbnail","6":"product_cat-lisbon-fr","8":"first","9":"instock","10":"shipping-taxable","11":"purchasable","12":"product-type-simple"},"acf":[],"yoast_head":"<!-- This site is optimized with the Yoast SEO Premium plugin v25.3.1 (Yoast SEO v25.3.1) - https:\/\/yoast.com\/wordpress\/plugins\/seo\/ -->\n<title>\u27a1\ufe0f Private Full Day Porto Tour from Lisbon | Tour Travel and More<\/title>\n<meta name=\"description\" content=\"D\u00e9couvrez les sites de l&#039;UNESCO, les caf\u00e9s historiques et les monuments culturels de Porto lors d&#039;une excursion priv\u00e9e d&#039;une journ\u00e9e au d\u00e9part de Lisbonne avec des guides experts. Sur mesure pour les voyageurs exigeants \u2705.\" \/>\n<meta name=\"robots\" content=\"index, follow, max-snippet:-1, max-image-preview:large, max-video-preview:-1\" \/>\n<link rel=\"canonical\" href=\"https:\/\/tourtravelandmore.com\/fr\/tours\/portugal-fr\/lisbon-fr\/visite-privee-des-chevaliers-templiers-de-lisbonne-copy\/\" \/>\n<meta property=\"og:locale\" content=\"fr_FR\" \/>\n<meta property=\"og:type\" content=\"article\" \/>\n<meta property=\"og:title\" content=\"Visite priv\u00e9e d&#039;une journ\u00e9e \u00e0 Porto\" \/>\n<meta property=\"og:description\" content=\"D\u00e9couvrez les sites de l&#039;UNESCO, les caf\u00e9s historiques et les monuments culturels de Porto lors d&#039;une excursion priv\u00e9e d&#039;une journ\u00e9e au d\u00e9part de Lisbonne avec des guides experts. Sur mesure pour les voyageurs exigeants \u2705.\" \/>\n<meta property=\"og:url\" content=\"https:\/\/tourtravelandmore.com\/fr\/tours\/portugal-fr\/lisbon-fr\/visite-privee-des-chevaliers-templiers-de-lisbonne-copy\/\" \/>\n<meta property=\"og:site_name\" content=\"Tour Travel And More\" \/>\n<meta property=\"article:publisher\" content=\"https:\/\/www.facebook.com\/tourtravelandmore\/\" \/>\n<meta property=\"article:modified_time\" content=\"2023-09-29T09:54:56+00:00\" \/>\n<meta property=\"og:image\" content=\"https:\/\/tourtravelandmore.com\/wp-content\/uploads\/2021\/05\/Porto4.jpeg\" \/>\n\t<meta property=\"og:image:width\" content=\"1050\" \/>\n\t<meta property=\"og:image:height\" content=\"700\" \/>\n\t<meta property=\"og:image:type\" content=\"image\/jpeg\" \/>\n<meta name=\"twitter:card\" content=\"summary_large_image\" \/>\n<meta name=\"twitter:site\" content=\"@TourTravel_More\" \/>\n<meta name=\"twitter:label1\" content=\"Dur\u00e9e de lecture estim\u00e9e\" \/>\n\t<meta name=\"twitter:data1\" content=\"3 minutes\" \/>\n<script type=\"application\/ld+json\" class=\"yoast-schema-graph\">{\"@context\":\"https:\/\/schema.org\",\"@graph\":[{\"@type\":\"WebPage\",\"@id\":\"https:\/\/tourtravelandmore.com\/fr\/tours\/portugal-fr\/lisbon-fr\/visite-privee-des-chevaliers-templiers-de-lisbonne-copy\/\",\"url\":\"https:\/\/tourtravelandmore.com\/fr\/tours\/portugal-fr\/lisbon-fr\/visite-privee-des-chevaliers-templiers-de-lisbonne-copy\/\",\"name\":\"\u27a1\ufe0f Private Full Day Porto Tour from Lisbon | Tour Travel and More\",\"isPartOf\":{\"@id\":\"https:\/\/tourtravelandmore.com\/fr\/#website\"},\"primaryImageOfPage\":{\"@id\":\"https:\/\/tourtravelandmore.com\/fr\/tours\/portugal-fr\/lisbon-fr\/visite-privee-des-chevaliers-templiers-de-lisbonne-copy\/#primaryimage\"},\"image\":{\"@id\":\"https:\/\/tourtravelandmore.com\/fr\/tours\/portugal-fr\/lisbon-fr\/visite-privee-des-chevaliers-templiers-de-lisbonne-copy\/#primaryimage\"},\"thumbnailUrl\":\"https:\/\/tourtravelandmore.com\/wp-content\/uploads\/2021\/05\/Porto4.jpeg\",\"datePublished\":\"2021-05-20T08:53:37+00:00\",\"dateModified\":\"2023-09-29T09:54:56+00:00\",\"description\":\"D\u00e9couvrez les sites de l'UNESCO, les caf\u00e9s historiques et les monuments culturels de Porto lors d'une excursion priv\u00e9e d'une journ\u00e9e au d\u00e9part de Lisbonne avec des guides experts. Sur mesure pour les voyageurs exigeants \u2705.\",\"breadcrumb\":{\"@id\":\"https:\/\/tourtravelandmore.com\/fr\/tours\/portugal-fr\/lisbon-fr\/visite-privee-des-chevaliers-templiers-de-lisbonne-copy\/#breadcrumb\"},\"inLanguage\":\"fr-FR\",\"potentialAction\":[{\"@type\":\"ReadAction\",\"target\":[\"https:\/\/tourtravelandmore.com\/fr\/tours\/portugal-fr\/lisbon-fr\/visite-privee-des-chevaliers-templiers-de-lisbonne-copy\/\"]}]},{\"@type\":\"ImageObject\",\"inLanguage\":\"fr-FR\",\"@id\":\"https:\/\/tourtravelandmore.com\/fr\/tours\/portugal-fr\/lisbon-fr\/visite-privee-des-chevaliers-templiers-de-lisbonne-copy\/#primaryimage\",\"url\":\"https:\/\/tourtravelandmore.com\/wp-content\/uploads\/2021\/05\/Porto4.jpeg\",\"contentUrl\":\"https:\/\/tourtravelandmore.com\/wp-content\/uploads\/2021\/05\/Porto4.jpeg\",\"width\":1050,\"height\":700},{\"@type\":\"BreadcrumbList\",\"@id\":\"https:\/\/tourtravelandmore.com\/fr\/tours\/portugal-fr\/lisbon-fr\/visite-privee-des-chevaliers-templiers-de-lisbonne-copy\/#breadcrumb\",\"itemListElement\":[{\"@type\":\"ListItem\",\"position\":1,\"name\":\"Home\",\"item\":\"https:\/\/tourtravelandmore.com\/fr\/\"},{\"@type\":\"ListItem\",\"position\":2,\"name\":\"Tours\",\"item\":\"https:\/\/tourtravelandmore.com\/fr\/tours\/\"},{\"@type\":\"ListItem\",\"position\":3,\"name\":\"Visite priv\u00e9e d&rsquo;une journ\u00e9e \u00e0 Porto\"}]},{\"@type\":\"WebSite\",\"@id\":\"https:\/\/tourtravelandmore.com\/fr\/#website\",\"url\":\"https:\/\/tourtravelandmore.com\/fr\/\",\"name\":\"Tour Travel And More\",\"description\":\"Private sightseeing tours and luxury transfers in Spain\",\"publisher\":{\"@id\":\"https:\/\/tourtravelandmore.com\/fr\/#organization\"},\"potentialAction\":[{\"@type\":\"SearchAction\",\"target\":{\"@type\":\"EntryPoint\",\"urlTemplate\":\"https:\/\/tourtravelandmore.com\/fr\/?s={search_term_string}\"},\"query-input\":{\"@type\":\"PropertyValueSpecification\",\"valueRequired\":true,\"valueName\":\"search_term_string\"}}],\"inLanguage\":\"fr-FR\"},{\"@type\":\"Organization\",\"@id\":\"https:\/\/tourtravelandmore.com\/fr\/#organization\",\"name\":\"Tour Travel And More\",\"url\":\"https:\/\/tourtravelandmore.com\/fr\/\",\"logo\":{\"@type\":\"ImageObject\",\"inLanguage\":\"fr-FR\",\"@id\":\"https:\/\/tourtravelandmore.com\/fr\/#\/schema\/logo\/image\/\",\"url\":\"https:\/\/tourtravelandmore.com\/wp-content\/uploads\/2022\/12\/cropped-logo-cabecera-new.png\",\"contentUrl\":\"https:\/\/tourtravelandmore.com\/wp-content\/uploads\/2022\/12\/cropped-logo-cabecera-new.png\",\"width\":430,\"height\":61,\"caption\":\"Tour Travel And More\"},\"image\":{\"@id\":\"https:\/\/tourtravelandmore.com\/fr\/#\/schema\/logo\/image\/\"},\"sameAs\":[\"https:\/\/www.facebook.com\/tourtravelandmore\/\",\"https:\/\/x.com\/TourTravel_More\"]}]}<\/script>\n<!-- \/ Yoast SEO Premium plugin. -->","yoast_head_json":{"title":"\u27a1\ufe0f Private Full Day Porto Tour from Lisbon | Tour Travel and More","description":"D\u00e9couvrez les sites de l'UNESCO, les caf\u00e9s historiques et les monuments culturels de Porto lors d'une excursion priv\u00e9e d'une journ\u00e9e au d\u00e9part de Lisbonne avec des guides experts. Sur mesure pour les voyageurs exigeants \u2705.","robots":{"index":"index","follow":"follow","max-snippet":"max-snippet:-1","max-image-preview":"max-image-preview:large","max-video-preview":"max-video-preview:-1"},"canonical":"https:\/\/tourtravelandmore.com\/fr\/tours\/portugal-fr\/lisbon-fr\/visite-privee-des-chevaliers-templiers-de-lisbonne-copy\/","og_locale":"fr_FR","og_type":"article","og_title":"Visite priv\u00e9e d'une journ\u00e9e \u00e0 Porto","og_description":"D\u00e9couvrez les sites de l'UNESCO, les caf\u00e9s historiques et les monuments culturels de Porto lors d'une excursion priv\u00e9e d'une journ\u00e9e au d\u00e9part de Lisbonne avec des guides experts. Sur mesure pour les voyageurs exigeants \u2705.","og_url":"https:\/\/tourtravelandmore.com\/fr\/tours\/portugal-fr\/lisbon-fr\/visite-privee-des-chevaliers-templiers-de-lisbonne-copy\/","og_site_name":"Tour Travel And More","article_publisher":"https:\/\/www.facebook.com\/tourtravelandmore\/","article_modified_time":"2023-09-29T09:54:56+00:00","og_image":[{"width":1050,"height":700,"url":"https:\/\/tourtravelandmore.com\/wp-content\/uploads\/2021\/05\/Porto4.jpeg","type":"image\/jpeg"}],"twitter_card":"summary_large_image","twitter_site":"@TourTravel_More","twitter_misc":{"Dur\u00e9e de lecture estim\u00e9e":"3 minutes"},"schema":{"@context":"https:\/\/schema.org","@graph":[{"@type":"WebPage","@id":"https:\/\/tourtravelandmore.com\/fr\/tours\/portugal-fr\/lisbon-fr\/visite-privee-des-chevaliers-templiers-de-lisbonne-copy\/","url":"https:\/\/tourtravelandmore.com\/fr\/tours\/portugal-fr\/lisbon-fr\/visite-privee-des-chevaliers-templiers-de-lisbonne-copy\/","name":"\u27a1\ufe0f Private Full Day Porto Tour from Lisbon | Tour Travel and More","isPartOf":{"@id":"https:\/\/tourtravelandmore.com\/fr\/#website"},"primaryImageOfPage":{"@id":"https:\/\/tourtravelandmore.com\/fr\/tours\/portugal-fr\/lisbon-fr\/visite-privee-des-chevaliers-templiers-de-lisbonne-copy\/#primaryimage"},"image":{"@id":"https:\/\/tourtravelandmore.com\/fr\/tours\/portugal-fr\/lisbon-fr\/visite-privee-des-chevaliers-templiers-de-lisbonne-copy\/#primaryimage"},"thumbnailUrl":"https:\/\/tourtravelandmore.com\/wp-content\/uploads\/2021\/05\/Porto4.jpeg","datePublished":"2021-05-20T08:53:37+00:00","dateModified":"2023-09-29T09:54:56+00:00","description":"D\u00e9couvrez les sites de l'UNESCO, les caf\u00e9s historiques et les monuments culturels de Porto lors d'une excursion priv\u00e9e d'une journ\u00e9e au d\u00e9part de Lisbonne avec des guides experts. Sur mesure pour les voyageurs exigeants \u2705.","breadcrumb":{"@id":"https:\/\/tourtravelandmore.com\/fr\/tours\/portugal-fr\/lisbon-fr\/visite-privee-des-chevaliers-templiers-de-lisbonne-copy\/#breadcrumb"},"inLanguage":"fr-FR","potentialAction":[{"@type":"ReadAction","target":["https:\/\/tourtravelandmore.com\/fr\/tours\/portugal-fr\/lisbon-fr\/visite-privee-des-chevaliers-templiers-de-lisbonne-copy\/"]}]},{"@type":"ImageObject","inLanguage":"fr-FR","@id":"https:\/\/tourtravelandmore.com\/fr\/tours\/portugal-fr\/lisbon-fr\/visite-privee-des-chevaliers-templiers-de-lisbonne-copy\/#primaryimage","url":"https:\/\/tourtravelandmore.com\/wp-content\/uploads\/2021\/05\/Porto4.jpeg","contentUrl":"https:\/\/tourtravelandmore.com\/wp-content\/uploads\/2021\/05\/Porto4.jpeg","width":1050,"height":700},{"@type":"BreadcrumbList","@id":"https:\/\/tourtravelandmore.com\/fr\/tours\/portugal-fr\/lisbon-fr\/visite-privee-des-chevaliers-templiers-de-lisbonne-copy\/#breadcrumb","itemListElement":[{"@type":"ListItem","position":1,"name":"Home","item":"https:\/\/tourtravelandmore.com\/fr\/"},{"@type":"ListItem","position":2,"name":"Tours","item":"https:\/\/tourtravelandmore.com\/fr\/tours\/"},{"@type":"ListItem","position":3,"name":"Visite priv\u00e9e d&rsquo;une journ\u00e9e \u00e0 Porto"}]},{"@type":"WebSite","@id":"https:\/\/tourtravelandmore.com\/fr\/#website","url":"https:\/\/tourtravelandmore.com\/fr\/","name":"Tour Travel And More","description":"Private sightseeing tours and luxury transfers in Spain","publisher":{"@id":"https:\/\/tourtravelandmore.com\/fr\/#organization"},"potentialAction":[{"@type":"SearchAction","target":{"@type":"EntryPoint","urlTemplate":"https:\/\/tourtravelandmore.com\/fr\/?s={search_term_string}"},"query-input":{"@type":"PropertyValueSpecification","valueRequired":true,"valueName":"search_term_string"}}],"inLanguage":"fr-FR"},{"@type":"Organization","@id":"https:\/\/tourtravelandmore.com\/fr\/#organization","name":"Tour Travel And More","url":"https:\/\/tourtravelandmore.com\/fr\/","logo":{"@type":"ImageObject","inLanguage":"fr-FR","@id":"https:\/\/tourtravelandmore.com\/fr\/#\/schema\/logo\/image\/","url":"https:\/\/tourtravelandmore.com\/wp-content\/uploads\/2022\/12\/cropped-logo-cabecera-new.png","contentUrl":"https:\/\/tourtravelandmore.com\/wp-content\/uploads\/2022\/12\/cropped-logo-cabecera-new.png","width":430,"height":61,"caption":"Tour Travel And More"},"image":{"@id":"https:\/\/tourtravelandmore.com\/fr\/#\/schema\/logo\/image\/"},"sameAs":["https:\/\/www.facebook.com\/tourtravelandmore\/","https:\/\/x.com\/TourTravel_More"]}]}},"_links":{"self":[{"href":"https:\/\/tourtravelandmore.com\/fr\/wp-json\/wp\/v2\/product\/107169","targetHints":{"allow":["GET"]}}],"collection":[{"href":"https:\/\/tourtravelandmore.com\/fr\/wp-json\/wp\/v2\/product"}],"about":[{"href":"https:\/\/tourtravelandmore.com\/fr\/wp-json\/wp\/v2\/types\/product"}],"replies":[{"embeddable":true,"href":"https:\/\/tourtravelandmore.com\/fr\/wp-json\/wp\/v2\/comments?post=107169"}],"wp:featuredmedia":[{"embeddable":true,"href":"https:\/\/tourtravelandmore.com\/fr\/wp-json\/wp\/v2\/media\/107191"}],"wp:attachment":[{"href":"https:\/\/tourtravelandmore.com\/fr\/wp-json\/wp\/v2\/media?parent=107169"}],"wp:term":[{"taxonomy":"product_brand","embeddable":true,"href":"https:\/\/tourtravelandmore.com\/fr\/wp-json\/wp\/v2\/product_brand?post=107169"},{"taxonomy":"product_cat","embeddable":true,"href":"https:\/\/tourtravelandmore.com\/fr\/wp-json\/wp\/v2\/product_cat?post=107169"},{"taxonomy":"product_tag","embeddable":true,"href":"https:\/\/tourtravelandmore.com\/fr\/wp-json\/wp\/v2\/product_tag?post=107169"}],"curies":[{"name":"wp","href":"https:\/\/api.w.org\/{rel}","templated":true}]}}