{"id":107141,"date":"2021-05-20T09:11:33","date_gmt":"2021-05-20T07:11:45","guid":{"rendered":"https:\/\/tourtravelandmore.com\/?post_type=product&#038;p=107141"},"modified":"2022-10-24T04:50:27","modified_gmt":"2022-10-24T02:50:27","slug":"visite-privee-dune-journee-complete-a-albi-depuis-toulouse","status":"publish","type":"product","link":"https:\/\/tourtravelandmore.com\/fr\/tours\/france-fr\/toulouse-fr\/visite-privee-dune-journee-complete-a-albi-depuis-toulouse\/","title":{"rendered":"Visite priv\u00e9e d&#8217;une journ\u00e9e compl\u00e8te \u00e0 Albi depuis Toulouse"},"content":{"rendered":"<h2><b>Description de l&#8217;excursion priv\u00e9e d&#8217;une journ\u00e9e \u00e0 Albi au d\u00e9part de Toulouse<\/b><\/h2>\n<p><span style=\"font-weight: 400;\">Ne manquez pas cette opportunit\u00e9 : r\u00e9servez une visite priv\u00e9e sans stress d&#8217;Albi au d\u00e9part de Toulouse et d\u00e9couvrez le meilleur de votre environnement dans la r\u00e9gion. L&#8217;exploration des villages historiques et des \u00e9glises m\u00e9di\u00e9vales est une excellente fa\u00e7on de passer un week-end, surtout lorsqu&#8217;elle inclut la cath\u00e9drale Sainte-C\u00e9cile, class\u00e9e au patrimoine mondial de l&#8217;UNESCO.<\/span><\/p>\n<p><span style=\"font-weight: 400;\">Si vous visitez Toulouse, nous vous conseillons de passer la journ\u00e9e \u00e0 Albi pour cette visite. Vous pourrez explorer les villages m\u00e9di\u00e9vaux, ainsi qu&#8217;apprendre leurs aspects culturels et leur histoire avec votre guide priv\u00e9. Ce sera une exp\u00e9rience tout \u00e0 fait confortable avec votre chauffeur priv\u00e9 et s\u00e9par\u00e9 dans un v\u00e9hicule de luxe.<\/span><\/p>\n<p><span style=\"font-weight: 400;\">Vous serez pris en charge \u00e0 votre h\u00f4tel et guid\u00e9 pour d\u00e9couvrir Albi et Cordes sur Ciel. Laissez votre guide professionnel vous montrer le meilleur de ce qu&#8217;Albi et Cordes sur Ciel ont \u00e0 offrir.<\/span><\/p>\n<h3><b>Points forts de l&#8217;excursion priv\u00e9e d&#8217;une journ\u00e9e \u00e0 Albi au d\u00e9part de Toulouse<\/b><\/h3>\n<p><span style=\"font-weight: 400;\">Profitez de cette exp\u00e9rience totalement priv\u00e9e avec votre guide officiel priv\u00e9 et confortable dans votre v\u00e9hicule de luxe avec chauffeur ind\u00e9pendant.<\/span><\/p>\n<p><span style=\"font-weight: 400;\">Entre autres monuments et sites, vous verrez :<\/span><\/p>\n<h3><b>Cath\u00e9drale d&#8217;Albi<\/b><\/h3>\n<p><span style=\"font-weight: 400;\">La cath\u00e9drale d&#8217;Albi est une cath\u00e9drale catholique romaine situ\u00e9e \u00e0 Albi, en France. Elle est le si\u00e8ge de l&#8217;archev\u00eaque d&#8217;Albi et est connue pour son architecture romane et gothique.<\/span><\/p>\n<p><span style=\"font-weight: 400;\">La nef mesure environ 42 m\u00e8tres de haut, ce qui en fait l&#8217;une des plus hautes cath\u00e9drales de France. Le clo\u00eetre a une superficie d&#8217;environ 6500 m\u00e8tres carr\u00e9s, et est entour\u00e9 d&#8217;un mur avec deux portes de chaque c\u00f4t\u00e9. Les parties les plus c\u00e9l\u00e8bres sont les trois vitraux cr\u00e9\u00e9s par Jean Chastel entre 1347 et 1352, qui comptent parmi les vitraux m\u00e9di\u00e9vaux les mieux conserv\u00e9s d&#8217;Europe.<\/span><\/p>\n<h3><b>Vue de l&#8217;ext\u00e9rieur du Mus\u00e9e Toulouse-Lautrec<\/b><\/h3>\n<p><span style=\"font-weight: 400;\">La vue ext\u00e9rieure du mus\u00e9e Toulouse-Lautrec est c\u00e9l\u00e8bre pour \u00eatre un bel exemple d&#8217;architecture Art nouveau.<\/span><\/p>\n<p><span style=\"font-weight: 400;\">Le mus\u00e9e a \u00e9t\u00e9 construit en 1908 et l&#8217;architecte qui l&#8217;a con\u00e7u \u00e9tait Louis-Charles Boileau. Il avait un flair pour le style Art nouveau et l&#8217;a utilis\u00e9 pour concevoir de nombreux b\u00e2timents \u00e0 Paris. Il a \u00e9galement con\u00e7u d&#8217;autres b\u00e2timents c\u00e9l\u00e8bres, tels que le Grand Palais et le Palais de Tokyo. Le mus\u00e9e lui-m\u00eame poss\u00e8de une cour ouverte avec une fontaine devant, ce qui en fait une vue esth\u00e9tiquement agr\u00e9able de loin.<\/span><\/p>\n<h3><b>Jardins de Berbie<\/b><\/h3>\n<p><span style=\"font-weight: 400;\">Les jardins de la Berbie \u00e0 Albi sont c\u00e9l\u00e8bres pour leur forme unique. Ils ont \u00e9t\u00e9 con\u00e7us par l&#8217;architecte paysagiste fran\u00e7ais Jean-Claude Nicolas Forestier et ont \u00e9t\u00e9 construits en 1885.<\/span><\/p>\n<p><span style=\"font-weight: 400;\">Les jardins de la Berbie sont c\u00e9l\u00e8bres pour \u00eatre le seul jardin en forme d&#8217;\u00e9toile au monde.<\/span><\/p>\n<h3><b>Pont Vieux<\/b><\/h3>\n<p><span style=\"font-weight: 400;\">Le Pont Vieux \u00e0 Albi est c\u00e9l\u00e8bre pour sa beaut\u00e9 et son histoire. Construit \u00e0 l&#8217;origine en 1198, il est le plus ancien pont de France, avec un total de 1 500 ans d&#8217;histoire.<\/span><\/p>\n<p><span style=\"font-weight: 400;\">Le Pont Vieux est le plus ancien pont de France et existe depuis plus d&#8217;un mill\u00e9naire. Elle a \u00e9t\u00e9 construite en 1198, \u00e0 une \u00e9poque o\u00f9 les gens utilisaient encore les chiffres romains pour compter. Tout au long de sa longue histoire, elle a servi de point de passage pour les \u00e9changes, le commerce et m\u00eame les invasions militaires.<\/span><\/p>\n<h3><b>Centre historique de la ville<\/b><\/h3>\n<p><span style=\"font-weight: 400;\">Le centre historique d&#8217;Albi est l&#8217;un des quartiers les plus int\u00e9ressants de la ville.<\/span><\/p>\n<p><span style=\"font-weight: 400;\">Il est situ\u00e9 au c\u0153ur de la ville et est class\u00e9 au patrimoine mondial de l&#8217;UNESCO.<\/span><\/p>\n<p><span style=\"font-weight: 400;\">Le centre historique d&#8217;Albi a \u00e9t\u00e9 construit sur le site d&#8217;une colonie romaine du IIe si\u00e8cle avant J.-C., qui \u00e9tait connue sous le nom d&#8217;Albiga Julia. Cette zone historique compte de nombreux b\u00e2timents et sites datant de l&#8217;\u00e9poque m\u00e9di\u00e9vale. Le b\u00e2timent le plus c\u00e9l\u00e8bre de cette partie de la ville est la cath\u00e9drale Sainte-C\u00e9cile, qui a \u00e9t\u00e9 construite en 1270 apr\u00e8s J.-C. et abrite de nombreux objets de l&#8217;\u00e9poque m\u00e9di\u00e9vale.<\/span><\/p>\n<h3><b>Coll\u00e9giale Saint &#8211; Salvi<\/b><\/h3>\n<p><span style=\"font-weight: 400;\">La Coll\u00e9giale Saint-Salvi d&#8217;Albi est un \u00e9tablissement d&#8217;enseignement secondaire catholique fran\u00e7ais situ\u00e9 dans le centre d&#8217;Albi, en France. La Coll\u00e9giale Saint-Salvi in albi a \u00e9t\u00e9 fond\u00e9e en 1869 par les P\u00e8res J\u00e9suites.<\/span><\/p>\n<h3><b>Rivi\u00e8re Tarn<\/b><\/h3>\n<p><span style=\"font-weight: 400;\">La rivi\u00e8re Tarn \u00e0 Albi est c\u00e9l\u00e8bre car c&#8217;est la seule rivi\u00e8re d&#8217;Europe qui coule vers le nord.<\/span><\/p>\n<p><span style=\"font-weight: 400;\">Centre d&#8217;Art de Lait<\/span><\/p>\n<p><span style=\"font-weight: 400;\">Le Centre d&#8217;Art de Lait est un mus\u00e9e d&#8217;art contemporain situ\u00e9 \u00e0 Albi, en France. Il a \u00e9t\u00e9 cr\u00e9\u00e9 en 2001 par l&#8217;artiste Pierre Soulages, qui a fait don de sa collection de peintures et de sculptures \u00e0 la ville. Il poss\u00e8de une collection permanente de plus de 130 \u0153uvres d&#8217;artistes tels que Pablo Picasso, Henri Matisse et Pierre Soulages lui-m\u00eame. Le mus\u00e9e accueille \u00e9galement des expositions temporaires sur des th\u00e8mes vari\u00e9s.<\/span><\/p>\n<h3><b>H\u00f4tel De Reynes<\/b><\/h3>\n<p><span style=\"font-weight: 400;\">L&#8217;h\u00f4tel De Reynes \u00e0 Albi est c\u00e9l\u00e8bre pour son histoire. Il a \u00e9t\u00e9 construit au 14\u00e8me si\u00e8cle et a un lien fort avec Jeanne d&#8217;Arc.<\/span><\/p>\n<p><span style=\"font-weight: 400;\">En 1429, l&#8217;h\u00f4tel est achet\u00e9 par Jacques de Reynes, qui avait \u00e9t\u00e9 \u00e9cuyer de Charles VII. Son fils Pierre devient propri\u00e9taire en 1476 et sert comme lieutenant dans l&#8217;\u00e9tat-major de Jeanne d&#8217;Arc pendant ses campagnes contre les Anglais. Le fils de Pierre, Jacques II, h\u00e9rite de l&#8217;h\u00f4tel de son p\u00e8re et devient l&#8217;un de ses commandants lors de sa campagne contre Paris.<\/span><\/p>\n<h3><b>La Maison du Vieil Alby<\/b><\/h3>\n<p><span style=\"font-weight: 400;\">La Maison du Vieil Alby \u00e0 Albi, en France, est un mus\u00e9e qui a \u00e9t\u00e9 ouvert en 1992 par les descendants de l&#8217;artiste. La maison est situ\u00e9e dans un quartier m\u00e9di\u00e9val et a \u00e9t\u00e9 construite entre 1885 et 1890.<\/span><\/p>\n<p><span style=\"font-weight: 400;\">La maison est c\u00e9l\u00e8bre pour sa belle architecture, qui refl\u00e8te le style de la fin du XIXe si\u00e8cle. Il est \u00e9galement c\u00e9l\u00e8bre pour \u00eatre l&#8217;un des mus\u00e9es les plus visit\u00e9s de France.<\/span><\/p>\n<p><span style=\"font-weight: 400;\">Vous aurez du temps libre pour d\u00e9jeuner avant que nous vous ramenions \u00e0 Toulouse dans votre v\u00e9hicule priv\u00e9. Contactez-nous pour personnaliser et modifier l&#8217;itin\u00e9raire priv\u00e9 en fonction de vos propres besoins.<\/span><\/p>\n<p><a href=\"https:\/\/tourtravelandmore.com\/fr\/city\/france-fr\/toulouse-fr\/\"><span style=\"font-weight: 400;\">Voir ici toutes nos visites priv\u00e9es et exp\u00e9riences \u00e0 Toulouse.<\/span><\/a><\/p>\n","protected":false},"excerpt":{"rendered":"<p><span style=\"font-weight: 400;\">Albi est une ancienne ville romaine situ\u00e9e dans le sud de la France. Il est situ\u00e9 sur la rivi\u00e8re Tarn, pr\u00e8s des contreforts des Pyr\u00e9n\u00e9es. Autrefois ville florissante et foyer de nombreux artistes, dont plusieurs sculpteurs de renom, la journ\u00e9e est encadr\u00e9e par un guide priv\u00e9, qui vous emm\u00e8nera dans la ville historique d&#8217;Albi.<\/span><\/p>\n","protected":false},"featured_media":107161,"comment_status":"open","ping_status":"closed","template":"","meta":{"_acf_changed":false},"product_brand":[],"product_cat":[3540,3628],"product_tag":[],"class_list":{"0":"post-107141","1":"product","2":"type-product","3":"status-publish","4":"has-post-thumbnail","6":"product_cat-france-fr","7":"product_cat-toulouse-fr","9":"first","10":"instock","11":"shipping-taxable","12":"purchasable","13":"product-type-simple"},"acf":[],"yoast_head":"<!-- This site is optimized with the Yoast SEO Premium plugin v25.3.1 (Yoast SEO v25.3.1) - https:\/\/yoast.com\/wordpress\/plugins\/seo\/ -->\n<title>\u27a1\ufe0f Journ\u00e9e compl\u00e8te de visite priv\u00e9e \u00e0 Albi depuis Toulouse | Tour Travel &amp; More<\/title>\n<meta name=\"description\" content=\"R\u00e9servez d\u00e8s maintenant cette excursion priv\u00e9e d&#039;une journ\u00e9e compl\u00e8te \u00e0 Albi depuis Toulouse, ce sera une exp\u00e9rience luxueuse et inoubliable \u2705.\" \/>\n<meta name=\"robots\" content=\"index, follow, max-snippet:-1, max-image-preview:large, max-video-preview:-1\" \/>\n<link rel=\"canonical\" href=\"https:\/\/tourtravelandmore.com\/fr\/tours\/france-fr\/toulouse-fr\/visite-privee-dune-journee-complete-a-albi-depuis-toulouse\/\" \/>\n<meta property=\"og:locale\" content=\"fr_FR\" \/>\n<meta property=\"og:type\" content=\"article\" \/>\n<meta property=\"og:title\" content=\"Visite priv\u00e9e d&#039;une journ\u00e9e compl\u00e8te \u00e0 Albi depuis Toulouse\" \/>\n<meta property=\"og:description\" content=\"R\u00e9servez d\u00e8s maintenant cette excursion priv\u00e9e d&#039;une journ\u00e9e compl\u00e8te \u00e0 Albi depuis Toulouse, ce sera une exp\u00e9rience luxueuse et inoubliable \u2705.\" \/>\n<meta property=\"og:url\" content=\"https:\/\/tourtravelandmore.com\/fr\/tours\/france-fr\/toulouse-fr\/visite-privee-dune-journee-complete-a-albi-depuis-toulouse\/\" \/>\n<meta property=\"og:site_name\" content=\"Tour Travel And More\" \/>\n<meta property=\"article:publisher\" content=\"https:\/\/www.facebook.com\/tourtravelandmore\/\" \/>\n<meta property=\"article:modified_time\" content=\"2022-10-24T02:50:27+00:00\" \/>\n<meta property=\"og:image\" content=\"https:\/\/tourtravelandmore.com\/wp-content\/uploads\/2021\/05\/albi4.jpeg\" \/>\n\t<meta property=\"og:image:width\" content=\"728\" \/>\n\t<meta property=\"og:image:height\" content=\"455\" \/>\n\t<meta property=\"og:image:type\" content=\"image\/jpeg\" \/>\n<meta name=\"twitter:card\" content=\"summary_large_image\" \/>\n<meta name=\"twitter:site\" content=\"@TourTravel_More\" \/>\n<meta name=\"twitter:label1\" content=\"Dur\u00e9e de lecture estim\u00e9e\" \/>\n\t<meta name=\"twitter:data1\" content=\"5 minutes\" \/>\n<script type=\"application\/ld+json\" class=\"yoast-schema-graph\">{\"@context\":\"https:\/\/schema.org\",\"@graph\":[{\"@type\":\"WebPage\",\"@id\":\"https:\/\/tourtravelandmore.com\/fr\/tours\/france-fr\/toulouse-fr\/visite-privee-dune-journee-complete-a-albi-depuis-toulouse\/\",\"url\":\"https:\/\/tourtravelandmore.com\/fr\/tours\/france-fr\/toulouse-fr\/visite-privee-dune-journee-complete-a-albi-depuis-toulouse\/\",\"name\":\"\u27a1\ufe0f Journ\u00e9e compl\u00e8te de visite priv\u00e9e \u00e0 Albi depuis Toulouse | Tour Travel & More\",\"isPartOf\":{\"@id\":\"https:\/\/tourtravelandmore.com\/fr\/#website\"},\"primaryImageOfPage\":{\"@id\":\"https:\/\/tourtravelandmore.com\/fr\/tours\/france-fr\/toulouse-fr\/visite-privee-dune-journee-complete-a-albi-depuis-toulouse\/#primaryimage\"},\"image\":{\"@id\":\"https:\/\/tourtravelandmore.com\/fr\/tours\/france-fr\/toulouse-fr\/visite-privee-dune-journee-complete-a-albi-depuis-toulouse\/#primaryimage\"},\"thumbnailUrl\":\"https:\/\/tourtravelandmore.com\/wp-content\/uploads\/2021\/05\/albi4.jpeg\",\"datePublished\":\"2021-05-20T07:11:45+00:00\",\"dateModified\":\"2022-10-24T02:50:27+00:00\",\"description\":\"R\u00e9servez d\u00e8s maintenant cette excursion priv\u00e9e d'une journ\u00e9e compl\u00e8te \u00e0 Albi depuis Toulouse, ce sera une exp\u00e9rience luxueuse et inoubliable \u2705.\",\"breadcrumb\":{\"@id\":\"https:\/\/tourtravelandmore.com\/fr\/tours\/france-fr\/toulouse-fr\/visite-privee-dune-journee-complete-a-albi-depuis-toulouse\/#breadcrumb\"},\"inLanguage\":\"fr-FR\",\"potentialAction\":[{\"@type\":\"ReadAction\",\"target\":[\"https:\/\/tourtravelandmore.com\/fr\/tours\/france-fr\/toulouse-fr\/visite-privee-dune-journee-complete-a-albi-depuis-toulouse\/\"]}]},{\"@type\":\"ImageObject\",\"inLanguage\":\"fr-FR\",\"@id\":\"https:\/\/tourtravelandmore.com\/fr\/tours\/france-fr\/toulouse-fr\/visite-privee-dune-journee-complete-a-albi-depuis-toulouse\/#primaryimage\",\"url\":\"https:\/\/tourtravelandmore.com\/wp-content\/uploads\/2021\/05\/albi4.jpeg\",\"contentUrl\":\"https:\/\/tourtravelandmore.com\/wp-content\/uploads\/2021\/05\/albi4.jpeg\",\"width\":728,\"height\":455},{\"@type\":\"BreadcrumbList\",\"@id\":\"https:\/\/tourtravelandmore.com\/fr\/tours\/france-fr\/toulouse-fr\/visite-privee-dune-journee-complete-a-albi-depuis-toulouse\/#breadcrumb\",\"itemListElement\":[{\"@type\":\"ListItem\",\"position\":1,\"name\":\"Home\",\"item\":\"https:\/\/tourtravelandmore.com\/fr\/\"},{\"@type\":\"ListItem\",\"position\":2,\"name\":\"Tours\",\"item\":\"https:\/\/tourtravelandmore.com\/fr\/tours\/\"},{\"@type\":\"ListItem\",\"position\":3,\"name\":\"Visite priv\u00e9e d&rsquo;une journ\u00e9e compl\u00e8te \u00e0 Albi depuis Toulouse\"}]},{\"@type\":\"WebSite\",\"@id\":\"https:\/\/tourtravelandmore.com\/fr\/#website\",\"url\":\"https:\/\/tourtravelandmore.com\/fr\/\",\"name\":\"Tour Travel And More\",\"description\":\"Private sightseeing tours and luxury transfers in Spain\",\"publisher\":{\"@id\":\"https:\/\/tourtravelandmore.com\/fr\/#organization\"},\"potentialAction\":[{\"@type\":\"SearchAction\",\"target\":{\"@type\":\"EntryPoint\",\"urlTemplate\":\"https:\/\/tourtravelandmore.com\/fr\/?s={search_term_string}\"},\"query-input\":{\"@type\":\"PropertyValueSpecification\",\"valueRequired\":true,\"valueName\":\"search_term_string\"}}],\"inLanguage\":\"fr-FR\"},{\"@type\":\"Organization\",\"@id\":\"https:\/\/tourtravelandmore.com\/fr\/#organization\",\"name\":\"Tour Travel And More\",\"url\":\"https:\/\/tourtravelandmore.com\/fr\/\",\"logo\":{\"@type\":\"ImageObject\",\"inLanguage\":\"fr-FR\",\"@id\":\"https:\/\/tourtravelandmore.com\/fr\/#\/schema\/logo\/image\/\",\"url\":\"https:\/\/tourtravelandmore.com\/wp-content\/uploads\/2022\/12\/cropped-logo-cabecera-new.png\",\"contentUrl\":\"https:\/\/tourtravelandmore.com\/wp-content\/uploads\/2022\/12\/cropped-logo-cabecera-new.png\",\"width\":430,\"height\":61,\"caption\":\"Tour Travel And More\"},\"image\":{\"@id\":\"https:\/\/tourtravelandmore.com\/fr\/#\/schema\/logo\/image\/\"},\"sameAs\":[\"https:\/\/www.facebook.com\/tourtravelandmore\/\",\"https:\/\/x.com\/TourTravel_More\"]}]}<\/script>\n<!-- \/ Yoast SEO Premium plugin. -->","yoast_head_json":{"title":"\u27a1\ufe0f Journ\u00e9e compl\u00e8te de visite priv\u00e9e \u00e0 Albi depuis Toulouse | Tour Travel & More","description":"R\u00e9servez d\u00e8s maintenant cette excursion priv\u00e9e d'une journ\u00e9e compl\u00e8te \u00e0 Albi depuis Toulouse, ce sera une exp\u00e9rience luxueuse et inoubliable \u2705.","robots":{"index":"index","follow":"follow","max-snippet":"max-snippet:-1","max-image-preview":"max-image-preview:large","max-video-preview":"max-video-preview:-1"},"canonical":"https:\/\/tourtravelandmore.com\/fr\/tours\/france-fr\/toulouse-fr\/visite-privee-dune-journee-complete-a-albi-depuis-toulouse\/","og_locale":"fr_FR","og_type":"article","og_title":"Visite priv\u00e9e d'une journ\u00e9e compl\u00e8te \u00e0 Albi depuis Toulouse","og_description":"R\u00e9servez d\u00e8s maintenant cette excursion priv\u00e9e d'une journ\u00e9e compl\u00e8te \u00e0 Albi depuis Toulouse, ce sera une exp\u00e9rience luxueuse et inoubliable \u2705.","og_url":"https:\/\/tourtravelandmore.com\/fr\/tours\/france-fr\/toulouse-fr\/visite-privee-dune-journee-complete-a-albi-depuis-toulouse\/","og_site_name":"Tour Travel And More","article_publisher":"https:\/\/www.facebook.com\/tourtravelandmore\/","article_modified_time":"2022-10-24T02:50:27+00:00","og_image":[{"width":728,"height":455,"url":"https:\/\/tourtravelandmore.com\/wp-content\/uploads\/2021\/05\/albi4.jpeg","type":"image\/jpeg"}],"twitter_card":"summary_large_image","twitter_site":"@TourTravel_More","twitter_misc":{"Dur\u00e9e de lecture estim\u00e9e":"5 minutes"},"schema":{"@context":"https:\/\/schema.org","@graph":[{"@type":"WebPage","@id":"https:\/\/tourtravelandmore.com\/fr\/tours\/france-fr\/toulouse-fr\/visite-privee-dune-journee-complete-a-albi-depuis-toulouse\/","url":"https:\/\/tourtravelandmore.com\/fr\/tours\/france-fr\/toulouse-fr\/visite-privee-dune-journee-complete-a-albi-depuis-toulouse\/","name":"\u27a1\ufe0f Journ\u00e9e compl\u00e8te de visite priv\u00e9e \u00e0 Albi depuis Toulouse | Tour Travel & More","isPartOf":{"@id":"https:\/\/tourtravelandmore.com\/fr\/#website"},"primaryImageOfPage":{"@id":"https:\/\/tourtravelandmore.com\/fr\/tours\/france-fr\/toulouse-fr\/visite-privee-dune-journee-complete-a-albi-depuis-toulouse\/#primaryimage"},"image":{"@id":"https:\/\/tourtravelandmore.com\/fr\/tours\/france-fr\/toulouse-fr\/visite-privee-dune-journee-complete-a-albi-depuis-toulouse\/#primaryimage"},"thumbnailUrl":"https:\/\/tourtravelandmore.com\/wp-content\/uploads\/2021\/05\/albi4.jpeg","datePublished":"2021-05-20T07:11:45+00:00","dateModified":"2022-10-24T02:50:27+00:00","description":"R\u00e9servez d\u00e8s maintenant cette excursion priv\u00e9e d'une journ\u00e9e compl\u00e8te \u00e0 Albi depuis Toulouse, ce sera une exp\u00e9rience luxueuse et inoubliable \u2705.","breadcrumb":{"@id":"https:\/\/tourtravelandmore.com\/fr\/tours\/france-fr\/toulouse-fr\/visite-privee-dune-journee-complete-a-albi-depuis-toulouse\/#breadcrumb"},"inLanguage":"fr-FR","potentialAction":[{"@type":"ReadAction","target":["https:\/\/tourtravelandmore.com\/fr\/tours\/france-fr\/toulouse-fr\/visite-privee-dune-journee-complete-a-albi-depuis-toulouse\/"]}]},{"@type":"ImageObject","inLanguage":"fr-FR","@id":"https:\/\/tourtravelandmore.com\/fr\/tours\/france-fr\/toulouse-fr\/visite-privee-dune-journee-complete-a-albi-depuis-toulouse\/#primaryimage","url":"https:\/\/tourtravelandmore.com\/wp-content\/uploads\/2021\/05\/albi4.jpeg","contentUrl":"https:\/\/tourtravelandmore.com\/wp-content\/uploads\/2021\/05\/albi4.jpeg","width":728,"height":455},{"@type":"BreadcrumbList","@id":"https:\/\/tourtravelandmore.com\/fr\/tours\/france-fr\/toulouse-fr\/visite-privee-dune-journee-complete-a-albi-depuis-toulouse\/#breadcrumb","itemListElement":[{"@type":"ListItem","position":1,"name":"Home","item":"https:\/\/tourtravelandmore.com\/fr\/"},{"@type":"ListItem","position":2,"name":"Tours","item":"https:\/\/tourtravelandmore.com\/fr\/tours\/"},{"@type":"ListItem","position":3,"name":"Visite priv\u00e9e d&rsquo;une journ\u00e9e compl\u00e8te \u00e0 Albi depuis Toulouse"}]},{"@type":"WebSite","@id":"https:\/\/tourtravelandmore.com\/fr\/#website","url":"https:\/\/tourtravelandmore.com\/fr\/","name":"Tour Travel And More","description":"Private sightseeing tours and luxury transfers in Spain","publisher":{"@id":"https:\/\/tourtravelandmore.com\/fr\/#organization"},"potentialAction":[{"@type":"SearchAction","target":{"@type":"EntryPoint","urlTemplate":"https:\/\/tourtravelandmore.com\/fr\/?s={search_term_string}"},"query-input":{"@type":"PropertyValueSpecification","valueRequired":true,"valueName":"search_term_string"}}],"inLanguage":"fr-FR"},{"@type":"Organization","@id":"https:\/\/tourtravelandmore.com\/fr\/#organization","name":"Tour Travel And More","url":"https:\/\/tourtravelandmore.com\/fr\/","logo":{"@type":"ImageObject","inLanguage":"fr-FR","@id":"https:\/\/tourtravelandmore.com\/fr\/#\/schema\/logo\/image\/","url":"https:\/\/tourtravelandmore.com\/wp-content\/uploads\/2022\/12\/cropped-logo-cabecera-new.png","contentUrl":"https:\/\/tourtravelandmore.com\/wp-content\/uploads\/2022\/12\/cropped-logo-cabecera-new.png","width":430,"height":61,"caption":"Tour Travel And More"},"image":{"@id":"https:\/\/tourtravelandmore.com\/fr\/#\/schema\/logo\/image\/"},"sameAs":["https:\/\/www.facebook.com\/tourtravelandmore\/","https:\/\/x.com\/TourTravel_More"]}]}},"_links":{"self":[{"href":"https:\/\/tourtravelandmore.com\/fr\/wp-json\/wp\/v2\/product\/107141","targetHints":{"allow":["GET"]}}],"collection":[{"href":"https:\/\/tourtravelandmore.com\/fr\/wp-json\/wp\/v2\/product"}],"about":[{"href":"https:\/\/tourtravelandmore.com\/fr\/wp-json\/wp\/v2\/types\/product"}],"replies":[{"embeddable":true,"href":"https:\/\/tourtravelandmore.com\/fr\/wp-json\/wp\/v2\/comments?post=107141"}],"wp:featuredmedia":[{"embeddable":true,"href":"https:\/\/tourtravelandmore.com\/fr\/wp-json\/wp\/v2\/media\/107161"}],"wp:attachment":[{"href":"https:\/\/tourtravelandmore.com\/fr\/wp-json\/wp\/v2\/media?parent=107141"}],"wp:term":[{"taxonomy":"product_brand","embeddable":true,"href":"https:\/\/tourtravelandmore.com\/fr\/wp-json\/wp\/v2\/product_brand?post=107141"},{"taxonomy":"product_cat","embeddable":true,"href":"https:\/\/tourtravelandmore.com\/fr\/wp-json\/wp\/v2\/product_cat?post=107141"},{"taxonomy":"product_tag","embeddable":true,"href":"https:\/\/tourtravelandmore.com\/fr\/wp-json\/wp\/v2\/product_tag?post=107141"}],"curies":[{"name":"wp","href":"https:\/\/api.w.org\/{rel}","templated":true}]}}