{"id":107098,"date":"2021-05-19T15:20:16","date_gmt":"2021-05-19T13:20:29","guid":{"rendered":"https:\/\/tourtravelandmore.com\/?post_type=product&#038;p=107098"},"modified":"2022-10-24T05:02:08","modified_gmt":"2022-10-24T03:02:08","slug":"visite-privee-de-toulouse-avec-guide-et-vehicule","status":"publish","type":"product","link":"https:\/\/tourtravelandmore.com\/fr\/tours\/france-fr\/toulouse-fr\/visite-privee-de-toulouse-avec-guide-et-vehicule\/","title":{"rendered":"Visite priv\u00e9e de Toulouse avec guide et v\u00e9hicule"},"content":{"rendered":"<h2><b>Description de la visite priv\u00e9e de Toulouse avec guide et v\u00e9hicule.<\/b><\/h2>\n<p><span style=\"font-weight: 400;\">Profitez de cette visite guid\u00e9e priv\u00e9e de Toulouse avec votre propre chauffeur priv\u00e9 pour une exp\u00e9rience inoubliable.<\/span><\/p>\n<p><span style=\"font-weight: 400;\">Ce chauffeur s&#8217;occupera de tout pour que vous puissiez vous asseoir, vous d\u00e9tendre et profiter de la visite. Les circuits \u00e0 Toulouse avec chauffeur priv\u00e9 offrent un itin\u00e9raire personnalisable qui vous permet de d\u00e9couvrir la ville \u00e0 votre rythme, sans avoir \u00e0 vous soucier de quoi que ce soit.<\/span><\/p>\n<p><span style=\"font-weight: 400;\">Toulouse est une ville int\u00e9rieure beaucoup plus proche de la mer que les autres villes fran\u00e7aises. Sa taille n&#8217;est pas aussi impressionnante et elle n&#8217;est pas aussi connue, mais elle reste une destination nostalgique et magnifique avec tous ses faits historiques.<\/span><\/p>\n<p><span style=\"font-weight: 400;\">Comme pour toutes nos visites priv\u00e9es, nous viendrons vous chercher \u00e0 votre h\u00f4tel et \u00e0 l&#8217;endroit o\u00f9 vous vous trouvez pour vivre l&#8217;exp\u00e9rience de votre vie &#8211; ne manquez pas cette occasion ph\u00e9nom\u00e9nale d&#8217;explorer Toulouse !<\/span><\/p>\n<h2><b>Points forts de la visite priv\u00e9e de Toulouse avec guide et v\u00e9hicule<\/b><\/h2>\n<p><span style=\"font-weight: 400;\">Vous serez pris en charge \u00e0 l&#8217;h\u00f4tel ou \u00e0 l&#8217;endroit de votre choix \u00e0 Toulouse et vous partirez pour une visite priv\u00e9e. Une fois que vous aurez rencontr\u00e9 votre chauffeur et votre guide touristique, tous deux vous montreront les meilleurs sites de la ville. Toulouse a beaucoup \u00e0 offrir, ne manquez pas l&#8217;occasion de d\u00e9couvrir ses monuments et sites les plus embl\u00e9matiques.<\/span><\/p>\n<p><span style=\"font-weight: 400;\">\u00c0 Toulouse, vous pouvez profiter de nombreuses choses diff\u00e9rentes. Nous avons r\u00e9pertori\u00e9 ci-dessous quelques-unes des principales activit\u00e9s, mais nous pouvons toujours apporter des modifications en fonction de l&#8217;h\u00f4tel que vous visitez et\/ou du quartier dans lequel vous vous trouvez. L&#8217;ordre des activit\u00e9s peut varier en fonction des circonstances (par exemple, si vous commencez \u00e0 votre h\u00f4tel ou non).<\/span><\/p>\n<h3><b>Rivi\u00e8re Garonne<\/b><\/h3>\n<p><span style=\"font-weight: 400;\">La Garonne est c\u00e9l\u00e8bre \u00e0 Toulouse car c&#8217;est le principal fleuve de la ville. Elle a \u00e9t\u00e9 une importante route commerciale pendant des si\u00e8cles et a permis \u00e0 Toulouse de devenir la ville importante et anim\u00e9e qu&#8217;elle est aujourd&#8217;hui.<\/span><\/p>\n<h3><b>Basilique de Saint Sernin (site class\u00e9 par l&#8217;UNESCO)<\/b><\/h3>\n<p><span style=\"font-weight: 400;\">La basilique Saint-Sernin est une attraction touristique majeure de Toulouse, en France. Elle est situ\u00e9e sur les rives de la Garonne et constitue l&#8217;une des plus importantes \u00e9glises romanes d&#8217;Europe.<\/span><\/p>\n<p><span style=\"font-weight: 400;\">Elle a \u00e9t\u00e9 construite en l&#8217;honneur de Saint Sernin, centurion romain martyris\u00e9 pour sa foi chr\u00e9tienne par des animaux sauvages qui l&#8217;ont transperc\u00e9 de coups de lance et l&#8217;ont \u00e9cartel\u00e9. L&#8217;\u00e9glise est class\u00e9e au patrimoine mondial depuis 1998.<\/span><\/p>\n<h3><b>Place du Capitole<\/b><\/h3>\n<p><span style=\"font-weight: 400;\">La place du Capitole \u00e0 Toulouse est c\u00e9l\u00e8bre car elle a \u00e9t\u00e9 le th\u00e9\u00e2tre d&#8217;un attentat contre le pr\u00e9sident Charles de Gaulle le 22 ao\u00fbt 1962.<\/span><\/p>\n<p><span style=\"font-weight: 400;\">La place du Capitole est une place publique de Toulouse, en France. La place est situ\u00e9e au centre de la ville et est entour\u00e9e de quatre b\u00e2timents :<\/span><\/p>\n<ul>\n<li style=\"font-weight: 400;\" aria-level=\"1\"><strong>La basilique Saint-Sernin,<\/strong><\/li>\n<li style=\"font-weight: 400;\" aria-level=\"1\"><strong>l&#8217;h\u00f4tel de ville,<\/strong><\/li>\n<li style=\"font-weight: 400;\" aria-level=\"1\"><strong>le Palais de Justice et<\/strong><\/li>\n<li style=\"font-weight: 400;\" aria-level=\"1\"><strong>le Palais de Justice.<\/strong><\/li>\n<\/ul>\n<h3><b>Visite de l&#8217;ext\u00e9rieur du Mus\u00e9e de Toulouse.<\/b><\/h3>\n<p><span style=\"font-weight: 400;\">Le mus\u00e9e de Toulouse est l&#8217;un des plus anciens mus\u00e9es d&#8217;Europe et est r\u00e9put\u00e9 pour la diversit\u00e9 de ses collections.<\/span><\/p>\n<p><span style=\"font-weight: 400;\">Le mus\u00e9e abrite plus d&#8217;un million d&#8217;objets et est c\u00e9l\u00e8bre pour la diversit\u00e9 de ses collections.<\/span><\/p>\n<p><span style=\"font-weight: 400;\">Construit \u00e0 l&#8217;origine pour abriter une collection de peintures, il abrite aujourd&#8217;hui \u00e9galement une grande collection de fossiles, de pi\u00e8ces de monnaie, de m\u00e9dailles, de sculptures et d&#8217;autres objets de l&#8217;Antiquit\u00e9 \u00e0 l&#8217;\u00e9poque moderne.<\/span><\/p>\n<h3><b>\u00c9glise des Jacobins<\/b><\/h3>\n<p><span style=\"font-weight: 400;\">L&#8217;\u00e9glise des Jacobins est c\u00e9l\u00e8bre car elle a \u00e9t\u00e9 le lieu d&#8217;une s\u00e9rie d&#8217;ex\u00e9cutions massives pendant la R\u00e9volution fran\u00e7aise. Cette \u00e9glise est \u00e9galement c\u00e9l\u00e8bre pour son architecture et son histoire.<\/span><\/p>\n<h3><b>H\u00f4tel d&#8217;Assezat (Fondation Bemberg)<\/b><\/h3>\n<p><span style=\"font-weight: 400;\">L&#8217;h\u00f4tel d&#8217;Assezat (Fondation Bemberg) \u00e0 Toulouse est c\u00e9l\u00e8bre pour \u00eatre le lieu de naissance de la famille Bemberg. Il a \u00e9t\u00e9 construit par un riche marchand, Jean-Baptiste Assezat, et sa femme, Marie-Louise Ramade. La construction a commenc\u00e9 en 1754 et s&#8217;est achev\u00e9e en 1759.<\/span><\/p>\n<h3><b>Place de la Trinit\u00e9<\/b><\/h3>\n<p><span style=\"font-weight: 400;\">La place de la Trinit\u00e9 est une place situ\u00e9e dans le centre de Toulouse, en France. Il est c\u00e9l\u00e8bre pour \u00eatre le site d&#8217;une \u00e9glise appel\u00e9e Saint-Sernin, qui a \u00e9t\u00e9 consacr\u00e9e en 1034.<\/span><\/p>\n<p><span style=\"font-weight: 400;\">Avant le XIIe si\u00e8cle, la zone o\u00f9 se trouve Saint-Sernin \u00e9tait occup\u00e9e par un temple romain d\u00e9di\u00e9 \u00e0 Auguste C\u00e9sar. Le temple fut d\u00e9moli et remplac\u00e9 par une basilique chr\u00e9tienne, qui prit le nom de Saint-Sernin.<\/span><\/p>\n<p><span style=\"font-weight: 400;\">La place de la Trinit\u00e9 est \u00e9galement c\u00e9l\u00e8bre pour son march\u00e9 de No\u00ebl qui a lieu chaque ann\u00e9e de novembre \u00e0 d\u00e9cembre.<\/span><\/p>\n<h3><b>Quai de la Daurade<\/b><\/h3>\n<p><span style=\"font-weight: 400;\">Le Quai de la Daurade est une c\u00e9l\u00e8bre attraction touristique de Toulouse, en France. C&#8217;est \u00e9galement le si\u00e8ge de l&#8217;office du tourisme de Toulouse et le premier point d&#8217;arriv\u00e9e des visiteurs de la ville.<\/span><\/p>\n<p><span style=\"font-weight: 400;\">Le Quai de la Daurade a \u00e9t\u00e9 construit en 1856 et a \u00e9t\u00e9 r\u00e9nov\u00e9 \u00e0 de nombreuses reprises depuis lors. La r\u00e9novation la plus r\u00e9cente a eu lieu en 2017, lorsqu&#8217;ils ont ajout\u00e9 une nouvelle entr\u00e9e qui peut \u00eatre utilis\u00e9e par les touristes handicap\u00e9s.<\/span><\/p>\n<h3><b>\u00c9glise de Notre-Dame de la Dalbade<\/b><\/h3>\n<p><span style=\"font-weight: 400;\">L&#8217;\u00e9glise Notre-Dame de la Dalbade \u00e0 Toulouse est c\u00e9l\u00e8bre pour les raisons suivantes :<\/span><\/p>\n<ul>\n<li style=\"font-weight: 400;\" aria-level=\"1\"><strong>1. C&#8217;est l&#8217;un des monuments religieux les plus importants de Toulouse.<\/strong><\/li>\n<li style=\"font-weight: 400;\" aria-level=\"1\"><strong>2. L&#8217;\u00e9glise a \u00e9t\u00e9 construite sur le site d&#8217;un ancien temple romain, \u00e9difi\u00e9 par l&#8217;empereur Auguste et d\u00e9di\u00e9 \u00e0 la d\u00e9esse Cyb\u00e8le.<\/strong><\/li>\n<li style=\"font-weight: 400;\" aria-level=\"1\"><strong>3. L&#8217;\u00e9glise est class\u00e9e au patrimoine mondial de l&#8217;UNESCO depuis 2016 car elle constitue un exemple exceptionnel d&#8217;architecture romane.<\/strong><\/li>\n<\/ul>\n<h3><b>H\u00f4tel du Vieux Raisin<\/b><\/h3>\n<p><span style=\"font-weight: 400;\">L&#8217;h\u00f4tel du Vieux Raisin est un h\u00f4tel de Toulouse, en France, c\u00e9l\u00e8bre pour avoir \u00e9t\u00e9 le lieu du premier Guide Michelin. Construit en 1855, il \u00e9tait, \u00e0 l&#8217;\u00e9poque, l&#8217;h\u00f4tel le plus luxueux de Toulouse. C&#8217;est \u00e9galement l\u00e0 que le premier guide Michelin a \u00e9t\u00e9 publi\u00e9 et a d\u00e9cern\u00e9 ses trois premi\u00e8res \u00e9toiles.<\/span><\/p>\n<h3><b>Cath\u00e9drale de St Etienne<\/b><\/h3>\n<p><span style=\"font-weight: 400;\">La cath\u00e9drale de Saint-\u00c9tienne est c\u00e9l\u00e8bre car c&#8217;est le premier \u00e9difice gothique de France.<\/span><\/p>\n<p><span style=\"font-weight: 400;\">La construction de cette cath\u00e9drale a commenc\u00e9 en 1195 et a dur\u00e9 plus de 200 ans. Elle pr\u00e9sente un style unique d&#8217;arc bris\u00e9 qui diff\u00e8re des autres cath\u00e9drales europ\u00e9ennes de l&#8217;\u00e9poque.<\/span><\/p>\n<h3><b>Vue du mus\u00e9e des Augustins<\/b><\/h3>\n<p><span style=\"font-weight: 400;\">Le mus\u00e9e des Augustins de Toulouse est c\u00e9l\u00e8bre pour sa collection d&#8217;art m\u00e9di\u00e9val et Renaissance. Le mus\u00e9e abrite plus de 3 000 \u0153uvres, dont des peintures, des sculptures et des dessins.<\/span><\/p>\n<p><span style=\"font-weight: 400;\">Ce mus\u00e9e a \u00e9t\u00e9 fond\u00e9 en 1852 par l&#8217;archev\u00eaque de Toulouse. Il a fait don de sa collection \u00e0 la ville en signe de gratitude pour tout ce qu&#8217;elle avait fait pour lui pendant la R\u00e9volution fran\u00e7aise.<\/span><\/p>\n<h3><b>Canal du Midi<\/b><\/h3>\n<p><span style=\"font-weight: 400;\">Le canal a \u00e9t\u00e9 construit pour relier la Garonne \u00e0 la mer M\u00e9diterran\u00e9e. C&#8217;est l&#8217;un des canaux les plus c\u00e9l\u00e8bres de France.<\/span><\/p>\n<p><span style=\"font-weight: 400;\">Le canal du Midi est un canal situ\u00e9 \u00e0 Toulouse, en France, qui relie la Garonne \u00e0 la mer M\u00e9diterran\u00e9e. C&#8217;est l&#8217;un des canaux les plus c\u00e9l\u00e8bres de France.<\/span><\/p>\n<h3><b>Rue Saint Rome<\/b><\/h3>\n<p><span style=\"font-weight: 400;\">La rue Saint-Rome est une rue du sud de Toulouse. Il est c\u00e9l\u00e8bre pour ses restaurants, ses caf\u00e9s et ses bars. La r\u00e9gion est populaire aupr\u00e8s des \u00e9tudiants et des touristes car elle offre une vari\u00e9t\u00e9 de cultures diff\u00e9rentes provenant du monde entier.<\/span><\/p>\n<p><span style=\"font-weight: 400;\">La rue porte le nom de Jean-Baptiste Saint-Rome, qui fut le premier maire de Toulouse en 1831.<\/span><\/p>\n<h3><b>Place Saint-George<\/b><\/h3>\n<p><span style=\"font-weight: 400;\">La place Saint-George se trouve au c\u0153ur de Toulouse, en France. Une grande place avec une statue de la Vierge Marie et un parking souterrain, elle porte le nom du roi George Ier d&#8217;Angleterre. Il a \u00e9t\u00e9 le souverain de la Grande-Bretagne de 1714 \u00e0 1727. La place a \u00e9t\u00e9 construite en 1726 pour lui rendre hommage.<\/span><\/p>\n<p><span style=\"font-weight: 400;\">La place Saint-George est c\u00e9l\u00e8bre car elle a \u00e9t\u00e9 le th\u00e9\u00e2tre de nombreux \u00e9v\u00e9nements importants de l&#8217;histoire de France, comme le renversement du roi Charles X le 31 juillet 1830.<\/span><\/p>\n<p><span style=\"font-weight: 400;\">Profitez de cette visite priv\u00e9e de Toulouse et apprenez \u00e0 conna\u00eetre ses monuments et sites les plus importants. D\u00e9couvrez son histoire et tout ce qu&#8217;elle a \u00e0 offrir gr\u00e2ce \u00e0 votre guide officiel priv\u00e9. Demandez \u00e0 votre chauffeur de vous conduire confortablement et en toute s\u00e9curit\u00e9 d&#8217;un endroit \u00e0 un autre.<\/span><\/p>\n<p><span style=\"font-weight: 400;\">Cette visite priv\u00e9e se terminera \u00e0 votre h\u00f4tel ou au lieu de votre choix dans la ville de Toulouse.<\/span><\/p>\n<p><a href=\"https:\/\/tourtravelandmore.com\/fr\/city\/france-fr\/toulouse-fr\/\"><span style=\"font-weight: 400;\">Voir ici toutes nos visites priv\u00e9es et exp\u00e9riences \u00e0 Toulouse.<\/span><\/a><\/p>\n","protected":false},"excerpt":{"rendered":"<p><span style=\"font-weight: 400;\">Les visites priv\u00e9es avec guide et v\u00e9hicule sont parfaites pour les voyageurs qui veulent explorer Toulouse \u00e0 leur propre rythme et avoir l&#8217;opportunit\u00e9 d&#8217;apprendre l&#8217;histoire de cette belle ville avec un guide touristique local professionnel.<\/span><\/p>\n","protected":false},"featured_media":107109,"comment_status":"open","ping_status":"closed","template":"","meta":{"_acf_changed":false},"product_brand":[],"product_cat":[3540,3628],"product_tag":[],"class_list":{"0":"post-107098","1":"product","2":"type-product","3":"status-publish","4":"has-post-thumbnail","6":"product_cat-france-fr","7":"product_cat-toulouse-fr","9":"first","10":"instock","11":"shipping-taxable","12":"purchasable","13":"product-type-simple"},"acf":[],"yoast_head":"<!-- This site is optimized with the Yoast SEO Premium plugin v25.3.1 (Yoast SEO v25.3.1) - https:\/\/yoast.com\/wordpress\/plugins\/seo\/ -->\n<title>\u27a1\ufe0f Toulouse visite priv\u00e9e avec guide et v\u00e9hicule | Tour Travel &amp; More<\/title>\n<meta name=\"description\" content=\"Toulouse est une ville du sud de la France et une destination parfaite pour tout voyageur. De sa riche histoire \u00e0 sa culture vibrante, Toulouse a beaucoup \u00e0 offrir \u00e0 ceux qui la visitent \u2705.\" \/>\n<meta name=\"robots\" content=\"index, follow, max-snippet:-1, max-image-preview:large, max-video-preview:-1\" \/>\n<link rel=\"canonical\" href=\"https:\/\/tourtravelandmore.com\/fr\/tours\/france-fr\/toulouse-fr\/visite-privee-de-toulouse-avec-guide-et-vehicule\/\" \/>\n<meta property=\"og:locale\" content=\"fr_FR\" \/>\n<meta property=\"og:type\" content=\"article\" \/>\n<meta property=\"og:title\" content=\"Visite priv\u00e9e de Toulouse avec guide et v\u00e9hicule\" \/>\n<meta property=\"og:description\" content=\"Toulouse est une ville du sud de la France et une destination parfaite pour tout voyageur. De sa riche histoire \u00e0 sa culture vibrante, Toulouse a beaucoup \u00e0 offrir \u00e0 ceux qui la visitent \u2705.\" \/>\n<meta property=\"og:url\" content=\"https:\/\/tourtravelandmore.com\/fr\/tours\/france-fr\/toulouse-fr\/visite-privee-de-toulouse-avec-guide-et-vehicule\/\" \/>\n<meta property=\"og:site_name\" content=\"Tour Travel And More\" \/>\n<meta property=\"article:publisher\" content=\"https:\/\/www.facebook.com\/tourtravelandmore\/\" \/>\n<meta property=\"article:modified_time\" content=\"2022-10-24T03:02:08+00:00\" \/>\n<meta property=\"og:image\" content=\"https:\/\/tourtravelandmore.com\/wp-content\/uploads\/2021\/05\/Toulouse.jpeg\" \/>\n\t<meta property=\"og:image:width\" content=\"1050\" \/>\n\t<meta property=\"og:image:height\" content=\"700\" \/>\n\t<meta property=\"og:image:type\" content=\"image\/jpeg\" \/>\n<meta name=\"twitter:card\" content=\"summary_large_image\" \/>\n<meta name=\"twitter:site\" content=\"@TourTravel_More\" \/>\n<meta name=\"twitter:label1\" content=\"Dur\u00e9e de lecture estim\u00e9e\" \/>\n\t<meta name=\"twitter:data1\" content=\"7 minutes\" \/>\n<script type=\"application\/ld+json\" class=\"yoast-schema-graph\">{\"@context\":\"https:\/\/schema.org\",\"@graph\":[{\"@type\":\"WebPage\",\"@id\":\"https:\/\/tourtravelandmore.com\/fr\/tours\/france-fr\/toulouse-fr\/visite-privee-de-toulouse-avec-guide-et-vehicule\/\",\"url\":\"https:\/\/tourtravelandmore.com\/fr\/tours\/france-fr\/toulouse-fr\/visite-privee-de-toulouse-avec-guide-et-vehicule\/\",\"name\":\"\u27a1\ufe0f Toulouse visite priv\u00e9e avec guide et v\u00e9hicule | Tour Travel & More\",\"isPartOf\":{\"@id\":\"https:\/\/tourtravelandmore.com\/fr\/#website\"},\"primaryImageOfPage\":{\"@id\":\"https:\/\/tourtravelandmore.com\/fr\/tours\/france-fr\/toulouse-fr\/visite-privee-de-toulouse-avec-guide-et-vehicule\/#primaryimage\"},\"image\":{\"@id\":\"https:\/\/tourtravelandmore.com\/fr\/tours\/france-fr\/toulouse-fr\/visite-privee-de-toulouse-avec-guide-et-vehicule\/#primaryimage\"},\"thumbnailUrl\":\"https:\/\/tourtravelandmore.com\/wp-content\/uploads\/2021\/05\/Toulouse.jpeg\",\"datePublished\":\"2021-05-19T13:20:29+00:00\",\"dateModified\":\"2022-10-24T03:02:08+00:00\",\"description\":\"Toulouse est une ville du sud de la France et une destination parfaite pour tout voyageur. De sa riche histoire \u00e0 sa culture vibrante, Toulouse a beaucoup \u00e0 offrir \u00e0 ceux qui la visitent \u2705.\",\"breadcrumb\":{\"@id\":\"https:\/\/tourtravelandmore.com\/fr\/tours\/france-fr\/toulouse-fr\/visite-privee-de-toulouse-avec-guide-et-vehicule\/#breadcrumb\"},\"inLanguage\":\"fr-FR\",\"potentialAction\":[{\"@type\":\"ReadAction\",\"target\":[\"https:\/\/tourtravelandmore.com\/fr\/tours\/france-fr\/toulouse-fr\/visite-privee-de-toulouse-avec-guide-et-vehicule\/\"]}]},{\"@type\":\"ImageObject\",\"inLanguage\":\"fr-FR\",\"@id\":\"https:\/\/tourtravelandmore.com\/fr\/tours\/france-fr\/toulouse-fr\/visite-privee-de-toulouse-avec-guide-et-vehicule\/#primaryimage\",\"url\":\"https:\/\/tourtravelandmore.com\/wp-content\/uploads\/2021\/05\/Toulouse.jpeg\",\"contentUrl\":\"https:\/\/tourtravelandmore.com\/wp-content\/uploads\/2021\/05\/Toulouse.jpeg\",\"width\":1050,\"height\":700},{\"@type\":\"BreadcrumbList\",\"@id\":\"https:\/\/tourtravelandmore.com\/fr\/tours\/france-fr\/toulouse-fr\/visite-privee-de-toulouse-avec-guide-et-vehicule\/#breadcrumb\",\"itemListElement\":[{\"@type\":\"ListItem\",\"position\":1,\"name\":\"Home\",\"item\":\"https:\/\/tourtravelandmore.com\/fr\/\"},{\"@type\":\"ListItem\",\"position\":2,\"name\":\"Tours\",\"item\":\"https:\/\/tourtravelandmore.com\/fr\/tours\/\"},{\"@type\":\"ListItem\",\"position\":3,\"name\":\"Visite priv\u00e9e de Toulouse avec guide et v\u00e9hicule\"}]},{\"@type\":\"WebSite\",\"@id\":\"https:\/\/tourtravelandmore.com\/fr\/#website\",\"url\":\"https:\/\/tourtravelandmore.com\/fr\/\",\"name\":\"Tour Travel And More\",\"description\":\"Private sightseeing tours and luxury transfers in Spain\",\"publisher\":{\"@id\":\"https:\/\/tourtravelandmore.com\/fr\/#organization\"},\"potentialAction\":[{\"@type\":\"SearchAction\",\"target\":{\"@type\":\"EntryPoint\",\"urlTemplate\":\"https:\/\/tourtravelandmore.com\/fr\/?s={search_term_string}\"},\"query-input\":{\"@type\":\"PropertyValueSpecification\",\"valueRequired\":true,\"valueName\":\"search_term_string\"}}],\"inLanguage\":\"fr-FR\"},{\"@type\":\"Organization\",\"@id\":\"https:\/\/tourtravelandmore.com\/fr\/#organization\",\"name\":\"Tour Travel And More\",\"url\":\"https:\/\/tourtravelandmore.com\/fr\/\",\"logo\":{\"@type\":\"ImageObject\",\"inLanguage\":\"fr-FR\",\"@id\":\"https:\/\/tourtravelandmore.com\/fr\/#\/schema\/logo\/image\/\",\"url\":\"https:\/\/tourtravelandmore.com\/wp-content\/uploads\/2022\/12\/cropped-logo-cabecera-new.png\",\"contentUrl\":\"https:\/\/tourtravelandmore.com\/wp-content\/uploads\/2022\/12\/cropped-logo-cabecera-new.png\",\"width\":430,\"height\":61,\"caption\":\"Tour Travel And More\"},\"image\":{\"@id\":\"https:\/\/tourtravelandmore.com\/fr\/#\/schema\/logo\/image\/\"},\"sameAs\":[\"https:\/\/www.facebook.com\/tourtravelandmore\/\",\"https:\/\/x.com\/TourTravel_More\"]}]}<\/script>\n<!-- \/ Yoast SEO Premium plugin. -->","yoast_head_json":{"title":"\u27a1\ufe0f Toulouse visite priv\u00e9e avec guide et v\u00e9hicule | Tour Travel & More","description":"Toulouse est une ville du sud de la France et une destination parfaite pour tout voyageur. De sa riche histoire \u00e0 sa culture vibrante, Toulouse a beaucoup \u00e0 offrir \u00e0 ceux qui la visitent \u2705.","robots":{"index":"index","follow":"follow","max-snippet":"max-snippet:-1","max-image-preview":"max-image-preview:large","max-video-preview":"max-video-preview:-1"},"canonical":"https:\/\/tourtravelandmore.com\/fr\/tours\/france-fr\/toulouse-fr\/visite-privee-de-toulouse-avec-guide-et-vehicule\/","og_locale":"fr_FR","og_type":"article","og_title":"Visite priv\u00e9e de Toulouse avec guide et v\u00e9hicule","og_description":"Toulouse est une ville du sud de la France et une destination parfaite pour tout voyageur. De sa riche histoire \u00e0 sa culture vibrante, Toulouse a beaucoup \u00e0 offrir \u00e0 ceux qui la visitent \u2705.","og_url":"https:\/\/tourtravelandmore.com\/fr\/tours\/france-fr\/toulouse-fr\/visite-privee-de-toulouse-avec-guide-et-vehicule\/","og_site_name":"Tour Travel And More","article_publisher":"https:\/\/www.facebook.com\/tourtravelandmore\/","article_modified_time":"2022-10-24T03:02:08+00:00","og_image":[{"width":1050,"height":700,"url":"https:\/\/tourtravelandmore.com\/wp-content\/uploads\/2021\/05\/Toulouse.jpeg","type":"image\/jpeg"}],"twitter_card":"summary_large_image","twitter_site":"@TourTravel_More","twitter_misc":{"Dur\u00e9e de lecture estim\u00e9e":"7 minutes"},"schema":{"@context":"https:\/\/schema.org","@graph":[{"@type":"WebPage","@id":"https:\/\/tourtravelandmore.com\/fr\/tours\/france-fr\/toulouse-fr\/visite-privee-de-toulouse-avec-guide-et-vehicule\/","url":"https:\/\/tourtravelandmore.com\/fr\/tours\/france-fr\/toulouse-fr\/visite-privee-de-toulouse-avec-guide-et-vehicule\/","name":"\u27a1\ufe0f Toulouse visite priv\u00e9e avec guide et v\u00e9hicule | Tour Travel & More","isPartOf":{"@id":"https:\/\/tourtravelandmore.com\/fr\/#website"},"primaryImageOfPage":{"@id":"https:\/\/tourtravelandmore.com\/fr\/tours\/france-fr\/toulouse-fr\/visite-privee-de-toulouse-avec-guide-et-vehicule\/#primaryimage"},"image":{"@id":"https:\/\/tourtravelandmore.com\/fr\/tours\/france-fr\/toulouse-fr\/visite-privee-de-toulouse-avec-guide-et-vehicule\/#primaryimage"},"thumbnailUrl":"https:\/\/tourtravelandmore.com\/wp-content\/uploads\/2021\/05\/Toulouse.jpeg","datePublished":"2021-05-19T13:20:29+00:00","dateModified":"2022-10-24T03:02:08+00:00","description":"Toulouse est une ville du sud de la France et une destination parfaite pour tout voyageur. De sa riche histoire \u00e0 sa culture vibrante, Toulouse a beaucoup \u00e0 offrir \u00e0 ceux qui la visitent \u2705.","breadcrumb":{"@id":"https:\/\/tourtravelandmore.com\/fr\/tours\/france-fr\/toulouse-fr\/visite-privee-de-toulouse-avec-guide-et-vehicule\/#breadcrumb"},"inLanguage":"fr-FR","potentialAction":[{"@type":"ReadAction","target":["https:\/\/tourtravelandmore.com\/fr\/tours\/france-fr\/toulouse-fr\/visite-privee-de-toulouse-avec-guide-et-vehicule\/"]}]},{"@type":"ImageObject","inLanguage":"fr-FR","@id":"https:\/\/tourtravelandmore.com\/fr\/tours\/france-fr\/toulouse-fr\/visite-privee-de-toulouse-avec-guide-et-vehicule\/#primaryimage","url":"https:\/\/tourtravelandmore.com\/wp-content\/uploads\/2021\/05\/Toulouse.jpeg","contentUrl":"https:\/\/tourtravelandmore.com\/wp-content\/uploads\/2021\/05\/Toulouse.jpeg","width":1050,"height":700},{"@type":"BreadcrumbList","@id":"https:\/\/tourtravelandmore.com\/fr\/tours\/france-fr\/toulouse-fr\/visite-privee-de-toulouse-avec-guide-et-vehicule\/#breadcrumb","itemListElement":[{"@type":"ListItem","position":1,"name":"Home","item":"https:\/\/tourtravelandmore.com\/fr\/"},{"@type":"ListItem","position":2,"name":"Tours","item":"https:\/\/tourtravelandmore.com\/fr\/tours\/"},{"@type":"ListItem","position":3,"name":"Visite priv\u00e9e de Toulouse avec guide et v\u00e9hicule"}]},{"@type":"WebSite","@id":"https:\/\/tourtravelandmore.com\/fr\/#website","url":"https:\/\/tourtravelandmore.com\/fr\/","name":"Tour Travel And More","description":"Private sightseeing tours and luxury transfers in Spain","publisher":{"@id":"https:\/\/tourtravelandmore.com\/fr\/#organization"},"potentialAction":[{"@type":"SearchAction","target":{"@type":"EntryPoint","urlTemplate":"https:\/\/tourtravelandmore.com\/fr\/?s={search_term_string}"},"query-input":{"@type":"PropertyValueSpecification","valueRequired":true,"valueName":"search_term_string"}}],"inLanguage":"fr-FR"},{"@type":"Organization","@id":"https:\/\/tourtravelandmore.com\/fr\/#organization","name":"Tour Travel And More","url":"https:\/\/tourtravelandmore.com\/fr\/","logo":{"@type":"ImageObject","inLanguage":"fr-FR","@id":"https:\/\/tourtravelandmore.com\/fr\/#\/schema\/logo\/image\/","url":"https:\/\/tourtravelandmore.com\/wp-content\/uploads\/2022\/12\/cropped-logo-cabecera-new.png","contentUrl":"https:\/\/tourtravelandmore.com\/wp-content\/uploads\/2022\/12\/cropped-logo-cabecera-new.png","width":430,"height":61,"caption":"Tour Travel And More"},"image":{"@id":"https:\/\/tourtravelandmore.com\/fr\/#\/schema\/logo\/image\/"},"sameAs":["https:\/\/www.facebook.com\/tourtravelandmore\/","https:\/\/x.com\/TourTravel_More"]}]}},"_links":{"self":[{"href":"https:\/\/tourtravelandmore.com\/fr\/wp-json\/wp\/v2\/product\/107098","targetHints":{"allow":["GET"]}}],"collection":[{"href":"https:\/\/tourtravelandmore.com\/fr\/wp-json\/wp\/v2\/product"}],"about":[{"href":"https:\/\/tourtravelandmore.com\/fr\/wp-json\/wp\/v2\/types\/product"}],"replies":[{"embeddable":true,"href":"https:\/\/tourtravelandmore.com\/fr\/wp-json\/wp\/v2\/comments?post=107098"}],"wp:featuredmedia":[{"embeddable":true,"href":"https:\/\/tourtravelandmore.com\/fr\/wp-json\/wp\/v2\/media\/107109"}],"wp:attachment":[{"href":"https:\/\/tourtravelandmore.com\/fr\/wp-json\/wp\/v2\/media?parent=107098"}],"wp:term":[{"taxonomy":"product_brand","embeddable":true,"href":"https:\/\/tourtravelandmore.com\/fr\/wp-json\/wp\/v2\/product_brand?post=107098"},{"taxonomy":"product_cat","embeddable":true,"href":"https:\/\/tourtravelandmore.com\/fr\/wp-json\/wp\/v2\/product_cat?post=107098"},{"taxonomy":"product_tag","embeddable":true,"href":"https:\/\/tourtravelandmore.com\/fr\/wp-json\/wp\/v2\/product_tag?post=107098"}],"curies":[{"name":"wp","href":"https:\/\/api.w.org\/{rel}","templated":true}]}}