{"id":106615,"date":"2021-04-26T12:27:10","date_gmt":"2021-04-26T10:51:17","guid":{"rendered":"https:\/\/tourtravelandmore.com\/?post_type=product&#038;p=106615"},"modified":"2021-04-26T12:51:28","modified_gmt":"2021-04-26T10:51:28","slug":"visite-privee-a-new-york-au-depart-de-boston","status":"publish","type":"product","link":"https:\/\/tourtravelandmore.com\/fr\/tours\/etats-unis-fr\/boston-fr\/visite-privee-a-new-york-au-depart-de-boston\/","title":{"rendered":"Visite priv\u00e9e \u00e0 New York au d\u00e9part de Boston"},"content":{"rendered":"<h2>La description<\/h2>\n<p>Lorsque vous \u00eates \u00e0 Boston pendant plus de quelques jours, nous vous recommandons vivement de faire une excursion d&#8217;une journ\u00e9e \u00e0 New York. Notre visite priv\u00e9e \u00e0 New York au d\u00e9part de Boston est parfaite pour vous!<\/p>\n<p>Cette visite priv\u00e9e commencera \u00e0 partir de votre h\u00f4tel ou lieu de votre choix \u00e0 Boston. Apr\u00e8s une prise en charge confortable, nous nous dirigerons vers New York. Le trajet dure environ 3 heures et demie.<\/p>\n<p>Une fois \u00e0 New York, vous rencontrerez votre guide priv\u00e9 pour profiter d&#8217;une visite guid\u00e9e de 4 heures de la Grosse Pomme!<\/p>\n<p>Vous aurez bien s\u00fbr du temps libre pour faire du shopping, vous promener ou simplement vous faire une id\u00e9e de New York apr\u00e8s votre visite priv\u00e9e. Notre chauffeur sera \u00e0 votre disposition pendant toute la dur\u00e9e de la visite.<\/p>\n<p>Notre chauffeur priv\u00e9 vous ram\u00e8nera \u00e0 votre h\u00f4tel \u00e0 Boston une fois la visite termin\u00e9e. Ce sera \u00e9galement un chauffeur d&#8217;environ 3 heures et demie de retour \u00e0 votre h\u00f4tel.<\/p>\n<h2>Sites d&#8217;int\u00e9r\u00eat et points de rep\u00e8re<\/h2>\n<p>Tout d&#8217;abord, votre chauffeur priv\u00e9 viendra vous chercher \u00e0 votre h\u00f4tel \u00e0 Boston. Pr\u00e9parez-vous \u00e0 explorer le meilleur de New York! Nous commencerons ensuite cette visite priv\u00e9e \u00e0 New York au d\u00e9part de Boston.<\/p>\n<p>Cette visite priv\u00e9e est un must pour explorer la belle ville de New York.<\/p>\n<p>Entre autres, vous aurez le temps d&#8217;explorer et de conna\u00eetre les \u00e9l\u00e9ments suivants:<\/p>\n<ul>\n<li>Parc central<\/li>\n<li>Vue de la Statue de la Libert\u00e9<\/li>\n<li>Empire State Building<\/li>\n<li>Times Square<\/li>\n<li>le pont de Brooklyn<\/li>\n<li>Un centre de commerce mondial<\/li>\n<li>Centre Rockerfeller<\/li>\n<li>Radio City Music Hall<\/li>\n<li>grande gare centrale<\/li>\n<li>5e avenue<\/li>\n<li>Broadway<\/li>\n<li>Flatiron B\u00e2timent<\/li>\n<li>Bryant Park<\/li>\n<li>Parc de batterie<\/li>\n<li>Cath\u00e9drale St Patrick<\/li>\n<li>Washington Square Park<\/li>\n<li>&amp; tellement plus!<\/li>\n<\/ul>\n<p>Votre chauffeur priv\u00e9 sera \u00e0 votre disposition pendant les 4 heures pour d\u00e9couvrir le meilleur de la ville. Vous aurez \u00e9galement un chauffeur priv\u00e9 avec vous pour vous emmener en cas de besoin. Le reste du temps, vous pouvez explorer la ville par vous-m\u00eame. Si vous le souhaitez, nous pouvons organiser le guide pour 3 heures suppl\u00e9mentaires. De cette fa\u00e7on, nous pouvons faire en sorte que le guide reste avec vous pendant les 7 heures que vous passerez \u00e0 New York. Ce sera un jour une visite priv\u00e9e parfaite \u00e0 New York au d\u00e9part de Boston pour vous!<\/p>\n<p>D\u00e9couvrez nos autres circuits \u00e0 Boston. Et rappelez-vous, nous proposons des visites priv\u00e9es partout aux \u00c9tats-Unis, en Europe et dans le monde.<\/p>\n","protected":false},"excerpt":{"rendered":"<p>D\u00e9couvrez le meilleur de New York lors d&#8217;une excursion priv\u00e9e au d\u00e9part de Boston. Visitez New York aux c\u00f4t\u00e9s de notre chauffeur priv\u00e9 et guide touristique! Cliquez pour plus d&#8217;informations!<\/p>\n","protected":false},"featured_media":97001,"comment_status":"open","ping_status":"closed","template":"","meta":{"_acf_changed":false},"product_brand":[],"product_cat":[3547,3771],"product_tag":[],"class_list":{"0":"post-106615","1":"product","2":"type-product","3":"status-publish","4":"has-post-thumbnail","6":"product_cat-etats-unis-fr","7":"product_cat-boston-fr","9":"first","10":"instock","11":"shipping-taxable","12":"purchasable","13":"product-type-simple"},"acf":[],"yoast_head":"<!-- This site is optimized with the Yoast SEO Premium plugin v25.3.1 (Yoast SEO v25.3.1) - https:\/\/yoast.com\/wordpress\/plugins\/seo\/ -->\n<title>Visite priv\u00e9e \u00e0 New York au d\u00e9part de Boston - Tour Travel &amp; More<\/title>\n<meta name=\"description\" content=\"Visite priv\u00e9e \u00e0 New York depuis Boston. Guide priv\u00e9 \u00e0 New York pour une visite parfaite et v\u00e9hicule priv\u00e9 avec chauffeur!\" \/>\n<meta name=\"robots\" content=\"index, follow, max-snippet:-1, max-image-preview:large, max-video-preview:-1\" \/>\n<link rel=\"canonical\" href=\"https:\/\/tourtravelandmore.com\/fr\/tours\/etats-unis-fr\/boston-fr\/visite-privee-a-new-york-au-depart-de-boston\/\" \/>\n<meta property=\"og:locale\" content=\"fr_FR\" \/>\n<meta property=\"og:type\" content=\"article\" \/>\n<meta property=\"og:title\" content=\"Visite priv\u00e9e \u00e0 New York au d\u00e9part de Boston\" \/>\n<meta property=\"og:description\" content=\"Visite priv\u00e9e \u00e0 New York depuis Boston. Guide priv\u00e9 \u00e0 New York pour une visite parfaite et v\u00e9hicule priv\u00e9 avec chauffeur!\" \/>\n<meta property=\"og:url\" content=\"https:\/\/tourtravelandmore.com\/fr\/tours\/etats-unis-fr\/boston-fr\/visite-privee-a-new-york-au-depart-de-boston\/\" \/>\n<meta property=\"og:site_name\" content=\"Tour Travel And More\" \/>\n<meta property=\"article:publisher\" content=\"https:\/\/www.facebook.com\/tourtravelandmore\/\" \/>\n<meta property=\"article:modified_time\" content=\"2021-04-26T10:51:28+00:00\" \/>\n<meta property=\"og:image\" content=\"https:\/\/tourtravelandmore.com\/wp-content\/uploads\/2020\/01\/n14.jpg\" \/>\n\t<meta property=\"og:image:width\" content=\"3558\" \/>\n\t<meta property=\"og:image:height\" content=\"2668\" \/>\n\t<meta property=\"og:image:type\" content=\"image\/jpeg\" \/>\n<meta name=\"twitter:card\" content=\"summary_large_image\" \/>\n<meta name=\"twitter:site\" content=\"@TourTravel_More\" \/>\n<meta name=\"twitter:label1\" content=\"Dur\u00e9e de lecture estim\u00e9e\" \/>\n\t<meta name=\"twitter:data1\" content=\"2 minutes\" \/>\n<script type=\"application\/ld+json\" class=\"yoast-schema-graph\">{\"@context\":\"https:\/\/schema.org\",\"@graph\":[{\"@type\":\"WebPage\",\"@id\":\"https:\/\/tourtravelandmore.com\/fr\/tours\/etats-unis-fr\/boston-fr\/visite-privee-a-new-york-au-depart-de-boston\/\",\"url\":\"https:\/\/tourtravelandmore.com\/fr\/tours\/etats-unis-fr\/boston-fr\/visite-privee-a-new-york-au-depart-de-boston\/\",\"name\":\"Visite priv\u00e9e \u00e0 New York au d\u00e9part de Boston - Tour Travel & More\",\"isPartOf\":{\"@id\":\"https:\/\/tourtravelandmore.com\/fr\/#website\"},\"primaryImageOfPage\":{\"@id\":\"https:\/\/tourtravelandmore.com\/fr\/tours\/etats-unis-fr\/boston-fr\/visite-privee-a-new-york-au-depart-de-boston\/#primaryimage\"},\"image\":{\"@id\":\"https:\/\/tourtravelandmore.com\/fr\/tours\/etats-unis-fr\/boston-fr\/visite-privee-a-new-york-au-depart-de-boston\/#primaryimage\"},\"thumbnailUrl\":\"https:\/\/tourtravelandmore.com\/wp-content\/uploads\/2020\/01\/n14.jpg\",\"datePublished\":\"2021-04-26T10:51:17+00:00\",\"dateModified\":\"2021-04-26T10:51:28+00:00\",\"description\":\"Visite priv\u00e9e \u00e0 New York depuis Boston. Guide priv\u00e9 \u00e0 New York pour une visite parfaite et v\u00e9hicule priv\u00e9 avec chauffeur!\",\"breadcrumb\":{\"@id\":\"https:\/\/tourtravelandmore.com\/fr\/tours\/etats-unis-fr\/boston-fr\/visite-privee-a-new-york-au-depart-de-boston\/#breadcrumb\"},\"inLanguage\":\"fr-FR\",\"potentialAction\":[{\"@type\":\"ReadAction\",\"target\":[\"https:\/\/tourtravelandmore.com\/fr\/tours\/etats-unis-fr\/boston-fr\/visite-privee-a-new-york-au-depart-de-boston\/\"]}]},{\"@type\":\"ImageObject\",\"inLanguage\":\"fr-FR\",\"@id\":\"https:\/\/tourtravelandmore.com\/fr\/tours\/etats-unis-fr\/boston-fr\/visite-privee-a-new-york-au-depart-de-boston\/#primaryimage\",\"url\":\"https:\/\/tourtravelandmore.com\/wp-content\/uploads\/2020\/01\/n14.jpg\",\"contentUrl\":\"https:\/\/tourtravelandmore.com\/wp-content\/uploads\/2020\/01\/n14.jpg\",\"width\":3558,\"height\":2668,\"caption\":\"Visite priv\u00e9e de Martha's Vineyard Island au d\u00e9part de Boston\"},{\"@type\":\"BreadcrumbList\",\"@id\":\"https:\/\/tourtravelandmore.com\/fr\/tours\/etats-unis-fr\/boston-fr\/visite-privee-a-new-york-au-depart-de-boston\/#breadcrumb\",\"itemListElement\":[{\"@type\":\"ListItem\",\"position\":1,\"name\":\"Home\",\"item\":\"https:\/\/tourtravelandmore.com\/fr\/\"},{\"@type\":\"ListItem\",\"position\":2,\"name\":\"Tours\",\"item\":\"https:\/\/tourtravelandmore.com\/fr\/tours\/\"},{\"@type\":\"ListItem\",\"position\":3,\"name\":\"Visite priv\u00e9e \u00e0 New York au d\u00e9part de Boston\"}]},{\"@type\":\"WebSite\",\"@id\":\"https:\/\/tourtravelandmore.com\/fr\/#website\",\"url\":\"https:\/\/tourtravelandmore.com\/fr\/\",\"name\":\"Tour Travel And More\",\"description\":\"Private sightseeing tours and luxury transfers in Spain\",\"publisher\":{\"@id\":\"https:\/\/tourtravelandmore.com\/fr\/#organization\"},\"potentialAction\":[{\"@type\":\"SearchAction\",\"target\":{\"@type\":\"EntryPoint\",\"urlTemplate\":\"https:\/\/tourtravelandmore.com\/fr\/?s={search_term_string}\"},\"query-input\":{\"@type\":\"PropertyValueSpecification\",\"valueRequired\":true,\"valueName\":\"search_term_string\"}}],\"inLanguage\":\"fr-FR\"},{\"@type\":\"Organization\",\"@id\":\"https:\/\/tourtravelandmore.com\/fr\/#organization\",\"name\":\"Tour Travel And More\",\"url\":\"https:\/\/tourtravelandmore.com\/fr\/\",\"logo\":{\"@type\":\"ImageObject\",\"inLanguage\":\"fr-FR\",\"@id\":\"https:\/\/tourtravelandmore.com\/fr\/#\/schema\/logo\/image\/\",\"url\":\"https:\/\/tourtravelandmore.com\/wp-content\/uploads\/2022\/12\/cropped-logo-cabecera-new.png\",\"contentUrl\":\"https:\/\/tourtravelandmore.com\/wp-content\/uploads\/2022\/12\/cropped-logo-cabecera-new.png\",\"width\":430,\"height\":61,\"caption\":\"Tour Travel And More\"},\"image\":{\"@id\":\"https:\/\/tourtravelandmore.com\/fr\/#\/schema\/logo\/image\/\"},\"sameAs\":[\"https:\/\/www.facebook.com\/tourtravelandmore\/\",\"https:\/\/x.com\/TourTravel_More\"]}]}<\/script>\n<!-- \/ Yoast SEO Premium plugin. -->","yoast_head_json":{"title":"Visite priv\u00e9e \u00e0 New York au d\u00e9part de Boston - Tour Travel & More","description":"Visite priv\u00e9e \u00e0 New York depuis Boston. Guide priv\u00e9 \u00e0 New York pour une visite parfaite et v\u00e9hicule priv\u00e9 avec chauffeur!","robots":{"index":"index","follow":"follow","max-snippet":"max-snippet:-1","max-image-preview":"max-image-preview:large","max-video-preview":"max-video-preview:-1"},"canonical":"https:\/\/tourtravelandmore.com\/fr\/tours\/etats-unis-fr\/boston-fr\/visite-privee-a-new-york-au-depart-de-boston\/","og_locale":"fr_FR","og_type":"article","og_title":"Visite priv\u00e9e \u00e0 New York au d\u00e9part de Boston","og_description":"Visite priv\u00e9e \u00e0 New York depuis Boston. Guide priv\u00e9 \u00e0 New York pour une visite parfaite et v\u00e9hicule priv\u00e9 avec chauffeur!","og_url":"https:\/\/tourtravelandmore.com\/fr\/tours\/etats-unis-fr\/boston-fr\/visite-privee-a-new-york-au-depart-de-boston\/","og_site_name":"Tour Travel And More","article_publisher":"https:\/\/www.facebook.com\/tourtravelandmore\/","article_modified_time":"2021-04-26T10:51:28+00:00","og_image":[{"width":3558,"height":2668,"url":"https:\/\/tourtravelandmore.com\/wp-content\/uploads\/2020\/01\/n14.jpg","type":"image\/jpeg"}],"twitter_card":"summary_large_image","twitter_site":"@TourTravel_More","twitter_misc":{"Dur\u00e9e de lecture estim\u00e9e":"2 minutes"},"schema":{"@context":"https:\/\/schema.org","@graph":[{"@type":"WebPage","@id":"https:\/\/tourtravelandmore.com\/fr\/tours\/etats-unis-fr\/boston-fr\/visite-privee-a-new-york-au-depart-de-boston\/","url":"https:\/\/tourtravelandmore.com\/fr\/tours\/etats-unis-fr\/boston-fr\/visite-privee-a-new-york-au-depart-de-boston\/","name":"Visite priv\u00e9e \u00e0 New York au d\u00e9part de Boston - Tour Travel & More","isPartOf":{"@id":"https:\/\/tourtravelandmore.com\/fr\/#website"},"primaryImageOfPage":{"@id":"https:\/\/tourtravelandmore.com\/fr\/tours\/etats-unis-fr\/boston-fr\/visite-privee-a-new-york-au-depart-de-boston\/#primaryimage"},"image":{"@id":"https:\/\/tourtravelandmore.com\/fr\/tours\/etats-unis-fr\/boston-fr\/visite-privee-a-new-york-au-depart-de-boston\/#primaryimage"},"thumbnailUrl":"https:\/\/tourtravelandmore.com\/wp-content\/uploads\/2020\/01\/n14.jpg","datePublished":"2021-04-26T10:51:17+00:00","dateModified":"2021-04-26T10:51:28+00:00","description":"Visite priv\u00e9e \u00e0 New York depuis Boston. Guide priv\u00e9 \u00e0 New York pour une visite parfaite et v\u00e9hicule priv\u00e9 avec chauffeur!","breadcrumb":{"@id":"https:\/\/tourtravelandmore.com\/fr\/tours\/etats-unis-fr\/boston-fr\/visite-privee-a-new-york-au-depart-de-boston\/#breadcrumb"},"inLanguage":"fr-FR","potentialAction":[{"@type":"ReadAction","target":["https:\/\/tourtravelandmore.com\/fr\/tours\/etats-unis-fr\/boston-fr\/visite-privee-a-new-york-au-depart-de-boston\/"]}]},{"@type":"ImageObject","inLanguage":"fr-FR","@id":"https:\/\/tourtravelandmore.com\/fr\/tours\/etats-unis-fr\/boston-fr\/visite-privee-a-new-york-au-depart-de-boston\/#primaryimage","url":"https:\/\/tourtravelandmore.com\/wp-content\/uploads\/2020\/01\/n14.jpg","contentUrl":"https:\/\/tourtravelandmore.com\/wp-content\/uploads\/2020\/01\/n14.jpg","width":3558,"height":2668,"caption":"Visite priv\u00e9e de Martha's Vineyard Island au d\u00e9part de Boston"},{"@type":"BreadcrumbList","@id":"https:\/\/tourtravelandmore.com\/fr\/tours\/etats-unis-fr\/boston-fr\/visite-privee-a-new-york-au-depart-de-boston\/#breadcrumb","itemListElement":[{"@type":"ListItem","position":1,"name":"Home","item":"https:\/\/tourtravelandmore.com\/fr\/"},{"@type":"ListItem","position":2,"name":"Tours","item":"https:\/\/tourtravelandmore.com\/fr\/tours\/"},{"@type":"ListItem","position":3,"name":"Visite priv\u00e9e \u00e0 New York au d\u00e9part de Boston"}]},{"@type":"WebSite","@id":"https:\/\/tourtravelandmore.com\/fr\/#website","url":"https:\/\/tourtravelandmore.com\/fr\/","name":"Tour Travel And More","description":"Private sightseeing tours and luxury transfers in Spain","publisher":{"@id":"https:\/\/tourtravelandmore.com\/fr\/#organization"},"potentialAction":[{"@type":"SearchAction","target":{"@type":"EntryPoint","urlTemplate":"https:\/\/tourtravelandmore.com\/fr\/?s={search_term_string}"},"query-input":{"@type":"PropertyValueSpecification","valueRequired":true,"valueName":"search_term_string"}}],"inLanguage":"fr-FR"},{"@type":"Organization","@id":"https:\/\/tourtravelandmore.com\/fr\/#organization","name":"Tour Travel And More","url":"https:\/\/tourtravelandmore.com\/fr\/","logo":{"@type":"ImageObject","inLanguage":"fr-FR","@id":"https:\/\/tourtravelandmore.com\/fr\/#\/schema\/logo\/image\/","url":"https:\/\/tourtravelandmore.com\/wp-content\/uploads\/2022\/12\/cropped-logo-cabecera-new.png","contentUrl":"https:\/\/tourtravelandmore.com\/wp-content\/uploads\/2022\/12\/cropped-logo-cabecera-new.png","width":430,"height":61,"caption":"Tour Travel And More"},"image":{"@id":"https:\/\/tourtravelandmore.com\/fr\/#\/schema\/logo\/image\/"},"sameAs":["https:\/\/www.facebook.com\/tourtravelandmore\/","https:\/\/x.com\/TourTravel_More"]}]}},"_links":{"self":[{"href":"https:\/\/tourtravelandmore.com\/fr\/wp-json\/wp\/v2\/product\/106615","targetHints":{"allow":["GET"]}}],"collection":[{"href":"https:\/\/tourtravelandmore.com\/fr\/wp-json\/wp\/v2\/product"}],"about":[{"href":"https:\/\/tourtravelandmore.com\/fr\/wp-json\/wp\/v2\/types\/product"}],"replies":[{"embeddable":true,"href":"https:\/\/tourtravelandmore.com\/fr\/wp-json\/wp\/v2\/comments?post=106615"}],"wp:featuredmedia":[{"embeddable":true,"href":"https:\/\/tourtravelandmore.com\/fr\/wp-json\/wp\/v2\/media\/97001"}],"wp:attachment":[{"href":"https:\/\/tourtravelandmore.com\/fr\/wp-json\/wp\/v2\/media?parent=106615"}],"wp:term":[{"taxonomy":"product_brand","embeddable":true,"href":"https:\/\/tourtravelandmore.com\/fr\/wp-json\/wp\/v2\/product_brand?post=106615"},{"taxonomy":"product_cat","embeddable":true,"href":"https:\/\/tourtravelandmore.com\/fr\/wp-json\/wp\/v2\/product_cat?post=106615"},{"taxonomy":"product_tag","embeddable":true,"href":"https:\/\/tourtravelandmore.com\/fr\/wp-json\/wp\/v2\/product_tag?post=106615"}],"curies":[{"name":"wp","href":"https:\/\/api.w.org\/{rel}","templated":true}]}}