{"id":106586,"date":"2021-04-26T11:55:50","date_gmt":"2021-04-26T09:56:02","guid":{"rendered":"https:\/\/tourtravelandmore.com\/?post_type=product&#038;p=106586"},"modified":"2021-04-26T12:03:47","modified_gmt":"2021-04-26T10:03:47","slug":"visite-privee-dune-demi-journee-de-jerusalem","status":"publish","type":"product","link":"https:\/\/tourtravelandmore.com\/fr\/tours\/israel-fr\/jerusalem-fr\/toutes-les-visites-privees-fr\/visite-privee-dune-demi-journee-de-jerusalem\/","title":{"rendered":"Visite priv\u00e9e d&#8217;une demi-journ\u00e9e de J\u00e9rusalem"},"content":{"rendered":"<h2>Description<\/h2>\n<p>Gr\u00e2ce \u00e0 cette visite, vous v\u00e9rifierez personnellement chacun des facteurs qui font de J\u00e9rusalem un endroit parfait; ainsi que vous comprendrez pourquoi la vieille ville est devenue la zone avec le plus de visiteurs dans tout le lieu. Par cons\u00e9quent, pendant les 4 heures de la visite, vous appr\u00e9cierez le voyage que notre chauffeur \/ guide officiel a pr\u00e9par\u00e9 pour vous lors de cette visite priv\u00e9e d&#8217;une demi-journ\u00e9e de J\u00e9rusalem dans une voiture de luxe climatis\u00e9e.<\/p>\n<h4>Que peut-on voir dans la visite priv\u00e9e d&#8217;une demi-journ\u00e9e de J\u00e9rusalem?<\/h4>\n<p>Vous pourrez choisir les points forts du voyage et profiter d&#8217;un itin\u00e9raire parfait \u00e0 travers les rues et les quartiers qui entourent la vieille ville. Vous pouvez \u00e9galement sortir des murs dans les rues de la nouvelle ville; Dans les caf\u00e9s de J\u00e9rusalem, vous pouvez acqu\u00e9rir des connaissances sur la culture locale et m\u00eame gravir le mont du Temple. Vous pouvez d\u00e9cider \u00e0 quelle heure de la journ\u00e9e faire cette visite priv\u00e9e, le matin ou l&#8217;apr\u00e8s-midi.<\/p>\n<p>De plus, du point culminant du mont des Oliviers, vous pouvez voir toute la ville; en particulier le D\u00f4me du Rocher, qui est devenu l&#8217;une des plus anciennes ex\u00e9cutions architecturales au monde, et l&#8217;endroit le plus connu de tout J\u00e9rusalem. Vous pourrez visiter dans nos voitures de luxe, certains lieux comme le jardin de Geths\u00e9mani, l&#8217;\u00e9glise du Saint-S\u00e9pulcre et bien d&#8217;autres.<\/p>\n<h2>Sites d&#8217;int\u00e9r\u00eat et points de rep\u00e8re<\/h2>\n<h4>O\u00f9 commence la visite priv\u00e9e d&#8217;une demi-journ\u00e9e de J\u00e9rusalem?<\/h4>\n<p>Vous pouvez commencer la visite \u00e0 partir du moment o\u00f9 le chauffeur \/ guide officiel arrive \u00e0 votre h\u00f4tel \u00e0 J\u00e9rusalem. De cette fa\u00e7on, vous pouvez faire la visite de 4 heures dans l&#8217;un des meilleurs v\u00e9hicules climatis\u00e9s disponibles, et nous garantissons que votre exp\u00e9rience lors de la visite priv\u00e9e sera inoubliable.<\/p>\n<h4>\u00c0 quoi s&#8217;attendre pendant le voyage<\/h4>\n<p>Tout d&#8217;abord, vous pourrez visiter les quatre quartiers qui composent la vieille ville, parmi lesquels le chr\u00e9tien, le juif, l&#8217;arm\u00e9nien et le musulman. \u00c0 votre tour, vous pourrez observer le D\u00f4me du Rocher de tr\u00e8s pr\u00e8s, et continuer \u00e0 travers le Jardin de Geths\u00e9mani, qui est situ\u00e9 au pied du Mont des Oliviers. Vous serez fascin\u00e9 en contemplant les murs de J\u00e9rusalem qui entourent la ville antique et qui ont \u00e9t\u00e9 construits en 1530 pour prot\u00e9ger la ville des intrus.<\/p>\n<p>Parmi les principaux sites d&#8217;int\u00e9r\u00eat figurent:<\/p>\n<ul>\n<li>La tour de David<\/li>\n<li>L&#8217;\u00e9glise du Saint-S\u00e9pulcre<\/li>\n<li>Le mur occidental<\/li>\n<li>La vue sur le mont du Temple<\/li>\n<li>Le jardin de Geths\u00e9mani<\/li>\n<\/ul>\n<p>&nbsp;<\/p>\n","protected":false},"excerpt":{"rendered":"<p>Observez de vos propres yeux, l&#8217;un des endroits les plus anciens qui existent; Gr\u00e2ce \u00e0 cette visite priv\u00e9e d&#8217;une demi-journ\u00e9e de J\u00e9rusalem, vous pourrez approfondir vos connaissances sur cette terre, ses sites historiques et ses paysages.<\/p>\n","protected":false},"featured_media":106064,"comment_status":"open","ping_status":"closed","template":"","meta":{"_acf_changed":false},"product_brand":[],"product_cat":[3862,3864,3882,3885,3883],"product_tag":[],"class_list":{"0":"post-106586","1":"product","2":"type-product","3":"status-publish","4":"has-post-thumbnail","6":"product_cat-israel-fr","7":"product_cat-jerusalem-fr","8":"product_cat-toutes-les-visites-privees-fr","9":"product_cat-visites-dune-journee-complete-fr","10":"product_cat-excursions-a-terre-fr","12":"first","13":"instock","14":"shipping-taxable","15":"purchasable","16":"product-type-simple"},"acf":[],"yoast_head":"<!-- This site is optimized with the Yoast SEO Premium plugin v25.3.1 (Yoast SEO v25.3.1) - https:\/\/yoast.com\/wordpress\/plugins\/seo\/ -->\n<title>Visite priv\u00e9e d&#039;une demi-journ\u00e9e de J\u00e9rusalem - Tour Travel &amp; More<\/title>\n<meta name=\"description\" content=\"Lors d&#039;une visite priv\u00e9e d&#039;une demi-journ\u00e9e de J\u00e9rusalem, vous verrez un site touristique tr\u00e8s c\u00e9l\u00e8bre. Une exp\u00e9rience inoubliable. \ud83d\ude0d\" \/>\n<meta name=\"robots\" content=\"index, follow, max-snippet:-1, max-image-preview:large, max-video-preview:-1\" \/>\n<link rel=\"canonical\" href=\"https:\/\/tourtravelandmore.com\/fr\/tours\/israel-fr\/jerusalem-fr\/toutes-les-visites-privees-fr\/visite-privee-dune-demi-journee-de-jerusalem\/\" \/>\n<meta property=\"og:locale\" content=\"fr_FR\" \/>\n<meta property=\"og:type\" content=\"article\" \/>\n<meta property=\"og:title\" content=\"Visite priv\u00e9e d&#039;une demi-journ\u00e9e de J\u00e9rusalem\" \/>\n<meta property=\"og:description\" content=\"Lors d&#039;une visite priv\u00e9e d&#039;une demi-journ\u00e9e de J\u00e9rusalem, vous verrez un site touristique tr\u00e8s c\u00e9l\u00e8bre. Une exp\u00e9rience inoubliable. \ud83d\ude0d\" \/>\n<meta property=\"og:url\" content=\"https:\/\/tourtravelandmore.com\/fr\/tours\/israel-fr\/jerusalem-fr\/toutes-les-visites-privees-fr\/visite-privee-dune-demi-journee-de-jerusalem\/\" \/>\n<meta property=\"og:site_name\" content=\"Tour Travel And More\" \/>\n<meta property=\"article:publisher\" content=\"https:\/\/www.facebook.com\/tourtravelandmore\/\" \/>\n<meta property=\"article:modified_time\" content=\"2021-04-26T10:03:47+00:00\" \/>\n<meta property=\"og:image\" content=\"https:\/\/tourtravelandmore.com\/wp-content\/uploads\/2021\/04\/Israel-4-scaled.jpg\" \/>\n\t<meta property=\"og:image:width\" content=\"1707\" \/>\n\t<meta property=\"og:image:height\" content=\"2560\" \/>\n\t<meta property=\"og:image:type\" content=\"image\/jpeg\" \/>\n<meta name=\"twitter:card\" content=\"summary_large_image\" \/>\n<meta name=\"twitter:site\" content=\"@TourTravel_More\" \/>\n<meta name=\"twitter:label1\" content=\"Dur\u00e9e de lecture estim\u00e9e\" \/>\n\t<meta name=\"twitter:data1\" content=\"2 minutes\" \/>\n<script type=\"application\/ld+json\" class=\"yoast-schema-graph\">{\"@context\":\"https:\/\/schema.org\",\"@graph\":[{\"@type\":\"WebPage\",\"@id\":\"https:\/\/tourtravelandmore.com\/fr\/tours\/israel-fr\/jerusalem-fr\/toutes-les-visites-privees-fr\/visite-privee-dune-demi-journee-de-jerusalem\/\",\"url\":\"https:\/\/tourtravelandmore.com\/fr\/tours\/israel-fr\/jerusalem-fr\/toutes-les-visites-privees-fr\/visite-privee-dune-demi-journee-de-jerusalem\/\",\"name\":\"Visite priv\u00e9e d'une demi-journ\u00e9e de J\u00e9rusalem - Tour Travel & More\",\"isPartOf\":{\"@id\":\"https:\/\/tourtravelandmore.com\/fr\/#website\"},\"primaryImageOfPage\":{\"@id\":\"https:\/\/tourtravelandmore.com\/fr\/tours\/israel-fr\/jerusalem-fr\/toutes-les-visites-privees-fr\/visite-privee-dune-demi-journee-de-jerusalem\/#primaryimage\"},\"image\":{\"@id\":\"https:\/\/tourtravelandmore.com\/fr\/tours\/israel-fr\/jerusalem-fr\/toutes-les-visites-privees-fr\/visite-privee-dune-demi-journee-de-jerusalem\/#primaryimage\"},\"thumbnailUrl\":\"https:\/\/tourtravelandmore.com\/wp-content\/uploads\/2021\/04\/Israel-4-scaled.jpg\",\"datePublished\":\"2021-04-26T09:56:02+00:00\",\"dateModified\":\"2021-04-26T10:03:47+00:00\",\"description\":\"Lors d'une visite priv\u00e9e d'une demi-journ\u00e9e de J\u00e9rusalem, vous verrez un site touristique tr\u00e8s c\u00e9l\u00e8bre. Une exp\u00e9rience inoubliable. \ud83d\ude0d\",\"breadcrumb\":{\"@id\":\"https:\/\/tourtravelandmore.com\/fr\/tours\/israel-fr\/jerusalem-fr\/toutes-les-visites-privees-fr\/visite-privee-dune-demi-journee-de-jerusalem\/#breadcrumb\"},\"inLanguage\":\"fr-FR\",\"potentialAction\":[{\"@type\":\"ReadAction\",\"target\":[\"https:\/\/tourtravelandmore.com\/fr\/tours\/israel-fr\/jerusalem-fr\/toutes-les-visites-privees-fr\/visite-privee-dune-demi-journee-de-jerusalem\/\"]}]},{\"@type\":\"ImageObject\",\"inLanguage\":\"fr-FR\",\"@id\":\"https:\/\/tourtravelandmore.com\/fr\/tours\/israel-fr\/jerusalem-fr\/toutes-les-visites-privees-fr\/visite-privee-dune-demi-journee-de-jerusalem\/#primaryimage\",\"url\":\"https:\/\/tourtravelandmore.com\/wp-content\/uploads\/2021\/04\/Israel-4-scaled.jpg\",\"contentUrl\":\"https:\/\/tourtravelandmore.com\/wp-content\/uploads\/2021\/04\/Israel-4-scaled.jpg\",\"width\":1707,\"height\":2560},{\"@type\":\"BreadcrumbList\",\"@id\":\"https:\/\/tourtravelandmore.com\/fr\/tours\/israel-fr\/jerusalem-fr\/toutes-les-visites-privees-fr\/visite-privee-dune-demi-journee-de-jerusalem\/#breadcrumb\",\"itemListElement\":[{\"@type\":\"ListItem\",\"position\":1,\"name\":\"Home\",\"item\":\"https:\/\/tourtravelandmore.com\/fr\/\"},{\"@type\":\"ListItem\",\"position\":2,\"name\":\"Tours\",\"item\":\"https:\/\/tourtravelandmore.com\/fr\/tours\/\"},{\"@type\":\"ListItem\",\"position\":3,\"name\":\"Visite priv\u00e9e d&#8217;une demi-journ\u00e9e de J\u00e9rusalem\"}]},{\"@type\":\"WebSite\",\"@id\":\"https:\/\/tourtravelandmore.com\/fr\/#website\",\"url\":\"https:\/\/tourtravelandmore.com\/fr\/\",\"name\":\"Tour Travel And More\",\"description\":\"Private sightseeing tours and luxury transfers in Spain\",\"publisher\":{\"@id\":\"https:\/\/tourtravelandmore.com\/fr\/#organization\"},\"potentialAction\":[{\"@type\":\"SearchAction\",\"target\":{\"@type\":\"EntryPoint\",\"urlTemplate\":\"https:\/\/tourtravelandmore.com\/fr\/?s={search_term_string}\"},\"query-input\":{\"@type\":\"PropertyValueSpecification\",\"valueRequired\":true,\"valueName\":\"search_term_string\"}}],\"inLanguage\":\"fr-FR\"},{\"@type\":\"Organization\",\"@id\":\"https:\/\/tourtravelandmore.com\/fr\/#organization\",\"name\":\"Tour Travel And More\",\"url\":\"https:\/\/tourtravelandmore.com\/fr\/\",\"logo\":{\"@type\":\"ImageObject\",\"inLanguage\":\"fr-FR\",\"@id\":\"https:\/\/tourtravelandmore.com\/fr\/#\/schema\/logo\/image\/\",\"url\":\"https:\/\/tourtravelandmore.com\/wp-content\/uploads\/2022\/12\/cropped-logo-cabecera-new.png\",\"contentUrl\":\"https:\/\/tourtravelandmore.com\/wp-content\/uploads\/2022\/12\/cropped-logo-cabecera-new.png\",\"width\":430,\"height\":61,\"caption\":\"Tour Travel And More\"},\"image\":{\"@id\":\"https:\/\/tourtravelandmore.com\/fr\/#\/schema\/logo\/image\/\"},\"sameAs\":[\"https:\/\/www.facebook.com\/tourtravelandmore\/\",\"https:\/\/x.com\/TourTravel_More\"]}]}<\/script>\n<!-- \/ Yoast SEO Premium plugin. -->","yoast_head_json":{"title":"Visite priv\u00e9e d'une demi-journ\u00e9e de J\u00e9rusalem - Tour Travel & More","description":"Lors d'une visite priv\u00e9e d'une demi-journ\u00e9e de J\u00e9rusalem, vous verrez un site touristique tr\u00e8s c\u00e9l\u00e8bre. Une exp\u00e9rience inoubliable. \ud83d\ude0d","robots":{"index":"index","follow":"follow","max-snippet":"max-snippet:-1","max-image-preview":"max-image-preview:large","max-video-preview":"max-video-preview:-1"},"canonical":"https:\/\/tourtravelandmore.com\/fr\/tours\/israel-fr\/jerusalem-fr\/toutes-les-visites-privees-fr\/visite-privee-dune-demi-journee-de-jerusalem\/","og_locale":"fr_FR","og_type":"article","og_title":"Visite priv\u00e9e d'une demi-journ\u00e9e de J\u00e9rusalem","og_description":"Lors d'une visite priv\u00e9e d'une demi-journ\u00e9e de J\u00e9rusalem, vous verrez un site touristique tr\u00e8s c\u00e9l\u00e8bre. Une exp\u00e9rience inoubliable. \ud83d\ude0d","og_url":"https:\/\/tourtravelandmore.com\/fr\/tours\/israel-fr\/jerusalem-fr\/toutes-les-visites-privees-fr\/visite-privee-dune-demi-journee-de-jerusalem\/","og_site_name":"Tour Travel And More","article_publisher":"https:\/\/www.facebook.com\/tourtravelandmore\/","article_modified_time":"2021-04-26T10:03:47+00:00","og_image":[{"width":1707,"height":2560,"url":"https:\/\/tourtravelandmore.com\/wp-content\/uploads\/2021\/04\/Israel-4-scaled.jpg","type":"image\/jpeg"}],"twitter_card":"summary_large_image","twitter_site":"@TourTravel_More","twitter_misc":{"Dur\u00e9e de lecture estim\u00e9e":"2 minutes"},"schema":{"@context":"https:\/\/schema.org","@graph":[{"@type":"WebPage","@id":"https:\/\/tourtravelandmore.com\/fr\/tours\/israel-fr\/jerusalem-fr\/toutes-les-visites-privees-fr\/visite-privee-dune-demi-journee-de-jerusalem\/","url":"https:\/\/tourtravelandmore.com\/fr\/tours\/israel-fr\/jerusalem-fr\/toutes-les-visites-privees-fr\/visite-privee-dune-demi-journee-de-jerusalem\/","name":"Visite priv\u00e9e d'une demi-journ\u00e9e de J\u00e9rusalem - Tour Travel & More","isPartOf":{"@id":"https:\/\/tourtravelandmore.com\/fr\/#website"},"primaryImageOfPage":{"@id":"https:\/\/tourtravelandmore.com\/fr\/tours\/israel-fr\/jerusalem-fr\/toutes-les-visites-privees-fr\/visite-privee-dune-demi-journee-de-jerusalem\/#primaryimage"},"image":{"@id":"https:\/\/tourtravelandmore.com\/fr\/tours\/israel-fr\/jerusalem-fr\/toutes-les-visites-privees-fr\/visite-privee-dune-demi-journee-de-jerusalem\/#primaryimage"},"thumbnailUrl":"https:\/\/tourtravelandmore.com\/wp-content\/uploads\/2021\/04\/Israel-4-scaled.jpg","datePublished":"2021-04-26T09:56:02+00:00","dateModified":"2021-04-26T10:03:47+00:00","description":"Lors d'une visite priv\u00e9e d'une demi-journ\u00e9e de J\u00e9rusalem, vous verrez un site touristique tr\u00e8s c\u00e9l\u00e8bre. Une exp\u00e9rience inoubliable. \ud83d\ude0d","breadcrumb":{"@id":"https:\/\/tourtravelandmore.com\/fr\/tours\/israel-fr\/jerusalem-fr\/toutes-les-visites-privees-fr\/visite-privee-dune-demi-journee-de-jerusalem\/#breadcrumb"},"inLanguage":"fr-FR","potentialAction":[{"@type":"ReadAction","target":["https:\/\/tourtravelandmore.com\/fr\/tours\/israel-fr\/jerusalem-fr\/toutes-les-visites-privees-fr\/visite-privee-dune-demi-journee-de-jerusalem\/"]}]},{"@type":"ImageObject","inLanguage":"fr-FR","@id":"https:\/\/tourtravelandmore.com\/fr\/tours\/israel-fr\/jerusalem-fr\/toutes-les-visites-privees-fr\/visite-privee-dune-demi-journee-de-jerusalem\/#primaryimage","url":"https:\/\/tourtravelandmore.com\/wp-content\/uploads\/2021\/04\/Israel-4-scaled.jpg","contentUrl":"https:\/\/tourtravelandmore.com\/wp-content\/uploads\/2021\/04\/Israel-4-scaled.jpg","width":1707,"height":2560},{"@type":"BreadcrumbList","@id":"https:\/\/tourtravelandmore.com\/fr\/tours\/israel-fr\/jerusalem-fr\/toutes-les-visites-privees-fr\/visite-privee-dune-demi-journee-de-jerusalem\/#breadcrumb","itemListElement":[{"@type":"ListItem","position":1,"name":"Home","item":"https:\/\/tourtravelandmore.com\/fr\/"},{"@type":"ListItem","position":2,"name":"Tours","item":"https:\/\/tourtravelandmore.com\/fr\/tours\/"},{"@type":"ListItem","position":3,"name":"Visite priv\u00e9e d&#8217;une demi-journ\u00e9e de J\u00e9rusalem"}]},{"@type":"WebSite","@id":"https:\/\/tourtravelandmore.com\/fr\/#website","url":"https:\/\/tourtravelandmore.com\/fr\/","name":"Tour Travel And More","description":"Private sightseeing tours and luxury transfers in Spain","publisher":{"@id":"https:\/\/tourtravelandmore.com\/fr\/#organization"},"potentialAction":[{"@type":"SearchAction","target":{"@type":"EntryPoint","urlTemplate":"https:\/\/tourtravelandmore.com\/fr\/?s={search_term_string}"},"query-input":{"@type":"PropertyValueSpecification","valueRequired":true,"valueName":"search_term_string"}}],"inLanguage":"fr-FR"},{"@type":"Organization","@id":"https:\/\/tourtravelandmore.com\/fr\/#organization","name":"Tour Travel And More","url":"https:\/\/tourtravelandmore.com\/fr\/","logo":{"@type":"ImageObject","inLanguage":"fr-FR","@id":"https:\/\/tourtravelandmore.com\/fr\/#\/schema\/logo\/image\/","url":"https:\/\/tourtravelandmore.com\/wp-content\/uploads\/2022\/12\/cropped-logo-cabecera-new.png","contentUrl":"https:\/\/tourtravelandmore.com\/wp-content\/uploads\/2022\/12\/cropped-logo-cabecera-new.png","width":430,"height":61,"caption":"Tour Travel And More"},"image":{"@id":"https:\/\/tourtravelandmore.com\/fr\/#\/schema\/logo\/image\/"},"sameAs":["https:\/\/www.facebook.com\/tourtravelandmore\/","https:\/\/x.com\/TourTravel_More"]}]}},"_links":{"self":[{"href":"https:\/\/tourtravelandmore.com\/fr\/wp-json\/wp\/v2\/product\/106586","targetHints":{"allow":["GET"]}}],"collection":[{"href":"https:\/\/tourtravelandmore.com\/fr\/wp-json\/wp\/v2\/product"}],"about":[{"href":"https:\/\/tourtravelandmore.com\/fr\/wp-json\/wp\/v2\/types\/product"}],"replies":[{"embeddable":true,"href":"https:\/\/tourtravelandmore.com\/fr\/wp-json\/wp\/v2\/comments?post=106586"}],"wp:featuredmedia":[{"embeddable":true,"href":"https:\/\/tourtravelandmore.com\/fr\/wp-json\/wp\/v2\/media\/106064"}],"wp:attachment":[{"href":"https:\/\/tourtravelandmore.com\/fr\/wp-json\/wp\/v2\/media?parent=106586"}],"wp:term":[{"taxonomy":"product_brand","embeddable":true,"href":"https:\/\/tourtravelandmore.com\/fr\/wp-json\/wp\/v2\/product_brand?post=106586"},{"taxonomy":"product_cat","embeddable":true,"href":"https:\/\/tourtravelandmore.com\/fr\/wp-json\/wp\/v2\/product_cat?post=106586"},{"taxonomy":"product_tag","embeddable":true,"href":"https:\/\/tourtravelandmore.com\/fr\/wp-json\/wp\/v2\/product_tag?post=106586"}],"curies":[{"name":"wp","href":"https:\/\/api.w.org\/{rel}","templated":true}]}}