{"id":106567,"date":"2021-04-26T11:46:23","date_gmt":"2021-04-26T09:46:36","guid":{"rendered":"https:\/\/tourtravelandmore.com\/?post_type=product&#038;p=106567"},"modified":"2021-04-26T11:52:07","modified_gmt":"2021-04-26T09:52:07","slug":"visite-privee-dune-journee-de-la-vieille-et-de-la-nouvelle-jerusalem","status":"publish","type":"product","link":"https:\/\/tourtravelandmore.com\/fr\/tours\/israel-fr\/jerusalem-fr\/toutes-les-visites-privees-fr\/visite-privee-dune-journee-de-la-vieille-et-de-la-nouvelle-jerusalem\/","title":{"rendered":"Visite priv\u00e9e d&#8217;une journ\u00e9e de la vieille et de la nouvelle J\u00e9rusalem"},"content":{"rendered":"<h2>Description<\/h2>\n<p>J\u00e9rusalem est devenue un site hautement reconnu par des milliers de fid\u00e8les, chr\u00e9tiens, juifs et musulmans. Par cons\u00e9quent, beaucoup d&#8217;entre eux voulaient conna\u00eetre ce centre spirituel si bien connu dans le monde; Par cons\u00e9quent, gr\u00e2ce \u00e0 cette visite priv\u00e9e d&#8217;une journ\u00e9e compl\u00e8te de l&#8217;ancienne et de la nouvelle J\u00e9rusalem, vous aurez l&#8217;occasion d&#8217;en apprendre davantage sur l&#8217;histoire de milliers d&#8217;ann\u00e9es de la ville et de conna\u00eetre ses lieux les plus importants.<\/p>\n<h4>Que peut-on voir lors de la visite priv\u00e9e d&#8217;une journ\u00e9e compl\u00e8te de l&#8217;ancienne et de la nouvelle J\u00e9rusalem?<\/h4>\n<p>Tout d&#8217;abord, vous pourrez conna\u00eetre en profondeur plus de 4 000 ans d&#8217;histoire qui couvrent cette ville imposante; Voyez comment J\u00e9rusalem est consid\u00e9r\u00e9e comme l&#8217;un des endroits les plus sacr\u00e9s de l&#8217;existence. Ses sites sacr\u00e9s font chaque ann\u00e9e un grand nombre de touristes venir sur les lieux; vous pourrez visiter Yad Vashem, un mus\u00e9e de l&#8217;histoire de l&#8217;Holocauste dans la nouvelle J\u00e9rusalem.<\/p>\n<p>Notre chauffeur \/ guide officiel se consolide en tant que personne hautement qualifi\u00e9e pour vous offrir le meilleur voyage et les informations les plus pr\u00e9cises sur les curiosit\u00e9s locales. En outre, d\u00e9couvrez certaines des cultures pr\u00e9sentes dans la ville, la visite vous permet de poser des questions et d&#8217;avoir des interactions personnalis\u00e9es.<\/p>\n<h2>Sites d&#8217;int\u00e9r\u00eat et points de rep\u00e8re<\/h2>\n<h4>O\u00f9 commence la visite priv\u00e9e d&#8217;une journ\u00e9e de la vieille et de la nouvelle J\u00e9rusalem?<\/h4>\n<p>Le point de d\u00e9part de votre visite priv\u00e9e partira de la porte de Jaffa, Omar Ibn Katab, \u00e0 J\u00e9rusalem; La visite durera environ 8 heures et le chauffeur \/ guide veillera \u00e0 ce que vous tiriez le meilleur parti de chacun d&#8217;entre eux, et le retour se fera au point de d\u00e9part d&#8217;origine.<\/p>\n<h4>\u00c0 quoi s&#8217;attendre pendant le voyage<\/h4>\n<p>Vous en apprendrez beaucoup sur l&#8217;ancien mur de J\u00e9rusalem, qui a \u00e9t\u00e9 d\u00e9clar\u00e9 site du patrimoine mondial par l&#8217;UNESCO; Vous d\u00e9couvrirez \u00e9galement l&#8217;histoire du Mur occidental et pourquoi il est si important pour les personnes qui composent le peuple juif. Apprenez certains aspects de l&#8217;arch\u00e9ologie du site, des coutumes juives, des \u0153uvres d&#8217;art, et vous pouvez m\u00eame emprunter le chemin qui m\u00e8ne \u00e0 l&#8217;\u00e9glise du Saint-S\u00e9pulcre. \u00c0 tour de r\u00f4le, visitez les lieux les plus importants, tels que:<\/p>\n<ul>\n<li>Le mur occidental<\/li>\n<li>Yad Vashem<\/li>\n<li>La Via Dolorosa<\/li>\n<li>Le tombeau du roi David<\/li>\n<li>La salle du dernier souper<\/li>\n<li>Le chardon<\/li>\n<li>L&#8217;\u00e9glise du Saint-S\u00e9pulcre<\/li>\n<\/ul>\n<p>De plus, vous pouvez suivre une visite de la principale rue commer\u00e7ante qui correspond au quartier chr\u00e9tien, et m\u00eame visiter les autres quartiers locaux, tels que les juifs, les arm\u00e9niens et les musulmans. De cette fa\u00e7on, vous pouvez profiter de cette occasion incontournable pour en savoir plus sur la ville sainte.<\/p>\n","protected":false},"excerpt":{"rendered":"<p>Profitez d&#8217;un voyage exceptionnel \u00e0 travers l&#8217;ancienne et la nouvelle J\u00e9rusalem. C&#8217;est une opportunit\u00e9 que beaucoup veulent, mais dont vous pouvez profiter. Apprenez-en plus sur ce voyage impressionnant!<\/p>\n","protected":false},"featured_media":106085,"comment_status":"open","ping_status":"closed","template":"","meta":{"_acf_changed":false},"product_brand":[],"product_cat":[3862,3864,3882,3885,3883],"product_tag":[],"class_list":{"0":"post-106567","1":"product","2":"type-product","3":"status-publish","4":"has-post-thumbnail","6":"product_cat-israel-fr","7":"product_cat-jerusalem-fr","8":"product_cat-toutes-les-visites-privees-fr","9":"product_cat-visites-dune-journee-complete-fr","10":"product_cat-excursions-a-terre-fr","12":"first","13":"instock","14":"shipping-taxable","15":"purchasable","16":"product-type-simple"},"acf":[],"yoast_head":"<!-- This site is optimized with the Yoast SEO Premium plugin v25.3.1 (Yoast SEO v25.3.1) - https:\/\/yoast.com\/wordpress\/plugins\/seo\/ -->\n<title>Visite priv\u00e9e de l&#039;ancienne et de la nouvelle J\u00e9rusalem<\/title>\n<meta name=\"description\" content=\"Visiter la vieille et la nouvelle J\u00e9rusalem est disponible \u00e0 port\u00e9e de main. Alors nous sommes votre meilleure option! \u2705\" \/>\n<meta name=\"robots\" content=\"index, follow, max-snippet:-1, max-image-preview:large, max-video-preview:-1\" \/>\n<link rel=\"canonical\" href=\"https:\/\/tourtravelandmore.com\/fr\/tours\/israel-fr\/jerusalem-fr\/toutes-les-visites-privees-fr\/visite-privee-dune-journee-de-la-vieille-et-de-la-nouvelle-jerusalem\/\" \/>\n<meta property=\"og:locale\" content=\"fr_FR\" \/>\n<meta property=\"og:type\" content=\"article\" \/>\n<meta property=\"og:title\" content=\"Visite priv\u00e9e d&#039;une journ\u00e9e de la vieille et de la nouvelle J\u00e9rusalem\" \/>\n<meta property=\"og:description\" content=\"Visiter la vieille et la nouvelle J\u00e9rusalem est disponible \u00e0 port\u00e9e de main. Alors nous sommes votre meilleure option! \u2705\" \/>\n<meta property=\"og:url\" content=\"https:\/\/tourtravelandmore.com\/fr\/tours\/israel-fr\/jerusalem-fr\/toutes-les-visites-privees-fr\/visite-privee-dune-journee-de-la-vieille-et-de-la-nouvelle-jerusalem\/\" \/>\n<meta property=\"og:site_name\" content=\"Tour Travel And More\" \/>\n<meta property=\"article:publisher\" content=\"https:\/\/www.facebook.com\/tourtravelandmore\/\" \/>\n<meta property=\"article:modified_time\" content=\"2021-04-26T09:52:07+00:00\" \/>\n<meta property=\"og:image\" content=\"https:\/\/tourtravelandmore.com\/wp-content\/uploads\/2021\/04\/Jerusalemn-4-scaled.jpg\" \/>\n\t<meta property=\"og:image:width\" content=\"2560\" \/>\n\t<meta property=\"og:image:height\" content=\"1707\" \/>\n\t<meta property=\"og:image:type\" content=\"image\/jpeg\" \/>\n<meta name=\"twitter:card\" content=\"summary_large_image\" \/>\n<meta name=\"twitter:site\" content=\"@TourTravel_More\" \/>\n<meta name=\"twitter:label1\" content=\"Dur\u00e9e de lecture estim\u00e9e\" \/>\n\t<meta name=\"twitter:data1\" content=\"2 minutes\" \/>\n<script type=\"application\/ld+json\" class=\"yoast-schema-graph\">{\"@context\":\"https:\/\/schema.org\",\"@graph\":[{\"@type\":\"WebPage\",\"@id\":\"https:\/\/tourtravelandmore.com\/fr\/tours\/israel-fr\/jerusalem-fr\/toutes-les-visites-privees-fr\/visite-privee-dune-journee-de-la-vieille-et-de-la-nouvelle-jerusalem\/\",\"url\":\"https:\/\/tourtravelandmore.com\/fr\/tours\/israel-fr\/jerusalem-fr\/toutes-les-visites-privees-fr\/visite-privee-dune-journee-de-la-vieille-et-de-la-nouvelle-jerusalem\/\",\"name\":\"Visite priv\u00e9e de l'ancienne et de la nouvelle J\u00e9rusalem\",\"isPartOf\":{\"@id\":\"https:\/\/tourtravelandmore.com\/fr\/#website\"},\"primaryImageOfPage\":{\"@id\":\"https:\/\/tourtravelandmore.com\/fr\/tours\/israel-fr\/jerusalem-fr\/toutes-les-visites-privees-fr\/visite-privee-dune-journee-de-la-vieille-et-de-la-nouvelle-jerusalem\/#primaryimage\"},\"image\":{\"@id\":\"https:\/\/tourtravelandmore.com\/fr\/tours\/israel-fr\/jerusalem-fr\/toutes-les-visites-privees-fr\/visite-privee-dune-journee-de-la-vieille-et-de-la-nouvelle-jerusalem\/#primaryimage\"},\"thumbnailUrl\":\"https:\/\/tourtravelandmore.com\/wp-content\/uploads\/2021\/04\/Jerusalemn-4-scaled.jpg\",\"datePublished\":\"2021-04-26T09:46:36+00:00\",\"dateModified\":\"2021-04-26T09:52:07+00:00\",\"description\":\"Visiter la vieille et la nouvelle J\u00e9rusalem est disponible \u00e0 port\u00e9e de main. Alors nous sommes votre meilleure option! \u2705\",\"breadcrumb\":{\"@id\":\"https:\/\/tourtravelandmore.com\/fr\/tours\/israel-fr\/jerusalem-fr\/toutes-les-visites-privees-fr\/visite-privee-dune-journee-de-la-vieille-et-de-la-nouvelle-jerusalem\/#breadcrumb\"},\"inLanguage\":\"fr-FR\",\"potentialAction\":[{\"@type\":\"ReadAction\",\"target\":[\"https:\/\/tourtravelandmore.com\/fr\/tours\/israel-fr\/jerusalem-fr\/toutes-les-visites-privees-fr\/visite-privee-dune-journee-de-la-vieille-et-de-la-nouvelle-jerusalem\/\"]}]},{\"@type\":\"ImageObject\",\"inLanguage\":\"fr-FR\",\"@id\":\"https:\/\/tourtravelandmore.com\/fr\/tours\/israel-fr\/jerusalem-fr\/toutes-les-visites-privees-fr\/visite-privee-dune-journee-de-la-vieille-et-de-la-nouvelle-jerusalem\/#primaryimage\",\"url\":\"https:\/\/tourtravelandmore.com\/wp-content\/uploads\/2021\/04\/Jerusalemn-4-scaled.jpg\",\"contentUrl\":\"https:\/\/tourtravelandmore.com\/wp-content\/uploads\/2021\/04\/Jerusalemn-4-scaled.jpg\",\"width\":2560,\"height\":1707},{\"@type\":\"BreadcrumbList\",\"@id\":\"https:\/\/tourtravelandmore.com\/fr\/tours\/israel-fr\/jerusalem-fr\/toutes-les-visites-privees-fr\/visite-privee-dune-journee-de-la-vieille-et-de-la-nouvelle-jerusalem\/#breadcrumb\",\"itemListElement\":[{\"@type\":\"ListItem\",\"position\":1,\"name\":\"Home\",\"item\":\"https:\/\/tourtravelandmore.com\/fr\/\"},{\"@type\":\"ListItem\",\"position\":2,\"name\":\"Tours\",\"item\":\"https:\/\/tourtravelandmore.com\/fr\/tours\/\"},{\"@type\":\"ListItem\",\"position\":3,\"name\":\"Visite priv\u00e9e d&#8217;une journ\u00e9e de la vieille et de la nouvelle J\u00e9rusalem\"}]},{\"@type\":\"WebSite\",\"@id\":\"https:\/\/tourtravelandmore.com\/fr\/#website\",\"url\":\"https:\/\/tourtravelandmore.com\/fr\/\",\"name\":\"Tour Travel And More\",\"description\":\"Private sightseeing tours and luxury transfers in Spain\",\"publisher\":{\"@id\":\"https:\/\/tourtravelandmore.com\/fr\/#organization\"},\"potentialAction\":[{\"@type\":\"SearchAction\",\"target\":{\"@type\":\"EntryPoint\",\"urlTemplate\":\"https:\/\/tourtravelandmore.com\/fr\/?s={search_term_string}\"},\"query-input\":{\"@type\":\"PropertyValueSpecification\",\"valueRequired\":true,\"valueName\":\"search_term_string\"}}],\"inLanguage\":\"fr-FR\"},{\"@type\":\"Organization\",\"@id\":\"https:\/\/tourtravelandmore.com\/fr\/#organization\",\"name\":\"Tour Travel And More\",\"url\":\"https:\/\/tourtravelandmore.com\/fr\/\",\"logo\":{\"@type\":\"ImageObject\",\"inLanguage\":\"fr-FR\",\"@id\":\"https:\/\/tourtravelandmore.com\/fr\/#\/schema\/logo\/image\/\",\"url\":\"https:\/\/tourtravelandmore.com\/wp-content\/uploads\/2022\/12\/cropped-logo-cabecera-new.png\",\"contentUrl\":\"https:\/\/tourtravelandmore.com\/wp-content\/uploads\/2022\/12\/cropped-logo-cabecera-new.png\",\"width\":430,\"height\":61,\"caption\":\"Tour Travel And More\"},\"image\":{\"@id\":\"https:\/\/tourtravelandmore.com\/fr\/#\/schema\/logo\/image\/\"},\"sameAs\":[\"https:\/\/www.facebook.com\/tourtravelandmore\/\",\"https:\/\/x.com\/TourTravel_More\"]}]}<\/script>\n<!-- \/ Yoast SEO Premium plugin. -->","yoast_head_json":{"title":"Visite priv\u00e9e de l'ancienne et de la nouvelle J\u00e9rusalem","description":"Visiter la vieille et la nouvelle J\u00e9rusalem est disponible \u00e0 port\u00e9e de main. Alors nous sommes votre meilleure option! \u2705","robots":{"index":"index","follow":"follow","max-snippet":"max-snippet:-1","max-image-preview":"max-image-preview:large","max-video-preview":"max-video-preview:-1"},"canonical":"https:\/\/tourtravelandmore.com\/fr\/tours\/israel-fr\/jerusalem-fr\/toutes-les-visites-privees-fr\/visite-privee-dune-journee-de-la-vieille-et-de-la-nouvelle-jerusalem\/","og_locale":"fr_FR","og_type":"article","og_title":"Visite priv\u00e9e d'une journ\u00e9e de la vieille et de la nouvelle J\u00e9rusalem","og_description":"Visiter la vieille et la nouvelle J\u00e9rusalem est disponible \u00e0 port\u00e9e de main. Alors nous sommes votre meilleure option! \u2705","og_url":"https:\/\/tourtravelandmore.com\/fr\/tours\/israel-fr\/jerusalem-fr\/toutes-les-visites-privees-fr\/visite-privee-dune-journee-de-la-vieille-et-de-la-nouvelle-jerusalem\/","og_site_name":"Tour Travel And More","article_publisher":"https:\/\/www.facebook.com\/tourtravelandmore\/","article_modified_time":"2021-04-26T09:52:07+00:00","og_image":[{"width":2560,"height":1707,"url":"https:\/\/tourtravelandmore.com\/wp-content\/uploads\/2021\/04\/Jerusalemn-4-scaled.jpg","type":"image\/jpeg"}],"twitter_card":"summary_large_image","twitter_site":"@TourTravel_More","twitter_misc":{"Dur\u00e9e de lecture estim\u00e9e":"2 minutes"},"schema":{"@context":"https:\/\/schema.org","@graph":[{"@type":"WebPage","@id":"https:\/\/tourtravelandmore.com\/fr\/tours\/israel-fr\/jerusalem-fr\/toutes-les-visites-privees-fr\/visite-privee-dune-journee-de-la-vieille-et-de-la-nouvelle-jerusalem\/","url":"https:\/\/tourtravelandmore.com\/fr\/tours\/israel-fr\/jerusalem-fr\/toutes-les-visites-privees-fr\/visite-privee-dune-journee-de-la-vieille-et-de-la-nouvelle-jerusalem\/","name":"Visite priv\u00e9e de l'ancienne et de la nouvelle J\u00e9rusalem","isPartOf":{"@id":"https:\/\/tourtravelandmore.com\/fr\/#website"},"primaryImageOfPage":{"@id":"https:\/\/tourtravelandmore.com\/fr\/tours\/israel-fr\/jerusalem-fr\/toutes-les-visites-privees-fr\/visite-privee-dune-journee-de-la-vieille-et-de-la-nouvelle-jerusalem\/#primaryimage"},"image":{"@id":"https:\/\/tourtravelandmore.com\/fr\/tours\/israel-fr\/jerusalem-fr\/toutes-les-visites-privees-fr\/visite-privee-dune-journee-de-la-vieille-et-de-la-nouvelle-jerusalem\/#primaryimage"},"thumbnailUrl":"https:\/\/tourtravelandmore.com\/wp-content\/uploads\/2021\/04\/Jerusalemn-4-scaled.jpg","datePublished":"2021-04-26T09:46:36+00:00","dateModified":"2021-04-26T09:52:07+00:00","description":"Visiter la vieille et la nouvelle J\u00e9rusalem est disponible \u00e0 port\u00e9e de main. Alors nous sommes votre meilleure option! \u2705","breadcrumb":{"@id":"https:\/\/tourtravelandmore.com\/fr\/tours\/israel-fr\/jerusalem-fr\/toutes-les-visites-privees-fr\/visite-privee-dune-journee-de-la-vieille-et-de-la-nouvelle-jerusalem\/#breadcrumb"},"inLanguage":"fr-FR","potentialAction":[{"@type":"ReadAction","target":["https:\/\/tourtravelandmore.com\/fr\/tours\/israel-fr\/jerusalem-fr\/toutes-les-visites-privees-fr\/visite-privee-dune-journee-de-la-vieille-et-de-la-nouvelle-jerusalem\/"]}]},{"@type":"ImageObject","inLanguage":"fr-FR","@id":"https:\/\/tourtravelandmore.com\/fr\/tours\/israel-fr\/jerusalem-fr\/toutes-les-visites-privees-fr\/visite-privee-dune-journee-de-la-vieille-et-de-la-nouvelle-jerusalem\/#primaryimage","url":"https:\/\/tourtravelandmore.com\/wp-content\/uploads\/2021\/04\/Jerusalemn-4-scaled.jpg","contentUrl":"https:\/\/tourtravelandmore.com\/wp-content\/uploads\/2021\/04\/Jerusalemn-4-scaled.jpg","width":2560,"height":1707},{"@type":"BreadcrumbList","@id":"https:\/\/tourtravelandmore.com\/fr\/tours\/israel-fr\/jerusalem-fr\/toutes-les-visites-privees-fr\/visite-privee-dune-journee-de-la-vieille-et-de-la-nouvelle-jerusalem\/#breadcrumb","itemListElement":[{"@type":"ListItem","position":1,"name":"Home","item":"https:\/\/tourtravelandmore.com\/fr\/"},{"@type":"ListItem","position":2,"name":"Tours","item":"https:\/\/tourtravelandmore.com\/fr\/tours\/"},{"@type":"ListItem","position":3,"name":"Visite priv\u00e9e d&#8217;une journ\u00e9e de la vieille et de la nouvelle J\u00e9rusalem"}]},{"@type":"WebSite","@id":"https:\/\/tourtravelandmore.com\/fr\/#website","url":"https:\/\/tourtravelandmore.com\/fr\/","name":"Tour Travel And More","description":"Private sightseeing tours and luxury transfers in Spain","publisher":{"@id":"https:\/\/tourtravelandmore.com\/fr\/#organization"},"potentialAction":[{"@type":"SearchAction","target":{"@type":"EntryPoint","urlTemplate":"https:\/\/tourtravelandmore.com\/fr\/?s={search_term_string}"},"query-input":{"@type":"PropertyValueSpecification","valueRequired":true,"valueName":"search_term_string"}}],"inLanguage":"fr-FR"},{"@type":"Organization","@id":"https:\/\/tourtravelandmore.com\/fr\/#organization","name":"Tour Travel And More","url":"https:\/\/tourtravelandmore.com\/fr\/","logo":{"@type":"ImageObject","inLanguage":"fr-FR","@id":"https:\/\/tourtravelandmore.com\/fr\/#\/schema\/logo\/image\/","url":"https:\/\/tourtravelandmore.com\/wp-content\/uploads\/2022\/12\/cropped-logo-cabecera-new.png","contentUrl":"https:\/\/tourtravelandmore.com\/wp-content\/uploads\/2022\/12\/cropped-logo-cabecera-new.png","width":430,"height":61,"caption":"Tour Travel And More"},"image":{"@id":"https:\/\/tourtravelandmore.com\/fr\/#\/schema\/logo\/image\/"},"sameAs":["https:\/\/www.facebook.com\/tourtravelandmore\/","https:\/\/x.com\/TourTravel_More"]}]}},"_links":{"self":[{"href":"https:\/\/tourtravelandmore.com\/fr\/wp-json\/wp\/v2\/product\/106567","targetHints":{"allow":["GET"]}}],"collection":[{"href":"https:\/\/tourtravelandmore.com\/fr\/wp-json\/wp\/v2\/product"}],"about":[{"href":"https:\/\/tourtravelandmore.com\/fr\/wp-json\/wp\/v2\/types\/product"}],"replies":[{"embeddable":true,"href":"https:\/\/tourtravelandmore.com\/fr\/wp-json\/wp\/v2\/comments?post=106567"}],"wp:featuredmedia":[{"embeddable":true,"href":"https:\/\/tourtravelandmore.com\/fr\/wp-json\/wp\/v2\/media\/106085"}],"wp:attachment":[{"href":"https:\/\/tourtravelandmore.com\/fr\/wp-json\/wp\/v2\/media?parent=106567"}],"wp:term":[{"taxonomy":"product_brand","embeddable":true,"href":"https:\/\/tourtravelandmore.com\/fr\/wp-json\/wp\/v2\/product_brand?post=106567"},{"taxonomy":"product_cat","embeddable":true,"href":"https:\/\/tourtravelandmore.com\/fr\/wp-json\/wp\/v2\/product_cat?post=106567"},{"taxonomy":"product_tag","embeddable":true,"href":"https:\/\/tourtravelandmore.com\/fr\/wp-json\/wp\/v2\/product_tag?post=106567"}],"curies":[{"name":"wp","href":"https:\/\/api.w.org\/{rel}","templated":true}]}}