{"id":106548,"date":"2021-04-26T11:37:33","date_gmt":"2021-04-26T09:37:44","guid":{"rendered":"https:\/\/tourtravelandmore.com\/?post_type=product&#038;p=106548"},"modified":"2021-04-26T11:42:12","modified_gmt":"2021-04-26T09:42:12","slug":"visite-privee-dune-journee-complete-de-jerusalem-et-bethleem-au-depart-de-jerusalem","status":"publish","type":"product","link":"https:\/\/tourtravelandmore.com\/fr\/tours\/israel-fr\/jerusalem-fr\/toutes-les-visites-privees-fr\/visite-privee-dune-journee-complete-de-jerusalem-et-bethleem-au-depart-de-jerusalem\/","title":{"rendered":"Visite priv\u00e9e d&#8217;une journ\u00e9e compl\u00e8te de J\u00e9rusalem et Bethl\u00e9em au d\u00e9part de J\u00e9rusalem"},"content":{"rendered":"<h2>Description<\/h2>\n<p>J\u00e9rusalem et Bethl\u00e9em ont acquis une grande renomm\u00e9e au fil des ans, et constamment, le nombre de personnes qui d\u00e9cident de visiter ces endroits, continue de cro\u00eetre. Maintenant, quels sont les secrets de ces lieux? Nous vous encourageons \u00e0 faire une visite priv\u00e9e d&#8217;une journ\u00e9e compl\u00e8te de J\u00e9rusalem et de Bethl\u00e9em et de les d\u00e9couvrir, ce sera une exp\u00e9rience que vous n&#8217;oublierez jamais!<\/p>\n<h4>Que peut-on voir lors de la visite priv\u00e9e d&#8217;une journ\u00e9e compl\u00e8te de J\u00e9rusalem et de Bethl\u00e9em au d\u00e9part de J\u00e9rusalem?<\/h4>\n<p>Vous pouvez faire un tour dans les rues de la vieille ville de J\u00e9rusalem dans nos voitures de luxe, id\u00e9ales pour faire ce type de visite priv\u00e9e. Profitez des exp\u00e9riences dans les sites les plus remarquables du lieu, pour ne plus rien regretter; Vous pouvez m\u00eame personnaliser certains aspects de la visite que vous suivrez avec notre chauffeur \/ guide officiel tout au long de la visite de 8 heures.<\/p>\n<p>Vous pouvez entendre des histoires fascinantes des habitants, profiter de la pause de midi pour savourer votre d\u00e9jeuner par vous-m\u00eame, puis continuer le voyage vers Bethl\u00e9em. Observez diff\u00e9rents paysages racont\u00e9s dans diverses histoires bibliques et apprenez-en davantage sur les coutumes locales des gens; l&#8217;aper\u00e7u et les conseils que vous recevrez ont \u00e9t\u00e9 pr\u00e9par\u00e9s de la meilleure qualit\u00e9 possible pour vous.<\/p>\n<h2>Sites d&#8217;int\u00e9r\u00eat et points de rep\u00e8re<\/h2>\n<h4>O\u00f9 commence la visite priv\u00e9e d&#8217;une journ\u00e9e compl\u00e8te de J\u00e9rusalem et de Bethl\u00e9em au d\u00e9part de J\u00e9rusalem?<\/h4>\n<p>L&#8217;ensemble de la visite qui vous attend commencera \u00e0 partir du moment o\u00f9 le chauffeur \/ guide officiel viendra pour vous et votre famille \u00e0 l&#8217;h\u00f4tel de J\u00e9rusalem. Pour conna\u00eetre l&#8217;heure de d\u00e9part de cette visite qui durera 8 heures, veuillez contacter le fournisseur local et reconfirmer l&#8217;heure de la r\u00e9union.<\/p>\n<h4>\u00c0 quoi s&#8217;attendre pendant le voyage<\/h4>\n<p>Tout au long de l&#8217;excursion d&#8217;une journ\u00e9e, vous d\u00e9couvrirez certains des endroits les plus remarquables de J\u00e9rusalem et de Bethl\u00e9em. Par exemple, vous d\u00e9couvrirez le domaine des bergers bibliques, dans lequel on croit que les anges ont proclam\u00e9 la naissance de J\u00e9sus; Vous pouvez \u00e9galement visiter les piscines de Salomon et m\u00eame entrer dans l&#8217;\u00e9glise de la Nativit\u00e9 du 4\u00e8me si\u00e8cle. Dans l&#8217;itin\u00e9raire, vous pourrez conna\u00eetre certaines destinations telles que:<\/p>\n<ul>\n<li>Le mont du temple<\/li>\n<li>L&#8217;\u00e9glise du Saint-S\u00e9pulcre<\/li>\n<li>Le mur occidental<\/li>\n<li>La vieille ville de J\u00e9rusalem<\/li>\n<\/ul>\n<p>N&#8217;oubliez pas que vous devez respecter un code vestimentaire pour visiter les lieux saints, par exemple, les shorts ou les hauts sans manches ne sont pas autoris\u00e9s; et les genoux et les \u00e9paules doivent \u00eatre couverts. Si toutes les conditions sont remplies, vous pouvez profiter au maximum de la visite priv\u00e9e.<\/p>\n<p>&nbsp;<\/p>\n","protected":false},"excerpt":{"rendered":"<p>Profitez de l&#8217;opportunit\u00e9 de faire une visite priv\u00e9e d&#8217;une journ\u00e9e compl\u00e8te de J\u00e9rusalem et Bethl\u00e9em. Ce sera une occasion incontournable dont tous les membres de la famille pourront profiter. Apprenez-en plus!<\/p>\n","protected":false},"featured_media":106070,"comment_status":"open","ping_status":"closed","template":"","meta":{"_acf_changed":false},"product_brand":[],"product_cat":[3862,3864,3882,3885,3883],"product_tag":[],"class_list":{"0":"post-106548","1":"product","2":"type-product","3":"status-publish","4":"has-post-thumbnail","6":"product_cat-israel-fr","7":"product_cat-jerusalem-fr","8":"product_cat-toutes-les-visites-privees-fr","9":"product_cat-visites-dune-journee-complete-fr","10":"product_cat-excursions-a-terre-fr","12":"first","13":"instock","14":"shipping-taxable","15":"purchasable","16":"product-type-simple"},"acf":[],"yoast_head":"<!-- This site is optimized with the Yoast SEO Premium plugin v25.3.1 (Yoast SEO v25.3.1) - https:\/\/yoast.com\/wordpress\/plugins\/seo\/ -->\n<title>Visite priv\u00e9e d&#039;une journ\u00e9e compl\u00e8te de J\u00e9rusalem et Bethl\u00e9em<\/title>\n<meta name=\"description\" content=\"Avec une visite priv\u00e9e d&#039;une journ\u00e9e compl\u00e8te de J\u00e9rusalem et de Bethl\u00e9em, vous verrez de nombreux sites incroyables.\" \/>\n<meta name=\"robots\" content=\"index, follow, max-snippet:-1, max-image-preview:large, max-video-preview:-1\" \/>\n<link rel=\"canonical\" href=\"https:\/\/tourtravelandmore.com\/fr\/tours\/israel-fr\/jerusalem-fr\/toutes-les-visites-privees-fr\/visite-privee-dune-journee-complete-de-jerusalem-et-bethleem-au-depart-de-jerusalem\/\" \/>\n<meta property=\"og:locale\" content=\"fr_FR\" \/>\n<meta property=\"og:type\" content=\"article\" \/>\n<meta property=\"og:title\" content=\"Visite priv\u00e9e d&#039;une journ\u00e9e compl\u00e8te de J\u00e9rusalem et Bethl\u00e9em au d\u00e9part de J\u00e9rusalem\" \/>\n<meta property=\"og:description\" content=\"Avec une visite priv\u00e9e d&#039;une journ\u00e9e compl\u00e8te de J\u00e9rusalem et de Bethl\u00e9em, vous verrez de nombreux sites incroyables.\" \/>\n<meta property=\"og:url\" content=\"https:\/\/tourtravelandmore.com\/fr\/tours\/israel-fr\/jerusalem-fr\/toutes-les-visites-privees-fr\/visite-privee-dune-journee-complete-de-jerusalem-et-bethleem-au-depart-de-jerusalem\/\" \/>\n<meta property=\"og:site_name\" content=\"Tour Travel And More\" \/>\n<meta property=\"article:publisher\" content=\"https:\/\/www.facebook.com\/tourtravelandmore\/\" \/>\n<meta property=\"article:modified_time\" content=\"2021-04-26T09:42:12+00:00\" \/>\n<meta property=\"og:image\" content=\"https:\/\/tourtravelandmore.com\/wp-content\/uploads\/2021\/04\/Jersualem-6-scaled.jpg\" \/>\n\t<meta property=\"og:image:width\" content=\"2560\" \/>\n\t<meta property=\"og:image:height\" content=\"1707\" \/>\n\t<meta property=\"og:image:type\" content=\"image\/jpeg\" \/>\n<meta name=\"twitter:card\" content=\"summary_large_image\" \/>\n<meta name=\"twitter:site\" content=\"@TourTravel_More\" \/>\n<meta name=\"twitter:label1\" content=\"Dur\u00e9e de lecture estim\u00e9e\" \/>\n\t<meta name=\"twitter:data1\" content=\"2 minutes\" \/>\n<script type=\"application\/ld+json\" class=\"yoast-schema-graph\">{\"@context\":\"https:\/\/schema.org\",\"@graph\":[{\"@type\":\"WebPage\",\"@id\":\"https:\/\/tourtravelandmore.com\/fr\/tours\/israel-fr\/jerusalem-fr\/toutes-les-visites-privees-fr\/visite-privee-dune-journee-complete-de-jerusalem-et-bethleem-au-depart-de-jerusalem\/\",\"url\":\"https:\/\/tourtravelandmore.com\/fr\/tours\/israel-fr\/jerusalem-fr\/toutes-les-visites-privees-fr\/visite-privee-dune-journee-complete-de-jerusalem-et-bethleem-au-depart-de-jerusalem\/\",\"name\":\"Visite priv\u00e9e d'une journ\u00e9e compl\u00e8te de J\u00e9rusalem et Bethl\u00e9em\",\"isPartOf\":{\"@id\":\"https:\/\/tourtravelandmore.com\/fr\/#website\"},\"primaryImageOfPage\":{\"@id\":\"https:\/\/tourtravelandmore.com\/fr\/tours\/israel-fr\/jerusalem-fr\/toutes-les-visites-privees-fr\/visite-privee-dune-journee-complete-de-jerusalem-et-bethleem-au-depart-de-jerusalem\/#primaryimage\"},\"image\":{\"@id\":\"https:\/\/tourtravelandmore.com\/fr\/tours\/israel-fr\/jerusalem-fr\/toutes-les-visites-privees-fr\/visite-privee-dune-journee-complete-de-jerusalem-et-bethleem-au-depart-de-jerusalem\/#primaryimage\"},\"thumbnailUrl\":\"https:\/\/tourtravelandmore.com\/wp-content\/uploads\/2021\/04\/Jersualem-6-scaled.jpg\",\"datePublished\":\"2021-04-26T09:37:44+00:00\",\"dateModified\":\"2021-04-26T09:42:12+00:00\",\"description\":\"Avec une visite priv\u00e9e d'une journ\u00e9e compl\u00e8te de J\u00e9rusalem et de Bethl\u00e9em, vous verrez de nombreux sites incroyables.\",\"breadcrumb\":{\"@id\":\"https:\/\/tourtravelandmore.com\/fr\/tours\/israel-fr\/jerusalem-fr\/toutes-les-visites-privees-fr\/visite-privee-dune-journee-complete-de-jerusalem-et-bethleem-au-depart-de-jerusalem\/#breadcrumb\"},\"inLanguage\":\"fr-FR\",\"potentialAction\":[{\"@type\":\"ReadAction\",\"target\":[\"https:\/\/tourtravelandmore.com\/fr\/tours\/israel-fr\/jerusalem-fr\/toutes-les-visites-privees-fr\/visite-privee-dune-journee-complete-de-jerusalem-et-bethleem-au-depart-de-jerusalem\/\"]}]},{\"@type\":\"ImageObject\",\"inLanguage\":\"fr-FR\",\"@id\":\"https:\/\/tourtravelandmore.com\/fr\/tours\/israel-fr\/jerusalem-fr\/toutes-les-visites-privees-fr\/visite-privee-dune-journee-complete-de-jerusalem-et-bethleem-au-depart-de-jerusalem\/#primaryimage\",\"url\":\"https:\/\/tourtravelandmore.com\/wp-content\/uploads\/2021\/04\/Jersualem-6-scaled.jpg\",\"contentUrl\":\"https:\/\/tourtravelandmore.com\/wp-content\/uploads\/2021\/04\/Jersualem-6-scaled.jpg\",\"width\":2560,\"height\":1707},{\"@type\":\"BreadcrumbList\",\"@id\":\"https:\/\/tourtravelandmore.com\/fr\/tours\/israel-fr\/jerusalem-fr\/toutes-les-visites-privees-fr\/visite-privee-dune-journee-complete-de-jerusalem-et-bethleem-au-depart-de-jerusalem\/#breadcrumb\",\"itemListElement\":[{\"@type\":\"ListItem\",\"position\":1,\"name\":\"Home\",\"item\":\"https:\/\/tourtravelandmore.com\/fr\/\"},{\"@type\":\"ListItem\",\"position\":2,\"name\":\"Tours\",\"item\":\"https:\/\/tourtravelandmore.com\/fr\/tours\/\"},{\"@type\":\"ListItem\",\"position\":3,\"name\":\"Visite priv\u00e9e d&#8217;une journ\u00e9e compl\u00e8te de J\u00e9rusalem et Bethl\u00e9em au d\u00e9part de J\u00e9rusalem\"}]},{\"@type\":\"WebSite\",\"@id\":\"https:\/\/tourtravelandmore.com\/fr\/#website\",\"url\":\"https:\/\/tourtravelandmore.com\/fr\/\",\"name\":\"Tour Travel And More\",\"description\":\"Private sightseeing tours and luxury transfers in Spain\",\"publisher\":{\"@id\":\"https:\/\/tourtravelandmore.com\/fr\/#organization\"},\"potentialAction\":[{\"@type\":\"SearchAction\",\"target\":{\"@type\":\"EntryPoint\",\"urlTemplate\":\"https:\/\/tourtravelandmore.com\/fr\/?s={search_term_string}\"},\"query-input\":{\"@type\":\"PropertyValueSpecification\",\"valueRequired\":true,\"valueName\":\"search_term_string\"}}],\"inLanguage\":\"fr-FR\"},{\"@type\":\"Organization\",\"@id\":\"https:\/\/tourtravelandmore.com\/fr\/#organization\",\"name\":\"Tour Travel And More\",\"url\":\"https:\/\/tourtravelandmore.com\/fr\/\",\"logo\":{\"@type\":\"ImageObject\",\"inLanguage\":\"fr-FR\",\"@id\":\"https:\/\/tourtravelandmore.com\/fr\/#\/schema\/logo\/image\/\",\"url\":\"https:\/\/tourtravelandmore.com\/wp-content\/uploads\/2022\/12\/cropped-logo-cabecera-new.png\",\"contentUrl\":\"https:\/\/tourtravelandmore.com\/wp-content\/uploads\/2022\/12\/cropped-logo-cabecera-new.png\",\"width\":430,\"height\":61,\"caption\":\"Tour Travel And More\"},\"image\":{\"@id\":\"https:\/\/tourtravelandmore.com\/fr\/#\/schema\/logo\/image\/\"},\"sameAs\":[\"https:\/\/www.facebook.com\/tourtravelandmore\/\",\"https:\/\/x.com\/TourTravel_More\"]}]}<\/script>\n<!-- \/ Yoast SEO Premium plugin. -->","yoast_head_json":{"title":"Visite priv\u00e9e d'une journ\u00e9e compl\u00e8te de J\u00e9rusalem et Bethl\u00e9em","description":"Avec une visite priv\u00e9e d'une journ\u00e9e compl\u00e8te de J\u00e9rusalem et de Bethl\u00e9em, vous verrez de nombreux sites incroyables.","robots":{"index":"index","follow":"follow","max-snippet":"max-snippet:-1","max-image-preview":"max-image-preview:large","max-video-preview":"max-video-preview:-1"},"canonical":"https:\/\/tourtravelandmore.com\/fr\/tours\/israel-fr\/jerusalem-fr\/toutes-les-visites-privees-fr\/visite-privee-dune-journee-complete-de-jerusalem-et-bethleem-au-depart-de-jerusalem\/","og_locale":"fr_FR","og_type":"article","og_title":"Visite priv\u00e9e d'une journ\u00e9e compl\u00e8te de J\u00e9rusalem et Bethl\u00e9em au d\u00e9part de J\u00e9rusalem","og_description":"Avec une visite priv\u00e9e d'une journ\u00e9e compl\u00e8te de J\u00e9rusalem et de Bethl\u00e9em, vous verrez de nombreux sites incroyables.","og_url":"https:\/\/tourtravelandmore.com\/fr\/tours\/israel-fr\/jerusalem-fr\/toutes-les-visites-privees-fr\/visite-privee-dune-journee-complete-de-jerusalem-et-bethleem-au-depart-de-jerusalem\/","og_site_name":"Tour Travel And More","article_publisher":"https:\/\/www.facebook.com\/tourtravelandmore\/","article_modified_time":"2021-04-26T09:42:12+00:00","og_image":[{"width":2560,"height":1707,"url":"https:\/\/tourtravelandmore.com\/wp-content\/uploads\/2021\/04\/Jersualem-6-scaled.jpg","type":"image\/jpeg"}],"twitter_card":"summary_large_image","twitter_site":"@TourTravel_More","twitter_misc":{"Dur\u00e9e de lecture estim\u00e9e":"2 minutes"},"schema":{"@context":"https:\/\/schema.org","@graph":[{"@type":"WebPage","@id":"https:\/\/tourtravelandmore.com\/fr\/tours\/israel-fr\/jerusalem-fr\/toutes-les-visites-privees-fr\/visite-privee-dune-journee-complete-de-jerusalem-et-bethleem-au-depart-de-jerusalem\/","url":"https:\/\/tourtravelandmore.com\/fr\/tours\/israel-fr\/jerusalem-fr\/toutes-les-visites-privees-fr\/visite-privee-dune-journee-complete-de-jerusalem-et-bethleem-au-depart-de-jerusalem\/","name":"Visite priv\u00e9e d'une journ\u00e9e compl\u00e8te de J\u00e9rusalem et Bethl\u00e9em","isPartOf":{"@id":"https:\/\/tourtravelandmore.com\/fr\/#website"},"primaryImageOfPage":{"@id":"https:\/\/tourtravelandmore.com\/fr\/tours\/israel-fr\/jerusalem-fr\/toutes-les-visites-privees-fr\/visite-privee-dune-journee-complete-de-jerusalem-et-bethleem-au-depart-de-jerusalem\/#primaryimage"},"image":{"@id":"https:\/\/tourtravelandmore.com\/fr\/tours\/israel-fr\/jerusalem-fr\/toutes-les-visites-privees-fr\/visite-privee-dune-journee-complete-de-jerusalem-et-bethleem-au-depart-de-jerusalem\/#primaryimage"},"thumbnailUrl":"https:\/\/tourtravelandmore.com\/wp-content\/uploads\/2021\/04\/Jersualem-6-scaled.jpg","datePublished":"2021-04-26T09:37:44+00:00","dateModified":"2021-04-26T09:42:12+00:00","description":"Avec une visite priv\u00e9e d'une journ\u00e9e compl\u00e8te de J\u00e9rusalem et de Bethl\u00e9em, vous verrez de nombreux sites incroyables.","breadcrumb":{"@id":"https:\/\/tourtravelandmore.com\/fr\/tours\/israel-fr\/jerusalem-fr\/toutes-les-visites-privees-fr\/visite-privee-dune-journee-complete-de-jerusalem-et-bethleem-au-depart-de-jerusalem\/#breadcrumb"},"inLanguage":"fr-FR","potentialAction":[{"@type":"ReadAction","target":["https:\/\/tourtravelandmore.com\/fr\/tours\/israel-fr\/jerusalem-fr\/toutes-les-visites-privees-fr\/visite-privee-dune-journee-complete-de-jerusalem-et-bethleem-au-depart-de-jerusalem\/"]}]},{"@type":"ImageObject","inLanguage":"fr-FR","@id":"https:\/\/tourtravelandmore.com\/fr\/tours\/israel-fr\/jerusalem-fr\/toutes-les-visites-privees-fr\/visite-privee-dune-journee-complete-de-jerusalem-et-bethleem-au-depart-de-jerusalem\/#primaryimage","url":"https:\/\/tourtravelandmore.com\/wp-content\/uploads\/2021\/04\/Jersualem-6-scaled.jpg","contentUrl":"https:\/\/tourtravelandmore.com\/wp-content\/uploads\/2021\/04\/Jersualem-6-scaled.jpg","width":2560,"height":1707},{"@type":"BreadcrumbList","@id":"https:\/\/tourtravelandmore.com\/fr\/tours\/israel-fr\/jerusalem-fr\/toutes-les-visites-privees-fr\/visite-privee-dune-journee-complete-de-jerusalem-et-bethleem-au-depart-de-jerusalem\/#breadcrumb","itemListElement":[{"@type":"ListItem","position":1,"name":"Home","item":"https:\/\/tourtravelandmore.com\/fr\/"},{"@type":"ListItem","position":2,"name":"Tours","item":"https:\/\/tourtravelandmore.com\/fr\/tours\/"},{"@type":"ListItem","position":3,"name":"Visite priv\u00e9e d&#8217;une journ\u00e9e compl\u00e8te de J\u00e9rusalem et Bethl\u00e9em au d\u00e9part de J\u00e9rusalem"}]},{"@type":"WebSite","@id":"https:\/\/tourtravelandmore.com\/fr\/#website","url":"https:\/\/tourtravelandmore.com\/fr\/","name":"Tour Travel And More","description":"Private sightseeing tours and luxury transfers in Spain","publisher":{"@id":"https:\/\/tourtravelandmore.com\/fr\/#organization"},"potentialAction":[{"@type":"SearchAction","target":{"@type":"EntryPoint","urlTemplate":"https:\/\/tourtravelandmore.com\/fr\/?s={search_term_string}"},"query-input":{"@type":"PropertyValueSpecification","valueRequired":true,"valueName":"search_term_string"}}],"inLanguage":"fr-FR"},{"@type":"Organization","@id":"https:\/\/tourtravelandmore.com\/fr\/#organization","name":"Tour Travel And More","url":"https:\/\/tourtravelandmore.com\/fr\/","logo":{"@type":"ImageObject","inLanguage":"fr-FR","@id":"https:\/\/tourtravelandmore.com\/fr\/#\/schema\/logo\/image\/","url":"https:\/\/tourtravelandmore.com\/wp-content\/uploads\/2022\/12\/cropped-logo-cabecera-new.png","contentUrl":"https:\/\/tourtravelandmore.com\/wp-content\/uploads\/2022\/12\/cropped-logo-cabecera-new.png","width":430,"height":61,"caption":"Tour Travel And More"},"image":{"@id":"https:\/\/tourtravelandmore.com\/fr\/#\/schema\/logo\/image\/"},"sameAs":["https:\/\/www.facebook.com\/tourtravelandmore\/","https:\/\/x.com\/TourTravel_More"]}]}},"_links":{"self":[{"href":"https:\/\/tourtravelandmore.com\/fr\/wp-json\/wp\/v2\/product\/106548","targetHints":{"allow":["GET"]}}],"collection":[{"href":"https:\/\/tourtravelandmore.com\/fr\/wp-json\/wp\/v2\/product"}],"about":[{"href":"https:\/\/tourtravelandmore.com\/fr\/wp-json\/wp\/v2\/types\/product"}],"replies":[{"embeddable":true,"href":"https:\/\/tourtravelandmore.com\/fr\/wp-json\/wp\/v2\/comments?post=106548"}],"wp:featuredmedia":[{"embeddable":true,"href":"https:\/\/tourtravelandmore.com\/fr\/wp-json\/wp\/v2\/media\/106070"}],"wp:attachment":[{"href":"https:\/\/tourtravelandmore.com\/fr\/wp-json\/wp\/v2\/media?parent=106548"}],"wp:term":[{"taxonomy":"product_brand","embeddable":true,"href":"https:\/\/tourtravelandmore.com\/fr\/wp-json\/wp\/v2\/product_brand?post=106548"},{"taxonomy":"product_cat","embeddable":true,"href":"https:\/\/tourtravelandmore.com\/fr\/wp-json\/wp\/v2\/product_cat?post=106548"},{"taxonomy":"product_tag","embeddable":true,"href":"https:\/\/tourtravelandmore.com\/fr\/wp-json\/wp\/v2\/product_tag?post=106548"}],"curies":[{"name":"wp","href":"https:\/\/api.w.org\/{rel}","templated":true}]}}