{"id":106526,"date":"2021-04-26T11:28:27","date_gmt":"2021-04-26T09:28:38","guid":{"rendered":"https:\/\/tourtravelandmore.com\/?post_type=product&#038;p=106526"},"modified":"2021-04-26T11:34:26","modified_gmt":"2021-04-26T09:34:26","slug":"visite-privee-a-pied-de-jerusalem","status":"publish","type":"product","link":"https:\/\/tourtravelandmore.com\/fr\/tours\/israel-fr\/jerusalem-fr\/transfertsprives-fr\/visite-privee-a-pied-de-jerusalem\/","title":{"rendered":"Visite priv\u00e9e \u00e0 pied de J\u00e9rusalem"},"content":{"rendered":"<h2>Description<\/h2>\n<p>Voulez-vous suivre les meilleurs sites touristiques de J\u00e9rusalem \u00e0 pied? Marcher dans les m\u00eames endroits o\u00f9 J\u00e9sus et d&#8217;autres personnages importants sont intervenus, c&#8217;est quelque chose que beaucoup aimeraient. Et ceci est \u00e0 votre disposition, comme avec notre visite priv\u00e9e \u00e0 pied de J\u00e9rusalem d&#8217;environ 3 heures, les opportunit\u00e9s qui s&#8217;ouvriront devant vous seront infinies.<\/p>\n<h4>Que peut-on voir lors de la visite priv\u00e9e \u00e0 pied de J\u00e9rusalem?<\/h4>\n<p>Pendant toute la dur\u00e9e de la visite, notre guide officiel veillera \u00e0 ce que vous profitiez au maximum de cette visite \u00e0 J\u00e9rusalem. Vous aurez l&#8217;occasion de parcourir la Via Dolorosa, qui est le chemin par lequel J\u00e9sus a fait le voyage vers la crucifixion; marchez directement sur le Mont des Oliviers, un autre des endroits o\u00f9 J\u00e9sus \u00e9tait pr\u00e9sent.<\/p>\n<p>Au cours du voyage, vous pourrez \u00e9galement voir certains des endroits les plus remarquables de l&#8217;endroit; par exemple, dans la vieille J\u00e9rusalem, se trouve le fonds Bethesda, il y a aussi l&#8217;\u00e9glise de Santa Ana ou le couvent des s\u0153urs de Sion. Dans tous les cas, les opportunit\u00e9s qui s&#8217;offrent \u00e0 vous sont uniques, et vous ne pouvez le faire qu&#8217;avec notre excellent service de la plus haute qualit\u00e9.<\/p>\n<h2>Sites d&#8217;int\u00e9r\u00eat et points de rep\u00e8re<\/h2>\n<p>O\u00f9 commence la visite priv\u00e9e \u00e0 pied de J\u00e9rusalem?<\/p>\n<p>L&#8217;ensemble du voyage qui vous attend \u00e0 pied pendant ces 3 heures commencera \u00e0 partir du moment o\u00f9 les voyageurs quittent leur h\u00f4tel ou de leur prise en charge. Ensuite, le guide officiel hautement qualifi\u00e9 se chargera de vous fournir les informations les plus pr\u00e9cises sur les d\u00e9tails du lieu.<\/p>\n<p>\u00c0 quoi s&#8217;attendre pendant le voyage<\/p>\n<p>Tout d&#8217;abord, vous pouvez vous arr\u00eater pour contempler l&#8217;imposant mont des Oliviers, et du sommet, vous pouvez profiter d&#8217;une vue magnifique qui traverse tout J\u00e9rusalem. Ensuite, vous pouvez monter le mont jusqu&#8217;\u00e0 l&#8217;\u00e9glise de toutes les nations, que beaucoup connaissent comme la basilique de l&#8217;agonie, tout pr\u00e8s du jardin de Geths\u00e9mani. Visitez le cimeti\u00e8re juif de Kidron Valley et dirigez-vous vers la piscine Bethesda, qui est une piscine d&#8217;eau que beaucoup associent \u00e0 la gu\u00e9rison. En outre:<\/p>\n<ul>\n<li>Profitez de la visite guid\u00e9e \u00e0 pied de la J\u00e9rusalem chr\u00e9tienne<\/li>\n<li>Suivez les m\u00eames \u00e9tapes que J\u00e9sus a suivies, en partant du Mont des Oliviers jusqu&#8217;\u00e0 la Via Dolorosa.<\/li>\n<li>\u00c9coutez une multitude d&#8217;histoires bibliques peu connues et d&#8217;histoires sur J\u00e9sus.<\/li>\n<li>Visitez la vieille ville et capturez-en quelques d\u00e9tails sur des photos, telles que le couvent des s\u0153urs de Sion et la piscine Bethesda.<\/li>\n<\/ul>\n<p>&nbsp;<\/p>\n","protected":false},"excerpt":{"rendered":"<p>En faisant une visite \u00e0 pied de J\u00e9rusalem, vous pourrez observer de nombreux d\u00e9tails et interagir avec les habitants. De plus, vous vivrez une exp\u00e9rience totalement inoubliable. En savoir plus sur cette excursion priv\u00e9e!<\/p>\n","protected":false},"featured_media":106073,"comment_status":"open","ping_status":"closed","template":"","meta":{"_acf_changed":false},"product_brand":[],"product_cat":[3862,3864,3882,3884,3880,3881,3883],"product_tag":[],"class_list":{"0":"post-106526","1":"product","2":"type-product","3":"status-publish","4":"has-post-thumbnail","6":"product_cat-israel-fr","7":"product_cat-jerusalem-fr","8":"product_cat-toutes-les-visites-privees-fr","9":"product_cat-visites-dune-demi-journee-fr","10":"product_cat-transfertsprives-fr","11":"product_cat-visites-privees-a-pied-fr","12":"product_cat-excursions-a-terre-fr","14":"first","15":"instock","16":"shipping-taxable","17":"purchasable","18":"product-type-simple"},"acf":[],"yoast_head":"<!-- This site is optimized with the Yoast SEO Premium plugin v25.3.1 (Yoast SEO v25.3.1) - https:\/\/yoast.com\/wordpress\/plugins\/seo\/ -->\n<title>Visite priv\u00e9e \u00e0 pied de J\u00e9rusalem - Tour travel &amp; More<\/title>\n<meta name=\"description\" content=\"D\u00e9couvrez des histoires et des lieux que beaucoup aimeraient voir de pr\u00e8s, gr\u00e2ce \u00e0 cette visite priv\u00e9e \u00e0 pied de J\u00e9rusalem\" \/>\n<meta name=\"robots\" content=\"index, follow, max-snippet:-1, max-image-preview:large, max-video-preview:-1\" \/>\n<link rel=\"canonical\" href=\"https:\/\/tourtravelandmore.com\/fr\/tours\/israel-fr\/jerusalem-fr\/transfertsprives-fr\/visite-privee-a-pied-de-jerusalem\/\" \/>\n<meta property=\"og:locale\" content=\"fr_FR\" \/>\n<meta property=\"og:type\" content=\"article\" \/>\n<meta property=\"og:title\" content=\"Visite priv\u00e9e \u00e0 pied de J\u00e9rusalem\" \/>\n<meta property=\"og:description\" content=\"D\u00e9couvrez des histoires et des lieux que beaucoup aimeraient voir de pr\u00e8s, gr\u00e2ce \u00e0 cette visite priv\u00e9e \u00e0 pied de J\u00e9rusalem\" \/>\n<meta property=\"og:url\" content=\"https:\/\/tourtravelandmore.com\/fr\/tours\/israel-fr\/jerusalem-fr\/transfertsprives-fr\/visite-privee-a-pied-de-jerusalem\/\" \/>\n<meta property=\"og:site_name\" content=\"Tour Travel And More\" \/>\n<meta property=\"article:publisher\" content=\"https:\/\/www.facebook.com\/tourtravelandmore\/\" \/>\n<meta property=\"article:modified_time\" content=\"2021-04-26T09:34:26+00:00\" \/>\n<meta property=\"og:image\" content=\"https:\/\/tourtravelandmore.com\/wp-content\/uploads\/2021\/04\/Jerusalem-1-scaled.jpg\" \/>\n\t<meta property=\"og:image:width\" content=\"1707\" \/>\n\t<meta property=\"og:image:height\" content=\"2560\" \/>\n\t<meta property=\"og:image:type\" content=\"image\/jpeg\" \/>\n<meta name=\"twitter:card\" content=\"summary_large_image\" \/>\n<meta name=\"twitter:site\" content=\"@TourTravel_More\" \/>\n<meta name=\"twitter:label1\" content=\"Dur\u00e9e de lecture estim\u00e9e\" \/>\n\t<meta name=\"twitter:data1\" content=\"2 minutes\" \/>\n<script type=\"application\/ld+json\" class=\"yoast-schema-graph\">{\"@context\":\"https:\/\/schema.org\",\"@graph\":[{\"@type\":\"WebPage\",\"@id\":\"https:\/\/tourtravelandmore.com\/fr\/tours\/israel-fr\/jerusalem-fr\/transfertsprives-fr\/visite-privee-a-pied-de-jerusalem\/\",\"url\":\"https:\/\/tourtravelandmore.com\/fr\/tours\/israel-fr\/jerusalem-fr\/transfertsprives-fr\/visite-privee-a-pied-de-jerusalem\/\",\"name\":\"Visite priv\u00e9e \u00e0 pied de J\u00e9rusalem - Tour travel & More\",\"isPartOf\":{\"@id\":\"https:\/\/tourtravelandmore.com\/fr\/#website\"},\"primaryImageOfPage\":{\"@id\":\"https:\/\/tourtravelandmore.com\/fr\/tours\/israel-fr\/jerusalem-fr\/transfertsprives-fr\/visite-privee-a-pied-de-jerusalem\/#primaryimage\"},\"image\":{\"@id\":\"https:\/\/tourtravelandmore.com\/fr\/tours\/israel-fr\/jerusalem-fr\/transfertsprives-fr\/visite-privee-a-pied-de-jerusalem\/#primaryimage\"},\"thumbnailUrl\":\"https:\/\/tourtravelandmore.com\/wp-content\/uploads\/2021\/04\/Jerusalem-1-scaled.jpg\",\"datePublished\":\"2021-04-26T09:28:38+00:00\",\"dateModified\":\"2021-04-26T09:34:26+00:00\",\"description\":\"D\u00e9couvrez des histoires et des lieux que beaucoup aimeraient voir de pr\u00e8s, gr\u00e2ce \u00e0 cette visite priv\u00e9e \u00e0 pied de J\u00e9rusalem\",\"breadcrumb\":{\"@id\":\"https:\/\/tourtravelandmore.com\/fr\/tours\/israel-fr\/jerusalem-fr\/transfertsprives-fr\/visite-privee-a-pied-de-jerusalem\/#breadcrumb\"},\"inLanguage\":\"fr-FR\",\"potentialAction\":[{\"@type\":\"ReadAction\",\"target\":[\"https:\/\/tourtravelandmore.com\/fr\/tours\/israel-fr\/jerusalem-fr\/transfertsprives-fr\/visite-privee-a-pied-de-jerusalem\/\"]}]},{\"@type\":\"ImageObject\",\"inLanguage\":\"fr-FR\",\"@id\":\"https:\/\/tourtravelandmore.com\/fr\/tours\/israel-fr\/jerusalem-fr\/transfertsprives-fr\/visite-privee-a-pied-de-jerusalem\/#primaryimage\",\"url\":\"https:\/\/tourtravelandmore.com\/wp-content\/uploads\/2021\/04\/Jerusalem-1-scaled.jpg\",\"contentUrl\":\"https:\/\/tourtravelandmore.com\/wp-content\/uploads\/2021\/04\/Jerusalem-1-scaled.jpg\",\"width\":1707,\"height\":2560},{\"@type\":\"BreadcrumbList\",\"@id\":\"https:\/\/tourtravelandmore.com\/fr\/tours\/israel-fr\/jerusalem-fr\/transfertsprives-fr\/visite-privee-a-pied-de-jerusalem\/#breadcrumb\",\"itemListElement\":[{\"@type\":\"ListItem\",\"position\":1,\"name\":\"Home\",\"item\":\"https:\/\/tourtravelandmore.com\/fr\/\"},{\"@type\":\"ListItem\",\"position\":2,\"name\":\"Tours\",\"item\":\"https:\/\/tourtravelandmore.com\/fr\/tours\/\"},{\"@type\":\"ListItem\",\"position\":3,\"name\":\"Visite priv\u00e9e \u00e0 pied de J\u00e9rusalem\"}]},{\"@type\":\"WebSite\",\"@id\":\"https:\/\/tourtravelandmore.com\/fr\/#website\",\"url\":\"https:\/\/tourtravelandmore.com\/fr\/\",\"name\":\"Tour Travel And More\",\"description\":\"Private sightseeing tours and luxury transfers in Spain\",\"publisher\":{\"@id\":\"https:\/\/tourtravelandmore.com\/fr\/#organization\"},\"potentialAction\":[{\"@type\":\"SearchAction\",\"target\":{\"@type\":\"EntryPoint\",\"urlTemplate\":\"https:\/\/tourtravelandmore.com\/fr\/?s={search_term_string}\"},\"query-input\":{\"@type\":\"PropertyValueSpecification\",\"valueRequired\":true,\"valueName\":\"search_term_string\"}}],\"inLanguage\":\"fr-FR\"},{\"@type\":\"Organization\",\"@id\":\"https:\/\/tourtravelandmore.com\/fr\/#organization\",\"name\":\"Tour Travel And More\",\"url\":\"https:\/\/tourtravelandmore.com\/fr\/\",\"logo\":{\"@type\":\"ImageObject\",\"inLanguage\":\"fr-FR\",\"@id\":\"https:\/\/tourtravelandmore.com\/fr\/#\/schema\/logo\/image\/\",\"url\":\"https:\/\/tourtravelandmore.com\/wp-content\/uploads\/2022\/12\/cropped-logo-cabecera-new.png\",\"contentUrl\":\"https:\/\/tourtravelandmore.com\/wp-content\/uploads\/2022\/12\/cropped-logo-cabecera-new.png\",\"width\":430,\"height\":61,\"caption\":\"Tour Travel And More\"},\"image\":{\"@id\":\"https:\/\/tourtravelandmore.com\/fr\/#\/schema\/logo\/image\/\"},\"sameAs\":[\"https:\/\/www.facebook.com\/tourtravelandmore\/\",\"https:\/\/x.com\/TourTravel_More\"]}]}<\/script>\n<!-- \/ Yoast SEO Premium plugin. -->","yoast_head_json":{"title":"Visite priv\u00e9e \u00e0 pied de J\u00e9rusalem - Tour travel & More","description":"D\u00e9couvrez des histoires et des lieux que beaucoup aimeraient voir de pr\u00e8s, gr\u00e2ce \u00e0 cette visite priv\u00e9e \u00e0 pied de J\u00e9rusalem","robots":{"index":"index","follow":"follow","max-snippet":"max-snippet:-1","max-image-preview":"max-image-preview:large","max-video-preview":"max-video-preview:-1"},"canonical":"https:\/\/tourtravelandmore.com\/fr\/tours\/israel-fr\/jerusalem-fr\/transfertsprives-fr\/visite-privee-a-pied-de-jerusalem\/","og_locale":"fr_FR","og_type":"article","og_title":"Visite priv\u00e9e \u00e0 pied de J\u00e9rusalem","og_description":"D\u00e9couvrez des histoires et des lieux que beaucoup aimeraient voir de pr\u00e8s, gr\u00e2ce \u00e0 cette visite priv\u00e9e \u00e0 pied de J\u00e9rusalem","og_url":"https:\/\/tourtravelandmore.com\/fr\/tours\/israel-fr\/jerusalem-fr\/transfertsprives-fr\/visite-privee-a-pied-de-jerusalem\/","og_site_name":"Tour Travel And More","article_publisher":"https:\/\/www.facebook.com\/tourtravelandmore\/","article_modified_time":"2021-04-26T09:34:26+00:00","og_image":[{"width":1707,"height":2560,"url":"https:\/\/tourtravelandmore.com\/wp-content\/uploads\/2021\/04\/Jerusalem-1-scaled.jpg","type":"image\/jpeg"}],"twitter_card":"summary_large_image","twitter_site":"@TourTravel_More","twitter_misc":{"Dur\u00e9e de lecture estim\u00e9e":"2 minutes"},"schema":{"@context":"https:\/\/schema.org","@graph":[{"@type":"WebPage","@id":"https:\/\/tourtravelandmore.com\/fr\/tours\/israel-fr\/jerusalem-fr\/transfertsprives-fr\/visite-privee-a-pied-de-jerusalem\/","url":"https:\/\/tourtravelandmore.com\/fr\/tours\/israel-fr\/jerusalem-fr\/transfertsprives-fr\/visite-privee-a-pied-de-jerusalem\/","name":"Visite priv\u00e9e \u00e0 pied de J\u00e9rusalem - Tour travel & More","isPartOf":{"@id":"https:\/\/tourtravelandmore.com\/fr\/#website"},"primaryImageOfPage":{"@id":"https:\/\/tourtravelandmore.com\/fr\/tours\/israel-fr\/jerusalem-fr\/transfertsprives-fr\/visite-privee-a-pied-de-jerusalem\/#primaryimage"},"image":{"@id":"https:\/\/tourtravelandmore.com\/fr\/tours\/israel-fr\/jerusalem-fr\/transfertsprives-fr\/visite-privee-a-pied-de-jerusalem\/#primaryimage"},"thumbnailUrl":"https:\/\/tourtravelandmore.com\/wp-content\/uploads\/2021\/04\/Jerusalem-1-scaled.jpg","datePublished":"2021-04-26T09:28:38+00:00","dateModified":"2021-04-26T09:34:26+00:00","description":"D\u00e9couvrez des histoires et des lieux que beaucoup aimeraient voir de pr\u00e8s, gr\u00e2ce \u00e0 cette visite priv\u00e9e \u00e0 pied de J\u00e9rusalem","breadcrumb":{"@id":"https:\/\/tourtravelandmore.com\/fr\/tours\/israel-fr\/jerusalem-fr\/transfertsprives-fr\/visite-privee-a-pied-de-jerusalem\/#breadcrumb"},"inLanguage":"fr-FR","potentialAction":[{"@type":"ReadAction","target":["https:\/\/tourtravelandmore.com\/fr\/tours\/israel-fr\/jerusalem-fr\/transfertsprives-fr\/visite-privee-a-pied-de-jerusalem\/"]}]},{"@type":"ImageObject","inLanguage":"fr-FR","@id":"https:\/\/tourtravelandmore.com\/fr\/tours\/israel-fr\/jerusalem-fr\/transfertsprives-fr\/visite-privee-a-pied-de-jerusalem\/#primaryimage","url":"https:\/\/tourtravelandmore.com\/wp-content\/uploads\/2021\/04\/Jerusalem-1-scaled.jpg","contentUrl":"https:\/\/tourtravelandmore.com\/wp-content\/uploads\/2021\/04\/Jerusalem-1-scaled.jpg","width":1707,"height":2560},{"@type":"BreadcrumbList","@id":"https:\/\/tourtravelandmore.com\/fr\/tours\/israel-fr\/jerusalem-fr\/transfertsprives-fr\/visite-privee-a-pied-de-jerusalem\/#breadcrumb","itemListElement":[{"@type":"ListItem","position":1,"name":"Home","item":"https:\/\/tourtravelandmore.com\/fr\/"},{"@type":"ListItem","position":2,"name":"Tours","item":"https:\/\/tourtravelandmore.com\/fr\/tours\/"},{"@type":"ListItem","position":3,"name":"Visite priv\u00e9e \u00e0 pied de J\u00e9rusalem"}]},{"@type":"WebSite","@id":"https:\/\/tourtravelandmore.com\/fr\/#website","url":"https:\/\/tourtravelandmore.com\/fr\/","name":"Tour Travel And More","description":"Private sightseeing tours and luxury transfers in Spain","publisher":{"@id":"https:\/\/tourtravelandmore.com\/fr\/#organization"},"potentialAction":[{"@type":"SearchAction","target":{"@type":"EntryPoint","urlTemplate":"https:\/\/tourtravelandmore.com\/fr\/?s={search_term_string}"},"query-input":{"@type":"PropertyValueSpecification","valueRequired":true,"valueName":"search_term_string"}}],"inLanguage":"fr-FR"},{"@type":"Organization","@id":"https:\/\/tourtravelandmore.com\/fr\/#organization","name":"Tour Travel And More","url":"https:\/\/tourtravelandmore.com\/fr\/","logo":{"@type":"ImageObject","inLanguage":"fr-FR","@id":"https:\/\/tourtravelandmore.com\/fr\/#\/schema\/logo\/image\/","url":"https:\/\/tourtravelandmore.com\/wp-content\/uploads\/2022\/12\/cropped-logo-cabecera-new.png","contentUrl":"https:\/\/tourtravelandmore.com\/wp-content\/uploads\/2022\/12\/cropped-logo-cabecera-new.png","width":430,"height":61,"caption":"Tour Travel And More"},"image":{"@id":"https:\/\/tourtravelandmore.com\/fr\/#\/schema\/logo\/image\/"},"sameAs":["https:\/\/www.facebook.com\/tourtravelandmore\/","https:\/\/x.com\/TourTravel_More"]}]}},"_links":{"self":[{"href":"https:\/\/tourtravelandmore.com\/fr\/wp-json\/wp\/v2\/product\/106526","targetHints":{"allow":["GET"]}}],"collection":[{"href":"https:\/\/tourtravelandmore.com\/fr\/wp-json\/wp\/v2\/product"}],"about":[{"href":"https:\/\/tourtravelandmore.com\/fr\/wp-json\/wp\/v2\/types\/product"}],"replies":[{"embeddable":true,"href":"https:\/\/tourtravelandmore.com\/fr\/wp-json\/wp\/v2\/comments?post=106526"}],"wp:featuredmedia":[{"embeddable":true,"href":"https:\/\/tourtravelandmore.com\/fr\/wp-json\/wp\/v2\/media\/106073"}],"wp:attachment":[{"href":"https:\/\/tourtravelandmore.com\/fr\/wp-json\/wp\/v2\/media?parent=106526"}],"wp:term":[{"taxonomy":"product_brand","embeddable":true,"href":"https:\/\/tourtravelandmore.com\/fr\/wp-json\/wp\/v2\/product_brand?post=106526"},{"taxonomy":"product_cat","embeddable":true,"href":"https:\/\/tourtravelandmore.com\/fr\/wp-json\/wp\/v2\/product_cat?post=106526"},{"taxonomy":"product_tag","embeddable":true,"href":"https:\/\/tourtravelandmore.com\/fr\/wp-json\/wp\/v2\/product_tag?post=106526"}],"curies":[{"name":"wp","href":"https:\/\/api.w.org\/{rel}","templated":true}]}}