{"id":106428,"date":"2021-04-22T21:51:54","date_gmt":"2021-04-22T19:52:06","guid":{"rendered":"https:\/\/tourtravelandmore.com\/?post_type=product&#038;p=106428"},"modified":"2021-04-22T21:58:24","modified_gmt":"2021-04-22T19:58:24","slug":"visite-privee-a-bethleem-depuis-jerusalem","status":"publish","type":"product","link":"https:\/\/tourtravelandmore.com\/fr\/tours\/israel-fr\/jerusalem-fr\/toutes-les-visites-privees-fr\/visite-privee-a-bethleem-depuis-jerusalem\/","title":{"rendered":"Visite priv\u00e9e \u00e0 Bethl\u00e9em depuis J\u00e9rusalem"},"content":{"rendered":"<h2>Description<\/h2>\n<p>Rendre visite \u00e0 Bethl\u00e9em lors d&#8217;une excursion priv\u00e9e dans une voiture de luxe est une exp\u00e9rience totalement inoubliable; Gr\u00e2ce \u00e0 cette visite priv\u00e9e \u00e0 Bethl\u00e9em depuis J\u00e9rusalem, vous pourrez visiter les meilleurs lieux touristiques de Bethl\u00e9em et ce qu&#8217;il y a dans ses environs. De cette fa\u00e7on, avec la compagnie de notre chauffeur \/ guide officiel, vous aurez l&#8217;occasion de conna\u00eetre les aspects les plus remarquables de la r\u00e9gion.<\/p>\n<h4>Que peut-on voir lors de la visite priv\u00e9e \u00e0 Bethl\u00e9em depuis J\u00e9rusalem?<\/h4>\n<p>Tout d&#8217;abord, vous pourrez assister \u00e0 l&#8217;un des lieux historiques les plus remarquables, vous pourrez visiter les environs de Bethl\u00e9em, tels que le champ des bergers, la c\u00e9l\u00e8bre \u00e9glise de la Nativit\u00e9 et m\u00eame, les bassins de Salomon. De plus, vous aurez l&#8217;occasion de visualiser une vue d&#8217;H\u00e9rodion avant de faire le voyage de retour \u00e0 J\u00e9rusalem, vous apprendrez m\u00eame l&#8217;histoire de ce lieu.<\/p>\n<p>Voulez-vous conna\u00eetre l&#8217;\u00e9glise de Santa Catalina? Cette destination est \u00e9galement incluse dans le voyage, tout comme la grotte du lait, o\u00f9 il est dit que Marie a allait\u00e9 J\u00e9sus quand il \u00e9tait b\u00e9b\u00e9. De plus, nous trouverons \u00e9galement l&#8217;auberge du Bon Samaritain qui se trouve dans la partie sud; En regardant en direction de Wadi Kelt, nous pourrons voir le monast\u00e8re de Saint George, qui est situ\u00e9 \u00e0 c\u00f4t\u00e9 des falaises.<\/p>\n<h2>Sites d&#8217;int\u00e9r\u00eat et points de rep\u00e8re<\/h2>\n<h4>O\u00f9 commence la visite priv\u00e9e \u00e0 Bethl\u00e9em au d\u00e9part de J\u00e9rusalem?<\/h4>\n<p>Tout ce qui vous attend lors de ce voyage sera sans aucun doute extraordinaire, mais le point de d\u00e9part \u00e0 partir duquel vous commencerez la visite priv\u00e9e sera \u00e0 J\u00e9rusalem. La dur\u00e9e de celui-ci sera de 10 heures, et notre chauffeur \/ guide officiel se chargera de vous offrir des informations d\u00e9taill\u00e9es et pr\u00e9cises tout au long du voyage jusqu&#8217;\u00e0 votre retour au point de d\u00e9part d&#8217;origine.<\/p>\n<h4>\u00c0 quoi s&#8217;attendre pendant le voyage<\/h4>\n<p>Tout d&#8217;abord, vous pouvez voyager au sud de J\u00e9rusalem \u00e0 la mer Morte, vous pouvez passer par l&#8217;auberge du Bon Samaritain, et m\u00eame conna\u00eetre le c\u00e9l\u00e8bre d\u00e9sert de Jud\u00e9e. En arrivant \u00e0 Bethl\u00e9em, vous avez la possibilit\u00e9 de visiter les environs de l&#8217;endroit o\u00f9 J\u00e9sus est n\u00e9, comme la maison de Jess\u00e9, qui \u00e9tait le p\u00e8re du roi David. Une fois que nous sommes \u00e0 cet endroit, vous pouvez visiter des sites comme:<\/p>\n<ul>\n<li>Place de la cr\u00e8che<\/li>\n<li>L&#8217;\u00e9glise de la Nativit\u00e9<\/li>\n<li>La grotte de la Nativit\u00e9<\/li>\n<li>L&#8217;\u00e9glise de la croisade de Santa Catalina<\/li>\n<\/ul>\n<p>Vous pouvez m\u00eame voir la caverne souterraine populaire dans laquelle Saint J\u00e9r\u00f4me a r\u00e9ussi \u00e0 traduire la Bible en d\u00e9tail de l&#8217;h\u00e9breu au latin, cr\u00e9ant ainsi la Vulgate. Enfin, apr\u00e8s ce voyage passionnant, la grande visite priv\u00e9e de Bethl\u00e9em au d\u00e9part de J\u00e9rusalem prend fin.<\/p>\n<p>&nbsp;<\/p>\n","protected":false},"excerpt":{"rendered":"<p>Profitez de l&#8217;opportunit\u00e9 de faire une visite priv\u00e9e \u00e0 Bethl\u00e9em au d\u00e9part de J\u00e9rusalem, dans laquelle vous pourrez profiter de nombreuses informations historiques et de beaux paysages que tout le monde aimerait voir. Contactez-nous pour plus de d\u00e9tails!<\/p>\n","protected":false},"featured_media":106061,"comment_status":"open","ping_status":"closed","template":"","meta":{"_acf_changed":false},"product_brand":[],"product_cat":[3862,3864,3882,3885,3883],"product_tag":[],"class_list":{"0":"post-106428","1":"product","2":"type-product","3":"status-publish","4":"has-post-thumbnail","6":"product_cat-israel-fr","7":"product_cat-jerusalem-fr","8":"product_cat-toutes-les-visites-privees-fr","9":"product_cat-visites-dune-journee-complete-fr","10":"product_cat-excursions-a-terre-fr","12":"first","13":"instock","14":"shipping-taxable","15":"purchasable","16":"product-type-simple"},"acf":[],"yoast_head":"<!-- This site is optimized with the Yoast SEO Premium plugin v25.3.1 (Yoast SEO v25.3.1) - https:\/\/yoast.com\/wordpress\/plugins\/seo\/ -->\n<title>Visite priv\u00e9e de Bethl\u00e9em au d\u00e9part de J\u00e9rusalem - Tour Travel &amp; More<\/title>\n<meta name=\"description\" content=\"Profitez de la visite priv\u00e9e \u00e0 Bethl\u00e9em depuis J\u00e9rusalem que nous avons pr\u00e9par\u00e9e pour vous. \u2705 Vous d\u00e9couvrirez des lieux importants.\" \/>\n<meta name=\"robots\" content=\"index, follow, max-snippet:-1, max-image-preview:large, max-video-preview:-1\" \/>\n<link rel=\"canonical\" href=\"https:\/\/tourtravelandmore.com\/fr\/tours\/israel-fr\/jerusalem-fr\/toutes-les-visites-privees-fr\/visite-privee-a-bethleem-depuis-jerusalem\/\" \/>\n<meta property=\"og:locale\" content=\"fr_FR\" \/>\n<meta property=\"og:type\" content=\"article\" \/>\n<meta property=\"og:title\" content=\"Visite priv\u00e9e \u00e0 Bethl\u00e9em depuis J\u00e9rusalem\" \/>\n<meta property=\"og:description\" content=\"Profitez de la visite priv\u00e9e \u00e0 Bethl\u00e9em depuis J\u00e9rusalem que nous avons pr\u00e9par\u00e9e pour vous. \u2705 Vous d\u00e9couvrirez des lieux importants.\" \/>\n<meta property=\"og:url\" content=\"https:\/\/tourtravelandmore.com\/fr\/tours\/israel-fr\/jerusalem-fr\/toutes-les-visites-privees-fr\/visite-privee-a-bethleem-depuis-jerusalem\/\" \/>\n<meta property=\"og:site_name\" content=\"Tour Travel And More\" \/>\n<meta property=\"article:publisher\" content=\"https:\/\/www.facebook.com\/tourtravelandmore\/\" \/>\n<meta property=\"article:modified_time\" content=\"2021-04-22T19:58:24+00:00\" \/>\n<meta property=\"og:image\" content=\"https:\/\/tourtravelandmore.com\/wp-content\/uploads\/2021\/04\/Israel-3-scaled.jpg\" \/>\n\t<meta property=\"og:image:width\" content=\"1707\" \/>\n\t<meta property=\"og:image:height\" content=\"2560\" \/>\n\t<meta property=\"og:image:type\" content=\"image\/jpeg\" \/>\n<meta name=\"twitter:card\" content=\"summary_large_image\" \/>\n<meta name=\"twitter:site\" content=\"@TourTravel_More\" \/>\n<meta name=\"twitter:label1\" content=\"Dur\u00e9e de lecture estim\u00e9e\" \/>\n\t<meta name=\"twitter:data1\" content=\"2 minutes\" \/>\n<script type=\"application\/ld+json\" class=\"yoast-schema-graph\">{\"@context\":\"https:\/\/schema.org\",\"@graph\":[{\"@type\":\"WebPage\",\"@id\":\"https:\/\/tourtravelandmore.com\/fr\/tours\/israel-fr\/jerusalem-fr\/toutes-les-visites-privees-fr\/visite-privee-a-bethleem-depuis-jerusalem\/\",\"url\":\"https:\/\/tourtravelandmore.com\/fr\/tours\/israel-fr\/jerusalem-fr\/toutes-les-visites-privees-fr\/visite-privee-a-bethleem-depuis-jerusalem\/\",\"name\":\"Visite priv\u00e9e de Bethl\u00e9em au d\u00e9part de J\u00e9rusalem - Tour Travel & More\",\"isPartOf\":{\"@id\":\"https:\/\/tourtravelandmore.com\/fr\/#website\"},\"primaryImageOfPage\":{\"@id\":\"https:\/\/tourtravelandmore.com\/fr\/tours\/israel-fr\/jerusalem-fr\/toutes-les-visites-privees-fr\/visite-privee-a-bethleem-depuis-jerusalem\/#primaryimage\"},\"image\":{\"@id\":\"https:\/\/tourtravelandmore.com\/fr\/tours\/israel-fr\/jerusalem-fr\/toutes-les-visites-privees-fr\/visite-privee-a-bethleem-depuis-jerusalem\/#primaryimage\"},\"thumbnailUrl\":\"https:\/\/tourtravelandmore.com\/wp-content\/uploads\/2021\/04\/Israel-3-scaled.jpg\",\"datePublished\":\"2021-04-22T19:52:06+00:00\",\"dateModified\":\"2021-04-22T19:58:24+00:00\",\"description\":\"Profitez de la visite priv\u00e9e \u00e0 Bethl\u00e9em depuis J\u00e9rusalem que nous avons pr\u00e9par\u00e9e pour vous. \u2705 Vous d\u00e9couvrirez des lieux importants.\",\"breadcrumb\":{\"@id\":\"https:\/\/tourtravelandmore.com\/fr\/tours\/israel-fr\/jerusalem-fr\/toutes-les-visites-privees-fr\/visite-privee-a-bethleem-depuis-jerusalem\/#breadcrumb\"},\"inLanguage\":\"fr-FR\",\"potentialAction\":[{\"@type\":\"ReadAction\",\"target\":[\"https:\/\/tourtravelandmore.com\/fr\/tours\/israel-fr\/jerusalem-fr\/toutes-les-visites-privees-fr\/visite-privee-a-bethleem-depuis-jerusalem\/\"]}]},{\"@type\":\"ImageObject\",\"inLanguage\":\"fr-FR\",\"@id\":\"https:\/\/tourtravelandmore.com\/fr\/tours\/israel-fr\/jerusalem-fr\/toutes-les-visites-privees-fr\/visite-privee-a-bethleem-depuis-jerusalem\/#primaryimage\",\"url\":\"https:\/\/tourtravelandmore.com\/wp-content\/uploads\/2021\/04\/Israel-3-scaled.jpg\",\"contentUrl\":\"https:\/\/tourtravelandmore.com\/wp-content\/uploads\/2021\/04\/Israel-3-scaled.jpg\",\"width\":1707,\"height\":2560},{\"@type\":\"BreadcrumbList\",\"@id\":\"https:\/\/tourtravelandmore.com\/fr\/tours\/israel-fr\/jerusalem-fr\/toutes-les-visites-privees-fr\/visite-privee-a-bethleem-depuis-jerusalem\/#breadcrumb\",\"itemListElement\":[{\"@type\":\"ListItem\",\"position\":1,\"name\":\"Home\",\"item\":\"https:\/\/tourtravelandmore.com\/fr\/\"},{\"@type\":\"ListItem\",\"position\":2,\"name\":\"Tours\",\"item\":\"https:\/\/tourtravelandmore.com\/fr\/tours\/\"},{\"@type\":\"ListItem\",\"position\":3,\"name\":\"Visite priv\u00e9e \u00e0 Bethl\u00e9em depuis J\u00e9rusalem\"}]},{\"@type\":\"WebSite\",\"@id\":\"https:\/\/tourtravelandmore.com\/fr\/#website\",\"url\":\"https:\/\/tourtravelandmore.com\/fr\/\",\"name\":\"Tour Travel And More\",\"description\":\"Private sightseeing tours and luxury transfers in Spain\",\"publisher\":{\"@id\":\"https:\/\/tourtravelandmore.com\/fr\/#organization\"},\"potentialAction\":[{\"@type\":\"SearchAction\",\"target\":{\"@type\":\"EntryPoint\",\"urlTemplate\":\"https:\/\/tourtravelandmore.com\/fr\/?s={search_term_string}\"},\"query-input\":{\"@type\":\"PropertyValueSpecification\",\"valueRequired\":true,\"valueName\":\"search_term_string\"}}],\"inLanguage\":\"fr-FR\"},{\"@type\":\"Organization\",\"@id\":\"https:\/\/tourtravelandmore.com\/fr\/#organization\",\"name\":\"Tour Travel And More\",\"url\":\"https:\/\/tourtravelandmore.com\/fr\/\",\"logo\":{\"@type\":\"ImageObject\",\"inLanguage\":\"fr-FR\",\"@id\":\"https:\/\/tourtravelandmore.com\/fr\/#\/schema\/logo\/image\/\",\"url\":\"https:\/\/tourtravelandmore.com\/wp-content\/uploads\/2022\/12\/cropped-logo-cabecera-new.png\",\"contentUrl\":\"https:\/\/tourtravelandmore.com\/wp-content\/uploads\/2022\/12\/cropped-logo-cabecera-new.png\",\"width\":430,\"height\":61,\"caption\":\"Tour Travel And More\"},\"image\":{\"@id\":\"https:\/\/tourtravelandmore.com\/fr\/#\/schema\/logo\/image\/\"},\"sameAs\":[\"https:\/\/www.facebook.com\/tourtravelandmore\/\",\"https:\/\/x.com\/TourTravel_More\"]}]}<\/script>\n<!-- \/ Yoast SEO Premium plugin. -->","yoast_head_json":{"title":"Visite priv\u00e9e de Bethl\u00e9em au d\u00e9part de J\u00e9rusalem - Tour Travel & More","description":"Profitez de la visite priv\u00e9e \u00e0 Bethl\u00e9em depuis J\u00e9rusalem que nous avons pr\u00e9par\u00e9e pour vous. \u2705 Vous d\u00e9couvrirez des lieux importants.","robots":{"index":"index","follow":"follow","max-snippet":"max-snippet:-1","max-image-preview":"max-image-preview:large","max-video-preview":"max-video-preview:-1"},"canonical":"https:\/\/tourtravelandmore.com\/fr\/tours\/israel-fr\/jerusalem-fr\/toutes-les-visites-privees-fr\/visite-privee-a-bethleem-depuis-jerusalem\/","og_locale":"fr_FR","og_type":"article","og_title":"Visite priv\u00e9e \u00e0 Bethl\u00e9em depuis J\u00e9rusalem","og_description":"Profitez de la visite priv\u00e9e \u00e0 Bethl\u00e9em depuis J\u00e9rusalem que nous avons pr\u00e9par\u00e9e pour vous. \u2705 Vous d\u00e9couvrirez des lieux importants.","og_url":"https:\/\/tourtravelandmore.com\/fr\/tours\/israel-fr\/jerusalem-fr\/toutes-les-visites-privees-fr\/visite-privee-a-bethleem-depuis-jerusalem\/","og_site_name":"Tour Travel And More","article_publisher":"https:\/\/www.facebook.com\/tourtravelandmore\/","article_modified_time":"2021-04-22T19:58:24+00:00","og_image":[{"width":1707,"height":2560,"url":"https:\/\/tourtravelandmore.com\/wp-content\/uploads\/2021\/04\/Israel-3-scaled.jpg","type":"image\/jpeg"}],"twitter_card":"summary_large_image","twitter_site":"@TourTravel_More","twitter_misc":{"Dur\u00e9e de lecture estim\u00e9e":"2 minutes"},"schema":{"@context":"https:\/\/schema.org","@graph":[{"@type":"WebPage","@id":"https:\/\/tourtravelandmore.com\/fr\/tours\/israel-fr\/jerusalem-fr\/toutes-les-visites-privees-fr\/visite-privee-a-bethleem-depuis-jerusalem\/","url":"https:\/\/tourtravelandmore.com\/fr\/tours\/israel-fr\/jerusalem-fr\/toutes-les-visites-privees-fr\/visite-privee-a-bethleem-depuis-jerusalem\/","name":"Visite priv\u00e9e de Bethl\u00e9em au d\u00e9part de J\u00e9rusalem - Tour Travel & More","isPartOf":{"@id":"https:\/\/tourtravelandmore.com\/fr\/#website"},"primaryImageOfPage":{"@id":"https:\/\/tourtravelandmore.com\/fr\/tours\/israel-fr\/jerusalem-fr\/toutes-les-visites-privees-fr\/visite-privee-a-bethleem-depuis-jerusalem\/#primaryimage"},"image":{"@id":"https:\/\/tourtravelandmore.com\/fr\/tours\/israel-fr\/jerusalem-fr\/toutes-les-visites-privees-fr\/visite-privee-a-bethleem-depuis-jerusalem\/#primaryimage"},"thumbnailUrl":"https:\/\/tourtravelandmore.com\/wp-content\/uploads\/2021\/04\/Israel-3-scaled.jpg","datePublished":"2021-04-22T19:52:06+00:00","dateModified":"2021-04-22T19:58:24+00:00","description":"Profitez de la visite priv\u00e9e \u00e0 Bethl\u00e9em depuis J\u00e9rusalem que nous avons pr\u00e9par\u00e9e pour vous. \u2705 Vous d\u00e9couvrirez des lieux importants.","breadcrumb":{"@id":"https:\/\/tourtravelandmore.com\/fr\/tours\/israel-fr\/jerusalem-fr\/toutes-les-visites-privees-fr\/visite-privee-a-bethleem-depuis-jerusalem\/#breadcrumb"},"inLanguage":"fr-FR","potentialAction":[{"@type":"ReadAction","target":["https:\/\/tourtravelandmore.com\/fr\/tours\/israel-fr\/jerusalem-fr\/toutes-les-visites-privees-fr\/visite-privee-a-bethleem-depuis-jerusalem\/"]}]},{"@type":"ImageObject","inLanguage":"fr-FR","@id":"https:\/\/tourtravelandmore.com\/fr\/tours\/israel-fr\/jerusalem-fr\/toutes-les-visites-privees-fr\/visite-privee-a-bethleem-depuis-jerusalem\/#primaryimage","url":"https:\/\/tourtravelandmore.com\/wp-content\/uploads\/2021\/04\/Israel-3-scaled.jpg","contentUrl":"https:\/\/tourtravelandmore.com\/wp-content\/uploads\/2021\/04\/Israel-3-scaled.jpg","width":1707,"height":2560},{"@type":"BreadcrumbList","@id":"https:\/\/tourtravelandmore.com\/fr\/tours\/israel-fr\/jerusalem-fr\/toutes-les-visites-privees-fr\/visite-privee-a-bethleem-depuis-jerusalem\/#breadcrumb","itemListElement":[{"@type":"ListItem","position":1,"name":"Home","item":"https:\/\/tourtravelandmore.com\/fr\/"},{"@type":"ListItem","position":2,"name":"Tours","item":"https:\/\/tourtravelandmore.com\/fr\/tours\/"},{"@type":"ListItem","position":3,"name":"Visite priv\u00e9e \u00e0 Bethl\u00e9em depuis J\u00e9rusalem"}]},{"@type":"WebSite","@id":"https:\/\/tourtravelandmore.com\/fr\/#website","url":"https:\/\/tourtravelandmore.com\/fr\/","name":"Tour Travel And More","description":"Private sightseeing tours and luxury transfers in Spain","publisher":{"@id":"https:\/\/tourtravelandmore.com\/fr\/#organization"},"potentialAction":[{"@type":"SearchAction","target":{"@type":"EntryPoint","urlTemplate":"https:\/\/tourtravelandmore.com\/fr\/?s={search_term_string}"},"query-input":{"@type":"PropertyValueSpecification","valueRequired":true,"valueName":"search_term_string"}}],"inLanguage":"fr-FR"},{"@type":"Organization","@id":"https:\/\/tourtravelandmore.com\/fr\/#organization","name":"Tour Travel And More","url":"https:\/\/tourtravelandmore.com\/fr\/","logo":{"@type":"ImageObject","inLanguage":"fr-FR","@id":"https:\/\/tourtravelandmore.com\/fr\/#\/schema\/logo\/image\/","url":"https:\/\/tourtravelandmore.com\/wp-content\/uploads\/2022\/12\/cropped-logo-cabecera-new.png","contentUrl":"https:\/\/tourtravelandmore.com\/wp-content\/uploads\/2022\/12\/cropped-logo-cabecera-new.png","width":430,"height":61,"caption":"Tour Travel And More"},"image":{"@id":"https:\/\/tourtravelandmore.com\/fr\/#\/schema\/logo\/image\/"},"sameAs":["https:\/\/www.facebook.com\/tourtravelandmore\/","https:\/\/x.com\/TourTravel_More"]}]}},"_links":{"self":[{"href":"https:\/\/tourtravelandmore.com\/fr\/wp-json\/wp\/v2\/product\/106428","targetHints":{"allow":["GET"]}}],"collection":[{"href":"https:\/\/tourtravelandmore.com\/fr\/wp-json\/wp\/v2\/product"}],"about":[{"href":"https:\/\/tourtravelandmore.com\/fr\/wp-json\/wp\/v2\/types\/product"}],"replies":[{"embeddable":true,"href":"https:\/\/tourtravelandmore.com\/fr\/wp-json\/wp\/v2\/comments?post=106428"}],"wp:featuredmedia":[{"embeddable":true,"href":"https:\/\/tourtravelandmore.com\/fr\/wp-json\/wp\/v2\/media\/106061"}],"wp:attachment":[{"href":"https:\/\/tourtravelandmore.com\/fr\/wp-json\/wp\/v2\/media?parent=106428"}],"wp:term":[{"taxonomy":"product_brand","embeddable":true,"href":"https:\/\/tourtravelandmore.com\/fr\/wp-json\/wp\/v2\/product_brand?post=106428"},{"taxonomy":"product_cat","embeddable":true,"href":"https:\/\/tourtravelandmore.com\/fr\/wp-json\/wp\/v2\/product_cat?post=106428"},{"taxonomy":"product_tag","embeddable":true,"href":"https:\/\/tourtravelandmore.com\/fr\/wp-json\/wp\/v2\/product_tag?post=106428"}],"curies":[{"name":"wp","href":"https:\/\/api.w.org\/{rel}","templated":true}]}}