{"id":106409,"date":"2021-04-22T21:20:42","date_gmt":"2021-04-22T19:20:53","guid":{"rendered":"https:\/\/tourtravelandmore.com\/?post_type=product&#038;p=106409"},"modified":"2021-04-22T21:40:06","modified_gmt":"2021-04-22T19:40:06","slug":"visite-privee-de-nazareth-et-de-la-mer-de-galilee-au-depart-de-jerusalem","status":"publish","type":"product","link":"https:\/\/tourtravelandmore.com\/fr\/tours\/israel-fr\/jerusalem-fr\/toutes-les-visites-privees-fr\/visite-privee-de-nazareth-et-de-la-mer-de-galilee-au-depart-de-jerusalem\/","title":{"rendered":"Visite priv\u00e9e de Nazareth et de la mer de Galil\u00e9e au d\u00e9part de J\u00e9rusalem"},"content":{"rendered":"<h2>Description<\/h2>\n<p>A travers ce voyage, visitez les lieux chr\u00e9tiens les plus remarquables qui existent en Isra\u00ebl; C&#8217;est une opportunit\u00e9 \u00e0 ne pas manquer. Surtout qu&#8217;il s&#8217;agit d&#8217;une excursion priv\u00e9e \u00e0 Nazareth et \u00e0 la mer de Galil\u00e9e depuis J\u00e9rusalem; Ainsi, avec la compagnie de notre chauffeur \/ guide officiel, vous pourrez profiter d&#8217;un circuit exceptionnel comme celui qui n&#8217;est disponible nulle part ailleurs.<\/p>\n<h4>Que peut-on voir lors de la visite priv\u00e9e de Nazareth et de la mer de Galil\u00e9e au d\u00e9part de J\u00e9rusalem?<\/h4>\n<p>Plongez plus profond\u00e9ment dans l&#8217;exploration de l&#8217;\u00e9glise en pleine croissance de l&#8217;Annonciation, ainsi que des grottes trouv\u00e9es au pied de l&#8217;\u00e9glise de San Jos\u00e9. Vous aurez \u00e9galement l&#8217;occasion de suivre le m\u00eame chemin que J\u00e9sus a suivi jusqu&#8217;\u00e0 ce que vous atteigniez Kfar Kana, Nazareth et la mer de Galil\u00e9e; D\u00e9couvrez par vous-m\u00eame quelles synagogues J\u00e9sus a probablement enseign\u00e9es dans la ville de Capharna\u00fcm.<\/p>\n<p>Au cours de ces 12 heures d&#8217;excursion priv\u00e9e, vous pourrez visiter certains des lieux les plus sacr\u00e9s de Nazareth, et vous pourrez m\u00eame voyager le long de la mer de Galil\u00e9e, o\u00f9 J\u00e9sus a march\u00e9 sur l&#8217;eau. Visualisez les ruines de Capharna\u00fcm, o\u00f9 se trouve la basilique, construite sur le m\u00eame site o\u00f9 J\u00e9sus enseignait autrefois; et m\u00eame voir l&#8217;\u00e9glise des pains et des poissons, o\u00f9 l&#8217;alimentation de plus de 5 000 personnes a eu lieu.<\/p>\n<h2>Sites d&#8217;int\u00e9r\u00eat et points de rep\u00e8re<\/h2>\n<h4>D&#8217;o\u00f9 part la visite priv\u00e9e de Nazareth et de la mer de Galil\u00e9e depuis J\u00e9rusalem?<\/h4>\n<p>Afin de commencer la visite de ces lieux en Terre Sainte, notre chauffeur \/ guide officiel pourra venir vous chercher \u00e0 votre h\u00f4tel \u00e0 J\u00e9rusalem. En outre, la possibilit\u00e9 de collecte est ouverte au terminal de croisi\u00e8re de Ha\u00effa. Il est n\u00e9cessaire que vous contactiez toujours l&#8217;op\u00e9rateur local, afin de confirmer le lieu d&#8217;enl\u00e8vement; Et une fois le voyage commenc\u00e9, il vous suffit de vous asseoir et de profiter de la visite dans l&#8217;une de nos voitures de luxe pendant les 12 heures que dure le voyage.<\/p>\n<h4>\u00c0 quoi s&#8217;attendre pendant le voyage<\/h4>\n<p>Profitez au maximum d&#8217;une journ\u00e9e enti\u00e8re en explorant l&#8217;une des villes les plus remarquables d&#8217;Isra\u00ebl. \u00c0 votre arriv\u00e9e \u00e0 Nazareth, visitez l&#8217;\u00e9glise Saint-Joseph et la basilique de l&#8217;Annonciation. Continuez \u00e0 contempler le Mont des B\u00e9atitudes; Si vous voulez vous arr\u00eater sur la c\u00f4te nord-ouest et avoir un aper\u00e7u de la beaut\u00e9 de la mer de Galil\u00e9e, vous le pouvez aussi. En outre:<\/p>\n<ul>\n<li>Explorez \u00e0 la fois la mer de Galil\u00e9e et la Basse Galil\u00e9e<\/li>\n<li>Visiter Capharna\u00fcm<\/li>\n<li>Voir le c\u00e9l\u00e8bre fleuve Jourdain<\/li>\n<li>Entrez dans l&#8217;\u00e9glise de la multiplication des pains et des poissons<\/li>\n<\/ul>\n<p>Et puis vous pourrez retourner \u00e0 J\u00e9rusalem via une belle route surplombant le mont Thabor, o\u00f9 la transfiguration a eu lieu.<\/p>\n<p>&nbsp;<\/p>\n","protected":false},"excerpt":{"rendered":"<p>Tr\u00e8s peu de gens ont eu l&#8217;occasion de visiter Nazareth et la mer de Galil\u00e9e lors d&#8217;une excursion, mais cela est disponible \u00e0 port\u00e9e de main gr\u00e2ce \u00e0 nos circuits en voiture de luxe. Profitez de cette belle opportunit\u00e9!<\/p>\n","protected":false},"featured_media":106240,"comment_status":"open","ping_status":"closed","template":"","meta":{"_acf_changed":false},"product_brand":[],"product_cat":[3862,3864,3882,3885,3883],"product_tag":[],"class_list":{"0":"post-106409","1":"product","2":"type-product","3":"status-publish","4":"has-post-thumbnail","6":"product_cat-israel-fr","7":"product_cat-jerusalem-fr","8":"product_cat-toutes-les-visites-privees-fr","9":"product_cat-visites-dune-journee-complete-fr","10":"product_cat-excursions-a-terre-fr","12":"first","13":"instock","14":"shipping-taxable","15":"purchasable","16":"product-type-simple"},"acf":[],"yoast_head":"<!-- This site is optimized with the Yoast SEO Premium plugin v25.3.1 (Yoast SEO v25.3.1) - https:\/\/yoast.com\/wordpress\/plugins\/seo\/ -->\n<title>Visite priv\u00e9e de Nazareth et de la mer de Galil\u00e9e - Tour Travel &amp; More<\/title>\n<meta name=\"description\" content=\"Participez \u00e0 la fascinante excursion priv\u00e9e \u00e0 Nazareth et \u00e0 la mer de Galil\u00e9e que nous avons pr\u00e9par\u00e9e pour vous. \u2705\" \/>\n<meta name=\"robots\" content=\"index, follow, max-snippet:-1, max-image-preview:large, max-video-preview:-1\" \/>\n<link rel=\"canonical\" href=\"https:\/\/tourtravelandmore.com\/fr\/tours\/israel-fr\/jerusalem-fr\/toutes-les-visites-privees-fr\/visite-privee-de-nazareth-et-de-la-mer-de-galilee-au-depart-de-jerusalem\/\" \/>\n<meta property=\"og:locale\" content=\"fr_FR\" \/>\n<meta property=\"og:type\" content=\"article\" \/>\n<meta property=\"og:title\" content=\"Visite priv\u00e9e de Nazareth et de la mer de Galil\u00e9e au d\u00e9part de J\u00e9rusalem\" \/>\n<meta property=\"og:description\" content=\"Participez \u00e0 la fascinante excursion priv\u00e9e \u00e0 Nazareth et \u00e0 la mer de Galil\u00e9e que nous avons pr\u00e9par\u00e9e pour vous. \u2705\" \/>\n<meta property=\"og:url\" content=\"https:\/\/tourtravelandmore.com\/fr\/tours\/israel-fr\/jerusalem-fr\/toutes-les-visites-privees-fr\/visite-privee-de-nazareth-et-de-la-mer-de-galilee-au-depart-de-jerusalem\/\" \/>\n<meta property=\"og:site_name\" content=\"Tour Travel And More\" \/>\n<meta property=\"article:publisher\" content=\"https:\/\/www.facebook.com\/tourtravelandmore\/\" \/>\n<meta property=\"article:modified_time\" content=\"2021-04-22T19:40:06+00:00\" \/>\n<meta property=\"og:image\" content=\"https:\/\/tourtravelandmore.com\/wp-content\/uploads\/2021\/04\/Nazareth-scaled.jpg\" \/>\n\t<meta property=\"og:image:width\" content=\"1920\" \/>\n\t<meta property=\"og:image:height\" content=\"2560\" \/>\n\t<meta property=\"og:image:type\" content=\"image\/jpeg\" \/>\n<meta name=\"twitter:card\" content=\"summary_large_image\" \/>\n<meta name=\"twitter:site\" content=\"@TourTravel_More\" \/>\n<meta name=\"twitter:label1\" content=\"Dur\u00e9e de lecture estim\u00e9e\" \/>\n\t<meta name=\"twitter:data1\" content=\"2 minutes\" \/>\n<script type=\"application\/ld+json\" class=\"yoast-schema-graph\">{\"@context\":\"https:\/\/schema.org\",\"@graph\":[{\"@type\":\"WebPage\",\"@id\":\"https:\/\/tourtravelandmore.com\/fr\/tours\/israel-fr\/jerusalem-fr\/toutes-les-visites-privees-fr\/visite-privee-de-nazareth-et-de-la-mer-de-galilee-au-depart-de-jerusalem\/\",\"url\":\"https:\/\/tourtravelandmore.com\/fr\/tours\/israel-fr\/jerusalem-fr\/toutes-les-visites-privees-fr\/visite-privee-de-nazareth-et-de-la-mer-de-galilee-au-depart-de-jerusalem\/\",\"name\":\"Visite priv\u00e9e de Nazareth et de la mer de Galil\u00e9e - Tour Travel & More\",\"isPartOf\":{\"@id\":\"https:\/\/tourtravelandmore.com\/fr\/#website\"},\"primaryImageOfPage\":{\"@id\":\"https:\/\/tourtravelandmore.com\/fr\/tours\/israel-fr\/jerusalem-fr\/toutes-les-visites-privees-fr\/visite-privee-de-nazareth-et-de-la-mer-de-galilee-au-depart-de-jerusalem\/#primaryimage\"},\"image\":{\"@id\":\"https:\/\/tourtravelandmore.com\/fr\/tours\/israel-fr\/jerusalem-fr\/toutes-les-visites-privees-fr\/visite-privee-de-nazareth-et-de-la-mer-de-galilee-au-depart-de-jerusalem\/#primaryimage\"},\"thumbnailUrl\":\"https:\/\/tourtravelandmore.com\/wp-content\/uploads\/2021\/04\/Nazareth-scaled.jpg\",\"datePublished\":\"2021-04-22T19:20:53+00:00\",\"dateModified\":\"2021-04-22T19:40:06+00:00\",\"description\":\"Participez \u00e0 la fascinante excursion priv\u00e9e \u00e0 Nazareth et \u00e0 la mer de Galil\u00e9e que nous avons pr\u00e9par\u00e9e pour vous. \u2705\",\"breadcrumb\":{\"@id\":\"https:\/\/tourtravelandmore.com\/fr\/tours\/israel-fr\/jerusalem-fr\/toutes-les-visites-privees-fr\/visite-privee-de-nazareth-et-de-la-mer-de-galilee-au-depart-de-jerusalem\/#breadcrumb\"},\"inLanguage\":\"fr-FR\",\"potentialAction\":[{\"@type\":\"ReadAction\",\"target\":[\"https:\/\/tourtravelandmore.com\/fr\/tours\/israel-fr\/jerusalem-fr\/toutes-les-visites-privees-fr\/visite-privee-de-nazareth-et-de-la-mer-de-galilee-au-depart-de-jerusalem\/\"]}]},{\"@type\":\"ImageObject\",\"inLanguage\":\"fr-FR\",\"@id\":\"https:\/\/tourtravelandmore.com\/fr\/tours\/israel-fr\/jerusalem-fr\/toutes-les-visites-privees-fr\/visite-privee-de-nazareth-et-de-la-mer-de-galilee-au-depart-de-jerusalem\/#primaryimage\",\"url\":\"https:\/\/tourtravelandmore.com\/wp-content\/uploads\/2021\/04\/Nazareth-scaled.jpg\",\"contentUrl\":\"https:\/\/tourtravelandmore.com\/wp-content\/uploads\/2021\/04\/Nazareth-scaled.jpg\",\"width\":1920,\"height\":2560},{\"@type\":\"BreadcrumbList\",\"@id\":\"https:\/\/tourtravelandmore.com\/fr\/tours\/israel-fr\/jerusalem-fr\/toutes-les-visites-privees-fr\/visite-privee-de-nazareth-et-de-la-mer-de-galilee-au-depart-de-jerusalem\/#breadcrumb\",\"itemListElement\":[{\"@type\":\"ListItem\",\"position\":1,\"name\":\"Home\",\"item\":\"https:\/\/tourtravelandmore.com\/fr\/\"},{\"@type\":\"ListItem\",\"position\":2,\"name\":\"Tours\",\"item\":\"https:\/\/tourtravelandmore.com\/fr\/tours\/\"},{\"@type\":\"ListItem\",\"position\":3,\"name\":\"Visite priv\u00e9e de Nazareth et de la mer de Galil\u00e9e au d\u00e9part de J\u00e9rusalem\"}]},{\"@type\":\"WebSite\",\"@id\":\"https:\/\/tourtravelandmore.com\/fr\/#website\",\"url\":\"https:\/\/tourtravelandmore.com\/fr\/\",\"name\":\"Tour Travel And More\",\"description\":\"Private sightseeing tours and luxury transfers in Spain\",\"publisher\":{\"@id\":\"https:\/\/tourtravelandmore.com\/fr\/#organization\"},\"potentialAction\":[{\"@type\":\"SearchAction\",\"target\":{\"@type\":\"EntryPoint\",\"urlTemplate\":\"https:\/\/tourtravelandmore.com\/fr\/?s={search_term_string}\"},\"query-input\":{\"@type\":\"PropertyValueSpecification\",\"valueRequired\":true,\"valueName\":\"search_term_string\"}}],\"inLanguage\":\"fr-FR\"},{\"@type\":\"Organization\",\"@id\":\"https:\/\/tourtravelandmore.com\/fr\/#organization\",\"name\":\"Tour Travel And More\",\"url\":\"https:\/\/tourtravelandmore.com\/fr\/\",\"logo\":{\"@type\":\"ImageObject\",\"inLanguage\":\"fr-FR\",\"@id\":\"https:\/\/tourtravelandmore.com\/fr\/#\/schema\/logo\/image\/\",\"url\":\"https:\/\/tourtravelandmore.com\/wp-content\/uploads\/2022\/12\/cropped-logo-cabecera-new.png\",\"contentUrl\":\"https:\/\/tourtravelandmore.com\/wp-content\/uploads\/2022\/12\/cropped-logo-cabecera-new.png\",\"width\":430,\"height\":61,\"caption\":\"Tour Travel And More\"},\"image\":{\"@id\":\"https:\/\/tourtravelandmore.com\/fr\/#\/schema\/logo\/image\/\"},\"sameAs\":[\"https:\/\/www.facebook.com\/tourtravelandmore\/\",\"https:\/\/x.com\/TourTravel_More\"]}]}<\/script>\n<!-- \/ Yoast SEO Premium plugin. -->","yoast_head_json":{"title":"Visite priv\u00e9e de Nazareth et de la mer de Galil\u00e9e - Tour Travel & More","description":"Participez \u00e0 la fascinante excursion priv\u00e9e \u00e0 Nazareth et \u00e0 la mer de Galil\u00e9e que nous avons pr\u00e9par\u00e9e pour vous. \u2705","robots":{"index":"index","follow":"follow","max-snippet":"max-snippet:-1","max-image-preview":"max-image-preview:large","max-video-preview":"max-video-preview:-1"},"canonical":"https:\/\/tourtravelandmore.com\/fr\/tours\/israel-fr\/jerusalem-fr\/toutes-les-visites-privees-fr\/visite-privee-de-nazareth-et-de-la-mer-de-galilee-au-depart-de-jerusalem\/","og_locale":"fr_FR","og_type":"article","og_title":"Visite priv\u00e9e de Nazareth et de la mer de Galil\u00e9e au d\u00e9part de J\u00e9rusalem","og_description":"Participez \u00e0 la fascinante excursion priv\u00e9e \u00e0 Nazareth et \u00e0 la mer de Galil\u00e9e que nous avons pr\u00e9par\u00e9e pour vous. \u2705","og_url":"https:\/\/tourtravelandmore.com\/fr\/tours\/israel-fr\/jerusalem-fr\/toutes-les-visites-privees-fr\/visite-privee-de-nazareth-et-de-la-mer-de-galilee-au-depart-de-jerusalem\/","og_site_name":"Tour Travel And More","article_publisher":"https:\/\/www.facebook.com\/tourtravelandmore\/","article_modified_time":"2021-04-22T19:40:06+00:00","og_image":[{"width":1920,"height":2560,"url":"https:\/\/tourtravelandmore.com\/wp-content\/uploads\/2021\/04\/Nazareth-scaled.jpg","type":"image\/jpeg"}],"twitter_card":"summary_large_image","twitter_site":"@TourTravel_More","twitter_misc":{"Dur\u00e9e de lecture estim\u00e9e":"2 minutes"},"schema":{"@context":"https:\/\/schema.org","@graph":[{"@type":"WebPage","@id":"https:\/\/tourtravelandmore.com\/fr\/tours\/israel-fr\/jerusalem-fr\/toutes-les-visites-privees-fr\/visite-privee-de-nazareth-et-de-la-mer-de-galilee-au-depart-de-jerusalem\/","url":"https:\/\/tourtravelandmore.com\/fr\/tours\/israel-fr\/jerusalem-fr\/toutes-les-visites-privees-fr\/visite-privee-de-nazareth-et-de-la-mer-de-galilee-au-depart-de-jerusalem\/","name":"Visite priv\u00e9e de Nazareth et de la mer de Galil\u00e9e - Tour Travel & More","isPartOf":{"@id":"https:\/\/tourtravelandmore.com\/fr\/#website"},"primaryImageOfPage":{"@id":"https:\/\/tourtravelandmore.com\/fr\/tours\/israel-fr\/jerusalem-fr\/toutes-les-visites-privees-fr\/visite-privee-de-nazareth-et-de-la-mer-de-galilee-au-depart-de-jerusalem\/#primaryimage"},"image":{"@id":"https:\/\/tourtravelandmore.com\/fr\/tours\/israel-fr\/jerusalem-fr\/toutes-les-visites-privees-fr\/visite-privee-de-nazareth-et-de-la-mer-de-galilee-au-depart-de-jerusalem\/#primaryimage"},"thumbnailUrl":"https:\/\/tourtravelandmore.com\/wp-content\/uploads\/2021\/04\/Nazareth-scaled.jpg","datePublished":"2021-04-22T19:20:53+00:00","dateModified":"2021-04-22T19:40:06+00:00","description":"Participez \u00e0 la fascinante excursion priv\u00e9e \u00e0 Nazareth et \u00e0 la mer de Galil\u00e9e que nous avons pr\u00e9par\u00e9e pour vous. \u2705","breadcrumb":{"@id":"https:\/\/tourtravelandmore.com\/fr\/tours\/israel-fr\/jerusalem-fr\/toutes-les-visites-privees-fr\/visite-privee-de-nazareth-et-de-la-mer-de-galilee-au-depart-de-jerusalem\/#breadcrumb"},"inLanguage":"fr-FR","potentialAction":[{"@type":"ReadAction","target":["https:\/\/tourtravelandmore.com\/fr\/tours\/israel-fr\/jerusalem-fr\/toutes-les-visites-privees-fr\/visite-privee-de-nazareth-et-de-la-mer-de-galilee-au-depart-de-jerusalem\/"]}]},{"@type":"ImageObject","inLanguage":"fr-FR","@id":"https:\/\/tourtravelandmore.com\/fr\/tours\/israel-fr\/jerusalem-fr\/toutes-les-visites-privees-fr\/visite-privee-de-nazareth-et-de-la-mer-de-galilee-au-depart-de-jerusalem\/#primaryimage","url":"https:\/\/tourtravelandmore.com\/wp-content\/uploads\/2021\/04\/Nazareth-scaled.jpg","contentUrl":"https:\/\/tourtravelandmore.com\/wp-content\/uploads\/2021\/04\/Nazareth-scaled.jpg","width":1920,"height":2560},{"@type":"BreadcrumbList","@id":"https:\/\/tourtravelandmore.com\/fr\/tours\/israel-fr\/jerusalem-fr\/toutes-les-visites-privees-fr\/visite-privee-de-nazareth-et-de-la-mer-de-galilee-au-depart-de-jerusalem\/#breadcrumb","itemListElement":[{"@type":"ListItem","position":1,"name":"Home","item":"https:\/\/tourtravelandmore.com\/fr\/"},{"@type":"ListItem","position":2,"name":"Tours","item":"https:\/\/tourtravelandmore.com\/fr\/tours\/"},{"@type":"ListItem","position":3,"name":"Visite priv\u00e9e de Nazareth et de la mer de Galil\u00e9e au d\u00e9part de J\u00e9rusalem"}]},{"@type":"WebSite","@id":"https:\/\/tourtravelandmore.com\/fr\/#website","url":"https:\/\/tourtravelandmore.com\/fr\/","name":"Tour Travel And More","description":"Private sightseeing tours and luxury transfers in Spain","publisher":{"@id":"https:\/\/tourtravelandmore.com\/fr\/#organization"},"potentialAction":[{"@type":"SearchAction","target":{"@type":"EntryPoint","urlTemplate":"https:\/\/tourtravelandmore.com\/fr\/?s={search_term_string}"},"query-input":{"@type":"PropertyValueSpecification","valueRequired":true,"valueName":"search_term_string"}}],"inLanguage":"fr-FR"},{"@type":"Organization","@id":"https:\/\/tourtravelandmore.com\/fr\/#organization","name":"Tour Travel And More","url":"https:\/\/tourtravelandmore.com\/fr\/","logo":{"@type":"ImageObject","inLanguage":"fr-FR","@id":"https:\/\/tourtravelandmore.com\/fr\/#\/schema\/logo\/image\/","url":"https:\/\/tourtravelandmore.com\/wp-content\/uploads\/2022\/12\/cropped-logo-cabecera-new.png","contentUrl":"https:\/\/tourtravelandmore.com\/wp-content\/uploads\/2022\/12\/cropped-logo-cabecera-new.png","width":430,"height":61,"caption":"Tour Travel And More"},"image":{"@id":"https:\/\/tourtravelandmore.com\/fr\/#\/schema\/logo\/image\/"},"sameAs":["https:\/\/www.facebook.com\/tourtravelandmore\/","https:\/\/x.com\/TourTravel_More"]}]}},"_links":{"self":[{"href":"https:\/\/tourtravelandmore.com\/fr\/wp-json\/wp\/v2\/product\/106409","targetHints":{"allow":["GET"]}}],"collection":[{"href":"https:\/\/tourtravelandmore.com\/fr\/wp-json\/wp\/v2\/product"}],"about":[{"href":"https:\/\/tourtravelandmore.com\/fr\/wp-json\/wp\/v2\/types\/product"}],"replies":[{"embeddable":true,"href":"https:\/\/tourtravelandmore.com\/fr\/wp-json\/wp\/v2\/comments?post=106409"}],"wp:featuredmedia":[{"embeddable":true,"href":"https:\/\/tourtravelandmore.com\/fr\/wp-json\/wp\/v2\/media\/106240"}],"wp:attachment":[{"href":"https:\/\/tourtravelandmore.com\/fr\/wp-json\/wp\/v2\/media?parent=106409"}],"wp:term":[{"taxonomy":"product_brand","embeddable":true,"href":"https:\/\/tourtravelandmore.com\/fr\/wp-json\/wp\/v2\/product_brand?post=106409"},{"taxonomy":"product_cat","embeddable":true,"href":"https:\/\/tourtravelandmore.com\/fr\/wp-json\/wp\/v2\/product_cat?post=106409"},{"taxonomy":"product_tag","embeddable":true,"href":"https:\/\/tourtravelandmore.com\/fr\/wp-json\/wp\/v2\/product_tag?post=106409"}],"curies":[{"name":"wp","href":"https:\/\/api.w.org\/{rel}","templated":true}]}}