{"id":106388,"date":"2021-04-22T12:00:02","date_gmt":"2021-04-22T10:00:15","guid":{"rendered":"https:\/\/tourtravelandmore.com\/?post_type=product&#038;p=106388"},"modified":"2021-04-22T21:40:54","modified_gmt":"2021-04-22T19:40:54","slug":"visite-privee-de-la-cisjordanie-au-depart-de-jerusalem","status":"publish","type":"product","link":"https:\/\/tourtravelandmore.com\/fr\/tours\/israel-fr\/jerusalem-fr\/toutes-les-visites-privees-fr\/visite-privee-de-la-cisjordanie-au-depart-de-jerusalem\/","title":{"rendered":"Visite priv\u00e9e de la Cisjordanie au d\u00e9part de J\u00e9rusalem"},"content":{"rendered":"<h2>Description<\/h2>\n<p>La Cisjordanie est un endroit totalement diff\u00e9rent de ce que nous connaissons tous, capable de d\u00e9passer les attentes que les gens ont habituellement; il vaut donc la peine de conna\u00eetre son histoire et sa culture. Et quelle meilleure fa\u00e7on de faire cela qu&#8217;avec notre visite priv\u00e9e en Cisjordanie au d\u00e9part de J\u00e9rusalem? Sans aucun doute, ce voyage sera quelque chose d&#8217;inoubliable, qui vous fera vous sentir satisfait et ne jamais oublier une telle exp\u00e9rience.<\/p>\n<h4>Que voir lors de la visite priv\u00e9e en Cisjordanie au d\u00e9part de J\u00e9rusalem?<\/h4>\n<p>Pour l&#8217;essentiel, la Cisjordanie est une r\u00e9gion enti\u00e8re avec des montagnes tr\u00e8s fertiles, avec de belles prairies vertes; le seul d\u00e9sert est celui du sud-est. Il a \u00e9galement certains monast\u00e8res chr\u00e9tiens, qui ont \u00e9t\u00e9 construits au-dessus de certains endroits de l&#8217;\u00e9poque biblique. Vous pourrez voir l&#8217;endroit o\u00f9 J\u00e9sus est n\u00e9 \u00e0 Bethl\u00e9em, ainsi que le c\u00e9l\u00e8bre fleuve Jourdain.<\/p>\n<p>Toute cette r\u00e9gion s&#8217;\u00e9tend le long du c\u00f4t\u00e9 ouest du Jourdain, d\u00e9couvrez des d\u00e9tails sur l&#8217;histoire et la culture de la Cisjordanie avec l&#8217;aide de notre chauffeur \/ guide officiel. La culture m\u00e9diterran\u00e9enne de la r\u00e9gion est tr\u00e8s similaire \u00e0 celle du Liban et la Cisjordanie est devenue l&#8217;une des r\u00e9gions les plus modernes de tout le Moyen-Orient; ce sera donc une tourn\u00e9e qui restera toujours dans votre esprit de mani\u00e8re positive.<\/p>\n<h2>Sites d&#8217;int\u00e9r\u00eat et points de rep\u00e8re<\/h2>\n<h4>D&#8217;o\u00f9 commence la visite priv\u00e9e en Cisjordanie au d\u00e9part de J\u00e9rusalem?<\/h4>\n<p>La dur\u00e9e du voyage est d&#8217;environ 11 heures et l&#8217;excursion commencera \u00e0 l&#8217;h\u00f4tel o\u00f9 vous s\u00e9journez \u00e0 J\u00e9rusalem. Ensuite, vous monterez dans une voiture de luxe climatis\u00e9e, dans laquelle vous voyagerez \u00e0 travers les collines et le magnifique paysage de Cisjordanie. En ce qui concerne les d\u00e9tails du retour, notre chauffeur \/ guide officiel se chargera de vous laisser au point de d\u00e9part d&#8217;origine o\u00f9 vous avez \u00e9t\u00e9 pris en charge.<\/p>\n<h4>\u00c0 quoi s&#8217;attendre pendant le voyage<\/h4>\n<p>Faites un voyage dans la ville de Ramallah, qui est consid\u00e9r\u00e9e comme la capitale officieuse de la Cisjordanie, vous pouvez vous promener dans les rues de l&#8217;endroit, et vous pouvez m\u00eame visiter la tombe du chef Yasser Arafat. Plus tard, un arr\u00eat sera fait \u00e0 J\u00e9richo, qui serait la plus ancienne ville du monde; Vous y trouverez des preuves arch\u00e9ologiques qui prouvent l&#8217;exactitude de la Bible. Vous pouvez \u00e9galement visiter certains endroits comme:<\/p>\n<ul>\n<li>Le palais de Qasr-el-Yahud, qui se trouve sur les rives du Jourdain<\/li>\n<li>L&#8217;\u00e9glise de la Nativit\u00e9<\/li>\n<li>L&#8217;\u00e9glise de la grotte<\/li>\n<li>Place de la cr\u00e8che<\/li>\n<li>La mosqu\u00e9e d&#8217;Omar<\/li>\n<li>La grotte du lait<\/li>\n<\/ul>\n","protected":false},"excerpt":{"rendered":"<p>La Cisjordanie est l&#8217;un des endroits les plus remarquables au monde, donc cette excursion priv\u00e9e en Cisjordanie repr\u00e9sente une opportunit\u00e9 unique \u00e0 ne pas manquer. Contactez-nous pour avoir plus d&#8217;informations sur ce voyage.<\/p>\n","protected":false},"featured_media":106076,"comment_status":"open","ping_status":"closed","template":"","meta":{"_acf_changed":false},"product_brand":[],"product_cat":[3862,3864,3882,3885,3883],"product_tag":[],"class_list":{"0":"post-106388","1":"product","2":"type-product","3":"status-publish","4":"has-post-thumbnail","6":"product_cat-israel-fr","7":"product_cat-jerusalem-fr","8":"product_cat-toutes-les-visites-privees-fr","9":"product_cat-visites-dune-journee-complete-fr","10":"product_cat-excursions-a-terre-fr","12":"first","13":"instock","14":"shipping-taxable","15":"purchasable","16":"product-type-simple"},"acf":[],"yoast_head":"<!-- This site is optimized with the Yoast SEO Premium plugin v25.3.1 (Yoast SEO v25.3.1) - https:\/\/yoast.com\/wordpress\/plugins\/seo\/ -->\n<title>Visite priv\u00e9e de la Cisjordanie au d\u00e9part de J\u00e9rusalem - Tour Travel &amp; More<\/title>\n<meta name=\"description\" content=\"Notre visite priv\u00e9e en Cisjordanie au d\u00e9part de J\u00e9rusalem en voiture de luxe est la meilleure option que vous puissiez avoir. \u2705\" \/>\n<meta name=\"robots\" content=\"index, follow, max-snippet:-1, max-image-preview:large, max-video-preview:-1\" \/>\n<link rel=\"canonical\" href=\"https:\/\/tourtravelandmore.com\/fr\/tours\/israel-fr\/jerusalem-fr\/toutes-les-visites-privees-fr\/visite-privee-de-la-cisjordanie-au-depart-de-jerusalem\/\" \/>\n<meta property=\"og:locale\" content=\"fr_FR\" \/>\n<meta property=\"og:type\" content=\"article\" \/>\n<meta property=\"og:title\" content=\"Visite priv\u00e9e de la Cisjordanie au d\u00e9part de J\u00e9rusalem\" \/>\n<meta property=\"og:description\" content=\"Notre visite priv\u00e9e en Cisjordanie au d\u00e9part de J\u00e9rusalem en voiture de luxe est la meilleure option que vous puissiez avoir. \u2705\" \/>\n<meta property=\"og:url\" content=\"https:\/\/tourtravelandmore.com\/fr\/tours\/israel-fr\/jerusalem-fr\/toutes-les-visites-privees-fr\/visite-privee-de-la-cisjordanie-au-depart-de-jerusalem\/\" \/>\n<meta property=\"og:site_name\" content=\"Tour Travel And More\" \/>\n<meta property=\"article:publisher\" content=\"https:\/\/www.facebook.com\/tourtravelandmore\/\" \/>\n<meta property=\"article:modified_time\" content=\"2021-04-22T19:40:54+00:00\" \/>\n<meta property=\"og:image\" content=\"https:\/\/tourtravelandmore.com\/wp-content\/uploads\/2021\/04\/Jerusalem-2-scaled.jpg\" \/>\n\t<meta property=\"og:image:width\" content=\"2560\" \/>\n\t<meta property=\"og:image:height\" content=\"1707\" \/>\n\t<meta property=\"og:image:type\" content=\"image\/jpeg\" \/>\n<meta name=\"twitter:card\" content=\"summary_large_image\" \/>\n<meta name=\"twitter:site\" content=\"@TourTravel_More\" \/>\n<meta name=\"twitter:label1\" content=\"Dur\u00e9e de lecture estim\u00e9e\" \/>\n\t<meta name=\"twitter:data1\" content=\"2 minutes\" \/>\n<script type=\"application\/ld+json\" class=\"yoast-schema-graph\">{\"@context\":\"https:\/\/schema.org\",\"@graph\":[{\"@type\":\"WebPage\",\"@id\":\"https:\/\/tourtravelandmore.com\/fr\/tours\/israel-fr\/jerusalem-fr\/toutes-les-visites-privees-fr\/visite-privee-de-la-cisjordanie-au-depart-de-jerusalem\/\",\"url\":\"https:\/\/tourtravelandmore.com\/fr\/tours\/israel-fr\/jerusalem-fr\/toutes-les-visites-privees-fr\/visite-privee-de-la-cisjordanie-au-depart-de-jerusalem\/\",\"name\":\"Visite priv\u00e9e de la Cisjordanie au d\u00e9part de J\u00e9rusalem - Tour Travel & More\",\"isPartOf\":{\"@id\":\"https:\/\/tourtravelandmore.com\/fr\/#website\"},\"primaryImageOfPage\":{\"@id\":\"https:\/\/tourtravelandmore.com\/fr\/tours\/israel-fr\/jerusalem-fr\/toutes-les-visites-privees-fr\/visite-privee-de-la-cisjordanie-au-depart-de-jerusalem\/#primaryimage\"},\"image\":{\"@id\":\"https:\/\/tourtravelandmore.com\/fr\/tours\/israel-fr\/jerusalem-fr\/toutes-les-visites-privees-fr\/visite-privee-de-la-cisjordanie-au-depart-de-jerusalem\/#primaryimage\"},\"thumbnailUrl\":\"https:\/\/tourtravelandmore.com\/wp-content\/uploads\/2021\/04\/Jerusalem-2-scaled.jpg\",\"datePublished\":\"2021-04-22T10:00:15+00:00\",\"dateModified\":\"2021-04-22T19:40:54+00:00\",\"description\":\"Notre visite priv\u00e9e en Cisjordanie au d\u00e9part de J\u00e9rusalem en voiture de luxe est la meilleure option que vous puissiez avoir. \u2705\",\"breadcrumb\":{\"@id\":\"https:\/\/tourtravelandmore.com\/fr\/tours\/israel-fr\/jerusalem-fr\/toutes-les-visites-privees-fr\/visite-privee-de-la-cisjordanie-au-depart-de-jerusalem\/#breadcrumb\"},\"inLanguage\":\"fr-FR\",\"potentialAction\":[{\"@type\":\"ReadAction\",\"target\":[\"https:\/\/tourtravelandmore.com\/fr\/tours\/israel-fr\/jerusalem-fr\/toutes-les-visites-privees-fr\/visite-privee-de-la-cisjordanie-au-depart-de-jerusalem\/\"]}]},{\"@type\":\"ImageObject\",\"inLanguage\":\"fr-FR\",\"@id\":\"https:\/\/tourtravelandmore.com\/fr\/tours\/israel-fr\/jerusalem-fr\/toutes-les-visites-privees-fr\/visite-privee-de-la-cisjordanie-au-depart-de-jerusalem\/#primaryimage\",\"url\":\"https:\/\/tourtravelandmore.com\/wp-content\/uploads\/2021\/04\/Jerusalem-2-scaled.jpg\",\"contentUrl\":\"https:\/\/tourtravelandmore.com\/wp-content\/uploads\/2021\/04\/Jerusalem-2-scaled.jpg\",\"width\":2560,\"height\":1707},{\"@type\":\"BreadcrumbList\",\"@id\":\"https:\/\/tourtravelandmore.com\/fr\/tours\/israel-fr\/jerusalem-fr\/toutes-les-visites-privees-fr\/visite-privee-de-la-cisjordanie-au-depart-de-jerusalem\/#breadcrumb\",\"itemListElement\":[{\"@type\":\"ListItem\",\"position\":1,\"name\":\"Home\",\"item\":\"https:\/\/tourtravelandmore.com\/fr\/\"},{\"@type\":\"ListItem\",\"position\":2,\"name\":\"Tours\",\"item\":\"https:\/\/tourtravelandmore.com\/fr\/tours\/\"},{\"@type\":\"ListItem\",\"position\":3,\"name\":\"Visite priv\u00e9e de la Cisjordanie au d\u00e9part de J\u00e9rusalem\"}]},{\"@type\":\"WebSite\",\"@id\":\"https:\/\/tourtravelandmore.com\/fr\/#website\",\"url\":\"https:\/\/tourtravelandmore.com\/fr\/\",\"name\":\"Tour Travel And More\",\"description\":\"Private sightseeing tours and luxury transfers in Spain\",\"publisher\":{\"@id\":\"https:\/\/tourtravelandmore.com\/fr\/#organization\"},\"potentialAction\":[{\"@type\":\"SearchAction\",\"target\":{\"@type\":\"EntryPoint\",\"urlTemplate\":\"https:\/\/tourtravelandmore.com\/fr\/?s={search_term_string}\"},\"query-input\":{\"@type\":\"PropertyValueSpecification\",\"valueRequired\":true,\"valueName\":\"search_term_string\"}}],\"inLanguage\":\"fr-FR\"},{\"@type\":\"Organization\",\"@id\":\"https:\/\/tourtravelandmore.com\/fr\/#organization\",\"name\":\"Tour Travel And More\",\"url\":\"https:\/\/tourtravelandmore.com\/fr\/\",\"logo\":{\"@type\":\"ImageObject\",\"inLanguage\":\"fr-FR\",\"@id\":\"https:\/\/tourtravelandmore.com\/fr\/#\/schema\/logo\/image\/\",\"url\":\"https:\/\/tourtravelandmore.com\/wp-content\/uploads\/2022\/12\/cropped-logo-cabecera-new.png\",\"contentUrl\":\"https:\/\/tourtravelandmore.com\/wp-content\/uploads\/2022\/12\/cropped-logo-cabecera-new.png\",\"width\":430,\"height\":61,\"caption\":\"Tour Travel And More\"},\"image\":{\"@id\":\"https:\/\/tourtravelandmore.com\/fr\/#\/schema\/logo\/image\/\"},\"sameAs\":[\"https:\/\/www.facebook.com\/tourtravelandmore\/\",\"https:\/\/x.com\/TourTravel_More\"]}]}<\/script>\n<!-- \/ Yoast SEO Premium plugin. -->","yoast_head_json":{"title":"Visite priv\u00e9e de la Cisjordanie au d\u00e9part de J\u00e9rusalem - Tour Travel & More","description":"Notre visite priv\u00e9e en Cisjordanie au d\u00e9part de J\u00e9rusalem en voiture de luxe est la meilleure option que vous puissiez avoir. \u2705","robots":{"index":"index","follow":"follow","max-snippet":"max-snippet:-1","max-image-preview":"max-image-preview:large","max-video-preview":"max-video-preview:-1"},"canonical":"https:\/\/tourtravelandmore.com\/fr\/tours\/israel-fr\/jerusalem-fr\/toutes-les-visites-privees-fr\/visite-privee-de-la-cisjordanie-au-depart-de-jerusalem\/","og_locale":"fr_FR","og_type":"article","og_title":"Visite priv\u00e9e de la Cisjordanie au d\u00e9part de J\u00e9rusalem","og_description":"Notre visite priv\u00e9e en Cisjordanie au d\u00e9part de J\u00e9rusalem en voiture de luxe est la meilleure option que vous puissiez avoir. \u2705","og_url":"https:\/\/tourtravelandmore.com\/fr\/tours\/israel-fr\/jerusalem-fr\/toutes-les-visites-privees-fr\/visite-privee-de-la-cisjordanie-au-depart-de-jerusalem\/","og_site_name":"Tour Travel And More","article_publisher":"https:\/\/www.facebook.com\/tourtravelandmore\/","article_modified_time":"2021-04-22T19:40:54+00:00","og_image":[{"width":2560,"height":1707,"url":"https:\/\/tourtravelandmore.com\/wp-content\/uploads\/2021\/04\/Jerusalem-2-scaled.jpg","type":"image\/jpeg"}],"twitter_card":"summary_large_image","twitter_site":"@TourTravel_More","twitter_misc":{"Dur\u00e9e de lecture estim\u00e9e":"2 minutes"},"schema":{"@context":"https:\/\/schema.org","@graph":[{"@type":"WebPage","@id":"https:\/\/tourtravelandmore.com\/fr\/tours\/israel-fr\/jerusalem-fr\/toutes-les-visites-privees-fr\/visite-privee-de-la-cisjordanie-au-depart-de-jerusalem\/","url":"https:\/\/tourtravelandmore.com\/fr\/tours\/israel-fr\/jerusalem-fr\/toutes-les-visites-privees-fr\/visite-privee-de-la-cisjordanie-au-depart-de-jerusalem\/","name":"Visite priv\u00e9e de la Cisjordanie au d\u00e9part de J\u00e9rusalem - Tour Travel & More","isPartOf":{"@id":"https:\/\/tourtravelandmore.com\/fr\/#website"},"primaryImageOfPage":{"@id":"https:\/\/tourtravelandmore.com\/fr\/tours\/israel-fr\/jerusalem-fr\/toutes-les-visites-privees-fr\/visite-privee-de-la-cisjordanie-au-depart-de-jerusalem\/#primaryimage"},"image":{"@id":"https:\/\/tourtravelandmore.com\/fr\/tours\/israel-fr\/jerusalem-fr\/toutes-les-visites-privees-fr\/visite-privee-de-la-cisjordanie-au-depart-de-jerusalem\/#primaryimage"},"thumbnailUrl":"https:\/\/tourtravelandmore.com\/wp-content\/uploads\/2021\/04\/Jerusalem-2-scaled.jpg","datePublished":"2021-04-22T10:00:15+00:00","dateModified":"2021-04-22T19:40:54+00:00","description":"Notre visite priv\u00e9e en Cisjordanie au d\u00e9part de J\u00e9rusalem en voiture de luxe est la meilleure option que vous puissiez avoir. \u2705","breadcrumb":{"@id":"https:\/\/tourtravelandmore.com\/fr\/tours\/israel-fr\/jerusalem-fr\/toutes-les-visites-privees-fr\/visite-privee-de-la-cisjordanie-au-depart-de-jerusalem\/#breadcrumb"},"inLanguage":"fr-FR","potentialAction":[{"@type":"ReadAction","target":["https:\/\/tourtravelandmore.com\/fr\/tours\/israel-fr\/jerusalem-fr\/toutes-les-visites-privees-fr\/visite-privee-de-la-cisjordanie-au-depart-de-jerusalem\/"]}]},{"@type":"ImageObject","inLanguage":"fr-FR","@id":"https:\/\/tourtravelandmore.com\/fr\/tours\/israel-fr\/jerusalem-fr\/toutes-les-visites-privees-fr\/visite-privee-de-la-cisjordanie-au-depart-de-jerusalem\/#primaryimage","url":"https:\/\/tourtravelandmore.com\/wp-content\/uploads\/2021\/04\/Jerusalem-2-scaled.jpg","contentUrl":"https:\/\/tourtravelandmore.com\/wp-content\/uploads\/2021\/04\/Jerusalem-2-scaled.jpg","width":2560,"height":1707},{"@type":"BreadcrumbList","@id":"https:\/\/tourtravelandmore.com\/fr\/tours\/israel-fr\/jerusalem-fr\/toutes-les-visites-privees-fr\/visite-privee-de-la-cisjordanie-au-depart-de-jerusalem\/#breadcrumb","itemListElement":[{"@type":"ListItem","position":1,"name":"Home","item":"https:\/\/tourtravelandmore.com\/fr\/"},{"@type":"ListItem","position":2,"name":"Tours","item":"https:\/\/tourtravelandmore.com\/fr\/tours\/"},{"@type":"ListItem","position":3,"name":"Visite priv\u00e9e de la Cisjordanie au d\u00e9part de J\u00e9rusalem"}]},{"@type":"WebSite","@id":"https:\/\/tourtravelandmore.com\/fr\/#website","url":"https:\/\/tourtravelandmore.com\/fr\/","name":"Tour Travel And More","description":"Private sightseeing tours and luxury transfers in Spain","publisher":{"@id":"https:\/\/tourtravelandmore.com\/fr\/#organization"},"potentialAction":[{"@type":"SearchAction","target":{"@type":"EntryPoint","urlTemplate":"https:\/\/tourtravelandmore.com\/fr\/?s={search_term_string}"},"query-input":{"@type":"PropertyValueSpecification","valueRequired":true,"valueName":"search_term_string"}}],"inLanguage":"fr-FR"},{"@type":"Organization","@id":"https:\/\/tourtravelandmore.com\/fr\/#organization","name":"Tour Travel And More","url":"https:\/\/tourtravelandmore.com\/fr\/","logo":{"@type":"ImageObject","inLanguage":"fr-FR","@id":"https:\/\/tourtravelandmore.com\/fr\/#\/schema\/logo\/image\/","url":"https:\/\/tourtravelandmore.com\/wp-content\/uploads\/2022\/12\/cropped-logo-cabecera-new.png","contentUrl":"https:\/\/tourtravelandmore.com\/wp-content\/uploads\/2022\/12\/cropped-logo-cabecera-new.png","width":430,"height":61,"caption":"Tour Travel And More"},"image":{"@id":"https:\/\/tourtravelandmore.com\/fr\/#\/schema\/logo\/image\/"},"sameAs":["https:\/\/www.facebook.com\/tourtravelandmore\/","https:\/\/x.com\/TourTravel_More"]}]}},"_links":{"self":[{"href":"https:\/\/tourtravelandmore.com\/fr\/wp-json\/wp\/v2\/product\/106388","targetHints":{"allow":["GET"]}}],"collection":[{"href":"https:\/\/tourtravelandmore.com\/fr\/wp-json\/wp\/v2\/product"}],"about":[{"href":"https:\/\/tourtravelandmore.com\/fr\/wp-json\/wp\/v2\/types\/product"}],"replies":[{"embeddable":true,"href":"https:\/\/tourtravelandmore.com\/fr\/wp-json\/wp\/v2\/comments?post=106388"}],"wp:featuredmedia":[{"embeddable":true,"href":"https:\/\/tourtravelandmore.com\/fr\/wp-json\/wp\/v2\/media\/106076"}],"wp:attachment":[{"href":"https:\/\/tourtravelandmore.com\/fr\/wp-json\/wp\/v2\/media?parent=106388"}],"wp:term":[{"taxonomy":"product_brand","embeddable":true,"href":"https:\/\/tourtravelandmore.com\/fr\/wp-json\/wp\/v2\/product_brand?post=106388"},{"taxonomy":"product_cat","embeddable":true,"href":"https:\/\/tourtravelandmore.com\/fr\/wp-json\/wp\/v2\/product_cat?post=106388"},{"taxonomy":"product_tag","embeddable":true,"href":"https:\/\/tourtravelandmore.com\/fr\/wp-json\/wp\/v2\/product_tag?post=106388"}],"curies":[{"name":"wp","href":"https:\/\/api.w.org\/{rel}","templated":true}]}}