{"id":106351,"date":"2021-04-21T20:59:54","date_gmt":"2021-04-21T19:00:06","guid":{"rendered":"https:\/\/tourtravelandmore.com\/?post_type=product&#038;p=106351"},"modified":"2021-04-21T21:05:20","modified_gmt":"2021-04-21T19:05:20","slug":"transfert-prive-de-tel-aviv-a-jerusalem","status":"publish","type":"product","link":"https:\/\/tourtravelandmore.com\/fr\/tours\/israel-fr\/telaviv-fr-fr\/transferts-prives-fr\/transfert-prive-de-tel-aviv-a-jerusalem\/","title":{"rendered":"Transfert priv\u00e9 de Tel Aviv \u00e0 J\u00e9rusalem"},"content":{"rendered":"<h2>Description<\/h2>\n<p>Beaucoup de gens veulent l&#8217;exp\u00e9rience d&#8217;un transfert priv\u00e9 avec un chauffeur hautement qualifi\u00e9, tandis que d&#8217;autres pr\u00e9f\u00e8rent le confort et la qualit\u00e9 \u00e0 d&#8217;autres choses. Si vous \u00eates \u00e0 Tel Aviv et que vous souhaitez effectuer un transfert priv\u00e9 \u00e0 J\u00e9rusalem avec un chauffeur, nous vous encourageons \u00e0 le faire avec nous. Nos sympathiques chauffeurs sauront vous proposer une visite agr\u00e9able avec un grand sourire, au fur et \u00e0 mesure que vous vous dirigez vers votre destination.<\/p>\n<h4>Que peut-on appr\u00e9cier dans le transfert priv\u00e9 de Tel Aviv \u00e0 J\u00e9rusalem?<\/h4>\n<p>Tout d&#8217;abord, vous pouvez profiter d&#8217;une location de v\u00e9hicule de luxe avec un excellent chauffeur; nos chauffeurs sont hautement qualifi\u00e9s pour fournir la meilleure exp\u00e9rience utilisateur possible, afin qu&#8217;ils puissent se sentir \u00e0 l&#8217;aise pendant le voyage de Tel Aviv \u00e0 J\u00e9rusalem. Vous aurez \u00e9galement \u00e0 port\u00e9e de main la possibilit\u00e9 d&#8217;un service de transfert porte-\u00e0-porte entre l&#8217;h\u00f4tel de votre choix et l&#8217;a\u00e9roport de Tel Aviv.<\/p>\n<p>Le chauffeur est celui qui vous rencontrera en personne, et le v\u00e9hicule pr\u00e9vu sera un v\u00e9hicule exclusif \u00e0 votre avantage. Lors de ce voyage priv\u00e9 dans une voiture de luxe, vous pourrez profiter de la climatisation, de si\u00e8ges confortables et d&#8217;une multitude d&#8217;options qui ont \u00e9t\u00e9 con\u00e7ues pour vous aider \u00e0 tirer le meilleur parti de votre transfert.<\/p>\n<h2>Sites d&#8217;int\u00e9r\u00eat et points de rep\u00e8re<\/h2>\n<h4>O\u00f9 commence le transfert priv\u00e9 de Tel Aviv \u00e0 J\u00e9rusalem?<\/h4>\n<p>En g\u00e9n\u00e9ral, il est tr\u00e8s courant que le trajet dure moins d&#8217;une heure; cependant, il convient de noter que, selon le trafic actuel, cette heure peut varier. Le transfert commencera \u00e0 partir du moment o\u00f9 vous arrivez \u00e0 Tel Aviv et d\u00e9cidez de vous rendre dans un h\u00f4tel \u00e0 J\u00e9rusalem.<\/p>\n<p>Dans tous les cas, la prise en charge \u00e0 l&#8217;h\u00f4tel et l&#8217;exploitation de nos transports priv\u00e9s autour de J\u00e9rusalem sont un bon choix, qui fonctionnent tous les jours \u00e0 l&#8217;heure que vous souhaitez. \u00c0 son tour, la collecte peut \u00eatre effectu\u00e9e \u00e0 partir de n&#8217;importe quelle adresse \u00e0 J\u00e9rusalem.<\/p>\n<h4>\u00c0 quoi s&#8217;attendre pendant le voyage<\/h4>\n<p>Le service client est disponible \u00e0 tout moment; De plus, ce type de transfert est beaucoup plus susceptible d&#8217;\u00eatre beaucoup plus rapide que les transports publics. Pendant le voyage, un grand nombre de beaux paysages et points de vue vous seront pr\u00e9sent\u00e9s qui peuvent surprendre tout le monde.<\/p>\n<p>Le voyage peut \u00eatre effectu\u00e9 depuis n&#8217;importe quel h\u00e9bergement \u00e0 J\u00e9rusalem jusqu&#8217;\u00e0 l&#8217;a\u00e9roport Ben Gourion. Notre syst\u00e8me de transport sera toujours pr\u00eat \u00e0 mettre le v\u00e9hicule en mouvement lorsqu&#8217;il s&#8217;agit de transf\u00e9rer des utilisateurs de Tel Aviv \u00e0 J\u00e9rusalem.<\/p>\n<p>&nbsp;<\/p>\n","protected":false},"excerpt":{"rendered":"<p>Profiter d&#8217;un s\u00e9jour confortable \u00e0 J\u00e9rusalem sera une exp\u00e9rience inoubliable dont vous pourrez profiter; et pour atteindre votre destination, nous vous proposons un transfert rapide et efficace depuis Tel Aviv avec un chauffeur hautement qualifi\u00e9.<\/p>\n","protected":false},"featured_media":106079,"comment_status":"open","ping_status":"closed","template":"","meta":{"_acf_changed":false},"product_brand":[],"product_cat":[3862,3864,3880,3867,3886],"product_tag":[],"class_list":{"0":"post-106351","1":"product","2":"type-product","3":"status-publish","4":"has-post-thumbnail","6":"product_cat-israel-fr","7":"product_cat-jerusalem-fr","8":"product_cat-transfertsprives-fr","9":"product_cat-telaviv-fr-fr","10":"product_cat-transferts-prives-fr","12":"first","13":"instock","14":"shipping-taxable","15":"purchasable","16":"product-type-simple"},"acf":[],"yoast_head":"<!-- This site is optimized with the Yoast SEO Premium plugin v25.3.1 (Yoast SEO v25.3.1) - https:\/\/yoast.com\/wordpress\/plugins\/seo\/ -->\n<title>Transfert priv\u00e9 de Tel Aviv \u00e0 J\u00e9rusalem - Tour Travel &amp; More<\/title>\n<meta name=\"description\" content=\"D\u00e9m\u00e9nager de Tel Aviv \u00e0 J\u00e9rusalem n&#039;a jamais \u00e9t\u00e9 aussi confortable. Profitez de cette opportunit\u00e9 incontournable \u2705\" \/>\n<meta name=\"robots\" content=\"index, follow, max-snippet:-1, max-image-preview:large, max-video-preview:-1\" \/>\n<link rel=\"canonical\" href=\"https:\/\/tourtravelandmore.com\/fr\/tours\/israel-fr\/telaviv-fr-fr\/transferts-prives-fr\/transfert-prive-de-tel-aviv-a-jerusalem\/\" \/>\n<meta property=\"og:locale\" content=\"fr_FR\" \/>\n<meta property=\"og:type\" content=\"article\" \/>\n<meta property=\"og:title\" content=\"Transfert priv\u00e9 de Tel Aviv \u00e0 J\u00e9rusalem\" \/>\n<meta property=\"og:description\" content=\"D\u00e9m\u00e9nager de Tel Aviv \u00e0 J\u00e9rusalem n&#039;a jamais \u00e9t\u00e9 aussi confortable. Profitez de cette opportunit\u00e9 incontournable \u2705\" \/>\n<meta property=\"og:url\" content=\"https:\/\/tourtravelandmore.com\/fr\/tours\/israel-fr\/telaviv-fr-fr\/transferts-prives-fr\/transfert-prive-de-tel-aviv-a-jerusalem\/\" \/>\n<meta property=\"og:site_name\" content=\"Tour Travel And More\" \/>\n<meta property=\"article:publisher\" content=\"https:\/\/www.facebook.com\/tourtravelandmore\/\" \/>\n<meta property=\"article:modified_time\" content=\"2021-04-21T19:05:20+00:00\" \/>\n<meta property=\"og:image\" content=\"https:\/\/tourtravelandmore.com\/wp-content\/uploads\/2021\/04\/Jerusalem-3-scaled.jpg\" \/>\n\t<meta property=\"og:image:width\" content=\"1707\" \/>\n\t<meta property=\"og:image:height\" content=\"2560\" \/>\n\t<meta property=\"og:image:type\" content=\"image\/jpeg\" \/>\n<meta name=\"twitter:card\" content=\"summary_large_image\" \/>\n<meta name=\"twitter:site\" content=\"@TourTravel_More\" \/>\n<meta name=\"twitter:label1\" content=\"Dur\u00e9e de lecture estim\u00e9e\" \/>\n\t<meta name=\"twitter:data1\" content=\"2 minutes\" \/>\n<script type=\"application\/ld+json\" class=\"yoast-schema-graph\">{\"@context\":\"https:\/\/schema.org\",\"@graph\":[{\"@type\":\"WebPage\",\"@id\":\"https:\/\/tourtravelandmore.com\/fr\/tours\/israel-fr\/telaviv-fr-fr\/transferts-prives-fr\/transfert-prive-de-tel-aviv-a-jerusalem\/\",\"url\":\"https:\/\/tourtravelandmore.com\/fr\/tours\/israel-fr\/telaviv-fr-fr\/transferts-prives-fr\/transfert-prive-de-tel-aviv-a-jerusalem\/\",\"name\":\"Transfert priv\u00e9 de Tel Aviv \u00e0 J\u00e9rusalem - Tour Travel & More\",\"isPartOf\":{\"@id\":\"https:\/\/tourtravelandmore.com\/fr\/#website\"},\"primaryImageOfPage\":{\"@id\":\"https:\/\/tourtravelandmore.com\/fr\/tours\/israel-fr\/telaviv-fr-fr\/transferts-prives-fr\/transfert-prive-de-tel-aviv-a-jerusalem\/#primaryimage\"},\"image\":{\"@id\":\"https:\/\/tourtravelandmore.com\/fr\/tours\/israel-fr\/telaviv-fr-fr\/transferts-prives-fr\/transfert-prive-de-tel-aviv-a-jerusalem\/#primaryimage\"},\"thumbnailUrl\":\"https:\/\/tourtravelandmore.com\/wp-content\/uploads\/2021\/04\/Jerusalem-3-scaled.jpg\",\"datePublished\":\"2021-04-21T19:00:06+00:00\",\"dateModified\":\"2021-04-21T19:05:20+00:00\",\"description\":\"D\u00e9m\u00e9nager de Tel Aviv \u00e0 J\u00e9rusalem n'a jamais \u00e9t\u00e9 aussi confortable. Profitez de cette opportunit\u00e9 incontournable \u2705\",\"breadcrumb\":{\"@id\":\"https:\/\/tourtravelandmore.com\/fr\/tours\/israel-fr\/telaviv-fr-fr\/transferts-prives-fr\/transfert-prive-de-tel-aviv-a-jerusalem\/#breadcrumb\"},\"inLanguage\":\"fr-FR\",\"potentialAction\":[{\"@type\":\"ReadAction\",\"target\":[\"https:\/\/tourtravelandmore.com\/fr\/tours\/israel-fr\/telaviv-fr-fr\/transferts-prives-fr\/transfert-prive-de-tel-aviv-a-jerusalem\/\"]}]},{\"@type\":\"ImageObject\",\"inLanguage\":\"fr-FR\",\"@id\":\"https:\/\/tourtravelandmore.com\/fr\/tours\/israel-fr\/telaviv-fr-fr\/transferts-prives-fr\/transfert-prive-de-tel-aviv-a-jerusalem\/#primaryimage\",\"url\":\"https:\/\/tourtravelandmore.com\/wp-content\/uploads\/2021\/04\/Jerusalem-3-scaled.jpg\",\"contentUrl\":\"https:\/\/tourtravelandmore.com\/wp-content\/uploads\/2021\/04\/Jerusalem-3-scaled.jpg\",\"width\":1707,\"height\":2560},{\"@type\":\"BreadcrumbList\",\"@id\":\"https:\/\/tourtravelandmore.com\/fr\/tours\/israel-fr\/telaviv-fr-fr\/transferts-prives-fr\/transfert-prive-de-tel-aviv-a-jerusalem\/#breadcrumb\",\"itemListElement\":[{\"@type\":\"ListItem\",\"position\":1,\"name\":\"Home\",\"item\":\"https:\/\/tourtravelandmore.com\/fr\/\"},{\"@type\":\"ListItem\",\"position\":2,\"name\":\"Tours\",\"item\":\"https:\/\/tourtravelandmore.com\/fr\/tours\/\"},{\"@type\":\"ListItem\",\"position\":3,\"name\":\"Transfert priv\u00e9 de Tel Aviv \u00e0 J\u00e9rusalem\"}]},{\"@type\":\"WebSite\",\"@id\":\"https:\/\/tourtravelandmore.com\/fr\/#website\",\"url\":\"https:\/\/tourtravelandmore.com\/fr\/\",\"name\":\"Tour Travel And More\",\"description\":\"Private sightseeing tours and luxury transfers in Spain\",\"publisher\":{\"@id\":\"https:\/\/tourtravelandmore.com\/fr\/#organization\"},\"potentialAction\":[{\"@type\":\"SearchAction\",\"target\":{\"@type\":\"EntryPoint\",\"urlTemplate\":\"https:\/\/tourtravelandmore.com\/fr\/?s={search_term_string}\"},\"query-input\":{\"@type\":\"PropertyValueSpecification\",\"valueRequired\":true,\"valueName\":\"search_term_string\"}}],\"inLanguage\":\"fr-FR\"},{\"@type\":\"Organization\",\"@id\":\"https:\/\/tourtravelandmore.com\/fr\/#organization\",\"name\":\"Tour Travel And More\",\"url\":\"https:\/\/tourtravelandmore.com\/fr\/\",\"logo\":{\"@type\":\"ImageObject\",\"inLanguage\":\"fr-FR\",\"@id\":\"https:\/\/tourtravelandmore.com\/fr\/#\/schema\/logo\/image\/\",\"url\":\"https:\/\/tourtravelandmore.com\/wp-content\/uploads\/2022\/12\/cropped-logo-cabecera-new.png\",\"contentUrl\":\"https:\/\/tourtravelandmore.com\/wp-content\/uploads\/2022\/12\/cropped-logo-cabecera-new.png\",\"width\":430,\"height\":61,\"caption\":\"Tour Travel And More\"},\"image\":{\"@id\":\"https:\/\/tourtravelandmore.com\/fr\/#\/schema\/logo\/image\/\"},\"sameAs\":[\"https:\/\/www.facebook.com\/tourtravelandmore\/\",\"https:\/\/x.com\/TourTravel_More\"]}]}<\/script>\n<!-- \/ Yoast SEO Premium plugin. -->","yoast_head_json":{"title":"Transfert priv\u00e9 de Tel Aviv \u00e0 J\u00e9rusalem - Tour Travel & More","description":"D\u00e9m\u00e9nager de Tel Aviv \u00e0 J\u00e9rusalem n'a jamais \u00e9t\u00e9 aussi confortable. Profitez de cette opportunit\u00e9 incontournable \u2705","robots":{"index":"index","follow":"follow","max-snippet":"max-snippet:-1","max-image-preview":"max-image-preview:large","max-video-preview":"max-video-preview:-1"},"canonical":"https:\/\/tourtravelandmore.com\/fr\/tours\/israel-fr\/telaviv-fr-fr\/transferts-prives-fr\/transfert-prive-de-tel-aviv-a-jerusalem\/","og_locale":"fr_FR","og_type":"article","og_title":"Transfert priv\u00e9 de Tel Aviv \u00e0 J\u00e9rusalem","og_description":"D\u00e9m\u00e9nager de Tel Aviv \u00e0 J\u00e9rusalem n'a jamais \u00e9t\u00e9 aussi confortable. Profitez de cette opportunit\u00e9 incontournable \u2705","og_url":"https:\/\/tourtravelandmore.com\/fr\/tours\/israel-fr\/telaviv-fr-fr\/transferts-prives-fr\/transfert-prive-de-tel-aviv-a-jerusalem\/","og_site_name":"Tour Travel And More","article_publisher":"https:\/\/www.facebook.com\/tourtravelandmore\/","article_modified_time":"2021-04-21T19:05:20+00:00","og_image":[{"width":1707,"height":2560,"url":"https:\/\/tourtravelandmore.com\/wp-content\/uploads\/2021\/04\/Jerusalem-3-scaled.jpg","type":"image\/jpeg"}],"twitter_card":"summary_large_image","twitter_site":"@TourTravel_More","twitter_misc":{"Dur\u00e9e de lecture estim\u00e9e":"2 minutes"},"schema":{"@context":"https:\/\/schema.org","@graph":[{"@type":"WebPage","@id":"https:\/\/tourtravelandmore.com\/fr\/tours\/israel-fr\/telaviv-fr-fr\/transferts-prives-fr\/transfert-prive-de-tel-aviv-a-jerusalem\/","url":"https:\/\/tourtravelandmore.com\/fr\/tours\/israel-fr\/telaviv-fr-fr\/transferts-prives-fr\/transfert-prive-de-tel-aviv-a-jerusalem\/","name":"Transfert priv\u00e9 de Tel Aviv \u00e0 J\u00e9rusalem - Tour Travel & More","isPartOf":{"@id":"https:\/\/tourtravelandmore.com\/fr\/#website"},"primaryImageOfPage":{"@id":"https:\/\/tourtravelandmore.com\/fr\/tours\/israel-fr\/telaviv-fr-fr\/transferts-prives-fr\/transfert-prive-de-tel-aviv-a-jerusalem\/#primaryimage"},"image":{"@id":"https:\/\/tourtravelandmore.com\/fr\/tours\/israel-fr\/telaviv-fr-fr\/transferts-prives-fr\/transfert-prive-de-tel-aviv-a-jerusalem\/#primaryimage"},"thumbnailUrl":"https:\/\/tourtravelandmore.com\/wp-content\/uploads\/2021\/04\/Jerusalem-3-scaled.jpg","datePublished":"2021-04-21T19:00:06+00:00","dateModified":"2021-04-21T19:05:20+00:00","description":"D\u00e9m\u00e9nager de Tel Aviv \u00e0 J\u00e9rusalem n'a jamais \u00e9t\u00e9 aussi confortable. Profitez de cette opportunit\u00e9 incontournable \u2705","breadcrumb":{"@id":"https:\/\/tourtravelandmore.com\/fr\/tours\/israel-fr\/telaviv-fr-fr\/transferts-prives-fr\/transfert-prive-de-tel-aviv-a-jerusalem\/#breadcrumb"},"inLanguage":"fr-FR","potentialAction":[{"@type":"ReadAction","target":["https:\/\/tourtravelandmore.com\/fr\/tours\/israel-fr\/telaviv-fr-fr\/transferts-prives-fr\/transfert-prive-de-tel-aviv-a-jerusalem\/"]}]},{"@type":"ImageObject","inLanguage":"fr-FR","@id":"https:\/\/tourtravelandmore.com\/fr\/tours\/israel-fr\/telaviv-fr-fr\/transferts-prives-fr\/transfert-prive-de-tel-aviv-a-jerusalem\/#primaryimage","url":"https:\/\/tourtravelandmore.com\/wp-content\/uploads\/2021\/04\/Jerusalem-3-scaled.jpg","contentUrl":"https:\/\/tourtravelandmore.com\/wp-content\/uploads\/2021\/04\/Jerusalem-3-scaled.jpg","width":1707,"height":2560},{"@type":"BreadcrumbList","@id":"https:\/\/tourtravelandmore.com\/fr\/tours\/israel-fr\/telaviv-fr-fr\/transferts-prives-fr\/transfert-prive-de-tel-aviv-a-jerusalem\/#breadcrumb","itemListElement":[{"@type":"ListItem","position":1,"name":"Home","item":"https:\/\/tourtravelandmore.com\/fr\/"},{"@type":"ListItem","position":2,"name":"Tours","item":"https:\/\/tourtravelandmore.com\/fr\/tours\/"},{"@type":"ListItem","position":3,"name":"Transfert priv\u00e9 de Tel Aviv \u00e0 J\u00e9rusalem"}]},{"@type":"WebSite","@id":"https:\/\/tourtravelandmore.com\/fr\/#website","url":"https:\/\/tourtravelandmore.com\/fr\/","name":"Tour Travel And More","description":"Private sightseeing tours and luxury transfers in Spain","publisher":{"@id":"https:\/\/tourtravelandmore.com\/fr\/#organization"},"potentialAction":[{"@type":"SearchAction","target":{"@type":"EntryPoint","urlTemplate":"https:\/\/tourtravelandmore.com\/fr\/?s={search_term_string}"},"query-input":{"@type":"PropertyValueSpecification","valueRequired":true,"valueName":"search_term_string"}}],"inLanguage":"fr-FR"},{"@type":"Organization","@id":"https:\/\/tourtravelandmore.com\/fr\/#organization","name":"Tour Travel And More","url":"https:\/\/tourtravelandmore.com\/fr\/","logo":{"@type":"ImageObject","inLanguage":"fr-FR","@id":"https:\/\/tourtravelandmore.com\/fr\/#\/schema\/logo\/image\/","url":"https:\/\/tourtravelandmore.com\/wp-content\/uploads\/2022\/12\/cropped-logo-cabecera-new.png","contentUrl":"https:\/\/tourtravelandmore.com\/wp-content\/uploads\/2022\/12\/cropped-logo-cabecera-new.png","width":430,"height":61,"caption":"Tour Travel And More"},"image":{"@id":"https:\/\/tourtravelandmore.com\/fr\/#\/schema\/logo\/image\/"},"sameAs":["https:\/\/www.facebook.com\/tourtravelandmore\/","https:\/\/x.com\/TourTravel_More"]}]}},"_links":{"self":[{"href":"https:\/\/tourtravelandmore.com\/fr\/wp-json\/wp\/v2\/product\/106351","targetHints":{"allow":["GET"]}}],"collection":[{"href":"https:\/\/tourtravelandmore.com\/fr\/wp-json\/wp\/v2\/product"}],"about":[{"href":"https:\/\/tourtravelandmore.com\/fr\/wp-json\/wp\/v2\/types\/product"}],"replies":[{"embeddable":true,"href":"https:\/\/tourtravelandmore.com\/fr\/wp-json\/wp\/v2\/comments?post=106351"}],"wp:featuredmedia":[{"embeddable":true,"href":"https:\/\/tourtravelandmore.com\/fr\/wp-json\/wp\/v2\/media\/106079"}],"wp:attachment":[{"href":"https:\/\/tourtravelandmore.com\/fr\/wp-json\/wp\/v2\/media?parent=106351"}],"wp:term":[{"taxonomy":"product_brand","embeddable":true,"href":"https:\/\/tourtravelandmore.com\/fr\/wp-json\/wp\/v2\/product_brand?post=106351"},{"taxonomy":"product_cat","embeddable":true,"href":"https:\/\/tourtravelandmore.com\/fr\/wp-json\/wp\/v2\/product_cat?post=106351"},{"taxonomy":"product_tag","embeddable":true,"href":"https:\/\/tourtravelandmore.com\/fr\/wp-json\/wp\/v2\/product_tag?post=106351"}],"curies":[{"name":"wp","href":"https:\/\/api.w.org\/{rel}","templated":true}]}}