{"id":106333,"date":"2021-04-21T20:50:23","date_gmt":"2021-04-21T18:50:36","guid":{"rendered":"https:\/\/tourtravelandmore.com\/?post_type=product&#038;p=106333"},"modified":"2021-04-21T20:55:39","modified_gmt":"2021-04-21T18:55:39","slug":"visite-privee-dune-demi-journee-a-tel-aviv-copy","status":"publish","type":"product","link":"https:\/\/tourtravelandmore.com\/fr\/tours\/israel-fr\/telaviv-fr-fr\/transferts-prives-fr\/visite-privee-dune-demi-journee-a-tel-aviv-copy\/","title":{"rendered":"Transfert priv\u00e9 de l&#8217;a\u00e9roport Ben Gurion \u00e0 Tel Aviv et vice versa"},"content":{"rendered":"<h2>Description<\/h2>\n<p>Vous voulez une vraie tranquillit\u00e9 d&#8217;esprit lorsqu&#8217;il s&#8217;agit de trouver une place pour vous garer \u00e0 l&#8217;a\u00e9roport Ben Gurion? Il est possible d&#8217;\u00e9viter tout type de soucis li\u00e9 \u00e0 l&#8217;arriv\u00e9e \u00e0 l&#8217;a\u00e9roport et \u00e0 voyager en toute confiance dans un v\u00e9hicule priv\u00e9 avec un chauffeur hautement qualifi\u00e9. Par cons\u00e9quent, nous vous encourageons \u00e0 entreprendre ce transfert de l&#8217;a\u00e9roport Ben Gourion \u00e0 Tel Aviv et vice versa, de cette mani\u00e8re, vous vivrez une exp\u00e9rience unique.<\/p>\n<h4>Que peut-on appr\u00e9cier dans le transfert priv\u00e9 de l&#8217;a\u00e9roport Ben Gourion?<\/h4>\n<p>Le chauffeur en charge du transfert sera toujours un chauffeur professionnel, capable d&#8217;offrir la meilleure qualit\u00e9 de service possible et avec la plus grande d\u00e9cence. Une assistance personnalis\u00e9e sera fournie \u00e0 tout moment; cela inclut avant, pendant et jusqu&#8217;\u00e0 ce que le voyage soit termin\u00e9. Les personnes qui fournissent le service sont tr\u00e8s sympathiques et vous serez sans tracas et sans tracas.<\/p>\n<p>Vous pouvez profiter d&#8217;une arriv\u00e9e sans stress d\u00e8s que vous \u00eates \u00e0 l&#8217;a\u00e9roport; le transfert effectu\u00e9 dans ces voitures de luxe vers Tel Aviv vous permettra de profiter d&#8217;un plus grand confort. Il comportera \u00e9galement des si\u00e8ges tr\u00e8s confortables et r\u00e9confortants, avec beaucoup d&#8217;espace pour les jambes et la climatisation.<\/p>\n<h2>Sites d&#8217;int\u00e9r\u00eat et points de rep\u00e8re<\/h2>\n<h4>O\u00f9 commence le transfert priv\u00e9?<\/h4>\n<p>La dur\u00e9e de la visite d\u00e9pend de la quantit\u00e9 de trafic qui se produit en temps r\u00e9el pendant la journ\u00e9e. Le transfert priv\u00e9 commencera \u00e0 partir du moment o\u00f9 vous quitterez l&#8217;a\u00e9roport Ben Gurion et rencontrez le chauffeur expert, qui vous conduira sur le chemin de Tel Aviv.<\/p>\n<p>Ainsi, vous pouvez compl\u00e8tement oublier les longues files d&#8217;attente ou la confusion des transports en raison du grand nombre d&#8217;arriv\u00e9es \u00e0 l&#8217;a\u00e9roport. Il vous suffit de vous asseoir et de vous d\u00e9tendre, car la voiture se dirige du point de d\u00e9part vers l&#8217;h\u00e9bergement de votre choix, et vice versa.<\/p>\n<h4>\u00c0 quoi s&#8217;attendre pendant le voyage<\/h4>\n<p>Lorsque vous arrivez \u00e0 l&#8217;a\u00e9roport Ben Gurion, vous pouvez simplifier n&#8217;importe quel processus et voyager dans le plus grand style et confort qui existe. Vous pouvez \u00e9liminer tous les tracas li\u00e9s \u00e0 la recherche d&#8217;un taxi ou \u00e0 l&#8217;organisation d&#8217;un service de transport public apr\u00e8s un long vol.<\/p>\n<p>Tout au long du trajet de l&#8217;a\u00e9roport \u00e0 l&#8217;h\u00f4tel \u00e0 Tel Aviv, vous pourrez observer la beaut\u00e9 du lieu; Et lorsque vous arrivez \u00e0 destination, les possibilit\u00e9s de visiter les sites touristiques seront impressionnantes. Une exp\u00e9rience comme celle que vous n&#8217;avez jamais eue auparavant!<\/p>\n","protected":false},"excerpt":{"rendered":"<p>Profitez du plus grand confort possible dans un transfert de la meilleure qualit\u00e9! De l&#8217;a\u00e9roport Ben Gourion \u00e0 Tel Aviv, vous profiterez d&#8217;un trajet confortable en compagnie d&#8217;un chauffeur expert. Venez avec nous et faites une visite que vous n&#8217;oublierez jamais.<\/p>\n","protected":false},"featured_media":106363,"comment_status":"open","ping_status":"closed","template":"","meta":{"_acf_changed":false},"product_brand":[],"product_cat":[3862,3867,3886],"product_tag":[],"class_list":{"0":"post-106333","1":"product","2":"type-product","3":"status-publish","4":"has-post-thumbnail","6":"product_cat-israel-fr","7":"product_cat-telaviv-fr-fr","8":"product_cat-transferts-prives-fr","10":"first","11":"instock","12":"shipping-taxable","13":"purchasable","14":"product-type-simple"},"acf":[],"yoast_head":"<!-- This site is optimized with the Yoast SEO Premium plugin v25.3.1 (Yoast SEO v25.3.1) - https:\/\/yoast.com\/wordpress\/plugins\/seo\/ -->\n<title>Transfert priv\u00e9 de l&#039;a\u00e9roport Ben Gurion \u00e0 Tel Aviv - Tour Travel &amp; more<\/title>\n<meta name=\"description\" content=\"Profitez d&#039;un service sp\u00e9cial. Ce sera un tour en voiture de luxe avec chauffeur de l&#039;a\u00e9roport Ben Gourion \u00e0 Tel Aviv.\" \/>\n<meta name=\"robots\" content=\"index, follow, max-snippet:-1, max-image-preview:large, max-video-preview:-1\" \/>\n<link rel=\"canonical\" href=\"https:\/\/tourtravelandmore.com\/fr\/tours\/israel-fr\/telaviv-fr-fr\/transferts-prives-fr\/visite-privee-dune-demi-journee-a-tel-aviv-copy\/\" \/>\n<meta property=\"og:locale\" content=\"fr_FR\" \/>\n<meta property=\"og:type\" content=\"article\" \/>\n<meta property=\"og:title\" content=\"Transfert priv\u00e9 de l&#039;a\u00e9roport Ben Gurion \u00e0 Tel Aviv et vice versa\" \/>\n<meta property=\"og:description\" content=\"Profitez d&#039;un service sp\u00e9cial. Ce sera un tour en voiture de luxe avec chauffeur de l&#039;a\u00e9roport Ben Gourion \u00e0 Tel Aviv.\" \/>\n<meta property=\"og:url\" content=\"https:\/\/tourtravelandmore.com\/fr\/tours\/israel-fr\/telaviv-fr-fr\/transferts-prives-fr\/visite-privee-dune-demi-journee-a-tel-aviv-copy\/\" \/>\n<meta property=\"og:site_name\" content=\"Tour Travel And More\" \/>\n<meta property=\"article:publisher\" content=\"https:\/\/www.facebook.com\/tourtravelandmore\/\" \/>\n<meta property=\"article:modified_time\" content=\"2021-04-21T18:55:39+00:00\" \/>\n<meta property=\"og:image\" content=\"https:\/\/tourtravelandmore.com\/wp-content\/uploads\/2021\/04\/Tel-Aviv-3-scaled.jpg\" \/>\n\t<meta property=\"og:image:width\" content=\"2560\" \/>\n\t<meta property=\"og:image:height\" content=\"1707\" \/>\n\t<meta property=\"og:image:type\" content=\"image\/jpeg\" \/>\n<meta name=\"twitter:card\" content=\"summary_large_image\" \/>\n<meta name=\"twitter:site\" content=\"@TourTravel_More\" \/>\n<meta name=\"twitter:label1\" content=\"Dur\u00e9e de lecture estim\u00e9e\" \/>\n\t<meta name=\"twitter:data1\" content=\"2 minutes\" \/>\n<script type=\"application\/ld+json\" class=\"yoast-schema-graph\">{\"@context\":\"https:\/\/schema.org\",\"@graph\":[{\"@type\":\"WebPage\",\"@id\":\"https:\/\/tourtravelandmore.com\/fr\/tours\/israel-fr\/telaviv-fr-fr\/transferts-prives-fr\/visite-privee-dune-demi-journee-a-tel-aviv-copy\/\",\"url\":\"https:\/\/tourtravelandmore.com\/fr\/tours\/israel-fr\/telaviv-fr-fr\/transferts-prives-fr\/visite-privee-dune-demi-journee-a-tel-aviv-copy\/\",\"name\":\"Transfert priv\u00e9 de l'a\u00e9roport Ben Gurion \u00e0 Tel Aviv - Tour Travel & more\",\"isPartOf\":{\"@id\":\"https:\/\/tourtravelandmore.com\/fr\/#website\"},\"primaryImageOfPage\":{\"@id\":\"https:\/\/tourtravelandmore.com\/fr\/tours\/israel-fr\/telaviv-fr-fr\/transferts-prives-fr\/visite-privee-dune-demi-journee-a-tel-aviv-copy\/#primaryimage\"},\"image\":{\"@id\":\"https:\/\/tourtravelandmore.com\/fr\/tours\/israel-fr\/telaviv-fr-fr\/transferts-prives-fr\/visite-privee-dune-demi-journee-a-tel-aviv-copy\/#primaryimage\"},\"thumbnailUrl\":\"https:\/\/tourtravelandmore.com\/wp-content\/uploads\/2021\/04\/Tel-Aviv-3-scaled.jpg\",\"datePublished\":\"2021-04-21T18:50:36+00:00\",\"dateModified\":\"2021-04-21T18:55:39+00:00\",\"description\":\"Profitez d'un service sp\u00e9cial. Ce sera un tour en voiture de luxe avec chauffeur de l'a\u00e9roport Ben Gourion \u00e0 Tel Aviv.\",\"breadcrumb\":{\"@id\":\"https:\/\/tourtravelandmore.com\/fr\/tours\/israel-fr\/telaviv-fr-fr\/transferts-prives-fr\/visite-privee-dune-demi-journee-a-tel-aviv-copy\/#breadcrumb\"},\"inLanguage\":\"fr-FR\",\"potentialAction\":[{\"@type\":\"ReadAction\",\"target\":[\"https:\/\/tourtravelandmore.com\/fr\/tours\/israel-fr\/telaviv-fr-fr\/transferts-prives-fr\/visite-privee-dune-demi-journee-a-tel-aviv-copy\/\"]}]},{\"@type\":\"ImageObject\",\"inLanguage\":\"fr-FR\",\"@id\":\"https:\/\/tourtravelandmore.com\/fr\/tours\/israel-fr\/telaviv-fr-fr\/transferts-prives-fr\/visite-privee-dune-demi-journee-a-tel-aviv-copy\/#primaryimage\",\"url\":\"https:\/\/tourtravelandmore.com\/wp-content\/uploads\/2021\/04\/Tel-Aviv-3-scaled.jpg\",\"contentUrl\":\"https:\/\/tourtravelandmore.com\/wp-content\/uploads\/2021\/04\/Tel-Aviv-3-scaled.jpg\",\"width\":2560,\"height\":1707},{\"@type\":\"BreadcrumbList\",\"@id\":\"https:\/\/tourtravelandmore.com\/fr\/tours\/israel-fr\/telaviv-fr-fr\/transferts-prives-fr\/visite-privee-dune-demi-journee-a-tel-aviv-copy\/#breadcrumb\",\"itemListElement\":[{\"@type\":\"ListItem\",\"position\":1,\"name\":\"Home\",\"item\":\"https:\/\/tourtravelandmore.com\/fr\/\"},{\"@type\":\"ListItem\",\"position\":2,\"name\":\"Tours\",\"item\":\"https:\/\/tourtravelandmore.com\/fr\/tours\/\"},{\"@type\":\"ListItem\",\"position\":3,\"name\":\"Transfert priv\u00e9 de l&rsquo;a\u00e9roport Ben Gurion \u00e0 Tel Aviv et vice versa\"}]},{\"@type\":\"WebSite\",\"@id\":\"https:\/\/tourtravelandmore.com\/fr\/#website\",\"url\":\"https:\/\/tourtravelandmore.com\/fr\/\",\"name\":\"Tour Travel And More\",\"description\":\"Private sightseeing tours and luxury transfers in Spain\",\"publisher\":{\"@id\":\"https:\/\/tourtravelandmore.com\/fr\/#organization\"},\"potentialAction\":[{\"@type\":\"SearchAction\",\"target\":{\"@type\":\"EntryPoint\",\"urlTemplate\":\"https:\/\/tourtravelandmore.com\/fr\/?s={search_term_string}\"},\"query-input\":{\"@type\":\"PropertyValueSpecification\",\"valueRequired\":true,\"valueName\":\"search_term_string\"}}],\"inLanguage\":\"fr-FR\"},{\"@type\":\"Organization\",\"@id\":\"https:\/\/tourtravelandmore.com\/fr\/#organization\",\"name\":\"Tour Travel And More\",\"url\":\"https:\/\/tourtravelandmore.com\/fr\/\",\"logo\":{\"@type\":\"ImageObject\",\"inLanguage\":\"fr-FR\",\"@id\":\"https:\/\/tourtravelandmore.com\/fr\/#\/schema\/logo\/image\/\",\"url\":\"https:\/\/tourtravelandmore.com\/wp-content\/uploads\/2022\/12\/cropped-logo-cabecera-new.png\",\"contentUrl\":\"https:\/\/tourtravelandmore.com\/wp-content\/uploads\/2022\/12\/cropped-logo-cabecera-new.png\",\"width\":430,\"height\":61,\"caption\":\"Tour Travel And More\"},\"image\":{\"@id\":\"https:\/\/tourtravelandmore.com\/fr\/#\/schema\/logo\/image\/\"},\"sameAs\":[\"https:\/\/www.facebook.com\/tourtravelandmore\/\",\"https:\/\/x.com\/TourTravel_More\"]}]}<\/script>\n<!-- \/ Yoast SEO Premium plugin. -->","yoast_head_json":{"title":"Transfert priv\u00e9 de l'a\u00e9roport Ben Gurion \u00e0 Tel Aviv - Tour Travel & more","description":"Profitez d'un service sp\u00e9cial. Ce sera un tour en voiture de luxe avec chauffeur de l'a\u00e9roport Ben Gourion \u00e0 Tel Aviv.","robots":{"index":"index","follow":"follow","max-snippet":"max-snippet:-1","max-image-preview":"max-image-preview:large","max-video-preview":"max-video-preview:-1"},"canonical":"https:\/\/tourtravelandmore.com\/fr\/tours\/israel-fr\/telaviv-fr-fr\/transferts-prives-fr\/visite-privee-dune-demi-journee-a-tel-aviv-copy\/","og_locale":"fr_FR","og_type":"article","og_title":"Transfert priv\u00e9 de l'a\u00e9roport Ben Gurion \u00e0 Tel Aviv et vice versa","og_description":"Profitez d'un service sp\u00e9cial. Ce sera un tour en voiture de luxe avec chauffeur de l'a\u00e9roport Ben Gourion \u00e0 Tel Aviv.","og_url":"https:\/\/tourtravelandmore.com\/fr\/tours\/israel-fr\/telaviv-fr-fr\/transferts-prives-fr\/visite-privee-dune-demi-journee-a-tel-aviv-copy\/","og_site_name":"Tour Travel And More","article_publisher":"https:\/\/www.facebook.com\/tourtravelandmore\/","article_modified_time":"2021-04-21T18:55:39+00:00","og_image":[{"width":2560,"height":1707,"url":"https:\/\/tourtravelandmore.com\/wp-content\/uploads\/2021\/04\/Tel-Aviv-3-scaled.jpg","type":"image\/jpeg"}],"twitter_card":"summary_large_image","twitter_site":"@TourTravel_More","twitter_misc":{"Dur\u00e9e de lecture estim\u00e9e":"2 minutes"},"schema":{"@context":"https:\/\/schema.org","@graph":[{"@type":"WebPage","@id":"https:\/\/tourtravelandmore.com\/fr\/tours\/israel-fr\/telaviv-fr-fr\/transferts-prives-fr\/visite-privee-dune-demi-journee-a-tel-aviv-copy\/","url":"https:\/\/tourtravelandmore.com\/fr\/tours\/israel-fr\/telaviv-fr-fr\/transferts-prives-fr\/visite-privee-dune-demi-journee-a-tel-aviv-copy\/","name":"Transfert priv\u00e9 de l'a\u00e9roport Ben Gurion \u00e0 Tel Aviv - Tour Travel & more","isPartOf":{"@id":"https:\/\/tourtravelandmore.com\/fr\/#website"},"primaryImageOfPage":{"@id":"https:\/\/tourtravelandmore.com\/fr\/tours\/israel-fr\/telaviv-fr-fr\/transferts-prives-fr\/visite-privee-dune-demi-journee-a-tel-aviv-copy\/#primaryimage"},"image":{"@id":"https:\/\/tourtravelandmore.com\/fr\/tours\/israel-fr\/telaviv-fr-fr\/transferts-prives-fr\/visite-privee-dune-demi-journee-a-tel-aviv-copy\/#primaryimage"},"thumbnailUrl":"https:\/\/tourtravelandmore.com\/wp-content\/uploads\/2021\/04\/Tel-Aviv-3-scaled.jpg","datePublished":"2021-04-21T18:50:36+00:00","dateModified":"2021-04-21T18:55:39+00:00","description":"Profitez d'un service sp\u00e9cial. Ce sera un tour en voiture de luxe avec chauffeur de l'a\u00e9roport Ben Gourion \u00e0 Tel Aviv.","breadcrumb":{"@id":"https:\/\/tourtravelandmore.com\/fr\/tours\/israel-fr\/telaviv-fr-fr\/transferts-prives-fr\/visite-privee-dune-demi-journee-a-tel-aviv-copy\/#breadcrumb"},"inLanguage":"fr-FR","potentialAction":[{"@type":"ReadAction","target":["https:\/\/tourtravelandmore.com\/fr\/tours\/israel-fr\/telaviv-fr-fr\/transferts-prives-fr\/visite-privee-dune-demi-journee-a-tel-aviv-copy\/"]}]},{"@type":"ImageObject","inLanguage":"fr-FR","@id":"https:\/\/tourtravelandmore.com\/fr\/tours\/israel-fr\/telaviv-fr-fr\/transferts-prives-fr\/visite-privee-dune-demi-journee-a-tel-aviv-copy\/#primaryimage","url":"https:\/\/tourtravelandmore.com\/wp-content\/uploads\/2021\/04\/Tel-Aviv-3-scaled.jpg","contentUrl":"https:\/\/tourtravelandmore.com\/wp-content\/uploads\/2021\/04\/Tel-Aviv-3-scaled.jpg","width":2560,"height":1707},{"@type":"BreadcrumbList","@id":"https:\/\/tourtravelandmore.com\/fr\/tours\/israel-fr\/telaviv-fr-fr\/transferts-prives-fr\/visite-privee-dune-demi-journee-a-tel-aviv-copy\/#breadcrumb","itemListElement":[{"@type":"ListItem","position":1,"name":"Home","item":"https:\/\/tourtravelandmore.com\/fr\/"},{"@type":"ListItem","position":2,"name":"Tours","item":"https:\/\/tourtravelandmore.com\/fr\/tours\/"},{"@type":"ListItem","position":3,"name":"Transfert priv\u00e9 de l&rsquo;a\u00e9roport Ben Gurion \u00e0 Tel Aviv et vice versa"}]},{"@type":"WebSite","@id":"https:\/\/tourtravelandmore.com\/fr\/#website","url":"https:\/\/tourtravelandmore.com\/fr\/","name":"Tour Travel And More","description":"Private sightseeing tours and luxury transfers in Spain","publisher":{"@id":"https:\/\/tourtravelandmore.com\/fr\/#organization"},"potentialAction":[{"@type":"SearchAction","target":{"@type":"EntryPoint","urlTemplate":"https:\/\/tourtravelandmore.com\/fr\/?s={search_term_string}"},"query-input":{"@type":"PropertyValueSpecification","valueRequired":true,"valueName":"search_term_string"}}],"inLanguage":"fr-FR"},{"@type":"Organization","@id":"https:\/\/tourtravelandmore.com\/fr\/#organization","name":"Tour Travel And More","url":"https:\/\/tourtravelandmore.com\/fr\/","logo":{"@type":"ImageObject","inLanguage":"fr-FR","@id":"https:\/\/tourtravelandmore.com\/fr\/#\/schema\/logo\/image\/","url":"https:\/\/tourtravelandmore.com\/wp-content\/uploads\/2022\/12\/cropped-logo-cabecera-new.png","contentUrl":"https:\/\/tourtravelandmore.com\/wp-content\/uploads\/2022\/12\/cropped-logo-cabecera-new.png","width":430,"height":61,"caption":"Tour Travel And More"},"image":{"@id":"https:\/\/tourtravelandmore.com\/fr\/#\/schema\/logo\/image\/"},"sameAs":["https:\/\/www.facebook.com\/tourtravelandmore\/","https:\/\/x.com\/TourTravel_More"]}]}},"_links":{"self":[{"href":"https:\/\/tourtravelandmore.com\/fr\/wp-json\/wp\/v2\/product\/106333","targetHints":{"allow":["GET"]}}],"collection":[{"href":"https:\/\/tourtravelandmore.com\/fr\/wp-json\/wp\/v2\/product"}],"about":[{"href":"https:\/\/tourtravelandmore.com\/fr\/wp-json\/wp\/v2\/types\/product"}],"replies":[{"embeddable":true,"href":"https:\/\/tourtravelandmore.com\/fr\/wp-json\/wp\/v2\/comments?post=106333"}],"wp:featuredmedia":[{"embeddable":true,"href":"https:\/\/tourtravelandmore.com\/fr\/wp-json\/wp\/v2\/media\/106363"}],"wp:attachment":[{"href":"https:\/\/tourtravelandmore.com\/fr\/wp-json\/wp\/v2\/media?parent=106333"}],"wp:term":[{"taxonomy":"product_brand","embeddable":true,"href":"https:\/\/tourtravelandmore.com\/fr\/wp-json\/wp\/v2\/product_brand?post=106333"},{"taxonomy":"product_cat","embeddable":true,"href":"https:\/\/tourtravelandmore.com\/fr\/wp-json\/wp\/v2\/product_cat?post=106333"},{"taxonomy":"product_tag","embeddable":true,"href":"https:\/\/tourtravelandmore.com\/fr\/wp-json\/wp\/v2\/product_tag?post=106333"}],"curies":[{"name":"wp","href":"https:\/\/api.w.org\/{rel}","templated":true}]}}