{"id":106312,"date":"2021-04-21T20:39:42","date_gmt":"2021-04-21T18:39:53","guid":{"rendered":"https:\/\/tourtravelandmore.com\/?post_type=product&#038;p=106312"},"modified":"2021-04-21T20:46:59","modified_gmt":"2021-04-21T18:46:59","slug":"visite-privee-dune-demi-journee-a-tel-aviv","status":"publish","type":"product","link":"https:\/\/tourtravelandmore.com\/fr\/tours\/israel-fr\/telaviv-fr-fr\/visites-dune-demi-journee-fr-fr\/visite-privee-dune-demi-journee-a-tel-aviv\/","title":{"rendered":"Visite priv\u00e9e d&#8217;une demi-journ\u00e9e \u00e0 Tel Aviv"},"content":{"rendered":"<h2>Description<\/h2>\n<p>Il y a des gens qui d\u00e9cident de faire certaines tourn\u00e9es dans diff\u00e9rentes parties du monde; mais la r\u00e9alit\u00e9 est que tr\u00e8s peu d&#8217;entre eux ont pu profiter d&#8217;une tourn\u00e9e \u00e0 Tel Aviv. C&#8217;est une r\u00e9gion o\u00f9 vous pourrez profiter de paysages incroyables, ainsi que d&#8217;une grande culture et de certains endroits o\u00f9 l&#8217;histoire biblique est pr\u00e9sente. Par cons\u00e9quent, nous vous invitons \u00e0 entreprendre ce merveilleux voyage que vous n&#8217;oublierez jamais.<\/p>\n<h4>Que peut-on appr\u00e9cier lors de la visite priv\u00e9e d&#8217;une demi-journ\u00e9e de Tel Aviv?<\/h4>\n<p>Tout d&#8217;abord, nous pouvons souligner que dans cette visite priv\u00e9e, qui dure environ 4 heures, vous aurez l&#8217;occasion de vous immerger dans les curiosit\u00e9s technologiques de Tel Aviv. Tout ce tour peut \u00eatre fait en compagnie d&#8217;un chauffeur \/ guide officiel, hautement qualifi\u00e9 pour vous offrir la meilleure exp\u00e9rience de votre vie.<\/p>\n<p>Vous profiterez de visites guid\u00e9es, qui peuvent avoir lieu le long des endroits les plus beaux et les plus passionnants de la ville, tels que des bars, des mus\u00e9es et des b\u00e2timents \u00e0 l&#8217;architecture \u00e0 couper le souffle. D\u00e9couvrez en profondeur les curiosit\u00e9s de l&#8217;une des villes avec la plus grande richesse au sens historique qui existe en Palestine. Et le meilleur de tous, ces visites se font dans des voitures de luxe avec climatisation.<\/p>\n<h2>Sites d&#8217;int\u00e9r\u00eat et points de rep\u00e8re<\/h2>\n<h4>O\u00f9 commence la visite priv\u00e9e d&#8217;une demi-journ\u00e9e de Tel Aviv?<\/h4>\n<p>\u00c0 partir du moment o\u00f9 vous quittez l&#8217;h\u00f4tel et rencontrez le chauffeur \/ guide officiel, vous pouvez commencer \u00e0 profiter de cette visite priv\u00e9e d&#8217;une demi-journ\u00e9e. Vous n&#8217;aurez qu&#8217;\u00e0 vous d\u00e9tendre du d\u00e9but \u00e0 la fin dans ce transport particulier lors des visites pour chacune des visites. Il est \u00e0 noter qu&#8217;il est essentiel que, pour toutes ces activit\u00e9s, vous apportiez votre passeport avec vous.<\/p>\n<h4>\u00c0 quoi s&#8217;attendre pendant le voyage<\/h4>\n<p>La visite priv\u00e9e d&#8217;une demi-journ\u00e9e vous aidera \u00e0 comprendre la beaut\u00e9 de ce joyau historique, tel que Tel Aviv. Dans le guide qui vous sera propos\u00e9 en chemin, tout sera mis en \u0153uvre pour vous fournir des informations d\u00e9taill\u00e9es et pr\u00e9cises, afin que vous profitiez au maximum du voyage. Parmi les principaux sites que vous pouvez visiter, les suivants se d\u00e9marquent:<\/p>\n<ul>\n<li>La ville portuaire de Jaffa, au sud de Tel Aviv<\/li>\n<li>Boulevard Rothschild dans le centre de Tel Aviv<\/li>\n<li>Le c\u00e9l\u00e8bre march\u00e9 du Carmel<\/li>\n<\/ul>\n<p>Tout au long de ce syst\u00e8me, de nombreux avantages sont offerts pour que les gens soient le plus \u00e0 l&#8217;aise possible. Pendant ces 4 heures dans un v\u00e9hicule climatis\u00e9, vous pouvez vivre une exp\u00e9rience que vous n&#8217;oublierez jamais; De nombreuses personnes pr\u00e9sentes ont convenu que ce type de circuit est capable de fournir une perspective diff\u00e9rente, car elles ont beaucoup profit\u00e9 du voyage. Et vous pouvez \u00eatre le prochain!<\/p>\n<p>&nbsp;<\/p>\n","protected":false},"excerpt":{"rendered":"<p>En faisant une excursion priv\u00e9e d&#8217;une demi-journ\u00e9e \u00e0 Tel Aviv, vous pourrez trouver des endroits comme ceux que vous n&#8217;avez peut-\u00eatre jamais visit\u00e9s auparavant. Contactez-nous! Et d\u00e9couvrez comment vous pouvez profiter de cette opportunit\u00e9.<\/p>\n","protected":false},"featured_media":106324,"comment_status":"open","ping_status":"closed","template":"","meta":{"_acf_changed":false},"product_brand":[],"product_cat":[3862,3867,3891,3888,3890],"product_tag":[],"class_list":{"0":"post-106312","1":"product","2":"type-product","3":"status-publish","4":"has-post-thumbnail","6":"product_cat-israel-fr","7":"product_cat-telaviv-fr-fr","8":"product_cat-toutes-les-visites-et-activites-privees-fr","9":"product_cat-visites-dune-demi-journee-fr-fr","10":"product_cat-excursions-a-terre-fr-fr","12":"first","13":"instock","14":"shipping-taxable","15":"purchasable","16":"product-type-simple"},"acf":[],"yoast_head":"<!-- This site is optimized with the Yoast SEO Premium plugin v25.3.1 (Yoast SEO v25.3.1) - https:\/\/yoast.com\/wordpress\/plugins\/seo\/ -->\n<title>Visite priv\u00e9e d&#039;une demi-journ\u00e9e \u00e0 Tel Aviv - Tour Travel &amp; More<\/title>\n<meta name=\"description\" content=\"Faites-vous plaisir \u00e0 Tel Aviv et sans stress dans la ville de Tel Aviv lors de cette visite priv\u00e9e dans une voiture de luxe.\" \/>\n<meta name=\"robots\" content=\"index, follow, max-snippet:-1, max-image-preview:large, max-video-preview:-1\" \/>\n<link rel=\"canonical\" href=\"https:\/\/tourtravelandmore.com\/fr\/tours\/israel-fr\/telaviv-fr-fr\/visites-dune-demi-journee-fr-fr\/visite-privee-dune-demi-journee-a-tel-aviv\/\" \/>\n<meta property=\"og:locale\" content=\"fr_FR\" \/>\n<meta property=\"og:type\" content=\"article\" \/>\n<meta property=\"og:title\" content=\"Visite priv\u00e9e d&#039;une demi-journ\u00e9e \u00e0 Tel Aviv\" \/>\n<meta property=\"og:description\" content=\"Faites-vous plaisir \u00e0 Tel Aviv et sans stress dans la ville de Tel Aviv lors de cette visite priv\u00e9e dans une voiture de luxe.\" \/>\n<meta property=\"og:url\" content=\"https:\/\/tourtravelandmore.com\/fr\/tours\/israel-fr\/telaviv-fr-fr\/visites-dune-demi-journee-fr-fr\/visite-privee-dune-demi-journee-a-tel-aviv\/\" \/>\n<meta property=\"og:site_name\" content=\"Tour Travel And More\" \/>\n<meta property=\"article:publisher\" content=\"https:\/\/www.facebook.com\/tourtravelandmore\/\" \/>\n<meta property=\"article:modified_time\" content=\"2021-04-21T18:46:59+00:00\" \/>\n<meta property=\"og:image\" content=\"https:\/\/tourtravelandmore.com\/wp-content\/uploads\/2021\/04\/Tel-aviv-2-scaled.jpg\" \/>\n\t<meta property=\"og:image:width\" content=\"2560\" \/>\n\t<meta property=\"og:image:height\" content=\"1707\" \/>\n\t<meta property=\"og:image:type\" content=\"image\/jpeg\" \/>\n<meta name=\"twitter:card\" content=\"summary_large_image\" \/>\n<meta name=\"twitter:site\" content=\"@TourTravel_More\" \/>\n<meta name=\"twitter:label1\" content=\"Dur\u00e9e de lecture estim\u00e9e\" \/>\n\t<meta name=\"twitter:data1\" content=\"2 minutes\" \/>\n<script type=\"application\/ld+json\" class=\"yoast-schema-graph\">{\"@context\":\"https:\/\/schema.org\",\"@graph\":[{\"@type\":\"WebPage\",\"@id\":\"https:\/\/tourtravelandmore.com\/fr\/tours\/israel-fr\/telaviv-fr-fr\/visites-dune-demi-journee-fr-fr\/visite-privee-dune-demi-journee-a-tel-aviv\/\",\"url\":\"https:\/\/tourtravelandmore.com\/fr\/tours\/israel-fr\/telaviv-fr-fr\/visites-dune-demi-journee-fr-fr\/visite-privee-dune-demi-journee-a-tel-aviv\/\",\"name\":\"Visite priv\u00e9e d'une demi-journ\u00e9e \u00e0 Tel Aviv - Tour Travel & More\",\"isPartOf\":{\"@id\":\"https:\/\/tourtravelandmore.com\/fr\/#website\"},\"primaryImageOfPage\":{\"@id\":\"https:\/\/tourtravelandmore.com\/fr\/tours\/israel-fr\/telaviv-fr-fr\/visites-dune-demi-journee-fr-fr\/visite-privee-dune-demi-journee-a-tel-aviv\/#primaryimage\"},\"image\":{\"@id\":\"https:\/\/tourtravelandmore.com\/fr\/tours\/israel-fr\/telaviv-fr-fr\/visites-dune-demi-journee-fr-fr\/visite-privee-dune-demi-journee-a-tel-aviv\/#primaryimage\"},\"thumbnailUrl\":\"https:\/\/tourtravelandmore.com\/wp-content\/uploads\/2021\/04\/Tel-aviv-2-scaled.jpg\",\"datePublished\":\"2021-04-21T18:39:53+00:00\",\"dateModified\":\"2021-04-21T18:46:59+00:00\",\"description\":\"Faites-vous plaisir \u00e0 Tel Aviv et sans stress dans la ville de Tel Aviv lors de cette visite priv\u00e9e dans une voiture de luxe.\",\"breadcrumb\":{\"@id\":\"https:\/\/tourtravelandmore.com\/fr\/tours\/israel-fr\/telaviv-fr-fr\/visites-dune-demi-journee-fr-fr\/visite-privee-dune-demi-journee-a-tel-aviv\/#breadcrumb\"},\"inLanguage\":\"fr-FR\",\"potentialAction\":[{\"@type\":\"ReadAction\",\"target\":[\"https:\/\/tourtravelandmore.com\/fr\/tours\/israel-fr\/telaviv-fr-fr\/visites-dune-demi-journee-fr-fr\/visite-privee-dune-demi-journee-a-tel-aviv\/\"]}]},{\"@type\":\"ImageObject\",\"inLanguage\":\"fr-FR\",\"@id\":\"https:\/\/tourtravelandmore.com\/fr\/tours\/israel-fr\/telaviv-fr-fr\/visites-dune-demi-journee-fr-fr\/visite-privee-dune-demi-journee-a-tel-aviv\/#primaryimage\",\"url\":\"https:\/\/tourtravelandmore.com\/wp-content\/uploads\/2021\/04\/Tel-aviv-2-scaled.jpg\",\"contentUrl\":\"https:\/\/tourtravelandmore.com\/wp-content\/uploads\/2021\/04\/Tel-aviv-2-scaled.jpg\",\"width\":2560,\"height\":1707},{\"@type\":\"BreadcrumbList\",\"@id\":\"https:\/\/tourtravelandmore.com\/fr\/tours\/israel-fr\/telaviv-fr-fr\/visites-dune-demi-journee-fr-fr\/visite-privee-dune-demi-journee-a-tel-aviv\/#breadcrumb\",\"itemListElement\":[{\"@type\":\"ListItem\",\"position\":1,\"name\":\"Home\",\"item\":\"https:\/\/tourtravelandmore.com\/fr\/\"},{\"@type\":\"ListItem\",\"position\":2,\"name\":\"Tours\",\"item\":\"https:\/\/tourtravelandmore.com\/fr\/tours\/\"},{\"@type\":\"ListItem\",\"position\":3,\"name\":\"Visite priv\u00e9e d&rsquo;une demi-journ\u00e9e \u00e0 Tel Aviv\"}]},{\"@type\":\"WebSite\",\"@id\":\"https:\/\/tourtravelandmore.com\/fr\/#website\",\"url\":\"https:\/\/tourtravelandmore.com\/fr\/\",\"name\":\"Tour Travel And More\",\"description\":\"Private sightseeing tours and luxury transfers in Spain\",\"publisher\":{\"@id\":\"https:\/\/tourtravelandmore.com\/fr\/#organization\"},\"potentialAction\":[{\"@type\":\"SearchAction\",\"target\":{\"@type\":\"EntryPoint\",\"urlTemplate\":\"https:\/\/tourtravelandmore.com\/fr\/?s={search_term_string}\"},\"query-input\":{\"@type\":\"PropertyValueSpecification\",\"valueRequired\":true,\"valueName\":\"search_term_string\"}}],\"inLanguage\":\"fr-FR\"},{\"@type\":\"Organization\",\"@id\":\"https:\/\/tourtravelandmore.com\/fr\/#organization\",\"name\":\"Tour Travel And More\",\"url\":\"https:\/\/tourtravelandmore.com\/fr\/\",\"logo\":{\"@type\":\"ImageObject\",\"inLanguage\":\"fr-FR\",\"@id\":\"https:\/\/tourtravelandmore.com\/fr\/#\/schema\/logo\/image\/\",\"url\":\"https:\/\/tourtravelandmore.com\/wp-content\/uploads\/2022\/12\/cropped-logo-cabecera-new.png\",\"contentUrl\":\"https:\/\/tourtravelandmore.com\/wp-content\/uploads\/2022\/12\/cropped-logo-cabecera-new.png\",\"width\":430,\"height\":61,\"caption\":\"Tour Travel And More\"},\"image\":{\"@id\":\"https:\/\/tourtravelandmore.com\/fr\/#\/schema\/logo\/image\/\"},\"sameAs\":[\"https:\/\/www.facebook.com\/tourtravelandmore\/\",\"https:\/\/x.com\/TourTravel_More\"]}]}<\/script>\n<!-- \/ Yoast SEO Premium plugin. -->","yoast_head_json":{"title":"Visite priv\u00e9e d'une demi-journ\u00e9e \u00e0 Tel Aviv - Tour Travel & More","description":"Faites-vous plaisir \u00e0 Tel Aviv et sans stress dans la ville de Tel Aviv lors de cette visite priv\u00e9e dans une voiture de luxe.","robots":{"index":"index","follow":"follow","max-snippet":"max-snippet:-1","max-image-preview":"max-image-preview:large","max-video-preview":"max-video-preview:-1"},"canonical":"https:\/\/tourtravelandmore.com\/fr\/tours\/israel-fr\/telaviv-fr-fr\/visites-dune-demi-journee-fr-fr\/visite-privee-dune-demi-journee-a-tel-aviv\/","og_locale":"fr_FR","og_type":"article","og_title":"Visite priv\u00e9e d'une demi-journ\u00e9e \u00e0 Tel Aviv","og_description":"Faites-vous plaisir \u00e0 Tel Aviv et sans stress dans la ville de Tel Aviv lors de cette visite priv\u00e9e dans une voiture de luxe.","og_url":"https:\/\/tourtravelandmore.com\/fr\/tours\/israel-fr\/telaviv-fr-fr\/visites-dune-demi-journee-fr-fr\/visite-privee-dune-demi-journee-a-tel-aviv\/","og_site_name":"Tour Travel And More","article_publisher":"https:\/\/www.facebook.com\/tourtravelandmore\/","article_modified_time":"2021-04-21T18:46:59+00:00","og_image":[{"width":2560,"height":1707,"url":"https:\/\/tourtravelandmore.com\/wp-content\/uploads\/2021\/04\/Tel-aviv-2-scaled.jpg","type":"image\/jpeg"}],"twitter_card":"summary_large_image","twitter_site":"@TourTravel_More","twitter_misc":{"Dur\u00e9e de lecture estim\u00e9e":"2 minutes"},"schema":{"@context":"https:\/\/schema.org","@graph":[{"@type":"WebPage","@id":"https:\/\/tourtravelandmore.com\/fr\/tours\/israel-fr\/telaviv-fr-fr\/visites-dune-demi-journee-fr-fr\/visite-privee-dune-demi-journee-a-tel-aviv\/","url":"https:\/\/tourtravelandmore.com\/fr\/tours\/israel-fr\/telaviv-fr-fr\/visites-dune-demi-journee-fr-fr\/visite-privee-dune-demi-journee-a-tel-aviv\/","name":"Visite priv\u00e9e d'une demi-journ\u00e9e \u00e0 Tel Aviv - Tour Travel & More","isPartOf":{"@id":"https:\/\/tourtravelandmore.com\/fr\/#website"},"primaryImageOfPage":{"@id":"https:\/\/tourtravelandmore.com\/fr\/tours\/israel-fr\/telaviv-fr-fr\/visites-dune-demi-journee-fr-fr\/visite-privee-dune-demi-journee-a-tel-aviv\/#primaryimage"},"image":{"@id":"https:\/\/tourtravelandmore.com\/fr\/tours\/israel-fr\/telaviv-fr-fr\/visites-dune-demi-journee-fr-fr\/visite-privee-dune-demi-journee-a-tel-aviv\/#primaryimage"},"thumbnailUrl":"https:\/\/tourtravelandmore.com\/wp-content\/uploads\/2021\/04\/Tel-aviv-2-scaled.jpg","datePublished":"2021-04-21T18:39:53+00:00","dateModified":"2021-04-21T18:46:59+00:00","description":"Faites-vous plaisir \u00e0 Tel Aviv et sans stress dans la ville de Tel Aviv lors de cette visite priv\u00e9e dans une voiture de luxe.","breadcrumb":{"@id":"https:\/\/tourtravelandmore.com\/fr\/tours\/israel-fr\/telaviv-fr-fr\/visites-dune-demi-journee-fr-fr\/visite-privee-dune-demi-journee-a-tel-aviv\/#breadcrumb"},"inLanguage":"fr-FR","potentialAction":[{"@type":"ReadAction","target":["https:\/\/tourtravelandmore.com\/fr\/tours\/israel-fr\/telaviv-fr-fr\/visites-dune-demi-journee-fr-fr\/visite-privee-dune-demi-journee-a-tel-aviv\/"]}]},{"@type":"ImageObject","inLanguage":"fr-FR","@id":"https:\/\/tourtravelandmore.com\/fr\/tours\/israel-fr\/telaviv-fr-fr\/visites-dune-demi-journee-fr-fr\/visite-privee-dune-demi-journee-a-tel-aviv\/#primaryimage","url":"https:\/\/tourtravelandmore.com\/wp-content\/uploads\/2021\/04\/Tel-aviv-2-scaled.jpg","contentUrl":"https:\/\/tourtravelandmore.com\/wp-content\/uploads\/2021\/04\/Tel-aviv-2-scaled.jpg","width":2560,"height":1707},{"@type":"BreadcrumbList","@id":"https:\/\/tourtravelandmore.com\/fr\/tours\/israel-fr\/telaviv-fr-fr\/visites-dune-demi-journee-fr-fr\/visite-privee-dune-demi-journee-a-tel-aviv\/#breadcrumb","itemListElement":[{"@type":"ListItem","position":1,"name":"Home","item":"https:\/\/tourtravelandmore.com\/fr\/"},{"@type":"ListItem","position":2,"name":"Tours","item":"https:\/\/tourtravelandmore.com\/fr\/tours\/"},{"@type":"ListItem","position":3,"name":"Visite priv\u00e9e d&rsquo;une demi-journ\u00e9e \u00e0 Tel Aviv"}]},{"@type":"WebSite","@id":"https:\/\/tourtravelandmore.com\/fr\/#website","url":"https:\/\/tourtravelandmore.com\/fr\/","name":"Tour Travel And More","description":"Private sightseeing tours and luxury transfers in Spain","publisher":{"@id":"https:\/\/tourtravelandmore.com\/fr\/#organization"},"potentialAction":[{"@type":"SearchAction","target":{"@type":"EntryPoint","urlTemplate":"https:\/\/tourtravelandmore.com\/fr\/?s={search_term_string}"},"query-input":{"@type":"PropertyValueSpecification","valueRequired":true,"valueName":"search_term_string"}}],"inLanguage":"fr-FR"},{"@type":"Organization","@id":"https:\/\/tourtravelandmore.com\/fr\/#organization","name":"Tour Travel And More","url":"https:\/\/tourtravelandmore.com\/fr\/","logo":{"@type":"ImageObject","inLanguage":"fr-FR","@id":"https:\/\/tourtravelandmore.com\/fr\/#\/schema\/logo\/image\/","url":"https:\/\/tourtravelandmore.com\/wp-content\/uploads\/2022\/12\/cropped-logo-cabecera-new.png","contentUrl":"https:\/\/tourtravelandmore.com\/wp-content\/uploads\/2022\/12\/cropped-logo-cabecera-new.png","width":430,"height":61,"caption":"Tour Travel And More"},"image":{"@id":"https:\/\/tourtravelandmore.com\/fr\/#\/schema\/logo\/image\/"},"sameAs":["https:\/\/www.facebook.com\/tourtravelandmore\/","https:\/\/x.com\/TourTravel_More"]}]}},"_links":{"self":[{"href":"https:\/\/tourtravelandmore.com\/fr\/wp-json\/wp\/v2\/product\/106312","targetHints":{"allow":["GET"]}}],"collection":[{"href":"https:\/\/tourtravelandmore.com\/fr\/wp-json\/wp\/v2\/product"}],"about":[{"href":"https:\/\/tourtravelandmore.com\/fr\/wp-json\/wp\/v2\/types\/product"}],"replies":[{"embeddable":true,"href":"https:\/\/tourtravelandmore.com\/fr\/wp-json\/wp\/v2\/comments?post=106312"}],"wp:featuredmedia":[{"embeddable":true,"href":"https:\/\/tourtravelandmore.com\/fr\/wp-json\/wp\/v2\/media\/106324"}],"wp:attachment":[{"href":"https:\/\/tourtravelandmore.com\/fr\/wp-json\/wp\/v2\/media?parent=106312"}],"wp:term":[{"taxonomy":"product_brand","embeddable":true,"href":"https:\/\/tourtravelandmore.com\/fr\/wp-json\/wp\/v2\/product_brand?post=106312"},{"taxonomy":"product_cat","embeddable":true,"href":"https:\/\/tourtravelandmore.com\/fr\/wp-json\/wp\/v2\/product_cat?post=106312"},{"taxonomy":"product_tag","embeddable":true,"href":"https:\/\/tourtravelandmore.com\/fr\/wp-json\/wp\/v2\/product_tag?post=106312"}],"curies":[{"name":"wp","href":"https:\/\/api.w.org\/{rel}","templated":true}]}}