{"id":106294,"date":"2021-04-21T20:28:26","date_gmt":"2021-04-21T18:28:38","guid":{"rendered":"https:\/\/tourtravelandmore.com\/?post_type=product&#038;p=106294"},"modified":"2021-04-21T20:36:02","modified_gmt":"2021-04-21T18:36:02","slug":"visite-privee-de-jerusalem-de-tel-aviv","status":"publish","type":"product","link":"https:\/\/tourtravelandmore.com\/fr\/tours\/israel-fr\/telaviv-fr-fr\/visites-dune-journee-complete-fr-fr\/visite-privee-de-jerusalem-de-tel-aviv\/","title":{"rendered":"Visite priv\u00e9e de J\u00e9rusalem de Tel Aviv"},"content":{"rendered":"<h2>Description<\/h2>\n<p>Certes, beaucoup d\u2019entre nous sont venus pour entendre parler de J\u00e9rusalem et des \u00e9v\u00e9nements historiques qui se sont produits dans cette ville; mais il est possible que nous ne sachions pas en profondeur, tout ce que cela implique. Mais c&#8217;est possible pour vous, de quelle mani\u00e8re? En effectuant une visite priv\u00e9e de J\u00e9rusalem depuis Tel Aviv d&#8217;environ 10 heures, et avec notre chauffeur \/ guide officiel, vous profiterez d&#8217;une visite inoubliable.<\/p>\n<h4>Que peut-on appr\u00e9cier lors de la visite priv\u00e9e de J\u00e9rusalem au d\u00e9part de Tel Aviv?<\/h4>\n<p>Tout d&#8217;abord, vous pouvez recevoir une attention particuli\u00e8re et personnalis\u00e9e gr\u00e2ce \u00e0 l&#8217;aide d&#8217;un chauffeur \/ guide officiel personnel. L&#8217;ordre du jour sera compl\u00e8tement rempli de nouvelles choses \u00e0 voir et \u00e0 faire; Vous pourrez observer la vieille ville, tout en continuant le long de la Via Dolorosa et en parcourant le chemin de croix, dont la fin se termine \u00e0 l&#8217;\u00e9glise du Saint-S\u00e9pulcre.<\/p>\n<p>En m\u00eame temps, vous appr\u00e9cierez et obtiendrez un grand apprentissage, \u00e0 la fois historique et culturel, de ce centre qui raconte plus de 4000 ans d&#8217;histoire. Vous pouvez \u00e9galement explorer ce qui compose les march\u00e9s locaux et le populaire Mur occidental; En entrant dans la vieille ville par la porte de Sion, vous pouvez visiter certains sites historiques importants. La possibilit\u00e9 de visiter le mont des Oliviers et de nombreux autres endroits est \u00e9galement disponible lors de cette visite priv\u00e9e de J\u00e9rusalem.<\/p>\n<h2>Sites d&#8217;int\u00e9r\u00eat et points de rep\u00e8re<\/h2>\n<h4>O\u00f9 commence la visite priv\u00e9e?<\/h4>\n<p>Afin de profiter de cette visite priv\u00e9e qui a lieu en Isra\u00ebl, vous pouvez la d\u00e9marrer \u00e0 partir de n&#8217;importe quel point de Tel Aviv. Il vous suffit de dire au chauffeur \/ guide hautement qualifi\u00e9 par o\u00f9 vous voulez commencer, et ils peuvent planifier une visite exceptionnelle; avec lequel tous les membres qui sont pr\u00e9sents, profiteront d&#8217;une grande mani\u00e8re.<\/p>\n<h4>Les principaux points d&#8217;int\u00e9r\u00eat de la visite de la vieille J\u00e9rusalem, du mur occidental et de la mer Morte<\/h4>\n<p>D&#8217;o\u00f9 commence la visite priv\u00e9e de J\u00e9rusalem au d\u00e9part de Tel Aviv?<\/p>\n<p>La prise en charge peut \u00eatre effectu\u00e9e depuis votre h\u00f4tel \u00e0 Tel Aviv, et une fois que vous entrez dans le v\u00e9hicule, vous pouvez commencer la visite priv\u00e9e dans la voiture de luxe qui vous attendra. Gr\u00e2ce \u00e0 notre chauffeur \/ guide officiel d\u00e9sign\u00e9, vous pourrez d\u00e9couvrir des choses int\u00e9ressantes tout au long de la visite de J\u00e9rusalem, pr\u00e9par\u00e9es sp\u00e9cialement pour vous et votre famille.<\/p>\n<h4>\u00c0 quoi s&#8217;attendre pendant le voyage<\/h4>\n<p>Votre exp\u00e9rience sera marqu\u00e9e par les \u00e9v\u00e9nements les plus marquants qui se sont produits dans cette ville; En visitant J\u00e9rusalem, vous aurez l&#8217;occasion de visiter certains lieux saints, \u00e0 la fois pour le christianisme et pour le juda\u00efsme. Dans le voyage, un beau panorama sur le mont Scopus est inclus, ainsi qu&#8217;une belle vue dans laquelle on observe la ligne d&#8217;horizon de J\u00e9rusalem.De plus, toute cette exp\u00e9rience vous ouvrira l&#8217;opportunit\u00e9 de visiter:<\/p>\n<ul>\n<li>Le point le plus bas du monde: la mer Morte.<\/li>\n<li>Un cimeti\u00e8re juif vieux de 3000 ans.<\/li>\n<li>L&#8217;\u00e9glise de toutes les nations.<\/li>\n<li>Le quartier juif et le cardo byzantin.<\/li>\n<li>L&#8217;\u00e9glise de Santa Ana.<\/li>\n<li>Le tombeau du roi David.<\/li>\n<li>L&#8217;\u00e9glise de la Croix du Saint-S\u00e9pulcre.<\/li>\n<\/ul>\n<p>&nbsp;<\/p>\n","protected":false},"excerpt":{"rendered":"<p>Faire une visite priv\u00e9e de J\u00e9rusalem au d\u00e9part de Tel Aviv peut ouvrir les portes \u00e0 une mine de connaissances, ainsi qu&#8217;\u00e0 voir de beaux endroits pas comme les autres sur terre. Nous contacter! Et profitez d&#8217;une exp\u00e9rience que vous n&#8217;oublierez jamais.<\/p>\n","protected":false},"featured_media":106082,"comment_status":"open","ping_status":"closed","template":"","meta":{"_acf_changed":false},"product_brand":[],"product_cat":[3862,3882,3885,3867,3891,3887],"product_tag":[],"class_list":{"0":"post-106294","1":"product","2":"type-product","3":"status-publish","4":"has-post-thumbnail","6":"product_cat-israel-fr","7":"product_cat-toutes-les-visites-privees-fr","8":"product_cat-visites-dune-journee-complete-fr","9":"product_cat-telaviv-fr-fr","10":"product_cat-toutes-les-visites-et-activites-privees-fr","11":"product_cat-visites-dune-journee-complete-fr-fr","13":"first","14":"instock","15":"shipping-taxable","16":"purchasable","17":"product-type-simple"},"acf":[],"yoast_head":"<!-- This site is optimized with the Yoast SEO Premium plugin v25.3.1 (Yoast SEO v25.3.1) - https:\/\/yoast.com\/wordpress\/plugins\/seo\/ -->\n<title>Visite priv\u00e9e de J\u00e9rusalem au d\u00e9part de Tel Aviv - Tour Travel &amp; More<\/title>\n<meta name=\"description\" content=\"Si vous voulez voir \u00e0 quoi ressemble la ville de J\u00e9rusalem, nous sommes l&#039;option id\u00e9ale pour vous. \u2705 D\u00e9couvrirez des aspects de Tel Aviv.\" \/>\n<meta name=\"robots\" content=\"index, follow, max-snippet:-1, max-image-preview:large, max-video-preview:-1\" \/>\n<link rel=\"canonical\" href=\"https:\/\/tourtravelandmore.com\/fr\/tours\/israel-fr\/telaviv-fr-fr\/visites-dune-journee-complete-fr-fr\/visite-privee-de-jerusalem-de-tel-aviv\/\" \/>\n<meta property=\"og:locale\" content=\"fr_FR\" \/>\n<meta property=\"og:type\" content=\"article\" \/>\n<meta property=\"og:title\" content=\"Visite priv\u00e9e de J\u00e9rusalem de Tel Aviv\" \/>\n<meta property=\"og:description\" content=\"Si vous voulez voir \u00e0 quoi ressemble la ville de J\u00e9rusalem, nous sommes l&#039;option id\u00e9ale pour vous. \u2705 D\u00e9couvrirez des aspects de Tel Aviv.\" \/>\n<meta property=\"og:url\" content=\"https:\/\/tourtravelandmore.com\/fr\/tours\/israel-fr\/telaviv-fr-fr\/visites-dune-journee-complete-fr-fr\/visite-privee-de-jerusalem-de-tel-aviv\/\" \/>\n<meta property=\"og:site_name\" content=\"Tour Travel And More\" \/>\n<meta property=\"article:publisher\" content=\"https:\/\/www.facebook.com\/tourtravelandmore\/\" \/>\n<meta property=\"article:modified_time\" content=\"2021-04-21T18:36:02+00:00\" \/>\n<meta property=\"og:image\" content=\"https:\/\/tourtravelandmore.com\/wp-content\/uploads\/2021\/04\/Jerusalem-5-scaled.jpg\" \/>\n\t<meta property=\"og:image:width\" content=\"2560\" \/>\n\t<meta property=\"og:image:height\" content=\"1707\" \/>\n\t<meta property=\"og:image:type\" content=\"image\/jpeg\" \/>\n<meta name=\"twitter:card\" content=\"summary_large_image\" \/>\n<meta name=\"twitter:site\" content=\"@TourTravel_More\" \/>\n<meta name=\"twitter:label1\" content=\"Dur\u00e9e de lecture estim\u00e9e\" \/>\n\t<meta name=\"twitter:data1\" content=\"3 minutes\" \/>\n<script type=\"application\/ld+json\" class=\"yoast-schema-graph\">{\"@context\":\"https:\/\/schema.org\",\"@graph\":[{\"@type\":\"WebPage\",\"@id\":\"https:\/\/tourtravelandmore.com\/fr\/tours\/israel-fr\/telaviv-fr-fr\/visites-dune-journee-complete-fr-fr\/visite-privee-de-jerusalem-de-tel-aviv\/\",\"url\":\"https:\/\/tourtravelandmore.com\/fr\/tours\/israel-fr\/telaviv-fr-fr\/visites-dune-journee-complete-fr-fr\/visite-privee-de-jerusalem-de-tel-aviv\/\",\"name\":\"Visite priv\u00e9e de J\u00e9rusalem au d\u00e9part de Tel Aviv - Tour Travel & More\",\"isPartOf\":{\"@id\":\"https:\/\/tourtravelandmore.com\/fr\/#website\"},\"primaryImageOfPage\":{\"@id\":\"https:\/\/tourtravelandmore.com\/fr\/tours\/israel-fr\/telaviv-fr-fr\/visites-dune-journee-complete-fr-fr\/visite-privee-de-jerusalem-de-tel-aviv\/#primaryimage\"},\"image\":{\"@id\":\"https:\/\/tourtravelandmore.com\/fr\/tours\/israel-fr\/telaviv-fr-fr\/visites-dune-journee-complete-fr-fr\/visite-privee-de-jerusalem-de-tel-aviv\/#primaryimage\"},\"thumbnailUrl\":\"https:\/\/tourtravelandmore.com\/wp-content\/uploads\/2021\/04\/Jerusalem-5-scaled.jpg\",\"datePublished\":\"2021-04-21T18:28:38+00:00\",\"dateModified\":\"2021-04-21T18:36:02+00:00\",\"description\":\"Si vous voulez voir \u00e0 quoi ressemble la ville de J\u00e9rusalem, nous sommes l'option id\u00e9ale pour vous. \u2705 D\u00e9couvrirez des aspects de Tel Aviv.\",\"breadcrumb\":{\"@id\":\"https:\/\/tourtravelandmore.com\/fr\/tours\/israel-fr\/telaviv-fr-fr\/visites-dune-journee-complete-fr-fr\/visite-privee-de-jerusalem-de-tel-aviv\/#breadcrumb\"},\"inLanguage\":\"fr-FR\",\"potentialAction\":[{\"@type\":\"ReadAction\",\"target\":[\"https:\/\/tourtravelandmore.com\/fr\/tours\/israel-fr\/telaviv-fr-fr\/visites-dune-journee-complete-fr-fr\/visite-privee-de-jerusalem-de-tel-aviv\/\"]}]},{\"@type\":\"ImageObject\",\"inLanguage\":\"fr-FR\",\"@id\":\"https:\/\/tourtravelandmore.com\/fr\/tours\/israel-fr\/telaviv-fr-fr\/visites-dune-journee-complete-fr-fr\/visite-privee-de-jerusalem-de-tel-aviv\/#primaryimage\",\"url\":\"https:\/\/tourtravelandmore.com\/wp-content\/uploads\/2021\/04\/Jerusalem-5-scaled.jpg\",\"contentUrl\":\"https:\/\/tourtravelandmore.com\/wp-content\/uploads\/2021\/04\/Jerusalem-5-scaled.jpg\",\"width\":2560,\"height\":1707},{\"@type\":\"BreadcrumbList\",\"@id\":\"https:\/\/tourtravelandmore.com\/fr\/tours\/israel-fr\/telaviv-fr-fr\/visites-dune-journee-complete-fr-fr\/visite-privee-de-jerusalem-de-tel-aviv\/#breadcrumb\",\"itemListElement\":[{\"@type\":\"ListItem\",\"position\":1,\"name\":\"Home\",\"item\":\"https:\/\/tourtravelandmore.com\/fr\/\"},{\"@type\":\"ListItem\",\"position\":2,\"name\":\"Tours\",\"item\":\"https:\/\/tourtravelandmore.com\/fr\/tours\/\"},{\"@type\":\"ListItem\",\"position\":3,\"name\":\"Visite priv\u00e9e de J\u00e9rusalem de Tel Aviv\"}]},{\"@type\":\"WebSite\",\"@id\":\"https:\/\/tourtravelandmore.com\/fr\/#website\",\"url\":\"https:\/\/tourtravelandmore.com\/fr\/\",\"name\":\"Tour Travel And More\",\"description\":\"Private sightseeing tours and luxury transfers in Spain\",\"publisher\":{\"@id\":\"https:\/\/tourtravelandmore.com\/fr\/#organization\"},\"potentialAction\":[{\"@type\":\"SearchAction\",\"target\":{\"@type\":\"EntryPoint\",\"urlTemplate\":\"https:\/\/tourtravelandmore.com\/fr\/?s={search_term_string}\"},\"query-input\":{\"@type\":\"PropertyValueSpecification\",\"valueRequired\":true,\"valueName\":\"search_term_string\"}}],\"inLanguage\":\"fr-FR\"},{\"@type\":\"Organization\",\"@id\":\"https:\/\/tourtravelandmore.com\/fr\/#organization\",\"name\":\"Tour Travel And More\",\"url\":\"https:\/\/tourtravelandmore.com\/fr\/\",\"logo\":{\"@type\":\"ImageObject\",\"inLanguage\":\"fr-FR\",\"@id\":\"https:\/\/tourtravelandmore.com\/fr\/#\/schema\/logo\/image\/\",\"url\":\"https:\/\/tourtravelandmore.com\/wp-content\/uploads\/2022\/12\/cropped-logo-cabecera-new.png\",\"contentUrl\":\"https:\/\/tourtravelandmore.com\/wp-content\/uploads\/2022\/12\/cropped-logo-cabecera-new.png\",\"width\":430,\"height\":61,\"caption\":\"Tour Travel And More\"},\"image\":{\"@id\":\"https:\/\/tourtravelandmore.com\/fr\/#\/schema\/logo\/image\/\"},\"sameAs\":[\"https:\/\/www.facebook.com\/tourtravelandmore\/\",\"https:\/\/x.com\/TourTravel_More\"]}]}<\/script>\n<!-- \/ Yoast SEO Premium plugin. -->","yoast_head_json":{"title":"Visite priv\u00e9e de J\u00e9rusalem au d\u00e9part de Tel Aviv - Tour Travel & More","description":"Si vous voulez voir \u00e0 quoi ressemble la ville de J\u00e9rusalem, nous sommes l'option id\u00e9ale pour vous. \u2705 D\u00e9couvrirez des aspects de Tel Aviv.","robots":{"index":"index","follow":"follow","max-snippet":"max-snippet:-1","max-image-preview":"max-image-preview:large","max-video-preview":"max-video-preview:-1"},"canonical":"https:\/\/tourtravelandmore.com\/fr\/tours\/israel-fr\/telaviv-fr-fr\/visites-dune-journee-complete-fr-fr\/visite-privee-de-jerusalem-de-tel-aviv\/","og_locale":"fr_FR","og_type":"article","og_title":"Visite priv\u00e9e de J\u00e9rusalem de Tel Aviv","og_description":"Si vous voulez voir \u00e0 quoi ressemble la ville de J\u00e9rusalem, nous sommes l'option id\u00e9ale pour vous. \u2705 D\u00e9couvrirez des aspects de Tel Aviv.","og_url":"https:\/\/tourtravelandmore.com\/fr\/tours\/israel-fr\/telaviv-fr-fr\/visites-dune-journee-complete-fr-fr\/visite-privee-de-jerusalem-de-tel-aviv\/","og_site_name":"Tour Travel And More","article_publisher":"https:\/\/www.facebook.com\/tourtravelandmore\/","article_modified_time":"2021-04-21T18:36:02+00:00","og_image":[{"width":2560,"height":1707,"url":"https:\/\/tourtravelandmore.com\/wp-content\/uploads\/2021\/04\/Jerusalem-5-scaled.jpg","type":"image\/jpeg"}],"twitter_card":"summary_large_image","twitter_site":"@TourTravel_More","twitter_misc":{"Dur\u00e9e de lecture estim\u00e9e":"3 minutes"},"schema":{"@context":"https:\/\/schema.org","@graph":[{"@type":"WebPage","@id":"https:\/\/tourtravelandmore.com\/fr\/tours\/israel-fr\/telaviv-fr-fr\/visites-dune-journee-complete-fr-fr\/visite-privee-de-jerusalem-de-tel-aviv\/","url":"https:\/\/tourtravelandmore.com\/fr\/tours\/israel-fr\/telaviv-fr-fr\/visites-dune-journee-complete-fr-fr\/visite-privee-de-jerusalem-de-tel-aviv\/","name":"Visite priv\u00e9e de J\u00e9rusalem au d\u00e9part de Tel Aviv - Tour Travel & More","isPartOf":{"@id":"https:\/\/tourtravelandmore.com\/fr\/#website"},"primaryImageOfPage":{"@id":"https:\/\/tourtravelandmore.com\/fr\/tours\/israel-fr\/telaviv-fr-fr\/visites-dune-journee-complete-fr-fr\/visite-privee-de-jerusalem-de-tel-aviv\/#primaryimage"},"image":{"@id":"https:\/\/tourtravelandmore.com\/fr\/tours\/israel-fr\/telaviv-fr-fr\/visites-dune-journee-complete-fr-fr\/visite-privee-de-jerusalem-de-tel-aviv\/#primaryimage"},"thumbnailUrl":"https:\/\/tourtravelandmore.com\/wp-content\/uploads\/2021\/04\/Jerusalem-5-scaled.jpg","datePublished":"2021-04-21T18:28:38+00:00","dateModified":"2021-04-21T18:36:02+00:00","description":"Si vous voulez voir \u00e0 quoi ressemble la ville de J\u00e9rusalem, nous sommes l'option id\u00e9ale pour vous. \u2705 D\u00e9couvrirez des aspects de Tel Aviv.","breadcrumb":{"@id":"https:\/\/tourtravelandmore.com\/fr\/tours\/israel-fr\/telaviv-fr-fr\/visites-dune-journee-complete-fr-fr\/visite-privee-de-jerusalem-de-tel-aviv\/#breadcrumb"},"inLanguage":"fr-FR","potentialAction":[{"@type":"ReadAction","target":["https:\/\/tourtravelandmore.com\/fr\/tours\/israel-fr\/telaviv-fr-fr\/visites-dune-journee-complete-fr-fr\/visite-privee-de-jerusalem-de-tel-aviv\/"]}]},{"@type":"ImageObject","inLanguage":"fr-FR","@id":"https:\/\/tourtravelandmore.com\/fr\/tours\/israel-fr\/telaviv-fr-fr\/visites-dune-journee-complete-fr-fr\/visite-privee-de-jerusalem-de-tel-aviv\/#primaryimage","url":"https:\/\/tourtravelandmore.com\/wp-content\/uploads\/2021\/04\/Jerusalem-5-scaled.jpg","contentUrl":"https:\/\/tourtravelandmore.com\/wp-content\/uploads\/2021\/04\/Jerusalem-5-scaled.jpg","width":2560,"height":1707},{"@type":"BreadcrumbList","@id":"https:\/\/tourtravelandmore.com\/fr\/tours\/israel-fr\/telaviv-fr-fr\/visites-dune-journee-complete-fr-fr\/visite-privee-de-jerusalem-de-tel-aviv\/#breadcrumb","itemListElement":[{"@type":"ListItem","position":1,"name":"Home","item":"https:\/\/tourtravelandmore.com\/fr\/"},{"@type":"ListItem","position":2,"name":"Tours","item":"https:\/\/tourtravelandmore.com\/fr\/tours\/"},{"@type":"ListItem","position":3,"name":"Visite priv\u00e9e de J\u00e9rusalem de Tel Aviv"}]},{"@type":"WebSite","@id":"https:\/\/tourtravelandmore.com\/fr\/#website","url":"https:\/\/tourtravelandmore.com\/fr\/","name":"Tour Travel And More","description":"Private sightseeing tours and luxury transfers in Spain","publisher":{"@id":"https:\/\/tourtravelandmore.com\/fr\/#organization"},"potentialAction":[{"@type":"SearchAction","target":{"@type":"EntryPoint","urlTemplate":"https:\/\/tourtravelandmore.com\/fr\/?s={search_term_string}"},"query-input":{"@type":"PropertyValueSpecification","valueRequired":true,"valueName":"search_term_string"}}],"inLanguage":"fr-FR"},{"@type":"Organization","@id":"https:\/\/tourtravelandmore.com\/fr\/#organization","name":"Tour Travel And More","url":"https:\/\/tourtravelandmore.com\/fr\/","logo":{"@type":"ImageObject","inLanguage":"fr-FR","@id":"https:\/\/tourtravelandmore.com\/fr\/#\/schema\/logo\/image\/","url":"https:\/\/tourtravelandmore.com\/wp-content\/uploads\/2022\/12\/cropped-logo-cabecera-new.png","contentUrl":"https:\/\/tourtravelandmore.com\/wp-content\/uploads\/2022\/12\/cropped-logo-cabecera-new.png","width":430,"height":61,"caption":"Tour Travel And More"},"image":{"@id":"https:\/\/tourtravelandmore.com\/fr\/#\/schema\/logo\/image\/"},"sameAs":["https:\/\/www.facebook.com\/tourtravelandmore\/","https:\/\/x.com\/TourTravel_More"]}]}},"_links":{"self":[{"href":"https:\/\/tourtravelandmore.com\/fr\/wp-json\/wp\/v2\/product\/106294","targetHints":{"allow":["GET"]}}],"collection":[{"href":"https:\/\/tourtravelandmore.com\/fr\/wp-json\/wp\/v2\/product"}],"about":[{"href":"https:\/\/tourtravelandmore.com\/fr\/wp-json\/wp\/v2\/types\/product"}],"replies":[{"embeddable":true,"href":"https:\/\/tourtravelandmore.com\/fr\/wp-json\/wp\/v2\/comments?post=106294"}],"wp:featuredmedia":[{"embeddable":true,"href":"https:\/\/tourtravelandmore.com\/fr\/wp-json\/wp\/v2\/media\/106082"}],"wp:attachment":[{"href":"https:\/\/tourtravelandmore.com\/fr\/wp-json\/wp\/v2\/media?parent=106294"}],"wp:term":[{"taxonomy":"product_brand","embeddable":true,"href":"https:\/\/tourtravelandmore.com\/fr\/wp-json\/wp\/v2\/product_brand?post=106294"},{"taxonomy":"product_cat","embeddable":true,"href":"https:\/\/tourtravelandmore.com\/fr\/wp-json\/wp\/v2\/product_cat?post=106294"},{"taxonomy":"product_tag","embeddable":true,"href":"https:\/\/tourtravelandmore.com\/fr\/wp-json\/wp\/v2\/product_tag?post=106294"}],"curies":[{"name":"wp","href":"https:\/\/api.w.org\/{rel}","templated":true}]}}