{"id":106269,"date":"2021-04-21T13:43:59","date_gmt":"2021-04-21T11:44:11","guid":{"rendered":"https:\/\/tourtravelandmore.com\/?post_type=product&#038;p=106269"},"modified":"2021-04-21T21:12:57","modified_gmt":"2021-04-21T19:12:57","slug":"visite-privee-a-pied-de-tel-aviv","status":"publish","type":"product","link":"https:\/\/tourtravelandmore.com\/fr\/tours\/israel-fr\/telaviv-fr-fr\/visites-dune-demi-journee-fr-fr\/visite-privee-a-pied-de-tel-aviv\/","title":{"rendered":"Visite priv\u00e9e \u00e0 pied de Tel Aviv"},"content":{"rendered":"<h2>Description<\/h2>\n<p>Cette visite priv\u00e9e d&#8217;une demi-journ\u00e9e (4 heures) est id\u00e9ale pour vous, qui venez visiter la ville de Tel Aviv pour la premi\u00e8re fois; ou si vous souhaitez passer plus de temps \u00e0 conna\u00eetre certains endroits plus en d\u00e9tail. Ville privil\u00e9gi\u00e9e pour son emplacement, sur la c\u00f4te de la magnifique mer M\u00e9diterran\u00e9e d&#8217;Isra\u00ebl. C&#8217;est une visite accompagn\u00e9e d&#8217;un guide officiel, \u00e0 travers les endroits les plus int\u00e9ressants de la ville, pleins d&#8217;histoires et de paysages multiples.<\/p>\n<h2>Sites d&#8217;int\u00e9r\u00eat et points de rep\u00e8re<\/h2>\n<h4>Que vous offre la visite priv\u00e9e \u00e0 pied de Tel Aviv?<\/h4>\n<p>En moins d&#8217;une journ\u00e9e, vous pourrez visiter cette ville palestinienne, en visitant diff\u00e9rentes attractions touristiques, que vous apprendrez \u00e0 conna\u00eetre au cours d&#8217;une visite d&#8217;environ quatre heures, accompagn\u00e9 d&#8217;un guide officiel exp\u00e9riment\u00e9.<\/p>\n<p>De plus, vous appr\u00e9cierez les paysages et les couleurs, tout en faisant un exercice dynamique, qui renforce votre corps, votre esprit et votre esprit. Vous appr\u00e9cierez les histoires agr\u00e9ables de votre guide professionnel, sur les richesses historiques et modernes de la ville.<\/p>\n<p>La prise en charge se fait t\u00f4t le matin \u00e0 l&#8217;h\u00f4tel o\u00f9 vous s\u00e9journez et vous y retournez. De m\u00eame, les billets sont accord\u00e9s pour les appareils mobiles et bien s\u00fbr, toutes les mesures de s\u00e9curit\u00e9 sont prises pour Covid 19, \u00e9vitant ainsi les foules.<\/p>\n<h4>\u00c0 quoi s&#8217;attendre pendant le voyage<\/h4>\n<p>Faites le tour \u00e0 pied et en priv\u00e9, en profitant des histoires incroyables et en vous laissant porter dans le temps par les conseils d&#8217;un professionnel instruit, pr\u00e9par\u00e9 et sympathique, qui vous assurera une visite tr\u00e8s agr\u00e9able et r\u00e9elle de la ville. Parmi eux, les d\u00e9buts de Tel Aviv, avec les 66 premi\u00e8res familles juives qui se sont install\u00e9es \u00e0 la fronti\u00e8re de Jaffa, cr\u00e9ant une zone de r\u00e9sidences.<\/p>\n<p>Si vous pr\u00e9f\u00e9rez en savoir plus sur l&#8217;histoire, il y a aussi les b\u00e2timents embl\u00e9matiques au style architectural Bauhaus, appel\u00e9s la ville blanche et tr\u00e8s proche de la M\u00e9diterran\u00e9e, d\u00e9clar\u00e9s patrimoine mondial par l&#8217;UNESCO. Aussi le boulevard Rothschild, un endroit tr\u00e8s fr\u00e9quent\u00e9 car c&#8217;est le b\u00e2timent o\u00f9 la d\u00e9claration d&#8217;ind\u00e9pendance a \u00e9t\u00e9 sign\u00e9e, entre autres.<\/p>\n","protected":false},"excerpt":{"rendered":"<p>Une visite priv\u00e9e \u00e0 pied de la ville de Tel Aviv vous permet de conna\u00eetre chaque lieu en profondeur. Vous aurez le guide d&#8217;experts qui compl\u00e8tera les informations en temps r\u00e9el sur le lieu visit\u00e9. En plus de r\u00e9colter de nouvelles relations amicales.<\/p>\n","protected":false},"featured_media":106281,"comment_status":"open","ping_status":"closed","template":"","meta":{"_acf_changed":false},"product_brand":[],"product_cat":[3862,3867,3891,3888,3889],"product_tag":[],"class_list":{"0":"post-106269","1":"product","2":"type-product","3":"status-publish","4":"has-post-thumbnail","6":"product_cat-israel-fr","7":"product_cat-telaviv-fr-fr","8":"product_cat-toutes-les-visites-et-activites-privees-fr","9":"product_cat-visites-dune-demi-journee-fr-fr","10":"product_cat-visites-privees-a-pied-fr-fr","12":"first","13":"instock","14":"shipping-taxable","15":"purchasable","16":"product-type-simple"},"acf":[],"yoast_head":"<!-- This site is optimized with the Yoast SEO Premium plugin v25.3.1 (Yoast SEO v25.3.1) - https:\/\/yoast.com\/wordpress\/plugins\/seo\/ -->\n<title>Visite priv\u00e9e \u00e0 pied de Tel Aviv - Guide touristique - Tour Travel &amp; More<\/title>\n<meta name=\"description\" content=\"Visite priv\u00e9e \u00e0 pied de 4h pour d\u00e9couvrir la ville de Tel Aviv, profiter de lieux int\u00e9ressants et de la beaut\u00e9 de la mer M\u00e9diterran\u00e9e\" \/>\n<meta name=\"robots\" content=\"index, follow, max-snippet:-1, max-image-preview:large, max-video-preview:-1\" \/>\n<link rel=\"canonical\" href=\"https:\/\/tourtravelandmore.com\/fr\/tours\/israel-fr\/telaviv-fr-fr\/visites-dune-demi-journee-fr-fr\/visite-privee-a-pied-de-tel-aviv\/\" \/>\n<meta property=\"og:locale\" content=\"fr_FR\" \/>\n<meta property=\"og:type\" content=\"article\" \/>\n<meta property=\"og:title\" content=\"Visite priv\u00e9e \u00e0 pied de Tel Aviv\" \/>\n<meta property=\"og:description\" content=\"Visite priv\u00e9e \u00e0 pied de 4h pour d\u00e9couvrir la ville de Tel Aviv, profiter de lieux int\u00e9ressants et de la beaut\u00e9 de la mer M\u00e9diterran\u00e9e\" \/>\n<meta property=\"og:url\" content=\"https:\/\/tourtravelandmore.com\/fr\/tours\/israel-fr\/telaviv-fr-fr\/visites-dune-demi-journee-fr-fr\/visite-privee-a-pied-de-tel-aviv\/\" \/>\n<meta property=\"og:site_name\" content=\"Tour Travel And More\" \/>\n<meta property=\"article:publisher\" content=\"https:\/\/www.facebook.com\/tourtravelandmore\/\" \/>\n<meta property=\"article:modified_time\" content=\"2021-04-21T19:12:57+00:00\" \/>\n<meta property=\"og:image\" content=\"https:\/\/tourtravelandmore.com\/wp-content\/uploads\/2021\/04\/Tel-aviv-1-scaled.jpg\" \/>\n\t<meta property=\"og:image:width\" content=\"2560\" \/>\n\t<meta property=\"og:image:height\" content=\"1919\" \/>\n\t<meta property=\"og:image:type\" content=\"image\/jpeg\" \/>\n<meta name=\"twitter:card\" content=\"summary_large_image\" \/>\n<meta name=\"twitter:site\" content=\"@TourTravel_More\" \/>\n<meta name=\"twitter:label1\" content=\"Dur\u00e9e de lecture estim\u00e9e\" \/>\n\t<meta name=\"twitter:data1\" content=\"2 minutes\" \/>\n<script type=\"application\/ld+json\" class=\"yoast-schema-graph\">{\"@context\":\"https:\/\/schema.org\",\"@graph\":[{\"@type\":\"WebPage\",\"@id\":\"https:\/\/tourtravelandmore.com\/fr\/tours\/israel-fr\/telaviv-fr-fr\/visites-dune-demi-journee-fr-fr\/visite-privee-a-pied-de-tel-aviv\/\",\"url\":\"https:\/\/tourtravelandmore.com\/fr\/tours\/israel-fr\/telaviv-fr-fr\/visites-dune-demi-journee-fr-fr\/visite-privee-a-pied-de-tel-aviv\/\",\"name\":\"Visite priv\u00e9e \u00e0 pied de Tel Aviv - Guide touristique - Tour Travel & More\",\"isPartOf\":{\"@id\":\"https:\/\/tourtravelandmore.com\/fr\/#website\"},\"primaryImageOfPage\":{\"@id\":\"https:\/\/tourtravelandmore.com\/fr\/tours\/israel-fr\/telaviv-fr-fr\/visites-dune-demi-journee-fr-fr\/visite-privee-a-pied-de-tel-aviv\/#primaryimage\"},\"image\":{\"@id\":\"https:\/\/tourtravelandmore.com\/fr\/tours\/israel-fr\/telaviv-fr-fr\/visites-dune-demi-journee-fr-fr\/visite-privee-a-pied-de-tel-aviv\/#primaryimage\"},\"thumbnailUrl\":\"https:\/\/tourtravelandmore.com\/wp-content\/uploads\/2021\/04\/Tel-aviv-1-scaled.jpg\",\"datePublished\":\"2021-04-21T11:44:11+00:00\",\"dateModified\":\"2021-04-21T19:12:57+00:00\",\"description\":\"Visite priv\u00e9e \u00e0 pied de 4h pour d\u00e9couvrir la ville de Tel Aviv, profiter de lieux int\u00e9ressants et de la beaut\u00e9 de la mer M\u00e9diterran\u00e9e\",\"breadcrumb\":{\"@id\":\"https:\/\/tourtravelandmore.com\/fr\/tours\/israel-fr\/telaviv-fr-fr\/visites-dune-demi-journee-fr-fr\/visite-privee-a-pied-de-tel-aviv\/#breadcrumb\"},\"inLanguage\":\"fr-FR\",\"potentialAction\":[{\"@type\":\"ReadAction\",\"target\":[\"https:\/\/tourtravelandmore.com\/fr\/tours\/israel-fr\/telaviv-fr-fr\/visites-dune-demi-journee-fr-fr\/visite-privee-a-pied-de-tel-aviv\/\"]}]},{\"@type\":\"ImageObject\",\"inLanguage\":\"fr-FR\",\"@id\":\"https:\/\/tourtravelandmore.com\/fr\/tours\/israel-fr\/telaviv-fr-fr\/visites-dune-demi-journee-fr-fr\/visite-privee-a-pied-de-tel-aviv\/#primaryimage\",\"url\":\"https:\/\/tourtravelandmore.com\/wp-content\/uploads\/2021\/04\/Tel-aviv-1-scaled.jpg\",\"contentUrl\":\"https:\/\/tourtravelandmore.com\/wp-content\/uploads\/2021\/04\/Tel-aviv-1-scaled.jpg\",\"width\":2560,\"height\":1919},{\"@type\":\"BreadcrumbList\",\"@id\":\"https:\/\/tourtravelandmore.com\/fr\/tours\/israel-fr\/telaviv-fr-fr\/visites-dune-demi-journee-fr-fr\/visite-privee-a-pied-de-tel-aviv\/#breadcrumb\",\"itemListElement\":[{\"@type\":\"ListItem\",\"position\":1,\"name\":\"Home\",\"item\":\"https:\/\/tourtravelandmore.com\/fr\/\"},{\"@type\":\"ListItem\",\"position\":2,\"name\":\"Tours\",\"item\":\"https:\/\/tourtravelandmore.com\/fr\/tours\/\"},{\"@type\":\"ListItem\",\"position\":3,\"name\":\"Visite priv\u00e9e \u00e0 pied de Tel Aviv\"}]},{\"@type\":\"WebSite\",\"@id\":\"https:\/\/tourtravelandmore.com\/fr\/#website\",\"url\":\"https:\/\/tourtravelandmore.com\/fr\/\",\"name\":\"Tour Travel And More\",\"description\":\"Private sightseeing tours and luxury transfers in Spain\",\"publisher\":{\"@id\":\"https:\/\/tourtravelandmore.com\/fr\/#organization\"},\"potentialAction\":[{\"@type\":\"SearchAction\",\"target\":{\"@type\":\"EntryPoint\",\"urlTemplate\":\"https:\/\/tourtravelandmore.com\/fr\/?s={search_term_string}\"},\"query-input\":{\"@type\":\"PropertyValueSpecification\",\"valueRequired\":true,\"valueName\":\"search_term_string\"}}],\"inLanguage\":\"fr-FR\"},{\"@type\":\"Organization\",\"@id\":\"https:\/\/tourtravelandmore.com\/fr\/#organization\",\"name\":\"Tour Travel And More\",\"url\":\"https:\/\/tourtravelandmore.com\/fr\/\",\"logo\":{\"@type\":\"ImageObject\",\"inLanguage\":\"fr-FR\",\"@id\":\"https:\/\/tourtravelandmore.com\/fr\/#\/schema\/logo\/image\/\",\"url\":\"https:\/\/tourtravelandmore.com\/wp-content\/uploads\/2022\/12\/cropped-logo-cabecera-new.png\",\"contentUrl\":\"https:\/\/tourtravelandmore.com\/wp-content\/uploads\/2022\/12\/cropped-logo-cabecera-new.png\",\"width\":430,\"height\":61,\"caption\":\"Tour Travel And More\"},\"image\":{\"@id\":\"https:\/\/tourtravelandmore.com\/fr\/#\/schema\/logo\/image\/\"},\"sameAs\":[\"https:\/\/www.facebook.com\/tourtravelandmore\/\",\"https:\/\/x.com\/TourTravel_More\"]}]}<\/script>\n<!-- \/ Yoast SEO Premium plugin. -->","yoast_head_json":{"title":"Visite priv\u00e9e \u00e0 pied de Tel Aviv - Guide touristique - Tour Travel & More","description":"Visite priv\u00e9e \u00e0 pied de 4h pour d\u00e9couvrir la ville de Tel Aviv, profiter de lieux int\u00e9ressants et de la beaut\u00e9 de la mer M\u00e9diterran\u00e9e","robots":{"index":"index","follow":"follow","max-snippet":"max-snippet:-1","max-image-preview":"max-image-preview:large","max-video-preview":"max-video-preview:-1"},"canonical":"https:\/\/tourtravelandmore.com\/fr\/tours\/israel-fr\/telaviv-fr-fr\/visites-dune-demi-journee-fr-fr\/visite-privee-a-pied-de-tel-aviv\/","og_locale":"fr_FR","og_type":"article","og_title":"Visite priv\u00e9e \u00e0 pied de Tel Aviv","og_description":"Visite priv\u00e9e \u00e0 pied de 4h pour d\u00e9couvrir la ville de Tel Aviv, profiter de lieux int\u00e9ressants et de la beaut\u00e9 de la mer M\u00e9diterran\u00e9e","og_url":"https:\/\/tourtravelandmore.com\/fr\/tours\/israel-fr\/telaviv-fr-fr\/visites-dune-demi-journee-fr-fr\/visite-privee-a-pied-de-tel-aviv\/","og_site_name":"Tour Travel And More","article_publisher":"https:\/\/www.facebook.com\/tourtravelandmore\/","article_modified_time":"2021-04-21T19:12:57+00:00","og_image":[{"width":2560,"height":1919,"url":"https:\/\/tourtravelandmore.com\/wp-content\/uploads\/2021\/04\/Tel-aviv-1-scaled.jpg","type":"image\/jpeg"}],"twitter_card":"summary_large_image","twitter_site":"@TourTravel_More","twitter_misc":{"Dur\u00e9e de lecture estim\u00e9e":"2 minutes"},"schema":{"@context":"https:\/\/schema.org","@graph":[{"@type":"WebPage","@id":"https:\/\/tourtravelandmore.com\/fr\/tours\/israel-fr\/telaviv-fr-fr\/visites-dune-demi-journee-fr-fr\/visite-privee-a-pied-de-tel-aviv\/","url":"https:\/\/tourtravelandmore.com\/fr\/tours\/israel-fr\/telaviv-fr-fr\/visites-dune-demi-journee-fr-fr\/visite-privee-a-pied-de-tel-aviv\/","name":"Visite priv\u00e9e \u00e0 pied de Tel Aviv - Guide touristique - Tour Travel & More","isPartOf":{"@id":"https:\/\/tourtravelandmore.com\/fr\/#website"},"primaryImageOfPage":{"@id":"https:\/\/tourtravelandmore.com\/fr\/tours\/israel-fr\/telaviv-fr-fr\/visites-dune-demi-journee-fr-fr\/visite-privee-a-pied-de-tel-aviv\/#primaryimage"},"image":{"@id":"https:\/\/tourtravelandmore.com\/fr\/tours\/israel-fr\/telaviv-fr-fr\/visites-dune-demi-journee-fr-fr\/visite-privee-a-pied-de-tel-aviv\/#primaryimage"},"thumbnailUrl":"https:\/\/tourtravelandmore.com\/wp-content\/uploads\/2021\/04\/Tel-aviv-1-scaled.jpg","datePublished":"2021-04-21T11:44:11+00:00","dateModified":"2021-04-21T19:12:57+00:00","description":"Visite priv\u00e9e \u00e0 pied de 4h pour d\u00e9couvrir la ville de Tel Aviv, profiter de lieux int\u00e9ressants et de la beaut\u00e9 de la mer M\u00e9diterran\u00e9e","breadcrumb":{"@id":"https:\/\/tourtravelandmore.com\/fr\/tours\/israel-fr\/telaviv-fr-fr\/visites-dune-demi-journee-fr-fr\/visite-privee-a-pied-de-tel-aviv\/#breadcrumb"},"inLanguage":"fr-FR","potentialAction":[{"@type":"ReadAction","target":["https:\/\/tourtravelandmore.com\/fr\/tours\/israel-fr\/telaviv-fr-fr\/visites-dune-demi-journee-fr-fr\/visite-privee-a-pied-de-tel-aviv\/"]}]},{"@type":"ImageObject","inLanguage":"fr-FR","@id":"https:\/\/tourtravelandmore.com\/fr\/tours\/israel-fr\/telaviv-fr-fr\/visites-dune-demi-journee-fr-fr\/visite-privee-a-pied-de-tel-aviv\/#primaryimage","url":"https:\/\/tourtravelandmore.com\/wp-content\/uploads\/2021\/04\/Tel-aviv-1-scaled.jpg","contentUrl":"https:\/\/tourtravelandmore.com\/wp-content\/uploads\/2021\/04\/Tel-aviv-1-scaled.jpg","width":2560,"height":1919},{"@type":"BreadcrumbList","@id":"https:\/\/tourtravelandmore.com\/fr\/tours\/israel-fr\/telaviv-fr-fr\/visites-dune-demi-journee-fr-fr\/visite-privee-a-pied-de-tel-aviv\/#breadcrumb","itemListElement":[{"@type":"ListItem","position":1,"name":"Home","item":"https:\/\/tourtravelandmore.com\/fr\/"},{"@type":"ListItem","position":2,"name":"Tours","item":"https:\/\/tourtravelandmore.com\/fr\/tours\/"},{"@type":"ListItem","position":3,"name":"Visite priv\u00e9e \u00e0 pied de Tel Aviv"}]},{"@type":"WebSite","@id":"https:\/\/tourtravelandmore.com\/fr\/#website","url":"https:\/\/tourtravelandmore.com\/fr\/","name":"Tour Travel And More","description":"Private sightseeing tours and luxury transfers in Spain","publisher":{"@id":"https:\/\/tourtravelandmore.com\/fr\/#organization"},"potentialAction":[{"@type":"SearchAction","target":{"@type":"EntryPoint","urlTemplate":"https:\/\/tourtravelandmore.com\/fr\/?s={search_term_string}"},"query-input":{"@type":"PropertyValueSpecification","valueRequired":true,"valueName":"search_term_string"}}],"inLanguage":"fr-FR"},{"@type":"Organization","@id":"https:\/\/tourtravelandmore.com\/fr\/#organization","name":"Tour Travel And More","url":"https:\/\/tourtravelandmore.com\/fr\/","logo":{"@type":"ImageObject","inLanguage":"fr-FR","@id":"https:\/\/tourtravelandmore.com\/fr\/#\/schema\/logo\/image\/","url":"https:\/\/tourtravelandmore.com\/wp-content\/uploads\/2022\/12\/cropped-logo-cabecera-new.png","contentUrl":"https:\/\/tourtravelandmore.com\/wp-content\/uploads\/2022\/12\/cropped-logo-cabecera-new.png","width":430,"height":61,"caption":"Tour Travel And More"},"image":{"@id":"https:\/\/tourtravelandmore.com\/fr\/#\/schema\/logo\/image\/"},"sameAs":["https:\/\/www.facebook.com\/tourtravelandmore\/","https:\/\/x.com\/TourTravel_More"]}]}},"_links":{"self":[{"href":"https:\/\/tourtravelandmore.com\/fr\/wp-json\/wp\/v2\/product\/106269","targetHints":{"allow":["GET"]}}],"collection":[{"href":"https:\/\/tourtravelandmore.com\/fr\/wp-json\/wp\/v2\/product"}],"about":[{"href":"https:\/\/tourtravelandmore.com\/fr\/wp-json\/wp\/v2\/types\/product"}],"replies":[{"embeddable":true,"href":"https:\/\/tourtravelandmore.com\/fr\/wp-json\/wp\/v2\/comments?post=106269"}],"wp:featuredmedia":[{"embeddable":true,"href":"https:\/\/tourtravelandmore.com\/fr\/wp-json\/wp\/v2\/media\/106281"}],"wp:attachment":[{"href":"https:\/\/tourtravelandmore.com\/fr\/wp-json\/wp\/v2\/media?parent=106269"}],"wp:term":[{"taxonomy":"product_brand","embeddable":true,"href":"https:\/\/tourtravelandmore.com\/fr\/wp-json\/wp\/v2\/product_brand?post=106269"},{"taxonomy":"product_cat","embeddable":true,"href":"https:\/\/tourtravelandmore.com\/fr\/wp-json\/wp\/v2\/product_cat?post=106269"},{"taxonomy":"product_tag","embeddable":true,"href":"https:\/\/tourtravelandmore.com\/fr\/wp-json\/wp\/v2\/product_tag?post=106269"}],"curies":[{"name":"wp","href":"https:\/\/api.w.org\/{rel}","templated":true}]}}