{"id":106250,"date":"2021-04-21T13:36:35","date_gmt":"2021-04-21T11:36:47","guid":{"rendered":"https:\/\/tourtravelandmore.com\/?post_type=product&#038;p=106250"},"modified":"2021-04-21T13:41:14","modified_gmt":"2021-04-21T11:41:14","slug":"visite-privee-disrael-au-depart-de-tel-aviv-vieille-jerusalem-mur-occidental-et-mer-morte","status":"publish","type":"product","link":"https:\/\/tourtravelandmore.com\/fr\/tours\/israel-fr\/telaviv-fr-fr\/visites-dune-journee-complete-fr-fr\/visite-privee-disrael-au-depart-de-tel-aviv-vieille-jerusalem-mur-occidental-et-mer-morte\/","title":{"rendered":"Visite priv\u00e9e d&#8217;Isra\u00ebl au d\u00e9part de Tel Aviv: vieille J\u00e9rusalem, mur occidental et mer Morte"},"content":{"rendered":"<h2>Description<\/h2>\n<p>Si Isra\u00ebl a \u00e9t\u00e9 caract\u00e9ris\u00e9 par quelque chose, c&#8217;est pour ses beaux paysages et la grande quantit\u00e9 d&#8217;informations culturelles qu&#8217;il poss\u00e8de. C&#8217;est pourquoi, en explorant le grand patrimoine culturel de cette nation, vous pourrez vivre un grand nombre d&#8217;exp\u00e9riences. Et en retour, vous aurez des connaissances sur de nombreuses autres choses dans ce pays; Pour cette raison, nous vous encourageons \u00e0 vous joindre \u00e0 nous pour une visite priv\u00e9e, avec laquelle vous profiterez d&#8217;innombrables exp\u00e9riences uniques.<\/p>\n<h4>Que voir la vieille J\u00e9rusalem, le mur occidental et la mer Morte?<\/h4>\n<p>Tout d&#8217;abord, vous aurez l&#8217;opportunit\u00e9 de profiter d&#8217;une visite avec un chauffeur \/ guide officiel dans une voiture de luxe, afin de contempler la belle vue sur le mont des Oliviers. Ensuite, vous pourrez acc\u00e9der aux murs de la vieille ville de J\u00e9rusalem; Une autre option disponible est de visiter certains quartiers chr\u00e9tiens, musulmans et juifs, ou de parcourir le d\u00e9sert de Jud\u00e9e, jusqu&#8217;\u00e0 ce que vous atteigniez le rivage qui borde la mer Morte.<\/p>\n<h2>Sites d&#8217;int\u00e9r\u00eat et points de rep\u00e8re<\/h2>\n<h4>O\u00f9 commence la visite priv\u00e9e?<\/h4>\n<p>Afin de profiter de cette visite priv\u00e9e qui a lieu en Isra\u00ebl, vous pouvez la d\u00e9marrer \u00e0 partir de n&#8217;importe quel point de Tel Aviv. Il vous suffit de dire au chauffeur \/ guide hautement qualifi\u00e9 par o\u00f9 vous voulez commencer, et ils peuvent planifier une visite exceptionnelle; avec lequel tous les membres qui sont pr\u00e9sents, profiteront d&#8217;une grande mani\u00e8re.<\/p>\n<h4>Les principaux points d&#8217;int\u00e9r\u00eat de la visite de la vieille J\u00e9rusalem, du mur occidental et de la mer Morte<\/h4>\n<p>Avec cette visite priv\u00e9e, vous pouvez avoir un service personnalis\u00e9 bien assur\u00e9; L&#8217;ensemble de la visite commencera \u00e0 partir de la prise en charge \u00e0 votre h\u00f4tel \u00e0 Tel Aviv. Ensuite, vous pouvez commencer \u00e0 observer chacun des principaux points de la zone, parmi lesquels se distinguent les suivants:<\/p>\n<ul>\n<li>Le mur occidental<\/li>\n<li>L&#8217;\u00e9glise du Saint-S\u00e9pulcre<\/li>\n<li>La Via Dolorosa<\/li>\n<li>Le jardin de Geths\u00e9mani<\/li>\n<li>Le d\u00e9sert de Jud\u00e9e<\/li>\n<li>La mer Morte<\/li>\n<li>Le Mont des Oliviers<\/li>\n<li>Le D\u00f4me du Rocher<\/li>\n<\/ul>\n<p>Il convient de noter que la visite peut \u00eatre effectu\u00e9e de mani\u00e8re personnalis\u00e9e afin que les utilisateurs puissent se sentir \u00e0 l&#8217;aise avec tout ce qu&#8217;ils verront en cours de route. Vous aurez l&#8217;occasion d&#8217;assister \u00e0 une belle vue panoramique sur toute la ville de J\u00e9rusalem.<\/p>\n<p>&nbsp;<\/p>\n<p>&nbsp;<\/p>\n","protected":false},"excerpt":{"rendered":"<p>Ne manquez pas cette visite luxueuse des principaux sites touristiques d&#8217;Isra\u00ebl, tels que la vieille J\u00e9rusalem, le mur occidental, la mer Morte, le jardin de Geths\u00e9mani, le mont des Oliviers et d&#8217;autres lieux historiques qui constituent une partie importante de la culture de la lieu.<\/p>\n","protected":false},"featured_media":106070,"comment_status":"open","ping_status":"closed","template":"","meta":{"_acf_changed":false},"product_brand":[],"product_cat":[3862,3867,3891,3887],"product_tag":[],"class_list":{"0":"post-106250","1":"product","2":"type-product","3":"status-publish","4":"has-post-thumbnail","6":"product_cat-israel-fr","7":"product_cat-telaviv-fr-fr","8":"product_cat-toutes-les-visites-et-activites-privees-fr","9":"product_cat-visites-dune-journee-complete-fr-fr","11":"first","12":"instock","13":"shipping-taxable","14":"purchasable","15":"product-type-simple"},"acf":[],"yoast_head":"<!-- This site is optimized with the Yoast SEO Premium plugin v25.3.1 (Yoast SEO v25.3.1) - https:\/\/yoast.com\/wordpress\/plugins\/seo\/ -->\n<title>Visite priv\u00e9e d&#039;Isra\u00ebl au d\u00e9part de Tel Aviv avec chauffeur et guide officiel<\/title>\n<meta name=\"description\" content=\"\u2705 Profitez d&#039;un circuit de luxe avec chauffeur et guide officiel \u00e0 travers les endroits les plus touristiques d&#039;Isra\u00ebl.\" \/>\n<meta name=\"robots\" content=\"index, follow, max-snippet:-1, max-image-preview:large, max-video-preview:-1\" \/>\n<link rel=\"canonical\" href=\"https:\/\/tourtravelandmore.com\/fr\/tours\/israel-fr\/telaviv-fr-fr\/visites-dune-journee-complete-fr-fr\/visite-privee-disrael-au-depart-de-tel-aviv-vieille-jerusalem-mur-occidental-et-mer-morte\/\" \/>\n<meta property=\"og:locale\" content=\"fr_FR\" \/>\n<meta property=\"og:type\" content=\"article\" \/>\n<meta property=\"og:title\" content=\"Visite priv\u00e9e d&#039;Isra\u00ebl au d\u00e9part de Tel Aviv: vieille J\u00e9rusalem, mur occidental et mer Morte\" \/>\n<meta property=\"og:description\" content=\"\u2705 Profitez d&#039;un circuit de luxe avec chauffeur et guide officiel \u00e0 travers les endroits les plus touristiques d&#039;Isra\u00ebl.\" \/>\n<meta property=\"og:url\" content=\"https:\/\/tourtravelandmore.com\/fr\/tours\/israel-fr\/telaviv-fr-fr\/visites-dune-journee-complete-fr-fr\/visite-privee-disrael-au-depart-de-tel-aviv-vieille-jerusalem-mur-occidental-et-mer-morte\/\" \/>\n<meta property=\"og:site_name\" content=\"Tour Travel And More\" \/>\n<meta property=\"article:publisher\" content=\"https:\/\/www.facebook.com\/tourtravelandmore\/\" \/>\n<meta property=\"article:modified_time\" content=\"2021-04-21T11:41:14+00:00\" \/>\n<meta property=\"og:image\" content=\"https:\/\/tourtravelandmore.com\/wp-content\/uploads\/2021\/04\/Jersualem-6-scaled.jpg\" \/>\n\t<meta property=\"og:image:width\" content=\"2560\" \/>\n\t<meta property=\"og:image:height\" content=\"1707\" \/>\n\t<meta property=\"og:image:type\" content=\"image\/jpeg\" \/>\n<meta name=\"twitter:card\" content=\"summary_large_image\" \/>\n<meta name=\"twitter:site\" content=\"@TourTravel_More\" \/>\n<meta name=\"twitter:label1\" content=\"Dur\u00e9e de lecture estim\u00e9e\" \/>\n\t<meta name=\"twitter:data1\" content=\"2 minutes\" \/>\n<script type=\"application\/ld+json\" class=\"yoast-schema-graph\">{\"@context\":\"https:\/\/schema.org\",\"@graph\":[{\"@type\":\"WebPage\",\"@id\":\"https:\/\/tourtravelandmore.com\/fr\/tours\/israel-fr\/telaviv-fr-fr\/visites-dune-journee-complete-fr-fr\/visite-privee-disrael-au-depart-de-tel-aviv-vieille-jerusalem-mur-occidental-et-mer-morte\/\",\"url\":\"https:\/\/tourtravelandmore.com\/fr\/tours\/israel-fr\/telaviv-fr-fr\/visites-dune-journee-complete-fr-fr\/visite-privee-disrael-au-depart-de-tel-aviv-vieille-jerusalem-mur-occidental-et-mer-morte\/\",\"name\":\"Visite priv\u00e9e d'Isra\u00ebl au d\u00e9part de Tel Aviv avec chauffeur et guide officiel\",\"isPartOf\":{\"@id\":\"https:\/\/tourtravelandmore.com\/fr\/#website\"},\"primaryImageOfPage\":{\"@id\":\"https:\/\/tourtravelandmore.com\/fr\/tours\/israel-fr\/telaviv-fr-fr\/visites-dune-journee-complete-fr-fr\/visite-privee-disrael-au-depart-de-tel-aviv-vieille-jerusalem-mur-occidental-et-mer-morte\/#primaryimage\"},\"image\":{\"@id\":\"https:\/\/tourtravelandmore.com\/fr\/tours\/israel-fr\/telaviv-fr-fr\/visites-dune-journee-complete-fr-fr\/visite-privee-disrael-au-depart-de-tel-aviv-vieille-jerusalem-mur-occidental-et-mer-morte\/#primaryimage\"},\"thumbnailUrl\":\"https:\/\/tourtravelandmore.com\/wp-content\/uploads\/2021\/04\/Jersualem-6-scaled.jpg\",\"datePublished\":\"2021-04-21T11:36:47+00:00\",\"dateModified\":\"2021-04-21T11:41:14+00:00\",\"description\":\"\u2705 Profitez d'un circuit de luxe avec chauffeur et guide officiel \u00e0 travers les endroits les plus touristiques d'Isra\u00ebl.\",\"breadcrumb\":{\"@id\":\"https:\/\/tourtravelandmore.com\/fr\/tours\/israel-fr\/telaviv-fr-fr\/visites-dune-journee-complete-fr-fr\/visite-privee-disrael-au-depart-de-tel-aviv-vieille-jerusalem-mur-occidental-et-mer-morte\/#breadcrumb\"},\"inLanguage\":\"fr-FR\",\"potentialAction\":[{\"@type\":\"ReadAction\",\"target\":[\"https:\/\/tourtravelandmore.com\/fr\/tours\/israel-fr\/telaviv-fr-fr\/visites-dune-journee-complete-fr-fr\/visite-privee-disrael-au-depart-de-tel-aviv-vieille-jerusalem-mur-occidental-et-mer-morte\/\"]}]},{\"@type\":\"ImageObject\",\"inLanguage\":\"fr-FR\",\"@id\":\"https:\/\/tourtravelandmore.com\/fr\/tours\/israel-fr\/telaviv-fr-fr\/visites-dune-journee-complete-fr-fr\/visite-privee-disrael-au-depart-de-tel-aviv-vieille-jerusalem-mur-occidental-et-mer-morte\/#primaryimage\",\"url\":\"https:\/\/tourtravelandmore.com\/wp-content\/uploads\/2021\/04\/Jersualem-6-scaled.jpg\",\"contentUrl\":\"https:\/\/tourtravelandmore.com\/wp-content\/uploads\/2021\/04\/Jersualem-6-scaled.jpg\",\"width\":2560,\"height\":1707},{\"@type\":\"BreadcrumbList\",\"@id\":\"https:\/\/tourtravelandmore.com\/fr\/tours\/israel-fr\/telaviv-fr-fr\/visites-dune-journee-complete-fr-fr\/visite-privee-disrael-au-depart-de-tel-aviv-vieille-jerusalem-mur-occidental-et-mer-morte\/#breadcrumb\",\"itemListElement\":[{\"@type\":\"ListItem\",\"position\":1,\"name\":\"Home\",\"item\":\"https:\/\/tourtravelandmore.com\/fr\/\"},{\"@type\":\"ListItem\",\"position\":2,\"name\":\"Tours\",\"item\":\"https:\/\/tourtravelandmore.com\/fr\/tours\/\"},{\"@type\":\"ListItem\",\"position\":3,\"name\":\"Visite priv\u00e9e d&#8217;Isra\u00ebl au d\u00e9part de Tel Aviv: vieille J\u00e9rusalem, mur occidental et mer Morte\"}]},{\"@type\":\"WebSite\",\"@id\":\"https:\/\/tourtravelandmore.com\/fr\/#website\",\"url\":\"https:\/\/tourtravelandmore.com\/fr\/\",\"name\":\"Tour Travel And More\",\"description\":\"Private sightseeing tours and luxury transfers in Spain\",\"publisher\":{\"@id\":\"https:\/\/tourtravelandmore.com\/fr\/#organization\"},\"potentialAction\":[{\"@type\":\"SearchAction\",\"target\":{\"@type\":\"EntryPoint\",\"urlTemplate\":\"https:\/\/tourtravelandmore.com\/fr\/?s={search_term_string}\"},\"query-input\":{\"@type\":\"PropertyValueSpecification\",\"valueRequired\":true,\"valueName\":\"search_term_string\"}}],\"inLanguage\":\"fr-FR\"},{\"@type\":\"Organization\",\"@id\":\"https:\/\/tourtravelandmore.com\/fr\/#organization\",\"name\":\"Tour Travel And More\",\"url\":\"https:\/\/tourtravelandmore.com\/fr\/\",\"logo\":{\"@type\":\"ImageObject\",\"inLanguage\":\"fr-FR\",\"@id\":\"https:\/\/tourtravelandmore.com\/fr\/#\/schema\/logo\/image\/\",\"url\":\"https:\/\/tourtravelandmore.com\/wp-content\/uploads\/2022\/12\/cropped-logo-cabecera-new.png\",\"contentUrl\":\"https:\/\/tourtravelandmore.com\/wp-content\/uploads\/2022\/12\/cropped-logo-cabecera-new.png\",\"width\":430,\"height\":61,\"caption\":\"Tour Travel And More\"},\"image\":{\"@id\":\"https:\/\/tourtravelandmore.com\/fr\/#\/schema\/logo\/image\/\"},\"sameAs\":[\"https:\/\/www.facebook.com\/tourtravelandmore\/\",\"https:\/\/x.com\/TourTravel_More\"]}]}<\/script>\n<!-- \/ Yoast SEO Premium plugin. -->","yoast_head_json":{"title":"Visite priv\u00e9e d'Isra\u00ebl au d\u00e9part de Tel Aviv avec chauffeur et guide officiel","description":"\u2705 Profitez d'un circuit de luxe avec chauffeur et guide officiel \u00e0 travers les endroits les plus touristiques d'Isra\u00ebl.","robots":{"index":"index","follow":"follow","max-snippet":"max-snippet:-1","max-image-preview":"max-image-preview:large","max-video-preview":"max-video-preview:-1"},"canonical":"https:\/\/tourtravelandmore.com\/fr\/tours\/israel-fr\/telaviv-fr-fr\/visites-dune-journee-complete-fr-fr\/visite-privee-disrael-au-depart-de-tel-aviv-vieille-jerusalem-mur-occidental-et-mer-morte\/","og_locale":"fr_FR","og_type":"article","og_title":"Visite priv\u00e9e d'Isra\u00ebl au d\u00e9part de Tel Aviv: vieille J\u00e9rusalem, mur occidental et mer Morte","og_description":"\u2705 Profitez d'un circuit de luxe avec chauffeur et guide officiel \u00e0 travers les endroits les plus touristiques d'Isra\u00ebl.","og_url":"https:\/\/tourtravelandmore.com\/fr\/tours\/israel-fr\/telaviv-fr-fr\/visites-dune-journee-complete-fr-fr\/visite-privee-disrael-au-depart-de-tel-aviv-vieille-jerusalem-mur-occidental-et-mer-morte\/","og_site_name":"Tour Travel And More","article_publisher":"https:\/\/www.facebook.com\/tourtravelandmore\/","article_modified_time":"2021-04-21T11:41:14+00:00","og_image":[{"width":2560,"height":1707,"url":"https:\/\/tourtravelandmore.com\/wp-content\/uploads\/2021\/04\/Jersualem-6-scaled.jpg","type":"image\/jpeg"}],"twitter_card":"summary_large_image","twitter_site":"@TourTravel_More","twitter_misc":{"Dur\u00e9e de lecture estim\u00e9e":"2 minutes"},"schema":{"@context":"https:\/\/schema.org","@graph":[{"@type":"WebPage","@id":"https:\/\/tourtravelandmore.com\/fr\/tours\/israel-fr\/telaviv-fr-fr\/visites-dune-journee-complete-fr-fr\/visite-privee-disrael-au-depart-de-tel-aviv-vieille-jerusalem-mur-occidental-et-mer-morte\/","url":"https:\/\/tourtravelandmore.com\/fr\/tours\/israel-fr\/telaviv-fr-fr\/visites-dune-journee-complete-fr-fr\/visite-privee-disrael-au-depart-de-tel-aviv-vieille-jerusalem-mur-occidental-et-mer-morte\/","name":"Visite priv\u00e9e d'Isra\u00ebl au d\u00e9part de Tel Aviv avec chauffeur et guide officiel","isPartOf":{"@id":"https:\/\/tourtravelandmore.com\/fr\/#website"},"primaryImageOfPage":{"@id":"https:\/\/tourtravelandmore.com\/fr\/tours\/israel-fr\/telaviv-fr-fr\/visites-dune-journee-complete-fr-fr\/visite-privee-disrael-au-depart-de-tel-aviv-vieille-jerusalem-mur-occidental-et-mer-morte\/#primaryimage"},"image":{"@id":"https:\/\/tourtravelandmore.com\/fr\/tours\/israel-fr\/telaviv-fr-fr\/visites-dune-journee-complete-fr-fr\/visite-privee-disrael-au-depart-de-tel-aviv-vieille-jerusalem-mur-occidental-et-mer-morte\/#primaryimage"},"thumbnailUrl":"https:\/\/tourtravelandmore.com\/wp-content\/uploads\/2021\/04\/Jersualem-6-scaled.jpg","datePublished":"2021-04-21T11:36:47+00:00","dateModified":"2021-04-21T11:41:14+00:00","description":"\u2705 Profitez d'un circuit de luxe avec chauffeur et guide officiel \u00e0 travers les endroits les plus touristiques d'Isra\u00ebl.","breadcrumb":{"@id":"https:\/\/tourtravelandmore.com\/fr\/tours\/israel-fr\/telaviv-fr-fr\/visites-dune-journee-complete-fr-fr\/visite-privee-disrael-au-depart-de-tel-aviv-vieille-jerusalem-mur-occidental-et-mer-morte\/#breadcrumb"},"inLanguage":"fr-FR","potentialAction":[{"@type":"ReadAction","target":["https:\/\/tourtravelandmore.com\/fr\/tours\/israel-fr\/telaviv-fr-fr\/visites-dune-journee-complete-fr-fr\/visite-privee-disrael-au-depart-de-tel-aviv-vieille-jerusalem-mur-occidental-et-mer-morte\/"]}]},{"@type":"ImageObject","inLanguage":"fr-FR","@id":"https:\/\/tourtravelandmore.com\/fr\/tours\/israel-fr\/telaviv-fr-fr\/visites-dune-journee-complete-fr-fr\/visite-privee-disrael-au-depart-de-tel-aviv-vieille-jerusalem-mur-occidental-et-mer-morte\/#primaryimage","url":"https:\/\/tourtravelandmore.com\/wp-content\/uploads\/2021\/04\/Jersualem-6-scaled.jpg","contentUrl":"https:\/\/tourtravelandmore.com\/wp-content\/uploads\/2021\/04\/Jersualem-6-scaled.jpg","width":2560,"height":1707},{"@type":"BreadcrumbList","@id":"https:\/\/tourtravelandmore.com\/fr\/tours\/israel-fr\/telaviv-fr-fr\/visites-dune-journee-complete-fr-fr\/visite-privee-disrael-au-depart-de-tel-aviv-vieille-jerusalem-mur-occidental-et-mer-morte\/#breadcrumb","itemListElement":[{"@type":"ListItem","position":1,"name":"Home","item":"https:\/\/tourtravelandmore.com\/fr\/"},{"@type":"ListItem","position":2,"name":"Tours","item":"https:\/\/tourtravelandmore.com\/fr\/tours\/"},{"@type":"ListItem","position":3,"name":"Visite priv\u00e9e d&#8217;Isra\u00ebl au d\u00e9part de Tel Aviv: vieille J\u00e9rusalem, mur occidental et mer Morte"}]},{"@type":"WebSite","@id":"https:\/\/tourtravelandmore.com\/fr\/#website","url":"https:\/\/tourtravelandmore.com\/fr\/","name":"Tour Travel And More","description":"Private sightseeing tours and luxury transfers in Spain","publisher":{"@id":"https:\/\/tourtravelandmore.com\/fr\/#organization"},"potentialAction":[{"@type":"SearchAction","target":{"@type":"EntryPoint","urlTemplate":"https:\/\/tourtravelandmore.com\/fr\/?s={search_term_string}"},"query-input":{"@type":"PropertyValueSpecification","valueRequired":true,"valueName":"search_term_string"}}],"inLanguage":"fr-FR"},{"@type":"Organization","@id":"https:\/\/tourtravelandmore.com\/fr\/#organization","name":"Tour Travel And More","url":"https:\/\/tourtravelandmore.com\/fr\/","logo":{"@type":"ImageObject","inLanguage":"fr-FR","@id":"https:\/\/tourtravelandmore.com\/fr\/#\/schema\/logo\/image\/","url":"https:\/\/tourtravelandmore.com\/wp-content\/uploads\/2022\/12\/cropped-logo-cabecera-new.png","contentUrl":"https:\/\/tourtravelandmore.com\/wp-content\/uploads\/2022\/12\/cropped-logo-cabecera-new.png","width":430,"height":61,"caption":"Tour Travel And More"},"image":{"@id":"https:\/\/tourtravelandmore.com\/fr\/#\/schema\/logo\/image\/"},"sameAs":["https:\/\/www.facebook.com\/tourtravelandmore\/","https:\/\/x.com\/TourTravel_More"]}]}},"_links":{"self":[{"href":"https:\/\/tourtravelandmore.com\/fr\/wp-json\/wp\/v2\/product\/106250","targetHints":{"allow":["GET"]}}],"collection":[{"href":"https:\/\/tourtravelandmore.com\/fr\/wp-json\/wp\/v2\/product"}],"about":[{"href":"https:\/\/tourtravelandmore.com\/fr\/wp-json\/wp\/v2\/types\/product"}],"replies":[{"embeddable":true,"href":"https:\/\/tourtravelandmore.com\/fr\/wp-json\/wp\/v2\/comments?post=106250"}],"wp:featuredmedia":[{"embeddable":true,"href":"https:\/\/tourtravelandmore.com\/fr\/wp-json\/wp\/v2\/media\/106070"}],"wp:attachment":[{"href":"https:\/\/tourtravelandmore.com\/fr\/wp-json\/wp\/v2\/media?parent=106250"}],"wp:term":[{"taxonomy":"product_brand","embeddable":true,"href":"https:\/\/tourtravelandmore.com\/fr\/wp-json\/wp\/v2\/product_brand?post=106250"},{"taxonomy":"product_cat","embeddable":true,"href":"https:\/\/tourtravelandmore.com\/fr\/wp-json\/wp\/v2\/product_cat?post=106250"},{"taxonomy":"product_tag","embeddable":true,"href":"https:\/\/tourtravelandmore.com\/fr\/wp-json\/wp\/v2\/product_tag?post=106250"}],"curies":[{"name":"wp","href":"https:\/\/api.w.org\/{rel}","templated":true}]}}