{"id":106221,"date":"2021-04-21T13:23:45","date_gmt":"2021-04-21T11:23:58","guid":{"rendered":"https:\/\/tourtravelandmore.com\/?post_type=product&#038;p=106221"},"modified":"2021-04-21T13:33:19","modified_gmt":"2021-04-21T11:33:19","slug":"excursion-privee-dune-journee-a-nazareth-tiberiade-et-la-mer-de-galilee-au-depart-de-tel-aviv","status":"publish","type":"product","link":"https:\/\/tourtravelandmore.com\/fr\/tours\/israel-fr\/telaviv-fr-fr\/visites-dune-journee-complete-fr-fr\/excursion-privee-dune-journee-a-nazareth-tiberiade-et-la-mer-de-galilee-au-depart-de-tel-aviv\/","title":{"rendered":"Excursion priv\u00e9e d&#8217;une journ\u00e9e \u00e0 Nazareth, Tib\u00e9riade et la mer de Galil\u00e9e au d\u00e9part de Tel Aviv"},"content":{"rendered":"<h2>Description<\/h2>\n<p>Beaucoup de gens veulent visiter Nazareth, Tib\u00e9riade et la mer de Galil\u00e9e; mais il faut faire un voyage complet et de la meilleure qualit\u00e9 pour pouvoir profiter pleinement de toute cette exp\u00e9rience. Pour cette raison, nous vous encourageons \u00e0 entreprendre une aventure totalement inoubliable avec nous, et \u00e0 profiter d&#8217;un grand nombre de possibilit\u00e9s qui seront mises \u00e0 votre disposition gr\u00e2ce \u00e0 ce voyage.<\/p>\n<h4>Que peut-on appr\u00e9cier lors de l&#8217;excursion d&#8217;une journ\u00e9e \u00e0 Nazareth, Tib\u00e9riade et la mer de Galil\u00e9e?<\/h4>\n<p>Si vous voulez profiter et en savoir plus sur les caract\u00e9ristiques de l&#8217;histoire biblique en Isra\u00ebl, l&#8217;option parfaite est l&#8217;une de nos visites priv\u00e9es en voiture de luxe avec un chauffeur \/ guide officiel. Vous pouvez visiter la zone de la basilique vo\u00fbt\u00e9e, ainsi que de nombreux sanctuaires cach\u00e9s trouv\u00e9s dans l&#8217;\u00e9glise de l&#8217;Annonciation. Les cryptes silencieuses font \u00e9galement partie de la visite incroyable; Ceux-ci sont situ\u00e9s sous l&#8217;\u00e9glise de San Jos\u00e9.<\/p>\n<p>D&#8217;un autre c\u00f4t\u00e9, vous pourrez suivre tr\u00e8s attentivement toutes les \u00e9tapes de J\u00e9sus d\u00e9crites dans la Bible. Vous pouvez m\u00eame entrer \u00e0 Capharna\u00fcm et voir par vous-m\u00eame chacune des ruines qui appartenaient aux synagogues o\u00f9 J\u00e9sus-Christ lui-m\u00eame a enseign\u00e9. Et enfin, vous pourrez vous arr\u00eater et retrouver l&#8217;endroit o\u00f9 les bapt\u00eames \u00e9taient pratiqu\u00e9s dans le pass\u00e9: le Jourdain.<\/p>\n<h2>Sites d&#8217;int\u00e9r\u00eat et points de rep\u00e8re<\/h2>\n<h4>O\u00f9 commence l&#8217;excursion priv\u00e9e \u00e0 Nazareth, Tib\u00e9riade et la mer de Galil\u00e9e?<\/h4>\n<p>Il est \u00e0 noter que la visite commencera d\u00e8s que vous serez pris en charge \u00e0 votre h\u00f4tel \u00e0 Tel Aviv; Mais avant cela, vous aurez l&#8217;opportunit\u00e9 de profiter de l&#8217;une des plus belles vues sur la campagne qui existe. Plus tard, le chauffeur \/ guide officiel d\u00e9sign\u00e9 pour effectuer le transfert se chargera de vous offrir une visite unique de toute la zone; ce sera une exp\u00e9rience que vous n&#8217;oublierez jamais.<\/p>\n<h4>\u00c0 quoi s&#8217;attendre pendant le voyage<\/h4>\n<p>On peut soutenir que toute cette visite de la r\u00e9gion de Nazareth, de Tib\u00e9riade et de la mer de Galil\u00e9e au d\u00e9part de Tel Aviv englobe une multitude de sites chr\u00e9tiens importants. Il existe de nombreux endroits o\u00f9 vous pouvez aller; par exemple, on peut citer:<\/p>\n<ul>\n<li>Le Jourdain<\/li>\n<li>L&#8217;\u00e9glise de l&#8217;Annonciation<\/li>\n<li>L&#8217;\u00e9glise de San Jos\u00e9<\/li>\n<li>Kafr Kanna<\/li>\n<li>Les rives de la mer de Galil\u00e9e<\/li>\n<li>L&#8217;\u00c9glise de la multiplication<\/li>\n<li>Le site du bapt\u00eame de Yardenit<\/li>\n<li>Mont Tabor<\/li>\n<li>Le Mont de la Transfiguration<\/li>\n<\/ul>\n<p>Il y a aussi un billet inclus pour le site de bapt\u00eame du Jourdain; De plus, le chauffeur \/ guide officiel veillera \u00e0 ce que vous profitiez au maximum de toute cette exp\u00e9rience. Nous vous encourageons donc \u00e0 nous contacter; ainsi, vous pourrez visiter tous ces endroits merveilleux.<\/p>\n<p>&nbsp;<\/p>\n<p>&nbsp;<\/p>\n","protected":false},"excerpt":{"rendered":"<p>Profitez de la grande opportunit\u00e9 d&#8217;\u00eatre pr\u00e9sent \u00e0 Nazareth, Tib\u00e9riade et la mer de Galil\u00e9e. Tout cela est possible gr\u00e2ce \u00e0 la visite priv\u00e9e que nous vous proposons. Nous contacter! Et profitez du grand tour qui vous attend.<\/p>\n","protected":false},"featured_media":106240,"comment_status":"open","ping_status":"closed","template":"","meta":{"_acf_changed":false},"product_brand":[],"product_cat":[3862,3864,3882,3885,3883,3867,3891,3887,3890],"product_tag":[],"class_list":{"0":"post-106221","1":"product","2":"type-product","3":"status-publish","4":"has-post-thumbnail","6":"product_cat-israel-fr","7":"product_cat-jerusalem-fr","8":"product_cat-toutes-les-visites-privees-fr","9":"product_cat-visites-dune-journee-complete-fr","10":"product_cat-excursions-a-terre-fr","11":"product_cat-telaviv-fr-fr","12":"product_cat-toutes-les-visites-et-activites-privees-fr","13":"product_cat-visites-dune-journee-complete-fr-fr","14":"product_cat-excursions-a-terre-fr-fr","16":"first","17":"instock","18":"shipping-taxable","19":"purchasable","20":"product-type-simple"},"acf":[],"yoast_head":"<!-- This site is optimized with the Yoast SEO Premium plugin v25.3.1 (Yoast SEO v25.3.1) - https:\/\/yoast.com\/wordpress\/plugins\/seo\/ -->\n<title>Visite priv\u00e9e de Nazareth, de Tib\u00e9riade et de la mer de Galil\u00e9e<\/title>\n<meta name=\"description\" content=\"Voulez-vous visiter les r\u00e9gions de Nazareth, Tib\u00e9riade et la mer de Galil\u00e9e? \ud83d\ude0d Alors c&#039;est votre meilleure option!\" \/>\n<meta name=\"robots\" content=\"index, follow, max-snippet:-1, max-image-preview:large, max-video-preview:-1\" \/>\n<link rel=\"canonical\" href=\"https:\/\/tourtravelandmore.com\/fr\/tours\/israel-fr\/telaviv-fr-fr\/visites-dune-journee-complete-fr-fr\/excursion-privee-dune-journee-a-nazareth-tiberiade-et-la-mer-de-galilee-au-depart-de-tel-aviv\/\" \/>\n<meta property=\"og:locale\" content=\"fr_FR\" \/>\n<meta property=\"og:type\" content=\"article\" \/>\n<meta property=\"og:title\" content=\"Excursion priv\u00e9e d&#039;une journ\u00e9e \u00e0 Nazareth, Tib\u00e9riade et la mer de Galil\u00e9e au d\u00e9part de Tel Aviv\" \/>\n<meta property=\"og:description\" content=\"Voulez-vous visiter les r\u00e9gions de Nazareth, Tib\u00e9riade et la mer de Galil\u00e9e? \ud83d\ude0d Alors c&#039;est votre meilleure option!\" \/>\n<meta property=\"og:url\" content=\"https:\/\/tourtravelandmore.com\/fr\/tours\/israel-fr\/telaviv-fr-fr\/visites-dune-journee-complete-fr-fr\/excursion-privee-dune-journee-a-nazareth-tiberiade-et-la-mer-de-galilee-au-depart-de-tel-aviv\/\" \/>\n<meta property=\"og:site_name\" content=\"Tour Travel And More\" \/>\n<meta property=\"article:publisher\" content=\"https:\/\/www.facebook.com\/tourtravelandmore\/\" \/>\n<meta property=\"article:modified_time\" content=\"2021-04-21T11:33:19+00:00\" \/>\n<meta property=\"og:image\" content=\"https:\/\/tourtravelandmore.com\/wp-content\/uploads\/2021\/04\/Nazareth-scaled.jpg\" \/>\n\t<meta property=\"og:image:width\" content=\"1920\" \/>\n\t<meta property=\"og:image:height\" content=\"2560\" \/>\n\t<meta property=\"og:image:type\" content=\"image\/jpeg\" \/>\n<meta name=\"twitter:card\" content=\"summary_large_image\" \/>\n<meta name=\"twitter:site\" content=\"@TourTravel_More\" \/>\n<meta name=\"twitter:label1\" content=\"Dur\u00e9e de lecture estim\u00e9e\" \/>\n\t<meta name=\"twitter:data1\" content=\"2 minutes\" \/>\n<script type=\"application\/ld+json\" class=\"yoast-schema-graph\">{\"@context\":\"https:\/\/schema.org\",\"@graph\":[{\"@type\":\"WebPage\",\"@id\":\"https:\/\/tourtravelandmore.com\/fr\/tours\/israel-fr\/telaviv-fr-fr\/visites-dune-journee-complete-fr-fr\/excursion-privee-dune-journee-a-nazareth-tiberiade-et-la-mer-de-galilee-au-depart-de-tel-aviv\/\",\"url\":\"https:\/\/tourtravelandmore.com\/fr\/tours\/israel-fr\/telaviv-fr-fr\/visites-dune-journee-complete-fr-fr\/excursion-privee-dune-journee-a-nazareth-tiberiade-et-la-mer-de-galilee-au-depart-de-tel-aviv\/\",\"name\":\"Visite priv\u00e9e de Nazareth, de Tib\u00e9riade et de la mer de Galil\u00e9e\",\"isPartOf\":{\"@id\":\"https:\/\/tourtravelandmore.com\/fr\/#website\"},\"primaryImageOfPage\":{\"@id\":\"https:\/\/tourtravelandmore.com\/fr\/tours\/israel-fr\/telaviv-fr-fr\/visites-dune-journee-complete-fr-fr\/excursion-privee-dune-journee-a-nazareth-tiberiade-et-la-mer-de-galilee-au-depart-de-tel-aviv\/#primaryimage\"},\"image\":{\"@id\":\"https:\/\/tourtravelandmore.com\/fr\/tours\/israel-fr\/telaviv-fr-fr\/visites-dune-journee-complete-fr-fr\/excursion-privee-dune-journee-a-nazareth-tiberiade-et-la-mer-de-galilee-au-depart-de-tel-aviv\/#primaryimage\"},\"thumbnailUrl\":\"https:\/\/tourtravelandmore.com\/wp-content\/uploads\/2021\/04\/Nazareth-scaled.jpg\",\"datePublished\":\"2021-04-21T11:23:58+00:00\",\"dateModified\":\"2021-04-21T11:33:19+00:00\",\"description\":\"Voulez-vous visiter les r\u00e9gions de Nazareth, Tib\u00e9riade et la mer de Galil\u00e9e? \ud83d\ude0d Alors c'est votre meilleure option!\",\"breadcrumb\":{\"@id\":\"https:\/\/tourtravelandmore.com\/fr\/tours\/israel-fr\/telaviv-fr-fr\/visites-dune-journee-complete-fr-fr\/excursion-privee-dune-journee-a-nazareth-tiberiade-et-la-mer-de-galilee-au-depart-de-tel-aviv\/#breadcrumb\"},\"inLanguage\":\"fr-FR\",\"potentialAction\":[{\"@type\":\"ReadAction\",\"target\":[\"https:\/\/tourtravelandmore.com\/fr\/tours\/israel-fr\/telaviv-fr-fr\/visites-dune-journee-complete-fr-fr\/excursion-privee-dune-journee-a-nazareth-tiberiade-et-la-mer-de-galilee-au-depart-de-tel-aviv\/\"]}]},{\"@type\":\"ImageObject\",\"inLanguage\":\"fr-FR\",\"@id\":\"https:\/\/tourtravelandmore.com\/fr\/tours\/israel-fr\/telaviv-fr-fr\/visites-dune-journee-complete-fr-fr\/excursion-privee-dune-journee-a-nazareth-tiberiade-et-la-mer-de-galilee-au-depart-de-tel-aviv\/#primaryimage\",\"url\":\"https:\/\/tourtravelandmore.com\/wp-content\/uploads\/2021\/04\/Nazareth-scaled.jpg\",\"contentUrl\":\"https:\/\/tourtravelandmore.com\/wp-content\/uploads\/2021\/04\/Nazareth-scaled.jpg\",\"width\":1920,\"height\":2560},{\"@type\":\"BreadcrumbList\",\"@id\":\"https:\/\/tourtravelandmore.com\/fr\/tours\/israel-fr\/telaviv-fr-fr\/visites-dune-journee-complete-fr-fr\/excursion-privee-dune-journee-a-nazareth-tiberiade-et-la-mer-de-galilee-au-depart-de-tel-aviv\/#breadcrumb\",\"itemListElement\":[{\"@type\":\"ListItem\",\"position\":1,\"name\":\"Home\",\"item\":\"https:\/\/tourtravelandmore.com\/fr\/\"},{\"@type\":\"ListItem\",\"position\":2,\"name\":\"Tours\",\"item\":\"https:\/\/tourtravelandmore.com\/fr\/tours\/\"},{\"@type\":\"ListItem\",\"position\":3,\"name\":\"Excursion priv\u00e9e d&#8217;une journ\u00e9e \u00e0 Nazareth, Tib\u00e9riade et la mer de Galil\u00e9e au d\u00e9part de Tel Aviv\"}]},{\"@type\":\"WebSite\",\"@id\":\"https:\/\/tourtravelandmore.com\/fr\/#website\",\"url\":\"https:\/\/tourtravelandmore.com\/fr\/\",\"name\":\"Tour Travel And More\",\"description\":\"Private sightseeing tours and luxury transfers in Spain\",\"publisher\":{\"@id\":\"https:\/\/tourtravelandmore.com\/fr\/#organization\"},\"potentialAction\":[{\"@type\":\"SearchAction\",\"target\":{\"@type\":\"EntryPoint\",\"urlTemplate\":\"https:\/\/tourtravelandmore.com\/fr\/?s={search_term_string}\"},\"query-input\":{\"@type\":\"PropertyValueSpecification\",\"valueRequired\":true,\"valueName\":\"search_term_string\"}}],\"inLanguage\":\"fr-FR\"},{\"@type\":\"Organization\",\"@id\":\"https:\/\/tourtravelandmore.com\/fr\/#organization\",\"name\":\"Tour Travel And More\",\"url\":\"https:\/\/tourtravelandmore.com\/fr\/\",\"logo\":{\"@type\":\"ImageObject\",\"inLanguage\":\"fr-FR\",\"@id\":\"https:\/\/tourtravelandmore.com\/fr\/#\/schema\/logo\/image\/\",\"url\":\"https:\/\/tourtravelandmore.com\/wp-content\/uploads\/2022\/12\/cropped-logo-cabecera-new.png\",\"contentUrl\":\"https:\/\/tourtravelandmore.com\/wp-content\/uploads\/2022\/12\/cropped-logo-cabecera-new.png\",\"width\":430,\"height\":61,\"caption\":\"Tour Travel And More\"},\"image\":{\"@id\":\"https:\/\/tourtravelandmore.com\/fr\/#\/schema\/logo\/image\/\"},\"sameAs\":[\"https:\/\/www.facebook.com\/tourtravelandmore\/\",\"https:\/\/x.com\/TourTravel_More\"]}]}<\/script>\n<!-- \/ Yoast SEO Premium plugin. -->","yoast_head_json":{"title":"Visite priv\u00e9e de Nazareth, de Tib\u00e9riade et de la mer de Galil\u00e9e","description":"Voulez-vous visiter les r\u00e9gions de Nazareth, Tib\u00e9riade et la mer de Galil\u00e9e? \ud83d\ude0d Alors c'est votre meilleure option!","robots":{"index":"index","follow":"follow","max-snippet":"max-snippet:-1","max-image-preview":"max-image-preview:large","max-video-preview":"max-video-preview:-1"},"canonical":"https:\/\/tourtravelandmore.com\/fr\/tours\/israel-fr\/telaviv-fr-fr\/visites-dune-journee-complete-fr-fr\/excursion-privee-dune-journee-a-nazareth-tiberiade-et-la-mer-de-galilee-au-depart-de-tel-aviv\/","og_locale":"fr_FR","og_type":"article","og_title":"Excursion priv\u00e9e d'une journ\u00e9e \u00e0 Nazareth, Tib\u00e9riade et la mer de Galil\u00e9e au d\u00e9part de Tel Aviv","og_description":"Voulez-vous visiter les r\u00e9gions de Nazareth, Tib\u00e9riade et la mer de Galil\u00e9e? \ud83d\ude0d Alors c'est votre meilleure option!","og_url":"https:\/\/tourtravelandmore.com\/fr\/tours\/israel-fr\/telaviv-fr-fr\/visites-dune-journee-complete-fr-fr\/excursion-privee-dune-journee-a-nazareth-tiberiade-et-la-mer-de-galilee-au-depart-de-tel-aviv\/","og_site_name":"Tour Travel And More","article_publisher":"https:\/\/www.facebook.com\/tourtravelandmore\/","article_modified_time":"2021-04-21T11:33:19+00:00","og_image":[{"width":1920,"height":2560,"url":"https:\/\/tourtravelandmore.com\/wp-content\/uploads\/2021\/04\/Nazareth-scaled.jpg","type":"image\/jpeg"}],"twitter_card":"summary_large_image","twitter_site":"@TourTravel_More","twitter_misc":{"Dur\u00e9e de lecture estim\u00e9e":"2 minutes"},"schema":{"@context":"https:\/\/schema.org","@graph":[{"@type":"WebPage","@id":"https:\/\/tourtravelandmore.com\/fr\/tours\/israel-fr\/telaviv-fr-fr\/visites-dune-journee-complete-fr-fr\/excursion-privee-dune-journee-a-nazareth-tiberiade-et-la-mer-de-galilee-au-depart-de-tel-aviv\/","url":"https:\/\/tourtravelandmore.com\/fr\/tours\/israel-fr\/telaviv-fr-fr\/visites-dune-journee-complete-fr-fr\/excursion-privee-dune-journee-a-nazareth-tiberiade-et-la-mer-de-galilee-au-depart-de-tel-aviv\/","name":"Visite priv\u00e9e de Nazareth, de Tib\u00e9riade et de la mer de Galil\u00e9e","isPartOf":{"@id":"https:\/\/tourtravelandmore.com\/fr\/#website"},"primaryImageOfPage":{"@id":"https:\/\/tourtravelandmore.com\/fr\/tours\/israel-fr\/telaviv-fr-fr\/visites-dune-journee-complete-fr-fr\/excursion-privee-dune-journee-a-nazareth-tiberiade-et-la-mer-de-galilee-au-depart-de-tel-aviv\/#primaryimage"},"image":{"@id":"https:\/\/tourtravelandmore.com\/fr\/tours\/israel-fr\/telaviv-fr-fr\/visites-dune-journee-complete-fr-fr\/excursion-privee-dune-journee-a-nazareth-tiberiade-et-la-mer-de-galilee-au-depart-de-tel-aviv\/#primaryimage"},"thumbnailUrl":"https:\/\/tourtravelandmore.com\/wp-content\/uploads\/2021\/04\/Nazareth-scaled.jpg","datePublished":"2021-04-21T11:23:58+00:00","dateModified":"2021-04-21T11:33:19+00:00","description":"Voulez-vous visiter les r\u00e9gions de Nazareth, Tib\u00e9riade et la mer de Galil\u00e9e? \ud83d\ude0d Alors c'est votre meilleure option!","breadcrumb":{"@id":"https:\/\/tourtravelandmore.com\/fr\/tours\/israel-fr\/telaviv-fr-fr\/visites-dune-journee-complete-fr-fr\/excursion-privee-dune-journee-a-nazareth-tiberiade-et-la-mer-de-galilee-au-depart-de-tel-aviv\/#breadcrumb"},"inLanguage":"fr-FR","potentialAction":[{"@type":"ReadAction","target":["https:\/\/tourtravelandmore.com\/fr\/tours\/israel-fr\/telaviv-fr-fr\/visites-dune-journee-complete-fr-fr\/excursion-privee-dune-journee-a-nazareth-tiberiade-et-la-mer-de-galilee-au-depart-de-tel-aviv\/"]}]},{"@type":"ImageObject","inLanguage":"fr-FR","@id":"https:\/\/tourtravelandmore.com\/fr\/tours\/israel-fr\/telaviv-fr-fr\/visites-dune-journee-complete-fr-fr\/excursion-privee-dune-journee-a-nazareth-tiberiade-et-la-mer-de-galilee-au-depart-de-tel-aviv\/#primaryimage","url":"https:\/\/tourtravelandmore.com\/wp-content\/uploads\/2021\/04\/Nazareth-scaled.jpg","contentUrl":"https:\/\/tourtravelandmore.com\/wp-content\/uploads\/2021\/04\/Nazareth-scaled.jpg","width":1920,"height":2560},{"@type":"BreadcrumbList","@id":"https:\/\/tourtravelandmore.com\/fr\/tours\/israel-fr\/telaviv-fr-fr\/visites-dune-journee-complete-fr-fr\/excursion-privee-dune-journee-a-nazareth-tiberiade-et-la-mer-de-galilee-au-depart-de-tel-aviv\/#breadcrumb","itemListElement":[{"@type":"ListItem","position":1,"name":"Home","item":"https:\/\/tourtravelandmore.com\/fr\/"},{"@type":"ListItem","position":2,"name":"Tours","item":"https:\/\/tourtravelandmore.com\/fr\/tours\/"},{"@type":"ListItem","position":3,"name":"Excursion priv\u00e9e d&#8217;une journ\u00e9e \u00e0 Nazareth, Tib\u00e9riade et la mer de Galil\u00e9e au d\u00e9part de Tel Aviv"}]},{"@type":"WebSite","@id":"https:\/\/tourtravelandmore.com\/fr\/#website","url":"https:\/\/tourtravelandmore.com\/fr\/","name":"Tour Travel And More","description":"Private sightseeing tours and luxury transfers in Spain","publisher":{"@id":"https:\/\/tourtravelandmore.com\/fr\/#organization"},"potentialAction":[{"@type":"SearchAction","target":{"@type":"EntryPoint","urlTemplate":"https:\/\/tourtravelandmore.com\/fr\/?s={search_term_string}"},"query-input":{"@type":"PropertyValueSpecification","valueRequired":true,"valueName":"search_term_string"}}],"inLanguage":"fr-FR"},{"@type":"Organization","@id":"https:\/\/tourtravelandmore.com\/fr\/#organization","name":"Tour Travel And More","url":"https:\/\/tourtravelandmore.com\/fr\/","logo":{"@type":"ImageObject","inLanguage":"fr-FR","@id":"https:\/\/tourtravelandmore.com\/fr\/#\/schema\/logo\/image\/","url":"https:\/\/tourtravelandmore.com\/wp-content\/uploads\/2022\/12\/cropped-logo-cabecera-new.png","contentUrl":"https:\/\/tourtravelandmore.com\/wp-content\/uploads\/2022\/12\/cropped-logo-cabecera-new.png","width":430,"height":61,"caption":"Tour Travel And More"},"image":{"@id":"https:\/\/tourtravelandmore.com\/fr\/#\/schema\/logo\/image\/"},"sameAs":["https:\/\/www.facebook.com\/tourtravelandmore\/","https:\/\/x.com\/TourTravel_More"]}]}},"_links":{"self":[{"href":"https:\/\/tourtravelandmore.com\/fr\/wp-json\/wp\/v2\/product\/106221","targetHints":{"allow":["GET"]}}],"collection":[{"href":"https:\/\/tourtravelandmore.com\/fr\/wp-json\/wp\/v2\/product"}],"about":[{"href":"https:\/\/tourtravelandmore.com\/fr\/wp-json\/wp\/v2\/types\/product"}],"replies":[{"embeddable":true,"href":"https:\/\/tourtravelandmore.com\/fr\/wp-json\/wp\/v2\/comments?post=106221"}],"wp:featuredmedia":[{"embeddable":true,"href":"https:\/\/tourtravelandmore.com\/fr\/wp-json\/wp\/v2\/media\/106240"}],"wp:attachment":[{"href":"https:\/\/tourtravelandmore.com\/fr\/wp-json\/wp\/v2\/media?parent=106221"}],"wp:term":[{"taxonomy":"product_brand","embeddable":true,"href":"https:\/\/tourtravelandmore.com\/fr\/wp-json\/wp\/v2\/product_brand?post=106221"},{"taxonomy":"product_cat","embeddable":true,"href":"https:\/\/tourtravelandmore.com\/fr\/wp-json\/wp\/v2\/product_cat?post=106221"},{"taxonomy":"product_tag","embeddable":true,"href":"https:\/\/tourtravelandmore.com\/fr\/wp-json\/wp\/v2\/product_tag?post=106221"}],"curies":[{"name":"wp","href":"https:\/\/api.w.org\/{rel}","templated":true}]}}