{"id":106189,"date":"2021-04-21T13:13:30","date_gmt":"2021-04-21T11:13:42","guid":{"rendered":"https:\/\/tourtravelandmore.com\/?post_type=product&#038;p=106189"},"modified":"2021-04-21T13:17:28","modified_gmt":"2021-04-21T11:17:28","slug":"visite-privee-de-massada-et-de-la-mer-morte-au-depart-de-tel-aviv","status":"publish","type":"product","link":"https:\/\/tourtravelandmore.com\/fr\/tours\/israel-fr\/telaviv-fr-fr\/visites-dune-journee-complete-fr-fr\/visite-privee-de-massada-et-de-la-mer-morte-au-depart-de-tel-aviv\/","title":{"rendered":"Visite priv\u00e9e de Massada et de la mer Morte au d\u00e9part de Tel Aviv"},"content":{"rendered":"<h2>Description<\/h2>\n<p>Si vous souhaitez profiter d&#8217;un magnifique lever de soleil depuis le d\u00e9sert de Jud\u00e9e, faire une excursion priv\u00e9e \u00e0 Massada et \u00e0 la mer Morte est une option qui m\u00e9rite d&#8217;\u00eatre planifi\u00e9e et appr\u00e9ci\u00e9e. Les options mises \u00e0 disposition gr\u00e2ce \u00e0 ce type de voyage priv\u00e9 peuvent vous faire vivre une exp\u00e9rience totalement inoubliable. Par cons\u00e9quent, rejoignez-nous pour cette visite priv\u00e9e, au cours de laquelle vous profiterez de merveilles qui vous \u00e9merveilleront.<\/p>\n<h4>Qu&#8217;y a-t-il \u00e0 voir \u00e0 Tel Aviv?<\/h4>\n<p>Tout d&#8217;abord, la capacit\u00e9 de conduire jusqu&#8217;au sommet du plateau peut \u00eatre une chose tr\u00e8s dynamique que tout le monde appr\u00e9cierait grandement. Par cons\u00e9quent, se diriger vers l&#8217;endroit ne sera que le d\u00e9but du voyage; Vous pourrez \u00e9galement entendre des histoires et des l\u00e9gendes sur les rebelles juifs du pass\u00e9. Vous pouvez visiter ce qui reste du palais d&#8217;H\u00e9rode aujourd&#8217;hui et m\u00eame explorer le quartier juif fouill\u00e9.<\/p>\n<h2>Sites d&#8217;int\u00e9r\u00eat et points de rep\u00e8re<\/h2>\n<h4>O\u00f9 commence la visite priv\u00e9e?<\/h4>\n<p>La visite priv\u00e9e en Isra\u00ebl peut commencer \u00e0 partir de n&#8217;importe quel endroit ou zone de Tel Aviv o\u00f9 vous nous l&#8217;indiquez; Il vous suffit de sp\u00e9cifier le point de d\u00e9part et de vous d\u00e9tendre de la meilleure fa\u00e7on possible, car un guide hautement qualifi\u00e9 pourra vous donner la visite. Bien s\u00fbr, bien qu&#8217;il soit possible que la personne arrive \u00e0 un terminal de croisi\u00e8re, la visite peut commencer \u00e0 partir du moment o\u00f9 la personne arrive en Isra\u00ebl.<\/p>\n<h4>Les principaux points d&#8217;int\u00e9r\u00eat de la visite de Massada et de la mer Morte<\/h4>\n<p>Apr\u00e8s avoir termin\u00e9 avec un bon repas et que vous pourrez vous adapter \u00e0 l&#8217;atmosph\u00e8re de l&#8217;h\u00f4tel, les exp\u00e9riences qui vous attendent lors de cette visite exclusive de 10 heures seront tr\u00e8s enrichissantes.<\/p>\n<p>Par exemple, vous pouvez explorer ce qui se trouve sur les rives de la mer Morte, jusqu&#8217;\u00e0 ce que vous atteigniez Massada. Vous aurez \u00e9galement l&#8217;occasion de faire le tour de la grande forteresse des Z\u00e9lotes du 1er si\u00e8cle, qui ont fait la derni\u00e8re r\u00e9sistance contre les Romains; qui a environ 2000 ans.<\/p>\n<p>En passant par la r\u00e9gion de Qumr\u00e2n, vous pouvez profiter d&#8217;une vue magnifique, dans laquelle vous pouvez voir les grottes de l&#8217;endroit, o\u00f9 les rouleaux de la mer Morte ont \u00e9t\u00e9 trouv\u00e9s. Vous explorerez lors d&#8217;une visite avec un chauffeur \/ guide officiel, dans des voitures de luxe autour de Massada et des r\u00e9gions proches de la mer Morte entourant Tel Aviv.<\/p>\n<p>&nbsp;<\/p>\n<p>&nbsp;<\/p>\n","protected":false},"excerpt":{"rendered":"<p>Apprenez \u00e0 conna\u00eetre Isra\u00ebl gr\u00e2ce \u00e0 cette visite priv\u00e9e de Massada et de la mer Morte au d\u00e9part de Tel Aviv, avec un chauffeur et un guide officiels. Vous d\u00e9couvrirez des sites historiques comme le palais d&#8217;H\u00e9rode, la forteresse Z\u00e9lote et les c\u00e9l\u00e8bres grottes o\u00f9 les manuscrits de la mer Morte ont \u00e9t\u00e9 trouv\u00e9s.<\/p>\n","protected":false},"featured_media":106212,"comment_status":"open","ping_status":"closed","template":"","meta":{"_acf_changed":false},"product_brand":[],"product_cat":[3862,3867,3891,3887],"product_tag":[],"class_list":{"0":"post-106189","1":"product","2":"type-product","3":"status-publish","4":"has-post-thumbnail","6":"product_cat-israel-fr","7":"product_cat-telaviv-fr-fr","8":"product_cat-toutes-les-visites-et-activites-privees-fr","9":"product_cat-visites-dune-journee-complete-fr-fr","11":"first","12":"instock","13":"shipping-taxable","14":"purchasable","15":"product-type-simple"},"acf":[],"yoast_head":"<!-- This site is optimized with the Yoast SEO Premium plugin v25.3.1 (Yoast SEO v25.3.1) - https:\/\/yoast.com\/wordpress\/plugins\/seo\/ -->\n<title>Visite priv\u00e9e de Massada et de la mer Morte avec chauffeur et guide officiel<\/title>\n<meta name=\"description\" content=\"\u2705 L&#039;occasion unique de profiter d&#039;une visite en voiture de luxe de Massada et de la mer Morte, en Isra\u00ebl. \ud83e\udd47 Une exp\u00e9rience que vous n&#039;oublierez jamais! \ud83d\udd25\" \/>\n<meta name=\"robots\" content=\"index, follow, max-snippet:-1, max-image-preview:large, max-video-preview:-1\" \/>\n<link rel=\"canonical\" href=\"https:\/\/tourtravelandmore.com\/fr\/tours\/israel-fr\/telaviv-fr-fr\/visites-dune-journee-complete-fr-fr\/visite-privee-de-massada-et-de-la-mer-morte-au-depart-de-tel-aviv\/\" \/>\n<meta property=\"og:locale\" content=\"fr_FR\" \/>\n<meta property=\"og:type\" content=\"article\" \/>\n<meta property=\"og:title\" content=\"Visite priv\u00e9e de Massada et de la mer Morte au d\u00e9part de Tel Aviv\" \/>\n<meta property=\"og:description\" content=\"\u2705 L&#039;occasion unique de profiter d&#039;une visite en voiture de luxe de Massada et de la mer Morte, en Isra\u00ebl. \ud83e\udd47 Une exp\u00e9rience que vous n&#039;oublierez jamais! \ud83d\udd25\" \/>\n<meta property=\"og:url\" content=\"https:\/\/tourtravelandmore.com\/fr\/tours\/israel-fr\/telaviv-fr-fr\/visites-dune-journee-complete-fr-fr\/visite-privee-de-massada-et-de-la-mer-morte-au-depart-de-tel-aviv\/\" \/>\n<meta property=\"og:site_name\" content=\"Tour Travel And More\" \/>\n<meta property=\"article:publisher\" content=\"https:\/\/www.facebook.com\/tourtravelandmore\/\" \/>\n<meta property=\"article:modified_time\" content=\"2021-04-21T11:17:28+00:00\" \/>\n<meta property=\"og:image\" content=\"https:\/\/tourtravelandmore.com\/wp-content\/uploads\/2021\/04\/Masada-scaled.jpg\" \/>\n\t<meta property=\"og:image:width\" content=\"1920\" \/>\n\t<meta property=\"og:image:height\" content=\"2560\" \/>\n\t<meta property=\"og:image:type\" content=\"image\/jpeg\" \/>\n<meta name=\"twitter:card\" content=\"summary_large_image\" \/>\n<meta name=\"twitter:site\" content=\"@TourTravel_More\" \/>\n<meta name=\"twitter:label1\" content=\"Dur\u00e9e de lecture estim\u00e9e\" \/>\n\t<meta name=\"twitter:data1\" content=\"2 minutes\" \/>\n<script type=\"application\/ld+json\" class=\"yoast-schema-graph\">{\"@context\":\"https:\/\/schema.org\",\"@graph\":[{\"@type\":\"WebPage\",\"@id\":\"https:\/\/tourtravelandmore.com\/fr\/tours\/israel-fr\/telaviv-fr-fr\/visites-dune-journee-complete-fr-fr\/visite-privee-de-massada-et-de-la-mer-morte-au-depart-de-tel-aviv\/\",\"url\":\"https:\/\/tourtravelandmore.com\/fr\/tours\/israel-fr\/telaviv-fr-fr\/visites-dune-journee-complete-fr-fr\/visite-privee-de-massada-et-de-la-mer-morte-au-depart-de-tel-aviv\/\",\"name\":\"Visite priv\u00e9e de Massada et de la mer Morte avec chauffeur et guide officiel\",\"isPartOf\":{\"@id\":\"https:\/\/tourtravelandmore.com\/fr\/#website\"},\"primaryImageOfPage\":{\"@id\":\"https:\/\/tourtravelandmore.com\/fr\/tours\/israel-fr\/telaviv-fr-fr\/visites-dune-journee-complete-fr-fr\/visite-privee-de-massada-et-de-la-mer-morte-au-depart-de-tel-aviv\/#primaryimage\"},\"image\":{\"@id\":\"https:\/\/tourtravelandmore.com\/fr\/tours\/israel-fr\/telaviv-fr-fr\/visites-dune-journee-complete-fr-fr\/visite-privee-de-massada-et-de-la-mer-morte-au-depart-de-tel-aviv\/#primaryimage\"},\"thumbnailUrl\":\"https:\/\/tourtravelandmore.com\/wp-content\/uploads\/2021\/04\/Masada-scaled.jpg\",\"datePublished\":\"2021-04-21T11:13:42+00:00\",\"dateModified\":\"2021-04-21T11:17:28+00:00\",\"description\":\"\u2705 L'occasion unique de profiter d'une visite en voiture de luxe de Massada et de la mer Morte, en Isra\u00ebl. \ud83e\udd47 Une exp\u00e9rience que vous n'oublierez jamais! \ud83d\udd25\",\"breadcrumb\":{\"@id\":\"https:\/\/tourtravelandmore.com\/fr\/tours\/israel-fr\/telaviv-fr-fr\/visites-dune-journee-complete-fr-fr\/visite-privee-de-massada-et-de-la-mer-morte-au-depart-de-tel-aviv\/#breadcrumb\"},\"inLanguage\":\"fr-FR\",\"potentialAction\":[{\"@type\":\"ReadAction\",\"target\":[\"https:\/\/tourtravelandmore.com\/fr\/tours\/israel-fr\/telaviv-fr-fr\/visites-dune-journee-complete-fr-fr\/visite-privee-de-massada-et-de-la-mer-morte-au-depart-de-tel-aviv\/\"]}]},{\"@type\":\"ImageObject\",\"inLanguage\":\"fr-FR\",\"@id\":\"https:\/\/tourtravelandmore.com\/fr\/tours\/israel-fr\/telaviv-fr-fr\/visites-dune-journee-complete-fr-fr\/visite-privee-de-massada-et-de-la-mer-morte-au-depart-de-tel-aviv\/#primaryimage\",\"url\":\"https:\/\/tourtravelandmore.com\/wp-content\/uploads\/2021\/04\/Masada-scaled.jpg\",\"contentUrl\":\"https:\/\/tourtravelandmore.com\/wp-content\/uploads\/2021\/04\/Masada-scaled.jpg\",\"width\":1920,\"height\":2560},{\"@type\":\"BreadcrumbList\",\"@id\":\"https:\/\/tourtravelandmore.com\/fr\/tours\/israel-fr\/telaviv-fr-fr\/visites-dune-journee-complete-fr-fr\/visite-privee-de-massada-et-de-la-mer-morte-au-depart-de-tel-aviv\/#breadcrumb\",\"itemListElement\":[{\"@type\":\"ListItem\",\"position\":1,\"name\":\"Home\",\"item\":\"https:\/\/tourtravelandmore.com\/fr\/\"},{\"@type\":\"ListItem\",\"position\":2,\"name\":\"Tours\",\"item\":\"https:\/\/tourtravelandmore.com\/fr\/tours\/\"},{\"@type\":\"ListItem\",\"position\":3,\"name\":\"Visite priv\u00e9e de Massada et de la mer Morte au d\u00e9part de Tel Aviv\"}]},{\"@type\":\"WebSite\",\"@id\":\"https:\/\/tourtravelandmore.com\/fr\/#website\",\"url\":\"https:\/\/tourtravelandmore.com\/fr\/\",\"name\":\"Tour Travel And More\",\"description\":\"Private sightseeing tours and luxury transfers in Spain\",\"publisher\":{\"@id\":\"https:\/\/tourtravelandmore.com\/fr\/#organization\"},\"potentialAction\":[{\"@type\":\"SearchAction\",\"target\":{\"@type\":\"EntryPoint\",\"urlTemplate\":\"https:\/\/tourtravelandmore.com\/fr\/?s={search_term_string}\"},\"query-input\":{\"@type\":\"PropertyValueSpecification\",\"valueRequired\":true,\"valueName\":\"search_term_string\"}}],\"inLanguage\":\"fr-FR\"},{\"@type\":\"Organization\",\"@id\":\"https:\/\/tourtravelandmore.com\/fr\/#organization\",\"name\":\"Tour Travel And More\",\"url\":\"https:\/\/tourtravelandmore.com\/fr\/\",\"logo\":{\"@type\":\"ImageObject\",\"inLanguage\":\"fr-FR\",\"@id\":\"https:\/\/tourtravelandmore.com\/fr\/#\/schema\/logo\/image\/\",\"url\":\"https:\/\/tourtravelandmore.com\/wp-content\/uploads\/2022\/12\/cropped-logo-cabecera-new.png\",\"contentUrl\":\"https:\/\/tourtravelandmore.com\/wp-content\/uploads\/2022\/12\/cropped-logo-cabecera-new.png\",\"width\":430,\"height\":61,\"caption\":\"Tour Travel And More\"},\"image\":{\"@id\":\"https:\/\/tourtravelandmore.com\/fr\/#\/schema\/logo\/image\/\"},\"sameAs\":[\"https:\/\/www.facebook.com\/tourtravelandmore\/\",\"https:\/\/x.com\/TourTravel_More\"]}]}<\/script>\n<!-- \/ Yoast SEO Premium plugin. -->","yoast_head_json":{"title":"Visite priv\u00e9e de Massada et de la mer Morte avec chauffeur et guide officiel","description":"\u2705 L'occasion unique de profiter d'une visite en voiture de luxe de Massada et de la mer Morte, en Isra\u00ebl. \ud83e\udd47 Une exp\u00e9rience que vous n'oublierez jamais! \ud83d\udd25","robots":{"index":"index","follow":"follow","max-snippet":"max-snippet:-1","max-image-preview":"max-image-preview:large","max-video-preview":"max-video-preview:-1"},"canonical":"https:\/\/tourtravelandmore.com\/fr\/tours\/israel-fr\/telaviv-fr-fr\/visites-dune-journee-complete-fr-fr\/visite-privee-de-massada-et-de-la-mer-morte-au-depart-de-tel-aviv\/","og_locale":"fr_FR","og_type":"article","og_title":"Visite priv\u00e9e de Massada et de la mer Morte au d\u00e9part de Tel Aviv","og_description":"\u2705 L'occasion unique de profiter d'une visite en voiture de luxe de Massada et de la mer Morte, en Isra\u00ebl. \ud83e\udd47 Une exp\u00e9rience que vous n'oublierez jamais! \ud83d\udd25","og_url":"https:\/\/tourtravelandmore.com\/fr\/tours\/israel-fr\/telaviv-fr-fr\/visites-dune-journee-complete-fr-fr\/visite-privee-de-massada-et-de-la-mer-morte-au-depart-de-tel-aviv\/","og_site_name":"Tour Travel And More","article_publisher":"https:\/\/www.facebook.com\/tourtravelandmore\/","article_modified_time":"2021-04-21T11:17:28+00:00","og_image":[{"width":1920,"height":2560,"url":"https:\/\/tourtravelandmore.com\/wp-content\/uploads\/2021\/04\/Masada-scaled.jpg","type":"image\/jpeg"}],"twitter_card":"summary_large_image","twitter_site":"@TourTravel_More","twitter_misc":{"Dur\u00e9e de lecture estim\u00e9e":"2 minutes"},"schema":{"@context":"https:\/\/schema.org","@graph":[{"@type":"WebPage","@id":"https:\/\/tourtravelandmore.com\/fr\/tours\/israel-fr\/telaviv-fr-fr\/visites-dune-journee-complete-fr-fr\/visite-privee-de-massada-et-de-la-mer-morte-au-depart-de-tel-aviv\/","url":"https:\/\/tourtravelandmore.com\/fr\/tours\/israel-fr\/telaviv-fr-fr\/visites-dune-journee-complete-fr-fr\/visite-privee-de-massada-et-de-la-mer-morte-au-depart-de-tel-aviv\/","name":"Visite priv\u00e9e de Massada et de la mer Morte avec chauffeur et guide officiel","isPartOf":{"@id":"https:\/\/tourtravelandmore.com\/fr\/#website"},"primaryImageOfPage":{"@id":"https:\/\/tourtravelandmore.com\/fr\/tours\/israel-fr\/telaviv-fr-fr\/visites-dune-journee-complete-fr-fr\/visite-privee-de-massada-et-de-la-mer-morte-au-depart-de-tel-aviv\/#primaryimage"},"image":{"@id":"https:\/\/tourtravelandmore.com\/fr\/tours\/israel-fr\/telaviv-fr-fr\/visites-dune-journee-complete-fr-fr\/visite-privee-de-massada-et-de-la-mer-morte-au-depart-de-tel-aviv\/#primaryimage"},"thumbnailUrl":"https:\/\/tourtravelandmore.com\/wp-content\/uploads\/2021\/04\/Masada-scaled.jpg","datePublished":"2021-04-21T11:13:42+00:00","dateModified":"2021-04-21T11:17:28+00:00","description":"\u2705 L'occasion unique de profiter d'une visite en voiture de luxe de Massada et de la mer Morte, en Isra\u00ebl. \ud83e\udd47 Une exp\u00e9rience que vous n'oublierez jamais! \ud83d\udd25","breadcrumb":{"@id":"https:\/\/tourtravelandmore.com\/fr\/tours\/israel-fr\/telaviv-fr-fr\/visites-dune-journee-complete-fr-fr\/visite-privee-de-massada-et-de-la-mer-morte-au-depart-de-tel-aviv\/#breadcrumb"},"inLanguage":"fr-FR","potentialAction":[{"@type":"ReadAction","target":["https:\/\/tourtravelandmore.com\/fr\/tours\/israel-fr\/telaviv-fr-fr\/visites-dune-journee-complete-fr-fr\/visite-privee-de-massada-et-de-la-mer-morte-au-depart-de-tel-aviv\/"]}]},{"@type":"ImageObject","inLanguage":"fr-FR","@id":"https:\/\/tourtravelandmore.com\/fr\/tours\/israel-fr\/telaviv-fr-fr\/visites-dune-journee-complete-fr-fr\/visite-privee-de-massada-et-de-la-mer-morte-au-depart-de-tel-aviv\/#primaryimage","url":"https:\/\/tourtravelandmore.com\/wp-content\/uploads\/2021\/04\/Masada-scaled.jpg","contentUrl":"https:\/\/tourtravelandmore.com\/wp-content\/uploads\/2021\/04\/Masada-scaled.jpg","width":1920,"height":2560},{"@type":"BreadcrumbList","@id":"https:\/\/tourtravelandmore.com\/fr\/tours\/israel-fr\/telaviv-fr-fr\/visites-dune-journee-complete-fr-fr\/visite-privee-de-massada-et-de-la-mer-morte-au-depart-de-tel-aviv\/#breadcrumb","itemListElement":[{"@type":"ListItem","position":1,"name":"Home","item":"https:\/\/tourtravelandmore.com\/fr\/"},{"@type":"ListItem","position":2,"name":"Tours","item":"https:\/\/tourtravelandmore.com\/fr\/tours\/"},{"@type":"ListItem","position":3,"name":"Visite priv\u00e9e de Massada et de la mer Morte au d\u00e9part de Tel Aviv"}]},{"@type":"WebSite","@id":"https:\/\/tourtravelandmore.com\/fr\/#website","url":"https:\/\/tourtravelandmore.com\/fr\/","name":"Tour Travel And More","description":"Private sightseeing tours and luxury transfers in Spain","publisher":{"@id":"https:\/\/tourtravelandmore.com\/fr\/#organization"},"potentialAction":[{"@type":"SearchAction","target":{"@type":"EntryPoint","urlTemplate":"https:\/\/tourtravelandmore.com\/fr\/?s={search_term_string}"},"query-input":{"@type":"PropertyValueSpecification","valueRequired":true,"valueName":"search_term_string"}}],"inLanguage":"fr-FR"},{"@type":"Organization","@id":"https:\/\/tourtravelandmore.com\/fr\/#organization","name":"Tour Travel And More","url":"https:\/\/tourtravelandmore.com\/fr\/","logo":{"@type":"ImageObject","inLanguage":"fr-FR","@id":"https:\/\/tourtravelandmore.com\/fr\/#\/schema\/logo\/image\/","url":"https:\/\/tourtravelandmore.com\/wp-content\/uploads\/2022\/12\/cropped-logo-cabecera-new.png","contentUrl":"https:\/\/tourtravelandmore.com\/wp-content\/uploads\/2022\/12\/cropped-logo-cabecera-new.png","width":430,"height":61,"caption":"Tour Travel And More"},"image":{"@id":"https:\/\/tourtravelandmore.com\/fr\/#\/schema\/logo\/image\/"},"sameAs":["https:\/\/www.facebook.com\/tourtravelandmore\/","https:\/\/x.com\/TourTravel_More"]}]}},"_links":{"self":[{"href":"https:\/\/tourtravelandmore.com\/fr\/wp-json\/wp\/v2\/product\/106189","targetHints":{"allow":["GET"]}}],"collection":[{"href":"https:\/\/tourtravelandmore.com\/fr\/wp-json\/wp\/v2\/product"}],"about":[{"href":"https:\/\/tourtravelandmore.com\/fr\/wp-json\/wp\/v2\/types\/product"}],"replies":[{"embeddable":true,"href":"https:\/\/tourtravelandmore.com\/fr\/wp-json\/wp\/v2\/comments?post=106189"}],"wp:featuredmedia":[{"embeddable":true,"href":"https:\/\/tourtravelandmore.com\/fr\/wp-json\/wp\/v2\/media\/106212"}],"wp:attachment":[{"href":"https:\/\/tourtravelandmore.com\/fr\/wp-json\/wp\/v2\/media?parent=106189"}],"wp:term":[{"taxonomy":"product_brand","embeddable":true,"href":"https:\/\/tourtravelandmore.com\/fr\/wp-json\/wp\/v2\/product_brand?post=106189"},{"taxonomy":"product_cat","embeddable":true,"href":"https:\/\/tourtravelandmore.com\/fr\/wp-json\/wp\/v2\/product_cat?post=106189"},{"taxonomy":"product_tag","embeddable":true,"href":"https:\/\/tourtravelandmore.com\/fr\/wp-json\/wp\/v2\/product_tag?post=106189"}],"curies":[{"name":"wp","href":"https:\/\/api.w.org\/{rel}","templated":true}]}}