{"id":106171,"date":"2021-04-21T12:56:15","date_gmt":"2021-04-21T10:56:26","guid":{"rendered":"https:\/\/tourtravelandmore.com\/?post_type=product&#038;p=106171"},"modified":"2021-04-21T13:09:03","modified_gmt":"2021-04-21T11:09:03","slug":"visite-privee-de-haifa-acre-et-rosh-ha-nikra-au-depart-de-tel-aviv-copy","status":"publish","type":"product","link":"https:\/\/tourtravelandmore.com\/fr\/tours\/israel-fr\/telaviv-fr-fr\/visites-dune-journee-complete-fr-fr\/visite-privee-de-haifa-acre-et-rosh-ha-nikra-au-depart-de-tel-aviv-copy\/","title":{"rendered":"Visite priv\u00e9e de J\u00e9rusalem et Bethl\u00e9em au d\u00e9part de Tel Aviv"},"content":{"rendered":"<h2>Description<\/h2>\n<p>Voulez-vous vivre les meilleures visites \u00e0 J\u00e9rusalem et Bethl\u00e9em? Gr\u00e2ce \u00e0 ces types d&#8217;excursions priv\u00e9es, vous pouvez explorer la vie de J\u00e9sus, ainsi que de nombreux sites importants du christianisme. Par cons\u00e9quent, gr\u00e2ce \u00e0 l&#8217;excursion priv\u00e9e de J\u00e9rusalem et Bethl\u00e9em au d\u00e9part de Tel Aviv, vous profiterez de 8 heures avec notre chauffeur \/ guide officiel, qui vous proposera une visite que vous n&#8217;oublierez jamais.<\/p>\n<h4>Que peut-on voir lors de la visite priv\u00e9e de J\u00e9rusalem et Bethl\u00e9em au d\u00e9part de Tel Aviv?<\/h4>\n<p>Dans ce voyage en voiture de luxe \u00e0 travers diff\u00e9rents sites de J\u00e9rusalem et de Bethl\u00e9em, vous pourrez assister \u00e0 des milliers d&#8217;ann\u00e9es d&#8217;histoire; Vous ne serez ni plus ni moins que dans les m\u00eames endroits o\u00f9 se trouvait J\u00e9sus, et gr\u00e2ce au chauffeur \/ guide officiel, vous pourrez faire quelques arr\u00eats et \u00e9largir vos connaissances sur certains des sites les plus importants du lieu, tels comme l&#8217;\u00e9glise du Saint-S\u00e9pulcre, l&#8217;\u00e9glise et la grotte de la Nativit\u00e9 de Bethl\u00e9em, observez les champs des bergers; De plus, vous pourrez:<\/p>\n<ul>\n<li>Rendez visite \u00e0 J\u00e9rusalem et Bethl\u00e9em depuis Tel Aviv, tout cela, via un transport confortable et climatis\u00e9.<\/li>\n<li>Visitez la chapelle de Santa Elena et contemplez certaines des plus belles vues de la ville.<\/li>\n<li>Visitez le quartier chr\u00e9tien de la vieille J\u00e9rusalem.<\/li>\n<li>Observez l&#8217;\u00e9glise de la Sainte Nativit\u00e9.<\/li>\n<li>Rendez-vous sur le lieu de naissance de J\u00e9sus.<\/li>\n<li>Visitez l&#8217;\u00e9glise de Santa Catalina<\/li>\n<\/ul>\n<h2>Sites d&#8217;int\u00e9r\u00eat et points de rep\u00e8re<\/h2>\n<h4>O\u00f9 commence la visite priv\u00e9e de J\u00e9rusalem et Bethl\u00e9em au d\u00e9part de Tel Aviv?<\/h4>\n<p>Toute cette exp\u00e9rience commencera \u00e0 partir du moment o\u00f9 notre chauffeur \/ guide officiel viendra vous chercher \u00e0 votre h\u00f4tel \u00e0 Tel Aviv; La possibilit\u00e9 de le r\u00e9cup\u00e9rer au terminal de croisi\u00e8re d&#8217;Ashdod est \u00e9galement disponible. De cette mani\u00e8re, lorsque le voyage commencera, toutes les personnes pr\u00e9sentes pourront vivre une telle exp\u00e9rience lors d&#8217;un circuit de 8 heures dans une voiture de luxe climatis\u00e9e.<\/p>\n<h4>\u00c0 quoi s&#8217;attendre pendant le voyage<\/h4>\n<p>En premier lieu, vous pourrez entendre quelques histoires sur le lieu et les milliers d&#8217;ann\u00e9es qu&#8217;il a \u00e9t\u00e9, vous pourrez acc\u00e9der \u00e0 la ville fortifi\u00e9e, et vous promener dans le quartier chr\u00e9tien, passer par l&#8217;\u00e9glise de la Saint-S\u00e9pulcre; Vous aurez l&#8217;occasion de voir le chemin de croix \u00e0 l&#8217;int\u00e9rieur de l&#8217;\u00e9glise qui pointe vers le Golgotha \u200b\u200b(calvaire). Vous pouvez \u00e9galement faire le voyage de la Palestine \u00e0 Bethl\u00e9em.<\/p>\n<p>Apr\u00e8s avoir travers\u00e9 ces lieux, vous pourrez admirer la connexion pr\u00e9sent\u00e9e par l&#8217;\u00e9glise de Santa Catalina, o\u00f9 la populaire messe du r\u00e9veillon de No\u00ebl a lieu \u00e0 Bethl\u00e9em. Visite de la Grotte des Innocents, t\u00e9moin qui pr\u00e9sente le massacre d&#8217;enfants perp\u00e9tr\u00e9 par le roi H\u00e9rode apr\u00e8s la naissance de J\u00e9sus; et il peut m\u00eame \u00eatre pr\u00e9sent dans le champ o\u00f9 l&#8217;on croit que les anges ont d\u00e9clar\u00e9 la naissance de J\u00e9sus aux bergers.<\/p>\n<p>&nbsp;<\/p>\n","protected":false},"excerpt":{"rendered":"<p>Gr\u00e2ce \u00e0 cette visite priv\u00e9e de J\u00e9rusalem et Bethl\u00e9em au d\u00e9part de Tel Aviv, vous et votre famille pouvez vivre une exp\u00e9rience unique. D\u00e9couvrez les merveilles qui vous attendent lors de ce voyage en voiture de luxe!<\/p>\n","protected":false},"featured_media":106076,"comment_status":"open","ping_status":"closed","template":"","meta":{"_acf_changed":false},"product_brand":[],"product_cat":[3862,3867,3891,3887],"product_tag":[],"class_list":{"0":"post-106171","1":"product","2":"type-product","3":"status-publish","4":"has-post-thumbnail","6":"product_cat-israel-fr","7":"product_cat-telaviv-fr-fr","8":"product_cat-toutes-les-visites-et-activites-privees-fr","9":"product_cat-visites-dune-journee-complete-fr-fr","11":"first","12":"instock","13":"shipping-taxable","14":"purchasable","15":"product-type-simple"},"acf":[],"yoast_head":"<!-- This site is optimized with the Yoast SEO Premium plugin v25.3.1 (Yoast SEO v25.3.1) - https:\/\/yoast.com\/wordpress\/plugins\/seo\/ -->\n<title>Visite priv\u00e9e de J\u00e9rusalem et Bethl\u00e9em au d\u00e9part de Tel Aviv<\/title>\n<meta name=\"description\" content=\"Voulez-vous en savoir plus sur les lieux exceptionnels de l&#039;histoire? Gr\u00e2ce \u00e0 notre visite priv\u00e9e de J\u00e9rusalem et Bethl\u00e9em au d\u00e9part de Tel Aviv.\" \/>\n<meta name=\"robots\" content=\"index, follow, max-snippet:-1, max-image-preview:large, max-video-preview:-1\" \/>\n<link rel=\"canonical\" href=\"https:\/\/tourtravelandmore.com\/fr\/tours\/israel-fr\/telaviv-fr-fr\/visites-dune-journee-complete-fr-fr\/visite-privee-de-haifa-acre-et-rosh-ha-nikra-au-depart-de-tel-aviv-copy\/\" \/>\n<meta property=\"og:locale\" content=\"fr_FR\" \/>\n<meta property=\"og:type\" content=\"article\" \/>\n<meta property=\"og:title\" content=\"Visite priv\u00e9e de J\u00e9rusalem et Bethl\u00e9em au d\u00e9part de Tel Aviv\" \/>\n<meta property=\"og:description\" content=\"Voulez-vous en savoir plus sur les lieux exceptionnels de l&#039;histoire? Gr\u00e2ce \u00e0 notre visite priv\u00e9e de J\u00e9rusalem et Bethl\u00e9em au d\u00e9part de Tel Aviv.\" \/>\n<meta property=\"og:url\" content=\"https:\/\/tourtravelandmore.com\/fr\/tours\/israel-fr\/telaviv-fr-fr\/visites-dune-journee-complete-fr-fr\/visite-privee-de-haifa-acre-et-rosh-ha-nikra-au-depart-de-tel-aviv-copy\/\" \/>\n<meta property=\"og:site_name\" content=\"Tour Travel And More\" \/>\n<meta property=\"article:publisher\" content=\"https:\/\/www.facebook.com\/tourtravelandmore\/\" \/>\n<meta property=\"article:modified_time\" content=\"2021-04-21T11:09:03+00:00\" \/>\n<meta property=\"og:image\" content=\"https:\/\/tourtravelandmore.com\/wp-content\/uploads\/2021\/04\/Jerusalem-2-scaled.jpg\" \/>\n\t<meta property=\"og:image:width\" content=\"2560\" \/>\n\t<meta property=\"og:image:height\" content=\"1707\" \/>\n\t<meta property=\"og:image:type\" content=\"image\/jpeg\" \/>\n<meta name=\"twitter:card\" content=\"summary_large_image\" \/>\n<meta name=\"twitter:site\" content=\"@TourTravel_More\" \/>\n<meta name=\"twitter:label1\" content=\"Dur\u00e9e de lecture estim\u00e9e\" \/>\n\t<meta name=\"twitter:data1\" content=\"3 minutes\" \/>\n<script type=\"application\/ld+json\" class=\"yoast-schema-graph\">{\"@context\":\"https:\/\/schema.org\",\"@graph\":[{\"@type\":\"WebPage\",\"@id\":\"https:\/\/tourtravelandmore.com\/fr\/tours\/israel-fr\/telaviv-fr-fr\/visites-dune-journee-complete-fr-fr\/visite-privee-de-haifa-acre-et-rosh-ha-nikra-au-depart-de-tel-aviv-copy\/\",\"url\":\"https:\/\/tourtravelandmore.com\/fr\/tours\/israel-fr\/telaviv-fr-fr\/visites-dune-journee-complete-fr-fr\/visite-privee-de-haifa-acre-et-rosh-ha-nikra-au-depart-de-tel-aviv-copy\/\",\"name\":\"Visite priv\u00e9e de J\u00e9rusalem et Bethl\u00e9em au d\u00e9part de Tel Aviv\",\"isPartOf\":{\"@id\":\"https:\/\/tourtravelandmore.com\/fr\/#website\"},\"primaryImageOfPage\":{\"@id\":\"https:\/\/tourtravelandmore.com\/fr\/tours\/israel-fr\/telaviv-fr-fr\/visites-dune-journee-complete-fr-fr\/visite-privee-de-haifa-acre-et-rosh-ha-nikra-au-depart-de-tel-aviv-copy\/#primaryimage\"},\"image\":{\"@id\":\"https:\/\/tourtravelandmore.com\/fr\/tours\/israel-fr\/telaviv-fr-fr\/visites-dune-journee-complete-fr-fr\/visite-privee-de-haifa-acre-et-rosh-ha-nikra-au-depart-de-tel-aviv-copy\/#primaryimage\"},\"thumbnailUrl\":\"https:\/\/tourtravelandmore.com\/wp-content\/uploads\/2021\/04\/Jerusalem-2-scaled.jpg\",\"datePublished\":\"2021-04-21T10:56:26+00:00\",\"dateModified\":\"2021-04-21T11:09:03+00:00\",\"description\":\"Voulez-vous en savoir plus sur les lieux exceptionnels de l'histoire? Gr\u00e2ce \u00e0 notre visite priv\u00e9e de J\u00e9rusalem et Bethl\u00e9em au d\u00e9part de Tel Aviv.\",\"breadcrumb\":{\"@id\":\"https:\/\/tourtravelandmore.com\/fr\/tours\/israel-fr\/telaviv-fr-fr\/visites-dune-journee-complete-fr-fr\/visite-privee-de-haifa-acre-et-rosh-ha-nikra-au-depart-de-tel-aviv-copy\/#breadcrumb\"},\"inLanguage\":\"fr-FR\",\"potentialAction\":[{\"@type\":\"ReadAction\",\"target\":[\"https:\/\/tourtravelandmore.com\/fr\/tours\/israel-fr\/telaviv-fr-fr\/visites-dune-journee-complete-fr-fr\/visite-privee-de-haifa-acre-et-rosh-ha-nikra-au-depart-de-tel-aviv-copy\/\"]}]},{\"@type\":\"ImageObject\",\"inLanguage\":\"fr-FR\",\"@id\":\"https:\/\/tourtravelandmore.com\/fr\/tours\/israel-fr\/telaviv-fr-fr\/visites-dune-journee-complete-fr-fr\/visite-privee-de-haifa-acre-et-rosh-ha-nikra-au-depart-de-tel-aviv-copy\/#primaryimage\",\"url\":\"https:\/\/tourtravelandmore.com\/wp-content\/uploads\/2021\/04\/Jerusalem-2-scaled.jpg\",\"contentUrl\":\"https:\/\/tourtravelandmore.com\/wp-content\/uploads\/2021\/04\/Jerusalem-2-scaled.jpg\",\"width\":2560,\"height\":1707},{\"@type\":\"BreadcrumbList\",\"@id\":\"https:\/\/tourtravelandmore.com\/fr\/tours\/israel-fr\/telaviv-fr-fr\/visites-dune-journee-complete-fr-fr\/visite-privee-de-haifa-acre-et-rosh-ha-nikra-au-depart-de-tel-aviv-copy\/#breadcrumb\",\"itemListElement\":[{\"@type\":\"ListItem\",\"position\":1,\"name\":\"Home\",\"item\":\"https:\/\/tourtravelandmore.com\/fr\/\"},{\"@type\":\"ListItem\",\"position\":2,\"name\":\"Tours\",\"item\":\"https:\/\/tourtravelandmore.com\/fr\/tours\/\"},{\"@type\":\"ListItem\",\"position\":3,\"name\":\"Visite priv\u00e9e de J\u00e9rusalem et Bethl\u00e9em au d\u00e9part de Tel Aviv\"}]},{\"@type\":\"WebSite\",\"@id\":\"https:\/\/tourtravelandmore.com\/fr\/#website\",\"url\":\"https:\/\/tourtravelandmore.com\/fr\/\",\"name\":\"Tour Travel And More\",\"description\":\"Private sightseeing tours and luxury transfers in Spain\",\"publisher\":{\"@id\":\"https:\/\/tourtravelandmore.com\/fr\/#organization\"},\"potentialAction\":[{\"@type\":\"SearchAction\",\"target\":{\"@type\":\"EntryPoint\",\"urlTemplate\":\"https:\/\/tourtravelandmore.com\/fr\/?s={search_term_string}\"},\"query-input\":{\"@type\":\"PropertyValueSpecification\",\"valueRequired\":true,\"valueName\":\"search_term_string\"}}],\"inLanguage\":\"fr-FR\"},{\"@type\":\"Organization\",\"@id\":\"https:\/\/tourtravelandmore.com\/fr\/#organization\",\"name\":\"Tour Travel And More\",\"url\":\"https:\/\/tourtravelandmore.com\/fr\/\",\"logo\":{\"@type\":\"ImageObject\",\"inLanguage\":\"fr-FR\",\"@id\":\"https:\/\/tourtravelandmore.com\/fr\/#\/schema\/logo\/image\/\",\"url\":\"https:\/\/tourtravelandmore.com\/wp-content\/uploads\/2022\/12\/cropped-logo-cabecera-new.png\",\"contentUrl\":\"https:\/\/tourtravelandmore.com\/wp-content\/uploads\/2022\/12\/cropped-logo-cabecera-new.png\",\"width\":430,\"height\":61,\"caption\":\"Tour Travel And More\"},\"image\":{\"@id\":\"https:\/\/tourtravelandmore.com\/fr\/#\/schema\/logo\/image\/\"},\"sameAs\":[\"https:\/\/www.facebook.com\/tourtravelandmore\/\",\"https:\/\/x.com\/TourTravel_More\"]}]}<\/script>\n<!-- \/ Yoast SEO Premium plugin. -->","yoast_head_json":{"title":"Visite priv\u00e9e de J\u00e9rusalem et Bethl\u00e9em au d\u00e9part de Tel Aviv","description":"Voulez-vous en savoir plus sur les lieux exceptionnels de l'histoire? Gr\u00e2ce \u00e0 notre visite priv\u00e9e de J\u00e9rusalem et Bethl\u00e9em au d\u00e9part de Tel Aviv.","robots":{"index":"index","follow":"follow","max-snippet":"max-snippet:-1","max-image-preview":"max-image-preview:large","max-video-preview":"max-video-preview:-1"},"canonical":"https:\/\/tourtravelandmore.com\/fr\/tours\/israel-fr\/telaviv-fr-fr\/visites-dune-journee-complete-fr-fr\/visite-privee-de-haifa-acre-et-rosh-ha-nikra-au-depart-de-tel-aviv-copy\/","og_locale":"fr_FR","og_type":"article","og_title":"Visite priv\u00e9e de J\u00e9rusalem et Bethl\u00e9em au d\u00e9part de Tel Aviv","og_description":"Voulez-vous en savoir plus sur les lieux exceptionnels de l'histoire? Gr\u00e2ce \u00e0 notre visite priv\u00e9e de J\u00e9rusalem et Bethl\u00e9em au d\u00e9part de Tel Aviv.","og_url":"https:\/\/tourtravelandmore.com\/fr\/tours\/israel-fr\/telaviv-fr-fr\/visites-dune-journee-complete-fr-fr\/visite-privee-de-haifa-acre-et-rosh-ha-nikra-au-depart-de-tel-aviv-copy\/","og_site_name":"Tour Travel And More","article_publisher":"https:\/\/www.facebook.com\/tourtravelandmore\/","article_modified_time":"2021-04-21T11:09:03+00:00","og_image":[{"width":2560,"height":1707,"url":"https:\/\/tourtravelandmore.com\/wp-content\/uploads\/2021\/04\/Jerusalem-2-scaled.jpg","type":"image\/jpeg"}],"twitter_card":"summary_large_image","twitter_site":"@TourTravel_More","twitter_misc":{"Dur\u00e9e de lecture estim\u00e9e":"3 minutes"},"schema":{"@context":"https:\/\/schema.org","@graph":[{"@type":"WebPage","@id":"https:\/\/tourtravelandmore.com\/fr\/tours\/israel-fr\/telaviv-fr-fr\/visites-dune-journee-complete-fr-fr\/visite-privee-de-haifa-acre-et-rosh-ha-nikra-au-depart-de-tel-aviv-copy\/","url":"https:\/\/tourtravelandmore.com\/fr\/tours\/israel-fr\/telaviv-fr-fr\/visites-dune-journee-complete-fr-fr\/visite-privee-de-haifa-acre-et-rosh-ha-nikra-au-depart-de-tel-aviv-copy\/","name":"Visite priv\u00e9e de J\u00e9rusalem et Bethl\u00e9em au d\u00e9part de Tel Aviv","isPartOf":{"@id":"https:\/\/tourtravelandmore.com\/fr\/#website"},"primaryImageOfPage":{"@id":"https:\/\/tourtravelandmore.com\/fr\/tours\/israel-fr\/telaviv-fr-fr\/visites-dune-journee-complete-fr-fr\/visite-privee-de-haifa-acre-et-rosh-ha-nikra-au-depart-de-tel-aviv-copy\/#primaryimage"},"image":{"@id":"https:\/\/tourtravelandmore.com\/fr\/tours\/israel-fr\/telaviv-fr-fr\/visites-dune-journee-complete-fr-fr\/visite-privee-de-haifa-acre-et-rosh-ha-nikra-au-depart-de-tel-aviv-copy\/#primaryimage"},"thumbnailUrl":"https:\/\/tourtravelandmore.com\/wp-content\/uploads\/2021\/04\/Jerusalem-2-scaled.jpg","datePublished":"2021-04-21T10:56:26+00:00","dateModified":"2021-04-21T11:09:03+00:00","description":"Voulez-vous en savoir plus sur les lieux exceptionnels de l'histoire? Gr\u00e2ce \u00e0 notre visite priv\u00e9e de J\u00e9rusalem et Bethl\u00e9em au d\u00e9part de Tel Aviv.","breadcrumb":{"@id":"https:\/\/tourtravelandmore.com\/fr\/tours\/israel-fr\/telaviv-fr-fr\/visites-dune-journee-complete-fr-fr\/visite-privee-de-haifa-acre-et-rosh-ha-nikra-au-depart-de-tel-aviv-copy\/#breadcrumb"},"inLanguage":"fr-FR","potentialAction":[{"@type":"ReadAction","target":["https:\/\/tourtravelandmore.com\/fr\/tours\/israel-fr\/telaviv-fr-fr\/visites-dune-journee-complete-fr-fr\/visite-privee-de-haifa-acre-et-rosh-ha-nikra-au-depart-de-tel-aviv-copy\/"]}]},{"@type":"ImageObject","inLanguage":"fr-FR","@id":"https:\/\/tourtravelandmore.com\/fr\/tours\/israel-fr\/telaviv-fr-fr\/visites-dune-journee-complete-fr-fr\/visite-privee-de-haifa-acre-et-rosh-ha-nikra-au-depart-de-tel-aviv-copy\/#primaryimage","url":"https:\/\/tourtravelandmore.com\/wp-content\/uploads\/2021\/04\/Jerusalem-2-scaled.jpg","contentUrl":"https:\/\/tourtravelandmore.com\/wp-content\/uploads\/2021\/04\/Jerusalem-2-scaled.jpg","width":2560,"height":1707},{"@type":"BreadcrumbList","@id":"https:\/\/tourtravelandmore.com\/fr\/tours\/israel-fr\/telaviv-fr-fr\/visites-dune-journee-complete-fr-fr\/visite-privee-de-haifa-acre-et-rosh-ha-nikra-au-depart-de-tel-aviv-copy\/#breadcrumb","itemListElement":[{"@type":"ListItem","position":1,"name":"Home","item":"https:\/\/tourtravelandmore.com\/fr\/"},{"@type":"ListItem","position":2,"name":"Tours","item":"https:\/\/tourtravelandmore.com\/fr\/tours\/"},{"@type":"ListItem","position":3,"name":"Visite priv\u00e9e de J\u00e9rusalem et Bethl\u00e9em au d\u00e9part de Tel Aviv"}]},{"@type":"WebSite","@id":"https:\/\/tourtravelandmore.com\/fr\/#website","url":"https:\/\/tourtravelandmore.com\/fr\/","name":"Tour Travel And More","description":"Private sightseeing tours and luxury transfers in Spain","publisher":{"@id":"https:\/\/tourtravelandmore.com\/fr\/#organization"},"potentialAction":[{"@type":"SearchAction","target":{"@type":"EntryPoint","urlTemplate":"https:\/\/tourtravelandmore.com\/fr\/?s={search_term_string}"},"query-input":{"@type":"PropertyValueSpecification","valueRequired":true,"valueName":"search_term_string"}}],"inLanguage":"fr-FR"},{"@type":"Organization","@id":"https:\/\/tourtravelandmore.com\/fr\/#organization","name":"Tour Travel And More","url":"https:\/\/tourtravelandmore.com\/fr\/","logo":{"@type":"ImageObject","inLanguage":"fr-FR","@id":"https:\/\/tourtravelandmore.com\/fr\/#\/schema\/logo\/image\/","url":"https:\/\/tourtravelandmore.com\/wp-content\/uploads\/2022\/12\/cropped-logo-cabecera-new.png","contentUrl":"https:\/\/tourtravelandmore.com\/wp-content\/uploads\/2022\/12\/cropped-logo-cabecera-new.png","width":430,"height":61,"caption":"Tour Travel And More"},"image":{"@id":"https:\/\/tourtravelandmore.com\/fr\/#\/schema\/logo\/image\/"},"sameAs":["https:\/\/www.facebook.com\/tourtravelandmore\/","https:\/\/x.com\/TourTravel_More"]}]}},"_links":{"self":[{"href":"https:\/\/tourtravelandmore.com\/fr\/wp-json\/wp\/v2\/product\/106171","targetHints":{"allow":["GET"]}}],"collection":[{"href":"https:\/\/tourtravelandmore.com\/fr\/wp-json\/wp\/v2\/product"}],"about":[{"href":"https:\/\/tourtravelandmore.com\/fr\/wp-json\/wp\/v2\/types\/product"}],"replies":[{"embeddable":true,"href":"https:\/\/tourtravelandmore.com\/fr\/wp-json\/wp\/v2\/comments?post=106171"}],"wp:featuredmedia":[{"embeddable":true,"href":"https:\/\/tourtravelandmore.com\/fr\/wp-json\/wp\/v2\/media\/106076"}],"wp:attachment":[{"href":"https:\/\/tourtravelandmore.com\/fr\/wp-json\/wp\/v2\/media?parent=106171"}],"wp:term":[{"taxonomy":"product_brand","embeddable":true,"href":"https:\/\/tourtravelandmore.com\/fr\/wp-json\/wp\/v2\/product_brand?post=106171"},{"taxonomy":"product_cat","embeddable":true,"href":"https:\/\/tourtravelandmore.com\/fr\/wp-json\/wp\/v2\/product_cat?post=106171"},{"taxonomy":"product_tag","embeddable":true,"href":"https:\/\/tourtravelandmore.com\/fr\/wp-json\/wp\/v2\/product_tag?post=106171"}],"curies":[{"name":"wp","href":"https:\/\/api.w.org\/{rel}","templated":true}]}}