{"id":106153,"date":"2021-04-21T12:45:44","date_gmt":"2021-04-21T10:45:55","guid":{"rendered":"https:\/\/tourtravelandmore.com\/?post_type=product&#038;p=106153"},"modified":"2021-04-21T12:51:27","modified_gmt":"2021-04-21T10:51:27","slug":"visite-privee-de-haifa-acre-et-rosh-ha-nikra-au-depart-de-tel-aviv","status":"publish","type":"product","link":"https:\/\/tourtravelandmore.com\/fr\/tours\/israel-fr\/telaviv-fr-fr\/visites-dune-journee-complete-fr-fr\/visite-privee-de-haifa-acre-et-rosh-ha-nikra-au-depart-de-tel-aviv\/","title":{"rendered":"Visite priv\u00e9e de Haifa Acre et Rosh Ha-Nikra au d\u00e9part de Tel-Aviv"},"content":{"rendered":"<h2>Description<\/h2>\n<p>Voulez-vous regarder de plus pr\u00e8s l&#8217;histoire de la c\u00f4te nord d&#8217;Isra\u00ebl? Dans ce cas, gr\u00e2ce \u00e0 une excursion priv\u00e9e d&#8217;environ 8 heures, vous d\u00e9couvrirez Haifa Acre et Rosh Ha-Nikra depuis Tel-Aviv. Gr\u00e2ce au fait que vous aurez un chauffeur \/ guide officiel, il n&#8217;y aura aucune possibilit\u00e9 de ressentir la peur, mais vous explorerez un monde totalement diff\u00e9rent lors de ce voyage de luxe.<\/p>\n<h4>Que peut-on appr\u00e9cier lors de la visite priv\u00e9e de Haifa Acre et Rosh Ha-Nikra au d\u00e9part de Tel-Aviv?<\/h4>\n<p>Tout d&#8217;abord, vous aurez l&#8217;occasion de voir de vos propres yeux le port de Ha\u00effa, plus pr\u00e9cis\u00e9ment du sommet du mont Carmel. Vous pouvez \u00e9galement profiter d&#8217;une beaut\u00e9 visuelle, comme les jardins persans de Baha\u00ed, qui sont tr\u00e8s populaires pour la structure suspendue qu&#8217;ils ont. Une fois que nous sommes \u00e0 la fronti\u00e8re qui borde le Liban, vous pouvez profiter de la belle vue sur les grottes de Rosh Ha-Nikra.<\/p>\n<p>Apr\u00e8s notre rencontre \u00e0 Rosh Ha-Nikra, vous visualiserez le paysage que l&#8217;on peut voir sur les rives de la mer M\u00e9diterran\u00e9e. En outre, vous pouvez visiter la vieille ville d&#8217;Acre, qui a \u00e9t\u00e9 reconnue comme site du patrimoine mondial; Dans cette zone, les Templiers ont fait des grottes secr\u00e8tes pendant les croisades, et certaines d&#8217;entre elles sont disponibles \u00e0 la visite.<\/p>\n<h2>Sites d&#8217;int\u00e9r\u00eat et points de rep\u00e8re<\/h2>\n<h4>O\u00f9 commence la visite priv\u00e9e de Haifa Acre et Rosh Ha-Nikra au d\u00e9part de Tel-Aviv?<\/h4>\n<p>D\u00e8s t\u00f4t le matin, nous pourrons venir vous chercher \u00e0 votre h\u00f4tel \u00e0 Tel-Aviv, et \u00e0 partir de l\u00e0, nous commencerons la visite qui est sp\u00e9cialement pr\u00e9par\u00e9e pour vous. Notre chauffeur \/ guide officiel sera en mesure de vous offrir des informations pr\u00e9cises et un voyage que vous n&#8217;oublierez jamais \u00e0 travers cette excursion en voiture de luxe; Le voyage dure environ 8 heures.<\/p>\n<h4>\u00c0 quoi s&#8217;attendre pendant le voyage<\/h4>\n<p>Comme nous l&#8217;avons mentionn\u00e9 ci-dessus, les jardins Baha\u00ed sont d&#8217;une beaut\u00e9 unique, vous pouvez \u00e9galement visiter le monast\u00e8re des Carm\u00e9lites, puis nous traverserons la colonie allemande. L&#8217;ancienne ville d&#8217;Akko Knights Halls poss\u00e8de d&#8217;innombrables secrets sur les Templiers, que vous pouvez d\u00e9couvrir lors de cette merveilleuse visite priv\u00e9e. De plus, vous pourrez:<\/p>\n<ul>\n<li>Voyagez de la mani\u00e8re la plus confortable possible dans un v\u00e9hicule priv\u00e9 avec un chauffeur \/ guide officiel.<\/li>\n<li>Apprenez-en beaucoup sur Ha\u00effa et Acre, et leur culture.<\/li>\n<li>Explorez les jardins Baha\u00ed.<\/li>\n<li>Vous b\u00e9n\u00e9ficierez d&#8217;une prise en charge et d&#8217;une d\u00e9pose sans tracas depuis votre h\u00f4tel de Tel Aviv.<\/li>\n<\/ul>\n<p>&nbsp;<\/p>\n","protected":false},"excerpt":{"rendered":"<p>Pour une excursion que vous ne regretterez jamais, l&#8217;option id\u00e9ale est de faire une visite priv\u00e9e de Haifa Acre et Rosh Ha-Nikra au d\u00e9part de Tel-Aviv. Vous pouvez nous contacter et vivre une exp\u00e9rience inoubliable \u00e0 travers cette r\u00e9gion.<\/p>\n","protected":false},"featured_media":106233,"comment_status":"open","ping_status":"closed","template":"","meta":{"_acf_changed":false},"product_brand":[],"product_cat":[3862,3867,3891,3887],"product_tag":[],"class_list":{"0":"post-106153","1":"product","2":"type-product","3":"status-publish","4":"has-post-thumbnail","6":"product_cat-israel-fr","7":"product_cat-telaviv-fr-fr","8":"product_cat-toutes-les-visites-et-activites-privees-fr","9":"product_cat-visites-dune-journee-complete-fr-fr","11":"first","12":"instock","13":"shipping-taxable","14":"purchasable","15":"product-type-simple"},"acf":[],"yoast_head":"<!-- This site is optimized with the Yoast SEO Premium plugin v25.3.1 (Yoast SEO v25.3.1) - https:\/\/yoast.com\/wordpress\/plugins\/seo\/ -->\n<title>Visite priv\u00e9e de Haifa Acre et Rosh Ha-Nikra de Tel-Aviv<\/title>\n<meta name=\"description\" content=\"Profitez de cette opportunit\u00e9 sp\u00e9ciale \ud83d\ude0d: visiter les magnifiques paysages entourant Haifa Acre et Rosh Ha-Nikra, et la culture.\" \/>\n<meta name=\"robots\" content=\"index, follow, max-snippet:-1, max-image-preview:large, max-video-preview:-1\" \/>\n<link rel=\"canonical\" href=\"https:\/\/tourtravelandmore.com\/fr\/tours\/israel-fr\/telaviv-fr-fr\/visites-dune-journee-complete-fr-fr\/visite-privee-de-haifa-acre-et-rosh-ha-nikra-au-depart-de-tel-aviv\/\" \/>\n<meta property=\"og:locale\" content=\"fr_FR\" \/>\n<meta property=\"og:type\" content=\"article\" \/>\n<meta property=\"og:title\" content=\"Visite priv\u00e9e de Haifa Acre et Rosh Ha-Nikra au d\u00e9part de Tel-Aviv\" \/>\n<meta property=\"og:description\" content=\"Profitez de cette opportunit\u00e9 sp\u00e9ciale \ud83d\ude0d: visiter les magnifiques paysages entourant Haifa Acre et Rosh Ha-Nikra, et la culture.\" \/>\n<meta property=\"og:url\" content=\"https:\/\/tourtravelandmore.com\/fr\/tours\/israel-fr\/telaviv-fr-fr\/visites-dune-journee-complete-fr-fr\/visite-privee-de-haifa-acre-et-rosh-ha-nikra-au-depart-de-tel-aviv\/\" \/>\n<meta property=\"og:site_name\" content=\"Tour Travel And More\" \/>\n<meta property=\"article:publisher\" content=\"https:\/\/www.facebook.com\/tourtravelandmore\/\" \/>\n<meta property=\"article:modified_time\" content=\"2021-04-21T10:51:27+00:00\" \/>\n<meta property=\"og:image\" content=\"https:\/\/tourtravelandmore.com\/wp-content\/uploads\/2021\/04\/Haifa-scaled.jpg\" \/>\n\t<meta property=\"og:image:width\" content=\"2560\" \/>\n\t<meta property=\"og:image:height\" content=\"1920\" \/>\n\t<meta property=\"og:image:type\" content=\"image\/jpeg\" \/>\n<meta name=\"twitter:card\" content=\"summary_large_image\" \/>\n<meta name=\"twitter:site\" content=\"@TourTravel_More\" \/>\n<meta name=\"twitter:label1\" content=\"Dur\u00e9e de lecture estim\u00e9e\" \/>\n\t<meta name=\"twitter:data1\" content=\"2 minutes\" \/>\n<script type=\"application\/ld+json\" class=\"yoast-schema-graph\">{\"@context\":\"https:\/\/schema.org\",\"@graph\":[{\"@type\":\"WebPage\",\"@id\":\"https:\/\/tourtravelandmore.com\/fr\/tours\/israel-fr\/telaviv-fr-fr\/visites-dune-journee-complete-fr-fr\/visite-privee-de-haifa-acre-et-rosh-ha-nikra-au-depart-de-tel-aviv\/\",\"url\":\"https:\/\/tourtravelandmore.com\/fr\/tours\/israel-fr\/telaviv-fr-fr\/visites-dune-journee-complete-fr-fr\/visite-privee-de-haifa-acre-et-rosh-ha-nikra-au-depart-de-tel-aviv\/\",\"name\":\"Visite priv\u00e9e de Haifa Acre et Rosh Ha-Nikra de Tel-Aviv\",\"isPartOf\":{\"@id\":\"https:\/\/tourtravelandmore.com\/fr\/#website\"},\"primaryImageOfPage\":{\"@id\":\"https:\/\/tourtravelandmore.com\/fr\/tours\/israel-fr\/telaviv-fr-fr\/visites-dune-journee-complete-fr-fr\/visite-privee-de-haifa-acre-et-rosh-ha-nikra-au-depart-de-tel-aviv\/#primaryimage\"},\"image\":{\"@id\":\"https:\/\/tourtravelandmore.com\/fr\/tours\/israel-fr\/telaviv-fr-fr\/visites-dune-journee-complete-fr-fr\/visite-privee-de-haifa-acre-et-rosh-ha-nikra-au-depart-de-tel-aviv\/#primaryimage\"},\"thumbnailUrl\":\"https:\/\/tourtravelandmore.com\/wp-content\/uploads\/2021\/04\/Haifa-scaled.jpg\",\"datePublished\":\"2021-04-21T10:45:55+00:00\",\"dateModified\":\"2021-04-21T10:51:27+00:00\",\"description\":\"Profitez de cette opportunit\u00e9 sp\u00e9ciale \ud83d\ude0d: visiter les magnifiques paysages entourant Haifa Acre et Rosh Ha-Nikra, et la culture.\",\"breadcrumb\":{\"@id\":\"https:\/\/tourtravelandmore.com\/fr\/tours\/israel-fr\/telaviv-fr-fr\/visites-dune-journee-complete-fr-fr\/visite-privee-de-haifa-acre-et-rosh-ha-nikra-au-depart-de-tel-aviv\/#breadcrumb\"},\"inLanguage\":\"fr-FR\",\"potentialAction\":[{\"@type\":\"ReadAction\",\"target\":[\"https:\/\/tourtravelandmore.com\/fr\/tours\/israel-fr\/telaviv-fr-fr\/visites-dune-journee-complete-fr-fr\/visite-privee-de-haifa-acre-et-rosh-ha-nikra-au-depart-de-tel-aviv\/\"]}]},{\"@type\":\"ImageObject\",\"inLanguage\":\"fr-FR\",\"@id\":\"https:\/\/tourtravelandmore.com\/fr\/tours\/israel-fr\/telaviv-fr-fr\/visites-dune-journee-complete-fr-fr\/visite-privee-de-haifa-acre-et-rosh-ha-nikra-au-depart-de-tel-aviv\/#primaryimage\",\"url\":\"https:\/\/tourtravelandmore.com\/wp-content\/uploads\/2021\/04\/Haifa-scaled.jpg\",\"contentUrl\":\"https:\/\/tourtravelandmore.com\/wp-content\/uploads\/2021\/04\/Haifa-scaled.jpg\",\"width\":2560,\"height\":1920},{\"@type\":\"BreadcrumbList\",\"@id\":\"https:\/\/tourtravelandmore.com\/fr\/tours\/israel-fr\/telaviv-fr-fr\/visites-dune-journee-complete-fr-fr\/visite-privee-de-haifa-acre-et-rosh-ha-nikra-au-depart-de-tel-aviv\/#breadcrumb\",\"itemListElement\":[{\"@type\":\"ListItem\",\"position\":1,\"name\":\"Home\",\"item\":\"https:\/\/tourtravelandmore.com\/fr\/\"},{\"@type\":\"ListItem\",\"position\":2,\"name\":\"Tours\",\"item\":\"https:\/\/tourtravelandmore.com\/fr\/tours\/\"},{\"@type\":\"ListItem\",\"position\":3,\"name\":\"Visite priv\u00e9e de Haifa Acre et Rosh Ha-Nikra au d\u00e9part de Tel-Aviv\"}]},{\"@type\":\"WebSite\",\"@id\":\"https:\/\/tourtravelandmore.com\/fr\/#website\",\"url\":\"https:\/\/tourtravelandmore.com\/fr\/\",\"name\":\"Tour Travel And More\",\"description\":\"Private sightseeing tours and luxury transfers in Spain\",\"publisher\":{\"@id\":\"https:\/\/tourtravelandmore.com\/fr\/#organization\"},\"potentialAction\":[{\"@type\":\"SearchAction\",\"target\":{\"@type\":\"EntryPoint\",\"urlTemplate\":\"https:\/\/tourtravelandmore.com\/fr\/?s={search_term_string}\"},\"query-input\":{\"@type\":\"PropertyValueSpecification\",\"valueRequired\":true,\"valueName\":\"search_term_string\"}}],\"inLanguage\":\"fr-FR\"},{\"@type\":\"Organization\",\"@id\":\"https:\/\/tourtravelandmore.com\/fr\/#organization\",\"name\":\"Tour Travel And More\",\"url\":\"https:\/\/tourtravelandmore.com\/fr\/\",\"logo\":{\"@type\":\"ImageObject\",\"inLanguage\":\"fr-FR\",\"@id\":\"https:\/\/tourtravelandmore.com\/fr\/#\/schema\/logo\/image\/\",\"url\":\"https:\/\/tourtravelandmore.com\/wp-content\/uploads\/2022\/12\/cropped-logo-cabecera-new.png\",\"contentUrl\":\"https:\/\/tourtravelandmore.com\/wp-content\/uploads\/2022\/12\/cropped-logo-cabecera-new.png\",\"width\":430,\"height\":61,\"caption\":\"Tour Travel And More\"},\"image\":{\"@id\":\"https:\/\/tourtravelandmore.com\/fr\/#\/schema\/logo\/image\/\"},\"sameAs\":[\"https:\/\/www.facebook.com\/tourtravelandmore\/\",\"https:\/\/x.com\/TourTravel_More\"]}]}<\/script>\n<!-- \/ Yoast SEO Premium plugin. -->","yoast_head_json":{"title":"Visite priv\u00e9e de Haifa Acre et Rosh Ha-Nikra de Tel-Aviv","description":"Profitez de cette opportunit\u00e9 sp\u00e9ciale \ud83d\ude0d: visiter les magnifiques paysages entourant Haifa Acre et Rosh Ha-Nikra, et la culture.","robots":{"index":"index","follow":"follow","max-snippet":"max-snippet:-1","max-image-preview":"max-image-preview:large","max-video-preview":"max-video-preview:-1"},"canonical":"https:\/\/tourtravelandmore.com\/fr\/tours\/israel-fr\/telaviv-fr-fr\/visites-dune-journee-complete-fr-fr\/visite-privee-de-haifa-acre-et-rosh-ha-nikra-au-depart-de-tel-aviv\/","og_locale":"fr_FR","og_type":"article","og_title":"Visite priv\u00e9e de Haifa Acre et Rosh Ha-Nikra au d\u00e9part de Tel-Aviv","og_description":"Profitez de cette opportunit\u00e9 sp\u00e9ciale \ud83d\ude0d: visiter les magnifiques paysages entourant Haifa Acre et Rosh Ha-Nikra, et la culture.","og_url":"https:\/\/tourtravelandmore.com\/fr\/tours\/israel-fr\/telaviv-fr-fr\/visites-dune-journee-complete-fr-fr\/visite-privee-de-haifa-acre-et-rosh-ha-nikra-au-depart-de-tel-aviv\/","og_site_name":"Tour Travel And More","article_publisher":"https:\/\/www.facebook.com\/tourtravelandmore\/","article_modified_time":"2021-04-21T10:51:27+00:00","og_image":[{"width":2560,"height":1920,"url":"https:\/\/tourtravelandmore.com\/wp-content\/uploads\/2021\/04\/Haifa-scaled.jpg","type":"image\/jpeg"}],"twitter_card":"summary_large_image","twitter_site":"@TourTravel_More","twitter_misc":{"Dur\u00e9e de lecture estim\u00e9e":"2 minutes"},"schema":{"@context":"https:\/\/schema.org","@graph":[{"@type":"WebPage","@id":"https:\/\/tourtravelandmore.com\/fr\/tours\/israel-fr\/telaviv-fr-fr\/visites-dune-journee-complete-fr-fr\/visite-privee-de-haifa-acre-et-rosh-ha-nikra-au-depart-de-tel-aviv\/","url":"https:\/\/tourtravelandmore.com\/fr\/tours\/israel-fr\/telaviv-fr-fr\/visites-dune-journee-complete-fr-fr\/visite-privee-de-haifa-acre-et-rosh-ha-nikra-au-depart-de-tel-aviv\/","name":"Visite priv\u00e9e de Haifa Acre et Rosh Ha-Nikra de Tel-Aviv","isPartOf":{"@id":"https:\/\/tourtravelandmore.com\/fr\/#website"},"primaryImageOfPage":{"@id":"https:\/\/tourtravelandmore.com\/fr\/tours\/israel-fr\/telaviv-fr-fr\/visites-dune-journee-complete-fr-fr\/visite-privee-de-haifa-acre-et-rosh-ha-nikra-au-depart-de-tel-aviv\/#primaryimage"},"image":{"@id":"https:\/\/tourtravelandmore.com\/fr\/tours\/israel-fr\/telaviv-fr-fr\/visites-dune-journee-complete-fr-fr\/visite-privee-de-haifa-acre-et-rosh-ha-nikra-au-depart-de-tel-aviv\/#primaryimage"},"thumbnailUrl":"https:\/\/tourtravelandmore.com\/wp-content\/uploads\/2021\/04\/Haifa-scaled.jpg","datePublished":"2021-04-21T10:45:55+00:00","dateModified":"2021-04-21T10:51:27+00:00","description":"Profitez de cette opportunit\u00e9 sp\u00e9ciale \ud83d\ude0d: visiter les magnifiques paysages entourant Haifa Acre et Rosh Ha-Nikra, et la culture.","breadcrumb":{"@id":"https:\/\/tourtravelandmore.com\/fr\/tours\/israel-fr\/telaviv-fr-fr\/visites-dune-journee-complete-fr-fr\/visite-privee-de-haifa-acre-et-rosh-ha-nikra-au-depart-de-tel-aviv\/#breadcrumb"},"inLanguage":"fr-FR","potentialAction":[{"@type":"ReadAction","target":["https:\/\/tourtravelandmore.com\/fr\/tours\/israel-fr\/telaviv-fr-fr\/visites-dune-journee-complete-fr-fr\/visite-privee-de-haifa-acre-et-rosh-ha-nikra-au-depart-de-tel-aviv\/"]}]},{"@type":"ImageObject","inLanguage":"fr-FR","@id":"https:\/\/tourtravelandmore.com\/fr\/tours\/israel-fr\/telaviv-fr-fr\/visites-dune-journee-complete-fr-fr\/visite-privee-de-haifa-acre-et-rosh-ha-nikra-au-depart-de-tel-aviv\/#primaryimage","url":"https:\/\/tourtravelandmore.com\/wp-content\/uploads\/2021\/04\/Haifa-scaled.jpg","contentUrl":"https:\/\/tourtravelandmore.com\/wp-content\/uploads\/2021\/04\/Haifa-scaled.jpg","width":2560,"height":1920},{"@type":"BreadcrumbList","@id":"https:\/\/tourtravelandmore.com\/fr\/tours\/israel-fr\/telaviv-fr-fr\/visites-dune-journee-complete-fr-fr\/visite-privee-de-haifa-acre-et-rosh-ha-nikra-au-depart-de-tel-aviv\/#breadcrumb","itemListElement":[{"@type":"ListItem","position":1,"name":"Home","item":"https:\/\/tourtravelandmore.com\/fr\/"},{"@type":"ListItem","position":2,"name":"Tours","item":"https:\/\/tourtravelandmore.com\/fr\/tours\/"},{"@type":"ListItem","position":3,"name":"Visite priv\u00e9e de Haifa Acre et Rosh Ha-Nikra au d\u00e9part de Tel-Aviv"}]},{"@type":"WebSite","@id":"https:\/\/tourtravelandmore.com\/fr\/#website","url":"https:\/\/tourtravelandmore.com\/fr\/","name":"Tour Travel And More","description":"Private sightseeing tours and luxury transfers in Spain","publisher":{"@id":"https:\/\/tourtravelandmore.com\/fr\/#organization"},"potentialAction":[{"@type":"SearchAction","target":{"@type":"EntryPoint","urlTemplate":"https:\/\/tourtravelandmore.com\/fr\/?s={search_term_string}"},"query-input":{"@type":"PropertyValueSpecification","valueRequired":true,"valueName":"search_term_string"}}],"inLanguage":"fr-FR"},{"@type":"Organization","@id":"https:\/\/tourtravelandmore.com\/fr\/#organization","name":"Tour Travel And More","url":"https:\/\/tourtravelandmore.com\/fr\/","logo":{"@type":"ImageObject","inLanguage":"fr-FR","@id":"https:\/\/tourtravelandmore.com\/fr\/#\/schema\/logo\/image\/","url":"https:\/\/tourtravelandmore.com\/wp-content\/uploads\/2022\/12\/cropped-logo-cabecera-new.png","contentUrl":"https:\/\/tourtravelandmore.com\/wp-content\/uploads\/2022\/12\/cropped-logo-cabecera-new.png","width":430,"height":61,"caption":"Tour Travel And More"},"image":{"@id":"https:\/\/tourtravelandmore.com\/fr\/#\/schema\/logo\/image\/"},"sameAs":["https:\/\/www.facebook.com\/tourtravelandmore\/","https:\/\/x.com\/TourTravel_More"]}]}},"_links":{"self":[{"href":"https:\/\/tourtravelandmore.com\/fr\/wp-json\/wp\/v2\/product\/106153","targetHints":{"allow":["GET"]}}],"collection":[{"href":"https:\/\/tourtravelandmore.com\/fr\/wp-json\/wp\/v2\/product"}],"about":[{"href":"https:\/\/tourtravelandmore.com\/fr\/wp-json\/wp\/v2\/types\/product"}],"replies":[{"embeddable":true,"href":"https:\/\/tourtravelandmore.com\/fr\/wp-json\/wp\/v2\/comments?post=106153"}],"wp:featuredmedia":[{"embeddable":true,"href":"https:\/\/tourtravelandmore.com\/fr\/wp-json\/wp\/v2\/media\/106233"}],"wp:attachment":[{"href":"https:\/\/tourtravelandmore.com\/fr\/wp-json\/wp\/v2\/media?parent=106153"}],"wp:term":[{"taxonomy":"product_brand","embeddable":true,"href":"https:\/\/tourtravelandmore.com\/fr\/wp-json\/wp\/v2\/product_brand?post=106153"},{"taxonomy":"product_cat","embeddable":true,"href":"https:\/\/tourtravelandmore.com\/fr\/wp-json\/wp\/v2\/product_cat?post=106153"},{"taxonomy":"product_tag","embeddable":true,"href":"https:\/\/tourtravelandmore.com\/fr\/wp-json\/wp\/v2\/product_tag?post=106153"}],"curies":[{"name":"wp","href":"https:\/\/api.w.org\/{rel}","templated":true}]}}