{"id":106135,"date":"2021-04-21T12:35:01","date_gmt":"2021-04-21T10:35:12","guid":{"rendered":"https:\/\/tourtravelandmore.com\/?post_type=product&#038;p=106135"},"modified":"2021-04-21T12:41:24","modified_gmt":"2021-04-21T10:41:24","slug":"visite-privee-de-haifa-cesaree-et-akko-au-depart-de-tel-aviv","status":"publish","type":"product","link":"https:\/\/tourtravelandmore.com\/fr\/tours\/israel-fr\/telaviv-fr-fr\/visites-dune-journee-complete-fr-fr\/visite-privee-de-haifa-cesaree-et-akko-au-depart-de-tel-aviv\/","title":{"rendered":"Visite priv\u00e9e de Ha\u00effa, C\u00e9sar\u00e9e et Akko au d\u00e9part de Tel Aviv"},"content":{"rendered":"<h2>Description<\/h2>\n<p>Cette belle excursion priv\u00e9e dure 8 heures, \u00e0 partir de 8h00, avec la prise en charge \u00e0 l&#8217;h\u00f4tel d&#8217;h\u00e9bergement, dans une voiture de luxe climatis\u00e9e. De plus, vous serez accompagn\u00e9 d&#8217;un chauffeur \/ guide priv\u00e9 officiel tr\u00e8s qualifi\u00e9, qui vous racontera toutes les histoires de l&#8217;\u00e9poque. Visite qui se rend sur la c\u00f4te nord d&#8217;Isra\u00ebl et de la M\u00e9diterran\u00e9e, explorant les endroits les plus impressionnants et color\u00e9s de Ha\u00effa, C\u00e9sar\u00e9e et Akko, avec leurs billets respectifs inclus et la possibilit\u00e9 de commencer la visite au terminal de croisi\u00e8re de Ha\u00effa.<\/p>\n<h4>Que vous offre la visite priv\u00e9e \u00e0 Ha\u00effa, C\u00e9sar\u00e9e et Akko au d\u00e9part de Tel Aviv?<\/h4>\n<p>Vous apprendrez \u00e0 conna\u00eetre les sites les plus pertinents des villes de Ha\u00effa, en visitant les spectaculaires jardins Baha\u00ef. Aussi C\u00e9sar\u00e9e, ville du roi H\u00e9rode et ses ruines antiques; aussi et \u00e0 l&#8217;arri\u00e8re, l&#8217;ancienne ville d&#8217;Akko, consid\u00e9r\u00e9e comme la plus grande ville d&#8217;Isra\u00ebl, avec des r\u00e9f\u00e9rences \u00e0 un m\u00e9lange architectural de la troisi\u00e8me croisade, les Ottomans, entre autres.<\/p>\n<p>En plus de la prise en charge et du retour en voiture de luxe \u00e0 l&#8217;h\u00f4tel o\u00f9 vous s\u00e9journez, le transfert est garanti pendant l&#8217;excursion, avec le confort de la climatisation et le chauffeur \/ guide priv\u00e9, sp\u00e9cialis\u00e9 dans l&#8217;histoire du lieu. Bien entendu, toutes les mesures de s\u00e9curit\u00e9 seront prises pour emp\u00eacher Covid 19; y compris la limitation des visiteurs, pour \u00e9viter les foules.<\/p>\n<h2>Sites d&#8217;int\u00e9r\u00eat et points de rep\u00e8re<\/h2>\n<h4>\u00c0 quoi s&#8217;attendre \u00e0 Ha\u00effa?<\/h4>\n<p>Vous pourrez conna\u00eetre les jardins suspendus exub\u00e9rants et merveilleux de Ha\u00effa ou les terrasses Bahai dans le sanctuaire du Bab, qui ont \u00e9t\u00e9 d\u00e9clar\u00e9s site du patrimoine mondial par l&#8217;UNESCO. Vous appr\u00e9cierez de vous promener dans ces jardins, structur\u00e9s en terrasses et pleins de diff\u00e9rentes couleurs de fleurs, en plus de la vue bleue sur la mer M\u00e9diterran\u00e9e qui se trouve juste en face.<\/p>\n<h4>\u00c0 quoi s&#8217;attendre \u00e0 C\u00e9sar\u00e9e?<\/h4>\n<p>La ville portuaire de C\u00e9sar\u00e9e, a \u00e9t\u00e9 construite sous le r\u00e8gne du roi H\u00e9rode et son nom est d\u00e9riv\u00e9 de l&#8217;empereur C\u00e9sar Auguste. Vous pourrez savoir ce qui reste de cette ville antique, qui \u00e9tait le centre o\u00f9 tout ce qui avait trait \u00e0 l&#8217;Empire \u00e9tait administr\u00e9. Vous verrez le port, l&#8217;amphith\u00e9\u00e2tre tr\u00e8s bien conserv\u00e9, les murs o\u00f9 vous pourrez vous promener et toutes les structures arch\u00e9ologiques et la grandeur de son temps.<\/p>\n<h4>\u00c0 quoi s&#8217;attendre chez Akko?<\/h4>\n<p>L&#8217;ancienne ville d&#8217;Akko est bien conserv\u00e9e, vous vous \u00e9merveillerez de l&#8217;impressionnante architecture fortifi\u00e9e. \u00c9coutez des histoires fascinantes sur le d\u00e9c\u00e8s des Romains, des Crois\u00e9s, des Ottomans et m\u00eame de Napol\u00e9on Bonaparte. Chacun d&#8217;eux laisse son empreinte et donne naissance \u00e0 un beau m\u00e9lange d&#8217;architecture. Consid\u00e9r\u00e9 comme un site du patrimoine mondial par l&#8217;UNESCO.<\/p>\n<p>Dans le cas des Crois\u00e9s, vous pouvez voir les immenses Salles des Chevaliers, le c\u00e9l\u00e8bre tunnel des Templiers, entre autres. De l&#8217;architecture ottomane, il y a l&#8217;auberge Khan al-Umdan pour le s\u00e9jour des marchands ou la prison o\u00f9 de nombreux juifs \u00e9taient prisonniers, pour d\u00e9fendre la libert\u00e9. Actuellement, nous trouvons dans la vieille ville, des march\u00e9s et des restaurants o\u00f9 vous pourrez passer un moment de calme face \u00e0 la mer.<\/p>\n<p>&nbsp;<\/p>\n<p>&nbsp;<\/p>\n","protected":false},"excerpt":{"rendered":"<p>L&#8217;excursion priv\u00e9e \u00e0 Ha\u00effa, C\u00e9sar\u00e9e et Akko vous permet de profiter de paysages magnifiques et color\u00e9s au large de la mer M\u00e9diterran\u00e9e. Une visite agr\u00e9able et tranquille en compagnie d&#8217;un chauffeur \/ guide sp\u00e9cialis\u00e9. Vous pouvez conna\u00eetre les traces que diff\u00e9rentes civilisations ont laiss\u00e9es dans l&#8217;histoire.<\/p>\n","protected":false},"featured_media":106236,"comment_status":"open","ping_status":"closed","template":"","meta":{"_acf_changed":false},"product_brand":[],"product_cat":[3862,3867,3891,3887],"product_tag":[],"class_list":{"0":"post-106135","1":"product","2":"type-product","3":"status-publish","4":"has-post-thumbnail","6":"product_cat-israel-fr","7":"product_cat-telaviv-fr-fr","8":"product_cat-toutes-les-visites-et-activites-privees-fr","9":"product_cat-visites-dune-journee-complete-fr-fr","11":"first","12":"instock","13":"shipping-taxable","14":"purchasable","15":"product-type-simple"},"acf":[],"yoast_head":"<!-- This site is optimized with the Yoast SEO Premium plugin v25.3.1 (Yoast SEO v25.3.1) - https:\/\/yoast.com\/wordpress\/plugins\/seo\/ -->\n<title>Visite priv\u00e9e de Ha\u00effa, C\u00e9sar\u00e9e et Akko au d\u00e9part de Tel Aviv<\/title>\n<meta name=\"description\" content=\"\u2713 Excursion de luxe priv\u00e9e de 8 heures pour conna\u00eetre les lieux les plus embl\u00e9matiques de la c\u00f4te nord d&#039;Isra\u00ebl, profiter de sa beaut\u00e9 et de sa couleur \u2713\" \/>\n<meta name=\"robots\" content=\"index, follow, max-snippet:-1, max-image-preview:large, max-video-preview:-1\" \/>\n<link rel=\"canonical\" href=\"https:\/\/tourtravelandmore.com\/fr\/tours\/israel-fr\/telaviv-fr-fr\/visites-dune-journee-complete-fr-fr\/visite-privee-de-haifa-cesaree-et-akko-au-depart-de-tel-aviv\/\" \/>\n<meta property=\"og:locale\" content=\"fr_FR\" \/>\n<meta property=\"og:type\" content=\"article\" \/>\n<meta property=\"og:title\" content=\"Visite priv\u00e9e de Ha\u00effa, C\u00e9sar\u00e9e et Akko au d\u00e9part de Tel Aviv\" \/>\n<meta property=\"og:description\" content=\"\u2713 Excursion de luxe priv\u00e9e de 8 heures pour conna\u00eetre les lieux les plus embl\u00e9matiques de la c\u00f4te nord d&#039;Isra\u00ebl, profiter de sa beaut\u00e9 et de sa couleur \u2713\" \/>\n<meta property=\"og:url\" content=\"https:\/\/tourtravelandmore.com\/fr\/tours\/israel-fr\/telaviv-fr-fr\/visites-dune-journee-complete-fr-fr\/visite-privee-de-haifa-cesaree-et-akko-au-depart-de-tel-aviv\/\" \/>\n<meta property=\"og:site_name\" content=\"Tour Travel And More\" \/>\n<meta property=\"article:publisher\" content=\"https:\/\/www.facebook.com\/tourtravelandmore\/\" \/>\n<meta property=\"article:modified_time\" content=\"2021-04-21T10:41:24+00:00\" \/>\n<meta property=\"og:image\" content=\"https:\/\/tourtravelandmore.com\/wp-content\/uploads\/2021\/04\/Haifa-2-scaled.jpg\" \/>\n\t<meta property=\"og:image:width\" content=\"1760\" \/>\n\t<meta property=\"og:image:height\" content=\"2560\" \/>\n\t<meta property=\"og:image:type\" content=\"image\/jpeg\" \/>\n<meta name=\"twitter:card\" content=\"summary_large_image\" \/>\n<meta name=\"twitter:site\" content=\"@TourTravel_More\" \/>\n<meta name=\"twitter:label1\" content=\"Dur\u00e9e de lecture estim\u00e9e\" \/>\n\t<meta name=\"twitter:data1\" content=\"3 minutes\" \/>\n<script type=\"application\/ld+json\" class=\"yoast-schema-graph\">{\"@context\":\"https:\/\/schema.org\",\"@graph\":[{\"@type\":\"WebPage\",\"@id\":\"https:\/\/tourtravelandmore.com\/fr\/tours\/israel-fr\/telaviv-fr-fr\/visites-dune-journee-complete-fr-fr\/visite-privee-de-haifa-cesaree-et-akko-au-depart-de-tel-aviv\/\",\"url\":\"https:\/\/tourtravelandmore.com\/fr\/tours\/israel-fr\/telaviv-fr-fr\/visites-dune-journee-complete-fr-fr\/visite-privee-de-haifa-cesaree-et-akko-au-depart-de-tel-aviv\/\",\"name\":\"Visite priv\u00e9e de Ha\u00effa, C\u00e9sar\u00e9e et Akko au d\u00e9part de Tel Aviv\",\"isPartOf\":{\"@id\":\"https:\/\/tourtravelandmore.com\/fr\/#website\"},\"primaryImageOfPage\":{\"@id\":\"https:\/\/tourtravelandmore.com\/fr\/tours\/israel-fr\/telaviv-fr-fr\/visites-dune-journee-complete-fr-fr\/visite-privee-de-haifa-cesaree-et-akko-au-depart-de-tel-aviv\/#primaryimage\"},\"image\":{\"@id\":\"https:\/\/tourtravelandmore.com\/fr\/tours\/israel-fr\/telaviv-fr-fr\/visites-dune-journee-complete-fr-fr\/visite-privee-de-haifa-cesaree-et-akko-au-depart-de-tel-aviv\/#primaryimage\"},\"thumbnailUrl\":\"https:\/\/tourtravelandmore.com\/wp-content\/uploads\/2021\/04\/Haifa-2-scaled.jpg\",\"datePublished\":\"2021-04-21T10:35:12+00:00\",\"dateModified\":\"2021-04-21T10:41:24+00:00\",\"description\":\"\u2713 Excursion de luxe priv\u00e9e de 8 heures pour conna\u00eetre les lieux les plus embl\u00e9matiques de la c\u00f4te nord d'Isra\u00ebl, profiter de sa beaut\u00e9 et de sa couleur \u2713\",\"breadcrumb\":{\"@id\":\"https:\/\/tourtravelandmore.com\/fr\/tours\/israel-fr\/telaviv-fr-fr\/visites-dune-journee-complete-fr-fr\/visite-privee-de-haifa-cesaree-et-akko-au-depart-de-tel-aviv\/#breadcrumb\"},\"inLanguage\":\"fr-FR\",\"potentialAction\":[{\"@type\":\"ReadAction\",\"target\":[\"https:\/\/tourtravelandmore.com\/fr\/tours\/israel-fr\/telaviv-fr-fr\/visites-dune-journee-complete-fr-fr\/visite-privee-de-haifa-cesaree-et-akko-au-depart-de-tel-aviv\/\"]}]},{\"@type\":\"ImageObject\",\"inLanguage\":\"fr-FR\",\"@id\":\"https:\/\/tourtravelandmore.com\/fr\/tours\/israel-fr\/telaviv-fr-fr\/visites-dune-journee-complete-fr-fr\/visite-privee-de-haifa-cesaree-et-akko-au-depart-de-tel-aviv\/#primaryimage\",\"url\":\"https:\/\/tourtravelandmore.com\/wp-content\/uploads\/2021\/04\/Haifa-2-scaled.jpg\",\"contentUrl\":\"https:\/\/tourtravelandmore.com\/wp-content\/uploads\/2021\/04\/Haifa-2-scaled.jpg\",\"width\":1760,\"height\":2560},{\"@type\":\"BreadcrumbList\",\"@id\":\"https:\/\/tourtravelandmore.com\/fr\/tours\/israel-fr\/telaviv-fr-fr\/visites-dune-journee-complete-fr-fr\/visite-privee-de-haifa-cesaree-et-akko-au-depart-de-tel-aviv\/#breadcrumb\",\"itemListElement\":[{\"@type\":\"ListItem\",\"position\":1,\"name\":\"Home\",\"item\":\"https:\/\/tourtravelandmore.com\/fr\/\"},{\"@type\":\"ListItem\",\"position\":2,\"name\":\"Tours\",\"item\":\"https:\/\/tourtravelandmore.com\/fr\/tours\/\"},{\"@type\":\"ListItem\",\"position\":3,\"name\":\"Visite priv\u00e9e de Ha\u00effa, C\u00e9sar\u00e9e et Akko au d\u00e9part de Tel Aviv\"}]},{\"@type\":\"WebSite\",\"@id\":\"https:\/\/tourtravelandmore.com\/fr\/#website\",\"url\":\"https:\/\/tourtravelandmore.com\/fr\/\",\"name\":\"Tour Travel And More\",\"description\":\"Private sightseeing tours and luxury transfers in Spain\",\"publisher\":{\"@id\":\"https:\/\/tourtravelandmore.com\/fr\/#organization\"},\"potentialAction\":[{\"@type\":\"SearchAction\",\"target\":{\"@type\":\"EntryPoint\",\"urlTemplate\":\"https:\/\/tourtravelandmore.com\/fr\/?s={search_term_string}\"},\"query-input\":{\"@type\":\"PropertyValueSpecification\",\"valueRequired\":true,\"valueName\":\"search_term_string\"}}],\"inLanguage\":\"fr-FR\"},{\"@type\":\"Organization\",\"@id\":\"https:\/\/tourtravelandmore.com\/fr\/#organization\",\"name\":\"Tour Travel And More\",\"url\":\"https:\/\/tourtravelandmore.com\/fr\/\",\"logo\":{\"@type\":\"ImageObject\",\"inLanguage\":\"fr-FR\",\"@id\":\"https:\/\/tourtravelandmore.com\/fr\/#\/schema\/logo\/image\/\",\"url\":\"https:\/\/tourtravelandmore.com\/wp-content\/uploads\/2022\/12\/cropped-logo-cabecera-new.png\",\"contentUrl\":\"https:\/\/tourtravelandmore.com\/wp-content\/uploads\/2022\/12\/cropped-logo-cabecera-new.png\",\"width\":430,\"height\":61,\"caption\":\"Tour Travel And More\"},\"image\":{\"@id\":\"https:\/\/tourtravelandmore.com\/fr\/#\/schema\/logo\/image\/\"},\"sameAs\":[\"https:\/\/www.facebook.com\/tourtravelandmore\/\",\"https:\/\/x.com\/TourTravel_More\"]}]}<\/script>\n<!-- \/ Yoast SEO Premium plugin. -->","yoast_head_json":{"title":"Visite priv\u00e9e de Ha\u00effa, C\u00e9sar\u00e9e et Akko au d\u00e9part de Tel Aviv","description":"\u2713 Excursion de luxe priv\u00e9e de 8 heures pour conna\u00eetre les lieux les plus embl\u00e9matiques de la c\u00f4te nord d'Isra\u00ebl, profiter de sa beaut\u00e9 et de sa couleur \u2713","robots":{"index":"index","follow":"follow","max-snippet":"max-snippet:-1","max-image-preview":"max-image-preview:large","max-video-preview":"max-video-preview:-1"},"canonical":"https:\/\/tourtravelandmore.com\/fr\/tours\/israel-fr\/telaviv-fr-fr\/visites-dune-journee-complete-fr-fr\/visite-privee-de-haifa-cesaree-et-akko-au-depart-de-tel-aviv\/","og_locale":"fr_FR","og_type":"article","og_title":"Visite priv\u00e9e de Ha\u00effa, C\u00e9sar\u00e9e et Akko au d\u00e9part de Tel Aviv","og_description":"\u2713 Excursion de luxe priv\u00e9e de 8 heures pour conna\u00eetre les lieux les plus embl\u00e9matiques de la c\u00f4te nord d'Isra\u00ebl, profiter de sa beaut\u00e9 et de sa couleur \u2713","og_url":"https:\/\/tourtravelandmore.com\/fr\/tours\/israel-fr\/telaviv-fr-fr\/visites-dune-journee-complete-fr-fr\/visite-privee-de-haifa-cesaree-et-akko-au-depart-de-tel-aviv\/","og_site_name":"Tour Travel And More","article_publisher":"https:\/\/www.facebook.com\/tourtravelandmore\/","article_modified_time":"2021-04-21T10:41:24+00:00","og_image":[{"width":1760,"height":2560,"url":"https:\/\/tourtravelandmore.com\/wp-content\/uploads\/2021\/04\/Haifa-2-scaled.jpg","type":"image\/jpeg"}],"twitter_card":"summary_large_image","twitter_site":"@TourTravel_More","twitter_misc":{"Dur\u00e9e de lecture estim\u00e9e":"3 minutes"},"schema":{"@context":"https:\/\/schema.org","@graph":[{"@type":"WebPage","@id":"https:\/\/tourtravelandmore.com\/fr\/tours\/israel-fr\/telaviv-fr-fr\/visites-dune-journee-complete-fr-fr\/visite-privee-de-haifa-cesaree-et-akko-au-depart-de-tel-aviv\/","url":"https:\/\/tourtravelandmore.com\/fr\/tours\/israel-fr\/telaviv-fr-fr\/visites-dune-journee-complete-fr-fr\/visite-privee-de-haifa-cesaree-et-akko-au-depart-de-tel-aviv\/","name":"Visite priv\u00e9e de Ha\u00effa, C\u00e9sar\u00e9e et Akko au d\u00e9part de Tel Aviv","isPartOf":{"@id":"https:\/\/tourtravelandmore.com\/fr\/#website"},"primaryImageOfPage":{"@id":"https:\/\/tourtravelandmore.com\/fr\/tours\/israel-fr\/telaviv-fr-fr\/visites-dune-journee-complete-fr-fr\/visite-privee-de-haifa-cesaree-et-akko-au-depart-de-tel-aviv\/#primaryimage"},"image":{"@id":"https:\/\/tourtravelandmore.com\/fr\/tours\/israel-fr\/telaviv-fr-fr\/visites-dune-journee-complete-fr-fr\/visite-privee-de-haifa-cesaree-et-akko-au-depart-de-tel-aviv\/#primaryimage"},"thumbnailUrl":"https:\/\/tourtravelandmore.com\/wp-content\/uploads\/2021\/04\/Haifa-2-scaled.jpg","datePublished":"2021-04-21T10:35:12+00:00","dateModified":"2021-04-21T10:41:24+00:00","description":"\u2713 Excursion de luxe priv\u00e9e de 8 heures pour conna\u00eetre les lieux les plus embl\u00e9matiques de la c\u00f4te nord d'Isra\u00ebl, profiter de sa beaut\u00e9 et de sa couleur \u2713","breadcrumb":{"@id":"https:\/\/tourtravelandmore.com\/fr\/tours\/israel-fr\/telaviv-fr-fr\/visites-dune-journee-complete-fr-fr\/visite-privee-de-haifa-cesaree-et-akko-au-depart-de-tel-aviv\/#breadcrumb"},"inLanguage":"fr-FR","potentialAction":[{"@type":"ReadAction","target":["https:\/\/tourtravelandmore.com\/fr\/tours\/israel-fr\/telaviv-fr-fr\/visites-dune-journee-complete-fr-fr\/visite-privee-de-haifa-cesaree-et-akko-au-depart-de-tel-aviv\/"]}]},{"@type":"ImageObject","inLanguage":"fr-FR","@id":"https:\/\/tourtravelandmore.com\/fr\/tours\/israel-fr\/telaviv-fr-fr\/visites-dune-journee-complete-fr-fr\/visite-privee-de-haifa-cesaree-et-akko-au-depart-de-tel-aviv\/#primaryimage","url":"https:\/\/tourtravelandmore.com\/wp-content\/uploads\/2021\/04\/Haifa-2-scaled.jpg","contentUrl":"https:\/\/tourtravelandmore.com\/wp-content\/uploads\/2021\/04\/Haifa-2-scaled.jpg","width":1760,"height":2560},{"@type":"BreadcrumbList","@id":"https:\/\/tourtravelandmore.com\/fr\/tours\/israel-fr\/telaviv-fr-fr\/visites-dune-journee-complete-fr-fr\/visite-privee-de-haifa-cesaree-et-akko-au-depart-de-tel-aviv\/#breadcrumb","itemListElement":[{"@type":"ListItem","position":1,"name":"Home","item":"https:\/\/tourtravelandmore.com\/fr\/"},{"@type":"ListItem","position":2,"name":"Tours","item":"https:\/\/tourtravelandmore.com\/fr\/tours\/"},{"@type":"ListItem","position":3,"name":"Visite priv\u00e9e de Ha\u00effa, C\u00e9sar\u00e9e et Akko au d\u00e9part de Tel Aviv"}]},{"@type":"WebSite","@id":"https:\/\/tourtravelandmore.com\/fr\/#website","url":"https:\/\/tourtravelandmore.com\/fr\/","name":"Tour Travel And More","description":"Private sightseeing tours and luxury transfers in Spain","publisher":{"@id":"https:\/\/tourtravelandmore.com\/fr\/#organization"},"potentialAction":[{"@type":"SearchAction","target":{"@type":"EntryPoint","urlTemplate":"https:\/\/tourtravelandmore.com\/fr\/?s={search_term_string}"},"query-input":{"@type":"PropertyValueSpecification","valueRequired":true,"valueName":"search_term_string"}}],"inLanguage":"fr-FR"},{"@type":"Organization","@id":"https:\/\/tourtravelandmore.com\/fr\/#organization","name":"Tour Travel And More","url":"https:\/\/tourtravelandmore.com\/fr\/","logo":{"@type":"ImageObject","inLanguage":"fr-FR","@id":"https:\/\/tourtravelandmore.com\/fr\/#\/schema\/logo\/image\/","url":"https:\/\/tourtravelandmore.com\/wp-content\/uploads\/2022\/12\/cropped-logo-cabecera-new.png","contentUrl":"https:\/\/tourtravelandmore.com\/wp-content\/uploads\/2022\/12\/cropped-logo-cabecera-new.png","width":430,"height":61,"caption":"Tour Travel And More"},"image":{"@id":"https:\/\/tourtravelandmore.com\/fr\/#\/schema\/logo\/image\/"},"sameAs":["https:\/\/www.facebook.com\/tourtravelandmore\/","https:\/\/x.com\/TourTravel_More"]}]}},"_links":{"self":[{"href":"https:\/\/tourtravelandmore.com\/fr\/wp-json\/wp\/v2\/product\/106135","targetHints":{"allow":["GET"]}}],"collection":[{"href":"https:\/\/tourtravelandmore.com\/fr\/wp-json\/wp\/v2\/product"}],"about":[{"href":"https:\/\/tourtravelandmore.com\/fr\/wp-json\/wp\/v2\/types\/product"}],"replies":[{"embeddable":true,"href":"https:\/\/tourtravelandmore.com\/fr\/wp-json\/wp\/v2\/comments?post=106135"}],"wp:featuredmedia":[{"embeddable":true,"href":"https:\/\/tourtravelandmore.com\/fr\/wp-json\/wp\/v2\/media\/106236"}],"wp:attachment":[{"href":"https:\/\/tourtravelandmore.com\/fr\/wp-json\/wp\/v2\/media?parent=106135"}],"wp:term":[{"taxonomy":"product_brand","embeddable":true,"href":"https:\/\/tourtravelandmore.com\/fr\/wp-json\/wp\/v2\/product_brand?post=106135"},{"taxonomy":"product_cat","embeddable":true,"href":"https:\/\/tourtravelandmore.com\/fr\/wp-json\/wp\/v2\/product_cat?post=106135"},{"taxonomy":"product_tag","embeddable":true,"href":"https:\/\/tourtravelandmore.com\/fr\/wp-json\/wp\/v2\/product_tag?post=106135"}],"curies":[{"name":"wp","href":"https:\/\/api.w.org\/{rel}","templated":true}]}}