{"id":106105,"date":"2021-04-21T12:02:45","date_gmt":"2021-04-21T10:02:57","guid":{"rendered":"https:\/\/tourtravelandmore.com\/?post_type=product&#038;p=106105"},"modified":"2021-04-21T12:11:57","modified_gmt":"2021-04-21T10:11:57","slug":"visite-privee-des-hauteurs-du-golan-et-des-vignobles-au-depart-de-tel-aviv","status":"publish","type":"product","link":"https:\/\/tourtravelandmore.com\/fr\/tours\/israel-fr\/telaviv-fr-fr\/visites-dune-journee-complete-fr-fr\/visite-privee-des-hauteurs-du-golan-et-des-vignobles-au-depart-de-tel-aviv\/","title":{"rendered":"Visite priv\u00e9e des hauteurs du Golan et des vignobles au d\u00e9part de Tel Aviv"},"content":{"rendered":"<h2>Description<\/h2>\n<p>Tr\u00e8s peu de r\u00e9gions du monde sont aussi belles que le nord d&#8217;Isra\u00ebl et les hauteurs du Golan; Beaucoup de gens ne connaissent cette r\u00e9gion de la plan\u00e8te que pour ses incroyables photographies, mais vous pouvez en profiter pour louer une excursion priv\u00e9e sur les hauteurs du Golan et les vignobles de Tel Aviv et profiter pendant 8 heures, des parcs naturels, des sites historiques et bien d&#8217;autres choses.<\/p>\n<h4>Que voir lors de la visite priv\u00e9e des hauteurs du Golan et des vignobles de Tel Aviv?<\/h4>\n<p>Avec notre chauffeur \/ guide officiel, vous pouvez vous diriger vers la vall\u00e9e de Jezreel et le c\u00e9l\u00e8bre mont de la Transfiguration, ou le mont Tabor. Vous pouvez \u00e9galement traverser les incroyables montagnes de la Galil\u00e9e et faire une visite baln\u00e9aire de cette r\u00e9gion. Vous pouvez m\u00eame vous rendre dans la r\u00e9serve nationale de Hula, et si vous souhaitez aller plus loin au nord d&#8217;Isra\u00ebl, vous pouvez passer par la ville de Kyriat Shmona.<\/p>\n<p>\u00c0 votre tour, vous pouvez profiter des 8 heures que dure l&#8217;excursion pour acc\u00e9der aux caves et vignobles du nord d&#8217;Isra\u00ebl. D\u00e9couvrez l&#8217;histoire du vin local, ainsi que le climat id\u00e9al qui doit se produire pour que la culture du raisin se produise. Une entr\u00e9e incluse dans certains vignobles est disponible et vous pouvez m\u00eame profiter de d\u00e9licieuses d\u00e9gustations de vin.<\/p>\n<h2>Sites d&#8217;int\u00e9r\u00eat et points de rep\u00e8re<\/h2>\n<h4>O\u00f9 commence la visite priv\u00e9e des hauteurs du Golan et des vignobles de Tel Aviv?<\/h4>\n<p>Le point de d\u00e9part de toute cette excursion priv\u00e9e commencera \u00e0 partir du moment o\u00f9 vous serez pris en charge dans n&#8217;importe quel h\u00f4tel de Tel Aviv. Et si vous le souhaitez, notre chauffeur peut venir vous chercher au terminal de croisi\u00e8re de Ha\u00effa; De cette fa\u00e7on, apr\u00e8s votre arriv\u00e9e \u00e0 l&#8217;h\u00f4tel et le moment de partir, vous pourrez profiter de la merveilleuse visite qui vous attend.<\/p>\n<h4>\u00c0 quoi s&#8217;attendre pendant le voyage<\/h4>\n<p>Puisqu&#8217;il s&#8217;agit d&#8217;une visite priv\u00e9e personnalis\u00e9e, vous pouvez demander \u00e0 l&#8217;avance au chauffeur \/ guide officiel que vous souhaitez apporter des modifications; par exemple, au cas o\u00f9 vous voudriez visiter une ou plusieurs caves \u00e0 vin, ou visiter certains fabricants de chocolat, entre autres. De plus, vous apprendrez comment la culture du raisin remonte \u00e0 plusieurs si\u00e8cles, vous pourrez ainsi d\u00e9couvrir les gens et l&#8217;histoire derri\u00e8re ces vignobles de raisins.<\/p>\n<p>D&#8217;autre part, pendant le voyage, vous pourrez vous arr\u00eater et voir le lac volcanique Ram, \u00e0 partir duquel vous pourrez voir les plus belles perspectives du mont Hermon. Ensuite, sur le mont Bental, il y a des installations militaires, et vous pouvez voir le Golan syrien de loin, et enfin, vous pouvez visiter la synagogue Umm El Kantir, qui est une synagogue talmudique qui est pr\u00e9serv\u00e9e malgr\u00e9 le temps.<\/p>\n<p>Jetez un \u0153il \u00e0 nos autres circuits et destinations priv\u00e9s ici!<\/p>\n<p>&nbsp;<\/p>\n","protected":false},"excerpt":{"rendered":"<p>Si vous souhaitez en savoir plus sur les hauteurs du Golan et les vignobles qui s&#8217;y trouvent, profitez-en pour le faire dans nos voitures de luxe climatis\u00e9es. Profitez de cette belle opportunit\u00e9.<\/p>\n","protected":false},"featured_media":106058,"comment_status":"open","ping_status":"closed","template":"","meta":{"_acf_changed":false},"product_brand":[],"product_cat":[3862,3867,3891,3887],"product_tag":[],"class_list":{"0":"post-106105","1":"product","2":"type-product","3":"status-publish","4":"has-post-thumbnail","6":"product_cat-israel-fr","7":"product_cat-telaviv-fr-fr","8":"product_cat-toutes-les-visites-et-activites-privees-fr","9":"product_cat-visites-dune-journee-complete-fr-fr","11":"first","12":"instock","13":"shipping-taxable","14":"purchasable","15":"product-type-simple"},"acf":[],"yoast_head":"<!-- This site is optimized with the Yoast SEO Premium plugin v25.3.1 (Yoast SEO v25.3.1) - https:\/\/yoast.com\/wordpress\/plugins\/seo\/ -->\n<title>Visite priv\u00e9e des hauteurs du Golan et des vignobles au d\u00e9part de Tel Aviv<\/title>\n<meta name=\"description\" content=\"Visitez l&#039;un des plus beaux endroits de la plan\u00e8te et apprenez quelques faits historiques, voiture priv\u00e9e vers les hauteurs du Golan et les vignobles.\" \/>\n<meta name=\"robots\" content=\"index, follow, max-snippet:-1, max-image-preview:large, max-video-preview:-1\" \/>\n<link rel=\"canonical\" href=\"https:\/\/tourtravelandmore.com\/fr\/tours\/israel-fr\/telaviv-fr-fr\/visites-dune-journee-complete-fr-fr\/visite-privee-des-hauteurs-du-golan-et-des-vignobles-au-depart-de-tel-aviv\/\" \/>\n<meta property=\"og:locale\" content=\"fr_FR\" \/>\n<meta property=\"og:type\" content=\"article\" \/>\n<meta property=\"og:title\" content=\"Visite priv\u00e9e des hauteurs du Golan et des vignobles au d\u00e9part de Tel Aviv\" \/>\n<meta property=\"og:description\" content=\"Visitez l&#039;un des plus beaux endroits de la plan\u00e8te et apprenez quelques faits historiques, voiture priv\u00e9e vers les hauteurs du Golan et les vignobles.\" \/>\n<meta property=\"og:url\" content=\"https:\/\/tourtravelandmore.com\/fr\/tours\/israel-fr\/telaviv-fr-fr\/visites-dune-journee-complete-fr-fr\/visite-privee-des-hauteurs-du-golan-et-des-vignobles-au-depart-de-tel-aviv\/\" \/>\n<meta property=\"og:site_name\" content=\"Tour Travel And More\" \/>\n<meta property=\"article:publisher\" content=\"https:\/\/www.facebook.com\/tourtravelandmore\/\" \/>\n<meta property=\"article:modified_time\" content=\"2021-04-21T10:11:57+00:00\" \/>\n<meta property=\"og:image\" content=\"https:\/\/tourtravelandmore.com\/wp-content\/uploads\/2021\/04\/Israel-2-scaled.jpg\" \/>\n\t<meta property=\"og:image:width\" content=\"1707\" \/>\n\t<meta property=\"og:image:height\" content=\"2560\" \/>\n\t<meta property=\"og:image:type\" content=\"image\/jpeg\" \/>\n<meta name=\"twitter:card\" content=\"summary_large_image\" \/>\n<meta name=\"twitter:site\" content=\"@TourTravel_More\" \/>\n<meta name=\"twitter:label1\" content=\"Dur\u00e9e de lecture estim\u00e9e\" \/>\n\t<meta name=\"twitter:data1\" content=\"3 minutes\" \/>\n<script type=\"application\/ld+json\" class=\"yoast-schema-graph\">{\"@context\":\"https:\/\/schema.org\",\"@graph\":[{\"@type\":\"WebPage\",\"@id\":\"https:\/\/tourtravelandmore.com\/fr\/tours\/israel-fr\/telaviv-fr-fr\/visites-dune-journee-complete-fr-fr\/visite-privee-des-hauteurs-du-golan-et-des-vignobles-au-depart-de-tel-aviv\/\",\"url\":\"https:\/\/tourtravelandmore.com\/fr\/tours\/israel-fr\/telaviv-fr-fr\/visites-dune-journee-complete-fr-fr\/visite-privee-des-hauteurs-du-golan-et-des-vignobles-au-depart-de-tel-aviv\/\",\"name\":\"Visite priv\u00e9e des hauteurs du Golan et des vignobles au d\u00e9part de Tel Aviv\",\"isPartOf\":{\"@id\":\"https:\/\/tourtravelandmore.com\/fr\/#website\"},\"primaryImageOfPage\":{\"@id\":\"https:\/\/tourtravelandmore.com\/fr\/tours\/israel-fr\/telaviv-fr-fr\/visites-dune-journee-complete-fr-fr\/visite-privee-des-hauteurs-du-golan-et-des-vignobles-au-depart-de-tel-aviv\/#primaryimage\"},\"image\":{\"@id\":\"https:\/\/tourtravelandmore.com\/fr\/tours\/israel-fr\/telaviv-fr-fr\/visites-dune-journee-complete-fr-fr\/visite-privee-des-hauteurs-du-golan-et-des-vignobles-au-depart-de-tel-aviv\/#primaryimage\"},\"thumbnailUrl\":\"https:\/\/tourtravelandmore.com\/wp-content\/uploads\/2021\/04\/Israel-2-scaled.jpg\",\"datePublished\":\"2021-04-21T10:02:57+00:00\",\"dateModified\":\"2021-04-21T10:11:57+00:00\",\"description\":\"Visitez l'un des plus beaux endroits de la plan\u00e8te et apprenez quelques faits historiques, voiture priv\u00e9e vers les hauteurs du Golan et les vignobles.\",\"breadcrumb\":{\"@id\":\"https:\/\/tourtravelandmore.com\/fr\/tours\/israel-fr\/telaviv-fr-fr\/visites-dune-journee-complete-fr-fr\/visite-privee-des-hauteurs-du-golan-et-des-vignobles-au-depart-de-tel-aviv\/#breadcrumb\"},\"inLanguage\":\"fr-FR\",\"potentialAction\":[{\"@type\":\"ReadAction\",\"target\":[\"https:\/\/tourtravelandmore.com\/fr\/tours\/israel-fr\/telaviv-fr-fr\/visites-dune-journee-complete-fr-fr\/visite-privee-des-hauteurs-du-golan-et-des-vignobles-au-depart-de-tel-aviv\/\"]}]},{\"@type\":\"ImageObject\",\"inLanguage\":\"fr-FR\",\"@id\":\"https:\/\/tourtravelandmore.com\/fr\/tours\/israel-fr\/telaviv-fr-fr\/visites-dune-journee-complete-fr-fr\/visite-privee-des-hauteurs-du-golan-et-des-vignobles-au-depart-de-tel-aviv\/#primaryimage\",\"url\":\"https:\/\/tourtravelandmore.com\/wp-content\/uploads\/2021\/04\/Israel-2-scaled.jpg\",\"contentUrl\":\"https:\/\/tourtravelandmore.com\/wp-content\/uploads\/2021\/04\/Israel-2-scaled.jpg\",\"width\":1707,\"height\":2560},{\"@type\":\"BreadcrumbList\",\"@id\":\"https:\/\/tourtravelandmore.com\/fr\/tours\/israel-fr\/telaviv-fr-fr\/visites-dune-journee-complete-fr-fr\/visite-privee-des-hauteurs-du-golan-et-des-vignobles-au-depart-de-tel-aviv\/#breadcrumb\",\"itemListElement\":[{\"@type\":\"ListItem\",\"position\":1,\"name\":\"Home\",\"item\":\"https:\/\/tourtravelandmore.com\/fr\/\"},{\"@type\":\"ListItem\",\"position\":2,\"name\":\"Tours\",\"item\":\"https:\/\/tourtravelandmore.com\/fr\/tours\/\"},{\"@type\":\"ListItem\",\"position\":3,\"name\":\"Visite priv\u00e9e des hauteurs du Golan et des vignobles au d\u00e9part de Tel Aviv\"}]},{\"@type\":\"WebSite\",\"@id\":\"https:\/\/tourtravelandmore.com\/fr\/#website\",\"url\":\"https:\/\/tourtravelandmore.com\/fr\/\",\"name\":\"Tour Travel And More\",\"description\":\"Private sightseeing tours and luxury transfers in Spain\",\"publisher\":{\"@id\":\"https:\/\/tourtravelandmore.com\/fr\/#organization\"},\"potentialAction\":[{\"@type\":\"SearchAction\",\"target\":{\"@type\":\"EntryPoint\",\"urlTemplate\":\"https:\/\/tourtravelandmore.com\/fr\/?s={search_term_string}\"},\"query-input\":{\"@type\":\"PropertyValueSpecification\",\"valueRequired\":true,\"valueName\":\"search_term_string\"}}],\"inLanguage\":\"fr-FR\"},{\"@type\":\"Organization\",\"@id\":\"https:\/\/tourtravelandmore.com\/fr\/#organization\",\"name\":\"Tour Travel And More\",\"url\":\"https:\/\/tourtravelandmore.com\/fr\/\",\"logo\":{\"@type\":\"ImageObject\",\"inLanguage\":\"fr-FR\",\"@id\":\"https:\/\/tourtravelandmore.com\/fr\/#\/schema\/logo\/image\/\",\"url\":\"https:\/\/tourtravelandmore.com\/wp-content\/uploads\/2022\/12\/cropped-logo-cabecera-new.png\",\"contentUrl\":\"https:\/\/tourtravelandmore.com\/wp-content\/uploads\/2022\/12\/cropped-logo-cabecera-new.png\",\"width\":430,\"height\":61,\"caption\":\"Tour Travel And More\"},\"image\":{\"@id\":\"https:\/\/tourtravelandmore.com\/fr\/#\/schema\/logo\/image\/\"},\"sameAs\":[\"https:\/\/www.facebook.com\/tourtravelandmore\/\",\"https:\/\/x.com\/TourTravel_More\"]}]}<\/script>\n<!-- \/ Yoast SEO Premium plugin. -->","yoast_head_json":{"title":"Visite priv\u00e9e des hauteurs du Golan et des vignobles au d\u00e9part de Tel Aviv","description":"Visitez l'un des plus beaux endroits de la plan\u00e8te et apprenez quelques faits historiques, voiture priv\u00e9e vers les hauteurs du Golan et les vignobles.","robots":{"index":"index","follow":"follow","max-snippet":"max-snippet:-1","max-image-preview":"max-image-preview:large","max-video-preview":"max-video-preview:-1"},"canonical":"https:\/\/tourtravelandmore.com\/fr\/tours\/israel-fr\/telaviv-fr-fr\/visites-dune-journee-complete-fr-fr\/visite-privee-des-hauteurs-du-golan-et-des-vignobles-au-depart-de-tel-aviv\/","og_locale":"fr_FR","og_type":"article","og_title":"Visite priv\u00e9e des hauteurs du Golan et des vignobles au d\u00e9part de Tel Aviv","og_description":"Visitez l'un des plus beaux endroits de la plan\u00e8te et apprenez quelques faits historiques, voiture priv\u00e9e vers les hauteurs du Golan et les vignobles.","og_url":"https:\/\/tourtravelandmore.com\/fr\/tours\/israel-fr\/telaviv-fr-fr\/visites-dune-journee-complete-fr-fr\/visite-privee-des-hauteurs-du-golan-et-des-vignobles-au-depart-de-tel-aviv\/","og_site_name":"Tour Travel And More","article_publisher":"https:\/\/www.facebook.com\/tourtravelandmore\/","article_modified_time":"2021-04-21T10:11:57+00:00","og_image":[{"width":1707,"height":2560,"url":"https:\/\/tourtravelandmore.com\/wp-content\/uploads\/2021\/04\/Israel-2-scaled.jpg","type":"image\/jpeg"}],"twitter_card":"summary_large_image","twitter_site":"@TourTravel_More","twitter_misc":{"Dur\u00e9e de lecture estim\u00e9e":"3 minutes"},"schema":{"@context":"https:\/\/schema.org","@graph":[{"@type":"WebPage","@id":"https:\/\/tourtravelandmore.com\/fr\/tours\/israel-fr\/telaviv-fr-fr\/visites-dune-journee-complete-fr-fr\/visite-privee-des-hauteurs-du-golan-et-des-vignobles-au-depart-de-tel-aviv\/","url":"https:\/\/tourtravelandmore.com\/fr\/tours\/israel-fr\/telaviv-fr-fr\/visites-dune-journee-complete-fr-fr\/visite-privee-des-hauteurs-du-golan-et-des-vignobles-au-depart-de-tel-aviv\/","name":"Visite priv\u00e9e des hauteurs du Golan et des vignobles au d\u00e9part de Tel Aviv","isPartOf":{"@id":"https:\/\/tourtravelandmore.com\/fr\/#website"},"primaryImageOfPage":{"@id":"https:\/\/tourtravelandmore.com\/fr\/tours\/israel-fr\/telaviv-fr-fr\/visites-dune-journee-complete-fr-fr\/visite-privee-des-hauteurs-du-golan-et-des-vignobles-au-depart-de-tel-aviv\/#primaryimage"},"image":{"@id":"https:\/\/tourtravelandmore.com\/fr\/tours\/israel-fr\/telaviv-fr-fr\/visites-dune-journee-complete-fr-fr\/visite-privee-des-hauteurs-du-golan-et-des-vignobles-au-depart-de-tel-aviv\/#primaryimage"},"thumbnailUrl":"https:\/\/tourtravelandmore.com\/wp-content\/uploads\/2021\/04\/Israel-2-scaled.jpg","datePublished":"2021-04-21T10:02:57+00:00","dateModified":"2021-04-21T10:11:57+00:00","description":"Visitez l'un des plus beaux endroits de la plan\u00e8te et apprenez quelques faits historiques, voiture priv\u00e9e vers les hauteurs du Golan et les vignobles.","breadcrumb":{"@id":"https:\/\/tourtravelandmore.com\/fr\/tours\/israel-fr\/telaviv-fr-fr\/visites-dune-journee-complete-fr-fr\/visite-privee-des-hauteurs-du-golan-et-des-vignobles-au-depart-de-tel-aviv\/#breadcrumb"},"inLanguage":"fr-FR","potentialAction":[{"@type":"ReadAction","target":["https:\/\/tourtravelandmore.com\/fr\/tours\/israel-fr\/telaviv-fr-fr\/visites-dune-journee-complete-fr-fr\/visite-privee-des-hauteurs-du-golan-et-des-vignobles-au-depart-de-tel-aviv\/"]}]},{"@type":"ImageObject","inLanguage":"fr-FR","@id":"https:\/\/tourtravelandmore.com\/fr\/tours\/israel-fr\/telaviv-fr-fr\/visites-dune-journee-complete-fr-fr\/visite-privee-des-hauteurs-du-golan-et-des-vignobles-au-depart-de-tel-aviv\/#primaryimage","url":"https:\/\/tourtravelandmore.com\/wp-content\/uploads\/2021\/04\/Israel-2-scaled.jpg","contentUrl":"https:\/\/tourtravelandmore.com\/wp-content\/uploads\/2021\/04\/Israel-2-scaled.jpg","width":1707,"height":2560},{"@type":"BreadcrumbList","@id":"https:\/\/tourtravelandmore.com\/fr\/tours\/israel-fr\/telaviv-fr-fr\/visites-dune-journee-complete-fr-fr\/visite-privee-des-hauteurs-du-golan-et-des-vignobles-au-depart-de-tel-aviv\/#breadcrumb","itemListElement":[{"@type":"ListItem","position":1,"name":"Home","item":"https:\/\/tourtravelandmore.com\/fr\/"},{"@type":"ListItem","position":2,"name":"Tours","item":"https:\/\/tourtravelandmore.com\/fr\/tours\/"},{"@type":"ListItem","position":3,"name":"Visite priv\u00e9e des hauteurs du Golan et des vignobles au d\u00e9part de Tel Aviv"}]},{"@type":"WebSite","@id":"https:\/\/tourtravelandmore.com\/fr\/#website","url":"https:\/\/tourtravelandmore.com\/fr\/","name":"Tour Travel And More","description":"Private sightseeing tours and luxury transfers in Spain","publisher":{"@id":"https:\/\/tourtravelandmore.com\/fr\/#organization"},"potentialAction":[{"@type":"SearchAction","target":{"@type":"EntryPoint","urlTemplate":"https:\/\/tourtravelandmore.com\/fr\/?s={search_term_string}"},"query-input":{"@type":"PropertyValueSpecification","valueRequired":true,"valueName":"search_term_string"}}],"inLanguage":"fr-FR"},{"@type":"Organization","@id":"https:\/\/tourtravelandmore.com\/fr\/#organization","name":"Tour Travel And More","url":"https:\/\/tourtravelandmore.com\/fr\/","logo":{"@type":"ImageObject","inLanguage":"fr-FR","@id":"https:\/\/tourtravelandmore.com\/fr\/#\/schema\/logo\/image\/","url":"https:\/\/tourtravelandmore.com\/wp-content\/uploads\/2022\/12\/cropped-logo-cabecera-new.png","contentUrl":"https:\/\/tourtravelandmore.com\/wp-content\/uploads\/2022\/12\/cropped-logo-cabecera-new.png","width":430,"height":61,"caption":"Tour Travel And More"},"image":{"@id":"https:\/\/tourtravelandmore.com\/fr\/#\/schema\/logo\/image\/"},"sameAs":["https:\/\/www.facebook.com\/tourtravelandmore\/","https:\/\/x.com\/TourTravel_More"]}]}},"_links":{"self":[{"href":"https:\/\/tourtravelandmore.com\/fr\/wp-json\/wp\/v2\/product\/106105","targetHints":{"allow":["GET"]}}],"collection":[{"href":"https:\/\/tourtravelandmore.com\/fr\/wp-json\/wp\/v2\/product"}],"about":[{"href":"https:\/\/tourtravelandmore.com\/fr\/wp-json\/wp\/v2\/types\/product"}],"replies":[{"embeddable":true,"href":"https:\/\/tourtravelandmore.com\/fr\/wp-json\/wp\/v2\/comments?post=106105"}],"wp:featuredmedia":[{"embeddable":true,"href":"https:\/\/tourtravelandmore.com\/fr\/wp-json\/wp\/v2\/media\/106058"}],"wp:attachment":[{"href":"https:\/\/tourtravelandmore.com\/fr\/wp-json\/wp\/v2\/media?parent=106105"}],"wp:term":[{"taxonomy":"product_brand","embeddable":true,"href":"https:\/\/tourtravelandmore.com\/fr\/wp-json\/wp\/v2\/product_brand?post=106105"},{"taxonomy":"product_cat","embeddable":true,"href":"https:\/\/tourtravelandmore.com\/fr\/wp-json\/wp\/v2\/product_cat?post=106105"},{"taxonomy":"product_tag","embeddable":true,"href":"https:\/\/tourtravelandmore.com\/fr\/wp-json\/wp\/v2\/product_tag?post=106105"}],"curies":[{"name":"wp","href":"https:\/\/api.w.org\/{rel}","templated":true}]}}