{"id":106044,"date":"2021-04-21T11:21:15","date_gmt":"2021-04-21T09:21:30","guid":{"rendered":"https:\/\/tourtravelandmore.com\/?post_type=product&#038;p=106044"},"modified":"2021-04-21T11:56:11","modified_gmt":"2021-04-21T09:56:11","slug":"visite-privee-de-bethleem-et-jericho-au-depart-de-tel-aviv","status":"publish","type":"product","link":"https:\/\/tourtravelandmore.com\/fr\/tours\/israel-fr\/telaviv-fr-fr\/visites-dune-journee-complete-fr-fr\/visite-privee-de-bethleem-et-jericho-au-depart-de-tel-aviv\/","title":{"rendered":"Visite priv\u00e9e de Bethl\u00e9em et J\u00e9richo au d\u00e9part de Tel Aviv"},"content":{"rendered":"<h2>Description<\/h2>\n<p>Cette visite priv\u00e9e de Bethl\u00e9em et J\u00e9richo au d\u00e9part de Tel Aviv durera 8 heures. Cette visite vous permettra de conna\u00eetre et de r\u00e9aliser le voyage biblique et sacr\u00e9 le plus important du temps de J\u00e9sus.<\/p>\n<p>La visite sera accompagn\u00e9e par un chauffeur \/ guide sp\u00e9cialis\u00e9, qui racontera les histoires.<\/p>\n<p>De plus, la prise en charge, la visite et le retour se feront dans une voiture de luxe, climatis\u00e9e pour votre plus grand confort.<\/p>\n<p>Que vous offre la visite priv\u00e9e de Bethl\u00e9em et J\u00e9richo au d\u00e9part de Tel Aviv?<\/p>\n<p>En 8 heures en moyenne lors de cette visite priv\u00e9e de Bethl\u00e9em et J\u00e9richo au d\u00e9part de Tel Aviv, vous visiterez les sites les plus sacr\u00e9s de la ville de Bethl\u00e9em et de J\u00e9richo.<\/p>\n<p>\u00c0 Bethl\u00e9em, nous visiterons l&#8217;\u00e9glise de la Nativit\u00e9, l&#8217;\u00e9glise Santa Catalina et la chapelle La Gruta de la Leche.<\/p>\n<p>De m\u00eame, \u00e0 J\u00e9richo, le Mont de la Tentation, l&#8217;Arbre de Zach\u00e9e ou l&#8217;Arbre de Zach\u00e9e. Et enfin le Tel Jericho ou l&#8217;ancien monticule arch\u00e9ologique. En outre, l&#8217;accent est mis sur toutes les mesures de s\u00e9curit\u00e9 contre Covid 19.<\/p>\n<h2>Sites d&#8217;int\u00e9r\u00eat et points de rep\u00e8re<\/h2>\n<p>On estime que l&#8217;arr\u00eat pour l&#8217;\u00e9glise de la Nativit\u00e9 sera de 45 minutes. Cela a \u00e9t\u00e9 construit au sommet de la grotte de la naissance de J\u00e9sus. \u00c0 l&#8217;int\u00e9rieur, il y a une \u00e9toile indiquant l&#8217;endroit exact; Nous verrons \u00e9galement l&#8217;autel des mages.<\/p>\n<p>Un autre arr\u00eat de 20 minutes \u00e0 Bethl\u00e9em sera \u00e0 l&#8217;\u00e9glise Santa Catalina. Il est connu pour ses grottes souterraines de sanctuaires et de tombes. Cette \u00e9glise fait partie d&#8217;un monast\u00e8re franciscain, et diff\u00e9rents \u00e9l\u00e9ments de diff\u00e9rentes p\u00e9riodes de l&#8217;histoire sont expos\u00e9s.<\/p>\n<p>Un autre point important de cette visite priv\u00e9e de Bethl\u00e9em et J\u00e9richo au d\u00e9part de Tel Aviv est la chapelle de la grotte du lait. C&#8217;est un lieu de refuge lors du massacre d&#8217;enfants innocents. Son nom est d\u00fb \u00e0 la goutte de lait de Marie. Il est tomb\u00e9 sur le sol et a chang\u00e9 sa couleur en blanc. Par cons\u00e9quent, on dit que l&#8217;endroit a des propri\u00e9t\u00e9s curatives et beaucoup vont demander la conception d&#8217;enfants.<\/p>\n<h4>\u00c0 quoi s&#8217;attendre ensuite &#8230;<\/h4>\n<p>J\u00e9richo est \u00e0 27 km de J\u00e9rusalem. La ville o\u00f9 J\u00e9sus est arriv\u00e9, apr\u00e8s son je\u00fbne de 40 jours. Nous visiterons le monast\u00e8re de la tentation. Ici, le diable lui apparut pour le tenter et transformer les pierres en pain. Ce qu&#8217;il a rejet\u00e9 \u00e0 cause de sa foi. Un lieu avec une belle vue panoramique, pour r\u00e9fl\u00e9chir et m\u00e9diter.<\/p>\n<p>Nous nous arr\u00eaterons \u00e0 l&#8217;Arbre de Zaccheus, avec un arr\u00eat de 30 minutes. Ici, le percepteur Zach\u00e9e a escalad\u00e9 ce sycomore pour avoir une meilleure vue de J\u00e9sus quand il est entr\u00e9 \u00e0 J\u00e9richo. Int\u00e9ressant de pouvoir observer cet arbre encore \u00e0 cette \u00e9poque.<\/p>\n<p>Ensuite, nous ferons un autre arr\u00eat de 30 minutes. Ce sera \u00e0 Tel Jericho ou \u00e0 l&#8217;ancien monticule situ\u00e9 \u00e0 environ 10 km de la mer Morte et \u00e0 2 km de l&#8217;actuel J\u00e9richo. Dans ce monticule se trouvait l&#8217;ancien J\u00e9richo avant J\u00e9sus-Christ. Plus tard, il a \u00e9t\u00e9 habit\u00e9 par plusieurs civilisations, environ 25 cons\u00e9cutivement, chacune laissant des vestiges de sa civilisation.<\/p>\n<p>Nous terminerons cette visite priv\u00e9e de Bethl\u00e9em et J\u00e9richo au d\u00e9part de Tel Aviv \u00e0 votre h\u00f4tel \u00e0 Tel Aviv.<\/p>\n<p>Jetez un \u0153il \u00e0 nos autres circuits et destinations priv\u00e9s ici!<\/p>\n<p>&nbsp;<\/p>\n","protected":false},"excerpt":{"rendered":"<p>Rejoignez-nous pour cette incroyable visite priv\u00e9e de Bethl\u00e9em et J\u00e9richo au d\u00e9part de Tel Aviv. Cette excursion d&#8217;une journ\u00e9e sera une exp\u00e9rience parfaite pour toute la famille!<\/p>\n","protected":false},"featured_media":106055,"comment_status":"open","ping_status":"closed","template":"","meta":{"_acf_changed":false},"product_brand":[],"product_cat":[3862,3867,3891,3887],"product_tag":[],"class_list":{"0":"post-106044","1":"product","2":"type-product","3":"status-publish","4":"has-post-thumbnail","6":"product_cat-israel-fr","7":"product_cat-telaviv-fr-fr","8":"product_cat-toutes-les-visites-et-activites-privees-fr","9":"product_cat-visites-dune-journee-complete-fr-fr","11":"first","12":"instock","13":"shipping-taxable","14":"purchasable","15":"product-type-simple"},"acf":[],"yoast_head":"<!-- This site is optimized with the Yoast SEO Premium plugin v25.3.1 (Yoast SEO v25.3.1) - https:\/\/yoast.com\/wordpress\/plugins\/seo\/ -->\n<title>Visite priv\u00e9e de Bethl\u00e9em et J\u00e9richo au d\u00e9part de Tel Aviv. Prise en charge \u00e0 l&#039;h\u00f4tel<\/title>\n<meta name=\"description\" content=\"Rejoignez-nous pour cette incroyable visite priv\u00e9e de Bethl\u00e9em et J\u00e9richo au d\u00e9part de Tel Aviv et courez la chance de visiter ces lieux uniques.\" \/>\n<meta name=\"robots\" content=\"index, follow, max-snippet:-1, max-image-preview:large, max-video-preview:-1\" \/>\n<link rel=\"canonical\" href=\"https:\/\/tourtravelandmore.com\/fr\/tours\/israel-fr\/telaviv-fr-fr\/visites-dune-journee-complete-fr-fr\/visite-privee-de-bethleem-et-jericho-au-depart-de-tel-aviv\/\" \/>\n<meta property=\"og:locale\" content=\"fr_FR\" \/>\n<meta property=\"og:type\" content=\"article\" \/>\n<meta property=\"og:title\" content=\"Visite priv\u00e9e de Bethl\u00e9em et J\u00e9richo au d\u00e9part de Tel Aviv\" \/>\n<meta property=\"og:description\" content=\"Rejoignez-nous pour cette incroyable visite priv\u00e9e de Bethl\u00e9em et J\u00e9richo au d\u00e9part de Tel Aviv et courez la chance de visiter ces lieux uniques.\" \/>\n<meta property=\"og:url\" content=\"https:\/\/tourtravelandmore.com\/fr\/tours\/israel-fr\/telaviv-fr-fr\/visites-dune-journee-complete-fr-fr\/visite-privee-de-bethleem-et-jericho-au-depart-de-tel-aviv\/\" \/>\n<meta property=\"og:site_name\" content=\"Tour Travel And More\" \/>\n<meta property=\"article:publisher\" content=\"https:\/\/www.facebook.com\/tourtravelandmore\/\" \/>\n<meta property=\"article:modified_time\" content=\"2021-04-21T09:56:11+00:00\" \/>\n<meta property=\"og:image\" content=\"https:\/\/tourtravelandmore.com\/wp-content\/uploads\/2021\/04\/Israel--scaled.jpg\" \/>\n\t<meta property=\"og:image:width\" content=\"2560\" \/>\n\t<meta property=\"og:image:height\" content=\"1707\" \/>\n\t<meta property=\"og:image:type\" content=\"image\/jpeg\" \/>\n<meta name=\"twitter:card\" content=\"summary_large_image\" \/>\n<meta name=\"twitter:site\" content=\"@TourTravel_More\" \/>\n<meta name=\"twitter:label1\" content=\"Dur\u00e9e de lecture estim\u00e9e\" \/>\n\t<meta name=\"twitter:data1\" content=\"3 minutes\" \/>\n<script type=\"application\/ld+json\" class=\"yoast-schema-graph\">{\"@context\":\"https:\/\/schema.org\",\"@graph\":[{\"@type\":\"WebPage\",\"@id\":\"https:\/\/tourtravelandmore.com\/fr\/tours\/israel-fr\/telaviv-fr-fr\/visites-dune-journee-complete-fr-fr\/visite-privee-de-bethleem-et-jericho-au-depart-de-tel-aviv\/\",\"url\":\"https:\/\/tourtravelandmore.com\/fr\/tours\/israel-fr\/telaviv-fr-fr\/visites-dune-journee-complete-fr-fr\/visite-privee-de-bethleem-et-jericho-au-depart-de-tel-aviv\/\",\"name\":\"Visite priv\u00e9e de Bethl\u00e9em et J\u00e9richo au d\u00e9part de Tel Aviv. Prise en charge \u00e0 l'h\u00f4tel\",\"isPartOf\":{\"@id\":\"https:\/\/tourtravelandmore.com\/fr\/#website\"},\"primaryImageOfPage\":{\"@id\":\"https:\/\/tourtravelandmore.com\/fr\/tours\/israel-fr\/telaviv-fr-fr\/visites-dune-journee-complete-fr-fr\/visite-privee-de-bethleem-et-jericho-au-depart-de-tel-aviv\/#primaryimage\"},\"image\":{\"@id\":\"https:\/\/tourtravelandmore.com\/fr\/tours\/israel-fr\/telaviv-fr-fr\/visites-dune-journee-complete-fr-fr\/visite-privee-de-bethleem-et-jericho-au-depart-de-tel-aviv\/#primaryimage\"},\"thumbnailUrl\":\"https:\/\/tourtravelandmore.com\/wp-content\/uploads\/2021\/04\/Israel--scaled.jpg\",\"datePublished\":\"2021-04-21T09:21:30+00:00\",\"dateModified\":\"2021-04-21T09:56:11+00:00\",\"description\":\"Rejoignez-nous pour cette incroyable visite priv\u00e9e de Bethl\u00e9em et J\u00e9richo au d\u00e9part de Tel Aviv et courez la chance de visiter ces lieux uniques.\",\"breadcrumb\":{\"@id\":\"https:\/\/tourtravelandmore.com\/fr\/tours\/israel-fr\/telaviv-fr-fr\/visites-dune-journee-complete-fr-fr\/visite-privee-de-bethleem-et-jericho-au-depart-de-tel-aviv\/#breadcrumb\"},\"inLanguage\":\"fr-FR\",\"potentialAction\":[{\"@type\":\"ReadAction\",\"target\":[\"https:\/\/tourtravelandmore.com\/fr\/tours\/israel-fr\/telaviv-fr-fr\/visites-dune-journee-complete-fr-fr\/visite-privee-de-bethleem-et-jericho-au-depart-de-tel-aviv\/\"]}]},{\"@type\":\"ImageObject\",\"inLanguage\":\"fr-FR\",\"@id\":\"https:\/\/tourtravelandmore.com\/fr\/tours\/israel-fr\/telaviv-fr-fr\/visites-dune-journee-complete-fr-fr\/visite-privee-de-bethleem-et-jericho-au-depart-de-tel-aviv\/#primaryimage\",\"url\":\"https:\/\/tourtravelandmore.com\/wp-content\/uploads\/2021\/04\/Israel--scaled.jpg\",\"contentUrl\":\"https:\/\/tourtravelandmore.com\/wp-content\/uploads\/2021\/04\/Israel--scaled.jpg\",\"width\":2560,\"height\":1707},{\"@type\":\"BreadcrumbList\",\"@id\":\"https:\/\/tourtravelandmore.com\/fr\/tours\/israel-fr\/telaviv-fr-fr\/visites-dune-journee-complete-fr-fr\/visite-privee-de-bethleem-et-jericho-au-depart-de-tel-aviv\/#breadcrumb\",\"itemListElement\":[{\"@type\":\"ListItem\",\"position\":1,\"name\":\"Home\",\"item\":\"https:\/\/tourtravelandmore.com\/fr\/\"},{\"@type\":\"ListItem\",\"position\":2,\"name\":\"Tours\",\"item\":\"https:\/\/tourtravelandmore.com\/fr\/tours\/\"},{\"@type\":\"ListItem\",\"position\":3,\"name\":\"Visite priv\u00e9e de Bethl\u00e9em et J\u00e9richo au d\u00e9part de Tel Aviv\"}]},{\"@type\":\"WebSite\",\"@id\":\"https:\/\/tourtravelandmore.com\/fr\/#website\",\"url\":\"https:\/\/tourtravelandmore.com\/fr\/\",\"name\":\"Tour Travel And More\",\"description\":\"Private sightseeing tours and luxury transfers in Spain\",\"publisher\":{\"@id\":\"https:\/\/tourtravelandmore.com\/fr\/#organization\"},\"potentialAction\":[{\"@type\":\"SearchAction\",\"target\":{\"@type\":\"EntryPoint\",\"urlTemplate\":\"https:\/\/tourtravelandmore.com\/fr\/?s={search_term_string}\"},\"query-input\":{\"@type\":\"PropertyValueSpecification\",\"valueRequired\":true,\"valueName\":\"search_term_string\"}}],\"inLanguage\":\"fr-FR\"},{\"@type\":\"Organization\",\"@id\":\"https:\/\/tourtravelandmore.com\/fr\/#organization\",\"name\":\"Tour Travel And More\",\"url\":\"https:\/\/tourtravelandmore.com\/fr\/\",\"logo\":{\"@type\":\"ImageObject\",\"inLanguage\":\"fr-FR\",\"@id\":\"https:\/\/tourtravelandmore.com\/fr\/#\/schema\/logo\/image\/\",\"url\":\"https:\/\/tourtravelandmore.com\/wp-content\/uploads\/2022\/12\/cropped-logo-cabecera-new.png\",\"contentUrl\":\"https:\/\/tourtravelandmore.com\/wp-content\/uploads\/2022\/12\/cropped-logo-cabecera-new.png\",\"width\":430,\"height\":61,\"caption\":\"Tour Travel And More\"},\"image\":{\"@id\":\"https:\/\/tourtravelandmore.com\/fr\/#\/schema\/logo\/image\/\"},\"sameAs\":[\"https:\/\/www.facebook.com\/tourtravelandmore\/\",\"https:\/\/x.com\/TourTravel_More\"]}]}<\/script>\n<!-- \/ Yoast SEO Premium plugin. -->","yoast_head_json":{"title":"Visite priv\u00e9e de Bethl\u00e9em et J\u00e9richo au d\u00e9part de Tel Aviv. Prise en charge \u00e0 l'h\u00f4tel","description":"Rejoignez-nous pour cette incroyable visite priv\u00e9e de Bethl\u00e9em et J\u00e9richo au d\u00e9part de Tel Aviv et courez la chance de visiter ces lieux uniques.","robots":{"index":"index","follow":"follow","max-snippet":"max-snippet:-1","max-image-preview":"max-image-preview:large","max-video-preview":"max-video-preview:-1"},"canonical":"https:\/\/tourtravelandmore.com\/fr\/tours\/israel-fr\/telaviv-fr-fr\/visites-dune-journee-complete-fr-fr\/visite-privee-de-bethleem-et-jericho-au-depart-de-tel-aviv\/","og_locale":"fr_FR","og_type":"article","og_title":"Visite priv\u00e9e de Bethl\u00e9em et J\u00e9richo au d\u00e9part de Tel Aviv","og_description":"Rejoignez-nous pour cette incroyable visite priv\u00e9e de Bethl\u00e9em et J\u00e9richo au d\u00e9part de Tel Aviv et courez la chance de visiter ces lieux uniques.","og_url":"https:\/\/tourtravelandmore.com\/fr\/tours\/israel-fr\/telaviv-fr-fr\/visites-dune-journee-complete-fr-fr\/visite-privee-de-bethleem-et-jericho-au-depart-de-tel-aviv\/","og_site_name":"Tour Travel And More","article_publisher":"https:\/\/www.facebook.com\/tourtravelandmore\/","article_modified_time":"2021-04-21T09:56:11+00:00","og_image":[{"width":2560,"height":1707,"url":"https:\/\/tourtravelandmore.com\/wp-content\/uploads\/2021\/04\/Israel--scaled.jpg","type":"image\/jpeg"}],"twitter_card":"summary_large_image","twitter_site":"@TourTravel_More","twitter_misc":{"Dur\u00e9e de lecture estim\u00e9e":"3 minutes"},"schema":{"@context":"https:\/\/schema.org","@graph":[{"@type":"WebPage","@id":"https:\/\/tourtravelandmore.com\/fr\/tours\/israel-fr\/telaviv-fr-fr\/visites-dune-journee-complete-fr-fr\/visite-privee-de-bethleem-et-jericho-au-depart-de-tel-aviv\/","url":"https:\/\/tourtravelandmore.com\/fr\/tours\/israel-fr\/telaviv-fr-fr\/visites-dune-journee-complete-fr-fr\/visite-privee-de-bethleem-et-jericho-au-depart-de-tel-aviv\/","name":"Visite priv\u00e9e de Bethl\u00e9em et J\u00e9richo au d\u00e9part de Tel Aviv. Prise en charge \u00e0 l'h\u00f4tel","isPartOf":{"@id":"https:\/\/tourtravelandmore.com\/fr\/#website"},"primaryImageOfPage":{"@id":"https:\/\/tourtravelandmore.com\/fr\/tours\/israel-fr\/telaviv-fr-fr\/visites-dune-journee-complete-fr-fr\/visite-privee-de-bethleem-et-jericho-au-depart-de-tel-aviv\/#primaryimage"},"image":{"@id":"https:\/\/tourtravelandmore.com\/fr\/tours\/israel-fr\/telaviv-fr-fr\/visites-dune-journee-complete-fr-fr\/visite-privee-de-bethleem-et-jericho-au-depart-de-tel-aviv\/#primaryimage"},"thumbnailUrl":"https:\/\/tourtravelandmore.com\/wp-content\/uploads\/2021\/04\/Israel--scaled.jpg","datePublished":"2021-04-21T09:21:30+00:00","dateModified":"2021-04-21T09:56:11+00:00","description":"Rejoignez-nous pour cette incroyable visite priv\u00e9e de Bethl\u00e9em et J\u00e9richo au d\u00e9part de Tel Aviv et courez la chance de visiter ces lieux uniques.","breadcrumb":{"@id":"https:\/\/tourtravelandmore.com\/fr\/tours\/israel-fr\/telaviv-fr-fr\/visites-dune-journee-complete-fr-fr\/visite-privee-de-bethleem-et-jericho-au-depart-de-tel-aviv\/#breadcrumb"},"inLanguage":"fr-FR","potentialAction":[{"@type":"ReadAction","target":["https:\/\/tourtravelandmore.com\/fr\/tours\/israel-fr\/telaviv-fr-fr\/visites-dune-journee-complete-fr-fr\/visite-privee-de-bethleem-et-jericho-au-depart-de-tel-aviv\/"]}]},{"@type":"ImageObject","inLanguage":"fr-FR","@id":"https:\/\/tourtravelandmore.com\/fr\/tours\/israel-fr\/telaviv-fr-fr\/visites-dune-journee-complete-fr-fr\/visite-privee-de-bethleem-et-jericho-au-depart-de-tel-aviv\/#primaryimage","url":"https:\/\/tourtravelandmore.com\/wp-content\/uploads\/2021\/04\/Israel--scaled.jpg","contentUrl":"https:\/\/tourtravelandmore.com\/wp-content\/uploads\/2021\/04\/Israel--scaled.jpg","width":2560,"height":1707},{"@type":"BreadcrumbList","@id":"https:\/\/tourtravelandmore.com\/fr\/tours\/israel-fr\/telaviv-fr-fr\/visites-dune-journee-complete-fr-fr\/visite-privee-de-bethleem-et-jericho-au-depart-de-tel-aviv\/#breadcrumb","itemListElement":[{"@type":"ListItem","position":1,"name":"Home","item":"https:\/\/tourtravelandmore.com\/fr\/"},{"@type":"ListItem","position":2,"name":"Tours","item":"https:\/\/tourtravelandmore.com\/fr\/tours\/"},{"@type":"ListItem","position":3,"name":"Visite priv\u00e9e de Bethl\u00e9em et J\u00e9richo au d\u00e9part de Tel Aviv"}]},{"@type":"WebSite","@id":"https:\/\/tourtravelandmore.com\/fr\/#website","url":"https:\/\/tourtravelandmore.com\/fr\/","name":"Tour Travel And More","description":"Private sightseeing tours and luxury transfers in Spain","publisher":{"@id":"https:\/\/tourtravelandmore.com\/fr\/#organization"},"potentialAction":[{"@type":"SearchAction","target":{"@type":"EntryPoint","urlTemplate":"https:\/\/tourtravelandmore.com\/fr\/?s={search_term_string}"},"query-input":{"@type":"PropertyValueSpecification","valueRequired":true,"valueName":"search_term_string"}}],"inLanguage":"fr-FR"},{"@type":"Organization","@id":"https:\/\/tourtravelandmore.com\/fr\/#organization","name":"Tour Travel And More","url":"https:\/\/tourtravelandmore.com\/fr\/","logo":{"@type":"ImageObject","inLanguage":"fr-FR","@id":"https:\/\/tourtravelandmore.com\/fr\/#\/schema\/logo\/image\/","url":"https:\/\/tourtravelandmore.com\/wp-content\/uploads\/2022\/12\/cropped-logo-cabecera-new.png","contentUrl":"https:\/\/tourtravelandmore.com\/wp-content\/uploads\/2022\/12\/cropped-logo-cabecera-new.png","width":430,"height":61,"caption":"Tour Travel And More"},"image":{"@id":"https:\/\/tourtravelandmore.com\/fr\/#\/schema\/logo\/image\/"},"sameAs":["https:\/\/www.facebook.com\/tourtravelandmore\/","https:\/\/x.com\/TourTravel_More"]}]}},"_links":{"self":[{"href":"https:\/\/tourtravelandmore.com\/fr\/wp-json\/wp\/v2\/product\/106044","targetHints":{"allow":["GET"]}}],"collection":[{"href":"https:\/\/tourtravelandmore.com\/fr\/wp-json\/wp\/v2\/product"}],"about":[{"href":"https:\/\/tourtravelandmore.com\/fr\/wp-json\/wp\/v2\/types\/product"}],"replies":[{"embeddable":true,"href":"https:\/\/tourtravelandmore.com\/fr\/wp-json\/wp\/v2\/comments?post=106044"}],"wp:featuredmedia":[{"embeddable":true,"href":"https:\/\/tourtravelandmore.com\/fr\/wp-json\/wp\/v2\/media\/106055"}],"wp:attachment":[{"href":"https:\/\/tourtravelandmore.com\/fr\/wp-json\/wp\/v2\/media?parent=106044"}],"wp:term":[{"taxonomy":"product_brand","embeddable":true,"href":"https:\/\/tourtravelandmore.com\/fr\/wp-json\/wp\/v2\/product_brand?post=106044"},{"taxonomy":"product_cat","embeddable":true,"href":"https:\/\/tourtravelandmore.com\/fr\/wp-json\/wp\/v2\/product_cat?post=106044"},{"taxonomy":"product_tag","embeddable":true,"href":"https:\/\/tourtravelandmore.com\/fr\/wp-json\/wp\/v2\/product_tag?post=106044"}],"curies":[{"name":"wp","href":"https:\/\/api.w.org\/{rel}","templated":true}]}}