{"id":105662,"date":"2019-09-25T01:31:51","date_gmt":"2019-09-24T23:31:51","guid":{"rendered":"https:\/\/tourtravelandmore.com\/tours\/non%20class\u00e9\/visite-privee-de-budapest-au-depart-de-bratislava\/"},"modified":"2021-03-25T20:45:47","modified_gmt":"2021-03-25T19:45:47","slug":"visite-privee-de-budapest-au-depart-de-bratislava","status":"publish","type":"product","link":"https:\/\/tourtravelandmore.com\/fr\/tours\/slovaquie-fr\/bratislava-fr\/visite-privee-de-budapest-au-depart-de-bratislava\/","title":{"rendered":"Visite priv\u00e9e de Budapest au d\u00e9part de Bratislava"},"content":{"rendered":"<h2>Description<\/h2>\n<p>Profitez de cette excursion priv\u00e9e de 12 heures dans la charmante ville de Budapest au d\u00e9part de Bratislava. Toutes nos visites se feront aux c\u00f4t\u00e9s de votre guide officiel priv\u00e9 et d\u00e9couvriront le meilleur de ce que Budapest a \u00e0 offrir lors de cette visite priv\u00e9e de Budapest au d\u00e9part de Bratislava.<\/p>\n<p>Tout d&#8217;abord, laissez-nous vous chercher \u00e0 votre h\u00f4tel \u00e0 Bratislava. Votre chauffeur vous conduira vers Budapest. Une fois \u00e0 Budapest, retrouvez notre guide priv\u00e9 pour une visite guid\u00e9e de 4 heures.<\/p>\n<p>Profitez de la flexibilit\u00e9 de cette visite o\u00f9 nous pouvons nous concentrer sur les lieux qui vous int\u00e9ressent le plus et d\u00e9couvrir les sites les plus embl\u00e9matiques de Budapest. Une fois \u00e0 Budapest, vous rencontrerez votre guide officiel qui vous montrera le meilleur de la ville.<\/p>\n<p>Bellow est une visite de 12 heures. Cela vous donnera suffisamment de temps pour conna\u00eetre les magnifiques Buda et Pest!<\/p>\n<p>Enfin, nous vous d\u00e9poserons \u00e0 l&#8217;endroit de votre choix \u00e0 Bratislava.<\/p>\n<h2>Sites d&#8217;int\u00e9r\u00eat et monuments<\/h2>\n<p>Tout d&#8217;abord, demandez \u00e0 notre chauffeur priv\u00e9 de venir vous chercher \u00e0 votre h\u00f4tel \u00e0 Bratislava. Budapest a une histoire incroyable et la meilleure fa\u00e7on de l&#8217;apprendre est avec un guide priv\u00e9.<\/p>\n<p>Une fois arriv\u00e9s dans la ville de Budapest, rencontrons votre guide priv\u00e9. Vous aurez une visite guid\u00e9e de 4 heures.<\/p>\n<p>Entre autres monuments et sites, vous pouvez apprendre \u00e0 conna\u00eetre:<\/p>\n<ul>\n<li>Centre-ville de Pest<\/li>\n<li>\u00c9glise Matthias<\/li>\n<li>Colline Gell\u00e9rt<\/li>\n<li>Quartier du ch\u00e2teau<\/li>\n<li>March\u00e9 central<\/li>\n<li>Ancien palais royal<\/li>\n<li>Avenue Andrassy<\/li>\n<li>Parlement<\/li>\n<li>Basilique Saint-\u00c9tienne<\/li>\n<li>Synagogue<\/li>\n<li>Op\u00e9ra<\/li>\n<li>Et bien d&#8217;autres sites dans cette excursion priv\u00e9e \u00e0 terre \u00e0 Budapest.<\/li>\n<\/ul>\n<p>Il s&#8217;agit d&#8217;une visite priv\u00e9e d&#8217;une journ\u00e9e compl\u00e8te \u00e0 Budapest au d\u00e9part de Bratislava. Apr\u00e8s la visite guid\u00e9e priv\u00e9e de Budapest, profitez du temps libre dans la belle visite.<\/p>\n<p>Ne manquez pas nos autres excursions d&#8217;une journ\u00e9e \u00e0 Bratislava et nos visites de la ville de Bratislava.<\/p>\n","protected":false},"excerpt":{"rendered":"<p>Profitez au maximum de vos journ\u00e9es \u00e0 Bratislava et profitez de cette visite priv\u00e9e de 12 heures de la ville de Budapest. Profitez de cette occasion pour conna\u00eetre et profiter de Budapest avec un guide officiel local. Profitez des monuments et des zones les plus embl\u00e9matiques tels que: le Parlement, le march\u00e9 central, la basilique de San Esteban et bien plus encore!<\/p>\n","protected":false},"featured_media":95126,"comment_status":"open","ping_status":"closed","template":"","meta":{"_acf_changed":false},"product_brand":[],"product_cat":[3738,3827],"product_tag":[],"class_list":{"0":"post-105662","1":"product","2":"type-product","3":"status-publish","4":"has-post-thumbnail","6":"product_cat-slovaquie-fr","7":"product_cat-bratislava-fr","9":"first","10":"instock","11":"shipping-taxable","12":"purchasable","13":"product-type-simple"},"acf":[],"yoast_head":"<!-- This site is optimized with the Yoast SEO Premium plugin v25.3.1 (Yoast SEO v25.3.1) - https:\/\/yoast.com\/wordpress\/plugins\/seo\/ -->\n<title>Visite priv\u00e9e de Budapest au d\u00e9part de Bratislava - BRATISLAVA TOUR<\/title>\n<meta name=\"description\" content=\"Profitez de cette visite priv\u00e9e enti\u00e8rement personnalis\u00e9e de Budapest au d\u00e9part de Bratislava et profitez de leurs monuments et sites les plus importants.\" \/>\n<meta name=\"robots\" content=\"index, follow, max-snippet:-1, max-image-preview:large, max-video-preview:-1\" \/>\n<link rel=\"canonical\" href=\"https:\/\/tourtravelandmore.com\/fr\/tours\/slovaquie-fr\/bratislava-fr\/visite-privee-de-budapest-au-depart-de-bratislava\/\" \/>\n<meta property=\"og:locale\" content=\"fr_FR\" \/>\n<meta property=\"og:type\" content=\"article\" \/>\n<meta property=\"og:title\" content=\"Visite priv\u00e9e de Budapest au d\u00e9part de Bratislava\" \/>\n<meta property=\"og:description\" content=\"Profitez de cette visite priv\u00e9e enti\u00e8rement personnalis\u00e9e de Budapest au d\u00e9part de Bratislava et profitez de leurs monuments et sites les plus importants.\" \/>\n<meta property=\"og:url\" content=\"https:\/\/tourtravelandmore.com\/fr\/tours\/slovaquie-fr\/bratislava-fr\/visite-privee-de-budapest-au-depart-de-bratislava\/\" \/>\n<meta property=\"og:site_name\" content=\"Tour Travel And More\" \/>\n<meta property=\"article:publisher\" content=\"https:\/\/www.facebook.com\/tourtravelandmore\/\" \/>\n<meta property=\"article:modified_time\" content=\"2021-03-25T19:45:47+00:00\" \/>\n<meta property=\"og:image\" content=\"https:\/\/tourtravelandmore.com\/wp-content\/uploads\/2018\/08\/budapest.jpg\" \/>\n\t<meta property=\"og:image:width\" content=\"1024\" \/>\n\t<meta property=\"og:image:height\" content=\"614\" \/>\n\t<meta property=\"og:image:type\" content=\"image\/jpeg\" \/>\n<meta name=\"twitter:card\" content=\"summary_large_image\" \/>\n<meta name=\"twitter:site\" content=\"@TourTravel_More\" \/>\n<meta name=\"twitter:label1\" content=\"Dur\u00e9e de lecture estim\u00e9e\" \/>\n\t<meta name=\"twitter:data1\" content=\"2 minutes\" \/>\n<script type=\"application\/ld+json\" class=\"yoast-schema-graph\">{\"@context\":\"https:\/\/schema.org\",\"@graph\":[{\"@type\":\"WebPage\",\"@id\":\"https:\/\/tourtravelandmore.com\/fr\/tours\/slovaquie-fr\/bratislava-fr\/visite-privee-de-budapest-au-depart-de-bratislava\/\",\"url\":\"https:\/\/tourtravelandmore.com\/fr\/tours\/slovaquie-fr\/bratislava-fr\/visite-privee-de-budapest-au-depart-de-bratislava\/\",\"name\":\"Visite priv\u00e9e de Budapest au d\u00e9part de Bratislava - BRATISLAVA TOUR\",\"isPartOf\":{\"@id\":\"https:\/\/tourtravelandmore.com\/fr\/#website\"},\"primaryImageOfPage\":{\"@id\":\"https:\/\/tourtravelandmore.com\/fr\/tours\/slovaquie-fr\/bratislava-fr\/visite-privee-de-budapest-au-depart-de-bratislava\/#primaryimage\"},\"image\":{\"@id\":\"https:\/\/tourtravelandmore.com\/fr\/tours\/slovaquie-fr\/bratislava-fr\/visite-privee-de-budapest-au-depart-de-bratislava\/#primaryimage\"},\"thumbnailUrl\":\"https:\/\/tourtravelandmore.com\/wp-content\/uploads\/2018\/08\/budapest.jpg\",\"datePublished\":\"2019-09-24T23:31:51+00:00\",\"dateModified\":\"2021-03-25T19:45:47+00:00\",\"description\":\"Profitez de cette visite priv\u00e9e enti\u00e8rement personnalis\u00e9e de Budapest au d\u00e9part de Bratislava et profitez de leurs monuments et sites les plus importants.\",\"breadcrumb\":{\"@id\":\"https:\/\/tourtravelandmore.com\/fr\/tours\/slovaquie-fr\/bratislava-fr\/visite-privee-de-budapest-au-depart-de-bratislava\/#breadcrumb\"},\"inLanguage\":\"fr-FR\",\"potentialAction\":[{\"@type\":\"ReadAction\",\"target\":[\"https:\/\/tourtravelandmore.com\/fr\/tours\/slovaquie-fr\/bratislava-fr\/visite-privee-de-budapest-au-depart-de-bratislava\/\"]}]},{\"@type\":\"ImageObject\",\"inLanguage\":\"fr-FR\",\"@id\":\"https:\/\/tourtravelandmore.com\/fr\/tours\/slovaquie-fr\/bratislava-fr\/visite-privee-de-budapest-au-depart-de-bratislava\/#primaryimage\",\"url\":\"https:\/\/tourtravelandmore.com\/wp-content\/uploads\/2018\/08\/budapest.jpg\",\"contentUrl\":\"https:\/\/tourtravelandmore.com\/wp-content\/uploads\/2018\/08\/budapest.jpg\",\"width\":1024,\"height\":614},{\"@type\":\"BreadcrumbList\",\"@id\":\"https:\/\/tourtravelandmore.com\/fr\/tours\/slovaquie-fr\/bratislava-fr\/visite-privee-de-budapest-au-depart-de-bratislava\/#breadcrumb\",\"itemListElement\":[{\"@type\":\"ListItem\",\"position\":1,\"name\":\"Home\",\"item\":\"https:\/\/tourtravelandmore.com\/fr\/\"},{\"@type\":\"ListItem\",\"position\":2,\"name\":\"Tours\",\"item\":\"https:\/\/tourtravelandmore.com\/fr\/tours\/\"},{\"@type\":\"ListItem\",\"position\":3,\"name\":\"Visite priv\u00e9e de Budapest au d\u00e9part de Bratislava\"}]},{\"@type\":\"WebSite\",\"@id\":\"https:\/\/tourtravelandmore.com\/fr\/#website\",\"url\":\"https:\/\/tourtravelandmore.com\/fr\/\",\"name\":\"Tour Travel And More\",\"description\":\"Private sightseeing tours and luxury transfers in Spain\",\"publisher\":{\"@id\":\"https:\/\/tourtravelandmore.com\/fr\/#organization\"},\"potentialAction\":[{\"@type\":\"SearchAction\",\"target\":{\"@type\":\"EntryPoint\",\"urlTemplate\":\"https:\/\/tourtravelandmore.com\/fr\/?s={search_term_string}\"},\"query-input\":{\"@type\":\"PropertyValueSpecification\",\"valueRequired\":true,\"valueName\":\"search_term_string\"}}],\"inLanguage\":\"fr-FR\"},{\"@type\":\"Organization\",\"@id\":\"https:\/\/tourtravelandmore.com\/fr\/#organization\",\"name\":\"Tour Travel And More\",\"url\":\"https:\/\/tourtravelandmore.com\/fr\/\",\"logo\":{\"@type\":\"ImageObject\",\"inLanguage\":\"fr-FR\",\"@id\":\"https:\/\/tourtravelandmore.com\/fr\/#\/schema\/logo\/image\/\",\"url\":\"https:\/\/tourtravelandmore.com\/wp-content\/uploads\/2022\/12\/cropped-logo-cabecera-new.png\",\"contentUrl\":\"https:\/\/tourtravelandmore.com\/wp-content\/uploads\/2022\/12\/cropped-logo-cabecera-new.png\",\"width\":430,\"height\":61,\"caption\":\"Tour Travel And More\"},\"image\":{\"@id\":\"https:\/\/tourtravelandmore.com\/fr\/#\/schema\/logo\/image\/\"},\"sameAs\":[\"https:\/\/www.facebook.com\/tourtravelandmore\/\",\"https:\/\/x.com\/TourTravel_More\"]}]}<\/script>\n<!-- \/ Yoast SEO Premium plugin. -->","yoast_head_json":{"title":"Visite priv\u00e9e de Budapest au d\u00e9part de Bratislava - BRATISLAVA TOUR","description":"Profitez de cette visite priv\u00e9e enti\u00e8rement personnalis\u00e9e de Budapest au d\u00e9part de Bratislava et profitez de leurs monuments et sites les plus importants.","robots":{"index":"index","follow":"follow","max-snippet":"max-snippet:-1","max-image-preview":"max-image-preview:large","max-video-preview":"max-video-preview:-1"},"canonical":"https:\/\/tourtravelandmore.com\/fr\/tours\/slovaquie-fr\/bratislava-fr\/visite-privee-de-budapest-au-depart-de-bratislava\/","og_locale":"fr_FR","og_type":"article","og_title":"Visite priv\u00e9e de Budapest au d\u00e9part de Bratislava","og_description":"Profitez de cette visite priv\u00e9e enti\u00e8rement personnalis\u00e9e de Budapest au d\u00e9part de Bratislava et profitez de leurs monuments et sites les plus importants.","og_url":"https:\/\/tourtravelandmore.com\/fr\/tours\/slovaquie-fr\/bratislava-fr\/visite-privee-de-budapest-au-depart-de-bratislava\/","og_site_name":"Tour Travel And More","article_publisher":"https:\/\/www.facebook.com\/tourtravelandmore\/","article_modified_time":"2021-03-25T19:45:47+00:00","og_image":[{"width":1024,"height":614,"url":"https:\/\/tourtravelandmore.com\/wp-content\/uploads\/2018\/08\/budapest.jpg","type":"image\/jpeg"}],"twitter_card":"summary_large_image","twitter_site":"@TourTravel_More","twitter_misc":{"Dur\u00e9e de lecture estim\u00e9e":"2 minutes"},"schema":{"@context":"https:\/\/schema.org","@graph":[{"@type":"WebPage","@id":"https:\/\/tourtravelandmore.com\/fr\/tours\/slovaquie-fr\/bratislava-fr\/visite-privee-de-budapest-au-depart-de-bratislava\/","url":"https:\/\/tourtravelandmore.com\/fr\/tours\/slovaquie-fr\/bratislava-fr\/visite-privee-de-budapest-au-depart-de-bratislava\/","name":"Visite priv\u00e9e de Budapest au d\u00e9part de Bratislava - BRATISLAVA TOUR","isPartOf":{"@id":"https:\/\/tourtravelandmore.com\/fr\/#website"},"primaryImageOfPage":{"@id":"https:\/\/tourtravelandmore.com\/fr\/tours\/slovaquie-fr\/bratislava-fr\/visite-privee-de-budapest-au-depart-de-bratislava\/#primaryimage"},"image":{"@id":"https:\/\/tourtravelandmore.com\/fr\/tours\/slovaquie-fr\/bratislava-fr\/visite-privee-de-budapest-au-depart-de-bratislava\/#primaryimage"},"thumbnailUrl":"https:\/\/tourtravelandmore.com\/wp-content\/uploads\/2018\/08\/budapest.jpg","datePublished":"2019-09-24T23:31:51+00:00","dateModified":"2021-03-25T19:45:47+00:00","description":"Profitez de cette visite priv\u00e9e enti\u00e8rement personnalis\u00e9e de Budapest au d\u00e9part de Bratislava et profitez de leurs monuments et sites les plus importants.","breadcrumb":{"@id":"https:\/\/tourtravelandmore.com\/fr\/tours\/slovaquie-fr\/bratislava-fr\/visite-privee-de-budapest-au-depart-de-bratislava\/#breadcrumb"},"inLanguage":"fr-FR","potentialAction":[{"@type":"ReadAction","target":["https:\/\/tourtravelandmore.com\/fr\/tours\/slovaquie-fr\/bratislava-fr\/visite-privee-de-budapest-au-depart-de-bratislava\/"]}]},{"@type":"ImageObject","inLanguage":"fr-FR","@id":"https:\/\/tourtravelandmore.com\/fr\/tours\/slovaquie-fr\/bratislava-fr\/visite-privee-de-budapest-au-depart-de-bratislava\/#primaryimage","url":"https:\/\/tourtravelandmore.com\/wp-content\/uploads\/2018\/08\/budapest.jpg","contentUrl":"https:\/\/tourtravelandmore.com\/wp-content\/uploads\/2018\/08\/budapest.jpg","width":1024,"height":614},{"@type":"BreadcrumbList","@id":"https:\/\/tourtravelandmore.com\/fr\/tours\/slovaquie-fr\/bratislava-fr\/visite-privee-de-budapest-au-depart-de-bratislava\/#breadcrumb","itemListElement":[{"@type":"ListItem","position":1,"name":"Home","item":"https:\/\/tourtravelandmore.com\/fr\/"},{"@type":"ListItem","position":2,"name":"Tours","item":"https:\/\/tourtravelandmore.com\/fr\/tours\/"},{"@type":"ListItem","position":3,"name":"Visite priv\u00e9e de Budapest au d\u00e9part de Bratislava"}]},{"@type":"WebSite","@id":"https:\/\/tourtravelandmore.com\/fr\/#website","url":"https:\/\/tourtravelandmore.com\/fr\/","name":"Tour Travel And More","description":"Private sightseeing tours and luxury transfers in Spain","publisher":{"@id":"https:\/\/tourtravelandmore.com\/fr\/#organization"},"potentialAction":[{"@type":"SearchAction","target":{"@type":"EntryPoint","urlTemplate":"https:\/\/tourtravelandmore.com\/fr\/?s={search_term_string}"},"query-input":{"@type":"PropertyValueSpecification","valueRequired":true,"valueName":"search_term_string"}}],"inLanguage":"fr-FR"},{"@type":"Organization","@id":"https:\/\/tourtravelandmore.com\/fr\/#organization","name":"Tour Travel And More","url":"https:\/\/tourtravelandmore.com\/fr\/","logo":{"@type":"ImageObject","inLanguage":"fr-FR","@id":"https:\/\/tourtravelandmore.com\/fr\/#\/schema\/logo\/image\/","url":"https:\/\/tourtravelandmore.com\/wp-content\/uploads\/2022\/12\/cropped-logo-cabecera-new.png","contentUrl":"https:\/\/tourtravelandmore.com\/wp-content\/uploads\/2022\/12\/cropped-logo-cabecera-new.png","width":430,"height":61,"caption":"Tour Travel And More"},"image":{"@id":"https:\/\/tourtravelandmore.com\/fr\/#\/schema\/logo\/image\/"},"sameAs":["https:\/\/www.facebook.com\/tourtravelandmore\/","https:\/\/x.com\/TourTravel_More"]}]}},"_links":{"self":[{"href":"https:\/\/tourtravelandmore.com\/fr\/wp-json\/wp\/v2\/product\/105662","targetHints":{"allow":["GET"]}}],"collection":[{"href":"https:\/\/tourtravelandmore.com\/fr\/wp-json\/wp\/v2\/product"}],"about":[{"href":"https:\/\/tourtravelandmore.com\/fr\/wp-json\/wp\/v2\/types\/product"}],"replies":[{"embeddable":true,"href":"https:\/\/tourtravelandmore.com\/fr\/wp-json\/wp\/v2\/comments?post=105662"}],"wp:featuredmedia":[{"embeddable":true,"href":"https:\/\/tourtravelandmore.com\/fr\/wp-json\/wp\/v2\/media\/95126"}],"wp:attachment":[{"href":"https:\/\/tourtravelandmore.com\/fr\/wp-json\/wp\/v2\/media?parent=105662"}],"wp:term":[{"taxonomy":"product_brand","embeddable":true,"href":"https:\/\/tourtravelandmore.com\/fr\/wp-json\/wp\/v2\/product_brand?post=105662"},{"taxonomy":"product_cat","embeddable":true,"href":"https:\/\/tourtravelandmore.com\/fr\/wp-json\/wp\/v2\/product_cat?post=105662"},{"taxonomy":"product_tag","embeddable":true,"href":"https:\/\/tourtravelandmore.com\/fr\/wp-json\/wp\/v2\/product_tag?post=105662"}],"curies":[{"name":"wp","href":"https:\/\/api.w.org\/{rel}","templated":true}]}}