{"id":105657,"date":"2019-09-25T01:31:40","date_gmt":"2019-09-24T23:31:40","guid":{"rendered":"https:\/\/tourtravelandmore.com\/tours\/non%20class\u00e9\/visite-a-pied-privee-de-bratislava\/"},"modified":"2021-03-25T20:44:35","modified_gmt":"2021-03-25T19:44:35","slug":"visite-a-pied-privee-de-bratislava","status":"publish","type":"product","link":"https:\/\/tourtravelandmore.com\/fr\/tours\/slovaquie-fr\/bratislava-fr\/visite-a-pied-privee-de-bratislava\/","title":{"rendered":"Visite \u00e0 pied priv\u00e9e de Bratislava"},"content":{"rendered":"<h2>Description<\/h2>\n<p>Profitez de cette visite priv\u00e9e \u00e0 pied de Bratislava dans la ville de Bratislava. Nous disons toujours qu&#8217;une visite \u00e0 pied est l&#8217;un des meilleurs moyens de conna\u00eetre une ville. Avec notre guide priv\u00e9, d\u00e9couvrez le centre-ville de Bratislava.<\/p>\n<p>Cette visite se concentrera sur Star\u00e9 Mesto, la plus ancienne ville de Bratislava.<\/p>\n<p>Au cours de cette visite, nous visiterons les mus\u00e9es les plus c\u00e9l\u00e8bres de la ville. La visite commence dans les rues de l&#8217;ancien quartier de Star\u00e9 Mesto, plus exactement au palais Grassalkovich, la r\u00e9sidence du pr\u00e9sident slovaque. De l\u00e0, nous marcherons jusqu&#8217;\u00e0 la tour Saint-Michel par la rue Obchodn\u00e1, la principale art\u00e8re commer\u00e7ante de Bratislava. Nous continuerons \u00e0 visiter la place principale, l&#8217;ancien h\u00f4tel de ville et le mus\u00e9e de la ville de Bratislava d&#8217;affil\u00e9e.<\/p>\n<p>Apr\u00e8s une petite pause dans l&#8217;un de ses restaurants, notre prochain arr\u00eat sera le Old Slovaque National Theatre, un th\u00e9\u00e2tre de th\u00e9\u00e2tre, d&#8217;op\u00e9ra et de ballet avec un style n\u00e9o-renaissance original qui remonte aux ann\u00e9es 1880 et montre des signes d&#8217;influence hongroise. En marchant le long du pont Nov\u00fd Most sur le Danube, nous d\u00e9couvrirons la tr\u00e8s int\u00e9ressante et \u00e9clectique galerie Bibiana dans la rue Panska.<\/p>\n<p>Le dernier arr\u00eat, mais non le moins important, est le ch\u00e2teau de Bratislava avec une immense forteresse rectangulaire avec quatre tours d&#8217;angle, au sommet d&#8217;une colline rocheuse directement au-dessus du Danube en plein milieu de la ville.<\/p>\n<h2>Sites d&#8217;int\u00e9r\u00eat et monuments<\/h2>\n<p>Au cours de votre visite \u00e0 pied priv\u00e9e de Bratislava, vous d\u00e9couvrirez certains des endroits les plus reconnus de la ville. Vous serez t\u00e9moin de sa beaut\u00e9 architecturale unique. Parmi les sites que vous pouvez visiter \u00e0 travers cette visite priv\u00e9e, nous vous proposons:<\/p>\n<ul>\n<li>Palais Grassalkovich<\/li>\n<li>Rue Obchodn\u00e1<\/li>\n<li>Tour Saint-Michel<\/li>\n<li>Place principale<\/li>\n<li>Ancien h\u00f4tel de ville<\/li>\n<li>Mus\u00e9e de la ville de Bratislava<\/li>\n<li>Palais des primates<\/li>\n<li>Statue de \u010cumil<\/li>\n<li>Ancien th\u00e9\u00e2tre national slovaque<\/li>\n<li>Place Hviezdoslav<\/li>\n<li>Nov\u00fd Most<\/li>\n<li>Bibiana<\/li>\n<li>Cath\u00e9drale Saint-Martin<\/li>\n<li>Ch\u00e2teau de Bratislava<\/li>\n<li>Et bien d&#8217;autres endroits dans cette visite priv\u00e9e \u00e0 pied de Bratislava<\/li>\n<\/ul>\n<p>D\u00e9couvrez nos autres visites priv\u00e9es de Bratislava.<\/p>\n","protected":false},"excerpt":{"rendered":"<p>Bratislava est une ville avec une valeur historique et architecturale qui vaut la peine d&#8217;\u00eatre visit\u00e9e. Profitez de cette visite priv\u00e9e \u00e0 pied dans les rues de Bratislava avec un guide local officiel. Tout au long de la visite, vous pourrez appr\u00e9cier la beaut\u00e9 qu&#8217;offre la ville et ses b\u00e2timents de la Renaissance et m\u00e9di\u00e9vaux, tels que le palais Grassalkovich, la rue Obchodn\u00e1 et bien plus encore!<\/p>\n","protected":false},"featured_media":96413,"comment_status":"open","ping_status":"closed","template":"","meta":{"_acf_changed":false},"product_brand":[],"product_cat":[3738,3827],"product_tag":[],"class_list":{"0":"post-105657","1":"product","2":"type-product","3":"status-publish","4":"has-post-thumbnail","6":"product_cat-slovaquie-fr","7":"product_cat-bratislava-fr","9":"first","10":"instock","11":"shipping-taxable","12":"purchasable","13":"product-type-simple"},"acf":[],"yoast_head":"<!-- This site is optimized with the Yoast SEO Premium plugin v25.3.1 (Yoast SEO v25.3.1) - https:\/\/yoast.com\/wordpress\/plugins\/seo\/ -->\n<title>Visite priv\u00e9e \u00e0 pied de Bratislava avec le guide BRATISLAVA PRIVATE TOUR<\/title>\n<meta name=\"description\" content=\"Explorez et profitez de la ville de Bratislava avec cette visite priv\u00e9e \u00e0 pied de Bratislava avec un guide local et d\u00e9couvrez certains de ses endroits les plus reconnus.\" \/>\n<meta name=\"robots\" content=\"index, follow, max-snippet:-1, max-image-preview:large, max-video-preview:-1\" \/>\n<link rel=\"canonical\" href=\"https:\/\/tourtravelandmore.com\/fr\/tours\/slovaquie-fr\/bratislava-fr\/visite-a-pied-privee-de-bratislava\/\" \/>\n<meta property=\"og:locale\" content=\"fr_FR\" \/>\n<meta property=\"og:type\" content=\"article\" \/>\n<meta property=\"og:title\" content=\"Visite \u00e0 pied priv\u00e9e de Bratislava\" \/>\n<meta property=\"og:description\" content=\"Explorez et profitez de la ville de Bratislava avec cette visite priv\u00e9e \u00e0 pied de Bratislava avec un guide local et d\u00e9couvrez certains de ses endroits les plus reconnus.\" \/>\n<meta property=\"og:url\" content=\"https:\/\/tourtravelandmore.com\/fr\/tours\/slovaquie-fr\/bratislava-fr\/visite-a-pied-privee-de-bratislava\/\" \/>\n<meta property=\"og:site_name\" content=\"Tour Travel And More\" \/>\n<meta property=\"article:publisher\" content=\"https:\/\/www.facebook.com\/tourtravelandmore\/\" \/>\n<meta property=\"article:modified_time\" content=\"2021-03-25T19:44:35+00:00\" \/>\n<meta property=\"og:image\" content=\"https:\/\/tourtravelandmore.com\/wp-content\/uploads\/2019\/09\/bratislava-castle-1024x680.jpg\" \/>\n\t<meta property=\"og:image:width\" content=\"1024\" \/>\n\t<meta property=\"og:image:height\" content=\"680\" \/>\n\t<meta property=\"og:image:type\" content=\"image\/jpeg\" \/>\n<meta name=\"twitter:card\" content=\"summary_large_image\" \/>\n<meta name=\"twitter:site\" content=\"@TourTravel_More\" \/>\n<meta name=\"twitter:label1\" content=\"Dur\u00e9e de lecture estim\u00e9e\" \/>\n\t<meta name=\"twitter:data1\" content=\"2 minutes\" \/>\n<script type=\"application\/ld+json\" class=\"yoast-schema-graph\">{\"@context\":\"https:\/\/schema.org\",\"@graph\":[{\"@type\":\"WebPage\",\"@id\":\"https:\/\/tourtravelandmore.com\/fr\/tours\/slovaquie-fr\/bratislava-fr\/visite-a-pied-privee-de-bratislava\/\",\"url\":\"https:\/\/tourtravelandmore.com\/fr\/tours\/slovaquie-fr\/bratislava-fr\/visite-a-pied-privee-de-bratislava\/\",\"name\":\"Visite priv\u00e9e \u00e0 pied de Bratislava avec le guide BRATISLAVA PRIVATE TOUR\",\"isPartOf\":{\"@id\":\"https:\/\/tourtravelandmore.com\/fr\/#website\"},\"primaryImageOfPage\":{\"@id\":\"https:\/\/tourtravelandmore.com\/fr\/tours\/slovaquie-fr\/bratislava-fr\/visite-a-pied-privee-de-bratislava\/#primaryimage\"},\"image\":{\"@id\":\"https:\/\/tourtravelandmore.com\/fr\/tours\/slovaquie-fr\/bratislava-fr\/visite-a-pied-privee-de-bratislava\/#primaryimage\"},\"thumbnailUrl\":\"https:\/\/tourtravelandmore.com\/wp-content\/uploads\/2019\/09\/bratislava-castle.jpg\",\"datePublished\":\"2019-09-24T23:31:40+00:00\",\"dateModified\":\"2021-03-25T19:44:35+00:00\",\"description\":\"Explorez et profitez de la ville de Bratislava avec cette visite priv\u00e9e \u00e0 pied de Bratislava avec un guide local et d\u00e9couvrez certains de ses endroits les plus reconnus.\",\"breadcrumb\":{\"@id\":\"https:\/\/tourtravelandmore.com\/fr\/tours\/slovaquie-fr\/bratislava-fr\/visite-a-pied-privee-de-bratislava\/#breadcrumb\"},\"inLanguage\":\"fr-FR\",\"potentialAction\":[{\"@type\":\"ReadAction\",\"target\":[\"https:\/\/tourtravelandmore.com\/fr\/tours\/slovaquie-fr\/bratislava-fr\/visite-a-pied-privee-de-bratislava\/\"]}]},{\"@type\":\"ImageObject\",\"inLanguage\":\"fr-FR\",\"@id\":\"https:\/\/tourtravelandmore.com\/fr\/tours\/slovaquie-fr\/bratislava-fr\/visite-a-pied-privee-de-bratislava\/#primaryimage\",\"url\":\"https:\/\/tourtravelandmore.com\/wp-content\/uploads\/2019\/09\/bratislava-castle.jpg\",\"contentUrl\":\"https:\/\/tourtravelandmore.com\/wp-content\/uploads\/2019\/09\/bratislava-castle.jpg\",\"width\":4288,\"height\":2848},{\"@type\":\"BreadcrumbList\",\"@id\":\"https:\/\/tourtravelandmore.com\/fr\/tours\/slovaquie-fr\/bratislava-fr\/visite-a-pied-privee-de-bratislava\/#breadcrumb\",\"itemListElement\":[{\"@type\":\"ListItem\",\"position\":1,\"name\":\"Home\",\"item\":\"https:\/\/tourtravelandmore.com\/fr\/\"},{\"@type\":\"ListItem\",\"position\":2,\"name\":\"Tours\",\"item\":\"https:\/\/tourtravelandmore.com\/fr\/tours\/\"},{\"@type\":\"ListItem\",\"position\":3,\"name\":\"Visite \u00e0 pied priv\u00e9e de Bratislava\"}]},{\"@type\":\"WebSite\",\"@id\":\"https:\/\/tourtravelandmore.com\/fr\/#website\",\"url\":\"https:\/\/tourtravelandmore.com\/fr\/\",\"name\":\"Tour Travel And More\",\"description\":\"Private sightseeing tours and luxury transfers in Spain\",\"publisher\":{\"@id\":\"https:\/\/tourtravelandmore.com\/fr\/#organization\"},\"potentialAction\":[{\"@type\":\"SearchAction\",\"target\":{\"@type\":\"EntryPoint\",\"urlTemplate\":\"https:\/\/tourtravelandmore.com\/fr\/?s={search_term_string}\"},\"query-input\":{\"@type\":\"PropertyValueSpecification\",\"valueRequired\":true,\"valueName\":\"search_term_string\"}}],\"inLanguage\":\"fr-FR\"},{\"@type\":\"Organization\",\"@id\":\"https:\/\/tourtravelandmore.com\/fr\/#organization\",\"name\":\"Tour Travel And More\",\"url\":\"https:\/\/tourtravelandmore.com\/fr\/\",\"logo\":{\"@type\":\"ImageObject\",\"inLanguage\":\"fr-FR\",\"@id\":\"https:\/\/tourtravelandmore.com\/fr\/#\/schema\/logo\/image\/\",\"url\":\"https:\/\/tourtravelandmore.com\/wp-content\/uploads\/2022\/12\/cropped-logo-cabecera-new.png\",\"contentUrl\":\"https:\/\/tourtravelandmore.com\/wp-content\/uploads\/2022\/12\/cropped-logo-cabecera-new.png\",\"width\":430,\"height\":61,\"caption\":\"Tour Travel And More\"},\"image\":{\"@id\":\"https:\/\/tourtravelandmore.com\/fr\/#\/schema\/logo\/image\/\"},\"sameAs\":[\"https:\/\/www.facebook.com\/tourtravelandmore\/\",\"https:\/\/x.com\/TourTravel_More\"]}]}<\/script>\n<!-- \/ Yoast SEO Premium plugin. -->","yoast_head_json":{"title":"Visite priv\u00e9e \u00e0 pied de Bratislava avec le guide BRATISLAVA PRIVATE TOUR","description":"Explorez et profitez de la ville de Bratislava avec cette visite priv\u00e9e \u00e0 pied de Bratislava avec un guide local et d\u00e9couvrez certains de ses endroits les plus reconnus.","robots":{"index":"index","follow":"follow","max-snippet":"max-snippet:-1","max-image-preview":"max-image-preview:large","max-video-preview":"max-video-preview:-1"},"canonical":"https:\/\/tourtravelandmore.com\/fr\/tours\/slovaquie-fr\/bratislava-fr\/visite-a-pied-privee-de-bratislava\/","og_locale":"fr_FR","og_type":"article","og_title":"Visite \u00e0 pied priv\u00e9e de Bratislava","og_description":"Explorez et profitez de la ville de Bratislava avec cette visite priv\u00e9e \u00e0 pied de Bratislava avec un guide local et d\u00e9couvrez certains de ses endroits les plus reconnus.","og_url":"https:\/\/tourtravelandmore.com\/fr\/tours\/slovaquie-fr\/bratislava-fr\/visite-a-pied-privee-de-bratislava\/","og_site_name":"Tour Travel And More","article_publisher":"https:\/\/www.facebook.com\/tourtravelandmore\/","article_modified_time":"2021-03-25T19:44:35+00:00","og_image":[{"width":1024,"height":680,"url":"https:\/\/tourtravelandmore.com\/wp-content\/uploads\/2019\/09\/bratislava-castle-1024x680.jpg","type":"image\/jpeg"}],"twitter_card":"summary_large_image","twitter_site":"@TourTravel_More","twitter_misc":{"Dur\u00e9e de lecture estim\u00e9e":"2 minutes"},"schema":{"@context":"https:\/\/schema.org","@graph":[{"@type":"WebPage","@id":"https:\/\/tourtravelandmore.com\/fr\/tours\/slovaquie-fr\/bratislava-fr\/visite-a-pied-privee-de-bratislava\/","url":"https:\/\/tourtravelandmore.com\/fr\/tours\/slovaquie-fr\/bratislava-fr\/visite-a-pied-privee-de-bratislava\/","name":"Visite priv\u00e9e \u00e0 pied de Bratislava avec le guide BRATISLAVA PRIVATE TOUR","isPartOf":{"@id":"https:\/\/tourtravelandmore.com\/fr\/#website"},"primaryImageOfPage":{"@id":"https:\/\/tourtravelandmore.com\/fr\/tours\/slovaquie-fr\/bratislava-fr\/visite-a-pied-privee-de-bratislava\/#primaryimage"},"image":{"@id":"https:\/\/tourtravelandmore.com\/fr\/tours\/slovaquie-fr\/bratislava-fr\/visite-a-pied-privee-de-bratislava\/#primaryimage"},"thumbnailUrl":"https:\/\/tourtravelandmore.com\/wp-content\/uploads\/2019\/09\/bratislava-castle.jpg","datePublished":"2019-09-24T23:31:40+00:00","dateModified":"2021-03-25T19:44:35+00:00","description":"Explorez et profitez de la ville de Bratislava avec cette visite priv\u00e9e \u00e0 pied de Bratislava avec un guide local et d\u00e9couvrez certains de ses endroits les plus reconnus.","breadcrumb":{"@id":"https:\/\/tourtravelandmore.com\/fr\/tours\/slovaquie-fr\/bratislava-fr\/visite-a-pied-privee-de-bratislava\/#breadcrumb"},"inLanguage":"fr-FR","potentialAction":[{"@type":"ReadAction","target":["https:\/\/tourtravelandmore.com\/fr\/tours\/slovaquie-fr\/bratislava-fr\/visite-a-pied-privee-de-bratislava\/"]}]},{"@type":"ImageObject","inLanguage":"fr-FR","@id":"https:\/\/tourtravelandmore.com\/fr\/tours\/slovaquie-fr\/bratislava-fr\/visite-a-pied-privee-de-bratislava\/#primaryimage","url":"https:\/\/tourtravelandmore.com\/wp-content\/uploads\/2019\/09\/bratislava-castle.jpg","contentUrl":"https:\/\/tourtravelandmore.com\/wp-content\/uploads\/2019\/09\/bratislava-castle.jpg","width":4288,"height":2848},{"@type":"BreadcrumbList","@id":"https:\/\/tourtravelandmore.com\/fr\/tours\/slovaquie-fr\/bratislava-fr\/visite-a-pied-privee-de-bratislava\/#breadcrumb","itemListElement":[{"@type":"ListItem","position":1,"name":"Home","item":"https:\/\/tourtravelandmore.com\/fr\/"},{"@type":"ListItem","position":2,"name":"Tours","item":"https:\/\/tourtravelandmore.com\/fr\/tours\/"},{"@type":"ListItem","position":3,"name":"Visite \u00e0 pied priv\u00e9e de Bratislava"}]},{"@type":"WebSite","@id":"https:\/\/tourtravelandmore.com\/fr\/#website","url":"https:\/\/tourtravelandmore.com\/fr\/","name":"Tour Travel And More","description":"Private sightseeing tours and luxury transfers in Spain","publisher":{"@id":"https:\/\/tourtravelandmore.com\/fr\/#organization"},"potentialAction":[{"@type":"SearchAction","target":{"@type":"EntryPoint","urlTemplate":"https:\/\/tourtravelandmore.com\/fr\/?s={search_term_string}"},"query-input":{"@type":"PropertyValueSpecification","valueRequired":true,"valueName":"search_term_string"}}],"inLanguage":"fr-FR"},{"@type":"Organization","@id":"https:\/\/tourtravelandmore.com\/fr\/#organization","name":"Tour Travel And More","url":"https:\/\/tourtravelandmore.com\/fr\/","logo":{"@type":"ImageObject","inLanguage":"fr-FR","@id":"https:\/\/tourtravelandmore.com\/fr\/#\/schema\/logo\/image\/","url":"https:\/\/tourtravelandmore.com\/wp-content\/uploads\/2022\/12\/cropped-logo-cabecera-new.png","contentUrl":"https:\/\/tourtravelandmore.com\/wp-content\/uploads\/2022\/12\/cropped-logo-cabecera-new.png","width":430,"height":61,"caption":"Tour Travel And More"},"image":{"@id":"https:\/\/tourtravelandmore.com\/fr\/#\/schema\/logo\/image\/"},"sameAs":["https:\/\/www.facebook.com\/tourtravelandmore\/","https:\/\/x.com\/TourTravel_More"]}]}},"_links":{"self":[{"href":"https:\/\/tourtravelandmore.com\/fr\/wp-json\/wp\/v2\/product\/105657","targetHints":{"allow":["GET"]}}],"collection":[{"href":"https:\/\/tourtravelandmore.com\/fr\/wp-json\/wp\/v2\/product"}],"about":[{"href":"https:\/\/tourtravelandmore.com\/fr\/wp-json\/wp\/v2\/types\/product"}],"replies":[{"embeddable":true,"href":"https:\/\/tourtravelandmore.com\/fr\/wp-json\/wp\/v2\/comments?post=105657"}],"wp:featuredmedia":[{"embeddable":true,"href":"https:\/\/tourtravelandmore.com\/fr\/wp-json\/wp\/v2\/media\/96413"}],"wp:attachment":[{"href":"https:\/\/tourtravelandmore.com\/fr\/wp-json\/wp\/v2\/media?parent=105657"}],"wp:term":[{"taxonomy":"product_brand","embeddable":true,"href":"https:\/\/tourtravelandmore.com\/fr\/wp-json\/wp\/v2\/product_brand?post=105657"},{"taxonomy":"product_cat","embeddable":true,"href":"https:\/\/tourtravelandmore.com\/fr\/wp-json\/wp\/v2\/product_cat?post=105657"},{"taxonomy":"product_tag","embeddable":true,"href":"https:\/\/tourtravelandmore.com\/fr\/wp-json\/wp\/v2\/product_tag?post=105657"}],"curies":[{"name":"wp","href":"https:\/\/api.w.org\/{rel}","templated":true}]}}