{"id":105652,"date":"2019-09-25T01:31:26","date_gmt":"2019-09-24T23:31:26","guid":{"rendered":"https:\/\/tourtravelandmore.com\/tours\/non%20class\u00e9\/transfert-prive-a-bratislava\/"},"modified":"2021-03-25T20:43:06","modified_gmt":"2021-03-25T19:43:06","slug":"transfert-prive-a-bratislava","status":"publish","type":"product","link":"https:\/\/tourtravelandmore.com\/fr\/tours\/slovaquie-fr\/bratislava-fr\/transfert-prive-a-bratislava\/","title":{"rendered":"Transfert priv\u00e9 \u00e0 Bratislava"},"content":{"rendered":"<h2>Description<\/h2>\n<p>Avec notre transfert priv\u00e9 Bratislava \u00e0 Bratislava, profitez d&#8217;un moyen rapide et facile de vous rendre \u00e0 votre h\u00f4tel \u00e0 Bratislava.<\/p>\n<p>Nos transferts priv\u00e9s sont l&#8217;un des moyens les meilleurs et les plus faciles d&#8217;arriver \u00e0 votre destination finale \u00e0 Bratislava. Une fois descendu de votre avion, r\u00e9cup\u00e9rez vos bagages et retrouvez votre chauffeur priv\u00e9.<\/p>\n<p>De cette fa\u00e7on, profitez d&#8217;un transfert sans tracas. Prenez votre chauffeur et dirigez-vous vers le centre-ville de Bratislava. Notre transfert priv\u00e9 \u00e0 Bratislava vous permettra \u00e9galement d&#8217;avoir une petite vue panoramique de la ville avant d&#8217;arriver \u00e0 votre dernier arr\u00eat.<\/p>\n<p>Pour nos transferts priv\u00e9s, nous avons diff\u00e9rents si\u00e8ges enfants disponibles et diff\u00e9rents v\u00e9hicules.<\/p>\n<p>Tous nos v\u00e9hicules priv\u00e9s sont des v\u00e9hicules de luxe Mercedes Benz. Pour 2 personnes, nous avons une Mercedes Classe E, pour 3 \u00e0 6 personnes une Mercedes Viano ou une Classe V. Nous avons aussi des v\u00e9hicules plus gros comme des minibus et des autocars mais toujours pour le m\u00eame groupe.<\/p>\n<h2>Sites d&#8217;int\u00e9r\u00eat et monuments<\/h2>\n<p>La ville de Bratislava est la capitale de la Slovaquie. C&#8217;est le centre politique, culturel et \u00e9conomique de la Slovaquie.<\/p>\n<p>Bratislava compte environ 430 000 habitants. Bratislava est l&#8217;une des plus petites capitales d&#8217;Europe mais reste la plus grande ville du pays. Trouvez de grandes entreprises et institutions financi\u00e8res.<\/p>\n<p>Bordant l&#8217;Autriche et la Hongrie, c&#8217;est la seule capitale nationale qui borde deux \u00c9tats souverains. La r\u00e9gion de Bratislava est la r\u00e9gion la plus riche et la plus \u00e9conomiquement prosp\u00e8re de Slovaquie. M\u00eame si c&#8217;est le plus petit par zone et qu&#8217;il a la troisi\u00e8me plus petite population des huit r\u00e9gions slovaques.<\/p>\n<p>En 2017, Bratislava \u00e9tait class\u00e9e troisi\u00e8me r\u00e9gion la plus riche de l&#8217;Union europ\u00e9enne apr\u00e8s Hambourg et Luxembourg-ville.<\/p>\n<p>D\u00e9couvrez les visites priv\u00e9es que nous proposons dans la ville de Bratislava.<\/p>\n","protected":false},"excerpt":{"rendered":"<p>Profitez de cette occasion pour profiter de ce moyen confortable pour vous rendre \u00e0 votre destination finale \u00e0 Bratislava. Vous disposerez de votre propre v\u00e9hicule de luxe priv\u00e9 avec chauffeur pour vous conduire rapidement et confortablement \u00e0 l&#8217;emplacement de votre choix. La prise en charge peut se faire \u00e0 l&#8217;h\u00f4tel, \u00e0 l&#8217;a\u00e9roport, \u00e0 la gare ou au lieu de votre choix.<\/p>\n","protected":false},"featured_media":93967,"comment_status":"open","ping_status":"closed","template":"","meta":{"_acf_changed":false},"product_brand":[],"product_cat":[3738,3827],"product_tag":[],"class_list":{"0":"post-105652","1":"product","2":"type-product","3":"status-publish","4":"has-post-thumbnail","6":"product_cat-slovaquie-fr","7":"product_cat-bratislava-fr","9":"first","10":"instock","11":"shipping-taxable","12":"purchasable","13":"product-type-simple"},"acf":[],"yoast_head":"<!-- This site is optimized with the Yoast SEO Premium plugin v25.3.1 (Yoast SEO v25.3.1) - https:\/\/yoast.com\/wordpress\/plugins\/seo\/ -->\n<title>Transfert priv\u00e9 a\u00e9roport de Bratislava - Transfert priv\u00e9 de Bratislava<\/title>\n<meta name=\"description\" content=\"Arrivez \u00e0 votre destination finale \u00e0 Bratislava avec notre transfert priv\u00e9 \u00e0 Bratislava. V\u00e9hicule de luxe priv\u00e9 avec chauffeur pour vous rendre confortablement \u00e0 votre emplacement.\" \/>\n<meta name=\"robots\" content=\"index, follow, max-snippet:-1, max-image-preview:large, max-video-preview:-1\" \/>\n<link rel=\"canonical\" href=\"https:\/\/tourtravelandmore.com\/fr\/tours\/slovaquie-fr\/bratislava-fr\/transfert-prive-a-bratislava\/\" \/>\n<meta property=\"og:locale\" content=\"fr_FR\" \/>\n<meta property=\"og:type\" content=\"article\" \/>\n<meta property=\"og:title\" content=\"Transfert priv\u00e9 \u00e0 Bratislava\" \/>\n<meta property=\"og:description\" content=\"Arrivez \u00e0 votre destination finale \u00e0 Bratislava avec notre transfert priv\u00e9 \u00e0 Bratislava. V\u00e9hicule de luxe priv\u00e9 avec chauffeur pour vous rendre confortablement \u00e0 votre emplacement.\" \/>\n<meta property=\"og:url\" content=\"https:\/\/tourtravelandmore.com\/fr\/tours\/slovaquie-fr\/bratislava-fr\/transfert-prive-a-bratislava\/\" \/>\n<meta property=\"og:site_name\" content=\"Tour Travel And More\" \/>\n<meta property=\"article:publisher\" content=\"https:\/\/www.facebook.com\/tourtravelandmore\/\" \/>\n<meta property=\"article:modified_time\" content=\"2021-03-25T19:43:06+00:00\" \/>\n<meta property=\"og:image\" content=\"https:\/\/tourtravelandmore.com\/wp-content\/uploads\/2016\/10\/madrid-private-transfer.png\" \/>\n\t<meta property=\"og:image:width\" content=\"640\" \/>\n\t<meta property=\"og:image:height\" content=\"425\" \/>\n\t<meta property=\"og:image:type\" content=\"image\/png\" \/>\n<meta name=\"twitter:card\" content=\"summary_large_image\" \/>\n<meta name=\"twitter:site\" content=\"@TourTravel_More\" \/>\n<meta name=\"twitter:label1\" content=\"Dur\u00e9e de lecture estim\u00e9e\" \/>\n\t<meta name=\"twitter:data1\" content=\"2 minutes\" \/>\n<script type=\"application\/ld+json\" class=\"yoast-schema-graph\">{\"@context\":\"https:\/\/schema.org\",\"@graph\":[{\"@type\":\"WebPage\",\"@id\":\"https:\/\/tourtravelandmore.com\/fr\/tours\/slovaquie-fr\/bratislava-fr\/transfert-prive-a-bratislava\/\",\"url\":\"https:\/\/tourtravelandmore.com\/fr\/tours\/slovaquie-fr\/bratislava-fr\/transfert-prive-a-bratislava\/\",\"name\":\"Transfert priv\u00e9 a\u00e9roport de Bratislava - Transfert priv\u00e9 de Bratislava\",\"isPartOf\":{\"@id\":\"https:\/\/tourtravelandmore.com\/fr\/#website\"},\"primaryImageOfPage\":{\"@id\":\"https:\/\/tourtravelandmore.com\/fr\/tours\/slovaquie-fr\/bratislava-fr\/transfert-prive-a-bratislava\/#primaryimage\"},\"image\":{\"@id\":\"https:\/\/tourtravelandmore.com\/fr\/tours\/slovaquie-fr\/bratislava-fr\/transfert-prive-a-bratislava\/#primaryimage\"},\"thumbnailUrl\":\"https:\/\/tourtravelandmore.com\/wp-content\/uploads\/2016\/10\/madrid-private-transfer.png\",\"datePublished\":\"2019-09-24T23:31:26+00:00\",\"dateModified\":\"2021-03-25T19:43:06+00:00\",\"description\":\"Arrivez \u00e0 votre destination finale \u00e0 Bratislava avec notre transfert priv\u00e9 \u00e0 Bratislava. V\u00e9hicule de luxe priv\u00e9 avec chauffeur pour vous rendre confortablement \u00e0 votre emplacement.\",\"breadcrumb\":{\"@id\":\"https:\/\/tourtravelandmore.com\/fr\/tours\/slovaquie-fr\/bratislava-fr\/transfert-prive-a-bratislava\/#breadcrumb\"},\"inLanguage\":\"fr-FR\",\"potentialAction\":[{\"@type\":\"ReadAction\",\"target\":[\"https:\/\/tourtravelandmore.com\/fr\/tours\/slovaquie-fr\/bratislava-fr\/transfert-prive-a-bratislava\/\"]}]},{\"@type\":\"ImageObject\",\"inLanguage\":\"fr-FR\",\"@id\":\"https:\/\/tourtravelandmore.com\/fr\/tours\/slovaquie-fr\/bratislava-fr\/transfert-prive-a-bratislava\/#primaryimage\",\"url\":\"https:\/\/tourtravelandmore.com\/wp-content\/uploads\/2016\/10\/madrid-private-transfer.png\",\"contentUrl\":\"https:\/\/tourtravelandmore.com\/wp-content\/uploads\/2016\/10\/madrid-private-transfer.png\",\"width\":640,\"height\":425,\"caption\":\"Private Transfer\"},{\"@type\":\"BreadcrumbList\",\"@id\":\"https:\/\/tourtravelandmore.com\/fr\/tours\/slovaquie-fr\/bratislava-fr\/transfert-prive-a-bratislava\/#breadcrumb\",\"itemListElement\":[{\"@type\":\"ListItem\",\"position\":1,\"name\":\"Home\",\"item\":\"https:\/\/tourtravelandmore.com\/fr\/\"},{\"@type\":\"ListItem\",\"position\":2,\"name\":\"Tours\",\"item\":\"https:\/\/tourtravelandmore.com\/fr\/tours\/\"},{\"@type\":\"ListItem\",\"position\":3,\"name\":\"Transfert priv\u00e9 \u00e0 Bratislava\"}]},{\"@type\":\"WebSite\",\"@id\":\"https:\/\/tourtravelandmore.com\/fr\/#website\",\"url\":\"https:\/\/tourtravelandmore.com\/fr\/\",\"name\":\"Tour Travel And More\",\"description\":\"Private sightseeing tours and luxury transfers in Spain\",\"publisher\":{\"@id\":\"https:\/\/tourtravelandmore.com\/fr\/#organization\"},\"potentialAction\":[{\"@type\":\"SearchAction\",\"target\":{\"@type\":\"EntryPoint\",\"urlTemplate\":\"https:\/\/tourtravelandmore.com\/fr\/?s={search_term_string}\"},\"query-input\":{\"@type\":\"PropertyValueSpecification\",\"valueRequired\":true,\"valueName\":\"search_term_string\"}}],\"inLanguage\":\"fr-FR\"},{\"@type\":\"Organization\",\"@id\":\"https:\/\/tourtravelandmore.com\/fr\/#organization\",\"name\":\"Tour Travel And More\",\"url\":\"https:\/\/tourtravelandmore.com\/fr\/\",\"logo\":{\"@type\":\"ImageObject\",\"inLanguage\":\"fr-FR\",\"@id\":\"https:\/\/tourtravelandmore.com\/fr\/#\/schema\/logo\/image\/\",\"url\":\"https:\/\/tourtravelandmore.com\/wp-content\/uploads\/2022\/12\/cropped-logo-cabecera-new.png\",\"contentUrl\":\"https:\/\/tourtravelandmore.com\/wp-content\/uploads\/2022\/12\/cropped-logo-cabecera-new.png\",\"width\":430,\"height\":61,\"caption\":\"Tour Travel And More\"},\"image\":{\"@id\":\"https:\/\/tourtravelandmore.com\/fr\/#\/schema\/logo\/image\/\"},\"sameAs\":[\"https:\/\/www.facebook.com\/tourtravelandmore\/\",\"https:\/\/x.com\/TourTravel_More\"]}]}<\/script>\n<!-- \/ Yoast SEO Premium plugin. -->","yoast_head_json":{"title":"Transfert priv\u00e9 a\u00e9roport de Bratislava - Transfert priv\u00e9 de Bratislava","description":"Arrivez \u00e0 votre destination finale \u00e0 Bratislava avec notre transfert priv\u00e9 \u00e0 Bratislava. V\u00e9hicule de luxe priv\u00e9 avec chauffeur pour vous rendre confortablement \u00e0 votre emplacement.","robots":{"index":"index","follow":"follow","max-snippet":"max-snippet:-1","max-image-preview":"max-image-preview:large","max-video-preview":"max-video-preview:-1"},"canonical":"https:\/\/tourtravelandmore.com\/fr\/tours\/slovaquie-fr\/bratislava-fr\/transfert-prive-a-bratislava\/","og_locale":"fr_FR","og_type":"article","og_title":"Transfert priv\u00e9 \u00e0 Bratislava","og_description":"Arrivez \u00e0 votre destination finale \u00e0 Bratislava avec notre transfert priv\u00e9 \u00e0 Bratislava. V\u00e9hicule de luxe priv\u00e9 avec chauffeur pour vous rendre confortablement \u00e0 votre emplacement.","og_url":"https:\/\/tourtravelandmore.com\/fr\/tours\/slovaquie-fr\/bratislava-fr\/transfert-prive-a-bratislava\/","og_site_name":"Tour Travel And More","article_publisher":"https:\/\/www.facebook.com\/tourtravelandmore\/","article_modified_time":"2021-03-25T19:43:06+00:00","og_image":[{"width":640,"height":425,"url":"https:\/\/tourtravelandmore.com\/wp-content\/uploads\/2016\/10\/madrid-private-transfer.png","type":"image\/png"}],"twitter_card":"summary_large_image","twitter_site":"@TourTravel_More","twitter_misc":{"Dur\u00e9e de lecture estim\u00e9e":"2 minutes"},"schema":{"@context":"https:\/\/schema.org","@graph":[{"@type":"WebPage","@id":"https:\/\/tourtravelandmore.com\/fr\/tours\/slovaquie-fr\/bratislava-fr\/transfert-prive-a-bratislava\/","url":"https:\/\/tourtravelandmore.com\/fr\/tours\/slovaquie-fr\/bratislava-fr\/transfert-prive-a-bratislava\/","name":"Transfert priv\u00e9 a\u00e9roport de Bratislava - Transfert priv\u00e9 de Bratislava","isPartOf":{"@id":"https:\/\/tourtravelandmore.com\/fr\/#website"},"primaryImageOfPage":{"@id":"https:\/\/tourtravelandmore.com\/fr\/tours\/slovaquie-fr\/bratislava-fr\/transfert-prive-a-bratislava\/#primaryimage"},"image":{"@id":"https:\/\/tourtravelandmore.com\/fr\/tours\/slovaquie-fr\/bratislava-fr\/transfert-prive-a-bratislava\/#primaryimage"},"thumbnailUrl":"https:\/\/tourtravelandmore.com\/wp-content\/uploads\/2016\/10\/madrid-private-transfer.png","datePublished":"2019-09-24T23:31:26+00:00","dateModified":"2021-03-25T19:43:06+00:00","description":"Arrivez \u00e0 votre destination finale \u00e0 Bratislava avec notre transfert priv\u00e9 \u00e0 Bratislava. V\u00e9hicule de luxe priv\u00e9 avec chauffeur pour vous rendre confortablement \u00e0 votre emplacement.","breadcrumb":{"@id":"https:\/\/tourtravelandmore.com\/fr\/tours\/slovaquie-fr\/bratislava-fr\/transfert-prive-a-bratislava\/#breadcrumb"},"inLanguage":"fr-FR","potentialAction":[{"@type":"ReadAction","target":["https:\/\/tourtravelandmore.com\/fr\/tours\/slovaquie-fr\/bratislava-fr\/transfert-prive-a-bratislava\/"]}]},{"@type":"ImageObject","inLanguage":"fr-FR","@id":"https:\/\/tourtravelandmore.com\/fr\/tours\/slovaquie-fr\/bratislava-fr\/transfert-prive-a-bratislava\/#primaryimage","url":"https:\/\/tourtravelandmore.com\/wp-content\/uploads\/2016\/10\/madrid-private-transfer.png","contentUrl":"https:\/\/tourtravelandmore.com\/wp-content\/uploads\/2016\/10\/madrid-private-transfer.png","width":640,"height":425,"caption":"Private Transfer"},{"@type":"BreadcrumbList","@id":"https:\/\/tourtravelandmore.com\/fr\/tours\/slovaquie-fr\/bratislava-fr\/transfert-prive-a-bratislava\/#breadcrumb","itemListElement":[{"@type":"ListItem","position":1,"name":"Home","item":"https:\/\/tourtravelandmore.com\/fr\/"},{"@type":"ListItem","position":2,"name":"Tours","item":"https:\/\/tourtravelandmore.com\/fr\/tours\/"},{"@type":"ListItem","position":3,"name":"Transfert priv\u00e9 \u00e0 Bratislava"}]},{"@type":"WebSite","@id":"https:\/\/tourtravelandmore.com\/fr\/#website","url":"https:\/\/tourtravelandmore.com\/fr\/","name":"Tour Travel And More","description":"Private sightseeing tours and luxury transfers in Spain","publisher":{"@id":"https:\/\/tourtravelandmore.com\/fr\/#organization"},"potentialAction":[{"@type":"SearchAction","target":{"@type":"EntryPoint","urlTemplate":"https:\/\/tourtravelandmore.com\/fr\/?s={search_term_string}"},"query-input":{"@type":"PropertyValueSpecification","valueRequired":true,"valueName":"search_term_string"}}],"inLanguage":"fr-FR"},{"@type":"Organization","@id":"https:\/\/tourtravelandmore.com\/fr\/#organization","name":"Tour Travel And More","url":"https:\/\/tourtravelandmore.com\/fr\/","logo":{"@type":"ImageObject","inLanguage":"fr-FR","@id":"https:\/\/tourtravelandmore.com\/fr\/#\/schema\/logo\/image\/","url":"https:\/\/tourtravelandmore.com\/wp-content\/uploads\/2022\/12\/cropped-logo-cabecera-new.png","contentUrl":"https:\/\/tourtravelandmore.com\/wp-content\/uploads\/2022\/12\/cropped-logo-cabecera-new.png","width":430,"height":61,"caption":"Tour Travel And More"},"image":{"@id":"https:\/\/tourtravelandmore.com\/fr\/#\/schema\/logo\/image\/"},"sameAs":["https:\/\/www.facebook.com\/tourtravelandmore\/","https:\/\/x.com\/TourTravel_More"]}]}},"_links":{"self":[{"href":"https:\/\/tourtravelandmore.com\/fr\/wp-json\/wp\/v2\/product\/105652","targetHints":{"allow":["GET"]}}],"collection":[{"href":"https:\/\/tourtravelandmore.com\/fr\/wp-json\/wp\/v2\/product"}],"about":[{"href":"https:\/\/tourtravelandmore.com\/fr\/wp-json\/wp\/v2\/types\/product"}],"replies":[{"embeddable":true,"href":"https:\/\/tourtravelandmore.com\/fr\/wp-json\/wp\/v2\/comments?post=105652"}],"wp:featuredmedia":[{"embeddable":true,"href":"https:\/\/tourtravelandmore.com\/fr\/wp-json\/wp\/v2\/media\/93967"}],"wp:attachment":[{"href":"https:\/\/tourtravelandmore.com\/fr\/wp-json\/wp\/v2\/media?parent=105652"}],"wp:term":[{"taxonomy":"product_brand","embeddable":true,"href":"https:\/\/tourtravelandmore.com\/fr\/wp-json\/wp\/v2\/product_brand?post=105652"},{"taxonomy":"product_cat","embeddable":true,"href":"https:\/\/tourtravelandmore.com\/fr\/wp-json\/wp\/v2\/product_cat?post=105652"},{"taxonomy":"product_tag","embeddable":true,"href":"https:\/\/tourtravelandmore.com\/fr\/wp-json\/wp\/v2\/product_tag?post=105652"}],"curies":[{"name":"wp","href":"https:\/\/api.w.org\/{rel}","templated":true}]}}