{"id":105643,"date":"2019-09-22T14:06:13","date_gmt":"2019-09-22T12:06:13","guid":{"rendered":"https:\/\/tourtravelandmore.com\/tours\/non%20class\u00e9\/visite-privee-de-bratislava\/"},"modified":"2021-03-25T20:38:33","modified_gmt":"2021-03-25T19:38:33","slug":"visite-privee-de-bratislava","status":"publish","type":"product","link":"https:\/\/tourtravelandmore.com\/fr\/tours\/slovaquie-fr\/bratislava-fr\/visite-privee-de-bratislava\/","title":{"rendered":"Visite priv\u00e9e de Bratislava"},"content":{"rendered":"<h2>Description<\/h2>\n<p>Profitez de la vieille ville de Bratislava. Profitez de ses nombreuses \u00e9glises et de ses merveilleux sites historiques lors de cette visite priv\u00e9e de Bratislava. Tous nos circuits sont avec votre propre guide officiel priv\u00e9 et confortablement dans votre v\u00e9hicule de luxe priv\u00e9 avec chauffeur. D\u00e9couvrez le meilleur de ce que Bratislava a \u00e0 offrir lors de cette visite priv\u00e9e.<\/p>\n<p>Pour vous rendre cette exp\u00e9rience plus facile et plus confortable, nous vous rencontrerons \u00e0 votre h\u00f4tel ou lieu de votre choix \u00e0 Bratislava.<\/p>\n<p>Vous rencontrerez votre guide \u00e0 un point central de la ville, o\u00f9 d\u00e9butera votre visite priv\u00e9e de la ville.<\/p>\n<p>\u00c0 Bratislava, nous verrons l&#8217;impressionnant style m\u00e9di\u00e9val de l&#8217;architecture de la ville.<\/p>\n<p>Votre premier arr\u00eat sera le Th\u00e9\u00e2tre national slovaque, le deuxi\u00e8me plus ancien th\u00e9\u00e2tre professionnel slovaque.<\/p>\n<p>Apr\u00e8s cela, nous continuerons vers le Mus\u00e9e national slovaque, situ\u00e9 \u00e0 la pointe de la conservation de la culture slovaque.<\/p>\n<p>Plus tard, nous aurons une vue magnifique et relaxante sur le Danube au palais Esterh\u00e1zy. Nous pouvons faire une petite pause dans l&#8217;un de ses nombreux restaurants de luxe et nous d\u00e9lecter de l&#8217;impressionnante cuisine slovaque.<\/p>\n<h2>Sites d&#8217;int\u00e9r\u00eat et monuments<\/h2>\n<p>Lors de votre visite priv\u00e9e de Bratislava, vous d\u00e9couvrirez certains des sites les plus embl\u00e9matiques de Bratislava.<\/p>\n<p>Une fois que nous avons commenc\u00e9 la visite \u00e0 Bratislava, nous vous proposons de visiter ces endroits:<\/p>\n<ul>\n<li>Th\u00e9\u00e2tre national slovaque<\/li>\n<li>Universit\u00e9 Comenius de Bratislava<\/li>\n<li>Mus\u00e9e national slovaque<\/li>\n<li>Palais Esterh\u00e1zy<\/li>\n<li>Ancien th\u00e9\u00e2tre national slovaque<\/li>\n<li>Academia Istropolitana<\/li>\n<li>Maison du Bon Pasteur<\/li>\n<li>Place de la libert\u00e9<\/li>\n<li>M\u00e9morial de Slavin<\/li>\n<li>Et bien d&#8217;autres endroits dans cette visite priv\u00e9e de Bratislava<\/li>\n<\/ul>\n<p>Comme nous l&#8217;avons d\u00e9j\u00e0 dit, nous pouvons organiser la dur\u00e9e et les sites de la visite en fonction de vos besoins personnels. Nous pouvons offrir des heures suppl\u00e9mentaires pour satisfaire vos besoins et vos d\u00e9sirs. Veuillez nous indiquer la dur\u00e9e de la visite priv\u00e9e.<\/p>\n<p>Chaque guide est un guide officiel de Bratislava avec une grande connaissance de la ville et de son histoire. Votre v\u00e9hicule priv\u00e9 est un v\u00e9hicule de luxe priv\u00e9, une Mercedes Benz Classe E, Viano ou Vito. Chaque v\u00e9hicule avec un chauffeur s\u00e9par\u00e9 pour assurer l&#8217;attention de vos guides touristiques officiels pendant toute la dur\u00e9e de la visite.<\/p>\n<p>Une fois la visite termin\u00e9e, votre guide priv\u00e9 officiel et chauffeur avec v\u00e9hicule vous ram\u00e8nera \u00e0 votre h\u00f4tel ou lieu de votre choix \u00e0 Bratislava.<\/p>\n<p>Admirez nos visites priv\u00e9es comme les visites \u00e0 pied et les visites d&#8217;une journ\u00e9e.<\/p>\n","protected":false},"excerpt":{"rendered":"<p>Aventurez-vous lors de cette visite priv\u00e9e de 4 heures et profitez de la vieille ville de Bratislava. Ne manquez pas l&#8217;occasion de d\u00e9couvrir la ville, son parc et tout ce qu&#8217;elle a \u00e0 offrir avec votre guide officiel priv\u00e9, confortablement dans votre v\u00e9hicule de luxe priv\u00e9 avec chauffeur. Nous viendrons vous chercher \u00e0 votre h\u00f4tel ou \u00e0 l&#8217;endroit de votre choix \u00e0 Bratislava.<\/p>\n","protected":false},"featured_media":96417,"comment_status":"open","ping_status":"closed","template":"","meta":{"_acf_changed":false},"product_brand":[],"product_cat":[3738,3827],"product_tag":[],"class_list":{"0":"post-105643","1":"product","2":"type-product","3":"status-publish","4":"has-post-thumbnail","6":"product_cat-slovaquie-fr","7":"product_cat-bratislava-fr","9":"first","10":"instock","11":"shipping-taxable","12":"purchasable","13":"product-type-simple"},"acf":[],"yoast_head":"<!-- This site is optimized with the Yoast SEO Premium plugin v25.3.1 (Yoast SEO v25.3.1) - https:\/\/yoast.com\/wordpress\/plugins\/seo\/ -->\n<title>Visite priv\u00e9e de la ville de Bratislava - Visite priv\u00e9e de Bratislava<\/title>\n<meta name=\"description\" content=\"Visite priv\u00e9e de Bratislava. Profitez des monuments et des sites les plus importants de la vieille ville de Bratislava et visitez ses sites historiques.\" \/>\n<meta name=\"robots\" content=\"index, follow, max-snippet:-1, max-image-preview:large, max-video-preview:-1\" \/>\n<link rel=\"canonical\" href=\"https:\/\/tourtravelandmore.com\/fr\/tours\/slovaquie-fr\/bratislava-fr\/visite-privee-de-bratislava\/\" \/>\n<meta property=\"og:locale\" content=\"fr_FR\" \/>\n<meta property=\"og:type\" content=\"article\" \/>\n<meta property=\"og:title\" content=\"Visite priv\u00e9e de Bratislava\" \/>\n<meta property=\"og:description\" content=\"Visite priv\u00e9e de Bratislava. Profitez des monuments et des sites les plus importants de la vieille ville de Bratislava et visitez ses sites historiques.\" \/>\n<meta property=\"og:url\" content=\"https:\/\/tourtravelandmore.com\/fr\/tours\/slovaquie-fr\/bratislava-fr\/visite-privee-de-bratislava\/\" \/>\n<meta property=\"og:site_name\" content=\"Tour Travel And More\" \/>\n<meta property=\"article:publisher\" content=\"https:\/\/www.facebook.com\/tourtravelandmore\/\" \/>\n<meta property=\"article:modified_time\" content=\"2021-03-25T19:38:33+00:00\" \/>\n<meta property=\"og:image\" content=\"https:\/\/tourtravelandmore.com\/wp-content\/uploads\/2019\/09\/bratislava-michaels-gate.jpg\" \/>\n\t<meta property=\"og:image:width\" content=\"1024\" \/>\n\t<meta property=\"og:image:height\" content=\"749\" \/>\n\t<meta property=\"og:image:type\" content=\"image\/jpeg\" \/>\n<meta name=\"twitter:card\" content=\"summary_large_image\" \/>\n<meta name=\"twitter:site\" content=\"@TourTravel_More\" \/>\n<meta name=\"twitter:label1\" content=\"Dur\u00e9e de lecture estim\u00e9e\" \/>\n\t<meta name=\"twitter:data1\" content=\"2 minutes\" \/>\n<script type=\"application\/ld+json\" class=\"yoast-schema-graph\">{\"@context\":\"https:\/\/schema.org\",\"@graph\":[{\"@type\":\"WebPage\",\"@id\":\"https:\/\/tourtravelandmore.com\/fr\/tours\/slovaquie-fr\/bratislava-fr\/visite-privee-de-bratislava\/\",\"url\":\"https:\/\/tourtravelandmore.com\/fr\/tours\/slovaquie-fr\/bratislava-fr\/visite-privee-de-bratislava\/\",\"name\":\"Visite priv\u00e9e de la ville de Bratislava - Visite priv\u00e9e de Bratislava\",\"isPartOf\":{\"@id\":\"https:\/\/tourtravelandmore.com\/fr\/#website\"},\"primaryImageOfPage\":{\"@id\":\"https:\/\/tourtravelandmore.com\/fr\/tours\/slovaquie-fr\/bratislava-fr\/visite-privee-de-bratislava\/#primaryimage\"},\"image\":{\"@id\":\"https:\/\/tourtravelandmore.com\/fr\/tours\/slovaquie-fr\/bratislava-fr\/visite-privee-de-bratislava\/#primaryimage\"},\"thumbnailUrl\":\"https:\/\/tourtravelandmore.com\/wp-content\/uploads\/2019\/09\/bratislava-michaels-gate.jpg\",\"datePublished\":\"2019-09-22T12:06:13+00:00\",\"dateModified\":\"2021-03-25T19:38:33+00:00\",\"description\":\"Visite priv\u00e9e de Bratislava. Profitez des monuments et des sites les plus importants de la vieille ville de Bratislava et visitez ses sites historiques.\",\"breadcrumb\":{\"@id\":\"https:\/\/tourtravelandmore.com\/fr\/tours\/slovaquie-fr\/bratislava-fr\/visite-privee-de-bratislava\/#breadcrumb\"},\"inLanguage\":\"fr-FR\",\"potentialAction\":[{\"@type\":\"ReadAction\",\"target\":[\"https:\/\/tourtravelandmore.com\/fr\/tours\/slovaquie-fr\/bratislava-fr\/visite-privee-de-bratislava\/\"]}]},{\"@type\":\"ImageObject\",\"inLanguage\":\"fr-FR\",\"@id\":\"https:\/\/tourtravelandmore.com\/fr\/tours\/slovaquie-fr\/bratislava-fr\/visite-privee-de-bratislava\/#primaryimage\",\"url\":\"https:\/\/tourtravelandmore.com\/wp-content\/uploads\/2019\/09\/bratislava-michaels-gate.jpg\",\"contentUrl\":\"https:\/\/tourtravelandmore.com\/wp-content\/uploads\/2019\/09\/bratislava-michaels-gate.jpg\",\"width\":1024,\"height\":749},{\"@type\":\"BreadcrumbList\",\"@id\":\"https:\/\/tourtravelandmore.com\/fr\/tours\/slovaquie-fr\/bratislava-fr\/visite-privee-de-bratislava\/#breadcrumb\",\"itemListElement\":[{\"@type\":\"ListItem\",\"position\":1,\"name\":\"Home\",\"item\":\"https:\/\/tourtravelandmore.com\/fr\/\"},{\"@type\":\"ListItem\",\"position\":2,\"name\":\"Tours\",\"item\":\"https:\/\/tourtravelandmore.com\/fr\/tours\/\"},{\"@type\":\"ListItem\",\"position\":3,\"name\":\"Visite priv\u00e9e de Bratislava\"}]},{\"@type\":\"WebSite\",\"@id\":\"https:\/\/tourtravelandmore.com\/fr\/#website\",\"url\":\"https:\/\/tourtravelandmore.com\/fr\/\",\"name\":\"Tour Travel And More\",\"description\":\"Private sightseeing tours and luxury transfers in Spain\",\"publisher\":{\"@id\":\"https:\/\/tourtravelandmore.com\/fr\/#organization\"},\"potentialAction\":[{\"@type\":\"SearchAction\",\"target\":{\"@type\":\"EntryPoint\",\"urlTemplate\":\"https:\/\/tourtravelandmore.com\/fr\/?s={search_term_string}\"},\"query-input\":{\"@type\":\"PropertyValueSpecification\",\"valueRequired\":true,\"valueName\":\"search_term_string\"}}],\"inLanguage\":\"fr-FR\"},{\"@type\":\"Organization\",\"@id\":\"https:\/\/tourtravelandmore.com\/fr\/#organization\",\"name\":\"Tour Travel And More\",\"url\":\"https:\/\/tourtravelandmore.com\/fr\/\",\"logo\":{\"@type\":\"ImageObject\",\"inLanguage\":\"fr-FR\",\"@id\":\"https:\/\/tourtravelandmore.com\/fr\/#\/schema\/logo\/image\/\",\"url\":\"https:\/\/tourtravelandmore.com\/wp-content\/uploads\/2022\/12\/cropped-logo-cabecera-new.png\",\"contentUrl\":\"https:\/\/tourtravelandmore.com\/wp-content\/uploads\/2022\/12\/cropped-logo-cabecera-new.png\",\"width\":430,\"height\":61,\"caption\":\"Tour Travel And More\"},\"image\":{\"@id\":\"https:\/\/tourtravelandmore.com\/fr\/#\/schema\/logo\/image\/\"},\"sameAs\":[\"https:\/\/www.facebook.com\/tourtravelandmore\/\",\"https:\/\/x.com\/TourTravel_More\"]}]}<\/script>\n<!-- \/ Yoast SEO Premium plugin. -->","yoast_head_json":{"title":"Visite priv\u00e9e de la ville de Bratislava - Visite priv\u00e9e de Bratislava","description":"Visite priv\u00e9e de Bratislava. Profitez des monuments et des sites les plus importants de la vieille ville de Bratislava et visitez ses sites historiques.","robots":{"index":"index","follow":"follow","max-snippet":"max-snippet:-1","max-image-preview":"max-image-preview:large","max-video-preview":"max-video-preview:-1"},"canonical":"https:\/\/tourtravelandmore.com\/fr\/tours\/slovaquie-fr\/bratislava-fr\/visite-privee-de-bratislava\/","og_locale":"fr_FR","og_type":"article","og_title":"Visite priv\u00e9e de Bratislava","og_description":"Visite priv\u00e9e de Bratislava. Profitez des monuments et des sites les plus importants de la vieille ville de Bratislava et visitez ses sites historiques.","og_url":"https:\/\/tourtravelandmore.com\/fr\/tours\/slovaquie-fr\/bratislava-fr\/visite-privee-de-bratislava\/","og_site_name":"Tour Travel And More","article_publisher":"https:\/\/www.facebook.com\/tourtravelandmore\/","article_modified_time":"2021-03-25T19:38:33+00:00","og_image":[{"width":1024,"height":749,"url":"https:\/\/tourtravelandmore.com\/wp-content\/uploads\/2019\/09\/bratislava-michaels-gate.jpg","type":"image\/jpeg"}],"twitter_card":"summary_large_image","twitter_site":"@TourTravel_More","twitter_misc":{"Dur\u00e9e de lecture estim\u00e9e":"2 minutes"},"schema":{"@context":"https:\/\/schema.org","@graph":[{"@type":"WebPage","@id":"https:\/\/tourtravelandmore.com\/fr\/tours\/slovaquie-fr\/bratislava-fr\/visite-privee-de-bratislava\/","url":"https:\/\/tourtravelandmore.com\/fr\/tours\/slovaquie-fr\/bratislava-fr\/visite-privee-de-bratislava\/","name":"Visite priv\u00e9e de la ville de Bratislava - Visite priv\u00e9e de Bratislava","isPartOf":{"@id":"https:\/\/tourtravelandmore.com\/fr\/#website"},"primaryImageOfPage":{"@id":"https:\/\/tourtravelandmore.com\/fr\/tours\/slovaquie-fr\/bratislava-fr\/visite-privee-de-bratislava\/#primaryimage"},"image":{"@id":"https:\/\/tourtravelandmore.com\/fr\/tours\/slovaquie-fr\/bratislava-fr\/visite-privee-de-bratislava\/#primaryimage"},"thumbnailUrl":"https:\/\/tourtravelandmore.com\/wp-content\/uploads\/2019\/09\/bratislava-michaels-gate.jpg","datePublished":"2019-09-22T12:06:13+00:00","dateModified":"2021-03-25T19:38:33+00:00","description":"Visite priv\u00e9e de Bratislava. Profitez des monuments et des sites les plus importants de la vieille ville de Bratislava et visitez ses sites historiques.","breadcrumb":{"@id":"https:\/\/tourtravelandmore.com\/fr\/tours\/slovaquie-fr\/bratislava-fr\/visite-privee-de-bratislava\/#breadcrumb"},"inLanguage":"fr-FR","potentialAction":[{"@type":"ReadAction","target":["https:\/\/tourtravelandmore.com\/fr\/tours\/slovaquie-fr\/bratislava-fr\/visite-privee-de-bratislava\/"]}]},{"@type":"ImageObject","inLanguage":"fr-FR","@id":"https:\/\/tourtravelandmore.com\/fr\/tours\/slovaquie-fr\/bratislava-fr\/visite-privee-de-bratislava\/#primaryimage","url":"https:\/\/tourtravelandmore.com\/wp-content\/uploads\/2019\/09\/bratislava-michaels-gate.jpg","contentUrl":"https:\/\/tourtravelandmore.com\/wp-content\/uploads\/2019\/09\/bratislava-michaels-gate.jpg","width":1024,"height":749},{"@type":"BreadcrumbList","@id":"https:\/\/tourtravelandmore.com\/fr\/tours\/slovaquie-fr\/bratislava-fr\/visite-privee-de-bratislava\/#breadcrumb","itemListElement":[{"@type":"ListItem","position":1,"name":"Home","item":"https:\/\/tourtravelandmore.com\/fr\/"},{"@type":"ListItem","position":2,"name":"Tours","item":"https:\/\/tourtravelandmore.com\/fr\/tours\/"},{"@type":"ListItem","position":3,"name":"Visite priv\u00e9e de Bratislava"}]},{"@type":"WebSite","@id":"https:\/\/tourtravelandmore.com\/fr\/#website","url":"https:\/\/tourtravelandmore.com\/fr\/","name":"Tour Travel And More","description":"Private sightseeing tours and luxury transfers in Spain","publisher":{"@id":"https:\/\/tourtravelandmore.com\/fr\/#organization"},"potentialAction":[{"@type":"SearchAction","target":{"@type":"EntryPoint","urlTemplate":"https:\/\/tourtravelandmore.com\/fr\/?s={search_term_string}"},"query-input":{"@type":"PropertyValueSpecification","valueRequired":true,"valueName":"search_term_string"}}],"inLanguage":"fr-FR"},{"@type":"Organization","@id":"https:\/\/tourtravelandmore.com\/fr\/#organization","name":"Tour Travel And More","url":"https:\/\/tourtravelandmore.com\/fr\/","logo":{"@type":"ImageObject","inLanguage":"fr-FR","@id":"https:\/\/tourtravelandmore.com\/fr\/#\/schema\/logo\/image\/","url":"https:\/\/tourtravelandmore.com\/wp-content\/uploads\/2022\/12\/cropped-logo-cabecera-new.png","contentUrl":"https:\/\/tourtravelandmore.com\/wp-content\/uploads\/2022\/12\/cropped-logo-cabecera-new.png","width":430,"height":61,"caption":"Tour Travel And More"},"image":{"@id":"https:\/\/tourtravelandmore.com\/fr\/#\/schema\/logo\/image\/"},"sameAs":["https:\/\/www.facebook.com\/tourtravelandmore\/","https:\/\/x.com\/TourTravel_More"]}]}},"_links":{"self":[{"href":"https:\/\/tourtravelandmore.com\/fr\/wp-json\/wp\/v2\/product\/105643","targetHints":{"allow":["GET"]}}],"collection":[{"href":"https:\/\/tourtravelandmore.com\/fr\/wp-json\/wp\/v2\/product"}],"about":[{"href":"https:\/\/tourtravelandmore.com\/fr\/wp-json\/wp\/v2\/types\/product"}],"replies":[{"embeddable":true,"href":"https:\/\/tourtravelandmore.com\/fr\/wp-json\/wp\/v2\/comments?post=105643"}],"wp:featuredmedia":[{"embeddable":true,"href":"https:\/\/tourtravelandmore.com\/fr\/wp-json\/wp\/v2\/media\/96417"}],"wp:attachment":[{"href":"https:\/\/tourtravelandmore.com\/fr\/wp-json\/wp\/v2\/media?parent=105643"}],"wp:term":[{"taxonomy":"product_brand","embeddable":true,"href":"https:\/\/tourtravelandmore.com\/fr\/wp-json\/wp\/v2\/product_brand?post=105643"},{"taxonomy":"product_cat","embeddable":true,"href":"https:\/\/tourtravelandmore.com\/fr\/wp-json\/wp\/v2\/product_cat?post=105643"},{"taxonomy":"product_tag","embeddable":true,"href":"https:\/\/tourtravelandmore.com\/fr\/wp-json\/wp\/v2\/product_tag?post=105643"}],"curies":[{"name":"wp","href":"https:\/\/api.w.org\/{rel}","templated":true}]}}