{"id":105636,"date":"2021-02-02T13:22:13","date_gmt":"2021-02-02T12:22:13","guid":{"rendered":"https:\/\/tourtravelandmore.com\/tours\/non%20class\u00e9\/visite-privee-de-stone-town\/"},"modified":"2021-03-25T20:37:35","modified_gmt":"2021-03-25T19:37:35","slug":"visite-privee-de-stone-town","status":"publish","type":"product","link":"https:\/\/tourtravelandmore.com\/fr\/tours\/etats-unis-fr\/visite-privee-de-stone-town\/","title":{"rendered":"Visite priv\u00e9e de Stone Town"},"content":{"rendered":"<h2>Description<\/h2>\n<p>Zanzibar est une destination totalement relaxante. Cela ne signifie pas que vous ne devriez pas prendre le temps d&#8217;explorer et de conna\u00eetre Stone Town. Cette visite priv\u00e9e de Stone Town est parfaite pour cela!<\/p>\n<p>Stone Town est la partie ancienne de Zanzibar City. Il est \u00e9galement connu sous le nom de Mji Mkongwe. En swahili, cela signifie vieille ville. Stone Town est la ville principale de Zanzibar (Tanzanie). Il y a aussi une partie plus r\u00e9cente de la ville qui est connue sous le nom de Ng\u2019ambo.<\/p>\n<p>Stone Town est une ville qui a une grande importance historique et artistique en Afrique de l&#8217;Est. L&#8217;architecture remonte m\u00eame au 19\u00e8me si\u00e8cle. Il refl\u00e8te les influences de la culture swahili. Cela signifie qu&#8217;il existe un m\u00e9lange d&#8217;\u00e9l\u00e9ments arabes, persans, indiens et m\u00eame europ\u00e9ens.<\/p>\n<p>Stone Town a \u00e9t\u00e9 d\u00e9sign\u00e9e site du patrimoine mondial de l&#8217;UNESCO en 2000. C&#8217;est une grande attraction touristique en Tanzanie.<\/p>\n<p>Cette visite priv\u00e9e commencera \u00e0 partir de votre h\u00f4tel ou lieu de votre choix \u00e0 Zanzibar.<\/p>\n<h2>Sites d&#8217;int\u00e9r\u00eat et points de rep\u00e8re<\/h2>\n<p>Tout d&#8217;abord, cette visite priv\u00e9e de Stone Town commencera \u00e0 votre h\u00f4tel \u00e0 Zanzibar. Nous nous dirigerons ensuite vers l&#8217;un des premiers arr\u00eats. Ce sera la cath\u00e9drale anglicane.<\/p>\n<p>Apr\u00e8s avoir profit\u00e9 d&#8217;une petite introduction de la ville, la visite commencera par la visite de l&#8217;ancien march\u00e9 aux esclaves. Nous visiterons \u00e9galement la cath\u00e9drale comme mentionn\u00e9 pr\u00e9c\u00e9demment, la maison des merveilles, le mus\u00e9e du palais du sultan et le vieil arabe.<\/p>\n<p>Nous profiterons \u00e9galement d&#8217;arr\u00eats aux \u00e9tals du march\u00e9 o\u00f9 vous serez bleu pour avoir une vue sur la vie quotidienne ici.<\/p>\n<p>Cette visite priv\u00e9e de Stone Town comprendra \u00e9galement des visites de la maison Reddit Mercury, du magasin de curiosit\u00e9s de Zanzibar, du caf\u00e9 Jaws Corner et de bien d&#8217;autres endroits \u00e0 Stone Town.<\/p>\n<p>Cette visite priv\u00e9e se terminera \u00e0 votre h\u00f4tel ou lieu de votre choix \u00e0 Zanzibar. Laissez notre guide priv\u00e9 vous aider \u00e0 explorer et d\u00e9couvrir l&#8217;origine du swahili et le march\u00e9 aux \u00e9pices et aux fruits.<\/p>\n<p>Si vous souhaitez visiter Stone Town, mais que vous n&#8217;avez pas beaucoup de temps \u00e0 Zanzibar, nous pouvons organiser une prise en charge \u00e0 Dar es Salaam et profiter d&#8217;une journ\u00e9e compl\u00e8te.<\/p>\n<p>D\u00e9couvrez d&#8217;autres visites priv\u00e9es.<\/p>\n","protected":false},"excerpt":{"rendered":"<p>Explorez l&#8217;un des plus beaux endroits de Tanzanie. Faites notre visite priv\u00e9e de Stone Town. Laissez-nous vous emmener!<\/p>\n","protected":false},"featured_media":92205,"comment_status":"open","ping_status":"closed","template":"","meta":{"_acf_changed":false},"product_brand":[],"product_cat":[3735,3547],"product_tag":[],"class_list":{"0":"post-105636","1":"product","2":"type-product","3":"status-publish","4":"has-post-thumbnail","6":"product_cat-tanzanie-fr","7":"product_cat-etats-unis-fr","9":"first","10":"instock","11":"shipping-taxable","12":"purchasable","13":"product-type-simple"},"acf":[],"yoast_head":"<!-- This site is optimized with the Yoast SEO Premium plugin v25.3.1 (Yoast SEO v25.3.1) - https:\/\/yoast.com\/wordpress\/plugins\/seo\/ -->\n<title>Chauffeur-guide priv\u00e9 de Stone Town Tour pour une excursion unique!<\/title>\n<meta name=\"description\" content=\"Explorez l&#039;un des plus beaux endroits de Tanzanie. Faites notre visite priv\u00e9e de Stone Town. Laissez-nous vous emmener!\" \/>\n<meta name=\"robots\" content=\"index, follow, max-snippet:-1, max-image-preview:large, max-video-preview:-1\" \/>\n<link rel=\"canonical\" href=\"https:\/\/tourtravelandmore.com\/fr\/tours\/etats-unis-fr\/visite-privee-de-stone-town\/\" \/>\n<meta property=\"og:locale\" content=\"fr_FR\" \/>\n<meta property=\"og:type\" content=\"article\" \/>\n<meta property=\"og:title\" content=\"Visite priv\u00e9e de Stone Town\" \/>\n<meta property=\"og:description\" content=\"Explorez l&#039;un des plus beaux endroits de Tanzanie. Faites notre visite priv\u00e9e de Stone Town. Laissez-nous vous emmener!\" \/>\n<meta property=\"og:url\" content=\"https:\/\/tourtravelandmore.com\/fr\/tours\/etats-unis-fr\/visite-privee-de-stone-town\/\" \/>\n<meta property=\"og:site_name\" content=\"Tour Travel And More\" \/>\n<meta property=\"article:publisher\" content=\"https:\/\/www.facebook.com\/tourtravelandmore\/\" \/>\n<meta property=\"article:modified_time\" content=\"2021-03-25T19:37:35+00:00\" \/>\n<meta property=\"og:image\" content=\"https:\/\/tourtravelandmore.com\/wp-content\/uploads\/2021\/01\/5486780C-49D6-40D0-B357-F1B277404BCD.jpeg\" \/>\n\t<meta property=\"og:image:width\" content=\"1920\" \/>\n\t<meta property=\"og:image:height\" content=\"1352\" \/>\n\t<meta property=\"og:image:type\" content=\"image\/jpeg\" \/>\n<meta name=\"twitter:card\" content=\"summary_large_image\" \/>\n<meta name=\"twitter:site\" content=\"@TourTravel_More\" \/>\n<meta name=\"twitter:label1\" content=\"Dur\u00e9e de lecture estim\u00e9e\" \/>\n\t<meta name=\"twitter:data1\" content=\"2 minutes\" \/>\n<script type=\"application\/ld+json\" class=\"yoast-schema-graph\">{\"@context\":\"https:\/\/schema.org\",\"@graph\":[{\"@type\":\"WebPage\",\"@id\":\"https:\/\/tourtravelandmore.com\/fr\/tours\/etats-unis-fr\/visite-privee-de-stone-town\/\",\"url\":\"https:\/\/tourtravelandmore.com\/fr\/tours\/etats-unis-fr\/visite-privee-de-stone-town\/\",\"name\":\"Chauffeur-guide priv\u00e9 de Stone Town Tour pour une excursion unique!\",\"isPartOf\":{\"@id\":\"https:\/\/tourtravelandmore.com\/fr\/#website\"},\"primaryImageOfPage\":{\"@id\":\"https:\/\/tourtravelandmore.com\/fr\/tours\/etats-unis-fr\/visite-privee-de-stone-town\/#primaryimage\"},\"image\":{\"@id\":\"https:\/\/tourtravelandmore.com\/fr\/tours\/etats-unis-fr\/visite-privee-de-stone-town\/#primaryimage\"},\"thumbnailUrl\":\"https:\/\/tourtravelandmore.com\/wp-content\/uploads\/2021\/01\/5486780C-49D6-40D0-B357-F1B277404BCD.jpeg\",\"datePublished\":\"2021-02-02T12:22:13+00:00\",\"dateModified\":\"2021-03-25T19:37:35+00:00\",\"description\":\"Explorez l'un des plus beaux endroits de Tanzanie. Faites notre visite priv\u00e9e de Stone Town. Laissez-nous vous emmener!\",\"breadcrumb\":{\"@id\":\"https:\/\/tourtravelandmore.com\/fr\/tours\/etats-unis-fr\/visite-privee-de-stone-town\/#breadcrumb\"},\"inLanguage\":\"fr-FR\",\"potentialAction\":[{\"@type\":\"ReadAction\",\"target\":[\"https:\/\/tourtravelandmore.com\/fr\/tours\/etats-unis-fr\/visite-privee-de-stone-town\/\"]}]},{\"@type\":\"ImageObject\",\"inLanguage\":\"fr-FR\",\"@id\":\"https:\/\/tourtravelandmore.com\/fr\/tours\/etats-unis-fr\/visite-privee-de-stone-town\/#primaryimage\",\"url\":\"https:\/\/tourtravelandmore.com\/wp-content\/uploads\/2021\/01\/5486780C-49D6-40D0-B357-F1B277404BCD.jpeg\",\"contentUrl\":\"https:\/\/tourtravelandmore.com\/wp-content\/uploads\/2021\/01\/5486780C-49D6-40D0-B357-F1B277404BCD.jpeg\",\"width\":1920,\"height\":1352},{\"@type\":\"BreadcrumbList\",\"@id\":\"https:\/\/tourtravelandmore.com\/fr\/tours\/etats-unis-fr\/visite-privee-de-stone-town\/#breadcrumb\",\"itemListElement\":[{\"@type\":\"ListItem\",\"position\":1,\"name\":\"Home\",\"item\":\"https:\/\/tourtravelandmore.com\/fr\/\"},{\"@type\":\"ListItem\",\"position\":2,\"name\":\"Tours\",\"item\":\"https:\/\/tourtravelandmore.com\/fr\/tours\/\"},{\"@type\":\"ListItem\",\"position\":3,\"name\":\"Visite priv\u00e9e de Stone Town\"}]},{\"@type\":\"WebSite\",\"@id\":\"https:\/\/tourtravelandmore.com\/fr\/#website\",\"url\":\"https:\/\/tourtravelandmore.com\/fr\/\",\"name\":\"Tour Travel And More\",\"description\":\"Private sightseeing tours and luxury transfers in Spain\",\"publisher\":{\"@id\":\"https:\/\/tourtravelandmore.com\/fr\/#organization\"},\"potentialAction\":[{\"@type\":\"SearchAction\",\"target\":{\"@type\":\"EntryPoint\",\"urlTemplate\":\"https:\/\/tourtravelandmore.com\/fr\/?s={search_term_string}\"},\"query-input\":{\"@type\":\"PropertyValueSpecification\",\"valueRequired\":true,\"valueName\":\"search_term_string\"}}],\"inLanguage\":\"fr-FR\"},{\"@type\":\"Organization\",\"@id\":\"https:\/\/tourtravelandmore.com\/fr\/#organization\",\"name\":\"Tour Travel And More\",\"url\":\"https:\/\/tourtravelandmore.com\/fr\/\",\"logo\":{\"@type\":\"ImageObject\",\"inLanguage\":\"fr-FR\",\"@id\":\"https:\/\/tourtravelandmore.com\/fr\/#\/schema\/logo\/image\/\",\"url\":\"https:\/\/tourtravelandmore.com\/wp-content\/uploads\/2022\/12\/cropped-logo-cabecera-new.png\",\"contentUrl\":\"https:\/\/tourtravelandmore.com\/wp-content\/uploads\/2022\/12\/cropped-logo-cabecera-new.png\",\"width\":430,\"height\":61,\"caption\":\"Tour Travel And More\"},\"image\":{\"@id\":\"https:\/\/tourtravelandmore.com\/fr\/#\/schema\/logo\/image\/\"},\"sameAs\":[\"https:\/\/www.facebook.com\/tourtravelandmore\/\",\"https:\/\/x.com\/TourTravel_More\"]}]}<\/script>\n<!-- \/ Yoast SEO Premium plugin. -->","yoast_head_json":{"title":"Chauffeur-guide priv\u00e9 de Stone Town Tour pour une excursion unique!","description":"Explorez l'un des plus beaux endroits de Tanzanie. Faites notre visite priv\u00e9e de Stone Town. Laissez-nous vous emmener!","robots":{"index":"index","follow":"follow","max-snippet":"max-snippet:-1","max-image-preview":"max-image-preview:large","max-video-preview":"max-video-preview:-1"},"canonical":"https:\/\/tourtravelandmore.com\/fr\/tours\/etats-unis-fr\/visite-privee-de-stone-town\/","og_locale":"fr_FR","og_type":"article","og_title":"Visite priv\u00e9e de Stone Town","og_description":"Explorez l'un des plus beaux endroits de Tanzanie. Faites notre visite priv\u00e9e de Stone Town. Laissez-nous vous emmener!","og_url":"https:\/\/tourtravelandmore.com\/fr\/tours\/etats-unis-fr\/visite-privee-de-stone-town\/","og_site_name":"Tour Travel And More","article_publisher":"https:\/\/www.facebook.com\/tourtravelandmore\/","article_modified_time":"2021-03-25T19:37:35+00:00","og_image":[{"width":1920,"height":1352,"url":"https:\/\/tourtravelandmore.com\/wp-content\/uploads\/2021\/01\/5486780C-49D6-40D0-B357-F1B277404BCD.jpeg","type":"image\/jpeg"}],"twitter_card":"summary_large_image","twitter_site":"@TourTravel_More","twitter_misc":{"Dur\u00e9e de lecture estim\u00e9e":"2 minutes"},"schema":{"@context":"https:\/\/schema.org","@graph":[{"@type":"WebPage","@id":"https:\/\/tourtravelandmore.com\/fr\/tours\/etats-unis-fr\/visite-privee-de-stone-town\/","url":"https:\/\/tourtravelandmore.com\/fr\/tours\/etats-unis-fr\/visite-privee-de-stone-town\/","name":"Chauffeur-guide priv\u00e9 de Stone Town Tour pour une excursion unique!","isPartOf":{"@id":"https:\/\/tourtravelandmore.com\/fr\/#website"},"primaryImageOfPage":{"@id":"https:\/\/tourtravelandmore.com\/fr\/tours\/etats-unis-fr\/visite-privee-de-stone-town\/#primaryimage"},"image":{"@id":"https:\/\/tourtravelandmore.com\/fr\/tours\/etats-unis-fr\/visite-privee-de-stone-town\/#primaryimage"},"thumbnailUrl":"https:\/\/tourtravelandmore.com\/wp-content\/uploads\/2021\/01\/5486780C-49D6-40D0-B357-F1B277404BCD.jpeg","datePublished":"2021-02-02T12:22:13+00:00","dateModified":"2021-03-25T19:37:35+00:00","description":"Explorez l'un des plus beaux endroits de Tanzanie. Faites notre visite priv\u00e9e de Stone Town. Laissez-nous vous emmener!","breadcrumb":{"@id":"https:\/\/tourtravelandmore.com\/fr\/tours\/etats-unis-fr\/visite-privee-de-stone-town\/#breadcrumb"},"inLanguage":"fr-FR","potentialAction":[{"@type":"ReadAction","target":["https:\/\/tourtravelandmore.com\/fr\/tours\/etats-unis-fr\/visite-privee-de-stone-town\/"]}]},{"@type":"ImageObject","inLanguage":"fr-FR","@id":"https:\/\/tourtravelandmore.com\/fr\/tours\/etats-unis-fr\/visite-privee-de-stone-town\/#primaryimage","url":"https:\/\/tourtravelandmore.com\/wp-content\/uploads\/2021\/01\/5486780C-49D6-40D0-B357-F1B277404BCD.jpeg","contentUrl":"https:\/\/tourtravelandmore.com\/wp-content\/uploads\/2021\/01\/5486780C-49D6-40D0-B357-F1B277404BCD.jpeg","width":1920,"height":1352},{"@type":"BreadcrumbList","@id":"https:\/\/tourtravelandmore.com\/fr\/tours\/etats-unis-fr\/visite-privee-de-stone-town\/#breadcrumb","itemListElement":[{"@type":"ListItem","position":1,"name":"Home","item":"https:\/\/tourtravelandmore.com\/fr\/"},{"@type":"ListItem","position":2,"name":"Tours","item":"https:\/\/tourtravelandmore.com\/fr\/tours\/"},{"@type":"ListItem","position":3,"name":"Visite priv\u00e9e de Stone Town"}]},{"@type":"WebSite","@id":"https:\/\/tourtravelandmore.com\/fr\/#website","url":"https:\/\/tourtravelandmore.com\/fr\/","name":"Tour Travel And More","description":"Private sightseeing tours and luxury transfers in Spain","publisher":{"@id":"https:\/\/tourtravelandmore.com\/fr\/#organization"},"potentialAction":[{"@type":"SearchAction","target":{"@type":"EntryPoint","urlTemplate":"https:\/\/tourtravelandmore.com\/fr\/?s={search_term_string}"},"query-input":{"@type":"PropertyValueSpecification","valueRequired":true,"valueName":"search_term_string"}}],"inLanguage":"fr-FR"},{"@type":"Organization","@id":"https:\/\/tourtravelandmore.com\/fr\/#organization","name":"Tour Travel And More","url":"https:\/\/tourtravelandmore.com\/fr\/","logo":{"@type":"ImageObject","inLanguage":"fr-FR","@id":"https:\/\/tourtravelandmore.com\/fr\/#\/schema\/logo\/image\/","url":"https:\/\/tourtravelandmore.com\/wp-content\/uploads\/2022\/12\/cropped-logo-cabecera-new.png","contentUrl":"https:\/\/tourtravelandmore.com\/wp-content\/uploads\/2022\/12\/cropped-logo-cabecera-new.png","width":430,"height":61,"caption":"Tour Travel And More"},"image":{"@id":"https:\/\/tourtravelandmore.com\/fr\/#\/schema\/logo\/image\/"},"sameAs":["https:\/\/www.facebook.com\/tourtravelandmore\/","https:\/\/x.com\/TourTravel_More"]}]}},"_links":{"self":[{"href":"https:\/\/tourtravelandmore.com\/fr\/wp-json\/wp\/v2\/product\/105636","targetHints":{"allow":["GET"]}}],"collection":[{"href":"https:\/\/tourtravelandmore.com\/fr\/wp-json\/wp\/v2\/product"}],"about":[{"href":"https:\/\/tourtravelandmore.com\/fr\/wp-json\/wp\/v2\/types\/product"}],"replies":[{"embeddable":true,"href":"https:\/\/tourtravelandmore.com\/fr\/wp-json\/wp\/v2\/comments?post=105636"}],"wp:featuredmedia":[{"embeddable":true,"href":"https:\/\/tourtravelandmore.com\/fr\/wp-json\/wp\/v2\/media\/92205"}],"wp:attachment":[{"href":"https:\/\/tourtravelandmore.com\/fr\/wp-json\/wp\/v2\/media?parent=105636"}],"wp:term":[{"taxonomy":"product_brand","embeddable":true,"href":"https:\/\/tourtravelandmore.com\/fr\/wp-json\/wp\/v2\/product_brand?post=105636"},{"taxonomy":"product_cat","embeddable":true,"href":"https:\/\/tourtravelandmore.com\/fr\/wp-json\/wp\/v2\/product_cat?post=105636"},{"taxonomy":"product_tag","embeddable":true,"href":"https:\/\/tourtravelandmore.com\/fr\/wp-json\/wp\/v2\/product_tag?post=105636"}],"curies":[{"name":"wp","href":"https:\/\/api.w.org\/{rel}","templated":true}]}}