{"id":105629,"date":"2021-02-02T13:14:33","date_gmt":"2021-02-02T12:14:33","guid":{"rendered":"https:\/\/tourtravelandmore.com\/tours\/non%20class\u00e9\/visite-privee-de-lile-de-la-prison\/"},"modified":"2021-03-25T20:36:39","modified_gmt":"2021-03-25T19:36:39","slug":"visite-privee-de-lile-de-la-prison","status":"publish","type":"product","link":"https:\/\/tourtravelandmore.com\/fr\/tours\/etats-unis-fr\/visite-privee-de-lile-de-la-prison\/","title":{"rendered":"Visite priv\u00e9e de l&#8217;\u00eele de la prison"},"content":{"rendered":"<h2>Description<\/h2>\n<p>Faites cette excursion d&#8217;une demi-journ\u00e9e pour d\u00e9couvrir Prison Island depuis Stone Town. Cette visite priv\u00e9e comprendra la prise en charge \u00e0 votre lieu de choix \u00e0 Stone Town et vous pourrez profiter de certaines des meilleures parties de Prison Island. Ceci est une visite parfaite de l&#8217;\u00eele de la prison priv\u00e9e au d\u00e9part de Stone Town pour vous!<\/p>\n<p>L&#8217;\u00eele de la prison est \u00e9galement connue sous le nom d&#8217;\u00eele de Changuu. C&#8217;est une petite \u00eele au nord-ouest de Stone Town. Cela ne vous prendra que 30 minutes en bateau priv\u00e9 pour vous rendre \u00e0 Prison Island depuis le continent de Zanzibar.<\/p>\n<p>L&#8217;\u00eele mesure environ 800 m\u00e8tres de long et 230 m\u00e8tres de large. C&#8217;\u00e9tait une prison qui \u00e9tait utilis\u00e9e pour les esclaves rebelles dans les ann\u00e9es 1860. Ce complexe carc\u00e9ral abrite une grande partie de l&#8217;histoire de cette \u00eele. Demandez \u00e0 votre guide priv\u00e9 de vous expliquer ce qui s&#8217;est pass\u00e9 ici et comment, au lieu d&#8217;une prison, il est devenu une station de quarantaine.<\/p>\n<p>Maintenant, trouvez des tortues g\u00e9antes d&#8217;Aldabra en voie de disparition.<\/p>\n<p>Cette visite priv\u00e9e commencera \u00e0 partir de votre h\u00f4tel \u00e0 Stone Town. Nous nous dirigerons ensuite vers Prison Island.<\/p>\n<h2>Sites d&#8217;int\u00e9r\u00eat et points de rep\u00e8re<\/h2>\n<p>Apr\u00e8s une prise en charge confortable, nous nous dirigerons vers Prison Island. Obtenez une chance d&#8217;explorer la riche culture et l&#8217;histoire de Zanzibar sur cette \u00eele en bateau. Admirez la grande tortue et, bien s\u00fbr, passez du temps \u00e0 faire de la plong\u00e9e avec tuba au large de la c\u00f4te.<\/p>\n<p>Cette visite durera environ 3 heures et profitera d&#8217;un environnement naturel incroyable. Une fois que votre guide vous rencontrera \u00e0 Zanzibar, nous ferons un tour sur l&#8217;\u00eele.<\/p>\n<p>\u00c0 c\u00f4t\u00e9 de votre guide priv\u00e9, d\u00e9couvrez la petite \u00eele. Laissez votre guide vous aider \u00e0 explorer le lieu qui abrite aujourd&#8217;hui plus de 50 tortues dont certaines ont m\u00eame 100 ans.<\/p>\n<p>Il y aura du temps pour nourrir les tortues et bien s\u00fbr prendre des photos incroyables.<\/p>\n<p>Nous vous emm\u00e8nerons ensuite faire de la plong\u00e9e avec tuba. Oui, cette visite priv\u00e9e de l&#8217;\u00eele de la prison comprend \u00e9galement une br\u00e8ve exp\u00e9rience de plong\u00e9e en apn\u00e9e pour vous! Profitez de la plong\u00e9e en apn\u00e9e le long des eaux claires au large de la c\u00f4te. Admirez les poissons tropicaux et les coraux color\u00e9s.<\/p>\n<p>Apr\u00e8s avoir appr\u00e9ci\u00e9 cette partie de Prison Island, nous retournerons vers Stone Town. La visite sera ramen\u00e9e dans le centre-ville de Stone Town.<\/p>\n<p>Vous arriverez \u00e0 Prison Island en bateau-taxi!<\/p>\n<p>Si vous ne s\u00e9journez pas \u00e0 Zanzibar mais que vous souhaitez profiter de Prison Island, consultez nos autres circuits priv\u00e9s au d\u00e9part de Dar es Salaam. D\u00e9couvrez tout ici et contactez nos experts en voyages pour plus d&#8217;informations!<\/p>\n","protected":false},"excerpt":{"rendered":"<p>Explorez l&#8217;un des plus beaux endroits de Tanzanie. Faites notre visite priv\u00e9e de l&#8217;\u00eele de la prison. Laissez-nous vous emmener!<\/p>\n","protected":false},"featured_media":92229,"comment_status":"open","ping_status":"closed","template":"","meta":{"_acf_changed":false},"product_brand":[],"product_cat":[3735,3547],"product_tag":[],"class_list":{"0":"post-105629","1":"product","2":"type-product","3":"status-publish","4":"has-post-thumbnail","6":"product_cat-tanzanie-fr","7":"product_cat-etats-unis-fr","9":"first","10":"instock","11":"shipping-taxable","12":"purchasable","13":"product-type-simple"},"acf":[],"yoast_head":"<!-- This site is optimized with the Yoast SEO Premium plugin v25.3.1 (Yoast SEO v25.3.1) - https:\/\/yoast.com\/wordpress\/plugins\/seo\/ -->\n<title>Chauffeur-guide priv\u00e9 de l&#039;\u00eele de la prison pour une excursion unique!<\/title>\n<meta name=\"description\" content=\"Explorez l&#039;un des plus beaux endroits de Tanzanie. Faites notre visite priv\u00e9e de l&#039;\u00eele de la prison. Laissez-nous vous emmener!\" \/>\n<meta name=\"robots\" content=\"index, follow, max-snippet:-1, max-image-preview:large, max-video-preview:-1\" \/>\n<link rel=\"canonical\" href=\"https:\/\/tourtravelandmore.com\/fr\/tours\/etats-unis-fr\/visite-privee-de-lile-de-la-prison\/\" \/>\n<meta property=\"og:locale\" content=\"fr_FR\" \/>\n<meta property=\"og:type\" content=\"article\" \/>\n<meta property=\"og:title\" content=\"Visite priv\u00e9e de l&#039;\u00eele de la prison\" \/>\n<meta property=\"og:description\" content=\"Explorez l&#039;un des plus beaux endroits de Tanzanie. Faites notre visite priv\u00e9e de l&#039;\u00eele de la prison. Laissez-nous vous emmener!\" \/>\n<meta property=\"og:url\" content=\"https:\/\/tourtravelandmore.com\/fr\/tours\/etats-unis-fr\/visite-privee-de-lile-de-la-prison\/\" \/>\n<meta property=\"og:site_name\" content=\"Tour Travel And More\" \/>\n<meta property=\"article:publisher\" content=\"https:\/\/www.facebook.com\/tourtravelandmore\/\" \/>\n<meta property=\"article:modified_time\" content=\"2021-03-25T19:36:39+00:00\" \/>\n<meta property=\"og:image\" content=\"https:\/\/tourtravelandmore.com\/wp-content\/uploads\/2021\/01\/8AE45570-86B8-4303-91F1-30E302607C40-scaled.jpeg\" \/>\n\t<meta property=\"og:image:width\" content=\"2560\" \/>\n\t<meta property=\"og:image:height\" content=\"1707\" \/>\n\t<meta property=\"og:image:type\" content=\"image\/jpeg\" \/>\n<meta name=\"twitter:card\" content=\"summary_large_image\" \/>\n<meta name=\"twitter:site\" content=\"@TourTravel_More\" \/>\n<meta name=\"twitter:label1\" content=\"Dur\u00e9e de lecture estim\u00e9e\" \/>\n\t<meta name=\"twitter:data1\" content=\"2 minutes\" \/>\n<script type=\"application\/ld+json\" class=\"yoast-schema-graph\">{\"@context\":\"https:\/\/schema.org\",\"@graph\":[{\"@type\":\"WebPage\",\"@id\":\"https:\/\/tourtravelandmore.com\/fr\/tours\/etats-unis-fr\/visite-privee-de-lile-de-la-prison\/\",\"url\":\"https:\/\/tourtravelandmore.com\/fr\/tours\/etats-unis-fr\/visite-privee-de-lile-de-la-prison\/\",\"name\":\"Chauffeur-guide priv\u00e9 de l'\u00eele de la prison pour une excursion unique!\",\"isPartOf\":{\"@id\":\"https:\/\/tourtravelandmore.com\/fr\/#website\"},\"primaryImageOfPage\":{\"@id\":\"https:\/\/tourtravelandmore.com\/fr\/tours\/etats-unis-fr\/visite-privee-de-lile-de-la-prison\/#primaryimage\"},\"image\":{\"@id\":\"https:\/\/tourtravelandmore.com\/fr\/tours\/etats-unis-fr\/visite-privee-de-lile-de-la-prison\/#primaryimage\"},\"thumbnailUrl\":\"https:\/\/tourtravelandmore.com\/wp-content\/uploads\/2021\/01\/8AE45570-86B8-4303-91F1-30E302607C40-scaled.jpeg\",\"datePublished\":\"2021-02-02T12:14:33+00:00\",\"dateModified\":\"2021-03-25T19:36:39+00:00\",\"description\":\"Explorez l'un des plus beaux endroits de Tanzanie. Faites notre visite priv\u00e9e de l'\u00eele de la prison. Laissez-nous vous emmener!\",\"breadcrumb\":{\"@id\":\"https:\/\/tourtravelandmore.com\/fr\/tours\/etats-unis-fr\/visite-privee-de-lile-de-la-prison\/#breadcrumb\"},\"inLanguage\":\"fr-FR\",\"potentialAction\":[{\"@type\":\"ReadAction\",\"target\":[\"https:\/\/tourtravelandmore.com\/fr\/tours\/etats-unis-fr\/visite-privee-de-lile-de-la-prison\/\"]}]},{\"@type\":\"ImageObject\",\"inLanguage\":\"fr-FR\",\"@id\":\"https:\/\/tourtravelandmore.com\/fr\/tours\/etats-unis-fr\/visite-privee-de-lile-de-la-prison\/#primaryimage\",\"url\":\"https:\/\/tourtravelandmore.com\/wp-content\/uploads\/2021\/01\/8AE45570-86B8-4303-91F1-30E302607C40-scaled.jpeg\",\"contentUrl\":\"https:\/\/tourtravelandmore.com\/wp-content\/uploads\/2021\/01\/8AE45570-86B8-4303-91F1-30E302607C40-scaled.jpeg\",\"width\":2560,\"height\":1707},{\"@type\":\"BreadcrumbList\",\"@id\":\"https:\/\/tourtravelandmore.com\/fr\/tours\/etats-unis-fr\/visite-privee-de-lile-de-la-prison\/#breadcrumb\",\"itemListElement\":[{\"@type\":\"ListItem\",\"position\":1,\"name\":\"Home\",\"item\":\"https:\/\/tourtravelandmore.com\/fr\/\"},{\"@type\":\"ListItem\",\"position\":2,\"name\":\"Tours\",\"item\":\"https:\/\/tourtravelandmore.com\/fr\/tours\/\"},{\"@type\":\"ListItem\",\"position\":3,\"name\":\"Visite priv\u00e9e de l&#8217;\u00eele de la prison\"}]},{\"@type\":\"WebSite\",\"@id\":\"https:\/\/tourtravelandmore.com\/fr\/#website\",\"url\":\"https:\/\/tourtravelandmore.com\/fr\/\",\"name\":\"Tour Travel And More\",\"description\":\"Private sightseeing tours and luxury transfers in Spain\",\"publisher\":{\"@id\":\"https:\/\/tourtravelandmore.com\/fr\/#organization\"},\"potentialAction\":[{\"@type\":\"SearchAction\",\"target\":{\"@type\":\"EntryPoint\",\"urlTemplate\":\"https:\/\/tourtravelandmore.com\/fr\/?s={search_term_string}\"},\"query-input\":{\"@type\":\"PropertyValueSpecification\",\"valueRequired\":true,\"valueName\":\"search_term_string\"}}],\"inLanguage\":\"fr-FR\"},{\"@type\":\"Organization\",\"@id\":\"https:\/\/tourtravelandmore.com\/fr\/#organization\",\"name\":\"Tour Travel And More\",\"url\":\"https:\/\/tourtravelandmore.com\/fr\/\",\"logo\":{\"@type\":\"ImageObject\",\"inLanguage\":\"fr-FR\",\"@id\":\"https:\/\/tourtravelandmore.com\/fr\/#\/schema\/logo\/image\/\",\"url\":\"https:\/\/tourtravelandmore.com\/wp-content\/uploads\/2022\/12\/cropped-logo-cabecera-new.png\",\"contentUrl\":\"https:\/\/tourtravelandmore.com\/wp-content\/uploads\/2022\/12\/cropped-logo-cabecera-new.png\",\"width\":430,\"height\":61,\"caption\":\"Tour Travel And More\"},\"image\":{\"@id\":\"https:\/\/tourtravelandmore.com\/fr\/#\/schema\/logo\/image\/\"},\"sameAs\":[\"https:\/\/www.facebook.com\/tourtravelandmore\/\",\"https:\/\/x.com\/TourTravel_More\"]}]}<\/script>\n<!-- \/ Yoast SEO Premium plugin. -->","yoast_head_json":{"title":"Chauffeur-guide priv\u00e9 de l'\u00eele de la prison pour une excursion unique!","description":"Explorez l'un des plus beaux endroits de Tanzanie. Faites notre visite priv\u00e9e de l'\u00eele de la prison. Laissez-nous vous emmener!","robots":{"index":"index","follow":"follow","max-snippet":"max-snippet:-1","max-image-preview":"max-image-preview:large","max-video-preview":"max-video-preview:-1"},"canonical":"https:\/\/tourtravelandmore.com\/fr\/tours\/etats-unis-fr\/visite-privee-de-lile-de-la-prison\/","og_locale":"fr_FR","og_type":"article","og_title":"Visite priv\u00e9e de l'\u00eele de la prison","og_description":"Explorez l'un des plus beaux endroits de Tanzanie. Faites notre visite priv\u00e9e de l'\u00eele de la prison. Laissez-nous vous emmener!","og_url":"https:\/\/tourtravelandmore.com\/fr\/tours\/etats-unis-fr\/visite-privee-de-lile-de-la-prison\/","og_site_name":"Tour Travel And More","article_publisher":"https:\/\/www.facebook.com\/tourtravelandmore\/","article_modified_time":"2021-03-25T19:36:39+00:00","og_image":[{"width":2560,"height":1707,"url":"https:\/\/tourtravelandmore.com\/wp-content\/uploads\/2021\/01\/8AE45570-86B8-4303-91F1-30E302607C40-scaled.jpeg","type":"image\/jpeg"}],"twitter_card":"summary_large_image","twitter_site":"@TourTravel_More","twitter_misc":{"Dur\u00e9e de lecture estim\u00e9e":"2 minutes"},"schema":{"@context":"https:\/\/schema.org","@graph":[{"@type":"WebPage","@id":"https:\/\/tourtravelandmore.com\/fr\/tours\/etats-unis-fr\/visite-privee-de-lile-de-la-prison\/","url":"https:\/\/tourtravelandmore.com\/fr\/tours\/etats-unis-fr\/visite-privee-de-lile-de-la-prison\/","name":"Chauffeur-guide priv\u00e9 de l'\u00eele de la prison pour une excursion unique!","isPartOf":{"@id":"https:\/\/tourtravelandmore.com\/fr\/#website"},"primaryImageOfPage":{"@id":"https:\/\/tourtravelandmore.com\/fr\/tours\/etats-unis-fr\/visite-privee-de-lile-de-la-prison\/#primaryimage"},"image":{"@id":"https:\/\/tourtravelandmore.com\/fr\/tours\/etats-unis-fr\/visite-privee-de-lile-de-la-prison\/#primaryimage"},"thumbnailUrl":"https:\/\/tourtravelandmore.com\/wp-content\/uploads\/2021\/01\/8AE45570-86B8-4303-91F1-30E302607C40-scaled.jpeg","datePublished":"2021-02-02T12:14:33+00:00","dateModified":"2021-03-25T19:36:39+00:00","description":"Explorez l'un des plus beaux endroits de Tanzanie. Faites notre visite priv\u00e9e de l'\u00eele de la prison. Laissez-nous vous emmener!","breadcrumb":{"@id":"https:\/\/tourtravelandmore.com\/fr\/tours\/etats-unis-fr\/visite-privee-de-lile-de-la-prison\/#breadcrumb"},"inLanguage":"fr-FR","potentialAction":[{"@type":"ReadAction","target":["https:\/\/tourtravelandmore.com\/fr\/tours\/etats-unis-fr\/visite-privee-de-lile-de-la-prison\/"]}]},{"@type":"ImageObject","inLanguage":"fr-FR","@id":"https:\/\/tourtravelandmore.com\/fr\/tours\/etats-unis-fr\/visite-privee-de-lile-de-la-prison\/#primaryimage","url":"https:\/\/tourtravelandmore.com\/wp-content\/uploads\/2021\/01\/8AE45570-86B8-4303-91F1-30E302607C40-scaled.jpeg","contentUrl":"https:\/\/tourtravelandmore.com\/wp-content\/uploads\/2021\/01\/8AE45570-86B8-4303-91F1-30E302607C40-scaled.jpeg","width":2560,"height":1707},{"@type":"BreadcrumbList","@id":"https:\/\/tourtravelandmore.com\/fr\/tours\/etats-unis-fr\/visite-privee-de-lile-de-la-prison\/#breadcrumb","itemListElement":[{"@type":"ListItem","position":1,"name":"Home","item":"https:\/\/tourtravelandmore.com\/fr\/"},{"@type":"ListItem","position":2,"name":"Tours","item":"https:\/\/tourtravelandmore.com\/fr\/tours\/"},{"@type":"ListItem","position":3,"name":"Visite priv\u00e9e de l&#8217;\u00eele de la prison"}]},{"@type":"WebSite","@id":"https:\/\/tourtravelandmore.com\/fr\/#website","url":"https:\/\/tourtravelandmore.com\/fr\/","name":"Tour Travel And More","description":"Private sightseeing tours and luxury transfers in Spain","publisher":{"@id":"https:\/\/tourtravelandmore.com\/fr\/#organization"},"potentialAction":[{"@type":"SearchAction","target":{"@type":"EntryPoint","urlTemplate":"https:\/\/tourtravelandmore.com\/fr\/?s={search_term_string}"},"query-input":{"@type":"PropertyValueSpecification","valueRequired":true,"valueName":"search_term_string"}}],"inLanguage":"fr-FR"},{"@type":"Organization","@id":"https:\/\/tourtravelandmore.com\/fr\/#organization","name":"Tour Travel And More","url":"https:\/\/tourtravelandmore.com\/fr\/","logo":{"@type":"ImageObject","inLanguage":"fr-FR","@id":"https:\/\/tourtravelandmore.com\/fr\/#\/schema\/logo\/image\/","url":"https:\/\/tourtravelandmore.com\/wp-content\/uploads\/2022\/12\/cropped-logo-cabecera-new.png","contentUrl":"https:\/\/tourtravelandmore.com\/wp-content\/uploads\/2022\/12\/cropped-logo-cabecera-new.png","width":430,"height":61,"caption":"Tour Travel And More"},"image":{"@id":"https:\/\/tourtravelandmore.com\/fr\/#\/schema\/logo\/image\/"},"sameAs":["https:\/\/www.facebook.com\/tourtravelandmore\/","https:\/\/x.com\/TourTravel_More"]}]}},"_links":{"self":[{"href":"https:\/\/tourtravelandmore.com\/fr\/wp-json\/wp\/v2\/product\/105629","targetHints":{"allow":["GET"]}}],"collection":[{"href":"https:\/\/tourtravelandmore.com\/fr\/wp-json\/wp\/v2\/product"}],"about":[{"href":"https:\/\/tourtravelandmore.com\/fr\/wp-json\/wp\/v2\/types\/product"}],"replies":[{"embeddable":true,"href":"https:\/\/tourtravelandmore.com\/fr\/wp-json\/wp\/v2\/comments?post=105629"}],"wp:featuredmedia":[{"embeddable":true,"href":"https:\/\/tourtravelandmore.com\/fr\/wp-json\/wp\/v2\/media\/92229"}],"wp:attachment":[{"href":"https:\/\/tourtravelandmore.com\/fr\/wp-json\/wp\/v2\/media?parent=105629"}],"wp:term":[{"taxonomy":"product_brand","embeddable":true,"href":"https:\/\/tourtravelandmore.com\/fr\/wp-json\/wp\/v2\/product_brand?post=105629"},{"taxonomy":"product_cat","embeddable":true,"href":"https:\/\/tourtravelandmore.com\/fr\/wp-json\/wp\/v2\/product_cat?post=105629"},{"taxonomy":"product_tag","embeddable":true,"href":"https:\/\/tourtravelandmore.com\/fr\/wp-json\/wp\/v2\/product_tag?post=105629"}],"curies":[{"name":"wp","href":"https:\/\/api.w.org\/{rel}","templated":true}]}}