{"id":105622,"date":"2021-02-02T13:00:07","date_gmt":"2021-02-02T12:00:07","guid":{"rendered":"https:\/\/tourtravelandmore.com\/tours\/non%20class\u00e9\/visite-privee-de-dar-es-salaam\/"},"modified":"2021-03-25T20:35:31","modified_gmt":"2021-03-25T19:35:31","slug":"visite-privee-de-dar-es-salaam","status":"publish","type":"product","link":"https:\/\/tourtravelandmore.com\/fr\/tours\/etats-unis-fr\/visite-privee-de-dar-es-salaam\/","title":{"rendered":"Visite priv\u00e9e de Dar Es Salaam"},"content":{"rendered":"<h2>Description<\/h2>\n<p>Dar es Salaam est un endroit tr\u00e8s pris\u00e9 pour passer la nuit et passer quelques heures. C&#8217;est pourquoi nous vous recommandons de profiter d&#8217;une visite avec un guide professionnel dans cette ville tr\u00e9pidante. Cette visite priv\u00e9e de Dar Es Salaam est parfaite pour vous.<\/p>\n<p>Dar es Salaam est la plus grande ville et ancienne capitale de la Tanzanie. C&#8217;est en fait la plus grande ville d&#8217;Afrique de l&#8217;Est. Saviez-vous que c&#8217;\u00e9tait la 7e plus grande ville d&#8217;Afrique? Il a une population de plus de 5 millions d&#8217;habitants.<\/p>\n<p>Sur la c\u00f4te swahili, la ville de Dar es Salaam est un centre \u00e9conomique tr\u00e8s important et une ville \u00e0 croissance tr\u00e8s rapide.<\/p>\n<p>La ville de Dar es Salaam est une ville de premier plan dans les domaines des arts, de la mode et des m\u00e9dias. Ainsi que la musique, le cin\u00e9ma et la t\u00e9l\u00e9vision. La ville est un point d&#8217;arr\u00eat pour la plupart des touristes lorsqu&#8217;ils visitent la Tanzanie. C&#8217;est un bon arr\u00eat pour aller \u00e0 Zanzibar et bien s\u00fbr pour les safaris dans la r\u00e9gion.<\/p>\n<p>Pour cette visite priv\u00e9e, notre chauffeur-guide priv\u00e9 viendra vous chercher \u00e0 votre h\u00f4tel et commencera notre visite.<\/p>\n<h2>Sites d&#8217;int\u00e9r\u00eat et points de rep\u00e8re<\/h2>\n<p>Tout d&#8217;abord, vous attendez que notre chauffeur-guide priv\u00e9 commence cette visite priv\u00e9e de Dar Es Salaam. Une fois avec votre guide priv\u00e9, nous commencerons cette visite priv\u00e9e. Il s&#8217;agit d&#8217;une visite de 4 heures pour voir le meilleur de la ville de Dar es Salaam.<\/p>\n<p>Cette visite priv\u00e9e d\u00e9butera \u00e0 9h par exemple. Nous pouvons toujours organiser l&#8217;heure de d\u00e9part en fonction de vos besoins exacts.<\/p>\n<p>Notre guide sera \u00e0 votre disposition pour une exp\u00e9rience formidable et unique!<\/p>\n<p>Voici quelques-uns des sites et des lieux dont vous pourrez profiter lors de cette visite priv\u00e9e de Dar es Salaam:<\/p>\n<ul>\n<li>Le monument Askari<\/li>\n<li>jardin botanique<\/li>\n<li>mus\u00e9e national<\/li>\n<li>L&#8217;h\u00f4pital Ocean Road<\/li>\n<li>State House<\/li>\n<li>Ferry et march\u00e9 aux poissons de Ligamboni<\/li>\n<li>Une \u00e9glise luth\u00e9rienne<\/li>\n<li>\u00c9glise de la cath\u00e9drale Saint-Joseph<\/li>\n<li>Port de Dar Es Salaam<\/li>\n<li>Gare de la ville<\/li>\n<li>Tour de l&#8217;horloge<\/li>\n<li>Le parc Mnazi Moja<\/li>\n<li>Village des sculpteurs sur bois de Makonde<\/li>\n<li>Mus\u00e9e du village<\/li>\n<li>Voie de glissement<\/li>\n<li>Beaucoup plus!<\/li>\n<\/ul>\n<p>Notre chauffeur-guide priv\u00e9 vous ram\u00e8nera \u00e0 votre h\u00f4tel ou lieu de votre choix \u00e0 Dar es Salaam pour finaliser cette visite priv\u00e9e.<\/p>\n<p>Jetez un \u0153il \u00e0 nos autres visites priv\u00e9es en Tanzanie. D\u00e9couvrez les safaris et tout ce qu&#8217;ils ont \u00e0 offrir.<\/p>\n","protected":false},"excerpt":{"rendered":"<p>Explorez l&#8217;une des capitales de la Tanzanie. C&#8217;est Dar Es Salaam. Faites notre visite priv\u00e9e de Dar Es Salaam. Laissez-nous vous emmener!<\/p>\n","protected":false},"featured_media":92208,"comment_status":"open","ping_status":"closed","template":"","meta":{"_acf_changed":false},"product_brand":[],"product_cat":[3735,3547],"product_tag":[],"class_list":{"0":"post-105622","1":"product","2":"type-product","3":"status-publish","4":"has-post-thumbnail","6":"product_cat-tanzanie-fr","7":"product_cat-etats-unis-fr","9":"first","10":"instock","11":"shipping-taxable","12":"purchasable","13":"product-type-simple"},"acf":[],"yoast_head":"<!-- This site is optimized with the Yoast SEO Premium plugin v25.3.1 (Yoast SEO v25.3.1) - https:\/\/yoast.com\/wordpress\/plugins\/seo\/ -->\n<title>Chauffeur-guide priv\u00e9 de Dar Es Salaam Tour pour une excursion unique!<\/title>\n<meta name=\"description\" content=\"Explorez l&#039;une des capitales de la Tanzanie. C&#039;est Dar Es Salaam. Faites notre visite priv\u00e9e de Dar Es Salaam. Laissez-nous vous emmener!\" \/>\n<meta name=\"robots\" content=\"index, follow, max-snippet:-1, max-image-preview:large, max-video-preview:-1\" \/>\n<link rel=\"canonical\" href=\"https:\/\/tourtravelandmore.com\/fr\/tours\/etats-unis-fr\/visite-privee-de-dar-es-salaam\/\" \/>\n<meta property=\"og:locale\" content=\"fr_FR\" \/>\n<meta property=\"og:type\" content=\"article\" \/>\n<meta property=\"og:title\" content=\"Visite priv\u00e9e de Dar Es Salaam\" \/>\n<meta property=\"og:description\" content=\"Explorez l&#039;une des capitales de la Tanzanie. C&#039;est Dar Es Salaam. Faites notre visite priv\u00e9e de Dar Es Salaam. Laissez-nous vous emmener!\" \/>\n<meta property=\"og:url\" content=\"https:\/\/tourtravelandmore.com\/fr\/tours\/etats-unis-fr\/visite-privee-de-dar-es-salaam\/\" \/>\n<meta property=\"og:site_name\" content=\"Tour Travel And More\" \/>\n<meta property=\"article:publisher\" content=\"https:\/\/www.facebook.com\/tourtravelandmore\/\" \/>\n<meta property=\"article:modified_time\" content=\"2021-03-25T19:35:31+00:00\" \/>\n<meta property=\"og:image\" content=\"https:\/\/tourtravelandmore.com\/wp-content\/uploads\/2021\/01\/453A4664-F740-4872-94B6-6C60263AC946.jpeg\" \/>\n\t<meta property=\"og:image:width\" content=\"1920\" \/>\n\t<meta property=\"og:image:height\" content=\"1235\" \/>\n\t<meta property=\"og:image:type\" content=\"image\/jpeg\" \/>\n<meta name=\"twitter:card\" content=\"summary_large_image\" \/>\n<meta name=\"twitter:site\" content=\"@TourTravel_More\" \/>\n<meta name=\"twitter:label1\" content=\"Dur\u00e9e de lecture estim\u00e9e\" \/>\n\t<meta name=\"twitter:data1\" content=\"2 minutes\" \/>\n<script type=\"application\/ld+json\" class=\"yoast-schema-graph\">{\"@context\":\"https:\/\/schema.org\",\"@graph\":[{\"@type\":\"WebPage\",\"@id\":\"https:\/\/tourtravelandmore.com\/fr\/tours\/etats-unis-fr\/visite-privee-de-dar-es-salaam\/\",\"url\":\"https:\/\/tourtravelandmore.com\/fr\/tours\/etats-unis-fr\/visite-privee-de-dar-es-salaam\/\",\"name\":\"Chauffeur-guide priv\u00e9 de Dar Es Salaam Tour pour une excursion unique!\",\"isPartOf\":{\"@id\":\"https:\/\/tourtravelandmore.com\/fr\/#website\"},\"primaryImageOfPage\":{\"@id\":\"https:\/\/tourtravelandmore.com\/fr\/tours\/etats-unis-fr\/visite-privee-de-dar-es-salaam\/#primaryimage\"},\"image\":{\"@id\":\"https:\/\/tourtravelandmore.com\/fr\/tours\/etats-unis-fr\/visite-privee-de-dar-es-salaam\/#primaryimage\"},\"thumbnailUrl\":\"https:\/\/tourtravelandmore.com\/wp-content\/uploads\/2021\/01\/453A4664-F740-4872-94B6-6C60263AC946.jpeg\",\"datePublished\":\"2021-02-02T12:00:07+00:00\",\"dateModified\":\"2021-03-25T19:35:31+00:00\",\"description\":\"Explorez l'une des capitales de la Tanzanie. C'est Dar Es Salaam. Faites notre visite priv\u00e9e de Dar Es Salaam. Laissez-nous vous emmener!\",\"breadcrumb\":{\"@id\":\"https:\/\/tourtravelandmore.com\/fr\/tours\/etats-unis-fr\/visite-privee-de-dar-es-salaam\/#breadcrumb\"},\"inLanguage\":\"fr-FR\",\"potentialAction\":[{\"@type\":\"ReadAction\",\"target\":[\"https:\/\/tourtravelandmore.com\/fr\/tours\/etats-unis-fr\/visite-privee-de-dar-es-salaam\/\"]}]},{\"@type\":\"ImageObject\",\"inLanguage\":\"fr-FR\",\"@id\":\"https:\/\/tourtravelandmore.com\/fr\/tours\/etats-unis-fr\/visite-privee-de-dar-es-salaam\/#primaryimage\",\"url\":\"https:\/\/tourtravelandmore.com\/wp-content\/uploads\/2021\/01\/453A4664-F740-4872-94B6-6C60263AC946.jpeg\",\"contentUrl\":\"https:\/\/tourtravelandmore.com\/wp-content\/uploads\/2021\/01\/453A4664-F740-4872-94B6-6C60263AC946.jpeg\",\"width\":1920,\"height\":1235},{\"@type\":\"BreadcrumbList\",\"@id\":\"https:\/\/tourtravelandmore.com\/fr\/tours\/etats-unis-fr\/visite-privee-de-dar-es-salaam\/#breadcrumb\",\"itemListElement\":[{\"@type\":\"ListItem\",\"position\":1,\"name\":\"Home\",\"item\":\"https:\/\/tourtravelandmore.com\/fr\/\"},{\"@type\":\"ListItem\",\"position\":2,\"name\":\"Tours\",\"item\":\"https:\/\/tourtravelandmore.com\/fr\/tours\/\"},{\"@type\":\"ListItem\",\"position\":3,\"name\":\"Visite priv\u00e9e de Dar Es Salaam\"}]},{\"@type\":\"WebSite\",\"@id\":\"https:\/\/tourtravelandmore.com\/fr\/#website\",\"url\":\"https:\/\/tourtravelandmore.com\/fr\/\",\"name\":\"Tour Travel And More\",\"description\":\"Private sightseeing tours and luxury transfers in Spain\",\"publisher\":{\"@id\":\"https:\/\/tourtravelandmore.com\/fr\/#organization\"},\"potentialAction\":[{\"@type\":\"SearchAction\",\"target\":{\"@type\":\"EntryPoint\",\"urlTemplate\":\"https:\/\/tourtravelandmore.com\/fr\/?s={search_term_string}\"},\"query-input\":{\"@type\":\"PropertyValueSpecification\",\"valueRequired\":true,\"valueName\":\"search_term_string\"}}],\"inLanguage\":\"fr-FR\"},{\"@type\":\"Organization\",\"@id\":\"https:\/\/tourtravelandmore.com\/fr\/#organization\",\"name\":\"Tour Travel And More\",\"url\":\"https:\/\/tourtravelandmore.com\/fr\/\",\"logo\":{\"@type\":\"ImageObject\",\"inLanguage\":\"fr-FR\",\"@id\":\"https:\/\/tourtravelandmore.com\/fr\/#\/schema\/logo\/image\/\",\"url\":\"https:\/\/tourtravelandmore.com\/wp-content\/uploads\/2022\/12\/cropped-logo-cabecera-new.png\",\"contentUrl\":\"https:\/\/tourtravelandmore.com\/wp-content\/uploads\/2022\/12\/cropped-logo-cabecera-new.png\",\"width\":430,\"height\":61,\"caption\":\"Tour Travel And More\"},\"image\":{\"@id\":\"https:\/\/tourtravelandmore.com\/fr\/#\/schema\/logo\/image\/\"},\"sameAs\":[\"https:\/\/www.facebook.com\/tourtravelandmore\/\",\"https:\/\/x.com\/TourTravel_More\"]}]}<\/script>\n<!-- \/ Yoast SEO Premium plugin. -->","yoast_head_json":{"title":"Chauffeur-guide priv\u00e9 de Dar Es Salaam Tour pour une excursion unique!","description":"Explorez l'une des capitales de la Tanzanie. C'est Dar Es Salaam. Faites notre visite priv\u00e9e de Dar Es Salaam. Laissez-nous vous emmener!","robots":{"index":"index","follow":"follow","max-snippet":"max-snippet:-1","max-image-preview":"max-image-preview:large","max-video-preview":"max-video-preview:-1"},"canonical":"https:\/\/tourtravelandmore.com\/fr\/tours\/etats-unis-fr\/visite-privee-de-dar-es-salaam\/","og_locale":"fr_FR","og_type":"article","og_title":"Visite priv\u00e9e de Dar Es Salaam","og_description":"Explorez l'une des capitales de la Tanzanie. C'est Dar Es Salaam. Faites notre visite priv\u00e9e de Dar Es Salaam. Laissez-nous vous emmener!","og_url":"https:\/\/tourtravelandmore.com\/fr\/tours\/etats-unis-fr\/visite-privee-de-dar-es-salaam\/","og_site_name":"Tour Travel And More","article_publisher":"https:\/\/www.facebook.com\/tourtravelandmore\/","article_modified_time":"2021-03-25T19:35:31+00:00","og_image":[{"width":1920,"height":1235,"url":"https:\/\/tourtravelandmore.com\/wp-content\/uploads\/2021\/01\/453A4664-F740-4872-94B6-6C60263AC946.jpeg","type":"image\/jpeg"}],"twitter_card":"summary_large_image","twitter_site":"@TourTravel_More","twitter_misc":{"Dur\u00e9e de lecture estim\u00e9e":"2 minutes"},"schema":{"@context":"https:\/\/schema.org","@graph":[{"@type":"WebPage","@id":"https:\/\/tourtravelandmore.com\/fr\/tours\/etats-unis-fr\/visite-privee-de-dar-es-salaam\/","url":"https:\/\/tourtravelandmore.com\/fr\/tours\/etats-unis-fr\/visite-privee-de-dar-es-salaam\/","name":"Chauffeur-guide priv\u00e9 de Dar Es Salaam Tour pour une excursion unique!","isPartOf":{"@id":"https:\/\/tourtravelandmore.com\/fr\/#website"},"primaryImageOfPage":{"@id":"https:\/\/tourtravelandmore.com\/fr\/tours\/etats-unis-fr\/visite-privee-de-dar-es-salaam\/#primaryimage"},"image":{"@id":"https:\/\/tourtravelandmore.com\/fr\/tours\/etats-unis-fr\/visite-privee-de-dar-es-salaam\/#primaryimage"},"thumbnailUrl":"https:\/\/tourtravelandmore.com\/wp-content\/uploads\/2021\/01\/453A4664-F740-4872-94B6-6C60263AC946.jpeg","datePublished":"2021-02-02T12:00:07+00:00","dateModified":"2021-03-25T19:35:31+00:00","description":"Explorez l'une des capitales de la Tanzanie. C'est Dar Es Salaam. Faites notre visite priv\u00e9e de Dar Es Salaam. Laissez-nous vous emmener!","breadcrumb":{"@id":"https:\/\/tourtravelandmore.com\/fr\/tours\/etats-unis-fr\/visite-privee-de-dar-es-salaam\/#breadcrumb"},"inLanguage":"fr-FR","potentialAction":[{"@type":"ReadAction","target":["https:\/\/tourtravelandmore.com\/fr\/tours\/etats-unis-fr\/visite-privee-de-dar-es-salaam\/"]}]},{"@type":"ImageObject","inLanguage":"fr-FR","@id":"https:\/\/tourtravelandmore.com\/fr\/tours\/etats-unis-fr\/visite-privee-de-dar-es-salaam\/#primaryimage","url":"https:\/\/tourtravelandmore.com\/wp-content\/uploads\/2021\/01\/453A4664-F740-4872-94B6-6C60263AC946.jpeg","contentUrl":"https:\/\/tourtravelandmore.com\/wp-content\/uploads\/2021\/01\/453A4664-F740-4872-94B6-6C60263AC946.jpeg","width":1920,"height":1235},{"@type":"BreadcrumbList","@id":"https:\/\/tourtravelandmore.com\/fr\/tours\/etats-unis-fr\/visite-privee-de-dar-es-salaam\/#breadcrumb","itemListElement":[{"@type":"ListItem","position":1,"name":"Home","item":"https:\/\/tourtravelandmore.com\/fr\/"},{"@type":"ListItem","position":2,"name":"Tours","item":"https:\/\/tourtravelandmore.com\/fr\/tours\/"},{"@type":"ListItem","position":3,"name":"Visite priv\u00e9e de Dar Es Salaam"}]},{"@type":"WebSite","@id":"https:\/\/tourtravelandmore.com\/fr\/#website","url":"https:\/\/tourtravelandmore.com\/fr\/","name":"Tour Travel And More","description":"Private sightseeing tours and luxury transfers in Spain","publisher":{"@id":"https:\/\/tourtravelandmore.com\/fr\/#organization"},"potentialAction":[{"@type":"SearchAction","target":{"@type":"EntryPoint","urlTemplate":"https:\/\/tourtravelandmore.com\/fr\/?s={search_term_string}"},"query-input":{"@type":"PropertyValueSpecification","valueRequired":true,"valueName":"search_term_string"}}],"inLanguage":"fr-FR"},{"@type":"Organization","@id":"https:\/\/tourtravelandmore.com\/fr\/#organization","name":"Tour Travel And More","url":"https:\/\/tourtravelandmore.com\/fr\/","logo":{"@type":"ImageObject","inLanguage":"fr-FR","@id":"https:\/\/tourtravelandmore.com\/fr\/#\/schema\/logo\/image\/","url":"https:\/\/tourtravelandmore.com\/wp-content\/uploads\/2022\/12\/cropped-logo-cabecera-new.png","contentUrl":"https:\/\/tourtravelandmore.com\/wp-content\/uploads\/2022\/12\/cropped-logo-cabecera-new.png","width":430,"height":61,"caption":"Tour Travel And More"},"image":{"@id":"https:\/\/tourtravelandmore.com\/fr\/#\/schema\/logo\/image\/"},"sameAs":["https:\/\/www.facebook.com\/tourtravelandmore\/","https:\/\/x.com\/TourTravel_More"]}]}},"_links":{"self":[{"href":"https:\/\/tourtravelandmore.com\/fr\/wp-json\/wp\/v2\/product\/105622","targetHints":{"allow":["GET"]}}],"collection":[{"href":"https:\/\/tourtravelandmore.com\/fr\/wp-json\/wp\/v2\/product"}],"about":[{"href":"https:\/\/tourtravelandmore.com\/fr\/wp-json\/wp\/v2\/types\/product"}],"replies":[{"embeddable":true,"href":"https:\/\/tourtravelandmore.com\/fr\/wp-json\/wp\/v2\/comments?post=105622"}],"wp:featuredmedia":[{"embeddable":true,"href":"https:\/\/tourtravelandmore.com\/fr\/wp-json\/wp\/v2\/media\/92208"}],"wp:attachment":[{"href":"https:\/\/tourtravelandmore.com\/fr\/wp-json\/wp\/v2\/media?parent=105622"}],"wp:term":[{"taxonomy":"product_brand","embeddable":true,"href":"https:\/\/tourtravelandmore.com\/fr\/wp-json\/wp\/v2\/product_brand?post=105622"},{"taxonomy":"product_cat","embeddable":true,"href":"https:\/\/tourtravelandmore.com\/fr\/wp-json\/wp\/v2\/product_cat?post=105622"},{"taxonomy":"product_tag","embeddable":true,"href":"https:\/\/tourtravelandmore.com\/fr\/wp-json\/wp\/v2\/product_tag?post=105622"}],"curies":[{"name":"wp","href":"https:\/\/api.w.org\/{rel}","templated":true}]}}