{"id":105610,"date":"2021-02-02T12:54:57","date_gmt":"2021-02-02T11:54:57","guid":{"rendered":"https:\/\/tourtravelandmore.com\/tours\/non%20class\u00e9\/visite-privee-du-kilimandjaro\/"},"modified":"2021-03-25T20:27:07","modified_gmt":"2021-03-25T19:27:07","slug":"visite-privee-du-kilimandjaro","status":"publish","type":"product","link":"https:\/\/tourtravelandmore.com\/fr\/tours\/etats-unis-fr\/visite-privee-du-kilimandjaro\/","title":{"rendered":"Visite priv\u00e9e du Kilimandjaro"},"content":{"rendered":"<h2>Description<\/h2>\n<p>En un jour, nous ne pouvons pas gravir le Kilimandjaro. Cette visite priv\u00e9e du Kilimandjaro est un excellent moyen d&#8217;avoir un avant-go\u00fbt de ce que le mont Kilimandjaro a \u00e0 offrir.<\/p>\n<p>Laissez notre chauffeur-guide priv\u00e9 vous emmener dans une exp\u00e9rience unique pour conna\u00eetre et jeter un coup d&#8217;\u0153il sur le Kilimandjaro.<\/p>\n<p>Le mont Kilimandjaro est un volcan endormi qui se trouve en Tanzanie. Au mont Kilimandjaro, il a trois c\u00f4nes volcaniques: Kibo, Mawenzi et Shira. Saviez-vous que le mont Kilimandjaro est la plus haute montagne d&#8217;Afrique. C&#8217;est le quatri\u00e8me pic le plus typographiquement sur Terre. Cette visite priv\u00e9e du Kilimandjaro vous permettra de vivre une excursion d&#8217;une journ\u00e9e au pied du mont Kilimandjaro.<\/p>\n<p>Pour cette visite priv\u00e9e, faites-vous accompagner par notre chauffeur-guide et soyez \u00e0 vos c\u00f4t\u00e9s pendant la petite randonn\u00e9e pour votre exp\u00e9rience d&#8217;une journ\u00e9e.<\/p>\n<h2>Sites d&#8217;int\u00e9r\u00eat et points de rep\u00e8re<\/h2>\n<p>La prise en charge pour votre visite priv\u00e9e commencera \u00e0 votre h\u00f4tel ou lieu de votre choix en Tanzanie. Nous pouvons organiser la prise en charge depuis Moshi ou Arusha. Nous quitterons la ville et nous dirigerons vers la porte de Marangu.<\/p>\n<p>Au cours de cette excursion d&#8217;une journ\u00e9e, nous suivrons la c\u00e9l\u00e8bre route de Marangu. N&#8217;oubliez pas de porter des chaussures et des v\u00eatements confortables.<\/p>\n<p>Apr\u00e8s le ramassage, nous nous dirigerons vers Marangu. C&#8217;est ici que nous nous enregistrerons \u00e0 la porte pour commencer la randonn\u00e9e.<\/p>\n<p>Au cours de cette excursion d&#8217;une journ\u00e9e, nous nous dirigerons vers la premi\u00e8re hutte Mandara. C&#8217;est aussi haut que nous irons lors de cette excursion priv\u00e9e d&#8217;une journ\u00e9e.<\/p>\n<p>Admirez le paysage incroyable, la v\u00e9g\u00e9tation indig\u00e8ne unique et la faune locale, y compris les singes et diff\u00e9rentes esp\u00e8ces d&#8217;oiseaux.<\/p>\n<p>Vous aurez peut-\u00eatre \u00e9galement la chance de voir la for\u00eat qui contient des \u00e9l\u00e9phants, des buffles, des bushbuck et m\u00eame de petites antilopes, des primates, des rongeurs et bien plus encore!<\/p>\n<p>En fonction de votre niveau de forme, nous pouvons continuer un peu plus ou nous reposer et prendre votre pique-nique avec des vues incroyables.<\/p>\n<p>Nous redescendrons ensuite vers la porte de Marangu o\u00f9 votre v\u00e9hicule sera l\u00e0 pour vous ramener aux c\u00f4t\u00e9s de votre chauffeur-guide \u00e0 votre h\u00f4tel!<\/p>\n<p>Nous esp\u00e9rons que vous aurez la chance de voir le sommet du Kilimandjaro, mais sachez qu&#8217;il est souvent couvert de nuages \u200b\u200bet ne peut pas \u00eatre vu.<\/p>\n<p>Jetez un \u0153il \u00e0 nos autres circuits priv\u00e9s que nous proposons en Tanzanie! D\u00e9couvrez-les ici!<\/p>\n<p>&nbsp;<\/p>\n","protected":false},"excerpt":{"rendered":"<p>Explorez l&#8217;un des plus beaux endroits de Tanzanie. Faites notre visite priv\u00e9e du Kilimandjaro. Laissez-nous vous emmener dans cette exp\u00e9rience!<\/p>\n","protected":false},"featured_media":92187,"comment_status":"open","ping_status":"closed","template":"","meta":{"_acf_changed":false},"product_brand":[],"product_cat":[3735,3547],"product_tag":[],"class_list":{"0":"post-105610","1":"product","2":"type-product","3":"status-publish","4":"has-post-thumbnail","6":"product_cat-tanzanie-fr","7":"product_cat-etats-unis-fr","9":"first","10":"instock","11":"shipping-taxable","12":"purchasable","13":"product-type-simple"},"acf":[],"yoast_head":"<!-- This site is optimized with the Yoast SEO Premium plugin v25.3.1 (Yoast SEO v25.3.1) - https:\/\/yoast.com\/wordpress\/plugins\/seo\/ -->\n<title>Chauffeur-guide priv\u00e9 du Kilimandjaro pour une excursion unique!<\/title>\n<meta name=\"description\" content=\"Explorez l&#039;un des plus beaux endroits de Tanzanie. Faites notre visite priv\u00e9e du Kilimandjaro. Laissez-nous vous emmener dans cette exp\u00e9rience!\" \/>\n<meta name=\"robots\" content=\"index, follow, max-snippet:-1, max-image-preview:large, max-video-preview:-1\" \/>\n<link rel=\"canonical\" href=\"https:\/\/tourtravelandmore.com\/fr\/tours\/etats-unis-fr\/visite-privee-du-kilimandjaro\/\" \/>\n<meta property=\"og:locale\" content=\"fr_FR\" \/>\n<meta property=\"og:type\" content=\"article\" \/>\n<meta property=\"og:title\" content=\"Visite priv\u00e9e du Kilimandjaro\" \/>\n<meta property=\"og:description\" content=\"Explorez l&#039;un des plus beaux endroits de Tanzanie. Faites notre visite priv\u00e9e du Kilimandjaro. Laissez-nous vous emmener dans cette exp\u00e9rience!\" \/>\n<meta property=\"og:url\" content=\"https:\/\/tourtravelandmore.com\/fr\/tours\/etats-unis-fr\/visite-privee-du-kilimandjaro\/\" \/>\n<meta property=\"og:site_name\" content=\"Tour Travel And More\" \/>\n<meta property=\"article:publisher\" content=\"https:\/\/www.facebook.com\/tourtravelandmore\/\" \/>\n<meta property=\"article:modified_time\" content=\"2021-03-25T19:27:07+00:00\" \/>\n<meta property=\"og:image\" content=\"https:\/\/tourtravelandmore.com\/wp-content\/uploads\/2021\/01\/006D8FCB-2A9B-498A-B025-729327EE5939-scaled.jpeg\" \/>\n\t<meta property=\"og:image:width\" content=\"2560\" \/>\n\t<meta property=\"og:image:height\" content=\"1706\" \/>\n\t<meta property=\"og:image:type\" content=\"image\/jpeg\" \/>\n<meta name=\"twitter:card\" content=\"summary_large_image\" \/>\n<meta name=\"twitter:site\" content=\"@TourTravel_More\" \/>\n<meta name=\"twitter:label1\" content=\"Dur\u00e9e de lecture estim\u00e9e\" \/>\n\t<meta name=\"twitter:data1\" content=\"2 minutes\" \/>\n<script type=\"application\/ld+json\" class=\"yoast-schema-graph\">{\"@context\":\"https:\/\/schema.org\",\"@graph\":[{\"@type\":\"WebPage\",\"@id\":\"https:\/\/tourtravelandmore.com\/fr\/tours\/etats-unis-fr\/visite-privee-du-kilimandjaro\/\",\"url\":\"https:\/\/tourtravelandmore.com\/fr\/tours\/etats-unis-fr\/visite-privee-du-kilimandjaro\/\",\"name\":\"Chauffeur-guide priv\u00e9 du Kilimandjaro pour une excursion unique!\",\"isPartOf\":{\"@id\":\"https:\/\/tourtravelandmore.com\/fr\/#website\"},\"primaryImageOfPage\":{\"@id\":\"https:\/\/tourtravelandmore.com\/fr\/tours\/etats-unis-fr\/visite-privee-du-kilimandjaro\/#primaryimage\"},\"image\":{\"@id\":\"https:\/\/tourtravelandmore.com\/fr\/tours\/etats-unis-fr\/visite-privee-du-kilimandjaro\/#primaryimage\"},\"thumbnailUrl\":\"https:\/\/tourtravelandmore.com\/wp-content\/uploads\/2021\/01\/006D8FCB-2A9B-498A-B025-729327EE5939-scaled.jpeg\",\"datePublished\":\"2021-02-02T11:54:57+00:00\",\"dateModified\":\"2021-03-25T19:27:07+00:00\",\"description\":\"Explorez l'un des plus beaux endroits de Tanzanie. Faites notre visite priv\u00e9e du Kilimandjaro. Laissez-nous vous emmener dans cette exp\u00e9rience!\",\"breadcrumb\":{\"@id\":\"https:\/\/tourtravelandmore.com\/fr\/tours\/etats-unis-fr\/visite-privee-du-kilimandjaro\/#breadcrumb\"},\"inLanguage\":\"fr-FR\",\"potentialAction\":[{\"@type\":\"ReadAction\",\"target\":[\"https:\/\/tourtravelandmore.com\/fr\/tours\/etats-unis-fr\/visite-privee-du-kilimandjaro\/\"]}]},{\"@type\":\"ImageObject\",\"inLanguage\":\"fr-FR\",\"@id\":\"https:\/\/tourtravelandmore.com\/fr\/tours\/etats-unis-fr\/visite-privee-du-kilimandjaro\/#primaryimage\",\"url\":\"https:\/\/tourtravelandmore.com\/wp-content\/uploads\/2021\/01\/006D8FCB-2A9B-498A-B025-729327EE5939-scaled.jpeg\",\"contentUrl\":\"https:\/\/tourtravelandmore.com\/wp-content\/uploads\/2021\/01\/006D8FCB-2A9B-498A-B025-729327EE5939-scaled.jpeg\",\"width\":2560,\"height\":1706},{\"@type\":\"BreadcrumbList\",\"@id\":\"https:\/\/tourtravelandmore.com\/fr\/tours\/etats-unis-fr\/visite-privee-du-kilimandjaro\/#breadcrumb\",\"itemListElement\":[{\"@type\":\"ListItem\",\"position\":1,\"name\":\"Home\",\"item\":\"https:\/\/tourtravelandmore.com\/fr\/\"},{\"@type\":\"ListItem\",\"position\":2,\"name\":\"Tours\",\"item\":\"https:\/\/tourtravelandmore.com\/fr\/tours\/\"},{\"@type\":\"ListItem\",\"position\":3,\"name\":\"Visite priv\u00e9e du Kilimandjaro\"}]},{\"@type\":\"WebSite\",\"@id\":\"https:\/\/tourtravelandmore.com\/fr\/#website\",\"url\":\"https:\/\/tourtravelandmore.com\/fr\/\",\"name\":\"Tour Travel And More\",\"description\":\"Private sightseeing tours and luxury transfers in Spain\",\"publisher\":{\"@id\":\"https:\/\/tourtravelandmore.com\/fr\/#organization\"},\"potentialAction\":[{\"@type\":\"SearchAction\",\"target\":{\"@type\":\"EntryPoint\",\"urlTemplate\":\"https:\/\/tourtravelandmore.com\/fr\/?s={search_term_string}\"},\"query-input\":{\"@type\":\"PropertyValueSpecification\",\"valueRequired\":true,\"valueName\":\"search_term_string\"}}],\"inLanguage\":\"fr-FR\"},{\"@type\":\"Organization\",\"@id\":\"https:\/\/tourtravelandmore.com\/fr\/#organization\",\"name\":\"Tour Travel And More\",\"url\":\"https:\/\/tourtravelandmore.com\/fr\/\",\"logo\":{\"@type\":\"ImageObject\",\"inLanguage\":\"fr-FR\",\"@id\":\"https:\/\/tourtravelandmore.com\/fr\/#\/schema\/logo\/image\/\",\"url\":\"https:\/\/tourtravelandmore.com\/wp-content\/uploads\/2022\/12\/cropped-logo-cabecera-new.png\",\"contentUrl\":\"https:\/\/tourtravelandmore.com\/wp-content\/uploads\/2022\/12\/cropped-logo-cabecera-new.png\",\"width\":430,\"height\":61,\"caption\":\"Tour Travel And More\"},\"image\":{\"@id\":\"https:\/\/tourtravelandmore.com\/fr\/#\/schema\/logo\/image\/\"},\"sameAs\":[\"https:\/\/www.facebook.com\/tourtravelandmore\/\",\"https:\/\/x.com\/TourTravel_More\"]}]}<\/script>\n<!-- \/ Yoast SEO Premium plugin. -->","yoast_head_json":{"title":"Chauffeur-guide priv\u00e9 du Kilimandjaro pour une excursion unique!","description":"Explorez l'un des plus beaux endroits de Tanzanie. Faites notre visite priv\u00e9e du Kilimandjaro. Laissez-nous vous emmener dans cette exp\u00e9rience!","robots":{"index":"index","follow":"follow","max-snippet":"max-snippet:-1","max-image-preview":"max-image-preview:large","max-video-preview":"max-video-preview:-1"},"canonical":"https:\/\/tourtravelandmore.com\/fr\/tours\/etats-unis-fr\/visite-privee-du-kilimandjaro\/","og_locale":"fr_FR","og_type":"article","og_title":"Visite priv\u00e9e du Kilimandjaro","og_description":"Explorez l'un des plus beaux endroits de Tanzanie. Faites notre visite priv\u00e9e du Kilimandjaro. Laissez-nous vous emmener dans cette exp\u00e9rience!","og_url":"https:\/\/tourtravelandmore.com\/fr\/tours\/etats-unis-fr\/visite-privee-du-kilimandjaro\/","og_site_name":"Tour Travel And More","article_publisher":"https:\/\/www.facebook.com\/tourtravelandmore\/","article_modified_time":"2021-03-25T19:27:07+00:00","og_image":[{"width":2560,"height":1706,"url":"https:\/\/tourtravelandmore.com\/wp-content\/uploads\/2021\/01\/006D8FCB-2A9B-498A-B025-729327EE5939-scaled.jpeg","type":"image\/jpeg"}],"twitter_card":"summary_large_image","twitter_site":"@TourTravel_More","twitter_misc":{"Dur\u00e9e de lecture estim\u00e9e":"2 minutes"},"schema":{"@context":"https:\/\/schema.org","@graph":[{"@type":"WebPage","@id":"https:\/\/tourtravelandmore.com\/fr\/tours\/etats-unis-fr\/visite-privee-du-kilimandjaro\/","url":"https:\/\/tourtravelandmore.com\/fr\/tours\/etats-unis-fr\/visite-privee-du-kilimandjaro\/","name":"Chauffeur-guide priv\u00e9 du Kilimandjaro pour une excursion unique!","isPartOf":{"@id":"https:\/\/tourtravelandmore.com\/fr\/#website"},"primaryImageOfPage":{"@id":"https:\/\/tourtravelandmore.com\/fr\/tours\/etats-unis-fr\/visite-privee-du-kilimandjaro\/#primaryimage"},"image":{"@id":"https:\/\/tourtravelandmore.com\/fr\/tours\/etats-unis-fr\/visite-privee-du-kilimandjaro\/#primaryimage"},"thumbnailUrl":"https:\/\/tourtravelandmore.com\/wp-content\/uploads\/2021\/01\/006D8FCB-2A9B-498A-B025-729327EE5939-scaled.jpeg","datePublished":"2021-02-02T11:54:57+00:00","dateModified":"2021-03-25T19:27:07+00:00","description":"Explorez l'un des plus beaux endroits de Tanzanie. Faites notre visite priv\u00e9e du Kilimandjaro. Laissez-nous vous emmener dans cette exp\u00e9rience!","breadcrumb":{"@id":"https:\/\/tourtravelandmore.com\/fr\/tours\/etats-unis-fr\/visite-privee-du-kilimandjaro\/#breadcrumb"},"inLanguage":"fr-FR","potentialAction":[{"@type":"ReadAction","target":["https:\/\/tourtravelandmore.com\/fr\/tours\/etats-unis-fr\/visite-privee-du-kilimandjaro\/"]}]},{"@type":"ImageObject","inLanguage":"fr-FR","@id":"https:\/\/tourtravelandmore.com\/fr\/tours\/etats-unis-fr\/visite-privee-du-kilimandjaro\/#primaryimage","url":"https:\/\/tourtravelandmore.com\/wp-content\/uploads\/2021\/01\/006D8FCB-2A9B-498A-B025-729327EE5939-scaled.jpeg","contentUrl":"https:\/\/tourtravelandmore.com\/wp-content\/uploads\/2021\/01\/006D8FCB-2A9B-498A-B025-729327EE5939-scaled.jpeg","width":2560,"height":1706},{"@type":"BreadcrumbList","@id":"https:\/\/tourtravelandmore.com\/fr\/tours\/etats-unis-fr\/visite-privee-du-kilimandjaro\/#breadcrumb","itemListElement":[{"@type":"ListItem","position":1,"name":"Home","item":"https:\/\/tourtravelandmore.com\/fr\/"},{"@type":"ListItem","position":2,"name":"Tours","item":"https:\/\/tourtravelandmore.com\/fr\/tours\/"},{"@type":"ListItem","position":3,"name":"Visite priv\u00e9e du Kilimandjaro"}]},{"@type":"WebSite","@id":"https:\/\/tourtravelandmore.com\/fr\/#website","url":"https:\/\/tourtravelandmore.com\/fr\/","name":"Tour Travel And More","description":"Private sightseeing tours and luxury transfers in Spain","publisher":{"@id":"https:\/\/tourtravelandmore.com\/fr\/#organization"},"potentialAction":[{"@type":"SearchAction","target":{"@type":"EntryPoint","urlTemplate":"https:\/\/tourtravelandmore.com\/fr\/?s={search_term_string}"},"query-input":{"@type":"PropertyValueSpecification","valueRequired":true,"valueName":"search_term_string"}}],"inLanguage":"fr-FR"},{"@type":"Organization","@id":"https:\/\/tourtravelandmore.com\/fr\/#organization","name":"Tour Travel And More","url":"https:\/\/tourtravelandmore.com\/fr\/","logo":{"@type":"ImageObject","inLanguage":"fr-FR","@id":"https:\/\/tourtravelandmore.com\/fr\/#\/schema\/logo\/image\/","url":"https:\/\/tourtravelandmore.com\/wp-content\/uploads\/2022\/12\/cropped-logo-cabecera-new.png","contentUrl":"https:\/\/tourtravelandmore.com\/wp-content\/uploads\/2022\/12\/cropped-logo-cabecera-new.png","width":430,"height":61,"caption":"Tour Travel And More"},"image":{"@id":"https:\/\/tourtravelandmore.com\/fr\/#\/schema\/logo\/image\/"},"sameAs":["https:\/\/www.facebook.com\/tourtravelandmore\/","https:\/\/x.com\/TourTravel_More"]}]}},"_links":{"self":[{"href":"https:\/\/tourtravelandmore.com\/fr\/wp-json\/wp\/v2\/product\/105610","targetHints":{"allow":["GET"]}}],"collection":[{"href":"https:\/\/tourtravelandmore.com\/fr\/wp-json\/wp\/v2\/product"}],"about":[{"href":"https:\/\/tourtravelandmore.com\/fr\/wp-json\/wp\/v2\/types\/product"}],"replies":[{"embeddable":true,"href":"https:\/\/tourtravelandmore.com\/fr\/wp-json\/wp\/v2\/comments?post=105610"}],"wp:featuredmedia":[{"embeddable":true,"href":"https:\/\/tourtravelandmore.com\/fr\/wp-json\/wp\/v2\/media\/92187"}],"wp:attachment":[{"href":"https:\/\/tourtravelandmore.com\/fr\/wp-json\/wp\/v2\/media?parent=105610"}],"wp:term":[{"taxonomy":"product_brand","embeddable":true,"href":"https:\/\/tourtravelandmore.com\/fr\/wp-json\/wp\/v2\/product_brand?post=105610"},{"taxonomy":"product_cat","embeddable":true,"href":"https:\/\/tourtravelandmore.com\/fr\/wp-json\/wp\/v2\/product_cat?post=105610"},{"taxonomy":"product_tag","embeddable":true,"href":"https:\/\/tourtravelandmore.com\/fr\/wp-json\/wp\/v2\/product_tag?post=105610"}],"curies":[{"name":"wp","href":"https:\/\/api.w.org\/{rel}","templated":true}]}}