{"id":105603,"date":"2021-02-02T12:39:45","date_gmt":"2021-02-02T11:39:45","guid":{"rendered":"https:\/\/tourtravelandmore.com\/tours\/non%20class\u00e9\/visite-privee-du-parc-national-darusha\/"},"modified":"2021-03-25T20:26:03","modified_gmt":"2021-03-25T19:26:03","slug":"visite-privee-du-parc-national-darusha","status":"publish","type":"product","link":"https:\/\/tourtravelandmore.com\/fr\/tours\/etats-unis-fr\/visite-privee-du-parc-national-darusha\/","title":{"rendered":"Visite priv\u00e9e du parc national d&#8217;Arusha"},"content":{"rendered":"<h2>Description<\/h2>\n<p>Profitez de cette excursion d&#8217;une journ\u00e9e au parc national d&#8217;Arusha. Nous organiserons une prise en charge priv\u00e9e depuis votre h\u00f4tel \u00e0 Arusha et profiterons de cette visite priv\u00e9e du parc national d&#8217;Arusha!<\/p>\n<p>Le parc national d&#8217;Arusha couvre le mont Meru. C&#8217;est un volcan de premier plan avec une altitude de 4566m. Il est situ\u00e9 dans la r\u00e9gion d&#8217;Arusha. C&#8217;est au nord-est de la Tanzanie.<\/p>\n<p>Le parc est petit mais vari\u00e9 avec des paysages incroyables dans diff\u00e9rents domaines.<\/p>\n<p>\u00c0 l&#8217;ouest, le crat\u00e8re Meru canalise la rivi\u00e8re Jekukumia. Le crat\u00e8re Ngurdoto au sud-est est une prairie. Le mont Meru est le deuxi\u00e8me plus haut sommet de Tanzanie. C&#8217;est apr\u00e8s le mont Kilimandjaro.<\/p>\n<p>Le parc national d&#8217;Arusha se trouve sur un axe de 300 kilom\u00e8tres des parcs nationaux les plus c\u00e9l\u00e8bres d&#8217;Afrique. Cela va du Serengeti et du crat\u00e8re du Ngorongoro.<\/p>\n<p>Le parc est situ\u00e9 \u00e0 quelques kilom\u00e8tres au nord-est d&#8217;Arusha.<\/p>\n<p>Cette visite priv\u00e9e commencera \u00e0 Arusha et \u00e0 votre h\u00f4tel qui s&#8217;y trouve. Nous pouvons \u00e9galement organiser une prise en charge depuis Moshi ou m\u00eame depuis KIA (a\u00e9roport international du Kilimandjaro).<\/p>\n<p>Tous nos circuits sont uniques. D\u00e9couvrez notre visite priv\u00e9e du parc national d&#8217;Arusha.<\/p>\n<h2>Sites d&#8217;int\u00e9r\u00eat et points de rep\u00e8re<\/h2>\n<p>Apr\u00e8s une prise en charge confortable, nous nous dirigerons vers le parc national d&#8217;Arusha.<\/p>\n<p>Une fois sur place, nous commencerons le safari \u00e0 pied. Un ranger vous accompagnera pour une exp\u00e9rience unique et qui sera \u00e0 votre disposition. Le garde forestier vous guidera \u00e0 travers la for\u00eat tropicale et jusqu&#8217;\u00e0 la cascade scintillante.<\/p>\n<p>Ici, vous apercevrez des singes Colubus noirs et blancs.<\/p>\n<p>Apr\u00e8s le d\u00e9jeuner, montez \u00e0 bord de notre land cruiser. Nous profiterons ensuite d&#8217;un safari. Cela vous m\u00e8nera \u00e0 travers des parties importantes du parc.<\/p>\n<p>Il s&#8217;agira notamment de profiter: des lacs de Morella, du crat\u00e8re Ngurduto.<\/p>\n<p>Si nous avons de la chance, vous pourrez apercevoir des buffles, des cobayes, des girafes, des phacoch\u00e8res, des z\u00e8bres, des gazelles ainsi que de nombreuses pi\u00e8ces de naissance.<\/p>\n<p>Emmenez votre appareil photo lors de cette impressionnante excursion d&#8217;une journ\u00e9e et ramenez des souvenirs incroyables chez vous!<\/p>\n<p>Nous organiserons le retour \u00e0 votre h\u00f4tel \u00e0 Arusha ou Moshi!<\/p>\n<p>Jetez un \u0153il \u00e0 nos autres circuits priv\u00e9s que nous proposons en Tanzanie!<\/p>\n","protected":false},"excerpt":{"rendered":"<p>Explorez l&#8217;un des plus beaux endroits de Tanzanie. Faites notre visite priv\u00e9e du parc national d&#8217;Arusha. Laissez-nous vous emmener dans cette exp\u00e9rience!<\/p>\n","protected":false},"featured_media":92190,"comment_status":"open","ping_status":"closed","template":"","meta":{"_acf_changed":false},"product_brand":[],"product_cat":[3735,3547],"product_tag":[],"class_list":{"0":"post-105603","1":"product","2":"type-product","3":"status-publish","4":"has-post-thumbnail","6":"product_cat-tanzanie-fr","7":"product_cat-etats-unis-fr","9":"first","10":"instock","11":"shipping-taxable","12":"purchasable","13":"product-type-simple"},"acf":[],"yoast_head":"<!-- This site is optimized with the Yoast SEO Premium plugin v25.3.1 (Yoast SEO v25.3.1) - https:\/\/yoast.com\/wordpress\/plugins\/seo\/ -->\n<title>Chauffeur-guide priv\u00e9 du parc national d&#039;Arusha pour une excursion unique!<\/title>\n<meta name=\"description\" content=\"Explorez l&#039;un des plus beaux endroits de Tanzanie. Faites notre visite priv\u00e9e du parc national d&#039;Arusha. Laissez-nous vous emmener dans cette exp\u00e9rience!\" \/>\n<meta name=\"robots\" content=\"index, follow, max-snippet:-1, max-image-preview:large, max-video-preview:-1\" \/>\n<link rel=\"canonical\" href=\"https:\/\/tourtravelandmore.com\/fr\/tours\/etats-unis-fr\/visite-privee-du-parc-national-darusha\/\" \/>\n<meta property=\"og:locale\" content=\"fr_FR\" \/>\n<meta property=\"og:type\" content=\"article\" \/>\n<meta property=\"og:title\" content=\"Visite priv\u00e9e du parc national d&#039;Arusha\" \/>\n<meta property=\"og:description\" content=\"Explorez l&#039;un des plus beaux endroits de Tanzanie. Faites notre visite priv\u00e9e du parc national d&#039;Arusha. Laissez-nous vous emmener dans cette exp\u00e9rience!\" \/>\n<meta property=\"og:url\" content=\"https:\/\/tourtravelandmore.com\/fr\/tours\/etats-unis-fr\/visite-privee-du-parc-national-darusha\/\" \/>\n<meta property=\"og:site_name\" content=\"Tour Travel And More\" \/>\n<meta property=\"article:publisher\" content=\"https:\/\/www.facebook.com\/tourtravelandmore\/\" \/>\n<meta property=\"article:modified_time\" content=\"2021-03-25T19:26:03+00:00\" \/>\n<meta property=\"og:image\" content=\"https:\/\/tourtravelandmore.com\/wp-content\/uploads\/2021\/01\/F8B1E184-6033-4806-862C-ED313A599EC2.jpeg\" \/>\n\t<meta property=\"og:image:width\" content=\"1920\" \/>\n\t<meta property=\"og:image:height\" content=\"1280\" \/>\n\t<meta property=\"og:image:type\" content=\"image\/jpeg\" \/>\n<meta name=\"twitter:card\" content=\"summary_large_image\" \/>\n<meta name=\"twitter:site\" content=\"@TourTravel_More\" \/>\n<meta name=\"twitter:label1\" content=\"Dur\u00e9e de lecture estim\u00e9e\" \/>\n\t<meta name=\"twitter:data1\" content=\"2 minutes\" \/>\n<script type=\"application\/ld+json\" class=\"yoast-schema-graph\">{\"@context\":\"https:\/\/schema.org\",\"@graph\":[{\"@type\":\"WebPage\",\"@id\":\"https:\/\/tourtravelandmore.com\/fr\/tours\/etats-unis-fr\/visite-privee-du-parc-national-darusha\/\",\"url\":\"https:\/\/tourtravelandmore.com\/fr\/tours\/etats-unis-fr\/visite-privee-du-parc-national-darusha\/\",\"name\":\"Chauffeur-guide priv\u00e9 du parc national d'Arusha pour une excursion unique!\",\"isPartOf\":{\"@id\":\"https:\/\/tourtravelandmore.com\/fr\/#website\"},\"primaryImageOfPage\":{\"@id\":\"https:\/\/tourtravelandmore.com\/fr\/tours\/etats-unis-fr\/visite-privee-du-parc-national-darusha\/#primaryimage\"},\"image\":{\"@id\":\"https:\/\/tourtravelandmore.com\/fr\/tours\/etats-unis-fr\/visite-privee-du-parc-national-darusha\/#primaryimage\"},\"thumbnailUrl\":\"https:\/\/tourtravelandmore.com\/wp-content\/uploads\/2021\/01\/F8B1E184-6033-4806-862C-ED313A599EC2.jpeg\",\"datePublished\":\"2021-02-02T11:39:45+00:00\",\"dateModified\":\"2021-03-25T19:26:03+00:00\",\"description\":\"Explorez l'un des plus beaux endroits de Tanzanie. Faites notre visite priv\u00e9e du parc national d'Arusha. Laissez-nous vous emmener dans cette exp\u00e9rience!\",\"breadcrumb\":{\"@id\":\"https:\/\/tourtravelandmore.com\/fr\/tours\/etats-unis-fr\/visite-privee-du-parc-national-darusha\/#breadcrumb\"},\"inLanguage\":\"fr-FR\",\"potentialAction\":[{\"@type\":\"ReadAction\",\"target\":[\"https:\/\/tourtravelandmore.com\/fr\/tours\/etats-unis-fr\/visite-privee-du-parc-national-darusha\/\"]}]},{\"@type\":\"ImageObject\",\"inLanguage\":\"fr-FR\",\"@id\":\"https:\/\/tourtravelandmore.com\/fr\/tours\/etats-unis-fr\/visite-privee-du-parc-national-darusha\/#primaryimage\",\"url\":\"https:\/\/tourtravelandmore.com\/wp-content\/uploads\/2021\/01\/F8B1E184-6033-4806-862C-ED313A599EC2.jpeg\",\"contentUrl\":\"https:\/\/tourtravelandmore.com\/wp-content\/uploads\/2021\/01\/F8B1E184-6033-4806-862C-ED313A599EC2.jpeg\",\"width\":1920,\"height\":1280},{\"@type\":\"BreadcrumbList\",\"@id\":\"https:\/\/tourtravelandmore.com\/fr\/tours\/etats-unis-fr\/visite-privee-du-parc-national-darusha\/#breadcrumb\",\"itemListElement\":[{\"@type\":\"ListItem\",\"position\":1,\"name\":\"Home\",\"item\":\"https:\/\/tourtravelandmore.com\/fr\/\"},{\"@type\":\"ListItem\",\"position\":2,\"name\":\"Tours\",\"item\":\"https:\/\/tourtravelandmore.com\/fr\/tours\/\"},{\"@type\":\"ListItem\",\"position\":3,\"name\":\"Visite priv\u00e9e du parc national d&#8217;Arusha\"}]},{\"@type\":\"WebSite\",\"@id\":\"https:\/\/tourtravelandmore.com\/fr\/#website\",\"url\":\"https:\/\/tourtravelandmore.com\/fr\/\",\"name\":\"Tour Travel And More\",\"description\":\"Private sightseeing tours and luxury transfers in Spain\",\"publisher\":{\"@id\":\"https:\/\/tourtravelandmore.com\/fr\/#organization\"},\"potentialAction\":[{\"@type\":\"SearchAction\",\"target\":{\"@type\":\"EntryPoint\",\"urlTemplate\":\"https:\/\/tourtravelandmore.com\/fr\/?s={search_term_string}\"},\"query-input\":{\"@type\":\"PropertyValueSpecification\",\"valueRequired\":true,\"valueName\":\"search_term_string\"}}],\"inLanguage\":\"fr-FR\"},{\"@type\":\"Organization\",\"@id\":\"https:\/\/tourtravelandmore.com\/fr\/#organization\",\"name\":\"Tour Travel And More\",\"url\":\"https:\/\/tourtravelandmore.com\/fr\/\",\"logo\":{\"@type\":\"ImageObject\",\"inLanguage\":\"fr-FR\",\"@id\":\"https:\/\/tourtravelandmore.com\/fr\/#\/schema\/logo\/image\/\",\"url\":\"https:\/\/tourtravelandmore.com\/wp-content\/uploads\/2022\/12\/cropped-logo-cabecera-new.png\",\"contentUrl\":\"https:\/\/tourtravelandmore.com\/wp-content\/uploads\/2022\/12\/cropped-logo-cabecera-new.png\",\"width\":430,\"height\":61,\"caption\":\"Tour Travel And More\"},\"image\":{\"@id\":\"https:\/\/tourtravelandmore.com\/fr\/#\/schema\/logo\/image\/\"},\"sameAs\":[\"https:\/\/www.facebook.com\/tourtravelandmore\/\",\"https:\/\/x.com\/TourTravel_More\"]}]}<\/script>\n<!-- \/ Yoast SEO Premium plugin. -->","yoast_head_json":{"title":"Chauffeur-guide priv\u00e9 du parc national d'Arusha pour une excursion unique!","description":"Explorez l'un des plus beaux endroits de Tanzanie. Faites notre visite priv\u00e9e du parc national d'Arusha. Laissez-nous vous emmener dans cette exp\u00e9rience!","robots":{"index":"index","follow":"follow","max-snippet":"max-snippet:-1","max-image-preview":"max-image-preview:large","max-video-preview":"max-video-preview:-1"},"canonical":"https:\/\/tourtravelandmore.com\/fr\/tours\/etats-unis-fr\/visite-privee-du-parc-national-darusha\/","og_locale":"fr_FR","og_type":"article","og_title":"Visite priv\u00e9e du parc national d'Arusha","og_description":"Explorez l'un des plus beaux endroits de Tanzanie. Faites notre visite priv\u00e9e du parc national d'Arusha. Laissez-nous vous emmener dans cette exp\u00e9rience!","og_url":"https:\/\/tourtravelandmore.com\/fr\/tours\/etats-unis-fr\/visite-privee-du-parc-national-darusha\/","og_site_name":"Tour Travel And More","article_publisher":"https:\/\/www.facebook.com\/tourtravelandmore\/","article_modified_time":"2021-03-25T19:26:03+00:00","og_image":[{"width":1920,"height":1280,"url":"https:\/\/tourtravelandmore.com\/wp-content\/uploads\/2021\/01\/F8B1E184-6033-4806-862C-ED313A599EC2.jpeg","type":"image\/jpeg"}],"twitter_card":"summary_large_image","twitter_site":"@TourTravel_More","twitter_misc":{"Dur\u00e9e de lecture estim\u00e9e":"2 minutes"},"schema":{"@context":"https:\/\/schema.org","@graph":[{"@type":"WebPage","@id":"https:\/\/tourtravelandmore.com\/fr\/tours\/etats-unis-fr\/visite-privee-du-parc-national-darusha\/","url":"https:\/\/tourtravelandmore.com\/fr\/tours\/etats-unis-fr\/visite-privee-du-parc-national-darusha\/","name":"Chauffeur-guide priv\u00e9 du parc national d'Arusha pour une excursion unique!","isPartOf":{"@id":"https:\/\/tourtravelandmore.com\/fr\/#website"},"primaryImageOfPage":{"@id":"https:\/\/tourtravelandmore.com\/fr\/tours\/etats-unis-fr\/visite-privee-du-parc-national-darusha\/#primaryimage"},"image":{"@id":"https:\/\/tourtravelandmore.com\/fr\/tours\/etats-unis-fr\/visite-privee-du-parc-national-darusha\/#primaryimage"},"thumbnailUrl":"https:\/\/tourtravelandmore.com\/wp-content\/uploads\/2021\/01\/F8B1E184-6033-4806-862C-ED313A599EC2.jpeg","datePublished":"2021-02-02T11:39:45+00:00","dateModified":"2021-03-25T19:26:03+00:00","description":"Explorez l'un des plus beaux endroits de Tanzanie. Faites notre visite priv\u00e9e du parc national d'Arusha. Laissez-nous vous emmener dans cette exp\u00e9rience!","breadcrumb":{"@id":"https:\/\/tourtravelandmore.com\/fr\/tours\/etats-unis-fr\/visite-privee-du-parc-national-darusha\/#breadcrumb"},"inLanguage":"fr-FR","potentialAction":[{"@type":"ReadAction","target":["https:\/\/tourtravelandmore.com\/fr\/tours\/etats-unis-fr\/visite-privee-du-parc-national-darusha\/"]}]},{"@type":"ImageObject","inLanguage":"fr-FR","@id":"https:\/\/tourtravelandmore.com\/fr\/tours\/etats-unis-fr\/visite-privee-du-parc-national-darusha\/#primaryimage","url":"https:\/\/tourtravelandmore.com\/wp-content\/uploads\/2021\/01\/F8B1E184-6033-4806-862C-ED313A599EC2.jpeg","contentUrl":"https:\/\/tourtravelandmore.com\/wp-content\/uploads\/2021\/01\/F8B1E184-6033-4806-862C-ED313A599EC2.jpeg","width":1920,"height":1280},{"@type":"BreadcrumbList","@id":"https:\/\/tourtravelandmore.com\/fr\/tours\/etats-unis-fr\/visite-privee-du-parc-national-darusha\/#breadcrumb","itemListElement":[{"@type":"ListItem","position":1,"name":"Home","item":"https:\/\/tourtravelandmore.com\/fr\/"},{"@type":"ListItem","position":2,"name":"Tours","item":"https:\/\/tourtravelandmore.com\/fr\/tours\/"},{"@type":"ListItem","position":3,"name":"Visite priv\u00e9e du parc national d&#8217;Arusha"}]},{"@type":"WebSite","@id":"https:\/\/tourtravelandmore.com\/fr\/#website","url":"https:\/\/tourtravelandmore.com\/fr\/","name":"Tour Travel And More","description":"Private sightseeing tours and luxury transfers in Spain","publisher":{"@id":"https:\/\/tourtravelandmore.com\/fr\/#organization"},"potentialAction":[{"@type":"SearchAction","target":{"@type":"EntryPoint","urlTemplate":"https:\/\/tourtravelandmore.com\/fr\/?s={search_term_string}"},"query-input":{"@type":"PropertyValueSpecification","valueRequired":true,"valueName":"search_term_string"}}],"inLanguage":"fr-FR"},{"@type":"Organization","@id":"https:\/\/tourtravelandmore.com\/fr\/#organization","name":"Tour Travel And More","url":"https:\/\/tourtravelandmore.com\/fr\/","logo":{"@type":"ImageObject","inLanguage":"fr-FR","@id":"https:\/\/tourtravelandmore.com\/fr\/#\/schema\/logo\/image\/","url":"https:\/\/tourtravelandmore.com\/wp-content\/uploads\/2022\/12\/cropped-logo-cabecera-new.png","contentUrl":"https:\/\/tourtravelandmore.com\/wp-content\/uploads\/2022\/12\/cropped-logo-cabecera-new.png","width":430,"height":61,"caption":"Tour Travel And More"},"image":{"@id":"https:\/\/tourtravelandmore.com\/fr\/#\/schema\/logo\/image\/"},"sameAs":["https:\/\/www.facebook.com\/tourtravelandmore\/","https:\/\/x.com\/TourTravel_More"]}]}},"_links":{"self":[{"href":"https:\/\/tourtravelandmore.com\/fr\/wp-json\/wp\/v2\/product\/105603","targetHints":{"allow":["GET"]}}],"collection":[{"href":"https:\/\/tourtravelandmore.com\/fr\/wp-json\/wp\/v2\/product"}],"about":[{"href":"https:\/\/tourtravelandmore.com\/fr\/wp-json\/wp\/v2\/types\/product"}],"replies":[{"embeddable":true,"href":"https:\/\/tourtravelandmore.com\/fr\/wp-json\/wp\/v2\/comments?post=105603"}],"wp:featuredmedia":[{"embeddable":true,"href":"https:\/\/tourtravelandmore.com\/fr\/wp-json\/wp\/v2\/media\/92190"}],"wp:attachment":[{"href":"https:\/\/tourtravelandmore.com\/fr\/wp-json\/wp\/v2\/media?parent=105603"}],"wp:term":[{"taxonomy":"product_brand","embeddable":true,"href":"https:\/\/tourtravelandmore.com\/fr\/wp-json\/wp\/v2\/product_brand?post=105603"},{"taxonomy":"product_cat","embeddable":true,"href":"https:\/\/tourtravelandmore.com\/fr\/wp-json\/wp\/v2\/product_cat?post=105603"},{"taxonomy":"product_tag","embeddable":true,"href":"https:\/\/tourtravelandmore.com\/fr\/wp-json\/wp\/v2\/product_tag?post=105603"}],"curies":[{"name":"wp","href":"https:\/\/api.w.org\/{rel}","templated":true}]}}