{"id":105596,"date":"2021-02-02T12:29:05","date_gmt":"2021-02-02T11:29:05","guid":{"rendered":"https:\/\/tourtravelandmore.com\/tours\/non%20class\u00e9\/visite-privee-de-tarangire\/"},"modified":"2021-03-25T20:24:53","modified_gmt":"2021-03-25T19:24:53","slug":"visite-privee-de-tarangire","status":"publish","type":"product","link":"https:\/\/tourtravelandmore.com\/fr\/tours\/etats-unis-fr\/visite-privee-de-tarangire\/","title":{"rendered":"Visite priv\u00e9e de Tarangire"},"content":{"rendered":"<h2>Description<\/h2>\n<p>Prenez une journ\u00e9e de votre horaire charg\u00e9 en Tanzanie et allez visiter le parc national de Tarangire. Faites cette excursion d&#8217;une journ\u00e9e et profitez d&#8217;une visite priv\u00e9e de Tarangire.<\/p>\n<p>Tout d&#8217;abord, nous organiserons la prise en charge \u00e0 votre h\u00f4tel ou lieu de votre choix \u00e0 Arusha. Notre chauffeur-guide priv\u00e9 vous attendra devant votre h\u00f4tel \u00e0 Arusha. Nous recommandons g\u00e9n\u00e9ralement de commencer cette visite t\u00f4t le matin, vers 7 ou 8 heures du matin. Tenez compte du fait que le trajet dure environ 3 heures dans chaque sens pour atteindre le parc national de Tarangire.<\/p>\n<p>Le parc national de Tarangire est un parc situ\u00e9 dans la r\u00e9gion de Manyara en Tanzanie. Le nom vient de la rivi\u00e8re Tarangire. Cette rivi\u00e8re est la principale source d&#8217;eau douce pour les animaux sauvages.<\/p>\n<p>Le parc national de Tarangire s&#8217;\u00e9tend sur environ 2850 kilom\u00e8tres carr\u00e9s. C&#8217;est un endroit plein de cr\u00eates, de vall\u00e9es fluviales, de mar\u00e9cages et peut trouver une v\u00e9g\u00e9tation incroyable. Cela inclurait les bois d&#8217;acacias, les bois de Combretum, les prairies et les baobabs!<\/p>\n<p>Cette visite priv\u00e9e de Tarangire est une exp\u00e9rience formidable pour vous!<\/p>\n<h2>Sites d&#8217;int\u00e9r\u00eat et points de rep\u00e8re<\/h2>\n<p>Tout d&#8217;abord, nous organiserons une prise en charge apr\u00e8s le petit-d\u00e9jeuner pour nous diriger vers le parc national.<\/p>\n<p>Tarangire est bien connue pour ses grands troupeaux d&#8217;\u00e9l\u00e9phants. Comme tous nos circuits, profitez de ce circuit avec un 4&#215;4 confortable et certains ont m\u00eame un toit ouvert.<\/p>\n<p>Le parc national de Tarangire se caract\u00e9rise par une bonne faune sauvage pendant la saison s\u00e8che. Cela inclurait les troupeaux d&#8217;\u00e9l\u00e9phants qui peuvent \u00eatre vus dans le parc. Et bien s\u00fbr, ce sont des baobabs.<\/p>\n<p>L&#8217;incroyable migration des \u00e9l\u00e9phants est un site \u00e0 voir absolument. Les \u00e9l\u00e9phants sont les principales attractions.<\/p>\n<p>Admirez les marais saisonniers, la savane et la rivi\u00e8re Tarangire.<\/p>\n<p>Profitez de superbes spots d&#8217;animaux comme:<\/p>\n<ul>\n<li>Z\u00e8bre<\/li>\n<li>Gnou<\/li>\n<li>Buffle<\/li>\n<li>l&#8217;\u00e9l\u00e9phant<\/li>\n<li>Girafe<\/li>\n<li>Lions (parfois rep\u00e9r\u00e9s mais pas toujours)<\/li>\n<\/ul>\n<p>Notez que le parc national de Tarangire est une excellente destination d&#8217;observation des oiseaux.<\/p>\n<p>Apr\u00e8s une visite au parc national de Tarangire, notre chauffeur-guide priv\u00e9 vous ram\u00e8nera vers votre h\u00f4tel \u00e0 Arusha. Ceci est une visite priv\u00e9e parfaite de Tarangire.<\/p>\n<p>D\u00e9couvrez nos autres visites priv\u00e9es de la Tanzanie!<\/p>\n","protected":false},"excerpt":{"rendered":"<p>Explorez l&#8217;un des plus beaux endroits de Tanzanie. Faites notre visite priv\u00e9e de Tarangire. Laissez-nous vous emmener dans cette exp\u00e9rience incroyable!<\/p>\n","protected":false},"featured_media":92196,"comment_status":"open","ping_status":"closed","template":"","meta":{"_acf_changed":false},"product_brand":[],"product_cat":[3735,3547],"product_tag":[],"class_list":{"0":"post-105596","1":"product","2":"type-product","3":"status-publish","4":"has-post-thumbnail","6":"product_cat-tanzanie-fr","7":"product_cat-etats-unis-fr","9":"first","10":"instock","11":"shipping-taxable","12":"purchasable","13":"product-type-simple"},"acf":[],"yoast_head":"<!-- This site is optimized with the Yoast SEO Premium plugin v25.3.1 (Yoast SEO v25.3.1) - https:\/\/yoast.com\/wordpress\/plugins\/seo\/ -->\n<title>Visite priv\u00e9e du chauffeur-guide de Tarangire pour une excursion unique!<\/title>\n<meta name=\"description\" content=\"Explorez l&#039;un des plus beaux endroits de Tanzanie. Faites notre visite priv\u00e9e de Tarangire. Laissez-nous vous emmener dans cette exp\u00e9rience incroyable!\" \/>\n<meta name=\"robots\" content=\"index, follow, max-snippet:-1, max-image-preview:large, max-video-preview:-1\" \/>\n<link rel=\"canonical\" href=\"https:\/\/tourtravelandmore.com\/fr\/tours\/etats-unis-fr\/visite-privee-de-tarangire\/\" \/>\n<meta property=\"og:locale\" content=\"fr_FR\" \/>\n<meta property=\"og:type\" content=\"article\" \/>\n<meta property=\"og:title\" content=\"Visite priv\u00e9e de Tarangire\" \/>\n<meta property=\"og:description\" content=\"Explorez l&#039;un des plus beaux endroits de Tanzanie. Faites notre visite priv\u00e9e de Tarangire. Laissez-nous vous emmener dans cette exp\u00e9rience incroyable!\" \/>\n<meta property=\"og:url\" content=\"https:\/\/tourtravelandmore.com\/fr\/tours\/etats-unis-fr\/visite-privee-de-tarangire\/\" \/>\n<meta property=\"og:site_name\" content=\"Tour Travel And More\" \/>\n<meta property=\"article:publisher\" content=\"https:\/\/www.facebook.com\/tourtravelandmore\/\" \/>\n<meta property=\"article:modified_time\" content=\"2021-03-25T19:24:53+00:00\" \/>\n<meta property=\"og:image\" content=\"https:\/\/tourtravelandmore.com\/wp-content\/uploads\/2021\/01\/756F4D16-E443-4609-834F-D7DEF6A82EBE.jpeg\" \/>\n\t<meta property=\"og:image:width\" content=\"1920\" \/>\n\t<meta property=\"og:image:height\" content=\"894\" \/>\n\t<meta property=\"og:image:type\" content=\"image\/jpeg\" \/>\n<meta name=\"twitter:card\" content=\"summary_large_image\" \/>\n<meta name=\"twitter:site\" content=\"@TourTravel_More\" \/>\n<meta name=\"twitter:label1\" content=\"Dur\u00e9e de lecture estim\u00e9e\" \/>\n\t<meta name=\"twitter:data1\" content=\"2 minutes\" \/>\n<script type=\"application\/ld+json\" class=\"yoast-schema-graph\">{\"@context\":\"https:\/\/schema.org\",\"@graph\":[{\"@type\":\"WebPage\",\"@id\":\"https:\/\/tourtravelandmore.com\/fr\/tours\/etats-unis-fr\/visite-privee-de-tarangire\/\",\"url\":\"https:\/\/tourtravelandmore.com\/fr\/tours\/etats-unis-fr\/visite-privee-de-tarangire\/\",\"name\":\"Visite priv\u00e9e du chauffeur-guide de Tarangire pour une excursion unique!\",\"isPartOf\":{\"@id\":\"https:\/\/tourtravelandmore.com\/fr\/#website\"},\"primaryImageOfPage\":{\"@id\":\"https:\/\/tourtravelandmore.com\/fr\/tours\/etats-unis-fr\/visite-privee-de-tarangire\/#primaryimage\"},\"image\":{\"@id\":\"https:\/\/tourtravelandmore.com\/fr\/tours\/etats-unis-fr\/visite-privee-de-tarangire\/#primaryimage\"},\"thumbnailUrl\":\"https:\/\/tourtravelandmore.com\/wp-content\/uploads\/2021\/01\/756F4D16-E443-4609-834F-D7DEF6A82EBE.jpeg\",\"datePublished\":\"2021-02-02T11:29:05+00:00\",\"dateModified\":\"2021-03-25T19:24:53+00:00\",\"description\":\"Explorez l'un des plus beaux endroits de Tanzanie. Faites notre visite priv\u00e9e de Tarangire. Laissez-nous vous emmener dans cette exp\u00e9rience incroyable!\",\"breadcrumb\":{\"@id\":\"https:\/\/tourtravelandmore.com\/fr\/tours\/etats-unis-fr\/visite-privee-de-tarangire\/#breadcrumb\"},\"inLanguage\":\"fr-FR\",\"potentialAction\":[{\"@type\":\"ReadAction\",\"target\":[\"https:\/\/tourtravelandmore.com\/fr\/tours\/etats-unis-fr\/visite-privee-de-tarangire\/\"]}]},{\"@type\":\"ImageObject\",\"inLanguage\":\"fr-FR\",\"@id\":\"https:\/\/tourtravelandmore.com\/fr\/tours\/etats-unis-fr\/visite-privee-de-tarangire\/#primaryimage\",\"url\":\"https:\/\/tourtravelandmore.com\/wp-content\/uploads\/2021\/01\/756F4D16-E443-4609-834F-D7DEF6A82EBE.jpeg\",\"contentUrl\":\"https:\/\/tourtravelandmore.com\/wp-content\/uploads\/2021\/01\/756F4D16-E443-4609-834F-D7DEF6A82EBE.jpeg\",\"width\":1920,\"height\":894},{\"@type\":\"BreadcrumbList\",\"@id\":\"https:\/\/tourtravelandmore.com\/fr\/tours\/etats-unis-fr\/visite-privee-de-tarangire\/#breadcrumb\",\"itemListElement\":[{\"@type\":\"ListItem\",\"position\":1,\"name\":\"Home\",\"item\":\"https:\/\/tourtravelandmore.com\/fr\/\"},{\"@type\":\"ListItem\",\"position\":2,\"name\":\"Tours\",\"item\":\"https:\/\/tourtravelandmore.com\/fr\/tours\/\"},{\"@type\":\"ListItem\",\"position\":3,\"name\":\"Visite priv\u00e9e de Tarangire\"}]},{\"@type\":\"WebSite\",\"@id\":\"https:\/\/tourtravelandmore.com\/fr\/#website\",\"url\":\"https:\/\/tourtravelandmore.com\/fr\/\",\"name\":\"Tour Travel And More\",\"description\":\"Private sightseeing tours and luxury transfers in Spain\",\"publisher\":{\"@id\":\"https:\/\/tourtravelandmore.com\/fr\/#organization\"},\"potentialAction\":[{\"@type\":\"SearchAction\",\"target\":{\"@type\":\"EntryPoint\",\"urlTemplate\":\"https:\/\/tourtravelandmore.com\/fr\/?s={search_term_string}\"},\"query-input\":{\"@type\":\"PropertyValueSpecification\",\"valueRequired\":true,\"valueName\":\"search_term_string\"}}],\"inLanguage\":\"fr-FR\"},{\"@type\":\"Organization\",\"@id\":\"https:\/\/tourtravelandmore.com\/fr\/#organization\",\"name\":\"Tour Travel And More\",\"url\":\"https:\/\/tourtravelandmore.com\/fr\/\",\"logo\":{\"@type\":\"ImageObject\",\"inLanguage\":\"fr-FR\",\"@id\":\"https:\/\/tourtravelandmore.com\/fr\/#\/schema\/logo\/image\/\",\"url\":\"https:\/\/tourtravelandmore.com\/wp-content\/uploads\/2022\/12\/cropped-logo-cabecera-new.png\",\"contentUrl\":\"https:\/\/tourtravelandmore.com\/wp-content\/uploads\/2022\/12\/cropped-logo-cabecera-new.png\",\"width\":430,\"height\":61,\"caption\":\"Tour Travel And More\"},\"image\":{\"@id\":\"https:\/\/tourtravelandmore.com\/fr\/#\/schema\/logo\/image\/\"},\"sameAs\":[\"https:\/\/www.facebook.com\/tourtravelandmore\/\",\"https:\/\/x.com\/TourTravel_More\"]}]}<\/script>\n<!-- \/ Yoast SEO Premium plugin. -->","yoast_head_json":{"title":"Visite priv\u00e9e du chauffeur-guide de Tarangire pour une excursion unique!","description":"Explorez l'un des plus beaux endroits de Tanzanie. Faites notre visite priv\u00e9e de Tarangire. Laissez-nous vous emmener dans cette exp\u00e9rience incroyable!","robots":{"index":"index","follow":"follow","max-snippet":"max-snippet:-1","max-image-preview":"max-image-preview:large","max-video-preview":"max-video-preview:-1"},"canonical":"https:\/\/tourtravelandmore.com\/fr\/tours\/etats-unis-fr\/visite-privee-de-tarangire\/","og_locale":"fr_FR","og_type":"article","og_title":"Visite priv\u00e9e de Tarangire","og_description":"Explorez l'un des plus beaux endroits de Tanzanie. Faites notre visite priv\u00e9e de Tarangire. Laissez-nous vous emmener dans cette exp\u00e9rience incroyable!","og_url":"https:\/\/tourtravelandmore.com\/fr\/tours\/etats-unis-fr\/visite-privee-de-tarangire\/","og_site_name":"Tour Travel And More","article_publisher":"https:\/\/www.facebook.com\/tourtravelandmore\/","article_modified_time":"2021-03-25T19:24:53+00:00","og_image":[{"width":1920,"height":894,"url":"https:\/\/tourtravelandmore.com\/wp-content\/uploads\/2021\/01\/756F4D16-E443-4609-834F-D7DEF6A82EBE.jpeg","type":"image\/jpeg"}],"twitter_card":"summary_large_image","twitter_site":"@TourTravel_More","twitter_misc":{"Dur\u00e9e de lecture estim\u00e9e":"2 minutes"},"schema":{"@context":"https:\/\/schema.org","@graph":[{"@type":"WebPage","@id":"https:\/\/tourtravelandmore.com\/fr\/tours\/etats-unis-fr\/visite-privee-de-tarangire\/","url":"https:\/\/tourtravelandmore.com\/fr\/tours\/etats-unis-fr\/visite-privee-de-tarangire\/","name":"Visite priv\u00e9e du chauffeur-guide de Tarangire pour une excursion unique!","isPartOf":{"@id":"https:\/\/tourtravelandmore.com\/fr\/#website"},"primaryImageOfPage":{"@id":"https:\/\/tourtravelandmore.com\/fr\/tours\/etats-unis-fr\/visite-privee-de-tarangire\/#primaryimage"},"image":{"@id":"https:\/\/tourtravelandmore.com\/fr\/tours\/etats-unis-fr\/visite-privee-de-tarangire\/#primaryimage"},"thumbnailUrl":"https:\/\/tourtravelandmore.com\/wp-content\/uploads\/2021\/01\/756F4D16-E443-4609-834F-D7DEF6A82EBE.jpeg","datePublished":"2021-02-02T11:29:05+00:00","dateModified":"2021-03-25T19:24:53+00:00","description":"Explorez l'un des plus beaux endroits de Tanzanie. Faites notre visite priv\u00e9e de Tarangire. Laissez-nous vous emmener dans cette exp\u00e9rience incroyable!","breadcrumb":{"@id":"https:\/\/tourtravelandmore.com\/fr\/tours\/etats-unis-fr\/visite-privee-de-tarangire\/#breadcrumb"},"inLanguage":"fr-FR","potentialAction":[{"@type":"ReadAction","target":["https:\/\/tourtravelandmore.com\/fr\/tours\/etats-unis-fr\/visite-privee-de-tarangire\/"]}]},{"@type":"ImageObject","inLanguage":"fr-FR","@id":"https:\/\/tourtravelandmore.com\/fr\/tours\/etats-unis-fr\/visite-privee-de-tarangire\/#primaryimage","url":"https:\/\/tourtravelandmore.com\/wp-content\/uploads\/2021\/01\/756F4D16-E443-4609-834F-D7DEF6A82EBE.jpeg","contentUrl":"https:\/\/tourtravelandmore.com\/wp-content\/uploads\/2021\/01\/756F4D16-E443-4609-834F-D7DEF6A82EBE.jpeg","width":1920,"height":894},{"@type":"BreadcrumbList","@id":"https:\/\/tourtravelandmore.com\/fr\/tours\/etats-unis-fr\/visite-privee-de-tarangire\/#breadcrumb","itemListElement":[{"@type":"ListItem","position":1,"name":"Home","item":"https:\/\/tourtravelandmore.com\/fr\/"},{"@type":"ListItem","position":2,"name":"Tours","item":"https:\/\/tourtravelandmore.com\/fr\/tours\/"},{"@type":"ListItem","position":3,"name":"Visite priv\u00e9e de Tarangire"}]},{"@type":"WebSite","@id":"https:\/\/tourtravelandmore.com\/fr\/#website","url":"https:\/\/tourtravelandmore.com\/fr\/","name":"Tour Travel And More","description":"Private sightseeing tours and luxury transfers in Spain","publisher":{"@id":"https:\/\/tourtravelandmore.com\/fr\/#organization"},"potentialAction":[{"@type":"SearchAction","target":{"@type":"EntryPoint","urlTemplate":"https:\/\/tourtravelandmore.com\/fr\/?s={search_term_string}"},"query-input":{"@type":"PropertyValueSpecification","valueRequired":true,"valueName":"search_term_string"}}],"inLanguage":"fr-FR"},{"@type":"Organization","@id":"https:\/\/tourtravelandmore.com\/fr\/#organization","name":"Tour Travel And More","url":"https:\/\/tourtravelandmore.com\/fr\/","logo":{"@type":"ImageObject","inLanguage":"fr-FR","@id":"https:\/\/tourtravelandmore.com\/fr\/#\/schema\/logo\/image\/","url":"https:\/\/tourtravelandmore.com\/wp-content\/uploads\/2022\/12\/cropped-logo-cabecera-new.png","contentUrl":"https:\/\/tourtravelandmore.com\/wp-content\/uploads\/2022\/12\/cropped-logo-cabecera-new.png","width":430,"height":61,"caption":"Tour Travel And More"},"image":{"@id":"https:\/\/tourtravelandmore.com\/fr\/#\/schema\/logo\/image\/"},"sameAs":["https:\/\/www.facebook.com\/tourtravelandmore\/","https:\/\/x.com\/TourTravel_More"]}]}},"_links":{"self":[{"href":"https:\/\/tourtravelandmore.com\/fr\/wp-json\/wp\/v2\/product\/105596","targetHints":{"allow":["GET"]}}],"collection":[{"href":"https:\/\/tourtravelandmore.com\/fr\/wp-json\/wp\/v2\/product"}],"about":[{"href":"https:\/\/tourtravelandmore.com\/fr\/wp-json\/wp\/v2\/types\/product"}],"replies":[{"embeddable":true,"href":"https:\/\/tourtravelandmore.com\/fr\/wp-json\/wp\/v2\/comments?post=105596"}],"wp:featuredmedia":[{"embeddable":true,"href":"https:\/\/tourtravelandmore.com\/fr\/wp-json\/wp\/v2\/media\/92196"}],"wp:attachment":[{"href":"https:\/\/tourtravelandmore.com\/fr\/wp-json\/wp\/v2\/media?parent=105596"}],"wp:term":[{"taxonomy":"product_brand","embeddable":true,"href":"https:\/\/tourtravelandmore.com\/fr\/wp-json\/wp\/v2\/product_brand?post=105596"},{"taxonomy":"product_cat","embeddable":true,"href":"https:\/\/tourtravelandmore.com\/fr\/wp-json\/wp\/v2\/product_cat?post=105596"},{"taxonomy":"product_tag","embeddable":true,"href":"https:\/\/tourtravelandmore.com\/fr\/wp-json\/wp\/v2\/product_tag?post=105596"}],"curies":[{"name":"wp","href":"https:\/\/api.w.org\/{rel}","templated":true}]}}