{"id":105589,"date":"2021-02-02T12:18:26","date_gmt":"2021-02-02T11:18:26","guid":{"rendered":"https:\/\/tourtravelandmore.com\/tours\/non%20class\u00e9\/excursion-privee-dune-journee-a-zanzibar\/"},"modified":"2021-03-25T20:23:28","modified_gmt":"2021-03-25T19:23:28","slug":"excursion-privee-dune-journee-a-zanzibar","status":"publish","type":"product","link":"https:\/\/tourtravelandmore.com\/fr\/tours\/etats-unis-fr\/excursion-privee-dune-journee-a-zanzibar\/","title":{"rendered":"Excursion priv\u00e9e d&#8217;une journ\u00e9e \u00e0 Zanzibar"},"content":{"rendered":"<h2>Description<\/h2>\n<p>Si vous n&#8217;avez pas beaucoup de temps, cette excursion priv\u00e9e d&#8217;une journ\u00e9e \u00e0 Zanzibar est parfaite pour vous. Passez la journ\u00e9e \u00e0 Zanzibar et vivez une exp\u00e9rience formidable!<\/p>\n<p>Pour pouvoir en profiter au maximum, nous devions commencer la visite et partir tr\u00e8s t\u00f4t le matin.<\/p>\n<p>Nous organiserons une prise en charge priv\u00e9e vers 5h30. Apr\u00e8s la prise en charge, nous nous dirigerons vers le port pour prendre le ferry rapide en direction de Zanzibar. Le ferry prendra environ 2 heures.<\/p>\n<p>Nous passerons toute la journ\u00e9e \u00e0 Zanzibar et prendrons le ferry rapide \u00e0 16 heures pour rejoindre Dar es Salaam \u00e0 18 heures. Notre chauffeur priv\u00e9 vous ram\u00e8nera \u00e0 votre h\u00f4tel \u00e0 Dar es Salaam.<\/p>\n<h2>Sites d&#8217;int\u00e9r\u00eat et points de rep\u00e8re<\/h2>\n<p>C&#8217;est une exp\u00e9rience d&#8217;une journ\u00e9e qui sera assez intense. Apr\u00e8s une prise en charge \u00e0 5h30 de votre h\u00f4tel \u00e0 Dar es Salaam, nous nous dirigerons vers le port des ferries et nous nous dirigerons vers Zanzibar. Une fois \u00e0 Zanzibar, votre exp\u00e9rience priv\u00e9e commencera.<\/p>\n<p>Nous organiserons la prise en charge au port de ferry et nous dirigerons vers Prison Island. Pour rejoindre l&#8217;\u00eele de la prison, nous devrons prendre un petit bateau et naviguer pendant 30 minutes. Prison Island a beaucoup d&#8217;histoire et apprenez tout ce dont vous avez besoin aux c\u00f4t\u00e9s de votre guide priv\u00e9!<\/p>\n<p>C&#8217;\u00e9tait un march\u00e9 aux esclaves dans la ville de pierre et o\u00f9 le confinement des esclaves avant qu&#8217;ils ne soient vendus.<\/p>\n<p>\u00c0 cet endroit, courez la chance d&#8217;avoir une vue sur Galopogase Tortoise. Ce sont des \u00e2ges de plus de 100 ans. C&#8217;est une esp\u00e8ce consid\u00e9r\u00e9e comme vuln\u00e9rable.<\/p>\n<p>L&#8217;\u00eele regorge de r\u00e9cifs coralliens. Nous organiserons l&#8217;\u00e9quipement de plong\u00e9e en apn\u00e9e pour vous. Ce sera une exp\u00e9rience tr\u00e8s amusante. Profitez des eaux peu profondes et de la grande vie marine.<\/p>\n<p>Nous retournerons sur le continent avant le d\u00e9jeuner. Nous vous emm\u00e8nerons d\u00e9jeuner dans un restaurant local.<\/p>\n<p>Apr\u00e8s le d\u00e9jeuner, dirigons-nous vers le centre-ville historique. Ici, dans la partie historique de la visite, admirez l&#8217;\u00e9glise anglicane, mus\u00e9e du palais de l&#8217;histoire des sultans. Profitez des rues \u00e9troites de la ville antique. Si le temps le permet, profitez de quelques achats de souvenirs!<\/p>\n<p>Nous vous d\u00e9poserons \u00e0 15h00 au port pour prendre le ferry de 16h00 pour retourner vers Dar es Salaam. Une fois \u00e0 Dar es Salaam, nous vous emm\u00e8nerons vers votre h\u00f4tel dans la ville. C&#8217;est l\u00e0 que se terminera cette excursion priv\u00e9e d&#8217;une journ\u00e9e \u00e0 Zanzibar.<\/p>\n<p>D\u00e9couvrez \u00e9galement nos autres visites priv\u00e9es et ce que nous proposons \u00e0 Zanzibar.<\/p>\n","protected":false},"excerpt":{"rendered":"<p>Explorez l&#8217;un des plus beaux endroits de Tanzanie. C&#8217;est Zanzibar. Faites notre excursion priv\u00e9e d&#8217;une journ\u00e9e \u00e0 Zanzibar. Laissez-nous vous emmener!<\/p>\n","protected":false},"featured_media":92226,"comment_status":"open","ping_status":"closed","template":"","meta":{"_acf_changed":false},"product_brand":[],"product_cat":[3735,3547],"product_tag":[],"class_list":{"0":"post-105589","1":"product","2":"type-product","3":"status-publish","4":"has-post-thumbnail","6":"product_cat-tanzanie-fr","7":"product_cat-etats-unis-fr","9":"first","10":"instock","11":"shipping-taxable","12":"purchasable","13":"product-type-simple"},"acf":[],"yoast_head":"<!-- This site is optimized with the Yoast SEO Premium plugin v25.3.1 (Yoast SEO v25.3.1) - https:\/\/yoast.com\/wordpress\/plugins\/seo\/ -->\n<title>Chauffeur-guide priv\u00e9 d&#039;une journ\u00e9e \u00e0 Zanzibar pour une excursion unique!<\/title>\n<meta name=\"description\" content=\"Explorez l&#039;un des plus beaux endroits de Tanzanie. C&#039;est Zanzibar. Faites notre excursion priv\u00e9e d&#039;une journ\u00e9e \u00e0 Zanzibar. Laissez-nous vous emmener!\" \/>\n<meta name=\"robots\" content=\"index, follow, max-snippet:-1, max-image-preview:large, max-video-preview:-1\" \/>\n<link rel=\"canonical\" href=\"https:\/\/tourtravelandmore.com\/fr\/tours\/etats-unis-fr\/excursion-privee-dune-journee-a-zanzibar\/\" \/>\n<meta property=\"og:locale\" content=\"fr_FR\" \/>\n<meta property=\"og:type\" content=\"article\" \/>\n<meta property=\"og:title\" content=\"Excursion priv\u00e9e d&#039;une journ\u00e9e \u00e0 Zanzibar\" \/>\n<meta property=\"og:description\" content=\"Explorez l&#039;un des plus beaux endroits de Tanzanie. C&#039;est Zanzibar. Faites notre excursion priv\u00e9e d&#039;une journ\u00e9e \u00e0 Zanzibar. Laissez-nous vous emmener!\" \/>\n<meta property=\"og:url\" content=\"https:\/\/tourtravelandmore.com\/fr\/tours\/etats-unis-fr\/excursion-privee-dune-journee-a-zanzibar\/\" \/>\n<meta property=\"og:site_name\" content=\"Tour Travel And More\" \/>\n<meta property=\"article:publisher\" content=\"https:\/\/www.facebook.com\/tourtravelandmore\/\" \/>\n<meta property=\"article:modified_time\" content=\"2021-03-25T19:23:28+00:00\" \/>\n<meta property=\"og:image\" content=\"https:\/\/tourtravelandmore.com\/wp-content\/uploads\/2021\/01\/687D0206-7D2D-40C4-B5E2-ED8CDFE2C531-scaled.jpeg\" \/>\n\t<meta property=\"og:image:width\" content=\"2560\" \/>\n\t<meta property=\"og:image:height\" content=\"1710\" \/>\n\t<meta property=\"og:image:type\" content=\"image\/jpeg\" \/>\n<meta name=\"twitter:card\" content=\"summary_large_image\" \/>\n<meta name=\"twitter:site\" content=\"@TourTravel_More\" \/>\n<meta name=\"twitter:label1\" content=\"Dur\u00e9e de lecture estim\u00e9e\" \/>\n\t<meta name=\"twitter:data1\" content=\"2 minutes\" \/>\n<script type=\"application\/ld+json\" class=\"yoast-schema-graph\">{\"@context\":\"https:\/\/schema.org\",\"@graph\":[{\"@type\":\"WebPage\",\"@id\":\"https:\/\/tourtravelandmore.com\/fr\/tours\/etats-unis-fr\/excursion-privee-dune-journee-a-zanzibar\/\",\"url\":\"https:\/\/tourtravelandmore.com\/fr\/tours\/etats-unis-fr\/excursion-privee-dune-journee-a-zanzibar\/\",\"name\":\"Chauffeur-guide priv\u00e9 d'une journ\u00e9e \u00e0 Zanzibar pour une excursion unique!\",\"isPartOf\":{\"@id\":\"https:\/\/tourtravelandmore.com\/fr\/#website\"},\"primaryImageOfPage\":{\"@id\":\"https:\/\/tourtravelandmore.com\/fr\/tours\/etats-unis-fr\/excursion-privee-dune-journee-a-zanzibar\/#primaryimage\"},\"image\":{\"@id\":\"https:\/\/tourtravelandmore.com\/fr\/tours\/etats-unis-fr\/excursion-privee-dune-journee-a-zanzibar\/#primaryimage\"},\"thumbnailUrl\":\"https:\/\/tourtravelandmore.com\/wp-content\/uploads\/2021\/01\/687D0206-7D2D-40C4-B5E2-ED8CDFE2C531-scaled.jpeg\",\"datePublished\":\"2021-02-02T11:18:26+00:00\",\"dateModified\":\"2021-03-25T19:23:28+00:00\",\"description\":\"Explorez l'un des plus beaux endroits de Tanzanie. C'est Zanzibar. Faites notre excursion priv\u00e9e d'une journ\u00e9e \u00e0 Zanzibar. Laissez-nous vous emmener!\",\"breadcrumb\":{\"@id\":\"https:\/\/tourtravelandmore.com\/fr\/tours\/etats-unis-fr\/excursion-privee-dune-journee-a-zanzibar\/#breadcrumb\"},\"inLanguage\":\"fr-FR\",\"potentialAction\":[{\"@type\":\"ReadAction\",\"target\":[\"https:\/\/tourtravelandmore.com\/fr\/tours\/etats-unis-fr\/excursion-privee-dune-journee-a-zanzibar\/\"]}]},{\"@type\":\"ImageObject\",\"inLanguage\":\"fr-FR\",\"@id\":\"https:\/\/tourtravelandmore.com\/fr\/tours\/etats-unis-fr\/excursion-privee-dune-journee-a-zanzibar\/#primaryimage\",\"url\":\"https:\/\/tourtravelandmore.com\/wp-content\/uploads\/2021\/01\/687D0206-7D2D-40C4-B5E2-ED8CDFE2C531-scaled.jpeg\",\"contentUrl\":\"https:\/\/tourtravelandmore.com\/wp-content\/uploads\/2021\/01\/687D0206-7D2D-40C4-B5E2-ED8CDFE2C531-scaled.jpeg\",\"width\":2560,\"height\":1710},{\"@type\":\"BreadcrumbList\",\"@id\":\"https:\/\/tourtravelandmore.com\/fr\/tours\/etats-unis-fr\/excursion-privee-dune-journee-a-zanzibar\/#breadcrumb\",\"itemListElement\":[{\"@type\":\"ListItem\",\"position\":1,\"name\":\"Home\",\"item\":\"https:\/\/tourtravelandmore.com\/fr\/\"},{\"@type\":\"ListItem\",\"position\":2,\"name\":\"Tours\",\"item\":\"https:\/\/tourtravelandmore.com\/fr\/tours\/\"},{\"@type\":\"ListItem\",\"position\":3,\"name\":\"Excursion priv\u00e9e d&#8217;une journ\u00e9e \u00e0 Zanzibar\"}]},{\"@type\":\"WebSite\",\"@id\":\"https:\/\/tourtravelandmore.com\/fr\/#website\",\"url\":\"https:\/\/tourtravelandmore.com\/fr\/\",\"name\":\"Tour Travel And More\",\"description\":\"Private sightseeing tours and luxury transfers in Spain\",\"publisher\":{\"@id\":\"https:\/\/tourtravelandmore.com\/fr\/#organization\"},\"potentialAction\":[{\"@type\":\"SearchAction\",\"target\":{\"@type\":\"EntryPoint\",\"urlTemplate\":\"https:\/\/tourtravelandmore.com\/fr\/?s={search_term_string}\"},\"query-input\":{\"@type\":\"PropertyValueSpecification\",\"valueRequired\":true,\"valueName\":\"search_term_string\"}}],\"inLanguage\":\"fr-FR\"},{\"@type\":\"Organization\",\"@id\":\"https:\/\/tourtravelandmore.com\/fr\/#organization\",\"name\":\"Tour Travel And More\",\"url\":\"https:\/\/tourtravelandmore.com\/fr\/\",\"logo\":{\"@type\":\"ImageObject\",\"inLanguage\":\"fr-FR\",\"@id\":\"https:\/\/tourtravelandmore.com\/fr\/#\/schema\/logo\/image\/\",\"url\":\"https:\/\/tourtravelandmore.com\/wp-content\/uploads\/2022\/12\/cropped-logo-cabecera-new.png\",\"contentUrl\":\"https:\/\/tourtravelandmore.com\/wp-content\/uploads\/2022\/12\/cropped-logo-cabecera-new.png\",\"width\":430,\"height\":61,\"caption\":\"Tour Travel And More\"},\"image\":{\"@id\":\"https:\/\/tourtravelandmore.com\/fr\/#\/schema\/logo\/image\/\"},\"sameAs\":[\"https:\/\/www.facebook.com\/tourtravelandmore\/\",\"https:\/\/x.com\/TourTravel_More\"]}]}<\/script>\n<!-- \/ Yoast SEO Premium plugin. -->","yoast_head_json":{"title":"Chauffeur-guide priv\u00e9 d'une journ\u00e9e \u00e0 Zanzibar pour une excursion unique!","description":"Explorez l'un des plus beaux endroits de Tanzanie. C'est Zanzibar. Faites notre excursion priv\u00e9e d'une journ\u00e9e \u00e0 Zanzibar. Laissez-nous vous emmener!","robots":{"index":"index","follow":"follow","max-snippet":"max-snippet:-1","max-image-preview":"max-image-preview:large","max-video-preview":"max-video-preview:-1"},"canonical":"https:\/\/tourtravelandmore.com\/fr\/tours\/etats-unis-fr\/excursion-privee-dune-journee-a-zanzibar\/","og_locale":"fr_FR","og_type":"article","og_title":"Excursion priv\u00e9e d'une journ\u00e9e \u00e0 Zanzibar","og_description":"Explorez l'un des plus beaux endroits de Tanzanie. C'est Zanzibar. Faites notre excursion priv\u00e9e d'une journ\u00e9e \u00e0 Zanzibar. Laissez-nous vous emmener!","og_url":"https:\/\/tourtravelandmore.com\/fr\/tours\/etats-unis-fr\/excursion-privee-dune-journee-a-zanzibar\/","og_site_name":"Tour Travel And More","article_publisher":"https:\/\/www.facebook.com\/tourtravelandmore\/","article_modified_time":"2021-03-25T19:23:28+00:00","og_image":[{"width":2560,"height":1710,"url":"https:\/\/tourtravelandmore.com\/wp-content\/uploads\/2021\/01\/687D0206-7D2D-40C4-B5E2-ED8CDFE2C531-scaled.jpeg","type":"image\/jpeg"}],"twitter_card":"summary_large_image","twitter_site":"@TourTravel_More","twitter_misc":{"Dur\u00e9e de lecture estim\u00e9e":"2 minutes"},"schema":{"@context":"https:\/\/schema.org","@graph":[{"@type":"WebPage","@id":"https:\/\/tourtravelandmore.com\/fr\/tours\/etats-unis-fr\/excursion-privee-dune-journee-a-zanzibar\/","url":"https:\/\/tourtravelandmore.com\/fr\/tours\/etats-unis-fr\/excursion-privee-dune-journee-a-zanzibar\/","name":"Chauffeur-guide priv\u00e9 d'une journ\u00e9e \u00e0 Zanzibar pour une excursion unique!","isPartOf":{"@id":"https:\/\/tourtravelandmore.com\/fr\/#website"},"primaryImageOfPage":{"@id":"https:\/\/tourtravelandmore.com\/fr\/tours\/etats-unis-fr\/excursion-privee-dune-journee-a-zanzibar\/#primaryimage"},"image":{"@id":"https:\/\/tourtravelandmore.com\/fr\/tours\/etats-unis-fr\/excursion-privee-dune-journee-a-zanzibar\/#primaryimage"},"thumbnailUrl":"https:\/\/tourtravelandmore.com\/wp-content\/uploads\/2021\/01\/687D0206-7D2D-40C4-B5E2-ED8CDFE2C531-scaled.jpeg","datePublished":"2021-02-02T11:18:26+00:00","dateModified":"2021-03-25T19:23:28+00:00","description":"Explorez l'un des plus beaux endroits de Tanzanie. C'est Zanzibar. Faites notre excursion priv\u00e9e d'une journ\u00e9e \u00e0 Zanzibar. Laissez-nous vous emmener!","breadcrumb":{"@id":"https:\/\/tourtravelandmore.com\/fr\/tours\/etats-unis-fr\/excursion-privee-dune-journee-a-zanzibar\/#breadcrumb"},"inLanguage":"fr-FR","potentialAction":[{"@type":"ReadAction","target":["https:\/\/tourtravelandmore.com\/fr\/tours\/etats-unis-fr\/excursion-privee-dune-journee-a-zanzibar\/"]}]},{"@type":"ImageObject","inLanguage":"fr-FR","@id":"https:\/\/tourtravelandmore.com\/fr\/tours\/etats-unis-fr\/excursion-privee-dune-journee-a-zanzibar\/#primaryimage","url":"https:\/\/tourtravelandmore.com\/wp-content\/uploads\/2021\/01\/687D0206-7D2D-40C4-B5E2-ED8CDFE2C531-scaled.jpeg","contentUrl":"https:\/\/tourtravelandmore.com\/wp-content\/uploads\/2021\/01\/687D0206-7D2D-40C4-B5E2-ED8CDFE2C531-scaled.jpeg","width":2560,"height":1710},{"@type":"BreadcrumbList","@id":"https:\/\/tourtravelandmore.com\/fr\/tours\/etats-unis-fr\/excursion-privee-dune-journee-a-zanzibar\/#breadcrumb","itemListElement":[{"@type":"ListItem","position":1,"name":"Home","item":"https:\/\/tourtravelandmore.com\/fr\/"},{"@type":"ListItem","position":2,"name":"Tours","item":"https:\/\/tourtravelandmore.com\/fr\/tours\/"},{"@type":"ListItem","position":3,"name":"Excursion priv\u00e9e d&#8217;une journ\u00e9e \u00e0 Zanzibar"}]},{"@type":"WebSite","@id":"https:\/\/tourtravelandmore.com\/fr\/#website","url":"https:\/\/tourtravelandmore.com\/fr\/","name":"Tour Travel And More","description":"Private sightseeing tours and luxury transfers in Spain","publisher":{"@id":"https:\/\/tourtravelandmore.com\/fr\/#organization"},"potentialAction":[{"@type":"SearchAction","target":{"@type":"EntryPoint","urlTemplate":"https:\/\/tourtravelandmore.com\/fr\/?s={search_term_string}"},"query-input":{"@type":"PropertyValueSpecification","valueRequired":true,"valueName":"search_term_string"}}],"inLanguage":"fr-FR"},{"@type":"Organization","@id":"https:\/\/tourtravelandmore.com\/fr\/#organization","name":"Tour Travel And More","url":"https:\/\/tourtravelandmore.com\/fr\/","logo":{"@type":"ImageObject","inLanguage":"fr-FR","@id":"https:\/\/tourtravelandmore.com\/fr\/#\/schema\/logo\/image\/","url":"https:\/\/tourtravelandmore.com\/wp-content\/uploads\/2022\/12\/cropped-logo-cabecera-new.png","contentUrl":"https:\/\/tourtravelandmore.com\/wp-content\/uploads\/2022\/12\/cropped-logo-cabecera-new.png","width":430,"height":61,"caption":"Tour Travel And More"},"image":{"@id":"https:\/\/tourtravelandmore.com\/fr\/#\/schema\/logo\/image\/"},"sameAs":["https:\/\/www.facebook.com\/tourtravelandmore\/","https:\/\/x.com\/TourTravel_More"]}]}},"_links":{"self":[{"href":"https:\/\/tourtravelandmore.com\/fr\/wp-json\/wp\/v2\/product\/105589","targetHints":{"allow":["GET"]}}],"collection":[{"href":"https:\/\/tourtravelandmore.com\/fr\/wp-json\/wp\/v2\/product"}],"about":[{"href":"https:\/\/tourtravelandmore.com\/fr\/wp-json\/wp\/v2\/types\/product"}],"replies":[{"embeddable":true,"href":"https:\/\/tourtravelandmore.com\/fr\/wp-json\/wp\/v2\/comments?post=105589"}],"wp:featuredmedia":[{"embeddable":true,"href":"https:\/\/tourtravelandmore.com\/fr\/wp-json\/wp\/v2\/media\/92226"}],"wp:attachment":[{"href":"https:\/\/tourtravelandmore.com\/fr\/wp-json\/wp\/v2\/media?parent=105589"}],"wp:term":[{"taxonomy":"product_brand","embeddable":true,"href":"https:\/\/tourtravelandmore.com\/fr\/wp-json\/wp\/v2\/product_brand?post=105589"},{"taxonomy":"product_cat","embeddable":true,"href":"https:\/\/tourtravelandmore.com\/fr\/wp-json\/wp\/v2\/product_cat?post=105589"},{"taxonomy":"product_tag","embeddable":true,"href":"https:\/\/tourtravelandmore.com\/fr\/wp-json\/wp\/v2\/product_tag?post=105589"}],"curies":[{"name":"wp","href":"https:\/\/api.w.org\/{rel}","templated":true}]}}