{"id":105577,"date":"2020-04-21T12:16:51","date_gmt":"2020-04-21T10:16:51","guid":{"rendered":"https:\/\/tourtravelandmore.com\/tours\/non%20class\u00e9\/visite-privee-de-saint-petersbourg-avec-le-musee-de-lermitage\/"},"modified":"2021-03-25T13:31:54","modified_gmt":"2021-03-25T12:31:54","slug":"visite-privee-de-saint-petersbourg-avec-le-musee-de-lermitage","status":"publish","type":"product","link":"https:\/\/tourtravelandmore.com\/fr\/tours\/russie-fr\/saint-petersbourg-fr\/visite-privee-de-saint-petersbourg-avec-le-musee-de-lermitage\/","title":{"rendered":"Visite priv\u00e9e de Saint-P\u00e9tersbourg avec le mus\u00e9e de l&#8217;Ermitage"},"content":{"rendered":"<h2>Description<\/h2>\n<p>Venez avec nous et profitez de cette visite de la ville \u00e0 travers les sites les plus embl\u00e9matiques de Saint-P\u00e9tersbourg et le mus\u00e9e de l&#8217;Ermitage. Laissez-vous fasciner par son architecture, son histoire et son h\u00e9ritage culturel impressionnant. Pour vivre l&#8217;exp\u00e9rience compl\u00e8te, ne manquez pas notre visite priv\u00e9e de Saint-P\u00e9tersbourg avec le mus\u00e9e de l&#8217;Ermitage.<\/p>\n<p>Profitez de cette occasion pour d\u00e9couvrir la ville de Saint-P\u00e9tersbourg avec votre propre guide officiel et chauffeur priv\u00e9.<\/p>\n<p>Personnalisez votre propre visite priv\u00e9e de Saint-P\u00e9tersbourg avec le mus\u00e9e de l&#8217;Ermitage. Ne manquez pas ses monuments, sites, \u00e9glises historiques et mus\u00e9es uniques. Par exemple, l&#8217;Ermitage, l&#8217;\u00e9glise du Sauveur sur le sang r\u00e9pandu, la place du S\u00e9nat et bien plus encore lors de cette visite priv\u00e9e.<\/p>\n<h2>Sites d&#8217;int\u00e9r\u00eat et monuments<\/h2>\n<p>Lors de votre visite priv\u00e9e, vous d\u00e9couvrirez certains des sites les plus embl\u00e9matiques de Saint-P\u00e9tersbourg. C&#8217;est la deuxi\u00e8me ville la plus habit\u00e9e de Russie, avec votre expert local.<\/p>\n<p>Tout d&#8217;abord, notre guide officiel priv\u00e9 viendra vous chercher \u00e0 c\u00f4t\u00e9 de votre v\u00e9hicule de luxe avec chauffeur. Nous viendrons vous chercher n&#8217;importe o\u00f9 \u00e0 Saint-P\u00e9tersbourg et commencerons cette visite priv\u00e9e.<\/p>\n<p>Notre chauffeur et guide viendront vous chercher \u00e0 l&#8217;heure souhait\u00e9e dans votre h\u00f4tel ou lieu de votre choix dans la ville et lanceront votre visite priv\u00e9e de la ville. Au cours de cette visite, vous visiterez tous les points touristiques cl\u00e9s de cette ville merveilleuse, un tr\u00e9sor d&#8217;art et de culture presque in\u00e9gal\u00e9. Votre guide priv\u00e9 vous racontera l&#8217;histoire, les habitudes et les traditions de la ville et de ses habitants pendant que vous \u00eates confortablement assis dans votre v\u00e9hicule priv\u00e9.<\/p>\n<p>Avec notre visite priv\u00e9e de la ville, vous visiterez et d\u00e9couvrirez les points forts de Saint-P\u00e9tersbourg et l&#8217;embl\u00e9matique mus\u00e9e de l&#8217;Ermitage tout en apprenant \u00e9galement l&#8217;histoire et la culture de cette ville anim\u00e9e.<\/p>\n<p>Quelques-uns des sites que vous pourriez d\u00e9couvrir lors de votre visite:<br \/>\n&#8211; la cath\u00e9drale Saint-Isaac<br \/>\n&#8211; Place Saint-Isaac<br \/>\n&#8211; Place du S\u00e9nat<br \/>\n&#8211; \u00c9glise du Sauveur sur le sang r\u00e9pandu<br \/>\n&#8211; La forteresse Pierre et Paul<br \/>\n&#8211; Perspective Nevsky<br \/>\n&#8211; Cath\u00e9drale de Kazan<br \/>\n&#8211; Mus\u00e9e de l&#8217;Ermitage (billets coupe-file inclus)<br \/>\n&#8211; Ch\u00e2teau Saint-Michel<br \/>\n&#8211; Beaucoup plus!<\/p>\n<p>L&#8217;itin\u00e9raire final de votre visite priv\u00e9e de la ville de Saint-P\u00e9tersbourg est absolument adaptable \u00e0 vos propres int\u00e9r\u00eats et go\u00fbts. Si vous souhaitez visiter un autre monument ou mus\u00e9e de la ville, n&#8217;h\u00e9sitez pas \u00e0 nous contacter, nous pouvons personnaliser votre visite selon vos propres d\u00e9sirs.<\/p>\n<p>Admirez les autres visites priv\u00e9es de la ville. N&#8217;oubliez pas, nous proposons des visites priv\u00e9es dans n&#8217;importe quel endroit.<\/p>\n","protected":false},"excerpt":{"rendered":"<p>Profitez de cette occasion pour d\u00e9couvrir les lieux les plus embl\u00e9matiques de Saint-P\u00e9tersbourg et visitez le mus\u00e9e de l&#8217;Ermitage, le deuxi\u00e8me plus grand mus\u00e9e d&#8217;art au monde! Visite priv\u00e9e de Saint-P\u00e9tersbourg avec le mus\u00e9e de l&#8217;Ermitage.<\/p>\n","protected":false},"featured_media":97506,"comment_status":"open","ping_status":"closed","template":"","meta":{"_acf_changed":false},"product_brand":[],"product_cat":[3739,3828],"product_tag":[],"class_list":{"0":"post-105577","1":"product","2":"type-product","3":"status-publish","4":"has-post-thumbnail","6":"product_cat-russie-fr","7":"product_cat-saint-petersbourg-fr","9":"first","10":"instock","11":"shipping-taxable","12":"purchasable","13":"product-type-simple"},"acf":[],"yoast_head":"<!-- This site is optimized with the Yoast SEO Premium plugin v25.3.1 (Yoast SEO v25.3.1) - https:\/\/yoast.com\/wordpress\/plugins\/seo\/ -->\n<title>Visite priv\u00e9e de Saint-P\u00e9tersbourg avec le mus\u00e9e de l&#039;Ermitage<\/title>\n<meta name=\"description\" content=\"Profitez de cette occasion pour d\u00e9couvrir les lieux les plus embl\u00e9matiques de Saint-P\u00e9tersbourg et du mus\u00e9e de l&#039;Ermitage. Visite priv\u00e9e de Saint-P\u00e9tersbourg avec le mus\u00e9e de l&#039;Ermitage\" \/>\n<meta name=\"robots\" content=\"index, follow, max-snippet:-1, max-image-preview:large, max-video-preview:-1\" \/>\n<link rel=\"canonical\" href=\"https:\/\/tourtravelandmore.com\/fr\/tours\/russie-fr\/saint-petersbourg-fr\/visite-privee-de-saint-petersbourg-avec-le-musee-de-lermitage\/\" \/>\n<meta property=\"og:locale\" content=\"fr_FR\" \/>\n<meta property=\"og:type\" content=\"article\" \/>\n<meta property=\"og:title\" content=\"Visite priv\u00e9e de Saint-P\u00e9tersbourg avec le mus\u00e9e de l&#039;Ermitage\" \/>\n<meta property=\"og:description\" content=\"Profitez de cette occasion pour d\u00e9couvrir les lieux les plus embl\u00e9matiques de Saint-P\u00e9tersbourg et du mus\u00e9e de l&#039;Ermitage. Visite priv\u00e9e de Saint-P\u00e9tersbourg avec le mus\u00e9e de l&#039;Ermitage\" \/>\n<meta property=\"og:url\" content=\"https:\/\/tourtravelandmore.com\/fr\/tours\/russie-fr\/saint-petersbourg-fr\/visite-privee-de-saint-petersbourg-avec-le-musee-de-lermitage\/\" \/>\n<meta property=\"og:site_name\" content=\"Tour Travel And More\" \/>\n<meta property=\"article:publisher\" content=\"https:\/\/www.facebook.com\/tourtravelandmore\/\" \/>\n<meta property=\"article:modified_time\" content=\"2021-03-25T12:31:54+00:00\" \/>\n<meta property=\"og:image\" content=\"https:\/\/tourtravelandmore.com\/wp-content\/uploads\/2020\/04\/hermitage-st_petersburg-1500x850-1.jpg\" \/>\n\t<meta property=\"og:image:width\" content=\"1500\" \/>\n\t<meta property=\"og:image:height\" content=\"850\" \/>\n\t<meta property=\"og:image:type\" content=\"image\/jpeg\" \/>\n<meta name=\"twitter:card\" content=\"summary_large_image\" \/>\n<meta name=\"twitter:site\" content=\"@TourTravel_More\" \/>\n<meta name=\"twitter:label1\" content=\"Dur\u00e9e de lecture estim\u00e9e\" \/>\n\t<meta name=\"twitter:data1\" content=\"2 minutes\" \/>\n<script type=\"application\/ld+json\" class=\"yoast-schema-graph\">{\"@context\":\"https:\/\/schema.org\",\"@graph\":[{\"@type\":\"WebPage\",\"@id\":\"https:\/\/tourtravelandmore.com\/fr\/tours\/russie-fr\/saint-petersbourg-fr\/visite-privee-de-saint-petersbourg-avec-le-musee-de-lermitage\/\",\"url\":\"https:\/\/tourtravelandmore.com\/fr\/tours\/russie-fr\/saint-petersbourg-fr\/visite-privee-de-saint-petersbourg-avec-le-musee-de-lermitage\/\",\"name\":\"Visite priv\u00e9e de Saint-P\u00e9tersbourg avec le mus\u00e9e de l'Ermitage\",\"isPartOf\":{\"@id\":\"https:\/\/tourtravelandmore.com\/fr\/#website\"},\"primaryImageOfPage\":{\"@id\":\"https:\/\/tourtravelandmore.com\/fr\/tours\/russie-fr\/saint-petersbourg-fr\/visite-privee-de-saint-petersbourg-avec-le-musee-de-lermitage\/#primaryimage\"},\"image\":{\"@id\":\"https:\/\/tourtravelandmore.com\/fr\/tours\/russie-fr\/saint-petersbourg-fr\/visite-privee-de-saint-petersbourg-avec-le-musee-de-lermitage\/#primaryimage\"},\"thumbnailUrl\":\"https:\/\/tourtravelandmore.com\/wp-content\/uploads\/2020\/04\/hermitage-st_petersburg-1500x850-1.jpg\",\"datePublished\":\"2020-04-21T10:16:51+00:00\",\"dateModified\":\"2021-03-25T12:31:54+00:00\",\"description\":\"Profitez de cette occasion pour d\u00e9couvrir les lieux les plus embl\u00e9matiques de Saint-P\u00e9tersbourg et du mus\u00e9e de l'Ermitage. Visite priv\u00e9e de Saint-P\u00e9tersbourg avec le mus\u00e9e de l'Ermitage\",\"breadcrumb\":{\"@id\":\"https:\/\/tourtravelandmore.com\/fr\/tours\/russie-fr\/saint-petersbourg-fr\/visite-privee-de-saint-petersbourg-avec-le-musee-de-lermitage\/#breadcrumb\"},\"inLanguage\":\"fr-FR\",\"potentialAction\":[{\"@type\":\"ReadAction\",\"target\":[\"https:\/\/tourtravelandmore.com\/fr\/tours\/russie-fr\/saint-petersbourg-fr\/visite-privee-de-saint-petersbourg-avec-le-musee-de-lermitage\/\"]}]},{\"@type\":\"ImageObject\",\"inLanguage\":\"fr-FR\",\"@id\":\"https:\/\/tourtravelandmore.com\/fr\/tours\/russie-fr\/saint-petersbourg-fr\/visite-privee-de-saint-petersbourg-avec-le-musee-de-lermitage\/#primaryimage\",\"url\":\"https:\/\/tourtravelandmore.com\/wp-content\/uploads\/2020\/04\/hermitage-st_petersburg-1500x850-1.jpg\",\"contentUrl\":\"https:\/\/tourtravelandmore.com\/wp-content\/uploads\/2020\/04\/hermitage-st_petersburg-1500x850-1.jpg\",\"width\":1500,\"height\":850},{\"@type\":\"BreadcrumbList\",\"@id\":\"https:\/\/tourtravelandmore.com\/fr\/tours\/russie-fr\/saint-petersbourg-fr\/visite-privee-de-saint-petersbourg-avec-le-musee-de-lermitage\/#breadcrumb\",\"itemListElement\":[{\"@type\":\"ListItem\",\"position\":1,\"name\":\"Home\",\"item\":\"https:\/\/tourtravelandmore.com\/fr\/\"},{\"@type\":\"ListItem\",\"position\":2,\"name\":\"Tours\",\"item\":\"https:\/\/tourtravelandmore.com\/fr\/tours\/\"},{\"@type\":\"ListItem\",\"position\":3,\"name\":\"Visite priv\u00e9e de Saint-P\u00e9tersbourg avec le mus\u00e9e de l&#8217;Ermitage\"}]},{\"@type\":\"WebSite\",\"@id\":\"https:\/\/tourtravelandmore.com\/fr\/#website\",\"url\":\"https:\/\/tourtravelandmore.com\/fr\/\",\"name\":\"Tour Travel And More\",\"description\":\"Private sightseeing tours and luxury transfers in Spain\",\"publisher\":{\"@id\":\"https:\/\/tourtravelandmore.com\/fr\/#organization\"},\"potentialAction\":[{\"@type\":\"SearchAction\",\"target\":{\"@type\":\"EntryPoint\",\"urlTemplate\":\"https:\/\/tourtravelandmore.com\/fr\/?s={search_term_string}\"},\"query-input\":{\"@type\":\"PropertyValueSpecification\",\"valueRequired\":true,\"valueName\":\"search_term_string\"}}],\"inLanguage\":\"fr-FR\"},{\"@type\":\"Organization\",\"@id\":\"https:\/\/tourtravelandmore.com\/fr\/#organization\",\"name\":\"Tour Travel And More\",\"url\":\"https:\/\/tourtravelandmore.com\/fr\/\",\"logo\":{\"@type\":\"ImageObject\",\"inLanguage\":\"fr-FR\",\"@id\":\"https:\/\/tourtravelandmore.com\/fr\/#\/schema\/logo\/image\/\",\"url\":\"https:\/\/tourtravelandmore.com\/wp-content\/uploads\/2022\/12\/cropped-logo-cabecera-new.png\",\"contentUrl\":\"https:\/\/tourtravelandmore.com\/wp-content\/uploads\/2022\/12\/cropped-logo-cabecera-new.png\",\"width\":430,\"height\":61,\"caption\":\"Tour Travel And More\"},\"image\":{\"@id\":\"https:\/\/tourtravelandmore.com\/fr\/#\/schema\/logo\/image\/\"},\"sameAs\":[\"https:\/\/www.facebook.com\/tourtravelandmore\/\",\"https:\/\/x.com\/TourTravel_More\"]}]}<\/script>\n<!-- \/ Yoast SEO Premium plugin. -->","yoast_head_json":{"title":"Visite priv\u00e9e de Saint-P\u00e9tersbourg avec le mus\u00e9e de l'Ermitage","description":"Profitez de cette occasion pour d\u00e9couvrir les lieux les plus embl\u00e9matiques de Saint-P\u00e9tersbourg et du mus\u00e9e de l'Ermitage. Visite priv\u00e9e de Saint-P\u00e9tersbourg avec le mus\u00e9e de l'Ermitage","robots":{"index":"index","follow":"follow","max-snippet":"max-snippet:-1","max-image-preview":"max-image-preview:large","max-video-preview":"max-video-preview:-1"},"canonical":"https:\/\/tourtravelandmore.com\/fr\/tours\/russie-fr\/saint-petersbourg-fr\/visite-privee-de-saint-petersbourg-avec-le-musee-de-lermitage\/","og_locale":"fr_FR","og_type":"article","og_title":"Visite priv\u00e9e de Saint-P\u00e9tersbourg avec le mus\u00e9e de l'Ermitage","og_description":"Profitez de cette occasion pour d\u00e9couvrir les lieux les plus embl\u00e9matiques de Saint-P\u00e9tersbourg et du mus\u00e9e de l'Ermitage. Visite priv\u00e9e de Saint-P\u00e9tersbourg avec le mus\u00e9e de l'Ermitage","og_url":"https:\/\/tourtravelandmore.com\/fr\/tours\/russie-fr\/saint-petersbourg-fr\/visite-privee-de-saint-petersbourg-avec-le-musee-de-lermitage\/","og_site_name":"Tour Travel And More","article_publisher":"https:\/\/www.facebook.com\/tourtravelandmore\/","article_modified_time":"2021-03-25T12:31:54+00:00","og_image":[{"width":1500,"height":850,"url":"https:\/\/tourtravelandmore.com\/wp-content\/uploads\/2020\/04\/hermitage-st_petersburg-1500x850-1.jpg","type":"image\/jpeg"}],"twitter_card":"summary_large_image","twitter_site":"@TourTravel_More","twitter_misc":{"Dur\u00e9e de lecture estim\u00e9e":"2 minutes"},"schema":{"@context":"https:\/\/schema.org","@graph":[{"@type":"WebPage","@id":"https:\/\/tourtravelandmore.com\/fr\/tours\/russie-fr\/saint-petersbourg-fr\/visite-privee-de-saint-petersbourg-avec-le-musee-de-lermitage\/","url":"https:\/\/tourtravelandmore.com\/fr\/tours\/russie-fr\/saint-petersbourg-fr\/visite-privee-de-saint-petersbourg-avec-le-musee-de-lermitage\/","name":"Visite priv\u00e9e de Saint-P\u00e9tersbourg avec le mus\u00e9e de l'Ermitage","isPartOf":{"@id":"https:\/\/tourtravelandmore.com\/fr\/#website"},"primaryImageOfPage":{"@id":"https:\/\/tourtravelandmore.com\/fr\/tours\/russie-fr\/saint-petersbourg-fr\/visite-privee-de-saint-petersbourg-avec-le-musee-de-lermitage\/#primaryimage"},"image":{"@id":"https:\/\/tourtravelandmore.com\/fr\/tours\/russie-fr\/saint-petersbourg-fr\/visite-privee-de-saint-petersbourg-avec-le-musee-de-lermitage\/#primaryimage"},"thumbnailUrl":"https:\/\/tourtravelandmore.com\/wp-content\/uploads\/2020\/04\/hermitage-st_petersburg-1500x850-1.jpg","datePublished":"2020-04-21T10:16:51+00:00","dateModified":"2021-03-25T12:31:54+00:00","description":"Profitez de cette occasion pour d\u00e9couvrir les lieux les plus embl\u00e9matiques de Saint-P\u00e9tersbourg et du mus\u00e9e de l'Ermitage. Visite priv\u00e9e de Saint-P\u00e9tersbourg avec le mus\u00e9e de l'Ermitage","breadcrumb":{"@id":"https:\/\/tourtravelandmore.com\/fr\/tours\/russie-fr\/saint-petersbourg-fr\/visite-privee-de-saint-petersbourg-avec-le-musee-de-lermitage\/#breadcrumb"},"inLanguage":"fr-FR","potentialAction":[{"@type":"ReadAction","target":["https:\/\/tourtravelandmore.com\/fr\/tours\/russie-fr\/saint-petersbourg-fr\/visite-privee-de-saint-petersbourg-avec-le-musee-de-lermitage\/"]}]},{"@type":"ImageObject","inLanguage":"fr-FR","@id":"https:\/\/tourtravelandmore.com\/fr\/tours\/russie-fr\/saint-petersbourg-fr\/visite-privee-de-saint-petersbourg-avec-le-musee-de-lermitage\/#primaryimage","url":"https:\/\/tourtravelandmore.com\/wp-content\/uploads\/2020\/04\/hermitage-st_petersburg-1500x850-1.jpg","contentUrl":"https:\/\/tourtravelandmore.com\/wp-content\/uploads\/2020\/04\/hermitage-st_petersburg-1500x850-1.jpg","width":1500,"height":850},{"@type":"BreadcrumbList","@id":"https:\/\/tourtravelandmore.com\/fr\/tours\/russie-fr\/saint-petersbourg-fr\/visite-privee-de-saint-petersbourg-avec-le-musee-de-lermitage\/#breadcrumb","itemListElement":[{"@type":"ListItem","position":1,"name":"Home","item":"https:\/\/tourtravelandmore.com\/fr\/"},{"@type":"ListItem","position":2,"name":"Tours","item":"https:\/\/tourtravelandmore.com\/fr\/tours\/"},{"@type":"ListItem","position":3,"name":"Visite priv\u00e9e de Saint-P\u00e9tersbourg avec le mus\u00e9e de l&#8217;Ermitage"}]},{"@type":"WebSite","@id":"https:\/\/tourtravelandmore.com\/fr\/#website","url":"https:\/\/tourtravelandmore.com\/fr\/","name":"Tour Travel And More","description":"Private sightseeing tours and luxury transfers in Spain","publisher":{"@id":"https:\/\/tourtravelandmore.com\/fr\/#organization"},"potentialAction":[{"@type":"SearchAction","target":{"@type":"EntryPoint","urlTemplate":"https:\/\/tourtravelandmore.com\/fr\/?s={search_term_string}"},"query-input":{"@type":"PropertyValueSpecification","valueRequired":true,"valueName":"search_term_string"}}],"inLanguage":"fr-FR"},{"@type":"Organization","@id":"https:\/\/tourtravelandmore.com\/fr\/#organization","name":"Tour Travel And More","url":"https:\/\/tourtravelandmore.com\/fr\/","logo":{"@type":"ImageObject","inLanguage":"fr-FR","@id":"https:\/\/tourtravelandmore.com\/fr\/#\/schema\/logo\/image\/","url":"https:\/\/tourtravelandmore.com\/wp-content\/uploads\/2022\/12\/cropped-logo-cabecera-new.png","contentUrl":"https:\/\/tourtravelandmore.com\/wp-content\/uploads\/2022\/12\/cropped-logo-cabecera-new.png","width":430,"height":61,"caption":"Tour Travel And More"},"image":{"@id":"https:\/\/tourtravelandmore.com\/fr\/#\/schema\/logo\/image\/"},"sameAs":["https:\/\/www.facebook.com\/tourtravelandmore\/","https:\/\/x.com\/TourTravel_More"]}]}},"_links":{"self":[{"href":"https:\/\/tourtravelandmore.com\/fr\/wp-json\/wp\/v2\/product\/105577","targetHints":{"allow":["GET"]}}],"collection":[{"href":"https:\/\/tourtravelandmore.com\/fr\/wp-json\/wp\/v2\/product"}],"about":[{"href":"https:\/\/tourtravelandmore.com\/fr\/wp-json\/wp\/v2\/types\/product"}],"replies":[{"embeddable":true,"href":"https:\/\/tourtravelandmore.com\/fr\/wp-json\/wp\/v2\/comments?post=105577"}],"wp:featuredmedia":[{"embeddable":true,"href":"https:\/\/tourtravelandmore.com\/fr\/wp-json\/wp\/v2\/media\/97506"}],"wp:attachment":[{"href":"https:\/\/tourtravelandmore.com\/fr\/wp-json\/wp\/v2\/media?parent=105577"}],"wp:term":[{"taxonomy":"product_brand","embeddable":true,"href":"https:\/\/tourtravelandmore.com\/fr\/wp-json\/wp\/v2\/product_brand?post=105577"},{"taxonomy":"product_cat","embeddable":true,"href":"https:\/\/tourtravelandmore.com\/fr\/wp-json\/wp\/v2\/product_cat?post=105577"},{"taxonomy":"product_tag","embeddable":true,"href":"https:\/\/tourtravelandmore.com\/fr\/wp-json\/wp\/v2\/product_tag?post=105577"}],"curies":[{"name":"wp","href":"https:\/\/api.w.org\/{rel}","templated":true}]}}